{"id":8895,"date":"2024-03-14T09:18:24","date_gmt":"2024-03-14T09:18:24","guid":{"rendered":"https:\/\/plant-supervision.com\/vom-meer-zur-baustelle-lars-leben-als-globaler-ingenieur\/"},"modified":"2025-06-18T09:38:40","modified_gmt":"2025-06-18T09:38:40","slug":"vom-meer-zur-baustelle-lars-leben-als-globaler-ingenieur","status":"publish","type":"page","link":"https:\/\/plant-supervision.com\/de\/vom-meer-zur-baustelle-lars-leben-als-globaler-ingenieur\/","title":{"rendered":"Vom Meer zur Baustelle: Lars\u2019 Leben als globaler Ingenieur"},"content":{"rendered":"\t\t<div data-elementor-type=\"wp-page\" data-elementor-id=\"8895\" class=\"elementor elementor-8895 elementor-3412\" data-elementor-post-type=\"page\">\n\t\t\t\t<div class=\"elementor-element elementor-element-d1096b9 e-flex e-con-boxed e-con e-parent\" data-id=\"d1096b9\" data-element_type=\"container\" data-e-type=\"container\" data-settings=\"{&quot;jet_parallax_layout_list&quot;:[]}\">\n\t\t\t\t\t<div class=\"e-con-inner\">\n\t\t\t\t<div class=\"elementor-element elementor-element-5b106615 elementor-widget elementor-widget-heading\" data-id=\"5b106615\" data-element_type=\"widget\" data-e-type=\"widget\" data-widget_type=\"heading.default\">\n\t\t\t\t<div class=\"elementor-widget-container\">\n\t\t\t\t\t<h2 class=\"elementor-heading-title elementor-size-default\">Lars' Leben als globaler Ingenieur<\/h2>\t\t\t\t<\/div>\n\t\t\t\t<\/div>\n\t\t\t\t<div class=\"elementor-element elementor-element-285d2d66 elementor-widget elementor-widget-image\" data-id=\"285d2d66\" data-element_type=\"widget\" data-e-type=\"widget\" data-widget_type=\"image.default\">\n\t\t\t\t<div class=\"elementor-widget-container\">\n\t\t\t\t\t\t\t\t\t\t\t\t\t\t\t<img fetchpriority=\"high\" decoding=\"async\" width=\"800\" height=\"300\" src=\"https:\/\/plant-supervision.com\/wp-content\/uploads\/2024\/03\/Potpourri-1.jpg\" class=\"attachment-large size-large wp-image-8898\" alt=\"\" srcset=\"https:\/\/plant-supervision.com\/wp-content\/uploads\/2024\/03\/Potpourri-1.jpg 1000w, https:\/\/plant-supervision.com\/wp-content\/uploads\/2024\/03\/Potpourri-1-300x113.jpg 300w, https:\/\/plant-supervision.com\/wp-content\/uploads\/2024\/03\/Potpourri-1-768x288.jpg 768w\" sizes=\"(max-width: 800px) 100vw, 800px\" \/>\t\t\t\t\t\t\t\t\t\t\t\t\t\t\t<\/div>\n\t\t\t\t<\/div>\n\t\t\t\t<div class=\"elementor-element elementor-element-73a86833 elementor-widget elementor-widget-text-editor\" data-id=\"73a86833\" data-element_type=\"widget\" data-e-type=\"widget\" data-widget_type=\"text-editor.default\">\n\t\t\t\t<div class=\"elementor-widget-container\">\n\t\t\t\t\t\t\t\t\t<p><strong>Entdecken Sie Lars&#8216; au\u00dfergew\u00f6hnlichen Weg vom Schiffselektriker zum erfahrenen Site Manager und wie ein Leben des Reisens seine Karriere und sein Leben gepr\u00e4gt hat.<\/strong><\/p><p>Mit 50 Jahren hat Lars die H\u00e4lfte seines Lebens mit Reisen verbracht und dabei fast jedes Land und jeden Kontinent bereist.<\/p><p>\u201e<em>Ich war auf der ganzen Welt unterwegs und habe irgendwann nach den ersten 100 L\u00e4ndern aufgeh\u00f6rt zu z\u00e4hlen.<\/em>\u201c<\/p><p>Lars begann als Schiffselektriker, wo seine Reisetage begannen. Im Jahr 2016 startete er seine Karriere als Inbetriebnahmeingenieur f\u00fcr die Schwerindustrie und schloss sich 2019 Plant Supervision an. <\/p><p>Normalerweise dauern unsere Projekteins\u00e4tze ein bis sechs Monate. Bemerkenswert ist, dass Lars seit vier Jahren am selben Projekt arbeitet \u2013 ein Beweis f\u00fcr die Zufriedenheit unseres Kunden mit seiner Arbeit. <\/p><p>\u201e<em>Ich begann als Inbetriebnahmeingenieur in diesem Projekt und wurde dann zum Site Manager bef\u00f6rdert, also muss ich wohl etwas richtig gemacht haben.<\/em>\u201c<\/p><p><a title=\"Fallstudien\" href=\"https:\/\/plant-supervision.com\/de\/fallstudien\/\"><strong>Erfahren Sie mehr dar\u00fcber, wie wir Projekte weltweit unterst\u00fctzen \u2013 klicken Sie hier, um unsere Fallstudien zu lesen.<\/strong><\/a><\/p>\t\t\t\t\t\t\t\t<\/div>\n\t\t\t\t<\/div>\n\t\t\t\t<div class=\"elementor-element elementor-element-1d66ade9 elementor-widget elementor-widget-image\" data-id=\"1d66ade9\" data-element_type=\"widget\" data-e-type=\"widget\" data-widget_type=\"image.default\">\n\t\t\t\t<div class=\"elementor-widget-container\">\n\t\t\t\t\t\t\t\t\t\t\t\t\t\t\t<img decoding=\"async\" width=\"800\" height=\"300\" src=\"https:\/\/plant-supervision.com\/wp-content\/uploads\/2024\/03\/Ikke-navngivet-2-2.jpg\" class=\"attachment-large size-large wp-image-8897\" alt=\"\" srcset=\"https:\/\/plant-supervision.com\/wp-content\/uploads\/2024\/03\/Ikke-navngivet-2-2.jpg 1000w, https:\/\/plant-supervision.com\/wp-content\/uploads\/2024\/03\/Ikke-navngivet-2-2-300x113.jpg 300w, https:\/\/plant-supervision.com\/wp-content\/uploads\/2024\/03\/Ikke-navngivet-2-2-768x288.jpg 768w\" sizes=\"(max-width: 800px) 100vw, 800px\" \/>\t\t\t\t\t\t\t\t\t\t\t\t\t\t\t<\/div>\n\t\t\t\t<\/div>\n\t\t\t\t<div class=\"elementor-element elementor-element-3314ad22 elementor-widget elementor-widget-text-editor\" data-id=\"3314ad22\" data-element_type=\"widget\" data-e-type=\"widget\" data-widget_type=\"text-editor.default\">\n\t\t\t\t<div class=\"elementor-widget-container\">\n\t\t\t\t\t\t\t\t\t<p><strong>Ingenieursabenteuer: Lars&#8216; globale Reise<\/strong><\/p><p>Warum er sich f\u00fcr eine berufliche Laufbahn als reisender Ingenieur entschieden hat, erkl\u00e4rt Lars mit den vielf\u00e4ltigen Aufgaben, Menschen und Kulturen, die ihn antreiben.<\/p><p>&#8222;<em>Es gibt immer neue Herausforderungen zu l\u00f6sen und neue Kollegen kennenzulernen. Man muss abenteuerlustig sein und bereit, sich verschiedenen Hindernissen und Menschen mit v\u00f6llig unterschiedlichen Hintergr\u00fcnden zu stellen. <\/em>&#8222;<\/p><p>Lars wollte schon immer reisen, und die Kombination mit seiner beruflichen Karriere hat dazu gef\u00fchrt, dass er sich nichts anderes vorstellen kann. Es hat ihn auch beruflich \u00fcber seine eigenen Erwartungen hinaus vorangebracht. <\/p><p>&#8222;<em>Ich h\u00e4tte mir nie tr\u00e4umen lassen, Site Manager zu werden und die Verantwortung f\u00fcr 70 Personen zu \u00fcbernehmen. Dieses Niveau h\u00e4tte ich mit einem normalen 9-to-5-Job nicht erreicht. Mit meiner Verantwortung und dem Umfang der Projekte f\u00fchlt es sich an, als w\u00e4re man Teil von etwas Gr\u00f6\u00dferem.  <\/em>&#8222;<\/p><p><strong><a href=\"https:\/\/plant-supervision.com\/de\/uber-uns\/\">Erfahren Sie mehr \u00fcber Plant Supervision und unsere Arbeitsweise.<\/a><\/strong><\/p><p><strong>Als Mitarbeiter bei Plant Supervision<\/strong><\/p><p>Bei Plant Supervision ist es unsere wichtigste Aufgabe, unsere Supervisoren bestm\u00f6glich auf ein neues Projekt vorzubereiten, damit sie sich vor Ort sicher und gut unterst\u00fctzt f\u00fchlen. Dies umfasst die Unterst\u00fctzung bei allen m\u00f6glichen Aufgaben vor, w\u00e4hrend und nach einem Projekt. <\/p><p>\u201e<em>Wenn es irgendwelche Probleme gibt, findet Plant Supervision immer eine L\u00f6sung, und ihre Erfahrung bedeutet, dass es nichts gibt, was sie nicht schon einmal erlebt haben.<\/em>\u201c<\/p><p>Was es f\u00fcr einen reisenden Ingenieur bedeutet, w\u00e4hrend eines Projekts die richtige Unterst\u00fctzung zu haben:<\/p><p>&#8222;<em>Es gibt immer jemanden im B\u00fcro, der bereit ist zu helfen. Das bedeutet einfach viel, denn selbst wenn man auf der anderen Seite der Welt ist, f\u00fchlt man sich nie allein gelassen. <\/em>&#8222;<\/p><p><strong>Seine besten Erfahrungen und Tr\u00e4ume f\u00fcr die Zukunft<\/strong><\/p><p>Nachdem Lars viele L\u00e4nder bereist hat, stechen einige Erlebnisse f\u00fcr ihn besonders hervor, doch er hat auch bereits neue Abenteuer f\u00fcr die Zukunft im Blick.<\/p><p>&#8222;<em>Ich denke, meine beste Erfahrung bisher war meine Zeit in Brasilien. Es ist so ein lebendiger Ort, und ich konnte es mit einem Urlaub verbinden, was nat\u00fcrlich immer hilft. <\/em>&#8222;<\/p><p>Was sein Traumziel betrifft, m\u00f6chte Lars in Asien bleiben und Teil der rasanten industriellen Entwicklung sein.<\/p><p>\u201e<em>Es passiert hier so viel, und ein Land wie Vietnam w\u00e4re eine gro\u00dfartige Erfahrung.<\/em>\u201c<\/p><p><strong>Lars&#8216; Rat f\u00fcr andere reisefreudige Ingenieure<\/strong><\/p><p>\u201eBehandle jede Erfahrung, ob gut oder schlecht, mit einer positiven Einstellung, und du wirst eine gro\u00dfartige Zeit haben. Und sei vorsichtig, denn wenn du einmal auf den Geschmack gekommen bist, gibt es kein Zur\u00fcck mehr.\u201c<\/p>\t\t\t\t\t\t\t\t<\/div>\n\t\t\t\t<\/div>\n\t\t\t\t\t<\/div>\n\t\t\t\t<\/div>\n\t\t<div class=\"elementor-element elementor-element-55e1ac2 e-flex e-con-boxed e-con e-parent\" data-id=\"55e1ac2\" data-element_type=\"container\" data-e-type=\"container\" data-settings=\"{&quot;background_background&quot;:&quot;classic&quot;,&quot;jet_parallax_layout_list&quot;:[]}\">\n\t\t\t\t\t<div class=\"e-con-inner\">\n\t\t\t\t<div class=\"elementor-element elementor-element-1b555e7 elementor-widget elementor-widget-heading\" data-id=\"1b555e7\" data-element_type=\"widget\" data-e-type=\"widget\" data-widget_type=\"heading.default\">\n\t\t\t\t<div class=\"elementor-widget-container\">\n\t\t\t\t\t<h2 class=\"elementor-heading-title elementor-size-default\">Reichen Sie Ihren Lebenslauf ein<\/h2>\t\t\t\t<\/div>\n\t\t\t\t<\/div>\n\t\t\t\t<div class=\"elementor-element elementor-element-a389dbd elementor-widget elementor-widget-text-editor\" data-id=\"a389dbd\" data-element_type=\"widget\" data-e-type=\"widget\" data-widget_type=\"text-editor.default\">\n\t\t\t\t<div class=\"elementor-widget-container\">\n\t\t\t\t\t\t\t\t\t<p>Wir sind stets auf der Suche nach motivierten und talentierten Personen, die uns dabei unterst\u00fctzen, unser hohes Niveau beizubehalten. Wenn Sie glauben, dass Sie in irgendeiner Weise zu unserem Unternehmen beitragen k\u00f6nnen, w\u00fcrden wir uns freuen, von Ihnen zu h\u00f6ren. <\/p>\t\t\t\t\t\t\t\t<\/div>\n\t\t\t\t<\/div>\n\t\t\t\t<div class=\"elementor-element elementor-element-528023d elementor-widget elementor-widget-button\" data-id=\"528023d\" data-element_type=\"widget\" data-e-type=\"widget\" data-widget_type=\"button.default\">\n\t\t\t\t<div class=\"elementor-widget-container\">\n\t\t\t\t\t\t\t\t\t<div class=\"elementor-button-wrapper\">\n\t\t\t\t\t<a class=\"elementor-button elementor-button-link elementor-size-sm\" href=\"https:\/\/plant-supervision.com\/de\/werden-sie-teil-von-plant-supervision\/lebenslauf-hochladen\/\">\n\t\t\t\t\t\t<span class=\"elementor-button-content-wrapper\">\n\t\t\t\t\t\t\t\t\t<span class=\"elementor-button-text\">Hier bewerben<\/span>\n\t\t\t\t\t<\/span>\n\t\t\t\t\t<\/a>\n\t\t\t\t<\/div>\n\t\t\t\t\t\t\t\t<\/div>\n\t\t\t\t<\/div>\n\t\t\t\t\t<\/div>\n\t\t\t\t<\/div>\n\t\t\t\t<\/div>\n\t\t","protected":false},"excerpt":{"rendered":"<p>Lars&#8216; Leben als globaler Ingenieur Entdecken Sie Lars&#8216; au\u00dfergew\u00f6hnlichen Weg vom Schiffselektriker zum erfahrenen Site Manager und wie ein Leben des Reisens seine Karriere und sein Leben gepr\u00e4gt hat. Mit 50 Jahren hat Lars die H\u00e4lfte seines Lebens mit Reisen verbracht und dabei fast jedes Land und jeden Kontinent bereist. \u201eIch war auf der ganzen [&hellip;]<\/p>\n","protected":false},"author":1,"featured_media":8896,"parent":0,"menu_order":0,"comment_status":"closed","ping_status":"closed","template":"","meta":{"content-type":"","footnotes":""},"class_list":["post-8895","page","type-page","status-publish","has-post-thumbnail","hentry"],"yoast_head":"<!-- This site is optimized with the Yoast SEO plugin v27.5 - https:\/\/yoast.com\/product\/yoast-seo-wordpress\/ -->\n<title>Von der See zur Baustelle: Lesen Sie Lars&#039; fesselnde Geschichte<\/title>\n<meta name=\"description\" content=\"Entdecken Sie Lars&#039; au\u00dfergew\u00f6hnlichen Weg vom Schiffselektriker zum erfahrenen Site Manager und wie ein Leben des Reisens seine Karriere und sein Leben gepr\u00e4gt hat.\" \/>\n<meta name=\"robots\" content=\"index, follow, max-snippet:-1, max-image-preview:large, max-video-preview:-1\" \/>\n<link rel=\"canonical\" href=\"https:\/\/plant-supervision.com\/de\/vom-meer-zur-baustelle-lars-leben-als-globaler-ingenieur\/\" \/>\n<meta property=\"og:locale\" content=\"de_DE\" \/>\n<meta property=\"og:type\" content=\"article\" \/>\n<meta property=\"og:title\" content=\"Von der See zur Baustelle: Lesen Sie Lars&#039; fesselnde Geschichte\" \/>\n<meta property=\"og:description\" content=\"Entdecken Sie Lars&#039; au\u00dfergew\u00f6hnlichen Weg vom Schiffselektriker zum erfahrenen Site Manager und wie ein Leben des Reisens seine Karriere und sein Leben gepr\u00e4gt hat.\" \/>\n<meta property=\"og:url\" content=\"https:\/\/plant-supervision.com\/de\/vom-meer-zur-baustelle-lars-leben-als-globaler-ingenieur\/\" \/>\n<meta property=\"og:site_name\" content=\"Plant Supervision\" \/>\n<meta property=\"article:modified_time\" content=\"2025-06-18T09:38:40+00:00\" \/>\n<meta property=\"og:image\" content=\"https:\/\/plant-supervision.com\/wp-content\/uploads\/2024\/03\/Header-13.jpg\" \/>\n\t<meta property=\"og:image:width\" content=\"1350\" \/>\n\t<meta property=\"og:image:height\" content=\"560\" \/>\n\t<meta property=\"og:image:type\" content=\"image\/jpeg\" \/>\n<meta name=\"twitter:card\" content=\"summary_large_image\" \/>\n<meta name=\"twitter:label1\" content=\"Gesch\u00e4tzte Lesezeit\" \/>\n\t<meta name=\"twitter:data1\" content=\"3\u00a0Minuten\" \/>\n<script type=\"application\/ld+json\" class=\"yoast-schema-graph\">{\"@context\":\"https:\\\/\\\/schema.org\",\"@graph\":[{\"@type\":\"WebPage\",\"@id\":\"https:\\\/\\\/plant-supervision.com\\\/de\\\/vom-meer-zur-baustelle-lars-leben-als-globaler-ingenieur\\\/\",\"url\":\"https:\\\/\\\/plant-supervision.com\\\/de\\\/vom-meer-zur-baustelle-lars-leben-als-globaler-ingenieur\\\/\",\"name\":\"Von der See zur Baustelle: Lesen Sie Lars' fesselnde Geschichte\",\"isPartOf\":{\"@id\":\"https:\\\/\\\/plantsupervision.web07.tigermedia.eu\\\/#website\"},\"primaryImageOfPage\":{\"@id\":\"https:\\\/\\\/plant-supervision.com\\\/de\\\/vom-meer-zur-baustelle-lars-leben-als-globaler-ingenieur\\\/#primaryimage\"},\"image\":{\"@id\":\"https:\\\/\\\/plant-supervision.com\\\/de\\\/vom-meer-zur-baustelle-lars-leben-als-globaler-ingenieur\\\/#primaryimage\"},\"thumbnailUrl\":\"https:\\\/\\\/plant-supervision.com\\\/wp-content\\\/uploads\\\/2024\\\/03\\\/Header-13.jpg\",\"datePublished\":\"2024-03-14T09:18:24+00:00\",\"dateModified\":\"2025-06-18T09:38:40+00:00\",\"description\":\"Entdecken Sie Lars' au\u00dfergew\u00f6hnlichen Weg vom Schiffselektriker zum erfahrenen Site Manager und wie ein Leben des Reisens seine Karriere und sein Leben gepr\u00e4gt hat.\",\"breadcrumb\":{\"@id\":\"https:\\\/\\\/plant-supervision.com\\\/de\\\/vom-meer-zur-baustelle-lars-leben-als-globaler-ingenieur\\\/#breadcrumb\"},\"inLanguage\":\"de\",\"potentialAction\":[{\"@type\":\"ReadAction\",\"target\":[\"https:\\\/\\\/plant-supervision.com\\\/de\\\/vom-meer-zur-baustelle-lars-leben-als-globaler-ingenieur\\\/\"]}]},{\"@type\":\"ImageObject\",\"inLanguage\":\"de\",\"@id\":\"https:\\\/\\\/plant-supervision.com\\\/de\\\/vom-meer-zur-baustelle-lars-leben-als-globaler-ingenieur\\\/#primaryimage\",\"url\":\"https:\\\/\\\/plant-supervision.com\\\/wp-content\\\/uploads\\\/2024\\\/03\\\/Header-13.jpg\",\"contentUrl\":\"https:\\\/\\\/plant-supervision.com\\\/wp-content\\\/uploads\\\/2024\\\/03\\\/Header-13.jpg\",\"width\":1350,\"height\":560},{\"@type\":\"BreadcrumbList\",\"@id\":\"https:\\\/\\\/plant-supervision.com\\\/de\\\/vom-meer-zur-baustelle-lars-leben-als-globaler-ingenieur\\\/#breadcrumb\",\"itemListElement\":[{\"@type\":\"ListItem\",\"position\":1,\"name\":\"Home\",\"item\":\"https:\\\/\\\/plant-supervision.com\\\/de\\\/\"},{\"@type\":\"ListItem\",\"position\":2,\"name\":\"Vom Meer zur Baustelle: Lars\u2019 Leben als globaler Ingenieur\"}]},{\"@type\":\"WebSite\",\"@id\":\"https:\\\/\\\/plantsupervision.web07.tigermedia.eu\\\/#website\",\"url\":\"https:\\\/\\\/plantsupervision.web07.tigermedia.eu\\\/\",\"name\":\"Plant Supervision\",\"description\":\"\",\"publisher\":{\"@id\":\"https:\\\/\\\/plantsupervision.web07.tigermedia.eu\\\/#organization\"},\"potentialAction\":[{\"@type\":\"SearchAction\",\"target\":{\"@type\":\"EntryPoint\",\"urlTemplate\":\"https:\\\/\\\/plantsupervision.web07.tigermedia.eu\\\/?s={search_term_string}\"},\"query-input\":{\"@type\":\"PropertyValueSpecification\",\"valueRequired\":true,\"valueName\":\"search_term_string\"}}],\"inLanguage\":\"de\"},{\"@type\":\"Organization\",\"@id\":\"https:\\\/\\\/plantsupervision.web07.tigermedia.eu\\\/#organization\",\"name\":\"Plant Supervision\",\"url\":\"https:\\\/\\\/plantsupervision.web07.tigermedia.eu\\\/\",\"logo\":{\"@type\":\"ImageObject\",\"inLanguage\":\"de\",\"@id\":\"https:\\\/\\\/plantsupervision.web07.tigermedia.eu\\\/#\\\/schema\\\/logo\\\/image\\\/\",\"url\":\"https:\\\/\\\/plant-supervision.com\\\/wp-content\\\/uploads\\\/2023\\\/11\\\/ps_logo_blue.svg\",\"contentUrl\":\"https:\\\/\\\/plant-supervision.com\\\/wp-content\\\/uploads\\\/2023\\\/11\\\/ps_logo_blue.svg\",\"width\":549,\"height\":121,\"caption\":\"Plant Supervision\"},\"image\":{\"@id\":\"https:\\\/\\\/plantsupervision.web07.tigermedia.eu\\\/#\\\/schema\\\/logo\\\/image\\\/\"},\"sameAs\":[\"https:\\\/\\\/www.linkedin.com\\\/company\\\/plant-supervision\\\/\"]}]}<\/script>\n<!-- \/ Yoast SEO plugin. -->","yoast_head_json":{"title":"Von der See zur Baustelle: Lesen Sie Lars' fesselnde Geschichte","description":"Entdecken Sie Lars' au\u00dfergew\u00f6hnlichen Weg vom Schiffselektriker zum erfahrenen Site Manager und wie ein Leben des Reisens seine Karriere und sein Leben gepr\u00e4gt hat.","robots":{"index":"index","follow":"follow","max-snippet":"max-snippet:-1","max-image-preview":"max-image-preview:large","max-video-preview":"max-video-preview:-1"},"canonical":"https:\/\/plant-supervision.com\/de\/vom-meer-zur-baustelle-lars-leben-als-globaler-ingenieur\/","og_locale":"de_DE","og_type":"article","og_title":"Von der See zur Baustelle: Lesen Sie Lars' fesselnde Geschichte","og_description":"Entdecken Sie Lars' au\u00dfergew\u00f6hnlichen Weg vom Schiffselektriker zum erfahrenen Site Manager und wie ein Leben des Reisens seine Karriere und sein Leben gepr\u00e4gt hat.","og_url":"https:\/\/plant-supervision.com\/de\/vom-meer-zur-baustelle-lars-leben-als-globaler-ingenieur\/","og_site_name":"Plant Supervision","article_modified_time":"2025-06-18T09:38:40+00:00","og_image":[{"width":1350,"height":560,"url":"https:\/\/plant-supervision.com\/wp-content\/uploads\/2024\/03\/Header-13.jpg","type":"image\/jpeg"}],"twitter_card":"summary_large_image","twitter_misc":{"Gesch\u00e4tzte Lesezeit":"3\u00a0Minuten"},"schema":{"@context":"https:\/\/schema.org","@graph":[{"@type":"WebPage","@id":"https:\/\/plant-supervision.com\/de\/vom-meer-zur-baustelle-lars-leben-als-globaler-ingenieur\/","url":"https:\/\/plant-supervision.com\/de\/vom-meer-zur-baustelle-lars-leben-als-globaler-ingenieur\/","name":"Von der See zur Baustelle: Lesen Sie Lars' fesselnde Geschichte","isPartOf":{"@id":"https:\/\/plantsupervision.web07.tigermedia.eu\/#website"},"primaryImageOfPage":{"@id":"https:\/\/plant-supervision.com\/de\/vom-meer-zur-baustelle-lars-leben-als-globaler-ingenieur\/#primaryimage"},"image":{"@id":"https:\/\/plant-supervision.com\/de\/vom-meer-zur-baustelle-lars-leben-als-globaler-ingenieur\/#primaryimage"},"thumbnailUrl":"https:\/\/plant-supervision.com\/wp-content\/uploads\/2024\/03\/Header-13.jpg","datePublished":"2024-03-14T09:18:24+00:00","dateModified":"2025-06-18T09:38:40+00:00","description":"Entdecken Sie Lars' au\u00dfergew\u00f6hnlichen Weg vom Schiffselektriker zum erfahrenen Site Manager und wie ein Leben des Reisens seine Karriere und sein Leben gepr\u00e4gt hat.","breadcrumb":{"@id":"https:\/\/plant-supervision.com\/de\/vom-meer-zur-baustelle-lars-leben-als-globaler-ingenieur\/#breadcrumb"},"inLanguage":"de","potentialAction":[{"@type":"ReadAction","target":["https:\/\/plant-supervision.com\/de\/vom-meer-zur-baustelle-lars-leben-als-globaler-ingenieur\/"]}]},{"@type":"ImageObject","inLanguage":"de","@id":"https:\/\/plant-supervision.com\/de\/vom-meer-zur-baustelle-lars-leben-als-globaler-ingenieur\/#primaryimage","url":"https:\/\/plant-supervision.com\/wp-content\/uploads\/2024\/03\/Header-13.jpg","contentUrl":"https:\/\/plant-supervision.com\/wp-content\/uploads\/2024\/03\/Header-13.jpg","width":1350,"height":560},{"@type":"BreadcrumbList","@id":"https:\/\/plant-supervision.com\/de\/vom-meer-zur-baustelle-lars-leben-als-globaler-ingenieur\/#breadcrumb","itemListElement":[{"@type":"ListItem","position":1,"name":"Home","item":"https:\/\/plant-supervision.com\/de\/"},{"@type":"ListItem","position":2,"name":"Vom Meer zur Baustelle: Lars\u2019 Leben als globaler Ingenieur"}]},{"@type":"WebSite","@id":"https:\/\/plantsupervision.web07.tigermedia.eu\/#website","url":"https:\/\/plantsupervision.web07.tigermedia.eu\/","name":"Plant Supervision","description":"","publisher":{"@id":"https:\/\/plantsupervision.web07.tigermedia.eu\/#organization"},"potentialAction":[{"@type":"SearchAction","target":{"@type":"EntryPoint","urlTemplate":"https:\/\/plantsupervision.web07.tigermedia.eu\/?s={search_term_string}"},"query-input":{"@type":"PropertyValueSpecification","valueRequired":true,"valueName":"search_term_string"}}],"inLanguage":"de"},{"@type":"Organization","@id":"https:\/\/plantsupervision.web07.tigermedia.eu\/#organization","name":"Plant Supervision","url":"https:\/\/plantsupervision.web07.tigermedia.eu\/","logo":{"@type":"ImageObject","inLanguage":"de","@id":"https:\/\/plantsupervision.web07.tigermedia.eu\/#\/schema\/logo\/image\/","url":"https:\/\/plant-supervision.com\/wp-content\/uploads\/2023\/11\/ps_logo_blue.svg","contentUrl":"https:\/\/plant-supervision.com\/wp-content\/uploads\/2023\/11\/ps_logo_blue.svg","width":549,"height":121,"caption":"Plant Supervision"},"image":{"@id":"https:\/\/plantsupervision.web07.tigermedia.eu\/#\/schema\/logo\/image\/"},"sameAs":["https:\/\/www.linkedin.com\/company\/plant-supervision\/"]}]}},"_links":{"self":[{"href":"https:\/\/plant-supervision.com\/de\/wp-json\/wp\/v2\/pages\/8895","targetHints":{"allow":["GET"]}}],"collection":[{"href":"https:\/\/plant-supervision.com\/de\/wp-json\/wp\/v2\/pages"}],"about":[{"href":"https:\/\/plant-supervision.com\/de\/wp-json\/wp\/v2\/types\/page"}],"author":[{"embeddable":true,"href":"https:\/\/plant-supervision.com\/de\/wp-json\/wp\/v2\/users\/1"}],"replies":[{"embeddable":true,"href":"https:\/\/plant-supervision.com\/de\/wp-json\/wp\/v2\/comments?post=8895"}],"version-history":[{"count":2,"href":"https:\/\/plant-supervision.com\/de\/wp-json\/wp\/v2\/pages\/8895\/revisions"}],"predecessor-version":[{"id":10355,"href":"https:\/\/plant-supervision.com\/de\/wp-json\/wp\/v2\/pages\/8895\/revisions\/10355"}],"wp:featuredmedia":[{"embeddable":true,"href":"https:\/\/plant-supervision.com\/de\/wp-json\/wp\/v2\/media\/8896"}],"wp:attachment":[{"href":"https:\/\/plant-supervision.com\/de\/wp-json\/wp\/v2\/media?parent=8895"}],"curies":[{"name":"wp","href":"https:\/\/api.w.org\/{rel}","templated":true}]}}