{"id":8889,"date":"2024-03-13T13:34:12","date_gmt":"2024-03-13T13:34:12","guid":{"rendered":"https:\/\/plant-supervision.com\/mitarbeitergeschichten\/die-welt-erkunden-ein-projekt-nach-dem-anderen-henriks-spannende-karriere-als-supervisor-bei-plant-supervision\/"},"modified":"2025-06-30T12:48:58","modified_gmt":"2025-06-30T12:48:58","slug":"die-welt-erkunden-ein-projekt-nach-dem-anderen-henriks-spannende-karriere-als-supervisor-bei-plant-supervision","status":"publish","type":"page","link":"https:\/\/plant-supervision.com\/de\/werden-sie-teil-von-plant-supervision\/mitarbeitergeschichten\/die-welt-erkunden-ein-projekt-nach-dem-anderen-henriks-spannende-karriere-als-supervisor-bei-plant-supervision\/","title":{"rendered":"Die Welt erkunden, ein Projekt nach dem anderen: Henriks spannende Karriere als Supervisor bei Plant Supervision"},"content":{"rendered":"\t\t<div data-elementor-type=\"wp-page\" data-elementor-id=\"8889\" class=\"elementor elementor-8889 elementor-3365\" data-elementor-post-type=\"page\">\n\t\t\t\t<div class=\"elementor-element elementor-element-69c2925c e-flex e-con-boxed e-con e-parent\" data-id=\"69c2925c\" data-element_type=\"container\" data-e-type=\"container\" data-settings=\"{&quot;jet_parallax_layout_list&quot;:[]}\">\n\t\t\t\t\t<div class=\"e-con-inner\">\n\t\t\t\t<div class=\"elementor-element elementor-element-5702dfd5 elementor-widget elementor-widget-heading\" data-id=\"5702dfd5\" data-element_type=\"widget\" data-e-type=\"widget\" data-widget_type=\"heading.default\">\n\t\t\t\t<div class=\"elementor-widget-container\">\n\t\t\t\t\t<h2 class=\"elementor-heading-title elementor-size-default\">Henriks spannende Karriere als Supervisor bei Plant Supervision<\/h2>\t\t\t\t<\/div>\n\t\t\t\t<\/div>\n\t\t\t\t<div class=\"elementor-element elementor-element-443a3135 elementor-widget elementor-widget-image\" data-id=\"443a3135\" data-element_type=\"widget\" data-e-type=\"widget\" data-widget_type=\"image.default\">\n\t\t\t\t<div class=\"elementor-widget-container\">\n\t\t\t\t\t\t\t\t\t\t\t\t\t\t\t<img fetchpriority=\"high\" decoding=\"async\" width=\"800\" height=\"300\" src=\"https:\/\/plant-supervision.com\/wp-content\/uploads\/2024\/03\/Potpourri.jpg\" class=\"attachment-large size-large wp-image-8892\" alt=\"\" srcset=\"https:\/\/plant-supervision.com\/wp-content\/uploads\/2024\/03\/Potpourri.jpg 1000w, https:\/\/plant-supervision.com\/wp-content\/uploads\/2024\/03\/Potpourri-300x113.jpg 300w, https:\/\/plant-supervision.com\/wp-content\/uploads\/2024\/03\/Potpourri-768x288.jpg 768w\" sizes=\"(max-width: 800px) 100vw, 800px\" \/>\t\t\t\t\t\t\t\t\t\t\t\t\t\t\t<\/div>\n\t\t\t\t<\/div>\n\t\t\t\t<div class=\"elementor-element elementor-element-365b4bdf elementor-widget elementor-widget-text-editor\" data-id=\"365b4bdf\" data-element_type=\"widget\" data-e-type=\"widget\" data-widget_type=\"text-editor.default\">\n\t\t\t\t<div class=\"elementor-widget-container\">\n\t\t\t\t\t\t\t\t\t<p><strong>Seit seinem Eintritt bei Plant Supervision im Jahr 2016 hat Henrik eine bemerkenswerte Karriere hingelegt, in der er Projekte in zahlreichen Schwerindustrien weltweit betreute.<\/strong><\/p><p>Sein nomadischer Lebensstil begann urspr\u00fcnglich 1992, wurde jedoch nach vier Jahren aufgrund der Herausforderungen, mit Familie und Freunden in Verbindung zu bleiben, unterbrochen.<\/p><p>\u2013 <em>\u201eEs war, als h\u00e4tte man einen Eimer \u00fcber den Kopf \u2013 man war komplett von allem zu Hause abgeschnitten.\u201c<\/em><\/p><p>Mit dem Aufkommen neuer Kommunikationsmethoden wie Social Media, Skype und WhatsApp wurde es einfacher, mit allem zu Hause in Kontakt zu bleiben, was Henriks Leidenschaft f\u00fcr das Reisen erneut entfachte.<\/p><p>&#8211; \u201c<em>Was ich am meisten liebe, ist es, in ein neues Land zu kommen, in verschiedene Kulturen einzutauchen und gleichzeitig Beziehungen zu neuen Kollegen aufzubauen. Es ist, als w\u00e4re man wieder ein Teenager, voller Aufregung. <\/em>\u201d<\/p>\t\t\t\t\t\t\t\t<\/div>\n\t\t\t\t<\/div>\n\t\t\t\t<div class=\"elementor-element elementor-element-aa47673 elementor-widget elementor-widget-image\" data-id=\"aa47673\" data-element_type=\"widget\" data-e-type=\"widget\" data-widget_type=\"image.default\">\n\t\t\t\t<div class=\"elementor-widget-container\">\n\t\t\t\t\t\t\t\t\t\t\t\t\t\t\t<img decoding=\"async\" width=\"800\" height=\"300\" src=\"https:\/\/plant-supervision.com\/wp-content\/uploads\/2024\/03\/Ikke-navngivet-2.jpg\" class=\"attachment-large size-large wp-image-8891\" alt=\"\" srcset=\"https:\/\/plant-supervision.com\/wp-content\/uploads\/2024\/03\/Ikke-navngivet-2.jpg 1000w, https:\/\/plant-supervision.com\/wp-content\/uploads\/2024\/03\/Ikke-navngivet-2-300x113.jpg 300w, https:\/\/plant-supervision.com\/wp-content\/uploads\/2024\/03\/Ikke-navngivet-2-768x288.jpg 768w\" sizes=\"(max-width: 800px) 100vw, 800px\" \/>\t\t\t\t\t\t\t\t\t\t\t\t\t\t\t<\/div>\n\t\t\t\t<\/div>\n\t\t\t\t<div class=\"elementor-element elementor-element-6233328f elementor-widget elementor-widget-text-editor\" data-id=\"6233328f\" data-element_type=\"widget\" data-e-type=\"widget\" data-widget_type=\"text-editor.default\">\n\t\t\t\t<div class=\"elementor-widget-container\">\n\t\t\t\t\t\t\t\t\t<p>Aus beruflicher Sicht findet Henrik Zufriedenheit darin, vielf\u00e4ltige Projekte abzuschlie\u00dfen, anstatt \u00fcber l\u00e4ngere Zeit an einem einzigen Standort zu bleiben.<\/p><p>&#8211; &#8222;<em>Ich sch\u00e4tze es, dass die Projekte keine langfristigen Verpflichtungen sind. Es geht darum, neue Aufgaben zu erleben und zu bew\u00e4ltigen, egal ob in meinem Heimatland oder im Ausland. <\/em>.\u201d<\/p><p><strong>Die Freiheit, zu reisen<\/strong><\/p><p>Plant Supervision \u00fcbernimmt alle Aufgaben in Bezug auf Compliance und Verwaltung, wenn Henrik f\u00fcr neue Projekte eingesetzt wird, einschlie\u00dflich der Beantragung von Arbeitsvisa, der Organisation von Transport und der Sicherstellung von Unterk\u00fcnften. Alles wird vor, w\u00e4hrend und nach einem Projekt geregelt, was es Henrik erleichtert, die Welt zu bereisen und wertvolle Erfahrungen an verschiedenen Standorten zu sammeln. <\/p><p>\u2013 \u201e<em>Mit Plant Supervision als Unterst\u00fctzung ist es viel einfacher, diese dynamische Form des Arbeitslebens anzunehmen, da sie alle m\u00fchsamen Aufgaben \u00fcbernehmen.<\/em>\u201c<\/p><p><strong><a title=\"\u00dcber uns\" href=\"https:\/\/plant-supervision.com\/de\/uber-uns\/\">Erfahren Sie mehr \u00fcber Plant Supervision und unsere Arbeitsweise.<\/a><\/strong><\/p>\t\t\t\t\t\t\t\t<\/div>\n\t\t\t\t<\/div>\n\t\t\t\t<div class=\"elementor-element elementor-element-6fba7857 elementor-widget elementor-widget-image\" data-id=\"6fba7857\" data-element_type=\"widget\" data-e-type=\"widget\" data-widget_type=\"image.default\">\n\t\t\t\t<div class=\"elementor-widget-container\">\n\t\t\t\t\t\t\t\t\t\t\t\t\t\t\t<img decoding=\"async\" width=\"800\" height=\"300\" src=\"https:\/\/plant-supervision.com\/wp-content\/uploads\/2024\/03\/Ikke-navngivet-2-1.jpg\" class=\"attachment-large size-large wp-image-8893\" alt=\"\" srcset=\"https:\/\/plant-supervision.com\/wp-content\/uploads\/2024\/03\/Ikke-navngivet-2-1.jpg 1000w, https:\/\/plant-supervision.com\/wp-content\/uploads\/2024\/03\/Ikke-navngivet-2-1-300x113.jpg 300w, https:\/\/plant-supervision.com\/wp-content\/uploads\/2024\/03\/Ikke-navngivet-2-1-768x288.jpg 768w\" sizes=\"(max-width: 800px) 100vw, 800px\" \/>\t\t\t\t\t\t\t\t\t\t\t\t\t\t\t<\/div>\n\t\t\t\t<\/div>\n\t\t\t\t<div class=\"elementor-element elementor-element-72a08c9d elementor-widget elementor-widget-text-editor\" data-id=\"72a08c9d\" data-element_type=\"widget\" data-e-type=\"widget\" data-widget_type=\"text-editor.default\">\n\t\t\t\t<div class=\"elementor-widget-container\">\n\t\t\t\t\t\t\t\t\t<p><strong>Entfessle deinen inneren Entdecker: Henriks Aufruf zum Abenteuer<\/strong><\/p><p>Im Laufe seiner Karriere hat Henrik in 25 L\u00e4ndern gearbeitet und mehr erlebt, als die meisten Menschen je erfahren.<\/p><p>Von den abgelegenen Dschungeln im Osten bis zu den pulsierenden St\u00e4dten im Westen hat er \u00fcberall gearbeitet und ermutigt andere, es ebenfalls auszuprobieren \u2013 unabh\u00e4ngig vom Alter.<\/p><p>&#8211; \u201c<em>Es spielt keine Rolle, ob man 25 oder 55 Jahre alt ist. Man kann es immer f\u00fcr eine Weile ausprobieren und sehen, ob es einem gef\u00e4llt. Wenn Plant Supervision die administrativen Dinge \u00fcbernimmt, f\u00e4llt es leichter, den Sprung zu wagen. <\/em>\u201d<\/p>\t\t\t\t\t\t\t\t<\/div>\n\t\t\t\t<\/div>\n\t\t\t\t\t<\/div>\n\t\t\t\t<\/div>\n\t\t<div class=\"elementor-element elementor-element-5f00545 e-flex e-con-boxed e-con e-parent\" data-id=\"5f00545\" data-element_type=\"container\" data-e-type=\"container\" data-settings=\"{&quot;background_background&quot;:&quot;classic&quot;,&quot;jet_parallax_layout_list&quot;:[]}\">\n\t\t\t\t\t<div class=\"e-con-inner\">\n\t\t\t\t<div class=\"elementor-element elementor-element-1300d00 elementor-widget elementor-widget-heading\" data-id=\"1300d00\" data-element_type=\"widget\" data-e-type=\"widget\" data-widget_type=\"heading.default\">\n\t\t\t\t<div class=\"elementor-widget-container\">\n\t\t\t\t\t<h2 class=\"elementor-heading-title elementor-size-default\">Reichen Sie Ihren Lebenslauf ein<\/h2>\t\t\t\t<\/div>\n\t\t\t\t<\/div>\n\t\t\t\t<div class=\"elementor-element elementor-element-347c4ef elementor-widget elementor-widget-text-editor\" data-id=\"347c4ef\" data-element_type=\"widget\" data-e-type=\"widget\" data-widget_type=\"text-editor.default\">\n\t\t\t\t<div class=\"elementor-widget-container\">\n\t\t\t\t\t\t\t\t\t<p>Wir sind stets auf der Suche nach motivierten und talentierten Personen, die uns dabei unterst\u00fctzen, unser hohes Niveau beizubehalten. Wenn Sie glauben, dass Sie in irgendeiner Weise zu unserem Unternehmen beitragen k\u00f6nnen, w\u00fcrden wir uns freuen, von Ihnen zu h\u00f6ren. <\/p>\t\t\t\t\t\t\t\t<\/div>\n\t\t\t\t<\/div>\n\t\t\t\t<div class=\"elementor-element elementor-element-62d0508 elementor-widget elementor-widget-button\" data-id=\"62d0508\" data-element_type=\"widget\" data-e-type=\"widget\" data-widget_type=\"button.default\">\n\t\t\t\t<div class=\"elementor-widget-container\">\n\t\t\t\t\t\t\t\t\t<div class=\"elementor-button-wrapper\">\n\t\t\t\t\t<a class=\"elementor-button elementor-button-link elementor-size-sm\" href=\"https:\/\/plant-supervision.com\/de\/werden-sie-teil-von-plant-supervision\/lebenslauf-hochladen\/\">\n\t\t\t\t\t\t<span class=\"elementor-button-content-wrapper\">\n\t\t\t\t\t\t\t\t\t<span class=\"elementor-button-text\">Hier bewerben<\/span>\n\t\t\t\t\t<\/span>\n\t\t\t\t\t<\/a>\n\t\t\t\t<\/div>\n\t\t\t\t\t\t\t\t<\/div>\n\t\t\t\t<\/div>\n\t\t\t\t\t<\/div>\n\t\t\t\t<\/div>\n\t\t\t\t<\/div>\n\t\t","protected":false},"excerpt":{"rendered":"<p>Henriks spannende Karriere als Supervisor bei Plant Supervision Seit seinem Eintritt bei Plant Supervision im Jahr 2016 hat Henrik eine bemerkenswerte Karriere hingelegt, in der er Projekte in zahlreichen Schwerindustrien weltweit betreute. Sein nomadischer Lebensstil begann urspr\u00fcnglich 1992, wurde jedoch nach vier Jahren aufgrund der Herausforderungen, mit Familie und Freunden in Verbindung zu bleiben, unterbrochen. [&hellip;]<\/p>\n","protected":false},"author":1,"featured_media":8890,"parent":8873,"menu_order":0,"comment_status":"closed","ping_status":"closed","template":"","meta":{"content-type":"","footnotes":""},"class_list":["post-8889","page","type-page","status-publish","has-post-thumbnail","hentry"],"yoast_head":"<!-- This site is optimized with the Yoast SEO plugin v27.4 - https:\/\/yoast.com\/product\/yoast-seo-wordpress\/ -->\n<title>Henriks spannende Karriere bei Plant Supervision \u2013 Lesen Sie die Geschichte<\/title>\n<meta name=\"description\" content=\"Lesen Sie die fesselnde Geschichte unseres Ingenieurs Henrik und seine Reise, die Welt ein Projekt nach dem anderen zu erkunden\" \/>\n<meta name=\"robots\" content=\"index, follow, max-snippet:-1, max-image-preview:large, max-video-preview:-1\" \/>\n<link rel=\"canonical\" href=\"https:\/\/plant-supervision.com\/de\/werden-sie-teil-von-plant-supervision\/mitarbeitergeschichten\/die-welt-erkunden-ein-projekt-nach-dem-anderen-henriks-spannende-karriere-als-supervisor-bei-plant-supervision\/\" \/>\n<meta property=\"og:locale\" content=\"de_DE\" \/>\n<meta property=\"og:type\" content=\"article\" \/>\n<meta property=\"og:title\" content=\"Henriks spannende Karriere bei Plant Supervision \u2013 Lesen Sie die Geschichte\" \/>\n<meta property=\"og:description\" content=\"Lesen Sie die fesselnde Geschichte unseres Ingenieurs Henrik und seine Reise, die Welt ein Projekt nach dem anderen zu erkunden\" \/>\n<meta property=\"og:url\" content=\"https:\/\/plant-supervision.com\/de\/werden-sie-teil-von-plant-supervision\/mitarbeitergeschichten\/die-welt-erkunden-ein-projekt-nach-dem-anderen-henriks-spannende-karriere-als-supervisor-bei-plant-supervision\/\" \/>\n<meta property=\"og:site_name\" content=\"Plant Supervision\" \/>\n<meta property=\"article:modified_time\" content=\"2025-06-30T12:48:58+00:00\" \/>\n<meta property=\"og:image\" content=\"https:\/\/plant-supervision.com\/wp-content\/uploads\/2024\/03\/Header-12.jpg\" \/>\n\t<meta property=\"og:image:width\" content=\"1350\" \/>\n\t<meta property=\"og:image:height\" content=\"560\" \/>\n\t<meta property=\"og:image:type\" content=\"image\/jpeg\" \/>\n<meta name=\"twitter:card\" content=\"summary_large_image\" \/>\n<meta name=\"twitter:label1\" content=\"Gesch\u00e4tzte Lesezeit\" \/>\n\t<meta name=\"twitter:data1\" content=\"2\u00a0Minuten\" \/>\n<script type=\"application\/ld+json\" class=\"yoast-schema-graph\">{\"@context\":\"https:\\\/\\\/schema.org\",\"@graph\":[{\"@type\":\"WebPage\",\"@id\":\"https:\\\/\\\/plant-supervision.com\\\/de\\\/werden-sie-teil-von-plant-supervision\\\/mitarbeitergeschichten\\\/die-welt-erkunden-ein-projekt-nach-dem-anderen-henriks-spannende-karriere-als-supervisor-bei-plant-supervision\\\/\",\"url\":\"https:\\\/\\\/plant-supervision.com\\\/de\\\/werden-sie-teil-von-plant-supervision\\\/mitarbeitergeschichten\\\/die-welt-erkunden-ein-projekt-nach-dem-anderen-henriks-spannende-karriere-als-supervisor-bei-plant-supervision\\\/\",\"name\":\"Henriks spannende Karriere bei Plant Supervision \u2013 Lesen Sie die Geschichte\",\"isPartOf\":{\"@id\":\"https:\\\/\\\/plantsupervision.web07.tigermedia.eu\\\/#website\"},\"primaryImageOfPage\":{\"@id\":\"https:\\\/\\\/plant-supervision.com\\\/de\\\/werden-sie-teil-von-plant-supervision\\\/mitarbeitergeschichten\\\/die-welt-erkunden-ein-projekt-nach-dem-anderen-henriks-spannende-karriere-als-supervisor-bei-plant-supervision\\\/#primaryimage\"},\"image\":{\"@id\":\"https:\\\/\\\/plant-supervision.com\\\/de\\\/werden-sie-teil-von-plant-supervision\\\/mitarbeitergeschichten\\\/die-welt-erkunden-ein-projekt-nach-dem-anderen-henriks-spannende-karriere-als-supervisor-bei-plant-supervision\\\/#primaryimage\"},\"thumbnailUrl\":\"https:\\\/\\\/plant-supervision.com\\\/wp-content\\\/uploads\\\/2024\\\/03\\\/Header-12.jpg\",\"datePublished\":\"2024-03-13T13:34:12+00:00\",\"dateModified\":\"2025-06-30T12:48:58+00:00\",\"description\":\"Lesen Sie die fesselnde Geschichte unseres Ingenieurs Henrik und seine Reise, die Welt ein Projekt nach dem anderen zu erkunden\",\"breadcrumb\":{\"@id\":\"https:\\\/\\\/plant-supervision.com\\\/de\\\/werden-sie-teil-von-plant-supervision\\\/mitarbeitergeschichten\\\/die-welt-erkunden-ein-projekt-nach-dem-anderen-henriks-spannende-karriere-als-supervisor-bei-plant-supervision\\\/#breadcrumb\"},\"inLanguage\":\"de\",\"potentialAction\":[{\"@type\":\"ReadAction\",\"target\":[\"https:\\\/\\\/plant-supervision.com\\\/de\\\/werden-sie-teil-von-plant-supervision\\\/mitarbeitergeschichten\\\/die-welt-erkunden-ein-projekt-nach-dem-anderen-henriks-spannende-karriere-als-supervisor-bei-plant-supervision\\\/\"]}]},{\"@type\":\"ImageObject\",\"inLanguage\":\"de\",\"@id\":\"https:\\\/\\\/plant-supervision.com\\\/de\\\/werden-sie-teil-von-plant-supervision\\\/mitarbeitergeschichten\\\/die-welt-erkunden-ein-projekt-nach-dem-anderen-henriks-spannende-karriere-als-supervisor-bei-plant-supervision\\\/#primaryimage\",\"url\":\"https:\\\/\\\/plant-supervision.com\\\/wp-content\\\/uploads\\\/2024\\\/03\\\/Header-12.jpg\",\"contentUrl\":\"https:\\\/\\\/plant-supervision.com\\\/wp-content\\\/uploads\\\/2024\\\/03\\\/Header-12.jpg\",\"width\":1350,\"height\":560},{\"@type\":\"BreadcrumbList\",\"@id\":\"https:\\\/\\\/plant-supervision.com\\\/de\\\/werden-sie-teil-von-plant-supervision\\\/mitarbeitergeschichten\\\/die-welt-erkunden-ein-projekt-nach-dem-anderen-henriks-spannende-karriere-als-supervisor-bei-plant-supervision\\\/#breadcrumb\",\"itemListElement\":[{\"@type\":\"ListItem\",\"position\":1,\"name\":\"Home\",\"item\":\"https:\\\/\\\/plant-supervision.com\\\/de\\\/\"},{\"@type\":\"ListItem\",\"position\":2,\"name\":\"Bewerbung\",\"item\":\"https:\\\/\\\/plant-supervision.com\\\/de\\\/werden-sie-teil-von-plant-supervision\\\/\"},{\"@type\":\"ListItem\",\"position\":3,\"name\":\"Mitarbeitergeschichten\",\"item\":\"https:\\\/\\\/plant-supervision.com\\\/de\\\/werden-sie-teil-von-plant-supervision\\\/mitarbeitergeschichten\\\/\"},{\"@type\":\"ListItem\",\"position\":4,\"name\":\"Die Welt erkunden, ein Projekt nach dem anderen: Henriks spannende Karriere als Supervisor bei Plant Supervision\"}]},{\"@type\":\"WebSite\",\"@id\":\"https:\\\/\\\/plantsupervision.web07.tigermedia.eu\\\/#website\",\"url\":\"https:\\\/\\\/plantsupervision.web07.tigermedia.eu\\\/\",\"name\":\"Plant Supervision\",\"description\":\"\",\"publisher\":{\"@id\":\"https:\\\/\\\/plantsupervision.web07.tigermedia.eu\\\/#organization\"},\"potentialAction\":[{\"@type\":\"SearchAction\",\"target\":{\"@type\":\"EntryPoint\",\"urlTemplate\":\"https:\\\/\\\/plantsupervision.web07.tigermedia.eu\\\/?s={search_term_string}\"},\"query-input\":{\"@type\":\"PropertyValueSpecification\",\"valueRequired\":true,\"valueName\":\"search_term_string\"}}],\"inLanguage\":\"de\"},{\"@type\":\"Organization\",\"@id\":\"https:\\\/\\\/plantsupervision.web07.tigermedia.eu\\\/#organization\",\"name\":\"Plant Supervision\",\"url\":\"https:\\\/\\\/plantsupervision.web07.tigermedia.eu\\\/\",\"logo\":{\"@type\":\"ImageObject\",\"inLanguage\":\"de\",\"@id\":\"https:\\\/\\\/plantsupervision.web07.tigermedia.eu\\\/#\\\/schema\\\/logo\\\/image\\\/\",\"url\":\"https:\\\/\\\/plant-supervision.com\\\/wp-content\\\/uploads\\\/2023\\\/11\\\/ps_logo_blue.svg\",\"contentUrl\":\"https:\\\/\\\/plant-supervision.com\\\/wp-content\\\/uploads\\\/2023\\\/11\\\/ps_logo_blue.svg\",\"width\":549,\"height\":121,\"caption\":\"Plant Supervision\"},\"image\":{\"@id\":\"https:\\\/\\\/plantsupervision.web07.tigermedia.eu\\\/#\\\/schema\\\/logo\\\/image\\\/\"},\"sameAs\":[\"https:\\\/\\\/www.linkedin.com\\\/company\\\/plant-supervision\\\/\"]}]}<\/script>\n<!-- \/ Yoast SEO plugin. -->","yoast_head_json":{"title":"Henriks spannende Karriere bei Plant Supervision \u2013 Lesen Sie die Geschichte","description":"Lesen Sie die fesselnde Geschichte unseres Ingenieurs Henrik und seine Reise, die Welt ein Projekt nach dem anderen zu erkunden","robots":{"index":"index","follow":"follow","max-snippet":"max-snippet:-1","max-image-preview":"max-image-preview:large","max-video-preview":"max-video-preview:-1"},"canonical":"https:\/\/plant-supervision.com\/de\/werden-sie-teil-von-plant-supervision\/mitarbeitergeschichten\/die-welt-erkunden-ein-projekt-nach-dem-anderen-henriks-spannende-karriere-als-supervisor-bei-plant-supervision\/","og_locale":"de_DE","og_type":"article","og_title":"Henriks spannende Karriere bei Plant Supervision \u2013 Lesen Sie die Geschichte","og_description":"Lesen Sie die fesselnde Geschichte unseres Ingenieurs Henrik und seine Reise, die Welt ein Projekt nach dem anderen zu erkunden","og_url":"https:\/\/plant-supervision.com\/de\/werden-sie-teil-von-plant-supervision\/mitarbeitergeschichten\/die-welt-erkunden-ein-projekt-nach-dem-anderen-henriks-spannende-karriere-als-supervisor-bei-plant-supervision\/","og_site_name":"Plant Supervision","article_modified_time":"2025-06-30T12:48:58+00:00","og_image":[{"width":1350,"height":560,"url":"https:\/\/plant-supervision.com\/wp-content\/uploads\/2024\/03\/Header-12.jpg","type":"image\/jpeg"}],"twitter_card":"summary_large_image","twitter_misc":{"Gesch\u00e4tzte Lesezeit":"2\u00a0Minuten"},"schema":{"@context":"https:\/\/schema.org","@graph":[{"@type":"WebPage","@id":"https:\/\/plant-supervision.com\/de\/werden-sie-teil-von-plant-supervision\/mitarbeitergeschichten\/die-welt-erkunden-ein-projekt-nach-dem-anderen-henriks-spannende-karriere-als-supervisor-bei-plant-supervision\/","url":"https:\/\/plant-supervision.com\/de\/werden-sie-teil-von-plant-supervision\/mitarbeitergeschichten\/die-welt-erkunden-ein-projekt-nach-dem-anderen-henriks-spannende-karriere-als-supervisor-bei-plant-supervision\/","name":"Henriks spannende Karriere bei Plant Supervision \u2013 Lesen Sie die Geschichte","isPartOf":{"@id":"https:\/\/plantsupervision.web07.tigermedia.eu\/#website"},"primaryImageOfPage":{"@id":"https:\/\/plant-supervision.com\/de\/werden-sie-teil-von-plant-supervision\/mitarbeitergeschichten\/die-welt-erkunden-ein-projekt-nach-dem-anderen-henriks-spannende-karriere-als-supervisor-bei-plant-supervision\/#primaryimage"},"image":{"@id":"https:\/\/plant-supervision.com\/de\/werden-sie-teil-von-plant-supervision\/mitarbeitergeschichten\/die-welt-erkunden-ein-projekt-nach-dem-anderen-henriks-spannende-karriere-als-supervisor-bei-plant-supervision\/#primaryimage"},"thumbnailUrl":"https:\/\/plant-supervision.com\/wp-content\/uploads\/2024\/03\/Header-12.jpg","datePublished":"2024-03-13T13:34:12+00:00","dateModified":"2025-06-30T12:48:58+00:00","description":"Lesen Sie die fesselnde Geschichte unseres Ingenieurs Henrik und seine Reise, die Welt ein Projekt nach dem anderen zu erkunden","breadcrumb":{"@id":"https:\/\/plant-supervision.com\/de\/werden-sie-teil-von-plant-supervision\/mitarbeitergeschichten\/die-welt-erkunden-ein-projekt-nach-dem-anderen-henriks-spannende-karriere-als-supervisor-bei-plant-supervision\/#breadcrumb"},"inLanguage":"de","potentialAction":[{"@type":"ReadAction","target":["https:\/\/plant-supervision.com\/de\/werden-sie-teil-von-plant-supervision\/mitarbeitergeschichten\/die-welt-erkunden-ein-projekt-nach-dem-anderen-henriks-spannende-karriere-als-supervisor-bei-plant-supervision\/"]}]},{"@type":"ImageObject","inLanguage":"de","@id":"https:\/\/plant-supervision.com\/de\/werden-sie-teil-von-plant-supervision\/mitarbeitergeschichten\/die-welt-erkunden-ein-projekt-nach-dem-anderen-henriks-spannende-karriere-als-supervisor-bei-plant-supervision\/#primaryimage","url":"https:\/\/plant-supervision.com\/wp-content\/uploads\/2024\/03\/Header-12.jpg","contentUrl":"https:\/\/plant-supervision.com\/wp-content\/uploads\/2024\/03\/Header-12.jpg","width":1350,"height":560},{"@type":"BreadcrumbList","@id":"https:\/\/plant-supervision.com\/de\/werden-sie-teil-von-plant-supervision\/mitarbeitergeschichten\/die-welt-erkunden-ein-projekt-nach-dem-anderen-henriks-spannende-karriere-als-supervisor-bei-plant-supervision\/#breadcrumb","itemListElement":[{"@type":"ListItem","position":1,"name":"Home","item":"https:\/\/plant-supervision.com\/de\/"},{"@type":"ListItem","position":2,"name":"Bewerbung","item":"https:\/\/plant-supervision.com\/de\/werden-sie-teil-von-plant-supervision\/"},{"@type":"ListItem","position":3,"name":"Mitarbeitergeschichten","item":"https:\/\/plant-supervision.com\/de\/werden-sie-teil-von-plant-supervision\/mitarbeitergeschichten\/"},{"@type":"ListItem","position":4,"name":"Die Welt erkunden, ein Projekt nach dem anderen: Henriks spannende Karriere als Supervisor bei Plant Supervision"}]},{"@type":"WebSite","@id":"https:\/\/plantsupervision.web07.tigermedia.eu\/#website","url":"https:\/\/plantsupervision.web07.tigermedia.eu\/","name":"Plant Supervision","description":"","publisher":{"@id":"https:\/\/plantsupervision.web07.tigermedia.eu\/#organization"},"potentialAction":[{"@type":"SearchAction","target":{"@type":"EntryPoint","urlTemplate":"https:\/\/plantsupervision.web07.tigermedia.eu\/?s={search_term_string}"},"query-input":{"@type":"PropertyValueSpecification","valueRequired":true,"valueName":"search_term_string"}}],"inLanguage":"de"},{"@type":"Organization","@id":"https:\/\/plantsupervision.web07.tigermedia.eu\/#organization","name":"Plant Supervision","url":"https:\/\/plantsupervision.web07.tigermedia.eu\/","logo":{"@type":"ImageObject","inLanguage":"de","@id":"https:\/\/plantsupervision.web07.tigermedia.eu\/#\/schema\/logo\/image\/","url":"https:\/\/plant-supervision.com\/wp-content\/uploads\/2023\/11\/ps_logo_blue.svg","contentUrl":"https:\/\/plant-supervision.com\/wp-content\/uploads\/2023\/11\/ps_logo_blue.svg","width":549,"height":121,"caption":"Plant Supervision"},"image":{"@id":"https:\/\/plantsupervision.web07.tigermedia.eu\/#\/schema\/logo\/image\/"},"sameAs":["https:\/\/www.linkedin.com\/company\/plant-supervision\/"]}]}},"_links":{"self":[{"href":"https:\/\/plant-supervision.com\/de\/wp-json\/wp\/v2\/pages\/8889","targetHints":{"allow":["GET"]}}],"collection":[{"href":"https:\/\/plant-supervision.com\/de\/wp-json\/wp\/v2\/pages"}],"about":[{"href":"https:\/\/plant-supervision.com\/de\/wp-json\/wp\/v2\/types\/page"}],"author":[{"embeddable":true,"href":"https:\/\/plant-supervision.com\/de\/wp-json\/wp\/v2\/users\/1"}],"replies":[{"embeddable":true,"href":"https:\/\/plant-supervision.com\/de\/wp-json\/wp\/v2\/comments?post=8889"}],"version-history":[{"count":2,"href":"https:\/\/plant-supervision.com\/de\/wp-json\/wp\/v2\/pages\/8889\/revisions"}],"predecessor-version":[{"id":10342,"href":"https:\/\/plant-supervision.com\/de\/wp-json\/wp\/v2\/pages\/8889\/revisions\/10342"}],"up":[{"embeddable":true,"href":"https:\/\/plant-supervision.com\/de\/wp-json\/wp\/v2\/pages\/8873"}],"wp:featuredmedia":[{"embeddable":true,"href":"https:\/\/plant-supervision.com\/de\/wp-json\/wp\/v2\/media\/8890"}],"wp:attachment":[{"href":"https:\/\/plant-supervision.com\/de\/wp-json\/wp\/v2\/media?parent=8889"}],"curies":[{"name":"wp","href":"https:\/\/api.w.org\/{rel}","templated":true}]}}