{"id":8884,"date":"2024-01-25T10:33:03","date_gmt":"2024-01-25T10:33:03","guid":{"rendered":"https:\/\/plant-supervision.com\/mitarbeitergeschichten\/weltenbummler-ingenieur-petrs-suche-nach-einem-neuen-zuhause-im-ausland\/"},"modified":"2025-06-18T09:11:41","modified_gmt":"2025-06-18T09:11:41","slug":"weltenbummler-ingenieur-petrs-suche-nach-einem-neuen-zuhause-im-ausland","status":"publish","type":"page","link":"https:\/\/plant-supervision.com\/de\/werden-sie-teil-von-plant-supervision\/mitarbeitergeschichten\/weltenbummler-ingenieur-petrs-suche-nach-einem-neuen-zuhause-im-ausland\/","title":{"rendered":"Weltenbummler-Ingenieur: Petrs Suche nach einem neuen Zuhause im Ausland"},"content":{"rendered":"\t\t<div data-elementor-type=\"wp-page\" data-elementor-id=\"8884\" class=\"elementor elementor-8884 elementor-1267\" data-elementor-post-type=\"page\">\n\t\t\t\t<div class=\"elementor-element elementor-element-4e7db0f7 e-flex e-con-boxed e-con e-parent\" data-id=\"4e7db0f7\" data-element_type=\"container\" data-e-type=\"container\" data-settings=\"{&quot;jet_parallax_layout_list&quot;:[]}\">\n\t\t\t\t\t<div class=\"e-con-inner\">\n\t\t\t\t<div class=\"elementor-element elementor-element-a8b5973 elementor-widget elementor-widget-heading\" data-id=\"a8b5973\" data-element_type=\"widget\" data-e-type=\"widget\" data-widget_type=\"heading.default\">\n\t\t\t\t<div class=\"elementor-widget-container\">\n\t\t\t\t\t<h2 class=\"elementor-heading-title elementor-size-default\">Von der Tschechischen Republik zu weltweiten Projekten<\/h2>\t\t\t\t<\/div>\n\t\t\t\t<\/div>\n\t\t\t\t<div class=\"elementor-element elementor-element-a90da8a elementor-widget elementor-widget-image\" data-id=\"a90da8a\" data-element_type=\"widget\" data-e-type=\"widget\" data-widget_type=\"image.default\">\n\t\t\t\t<div class=\"elementor-widget-container\">\n\t\t\t\t\t\t\t\t\t\t\t\t\t\t\t<img fetchpriority=\"high\" decoding=\"async\" width=\"700\" height=\"700\" src=\"https:\/\/plant-supervision.com\/wp-content\/uploads\/2024\/01\/petr.jpg\" class=\"attachment-large size-large wp-image-8874\" alt=\"\" srcset=\"https:\/\/plant-supervision.com\/wp-content\/uploads\/2024\/01\/petr.jpg 700w, https:\/\/plant-supervision.com\/wp-content\/uploads\/2024\/01\/petr-300x300.jpg 300w, https:\/\/plant-supervision.com\/wp-content\/uploads\/2024\/01\/petr-150x150.jpg 150w\" sizes=\"(max-width: 700px) 100vw, 700px\" \/>\t\t\t\t\t\t\t\t\t\t\t\t\t\t\t<\/div>\n\t\t\t\t<\/div>\n\t\t\t\t<div class=\"elementor-element elementor-element-e5a58c6 elementor-widget elementor-widget-text-editor\" data-id=\"e5a58c6\" data-element_type=\"widget\" data-e-type=\"widget\" data-widget_type=\"text-editor.default\">\n\t\t\t\t<div class=\"elementor-widget-container\">\n\t\t\t\t\t\t\t\t\t<p><strong>Petr ist kein gew\u00f6hnlicher 30-J\u00e4hriger. Mit einer klaren Vision f\u00fcr seine Zukunft und gut durchdachten Pl\u00e4nen, um seine Ziele zu erreichen, befindet er sich auf einer einzigartigen Reise, die ihn beruflich und pers\u00f6nlich bereichert. Als engagierter Ingenieur erm\u00f6glichen ihm spannende Projekte und die 24\/7-Unterst\u00fctzung von Plant Supervision, diese Abenteuer rund um den Globus zu erleben.  <\/strong><\/p><p>Urspr\u00fcnglich aus der Tschechischen Republik stammend, ist Petr einer unserer j\u00fcngsten Ingenieure. Trotz seiner noch relativ kurzen Karriere hat er bereits an vielf\u00e4ltigen Projekten in L\u00e4ndern wie Brasilien, \u00c4thiopien, \u00c4gypten, Lettland und D\u00e4nemark gearbeitet. Das Reisen in verschiedene L\u00e4nder spielt eine zentrale Rolle in Petrs Tr\u00e4umen, da er ein Land sucht, das er eines Tages sein Zuhause nennen kann.  <\/p><p><em>\u201eEiner meiner Hauptgr\u00fcnde f\u00fcr das Reisen ist, dass ich nicht plane, wieder in der Tschechischen Republik zu leben. Ich werde ein Land w\u00e4hlen, dass zu mir passt und das ich mein zuk\u00fcnftiges Zuhause nennen kann\u201c<\/em>, erkl\u00e4rt Petr.<\/p><p><a title=\"Fallstudien\" href=\"https:\/\/plant-supervision.com\/de\/fallstudien\/\"><strong>Erfahren Sie mehr dar\u00fcber, wie wir Projekte weltweit unterst\u00fctzen \u2013 klicken Sie hier, um unsere Fallstudien zu lesen.<\/strong><\/a><\/p>\t\t\t\t\t\t\t\t<\/div>\n\t\t\t\t<\/div>\n\t\t\t\t<div class=\"elementor-element elementor-element-3fb9dd7 elementor-widget elementor-widget-image\" data-id=\"3fb9dd7\" data-element_type=\"widget\" data-e-type=\"widget\" data-widget_type=\"image.default\">\n\t\t\t\t<div class=\"elementor-widget-container\">\n\t\t\t\t\t\t\t\t\t\t\t\t\t\t\t<img decoding=\"async\" width=\"800\" height=\"265\" src=\"https:\/\/plant-supervision.com\/wp-content\/uploads\/2024\/01\/potpourri.jpg\" class=\"attachment-large size-large wp-image-8886\" alt=\"\" srcset=\"https:\/\/plant-supervision.com\/wp-content\/uploads\/2024\/01\/potpourri.jpg 960w, https:\/\/plant-supervision.com\/wp-content\/uploads\/2024\/01\/potpourri-300x99.jpg 300w, https:\/\/plant-supervision.com\/wp-content\/uploads\/2024\/01\/potpourri-768x254.jpg 768w\" sizes=\"(max-width: 800px) 100vw, 800px\" \/>\t\t\t\t\t\t\t\t\t\t\t\t\t\t\t<\/div>\n\t\t\t\t<\/div>\n\t\t\t\t<div class=\"elementor-element elementor-element-0a037d3 elementor-widget elementor-widget-text-editor\" data-id=\"0a037d3\" data-element_type=\"widget\" data-e-type=\"widget\" data-widget_type=\"text-editor.default\">\n\t\t\t\t<div class=\"elementor-widget-container\">\n\t\t\t\t\t\t\t\t\t<p><strong>Ein Karrieresprung<\/strong><\/p><p>Neben der Suche nach einem neuen Zuhause bringt die Arbeit an verschiedenen Projekten Petr zahlreiche berufliche Vorteile. Jedes Projekt bietet einzigartige Erfahrungen, verbessert interkulturelle F\u00e4higkeiten, Sprachkenntnisse und ein breiteres Verst\u00e4ndnis f\u00fcr unterschiedliche Technologien und Projektans\u00e4tze. <\/p><p><em>\u201eAspekte wie ein wechselndes Arbeitstempo, unterschiedliche Teams, neue Technologien und der allgemeine Ansatz bei Projekten haben mir definitiv geholfen, mich stark als Ingenieur weiterzuentwickeln.\u201c<\/em><\/p><p><strong>Erfolg im Ausland: Die engagierte Unterst\u00fctzung von Plant Supervision<\/strong><\/p><p>Plant Supervision identifiziert Projekte, die Petrs beruflichem Profil entsprechen und gleichzeitig die Anforderungen der Kunden erf\u00fcllen.<\/p><p>Dar\u00fcber hinaus \u00fcbernimmt Plant Supervision alle administrativen Aufgaben wie Visa-Beschaffung, Reiseorganisation und Unterk\u00fcnfte, sodass sich Petr ausschlie\u00dflich auf das Projekt und die Vorbereitung auf neue Erfahrungen konzentrieren kann. W\u00e4hrend jedes Projekts steht ihm ein fester Ansprechpartner zur Seite, um sicherzustellen, dass er sowohl beruflich als auch privat erfolgreich ist. <\/p><p>\u201c<em>Es ist das perfekte Setup, weil Plant Supervision mich vollst\u00e4ndig unterst\u00fctzt und alle l\u00e4stigen Aufgaben \u00fcbernimmt. Wenn ich eine besondere Anfrage habe oder vielleicht einen Flug verpasse, dann sind sie immer f\u00fcr mich da <\/em>\u201d<\/p><p><strong><a title=\"\u00dcber uns\" href=\"https:\/\/plant-supervision.com\/de\/uber-uns\/\">Erfahren Sie mehr \u00fcber Plant Supervision und unsere Arbeitsweise.<\/a><\/strong><\/p>\t\t\t\t\t\t\t\t<\/div>\n\t\t\t\t<\/div>\n\t\t\t\t<div class=\"elementor-element elementor-element-cd9a649 elementor-widget elementor-widget-image\" data-id=\"cd9a649\" data-element_type=\"widget\" data-e-type=\"widget\" data-widget_type=\"image.default\">\n\t\t\t\t<div class=\"elementor-widget-container\">\n\t\t\t\t\t\t\t\t\t\t\t\t\t\t\t<img decoding=\"async\" width=\"800\" height=\"250\" src=\"https:\/\/plant-supervision.com\/wp-content\/uploads\/2024\/01\/billede-3.jpg\" class=\"attachment-large size-large wp-image-8887\" alt=\"\" srcset=\"https:\/\/plant-supervision.com\/wp-content\/uploads\/2024\/01\/billede-3.jpg 960w, https:\/\/plant-supervision.com\/wp-content\/uploads\/2024\/01\/billede-3-300x94.jpg 300w, https:\/\/plant-supervision.com\/wp-content\/uploads\/2024\/01\/billede-3-768x240.jpg 768w\" sizes=\"(max-width: 800px) 100vw, 800px\" \/>\t\t\t\t\t\t\t\t\t\t\t\t\t\t\t<\/div>\n\t\t\t\t<\/div>\n\t\t\t\t<div class=\"elementor-element elementor-element-dc7717e elementor-widget elementor-widget-text-editor\" data-id=\"dc7717e\" data-element_type=\"widget\" data-e-type=\"widget\" data-widget_type=\"text-editor.default\">\n\t\t\t\t<div class=\"elementor-widget-container\">\n\t\t\t\t\t\t\t\t\t<p><strong>Den Wandel annehmen: Petrs Aufruf zum Handeln<\/strong><\/p><p>Der Beitritt zur Plant-Supervision-Belegschaft bietet den Vorteil, mehr Freiheit bei der Auswahl von Projekten und Standorten zu genie\u00dfen. Auch wenn dies wie ein Bruch mit einem traditionelleren 9-to-5-Job erscheinen mag, ermutigt Petr andere, sich nicht von Zweifeln oder Bedenken abhalten zu lassen, einzigartige Erfahrungen zu machen. <\/p><p>\u201c<em>Egal wie schwierig es scheint, man sollte es einfach versuchen und sich unterwegs verbessern. Es w\u00e4re schade, die Gelegenheitzu verpassen, weil man zweifelt. So bin ich dorthin gekommen, wo ich heute bin.  <\/em>\u201d<\/p><p>Petrs Geschichte veranschaulicht die M\u00f6glichkeiten, die sich durch das Annehmen von Ver\u00e4nderungen und der Suche nach Chancen au\u00dferhalb der eigenen Komfortzone er\u00f6ffnen. W\u00e4hrend er weiterhin die Welt bereist, Erfahrungen sammelt und seine eigene Zukunft gestaltet, beweist Petr, dass mit der richtigen Unterst\u00fctzung und Einstellung alles m\u00f6glich ist \u2013 f\u00fcr den abenteuerlustigen und entschlossenen Ingenieur. <\/p>\t\t\t\t\t\t\t\t<\/div>\n\t\t\t\t<\/div>\n\t\t\t\t\t<\/div>\n\t\t\t\t<\/div>\n\t\t<div class=\"elementor-element elementor-element-180d356 e-flex e-con-boxed e-con e-parent\" data-id=\"180d356\" data-element_type=\"container\" data-e-type=\"container\" data-settings=\"{&quot;background_background&quot;:&quot;classic&quot;,&quot;jet_parallax_layout_list&quot;:[]}\">\n\t\t\t\t\t<div class=\"e-con-inner\">\n\t\t\t\t<div class=\"elementor-element elementor-element-cac5312 elementor-widget elementor-widget-heading\" data-id=\"cac5312\" data-element_type=\"widget\" data-e-type=\"widget\" data-widget_type=\"heading.default\">\n\t\t\t\t<div class=\"elementor-widget-container\">\n\t\t\t\t\t<h2 class=\"elementor-heading-title elementor-size-default\">Reichen Sie Ihren Lebenslauf ein<\/h2>\t\t\t\t<\/div>\n\t\t\t\t<\/div>\n\t\t\t\t<div class=\"elementor-element elementor-element-599f0f1 elementor-widget elementor-widget-text-editor\" data-id=\"599f0f1\" data-element_type=\"widget\" data-e-type=\"widget\" data-widget_type=\"text-editor.default\">\n\t\t\t\t<div class=\"elementor-widget-container\">\n\t\t\t\t\t\t\t\t\t<p>Wir sind stets auf der Suche nach motivierten und talentierten Personen, die uns dabei unterst\u00fctzen, unser hohes Niveau beizubehalten. Wenn Sie glauben, dass Sie in irgendeiner Weise zu unserem Unternehmen beitragen k\u00f6nnen, w\u00fcrden wir uns freuen, von Ihnen zu h\u00f6ren. <\/p>\t\t\t\t\t\t\t\t<\/div>\n\t\t\t\t<\/div>\n\t\t\t\t<div class=\"elementor-element elementor-element-68dff5f elementor-widget elementor-widget-button\" data-id=\"68dff5f\" data-element_type=\"widget\" data-e-type=\"widget\" data-widget_type=\"button.default\">\n\t\t\t\t<div class=\"elementor-widget-container\">\n\t\t\t\t\t\t\t\t\t<div class=\"elementor-button-wrapper\">\n\t\t\t\t\t<a class=\"elementor-button elementor-button-link elementor-size-sm\" href=\"https:\/\/plant-supervision.com\/de\/werden-sie-teil-von-plant-supervision\/lebenslauf-hochladen\/\">\n\t\t\t\t\t\t<span class=\"elementor-button-content-wrapper\">\n\t\t\t\t\t\t\t\t\t<span class=\"elementor-button-text\">Hier bewerben<\/span>\n\t\t\t\t\t<\/span>\n\t\t\t\t\t<\/a>\n\t\t\t\t<\/div>\n\t\t\t\t\t\t\t\t<\/div>\n\t\t\t\t<\/div>\n\t\t\t\t\t<\/div>\n\t\t\t\t<\/div>\n\t\t\t\t<\/div>\n\t\t","protected":false},"excerpt":{"rendered":"<p>Von der Tschechischen Republik zu weltweiten Projekten Petr ist kein gew\u00f6hnlicher 30-J\u00e4hriger. Mit einer klaren Vision f\u00fcr seine Zukunft und gut durchdachten Pl\u00e4nen, um seine Ziele zu erreichen, befindet er sich auf einer einzigartigen Reise, die ihn beruflich und pers\u00f6nlich bereichert. Als engagierter Ingenieur erm\u00f6glichen ihm spannende Projekte und die 24\/7-Unterst\u00fctzung von Plant Supervision, diese [&hellip;]<\/p>\n","protected":false},"author":2,"featured_media":8885,"parent":8873,"menu_order":0,"comment_status":"closed","ping_status":"closed","template":"","meta":{"content-type":"","footnotes":""},"class_list":["post-8884","page","type-page","status-publish","has-post-thumbnail","hentry"],"yoast_head":"<!-- This site is optimized with the Yoast SEO plugin v27.5 - https:\/\/yoast.com\/product\/yoast-seo-wordpress\/ -->\n<title>Weltenbummler-Ingenieur: Petrs Suche nach einem neuen Zuhause im Ausland -<\/title>\n<meta name=\"description\" content=\"Lesen Sie \u00fcber Petr, einen Ingenieur bei Plant Supervision, der die Welt bereist, wertvolle berufliche Erfahrungen sammelt und nach seinem zuk\u00fcnftigen Zuhause sucht. Entdecken Sie seine inspirierende Reise \u2192\" \/>\n<meta name=\"robots\" content=\"index, follow, max-snippet:-1, max-image-preview:large, max-video-preview:-1\" \/>\n<link rel=\"canonical\" href=\"https:\/\/plant-supervision.com\/de\/werden-sie-teil-von-plant-supervision\/mitarbeitergeschichten\/weltenbummler-ingenieur-petrs-suche-nach-einem-neuen-zuhause-im-ausland\/\" \/>\n<meta property=\"og:locale\" content=\"de_DE\" \/>\n<meta property=\"og:type\" content=\"article\" \/>\n<meta property=\"og:title\" content=\"Weltenbummler-Ingenieur: Petrs Suche nach einem neuen Zuhause im Ausland -\" \/>\n<meta property=\"og:description\" content=\"Lesen Sie \u00fcber Petr, einen Ingenieur bei Plant Supervision, der die Welt bereist, wertvolle berufliche Erfahrungen sammelt und nach seinem zuk\u00fcnftigen Zuhause sucht. Entdecken Sie seine inspirierende Reise \u2192\" \/>\n<meta property=\"og:url\" content=\"https:\/\/plant-supervision.com\/de\/werden-sie-teil-von-plant-supervision\/mitarbeitergeschichten\/weltenbummler-ingenieur-petrs-suche-nach-einem-neuen-zuhause-im-ausland\/\" \/>\n<meta property=\"og:site_name\" content=\"Plant Supervision\" \/>\n<meta property=\"article:modified_time\" content=\"2025-06-18T09:11:41+00:00\" \/>\n<meta property=\"og:image\" content=\"https:\/\/plant-supervision.com\/wp-content\/uploads\/2024\/01\/header.jpg\" \/>\n\t<meta property=\"og:image:width\" content=\"1920\" \/>\n\t<meta property=\"og:image:height\" content=\"780\" \/>\n\t<meta property=\"og:image:type\" content=\"image\/jpeg\" \/>\n<meta name=\"twitter:card\" content=\"summary_large_image\" \/>\n<meta name=\"twitter:label1\" content=\"Gesch\u00e4tzte Lesezeit\" \/>\n\t<meta name=\"twitter:data1\" content=\"3\u00a0Minuten\" \/>\n<script type=\"application\/ld+json\" class=\"yoast-schema-graph\">{\"@context\":\"https:\\\/\\\/schema.org\",\"@graph\":[{\"@type\":\"WebPage\",\"@id\":\"https:\\\/\\\/plant-supervision.com\\\/de\\\/werden-sie-teil-von-plant-supervision\\\/mitarbeitergeschichten\\\/weltenbummler-ingenieur-petrs-suche-nach-einem-neuen-zuhause-im-ausland\\\/\",\"url\":\"https:\\\/\\\/plant-supervision.com\\\/de\\\/werden-sie-teil-von-plant-supervision\\\/mitarbeitergeschichten\\\/weltenbummler-ingenieur-petrs-suche-nach-einem-neuen-zuhause-im-ausland\\\/\",\"name\":\"Weltenbummler-Ingenieur: Petrs Suche nach einem neuen Zuhause im Ausland -\",\"isPartOf\":{\"@id\":\"https:\\\/\\\/plantsupervision.web07.tigermedia.eu\\\/#website\"},\"primaryImageOfPage\":{\"@id\":\"https:\\\/\\\/plant-supervision.com\\\/de\\\/werden-sie-teil-von-plant-supervision\\\/mitarbeitergeschichten\\\/weltenbummler-ingenieur-petrs-suche-nach-einem-neuen-zuhause-im-ausland\\\/#primaryimage\"},\"image\":{\"@id\":\"https:\\\/\\\/plant-supervision.com\\\/de\\\/werden-sie-teil-von-plant-supervision\\\/mitarbeitergeschichten\\\/weltenbummler-ingenieur-petrs-suche-nach-einem-neuen-zuhause-im-ausland\\\/#primaryimage\"},\"thumbnailUrl\":\"https:\\\/\\\/plant-supervision.com\\\/wp-content\\\/uploads\\\/2024\\\/01\\\/header.jpg\",\"datePublished\":\"2024-01-25T10:33:03+00:00\",\"dateModified\":\"2025-06-18T09:11:41+00:00\",\"description\":\"Lesen Sie \u00fcber Petr, einen Ingenieur bei Plant Supervision, der die Welt bereist, wertvolle berufliche Erfahrungen sammelt und nach seinem zuk\u00fcnftigen Zuhause sucht. Entdecken Sie seine inspirierende Reise \u2192\",\"breadcrumb\":{\"@id\":\"https:\\\/\\\/plant-supervision.com\\\/de\\\/werden-sie-teil-von-plant-supervision\\\/mitarbeitergeschichten\\\/weltenbummler-ingenieur-petrs-suche-nach-einem-neuen-zuhause-im-ausland\\\/#breadcrumb\"},\"inLanguage\":\"de\",\"potentialAction\":[{\"@type\":\"ReadAction\",\"target\":[\"https:\\\/\\\/plant-supervision.com\\\/de\\\/werden-sie-teil-von-plant-supervision\\\/mitarbeitergeschichten\\\/weltenbummler-ingenieur-petrs-suche-nach-einem-neuen-zuhause-im-ausland\\\/\"]}]},{\"@type\":\"ImageObject\",\"inLanguage\":\"de\",\"@id\":\"https:\\\/\\\/plant-supervision.com\\\/de\\\/werden-sie-teil-von-plant-supervision\\\/mitarbeitergeschichten\\\/weltenbummler-ingenieur-petrs-suche-nach-einem-neuen-zuhause-im-ausland\\\/#primaryimage\",\"url\":\"https:\\\/\\\/plant-supervision.com\\\/wp-content\\\/uploads\\\/2024\\\/01\\\/header.jpg\",\"contentUrl\":\"https:\\\/\\\/plant-supervision.com\\\/wp-content\\\/uploads\\\/2024\\\/01\\\/header.jpg\",\"width\":1920,\"height\":780},{\"@type\":\"BreadcrumbList\",\"@id\":\"https:\\\/\\\/plant-supervision.com\\\/de\\\/werden-sie-teil-von-plant-supervision\\\/mitarbeitergeschichten\\\/weltenbummler-ingenieur-petrs-suche-nach-einem-neuen-zuhause-im-ausland\\\/#breadcrumb\",\"itemListElement\":[{\"@type\":\"ListItem\",\"position\":1,\"name\":\"Home\",\"item\":\"https:\\\/\\\/plant-supervision.com\\\/de\\\/\"},{\"@type\":\"ListItem\",\"position\":2,\"name\":\"Bewerbung\",\"item\":\"https:\\\/\\\/plant-supervision.com\\\/de\\\/werden-sie-teil-von-plant-supervision\\\/\"},{\"@type\":\"ListItem\",\"position\":3,\"name\":\"Mitarbeitergeschichten\",\"item\":\"https:\\\/\\\/plant-supervision.com\\\/de\\\/werden-sie-teil-von-plant-supervision\\\/mitarbeitergeschichten\\\/\"},{\"@type\":\"ListItem\",\"position\":4,\"name\":\"Weltenbummler-Ingenieur: Petrs Suche nach einem neuen Zuhause im Ausland\"}]},{\"@type\":\"WebSite\",\"@id\":\"https:\\\/\\\/plantsupervision.web07.tigermedia.eu\\\/#website\",\"url\":\"https:\\\/\\\/plantsupervision.web07.tigermedia.eu\\\/\",\"name\":\"Plant Supervision\",\"description\":\"\",\"publisher\":{\"@id\":\"https:\\\/\\\/plantsupervision.web07.tigermedia.eu\\\/#organization\"},\"potentialAction\":[{\"@type\":\"SearchAction\",\"target\":{\"@type\":\"EntryPoint\",\"urlTemplate\":\"https:\\\/\\\/plantsupervision.web07.tigermedia.eu\\\/?s={search_term_string}\"},\"query-input\":{\"@type\":\"PropertyValueSpecification\",\"valueRequired\":true,\"valueName\":\"search_term_string\"}}],\"inLanguage\":\"de\"},{\"@type\":\"Organization\",\"@id\":\"https:\\\/\\\/plantsupervision.web07.tigermedia.eu\\\/#organization\",\"name\":\"Plant Supervision\",\"url\":\"https:\\\/\\\/plantsupervision.web07.tigermedia.eu\\\/\",\"logo\":{\"@type\":\"ImageObject\",\"inLanguage\":\"de\",\"@id\":\"https:\\\/\\\/plantsupervision.web07.tigermedia.eu\\\/#\\\/schema\\\/logo\\\/image\\\/\",\"url\":\"https:\\\/\\\/plant-supervision.com\\\/wp-content\\\/uploads\\\/2023\\\/11\\\/ps_logo_blue.svg\",\"contentUrl\":\"https:\\\/\\\/plant-supervision.com\\\/wp-content\\\/uploads\\\/2023\\\/11\\\/ps_logo_blue.svg\",\"width\":549,\"height\":121,\"caption\":\"Plant Supervision\"},\"image\":{\"@id\":\"https:\\\/\\\/plantsupervision.web07.tigermedia.eu\\\/#\\\/schema\\\/logo\\\/image\\\/\"},\"sameAs\":[\"https:\\\/\\\/www.linkedin.com\\\/company\\\/plant-supervision\\\/\"]}]}<\/script>\n<!-- \/ Yoast SEO plugin. -->","yoast_head_json":{"title":"Weltenbummler-Ingenieur: Petrs Suche nach einem neuen Zuhause im Ausland -","description":"Lesen Sie \u00fcber Petr, einen Ingenieur bei Plant Supervision, der die Welt bereist, wertvolle berufliche Erfahrungen sammelt und nach seinem zuk\u00fcnftigen Zuhause sucht. Entdecken Sie seine inspirierende Reise \u2192","robots":{"index":"index","follow":"follow","max-snippet":"max-snippet:-1","max-image-preview":"max-image-preview:large","max-video-preview":"max-video-preview:-1"},"canonical":"https:\/\/plant-supervision.com\/de\/werden-sie-teil-von-plant-supervision\/mitarbeitergeschichten\/weltenbummler-ingenieur-petrs-suche-nach-einem-neuen-zuhause-im-ausland\/","og_locale":"de_DE","og_type":"article","og_title":"Weltenbummler-Ingenieur: Petrs Suche nach einem neuen Zuhause im Ausland -","og_description":"Lesen Sie \u00fcber Petr, einen Ingenieur bei Plant Supervision, der die Welt bereist, wertvolle berufliche Erfahrungen sammelt und nach seinem zuk\u00fcnftigen Zuhause sucht. Entdecken Sie seine inspirierende Reise \u2192","og_url":"https:\/\/plant-supervision.com\/de\/werden-sie-teil-von-plant-supervision\/mitarbeitergeschichten\/weltenbummler-ingenieur-petrs-suche-nach-einem-neuen-zuhause-im-ausland\/","og_site_name":"Plant Supervision","article_modified_time":"2025-06-18T09:11:41+00:00","og_image":[{"width":1920,"height":780,"url":"https:\/\/plant-supervision.com\/wp-content\/uploads\/2024\/01\/header.jpg","type":"image\/jpeg"}],"twitter_card":"summary_large_image","twitter_misc":{"Gesch\u00e4tzte Lesezeit":"3\u00a0Minuten"},"schema":{"@context":"https:\/\/schema.org","@graph":[{"@type":"WebPage","@id":"https:\/\/plant-supervision.com\/de\/werden-sie-teil-von-plant-supervision\/mitarbeitergeschichten\/weltenbummler-ingenieur-petrs-suche-nach-einem-neuen-zuhause-im-ausland\/","url":"https:\/\/plant-supervision.com\/de\/werden-sie-teil-von-plant-supervision\/mitarbeitergeschichten\/weltenbummler-ingenieur-petrs-suche-nach-einem-neuen-zuhause-im-ausland\/","name":"Weltenbummler-Ingenieur: Petrs Suche nach einem neuen Zuhause im Ausland -","isPartOf":{"@id":"https:\/\/plantsupervision.web07.tigermedia.eu\/#website"},"primaryImageOfPage":{"@id":"https:\/\/plant-supervision.com\/de\/werden-sie-teil-von-plant-supervision\/mitarbeitergeschichten\/weltenbummler-ingenieur-petrs-suche-nach-einem-neuen-zuhause-im-ausland\/#primaryimage"},"image":{"@id":"https:\/\/plant-supervision.com\/de\/werden-sie-teil-von-plant-supervision\/mitarbeitergeschichten\/weltenbummler-ingenieur-petrs-suche-nach-einem-neuen-zuhause-im-ausland\/#primaryimage"},"thumbnailUrl":"https:\/\/plant-supervision.com\/wp-content\/uploads\/2024\/01\/header.jpg","datePublished":"2024-01-25T10:33:03+00:00","dateModified":"2025-06-18T09:11:41+00:00","description":"Lesen Sie \u00fcber Petr, einen Ingenieur bei Plant Supervision, der die Welt bereist, wertvolle berufliche Erfahrungen sammelt und nach seinem zuk\u00fcnftigen Zuhause sucht. Entdecken Sie seine inspirierende Reise \u2192","breadcrumb":{"@id":"https:\/\/plant-supervision.com\/de\/werden-sie-teil-von-plant-supervision\/mitarbeitergeschichten\/weltenbummler-ingenieur-petrs-suche-nach-einem-neuen-zuhause-im-ausland\/#breadcrumb"},"inLanguage":"de","potentialAction":[{"@type":"ReadAction","target":["https:\/\/plant-supervision.com\/de\/werden-sie-teil-von-plant-supervision\/mitarbeitergeschichten\/weltenbummler-ingenieur-petrs-suche-nach-einem-neuen-zuhause-im-ausland\/"]}]},{"@type":"ImageObject","inLanguage":"de","@id":"https:\/\/plant-supervision.com\/de\/werden-sie-teil-von-plant-supervision\/mitarbeitergeschichten\/weltenbummler-ingenieur-petrs-suche-nach-einem-neuen-zuhause-im-ausland\/#primaryimage","url":"https:\/\/plant-supervision.com\/wp-content\/uploads\/2024\/01\/header.jpg","contentUrl":"https:\/\/plant-supervision.com\/wp-content\/uploads\/2024\/01\/header.jpg","width":1920,"height":780},{"@type":"BreadcrumbList","@id":"https:\/\/plant-supervision.com\/de\/werden-sie-teil-von-plant-supervision\/mitarbeitergeschichten\/weltenbummler-ingenieur-petrs-suche-nach-einem-neuen-zuhause-im-ausland\/#breadcrumb","itemListElement":[{"@type":"ListItem","position":1,"name":"Home","item":"https:\/\/plant-supervision.com\/de\/"},{"@type":"ListItem","position":2,"name":"Bewerbung","item":"https:\/\/plant-supervision.com\/de\/werden-sie-teil-von-plant-supervision\/"},{"@type":"ListItem","position":3,"name":"Mitarbeitergeschichten","item":"https:\/\/plant-supervision.com\/de\/werden-sie-teil-von-plant-supervision\/mitarbeitergeschichten\/"},{"@type":"ListItem","position":4,"name":"Weltenbummler-Ingenieur: Petrs Suche nach einem neuen Zuhause im Ausland"}]},{"@type":"WebSite","@id":"https:\/\/plantsupervision.web07.tigermedia.eu\/#website","url":"https:\/\/plantsupervision.web07.tigermedia.eu\/","name":"Plant Supervision","description":"","publisher":{"@id":"https:\/\/plantsupervision.web07.tigermedia.eu\/#organization"},"potentialAction":[{"@type":"SearchAction","target":{"@type":"EntryPoint","urlTemplate":"https:\/\/plantsupervision.web07.tigermedia.eu\/?s={search_term_string}"},"query-input":{"@type":"PropertyValueSpecification","valueRequired":true,"valueName":"search_term_string"}}],"inLanguage":"de"},{"@type":"Organization","@id":"https:\/\/plantsupervision.web07.tigermedia.eu\/#organization","name":"Plant Supervision","url":"https:\/\/plantsupervision.web07.tigermedia.eu\/","logo":{"@type":"ImageObject","inLanguage":"de","@id":"https:\/\/plantsupervision.web07.tigermedia.eu\/#\/schema\/logo\/image\/","url":"https:\/\/plant-supervision.com\/wp-content\/uploads\/2023\/11\/ps_logo_blue.svg","contentUrl":"https:\/\/plant-supervision.com\/wp-content\/uploads\/2023\/11\/ps_logo_blue.svg","width":549,"height":121,"caption":"Plant Supervision"},"image":{"@id":"https:\/\/plantsupervision.web07.tigermedia.eu\/#\/schema\/logo\/image\/"},"sameAs":["https:\/\/www.linkedin.com\/company\/plant-supervision\/"]}]}},"_links":{"self":[{"href":"https:\/\/plant-supervision.com\/de\/wp-json\/wp\/v2\/pages\/8884","targetHints":{"allow":["GET"]}}],"collection":[{"href":"https:\/\/plant-supervision.com\/de\/wp-json\/wp\/v2\/pages"}],"about":[{"href":"https:\/\/plant-supervision.com\/de\/wp-json\/wp\/v2\/types\/page"}],"author":[{"embeddable":true,"href":"https:\/\/plant-supervision.com\/de\/wp-json\/wp\/v2\/users\/2"}],"replies":[{"embeddable":true,"href":"https:\/\/plant-supervision.com\/de\/wp-json\/wp\/v2\/comments?post=8884"}],"version-history":[{"count":2,"href":"https:\/\/plant-supervision.com\/de\/wp-json\/wp\/v2\/pages\/8884\/revisions"}],"predecessor-version":[{"id":10343,"href":"https:\/\/plant-supervision.com\/de\/wp-json\/wp\/v2\/pages\/8884\/revisions\/10343"}],"up":[{"embeddable":true,"href":"https:\/\/plant-supervision.com\/de\/wp-json\/wp\/v2\/pages\/8873"}],"wp:featuredmedia":[{"embeddable":true,"href":"https:\/\/plant-supervision.com\/de\/wp-json\/wp\/v2\/media\/8885"}],"wp:attachment":[{"href":"https:\/\/plant-supervision.com\/de\/wp-json\/wp\/v2\/media?parent=8884"}],"curies":[{"name":"wp","href":"https:\/\/api.w.org\/{rel}","templated":true}]}}