{"id":16360,"date":"2026-02-12T07:01:24","date_gmt":"2026-02-12T07:01:24","guid":{"rendered":"https:\/\/plant-supervision.com\/kandidatenvorschlag-innerhalb-von-48-stunden\/"},"modified":"2026-02-24T08:34:16","modified_gmt":"2026-02-24T08:34:16","slug":"kandidatenvorschlag-innerhalb-von-48-stunden","status":"publish","type":"page","link":"https:\/\/plant-supervision.com\/de\/kandidatenvorschlag-innerhalb-von-48-stunden\/","title":{"rendered":"Kandidatenvorschlag innerhalb von 48 Stunden"},"content":{"rendered":"\t\t<div data-elementor-type=\"wp-page\" data-elementor-id=\"16360\" class=\"elementor elementor-16360 elementor-16305\" data-elementor-post-type=\"page\">\n\t\t\t\t<div class=\"elementor-element elementor-element-e7d0ca1 e-flex e-con-boxed e-con e-parent\" data-id=\"e7d0ca1\" data-element_type=\"container\" data-e-type=\"container\" data-settings=\"{&quot;jet_parallax_layout_list&quot;:[]}\">\n\t\t\t\t\t<div class=\"e-con-inner\">\n\t\t<div class=\"elementor-element elementor-element-626922b e-con-full e-flex e-con e-child\" data-id=\"626922b\" data-element_type=\"container\" data-e-type=\"container\" data-settings=\"{&quot;jet_parallax_layout_list&quot;:[]}\">\n\t\t\t\t<div class=\"elementor-element elementor-element-24a3585 elementor-widget-divider--view-line elementor-widget elementor-widget-divider\" data-id=\"24a3585\" data-element_type=\"widget\" data-e-type=\"widget\" data-widget_type=\"divider.default\">\n\t\t\t\t<div class=\"elementor-widget-container\">\n\t\t\t\t\t\t\t<div class=\"elementor-divider\">\n\t\t\t<span class=\"elementor-divider-separator\">\n\t\t\t\t\t\t<\/span>\n\t\t<\/div>\n\t\t\t\t\t\t<\/div>\n\t\t\t\t<\/div>\n\t\t\t\t<div class=\"elementor-element elementor-element-083bc09 elementor-widget__width-initial elementor-widget elementor-widget-heading\" data-id=\"083bc09\" data-element_type=\"widget\" data-e-type=\"widget\" data-widget_type=\"heading.default\">\n\t\t\t\t<div class=\"elementor-widget-container\">\n\t\t\t\t\t<h2 class=\"elementor-heading-title elementor-size-default\">Qualifizierte Kandidaten innerhalb von 48 Stunden erhalten<\/h2>\t\t\t\t<\/div>\n\t\t\t\t<\/div>\n\t\t\t\t<div class=\"elementor-element elementor-element-2cd359f elementor-hidden-desktop elementor-hidden-tablet_extra elementor-hidden-tablet elementor-widget elementor-widget-text-editor\" data-id=\"2cd359f\" data-element_type=\"widget\" data-e-type=\"widget\" data-widget_type=\"text-editor.default\">\n\t\t\t\t<div class=\"elementor-widget-container\">\n\t\t\t\t\t\t\t\t\t<p><strong>F\u00fcllen Sie das Formular aus \u2013 wir melden uns, um weitere Informationen zu Ihrem Projekt zu besprechen, bevor wir Ihnen passende Kandidaten vorstellen.<\/strong><\/p>\t\t\t\t\t\t\t\t<\/div>\n\t\t\t\t<\/div>\n\t\t\t\t<div class=\"elementor-element elementor-element-f047ced elementor-hidden-desktop elementor-hidden-tablet_extra elementor-hidden-tablet elementor-widget elementor-widget-html\" data-id=\"f047ced\" data-element_type=\"widget\" data-e-type=\"widget\" data-widget_type=\"html.default\">\n\t\t\t\t<div class=\"elementor-widget-container\">\n\t\t\t\t\t<script src=\"https:\/\/js.hsforms.net\/forms\/embed\/6991592.js\" defer><\/script>\n<div class=\"hs-form-frame\" data-region=\"na1\" data-form-id=\"40b5b76c-92cc-473b-a166-a3fae30e3978\" data-portal-id=\"6991592\"><\/div>\t\t\t\t<\/div>\n\t\t\t\t<\/div>\n\t\t\t\t<div class=\"elementor-element elementor-element-f494cc0 elementor-widget elementor-widget-heading\" data-id=\"f494cc0\" data-element_type=\"widget\" data-e-type=\"widget\" data-widget_type=\"heading.default\">\n\t\t\t\t<div class=\"elementor-widget-container\">\n\t\t\t\t\t<h3 class=\"elementor-heading-title elementor-size-default\">Erfahrenes Personal ohne langwierigen Prozess<\/h3>\t\t\t\t<\/div>\n\t\t\t\t<\/div>\n\t\t\t\t<div class=\"elementor-element elementor-element-424cbec elementor-widget elementor-widget-text-editor\" data-id=\"424cbec\" data-element_type=\"widget\" data-e-type=\"widget\" data-widget_type=\"text-editor.default\">\n\t\t\t\t<div class=\"elementor-widget-container\">\n\t\t\t\t\t\t\t\t\t<p>Nachdem Sie das Formular abgeschickt haben, kontaktiert einer unserer Projektmanager Sie zu einem kurzen Gespr\u00e4ch \u00fcber Ihr Projekt und Ihre Herausforderungen. Anschlie\u00dfend erstellen wir innerhalb von 48 Stunden einen gezielten Kandidatenvorschlag. <\/p><p>Keine generischen Lebensl\u00e4ufe. Nur relevante Profile, die zu Ihrem Personalbedarf passen. <\/p>\t\t\t\t\t\t\t\t<\/div>\n\t\t\t\t<\/div>\n\t\t\t\t<div class=\"elementor-element elementor-element-57ec077 elementor-hidden-mobile elementor-widget elementor-widget-text-editor\" data-id=\"57ec077\" data-element_type=\"widget\" data-e-type=\"widget\" data-widget_type=\"text-editor.default\">\n\t\t\t\t<div class=\"elementor-widget-container\">\n\t\t\t\t\t\t\t\t\t<p><strong>F\u00fcllen Sie das Formular aus \u2013 und wir k\u00fcmmern uns um den Rest.<\/strong><\/p>\t\t\t\t\t\t\t\t<\/div>\n\t\t\t\t<\/div>\n\t\t\t\t<\/div>\n\t\t<div class=\"elementor-element elementor-element-affce7c e-con-full elementor-hidden-mobile e-flex e-con e-child\" data-id=\"affce7c\" data-element_type=\"container\" data-e-type=\"container\" data-settings=\"{&quot;jet_parallax_layout_list&quot;:[]}\">\n\t\t\t\t<div class=\"elementor-element elementor-element-72c7c0b elementor-widget elementor-widget-heading\" data-id=\"72c7c0b\" data-element_type=\"widget\" data-e-type=\"widget\" data-widget_type=\"heading.default\">\n\t\t\t\t<div class=\"elementor-widget-container\">\n\t\t\t\t\t<h2 class=\"elementor-heading-title elementor-size-default\">Profile anfordern<\/h2>\t\t\t\t<\/div>\n\t\t\t\t<\/div>\n\t\t\t\t<div class=\"elementor-element elementor-element-ff7e88b elementor-widget elementor-widget-html\" data-id=\"ff7e88b\" data-element_type=\"widget\" data-e-type=\"widget\" data-widget_type=\"html.default\">\n\t\t\t\t<div class=\"elementor-widget-container\">\n\t\t\t\t\t<script src=\"https:\/\/js.hsforms.net\/forms\/embed\/6991592.js\" defer><\/script>\n<div class=\"hs-form-frame\" data-region=\"na1\" data-form-id=\"40b5b76c-92cc-473b-a166-a3fae30e3978\" data-portal-id=\"6991592\"><\/div>\t\t\t\t<\/div>\n\t\t\t\t<\/div>\n\t\t\t\t<\/div>\n\t\t\t\t\t<\/div>\n\t\t\t\t<\/div>\n\t\t\t\t<\/div>\n\t\t","protected":false},"excerpt":{"rendered":"<p>Qualifizierte Kandidaten innerhalb von 48 Stunden erhalten F\u00fcllen Sie das Formular aus \u2013 wir melden uns, um weitere Informationen zu Ihrem Projekt zu besprechen, bevor wir Ihnen passende Kandidaten vorstellen. Erfahrenes Personal ohne langwierigen Prozess Nachdem Sie das Formular abgeschickt haben, kontaktiert einer unserer Projektmanager Sie zu einem kurzen Gespr\u00e4ch \u00fcber Ihr Projekt und Ihre [&hellip;]<\/p>\n","protected":false},"author":1,"featured_media":16308,"parent":0,"menu_order":0,"comment_status":"closed","ping_status":"closed","template":"","meta":{"content-type":"","footnotes":""},"class_list":["post-16360","page","type-page","status-publish","has-post-thumbnail","hentry"],"yoast_head":"<!-- This site is optimized with the Yoast SEO plugin v27.4 - https:\/\/yoast.com\/product\/yoast-seo-wordpress\/ -->\n<title>Kontaktieren Sie uns und erhalten Sie innerhalb von 48 Stunden einen Kandidatenvorschlag<\/title>\n<meta name=\"description\" content=\"Nach dem ersten Kontakt und einer kurzen Einf\u00fchrung in Ihr Projekt stellen wir Ihnen einen passenden Kandidaten oder ein komplettes Team vor, das genau zu Ihren Anforderungen passt. Nehmen Sie hier Kontakt mit uns auf.\" \/>\n<meta name=\"robots\" content=\"index, follow, max-snippet:-1, max-image-preview:large, max-video-preview:-1\" \/>\n<link rel=\"canonical\" href=\"https:\/\/plant-supervision.com\/de\/kandidatenvorschlag-innerhalb-von-48-stunden\/\" \/>\n<meta property=\"og:locale\" content=\"de_DE\" \/>\n<meta property=\"og:type\" content=\"article\" \/>\n<meta property=\"og:title\" content=\"Kontaktieren Sie uns und erhalten Sie innerhalb von 48 Stunden einen Kandidatenvorschlag\" \/>\n<meta property=\"og:description\" content=\"Nach dem ersten Kontakt und einer kurzen Einf\u00fchrung in Ihr Projekt stellen wir Ihnen einen passenden Kandidaten oder ein komplettes Team vor, das genau zu Ihren Anforderungen passt. Nehmen Sie hier Kontakt mit uns auf.\" \/>\n<meta property=\"og:url\" content=\"https:\/\/plant-supervision.com\/de\/kandidatenvorschlag-innerhalb-von-48-stunden\/\" \/>\n<meta property=\"og:site_name\" content=\"Plant Supervision\" \/>\n<meta property=\"article:modified_time\" content=\"2026-02-24T08:34:16+00:00\" \/>\n<meta property=\"og:image\" content=\"https:\/\/plant-supervision.com\/wp-content\/uploads\/2026\/02\/Header.jpg\" \/>\n\t<meta property=\"og:image:width\" content=\"1350\" \/>\n\t<meta property=\"og:image:height\" content=\"560\" \/>\n\t<meta property=\"og:image:type\" content=\"image\/jpeg\" \/>\n<meta name=\"twitter:card\" content=\"summary_large_image\" \/>\n<script type=\"application\/ld+json\" class=\"yoast-schema-graph\">{\"@context\":\"https:\\\/\\\/schema.org\",\"@graph\":[{\"@type\":\"WebPage\",\"@id\":\"https:\\\/\\\/plant-supervision.com\\\/de\\\/kandidatenvorschlag-innerhalb-von-48-stunden\\\/\",\"url\":\"https:\\\/\\\/plant-supervision.com\\\/de\\\/kandidatenvorschlag-innerhalb-von-48-stunden\\\/\",\"name\":\"Kontaktieren Sie uns und erhalten Sie innerhalb von 48 Stunden einen Kandidatenvorschlag\",\"isPartOf\":{\"@id\":\"https:\\\/\\\/plantsupervision.web07.tigermedia.eu\\\/#website\"},\"primaryImageOfPage\":{\"@id\":\"https:\\\/\\\/plant-supervision.com\\\/de\\\/kandidatenvorschlag-innerhalb-von-48-stunden\\\/#primaryimage\"},\"image\":{\"@id\":\"https:\\\/\\\/plant-supervision.com\\\/de\\\/kandidatenvorschlag-innerhalb-von-48-stunden\\\/#primaryimage\"},\"thumbnailUrl\":\"https:\\\/\\\/plant-supervision.com\\\/wp-content\\\/uploads\\\/2026\\\/02\\\/Header.jpg\",\"datePublished\":\"2026-02-12T07:01:24+00:00\",\"dateModified\":\"2026-02-24T08:34:16+00:00\",\"description\":\"Nach dem ersten Kontakt und einer kurzen Einf\u00fchrung in Ihr Projekt stellen wir Ihnen einen passenden Kandidaten oder ein komplettes Team vor, das genau zu Ihren Anforderungen passt. Nehmen Sie hier Kontakt mit uns auf.\",\"breadcrumb\":{\"@id\":\"https:\\\/\\\/plant-supervision.com\\\/de\\\/kandidatenvorschlag-innerhalb-von-48-stunden\\\/#breadcrumb\"},\"inLanguage\":\"de\",\"potentialAction\":[{\"@type\":\"ReadAction\",\"target\":[\"https:\\\/\\\/plant-supervision.com\\\/de\\\/kandidatenvorschlag-innerhalb-von-48-stunden\\\/\"]}]},{\"@type\":\"ImageObject\",\"inLanguage\":\"de\",\"@id\":\"https:\\\/\\\/plant-supervision.com\\\/de\\\/kandidatenvorschlag-innerhalb-von-48-stunden\\\/#primaryimage\",\"url\":\"https:\\\/\\\/plant-supervision.com\\\/wp-content\\\/uploads\\\/2026\\\/02\\\/Header.jpg\",\"contentUrl\":\"https:\\\/\\\/plant-supervision.com\\\/wp-content\\\/uploads\\\/2026\\\/02\\\/Header.jpg\",\"width\":1350,\"height\":560,\"caption\":\"Zwei Inbetriebnahmeingenieure im Rechenzentrum\"},{\"@type\":\"BreadcrumbList\",\"@id\":\"https:\\\/\\\/plant-supervision.com\\\/de\\\/kandidatenvorschlag-innerhalb-von-48-stunden\\\/#breadcrumb\",\"itemListElement\":[{\"@type\":\"ListItem\",\"position\":1,\"name\":\"Home\",\"item\":\"https:\\\/\\\/plant-supervision.com\\\/de\\\/\"},{\"@type\":\"ListItem\",\"position\":2,\"name\":\"Kandidatenvorschlag innerhalb von 48 Stunden\"}]},{\"@type\":\"WebSite\",\"@id\":\"https:\\\/\\\/plantsupervision.web07.tigermedia.eu\\\/#website\",\"url\":\"https:\\\/\\\/plantsupervision.web07.tigermedia.eu\\\/\",\"name\":\"Plant Supervision\",\"description\":\"\",\"publisher\":{\"@id\":\"https:\\\/\\\/plantsupervision.web07.tigermedia.eu\\\/#organization\"},\"potentialAction\":[{\"@type\":\"SearchAction\",\"target\":{\"@type\":\"EntryPoint\",\"urlTemplate\":\"https:\\\/\\\/plantsupervision.web07.tigermedia.eu\\\/?s={search_term_string}\"},\"query-input\":{\"@type\":\"PropertyValueSpecification\",\"valueRequired\":true,\"valueName\":\"search_term_string\"}}],\"inLanguage\":\"de\"},{\"@type\":\"Organization\",\"@id\":\"https:\\\/\\\/plantsupervision.web07.tigermedia.eu\\\/#organization\",\"name\":\"Plant Supervision\",\"url\":\"https:\\\/\\\/plantsupervision.web07.tigermedia.eu\\\/\",\"logo\":{\"@type\":\"ImageObject\",\"inLanguage\":\"de\",\"@id\":\"https:\\\/\\\/plantsupervision.web07.tigermedia.eu\\\/#\\\/schema\\\/logo\\\/image\\\/\",\"url\":\"https:\\\/\\\/plant-supervision.com\\\/wp-content\\\/uploads\\\/2023\\\/11\\\/ps_logo_blue.svg\",\"contentUrl\":\"https:\\\/\\\/plant-supervision.com\\\/wp-content\\\/uploads\\\/2023\\\/11\\\/ps_logo_blue.svg\",\"width\":549,\"height\":121,\"caption\":\"Plant Supervision\"},\"image\":{\"@id\":\"https:\\\/\\\/plantsupervision.web07.tigermedia.eu\\\/#\\\/schema\\\/logo\\\/image\\\/\"},\"sameAs\":[\"https:\\\/\\\/www.linkedin.com\\\/company\\\/plant-supervision\\\/\"]}]}<\/script>\n<!-- \/ Yoast SEO plugin. -->","yoast_head_json":{"title":"Kontaktieren Sie uns und erhalten Sie innerhalb von 48 Stunden einen Kandidatenvorschlag","description":"Nach dem ersten Kontakt und einer kurzen Einf\u00fchrung in Ihr Projekt stellen wir Ihnen einen passenden Kandidaten oder ein komplettes Team vor, das genau zu Ihren Anforderungen passt. Nehmen Sie hier Kontakt mit uns auf.","robots":{"index":"index","follow":"follow","max-snippet":"max-snippet:-1","max-image-preview":"max-image-preview:large","max-video-preview":"max-video-preview:-1"},"canonical":"https:\/\/plant-supervision.com\/de\/kandidatenvorschlag-innerhalb-von-48-stunden\/","og_locale":"de_DE","og_type":"article","og_title":"Kontaktieren Sie uns und erhalten Sie innerhalb von 48 Stunden einen Kandidatenvorschlag","og_description":"Nach dem ersten Kontakt und einer kurzen Einf\u00fchrung in Ihr Projekt stellen wir Ihnen einen passenden Kandidaten oder ein komplettes Team vor, das genau zu Ihren Anforderungen passt. Nehmen Sie hier Kontakt mit uns auf.","og_url":"https:\/\/plant-supervision.com\/de\/kandidatenvorschlag-innerhalb-von-48-stunden\/","og_site_name":"Plant Supervision","article_modified_time":"2026-02-24T08:34:16+00:00","og_image":[{"width":1350,"height":560,"url":"https:\/\/plant-supervision.com\/wp-content\/uploads\/2026\/02\/Header.jpg","type":"image\/jpeg"}],"twitter_card":"summary_large_image","schema":{"@context":"https:\/\/schema.org","@graph":[{"@type":"WebPage","@id":"https:\/\/plant-supervision.com\/de\/kandidatenvorschlag-innerhalb-von-48-stunden\/","url":"https:\/\/plant-supervision.com\/de\/kandidatenvorschlag-innerhalb-von-48-stunden\/","name":"Kontaktieren Sie uns und erhalten Sie innerhalb von 48 Stunden einen Kandidatenvorschlag","isPartOf":{"@id":"https:\/\/plantsupervision.web07.tigermedia.eu\/#website"},"primaryImageOfPage":{"@id":"https:\/\/plant-supervision.com\/de\/kandidatenvorschlag-innerhalb-von-48-stunden\/#primaryimage"},"image":{"@id":"https:\/\/plant-supervision.com\/de\/kandidatenvorschlag-innerhalb-von-48-stunden\/#primaryimage"},"thumbnailUrl":"https:\/\/plant-supervision.com\/wp-content\/uploads\/2026\/02\/Header.jpg","datePublished":"2026-02-12T07:01:24+00:00","dateModified":"2026-02-24T08:34:16+00:00","description":"Nach dem ersten Kontakt und einer kurzen Einf\u00fchrung in Ihr Projekt stellen wir Ihnen einen passenden Kandidaten oder ein komplettes Team vor, das genau zu Ihren Anforderungen passt. Nehmen Sie hier Kontakt mit uns auf.","breadcrumb":{"@id":"https:\/\/plant-supervision.com\/de\/kandidatenvorschlag-innerhalb-von-48-stunden\/#breadcrumb"},"inLanguage":"de","potentialAction":[{"@type":"ReadAction","target":["https:\/\/plant-supervision.com\/de\/kandidatenvorschlag-innerhalb-von-48-stunden\/"]}]},{"@type":"ImageObject","inLanguage":"de","@id":"https:\/\/plant-supervision.com\/de\/kandidatenvorschlag-innerhalb-von-48-stunden\/#primaryimage","url":"https:\/\/plant-supervision.com\/wp-content\/uploads\/2026\/02\/Header.jpg","contentUrl":"https:\/\/plant-supervision.com\/wp-content\/uploads\/2026\/02\/Header.jpg","width":1350,"height":560,"caption":"Zwei Inbetriebnahmeingenieure im Rechenzentrum"},{"@type":"BreadcrumbList","@id":"https:\/\/plant-supervision.com\/de\/kandidatenvorschlag-innerhalb-von-48-stunden\/#breadcrumb","itemListElement":[{"@type":"ListItem","position":1,"name":"Home","item":"https:\/\/plant-supervision.com\/de\/"},{"@type":"ListItem","position":2,"name":"Kandidatenvorschlag innerhalb von 48 Stunden"}]},{"@type":"WebSite","@id":"https:\/\/plantsupervision.web07.tigermedia.eu\/#website","url":"https:\/\/plantsupervision.web07.tigermedia.eu\/","name":"Plant Supervision","description":"","publisher":{"@id":"https:\/\/plantsupervision.web07.tigermedia.eu\/#organization"},"potentialAction":[{"@type":"SearchAction","target":{"@type":"EntryPoint","urlTemplate":"https:\/\/plantsupervision.web07.tigermedia.eu\/?s={search_term_string}"},"query-input":{"@type":"PropertyValueSpecification","valueRequired":true,"valueName":"search_term_string"}}],"inLanguage":"de"},{"@type":"Organization","@id":"https:\/\/plantsupervision.web07.tigermedia.eu\/#organization","name":"Plant Supervision","url":"https:\/\/plantsupervision.web07.tigermedia.eu\/","logo":{"@type":"ImageObject","inLanguage":"de","@id":"https:\/\/plantsupervision.web07.tigermedia.eu\/#\/schema\/logo\/image\/","url":"https:\/\/plant-supervision.com\/wp-content\/uploads\/2023\/11\/ps_logo_blue.svg","contentUrl":"https:\/\/plant-supervision.com\/wp-content\/uploads\/2023\/11\/ps_logo_blue.svg","width":549,"height":121,"caption":"Plant Supervision"},"image":{"@id":"https:\/\/plantsupervision.web07.tigermedia.eu\/#\/schema\/logo\/image\/"},"sameAs":["https:\/\/www.linkedin.com\/company\/plant-supervision\/"]}]}},"_links":{"self":[{"href":"https:\/\/plant-supervision.com\/de\/wp-json\/wp\/v2\/pages\/16360","targetHints":{"allow":["GET"]}}],"collection":[{"href":"https:\/\/plant-supervision.com\/de\/wp-json\/wp\/v2\/pages"}],"about":[{"href":"https:\/\/plant-supervision.com\/de\/wp-json\/wp\/v2\/types\/page"}],"author":[{"embeddable":true,"href":"https:\/\/plant-supervision.com\/de\/wp-json\/wp\/v2\/users\/1"}],"replies":[{"embeddable":true,"href":"https:\/\/plant-supervision.com\/de\/wp-json\/wp\/v2\/comments?post=16360"}],"version-history":[{"count":1,"href":"https:\/\/plant-supervision.com\/de\/wp-json\/wp\/v2\/pages\/16360\/revisions"}],"predecessor-version":[{"id":16361,"href":"https:\/\/plant-supervision.com\/de\/wp-json\/wp\/v2\/pages\/16360\/revisions\/16361"}],"wp:featuredmedia":[{"embeddable":true,"href":"https:\/\/plant-supervision.com\/de\/wp-json\/wp\/v2\/media\/16308"}],"wp:attachment":[{"href":"https:\/\/plant-supervision.com\/de\/wp-json\/wp\/v2\/media?parent=16360"}],"curies":[{"name":"wp","href":"https:\/\/api.w.org\/{rel}","templated":true}]}}