{"id":16008,"date":"2025-12-22T14:08:07","date_gmt":"2025-12-22T14:08:07","guid":{"rendered":"https:\/\/plant-supervision.com\/erfahrung-kann-man-nicht-lehren-lernen-sie-inbetriebnahme-spezialist-christian-thorup-kennen\/"},"modified":"2026-01-12T13:53:56","modified_gmt":"2026-01-12T13:53:56","slug":"erfahrung-kann-man-nicht-lehren-lernen-sie-inbetriebnahme-spezialist-christian-thorup-kennen","status":"publish","type":"page","link":"https:\/\/plant-supervision.com\/de\/erfahrung-kann-man-nicht-lehren-lernen-sie-inbetriebnahme-spezialist-christian-thorup-kennen\/","title":{"rendered":"\u201eErfahrung kann man nicht lehren\u201c \u2013 Lernen Sie Inbetriebnahme-Spezialist Christian Thorup kennen"},"content":{"rendered":"\t\t<div data-elementor-type=\"wp-page\" data-elementor-id=\"16008\" class=\"elementor elementor-16008 elementor-15927\" data-elementor-post-type=\"page\">\n\t\t\t\t<div class=\"elementor-element elementor-element-1826f7c7 e-flex e-con-boxed e-con e-parent\" data-id=\"1826f7c7\" data-element_type=\"container\" data-e-type=\"container\" data-settings=\"{&quot;jet_parallax_layout_list&quot;:[]}\">\n\t\t\t\t\t<div class=\"e-con-inner\">\n\t\t\t\t<div class=\"elementor-element elementor-element-3aa0d8ab elementor-widget elementor-widget-heading\" data-id=\"3aa0d8ab\" data-element_type=\"widget\" data-e-type=\"widget\" data-widget_type=\"heading.default\">\n\t\t\t\t<div class=\"elementor-widget-container\">\n\t\t\t\t\t<h2 class=\"elementor-heading-title elementor-size-default\">Christian Thorup: \u201eErfahrung kann man nicht lehren\u201c<\/h2>\t\t\t\t<\/div>\n\t\t\t\t<\/div>\n\t\t\t\t<div class=\"elementor-element elementor-element-311f48b elementor-widget elementor-widget-image\" data-id=\"311f48b\" data-element_type=\"widget\" data-e-type=\"widget\" data-widget_type=\"image.default\">\n\t\t\t\t<div class=\"elementor-widget-container\">\n\t\t\t\t\t\t\t\t\t\t\t\t\t\t\t<img fetchpriority=\"high\" decoding=\"async\" width=\"800\" height=\"332\" src=\"https:\/\/plant-supervision.com\/wp-content\/uploads\/2025\/12\/coverbilleder-1-1024x425.png\" class=\"attachment-large size-large wp-image-15954\" alt=\"\" srcset=\"https:\/\/plant-supervision.com\/wp-content\/uploads\/2025\/12\/coverbilleder-1-1024x425.png 1024w, https:\/\/plant-supervision.com\/wp-content\/uploads\/2025\/12\/coverbilleder-1-300x124.png 300w, https:\/\/plant-supervision.com\/wp-content\/uploads\/2025\/12\/coverbilleder-1-768x319.png 768w, https:\/\/plant-supervision.com\/wp-content\/uploads\/2025\/12\/coverbilleder-1.png 1350w\" sizes=\"(max-width: 800px) 100vw, 800px\" \/>\t\t\t\t\t\t\t\t\t\t\t\t\t\t\t<\/div>\n\t\t\t\t<\/div>\n\t\t\t\t<div class=\"elementor-element elementor-element-23694450 elementor-widget elementor-widget-text-editor\" data-id=\"23694450\" data-element_type=\"widget\" data-e-type=\"widget\" data-widget_type=\"text-editor.default\">\n\t\t\t\t<div class=\"elementor-widget-container\">\n\t\t\t\t\t\t\t\t\t<p><em>Wenn bei Christian Thorup das Telefon klingelt und am anderen Ende eine vertraute Stimme von Plant Supervision zu h\u00f6ren ist, wei\u00df er sofort, was kommt.<\/em><\/p><p><em>\u201eWenn sie anrufen und um Unterst\u00fctzung f\u00fcr ein neues Projekt bitten, kann ich einfach nicht Nein sagen.\u201c<\/em><\/p><p><strong>Am richtigen Ort gelandet<\/strong><\/p><p>Nach fast 40 Jahren in der technischen Industrie hat Christian unz\u00e4hlige Anlagen, Fabriken und Inbetriebnahmen erlebt. <br>Seine Karriere begann in den 1980er-Jahren bei Aalborg Portland, sp\u00e4ter wechselte er zu FLSmidth, wo er \u00fcber ein Jahrzehnt t\u00e4tig war. Dann schlug er eine ganz andere Richtung ein: Er wurde Bootsbauer. Doch 2014 stellte Christian fest, dass der Bootsbau doch nicht das Richtige f\u00fcr ihn war \u2013 und kehrte mit Plant Supervision in seinen urspr\u00fcnglichen Beruf zur\u00fcck. <\/p><p>\u201eIch mochte es schon immer, neue Orte kennenzulernen und Anlagen von Grund auf in Betrieb zu nehmen. Jede Fabrik ist anders, jede Herausforderung einzigartig. Das lernt man nicht aus B\u00fcchern \u2013 nur durch Erfahrung. Genau das macht erfahrene Spezialisten so wertvoll.\u201c<\/p><p>Heute arbeitet Christian als Inbetriebnahme-Ingenieur und war zuletzt Teil eines vierk\u00f6pfigen Teams im Schichtbetrieb bei einem Kalkofenprojekt in Portugal. Die Arbeitszeiten sind fair und gut strukturiert: acht Tage Einsatz, zwei Tage frei \u2013 weit entfernt von den kr\u00e4ftezehrenden 12-Stunden-Schichten, die fr\u00fcher in der Branche \u00fcblich waren, erinnert er sich. <\/p><p><strong>Wertsch\u00e4tzung als Antrieb<\/strong><\/p><p>Doch f\u00fcr Christian geht es nicht nur um die Arbeit \u2013 entscheidend ist f\u00fcr ihn auch, wie Plant Supervision mit seinen Leuten umgeht. <br>\u201ePlant Supervision k\u00fcmmert sich um uns. Als ich in Portugal war, haben sie sogar organisiert, dass meine Frau mich besuchen konnte \u2013 auf ihre Kosten. So etwas vergisst man nicht. Da f\u00fchlt man sich wirklich wertgesch\u00e4tzt.\u201c<\/p><p>Als erfahrener Supervisor sch\u00e4tzt er auch die Freiheit, die der Job mit sich bringt.<br>\u201eDas Sch\u00f6ne an der Arbeit auf Projektbasis ist: Man kann auch mal Nein sagen. Man w\u00e4hlt selbst, wohin man reist, welche Projekte man annimmt und wie lange man bleiben m\u00f6chte \u2013 und Plant Supervision respektiert das. Aber ehrlich gesagt, lehne ich nur selten ab\u201c, sagt er lachend.<\/p><p>Erfahren Sie <a href=\"https:\/\/plant-supervision.com\/de\/werden-sie-teil-von-plant-supervision\/mitarbeitergeschichten\/\">hier <\/a>mehr \u00fcber die Erfahrungen unserer Mitarbeitenden. <\/p>\t\t\t\t\t\t\t\t<\/div>\n\t\t\t\t<\/div>\n\t\t\t\t<div class=\"elementor-element elementor-element-38e694f3 elementor-widget elementor-widget-image\" data-id=\"38e694f3\" data-element_type=\"widget\" data-e-type=\"widget\" data-widget_type=\"image.default\">\n\t\t\t\t<div class=\"elementor-widget-container\">\n\t\t\t\t\t\t\t\t\t\t\t\t\t\t\t<img decoding=\"async\" width=\"1920\" height=\"1920\" src=\"https:\/\/plant-supervision.com\/wp-content\/uploads\/2025\/12\/Christian-Thorup-1.jpg\" class=\"attachment-full size-full wp-image-15957\" alt=\"\" srcset=\"https:\/\/plant-supervision.com\/wp-content\/uploads\/2025\/12\/Christian-Thorup-1.jpg 1920w, https:\/\/plant-supervision.com\/wp-content\/uploads\/2025\/12\/Christian-Thorup-1-300x300.jpg 300w, https:\/\/plant-supervision.com\/wp-content\/uploads\/2025\/12\/Christian-Thorup-1-1024x1024.jpg 1024w, https:\/\/plant-supervision.com\/wp-content\/uploads\/2025\/12\/Christian-Thorup-1-150x150.jpg 150w, https:\/\/plant-supervision.com\/wp-content\/uploads\/2025\/12\/Christian-Thorup-1-768x768.jpg 768w, https:\/\/plant-supervision.com\/wp-content\/uploads\/2025\/12\/Christian-Thorup-1-1536x1536.jpg 1536w\" sizes=\"(max-width: 1920px) 100vw, 1920px\" \/>\t\t\t\t\t\t\t\t\t\t\t\t\t\t\t<\/div>\n\t\t\t\t<\/div>\n\t\t\t\t<div class=\"elementor-element elementor-element-70c8b0fa elementor-widget elementor-widget-text-editor\" data-id=\"70c8b0fa\" data-element_type=\"widget\" data-e-type=\"widget\" data-widget_type=\"text-editor.default\">\n\t\t\t\t<div class=\"elementor-widget-container\">\n\t\t\t\t\t\t\t\t\t<p><strong>Das Fernweh bleibt<\/strong><\/p><p>Zwischen den Eins\u00e4tzen genie\u00dft Christian die Zeit zu Hause in D\u00e4nemark \u2013 bis der n\u00e4chste Anruf kommt. Dann geht\u2019s wieder los: zum Flughafen, raus aufs Projekt \u2013 zur\u00fcck zu der Arbeit, die er auch nach all den Jahren noch liebt.  <br>Und in Kontakt zu bleiben, war nie einfacher. Zwischen den Besuchen telefonieren er und seine Frau mehrmals pro Woche. Er erinnert sich noch an Zeiten, in denen das Faxger\u00e4t das einzige Kommunikationsmittel war und Entfernungen viel gr\u00f6\u00dfer wirkten.  <\/p><p>Trotz seines Alters ist Christians Begeisterung ungebrochen. Mit 70 Jahren sagt er, dass Geld l\u00e4ngst nicht mehr der Hauptantrieb ist. Was ihn motiviert? Neue L\u00e4nder kennenzulernen und neue Anlagen in Betrieb zu nehmen \u2013 das ist es, was ihn wirklich begeistert. Die Bezahlung ist nur noch zweitrangig. Zumal das Arbeiten \u00fcber das Rentenalter hinaus seit einer d\u00e4nischen Reform auch finanziell deutlich attraktiver geworden ist: Der Lohn wird nun nicht mehr auf die staatliche Rente angerechnet wie fr\u00fcher.   <\/p><p>Mehr zum Thema Arbeiten im Ruhestand bei Plant Supervision erfahren Sie <a href=\"https:\/\/plant-supervision.com\/senior-professionals-continue-your-career-your-way\/\">hier<\/a>. <\/p><p><strong>Ein Leben auf Abruf<\/strong><\/p><p>Christian erinnert sich an einen Moment, als er gerade Farbe f\u00fcr sein Haus kaufen wollte. Da klingelte das Telefon \u2013 seine Frau rief an mit einer Nachricht vom Chef: \u201eDu fliegst heute nach Thailand.\u201c Also lie\u00df Christian die Pinsel im Laden liegen und suchte stattdessen seinen Reisepass. Ein anderes Mal wurde er f\u00fcr einen dreiw\u00f6chigen Einsatz nach Italien geschickt \u2013 daraus wurden elf Monate.    <\/p><p>Solche Anekdoten zeigen, wie flexibel und unvorhersehbar das Leben als freiberuflicher Inbetriebnahme-Ingenieur sein kann \u2013 und genau das macht f\u00fcr Christian den Reiz aus. Besonders gern ist er bei Projektstarts dabei \u2013 dort, wo er den gr\u00f6\u00dften Unterschied machen kann. <\/p><p>Er erz\u00e4hlt, dass er sein Leben stets in F\u00fcnfjahres-Schritten geplant hat. Danach wird ihm schnell langweilig \u2013 und es muss etwas Neues her. <\/p><p> <\/p>\t\t\t\t\t\t\t\t<\/div>\n\t\t\t\t<\/div>\n\t\t\t\t<div class=\"elementor-element elementor-element-8aea15c elementor-widget elementor-widget-image\" data-id=\"8aea15c\" data-element_type=\"widget\" data-e-type=\"widget\" data-widget_type=\"image.default\">\n\t\t\t\t<div class=\"elementor-widget-container\">\n\t\t\t\t\t\t\t\t\t\t\t\t\t\t\t<img decoding=\"async\" width=\"1920\" height=\"1080\" src=\"https:\/\/plant-supervision.com\/wp-content\/uploads\/2025\/12\/Thorup-hjelm.png\" class=\"attachment-full size-full wp-image-15963\" alt=\"\" srcset=\"https:\/\/plant-supervision.com\/wp-content\/uploads\/2025\/12\/Thorup-hjelm.png 1920w, https:\/\/plant-supervision.com\/wp-content\/uploads\/2025\/12\/Thorup-hjelm-300x169.png 300w, https:\/\/plant-supervision.com\/wp-content\/uploads\/2025\/12\/Thorup-hjelm-1024x576.png 1024w, https:\/\/plant-supervision.com\/wp-content\/uploads\/2025\/12\/Thorup-hjelm-768x432.png 768w, https:\/\/plant-supervision.com\/wp-content\/uploads\/2025\/12\/Thorup-hjelm-1536x864.png 1536w\" sizes=\"(max-width: 1920px) 100vw, 1920px\" \/>\t\t\t\t\t\t\t\t\t\t\t\t\t\t\t<\/div>\n\t\t\t\t<\/div>\n\t\t\t\t<div class=\"elementor-element elementor-element-058132b elementor-widget elementor-widget-text-editor\" data-id=\"058132b\" data-element_type=\"widget\" data-e-type=\"widget\" data-widget_type=\"text-editor.default\">\n\t\t\t\t<div class=\"elementor-widget-container\">\n\t\t\t\t\t\t\t\t\t<p><strong>Sicher unterwegs mit Plant Supervision im Hintergrund<\/strong><\/p><p>Auch wenn die technischen Aspekte seiner Arbeit beim Kunden liegen \u2013 um alles andere k\u00fcmmert sich Plant Supervision: Vertr\u00e4ge, Visa, Zugang zur Baustelle, Reisen, Unterkunft und alle organisatorischen Fragen. Diese Rundum-Betreuung gibt Christian das Gef\u00fchl, gut aufgehoben zu sein \u2013 auch fern der Heimat. <\/p><p>Projektleiter Thomas Kristensen arbeitet seit Jahren mit Christian zusammen und sch\u00e4tzt seine Expertise und sein freundliches Wesen:<\/p><p>\u201eChristian war eigentlich schon im Ruhestand, als wir ihn \u00fcberzeugt haben, f\u00fcr uns zu arbeiten. Er reist, wenn es f\u00fcr ihn und seine Familie passt \u2013 und genau diese Flexibilit\u00e4t funktioniert f\u00fcr beide Seiten bestens. Er bringt Fachwissen mit, das man nur noch selten findet, und ist ein gro\u00dfartiger Kollege, bei Mitarbeitenden und Kunden gleicherma\u00dfen beliebt.\u201c<\/p>\t\t\t\t\t\t\t\t<\/div>\n\t\t\t\t<\/div>\n\t\t\t\t<div class=\"elementor-element elementor-element-d011d69 elementor-widget elementor-widget-text-editor\" data-id=\"d011d69\" data-element_type=\"widget\" data-e-type=\"widget\" data-widget_type=\"text-editor.default\">\n\t\t\t\t<div class=\"elementor-widget-container\">\n\t\t\t\t\t\t\t\t\t<p><strong>Interessiert daran, Teil unseres Teams zu werden?<\/strong><\/p><p>Wenn Sie Fragen dazu haben, wie Sie Techniker, Ingenieur oder Supervisor bei Plant Supervision werden k\u00f6nnen, <a href=\"https:\/\/plant-supervision.com\/de\/werden-sie-teil-von-plant-supervision\/lebenslauf-hochladen\/\">laden Sie einfach Ihren Lebenslauf<\/a> hoch oder kontaktieren Sie uns gerne:<\/p>\t\t\t\t\t\t\t\t<\/div>\n\t\t\t\t<\/div>\n\t\t<div class=\"elementor-element elementor-element-8edbe15 e-con-full e-flex e-con e-child\" data-id=\"8edbe15\" data-element_type=\"container\" data-e-type=\"container\" data-settings=\"{&quot;jet_parallax_layout_list&quot;:[]}\">\n\t\t\t\t<div class=\"elementor-element elementor-element-a7267bb elementor-widget elementor-widget-author-box\" data-id=\"a7267bb\" data-element_type=\"widget\" data-e-type=\"widget\" data-widget_type=\"author-box.default\">\n\t\t\t\t<div class=\"elementor-widget-container\">\n\t\t\t\t\t\t\t<div class=\"elementor-author-box\">\n\t\t\t\t\t\t\t<div  class=\"elementor-author-box__avatar\">\n\t\t\t\t\t<img decoding=\"async\" src=\"https:\/\/plant-supervision.com\/wp-content\/uploads\/2025\/06\/Niels-300x300.jpg\" alt=\"Autoren-Profilbild\" loading=\"lazy\">\n\t\t\t\t<\/div>\n\t\t\t\n\t\t\t<div class=\"elementor-author-box__text\">\n\t\t\t\t\n\t\t\t\t\n\t\t\t\t\t\t\t<\/div>\n\t\t<\/div>\n\t\t\t\t\t\t<\/div>\n\t\t\t\t<\/div>\n\t\t<div class=\"elementor-element elementor-element-8d7bcd4 e-con-full e-flex e-con e-child\" data-id=\"8d7bcd4\" data-element_type=\"container\" data-e-type=\"container\" data-settings=\"{&quot;jet_parallax_layout_list&quot;:[]}\">\n\t\t\t\t<div class=\"elementor-element elementor-element-e7f23d9 elementor-widget elementor-widget-text-editor\" data-id=\"e7f23d9\" data-element_type=\"widget\" data-e-type=\"widget\" data-widget_type=\"text-editor.default\">\n\t\t\t\t<div class=\"elementor-widget-container\">\n\t\t\t\t\t\t\t\t\t<p data-start=\"1749\" data-end=\"1894\"><strong data-start=\"1752\" data-end=\"1768\">Niels M\u00f8ller<\/strong><br data-start=\"1768\" data-end=\"1771\">Staffing &amp; Recruitment Consultant<br data-start=\"1806\" data-end=\"1809\"><a class=\"decorated-link cursor-pointer\" href=\"mailto:nmo@plantsupervision.com\" rel=\"noopener\" data-start=\"1812\" data-end=\"1871\">nmo@plant-supervision.com<\/a><br data-start=\"1871\" data-end=\"1874\">+45 3170 9862<\/p>\t\t\t\t\t\t\t\t<\/div>\n\t\t\t\t<\/div>\n\t\t\t\t<\/div>\n\t\t\t\t<\/div>\n\t\t\t\t\t<\/div>\n\t\t\t\t<\/div>\n\t\t\t\t<\/div>\n\t\t","protected":false},"excerpt":{"rendered":"<p>Christian Thorup: \u201eErfahrung kann man nicht lehren\u201c Wenn bei Christian Thorup das Telefon klingelt und am anderen Ende eine vertraute Stimme von Plant Supervision zu h\u00f6ren ist, wei\u00df er sofort, was kommt. \u201eWenn sie anrufen und um Unterst\u00fctzung f\u00fcr ein neues Projekt bitten, kann ich einfach nicht Nein sagen.\u201c Am richtigen Ort gelandet Nach fast [&hellip;]<\/p>\n","protected":false},"author":17,"featured_media":15954,"parent":0,"menu_order":0,"comment_status":"closed","ping_status":"closed","template":"","meta":{"content-type":"","footnotes":""},"class_list":["post-16008","page","type-page","status-publish","has-post-thumbnail","hentry"],"yoast_head":"<!-- This site is optimized with the Yoast SEO plugin v27.5 - https:\/\/yoast.com\/product\/yoast-seo-wordpress\/ -->\n<title>\u201eErfahrung kann man nicht lehren\u201c \u2013 Lernen Sie Inbetriebnahme-Spezialist Christian Thorup kennen -<\/title>\n<meta name=\"robots\" content=\"index, follow, max-snippet:-1, max-image-preview:large, max-video-preview:-1\" \/>\n<link rel=\"canonical\" href=\"https:\/\/plant-supervision.com\/de\/erfahrung-kann-man-nicht-lehren-lernen-sie-inbetriebnahme-spezialist-christian-thorup-kennen\/\" \/>\n<meta property=\"og:locale\" content=\"de_DE\" \/>\n<meta property=\"og:type\" content=\"article\" \/>\n<meta property=\"og:title\" content=\"\u201eErfahrung kann man nicht lehren\u201c \u2013 Lernen Sie Inbetriebnahme-Spezialist Christian Thorup kennen -\" \/>\n<meta property=\"og:description\" content=\"Christian Thorup: \u201eErfahrung kann man nicht lehren\u201c Wenn bei Christian Thorup das Telefon klingelt und am anderen Ende eine vertraute Stimme von Plant Supervision zu h\u00f6ren ist, wei\u00df er sofort, was kommt. \u201eWenn sie anrufen und um Unterst\u00fctzung f\u00fcr ein neues Projekt bitten, kann ich einfach nicht Nein sagen.\u201c Am richtigen Ort gelandet Nach fast [&hellip;]\" \/>\n<meta property=\"og:url\" content=\"https:\/\/plant-supervision.com\/de\/erfahrung-kann-man-nicht-lehren-lernen-sie-inbetriebnahme-spezialist-christian-thorup-kennen\/\" \/>\n<meta property=\"og:site_name\" content=\"Plant Supervision\" \/>\n<meta property=\"article:modified_time\" content=\"2026-01-12T13:53:56+00:00\" \/>\n<meta property=\"og:image\" content=\"https:\/\/plant-supervision.com\/wp-content\/uploads\/2025\/12\/coverbilleder-1.png\" \/>\n\t<meta property=\"og:image:width\" content=\"1350\" \/>\n\t<meta property=\"og:image:height\" content=\"560\" \/>\n\t<meta property=\"og:image:type\" content=\"image\/png\" \/>\n<meta name=\"twitter:card\" content=\"summary_large_image\" \/>\n<meta name=\"twitter:label1\" content=\"Gesch\u00e4tzte Lesezeit\" \/>\n\t<meta name=\"twitter:data1\" content=\"4\u00a0Minuten\" \/>\n<script type=\"application\/ld+json\" class=\"yoast-schema-graph\">{\"@context\":\"https:\\\/\\\/schema.org\",\"@graph\":[{\"@type\":\"WebPage\",\"@id\":\"https:\\\/\\\/plant-supervision.com\\\/de\\\/erfahrung-kann-man-nicht-lehren-lernen-sie-inbetriebnahme-spezialist-christian-thorup-kennen\\\/\",\"url\":\"https:\\\/\\\/plant-supervision.com\\\/de\\\/erfahrung-kann-man-nicht-lehren-lernen-sie-inbetriebnahme-spezialist-christian-thorup-kennen\\\/\",\"name\":\"\u201eErfahrung kann man nicht lehren\u201c \u2013 Lernen Sie Inbetriebnahme-Spezialist Christian Thorup kennen -\",\"isPartOf\":{\"@id\":\"https:\\\/\\\/plantsupervision.web07.tigermedia.eu\\\/#website\"},\"primaryImageOfPage\":{\"@id\":\"https:\\\/\\\/plant-supervision.com\\\/de\\\/erfahrung-kann-man-nicht-lehren-lernen-sie-inbetriebnahme-spezialist-christian-thorup-kennen\\\/#primaryimage\"},\"image\":{\"@id\":\"https:\\\/\\\/plant-supervision.com\\\/de\\\/erfahrung-kann-man-nicht-lehren-lernen-sie-inbetriebnahme-spezialist-christian-thorup-kennen\\\/#primaryimage\"},\"thumbnailUrl\":\"https:\\\/\\\/plant-supervision.com\\\/wp-content\\\/uploads\\\/2025\\\/12\\\/coverbilleder-1.png\",\"datePublished\":\"2025-12-22T14:08:07+00:00\",\"dateModified\":\"2026-01-12T13:53:56+00:00\",\"breadcrumb\":{\"@id\":\"https:\\\/\\\/plant-supervision.com\\\/de\\\/erfahrung-kann-man-nicht-lehren-lernen-sie-inbetriebnahme-spezialist-christian-thorup-kennen\\\/#breadcrumb\"},\"inLanguage\":\"de\",\"potentialAction\":[{\"@type\":\"ReadAction\",\"target\":[\"https:\\\/\\\/plant-supervision.com\\\/de\\\/erfahrung-kann-man-nicht-lehren-lernen-sie-inbetriebnahme-spezialist-christian-thorup-kennen\\\/\"]}]},{\"@type\":\"ImageObject\",\"inLanguage\":\"de\",\"@id\":\"https:\\\/\\\/plant-supervision.com\\\/de\\\/erfahrung-kann-man-nicht-lehren-lernen-sie-inbetriebnahme-spezialist-christian-thorup-kennen\\\/#primaryimage\",\"url\":\"https:\\\/\\\/plant-supervision.com\\\/wp-content\\\/uploads\\\/2025\\\/12\\\/coverbilleder-1.png\",\"contentUrl\":\"https:\\\/\\\/plant-supervision.com\\\/wp-content\\\/uploads\\\/2025\\\/12\\\/coverbilleder-1.png\",\"width\":1350,\"height\":560},{\"@type\":\"BreadcrumbList\",\"@id\":\"https:\\\/\\\/plant-supervision.com\\\/de\\\/erfahrung-kann-man-nicht-lehren-lernen-sie-inbetriebnahme-spezialist-christian-thorup-kennen\\\/#breadcrumb\",\"itemListElement\":[{\"@type\":\"ListItem\",\"position\":1,\"name\":\"Home\",\"item\":\"https:\\\/\\\/plant-supervision.com\\\/de\\\/\"},{\"@type\":\"ListItem\",\"position\":2,\"name\":\"\u201eErfahrung kann man nicht lehren\u201c \u2013 Lernen Sie Inbetriebnahme-Spezialist Christian Thorup kennen\"}]},{\"@type\":\"WebSite\",\"@id\":\"https:\\\/\\\/plantsupervision.web07.tigermedia.eu\\\/#website\",\"url\":\"https:\\\/\\\/plantsupervision.web07.tigermedia.eu\\\/\",\"name\":\"Plant Supervision\",\"description\":\"\",\"publisher\":{\"@id\":\"https:\\\/\\\/plantsupervision.web07.tigermedia.eu\\\/#organization\"},\"potentialAction\":[{\"@type\":\"SearchAction\",\"target\":{\"@type\":\"EntryPoint\",\"urlTemplate\":\"https:\\\/\\\/plantsupervision.web07.tigermedia.eu\\\/?s={search_term_string}\"},\"query-input\":{\"@type\":\"PropertyValueSpecification\",\"valueRequired\":true,\"valueName\":\"search_term_string\"}}],\"inLanguage\":\"de\"},{\"@type\":\"Organization\",\"@id\":\"https:\\\/\\\/plantsupervision.web07.tigermedia.eu\\\/#organization\",\"name\":\"Plant Supervision\",\"url\":\"https:\\\/\\\/plantsupervision.web07.tigermedia.eu\\\/\",\"logo\":{\"@type\":\"ImageObject\",\"inLanguage\":\"de\",\"@id\":\"https:\\\/\\\/plantsupervision.web07.tigermedia.eu\\\/#\\\/schema\\\/logo\\\/image\\\/\",\"url\":\"https:\\\/\\\/plant-supervision.com\\\/wp-content\\\/uploads\\\/2023\\\/11\\\/ps_logo_blue.svg\",\"contentUrl\":\"https:\\\/\\\/plant-supervision.com\\\/wp-content\\\/uploads\\\/2023\\\/11\\\/ps_logo_blue.svg\",\"width\":549,\"height\":121,\"caption\":\"Plant Supervision\"},\"image\":{\"@id\":\"https:\\\/\\\/plantsupervision.web07.tigermedia.eu\\\/#\\\/schema\\\/logo\\\/image\\\/\"},\"sameAs\":[\"https:\\\/\\\/www.linkedin.com\\\/company\\\/plant-supervision\\\/\"]}]}<\/script>\n<!-- \/ Yoast SEO plugin. -->","yoast_head_json":{"title":"\u201eErfahrung kann man nicht lehren\u201c \u2013 Lernen Sie Inbetriebnahme-Spezialist Christian Thorup kennen -","robots":{"index":"index","follow":"follow","max-snippet":"max-snippet:-1","max-image-preview":"max-image-preview:large","max-video-preview":"max-video-preview:-1"},"canonical":"https:\/\/plant-supervision.com\/de\/erfahrung-kann-man-nicht-lehren-lernen-sie-inbetriebnahme-spezialist-christian-thorup-kennen\/","og_locale":"de_DE","og_type":"article","og_title":"\u201eErfahrung kann man nicht lehren\u201c \u2013 Lernen Sie Inbetriebnahme-Spezialist Christian Thorup kennen -","og_description":"Christian Thorup: \u201eErfahrung kann man nicht lehren\u201c Wenn bei Christian Thorup das Telefon klingelt und am anderen Ende eine vertraute Stimme von Plant Supervision zu h\u00f6ren ist, wei\u00df er sofort, was kommt. \u201eWenn sie anrufen und um Unterst\u00fctzung f\u00fcr ein neues Projekt bitten, kann ich einfach nicht Nein sagen.\u201c Am richtigen Ort gelandet Nach fast [&hellip;]","og_url":"https:\/\/plant-supervision.com\/de\/erfahrung-kann-man-nicht-lehren-lernen-sie-inbetriebnahme-spezialist-christian-thorup-kennen\/","og_site_name":"Plant Supervision","article_modified_time":"2026-01-12T13:53:56+00:00","og_image":[{"width":1350,"height":560,"url":"https:\/\/plant-supervision.com\/wp-content\/uploads\/2025\/12\/coverbilleder-1.png","type":"image\/png"}],"twitter_card":"summary_large_image","twitter_misc":{"Gesch\u00e4tzte Lesezeit":"4\u00a0Minuten"},"schema":{"@context":"https:\/\/schema.org","@graph":[{"@type":"WebPage","@id":"https:\/\/plant-supervision.com\/de\/erfahrung-kann-man-nicht-lehren-lernen-sie-inbetriebnahme-spezialist-christian-thorup-kennen\/","url":"https:\/\/plant-supervision.com\/de\/erfahrung-kann-man-nicht-lehren-lernen-sie-inbetriebnahme-spezialist-christian-thorup-kennen\/","name":"\u201eErfahrung kann man nicht lehren\u201c \u2013 Lernen Sie Inbetriebnahme-Spezialist Christian Thorup kennen -","isPartOf":{"@id":"https:\/\/plantsupervision.web07.tigermedia.eu\/#website"},"primaryImageOfPage":{"@id":"https:\/\/plant-supervision.com\/de\/erfahrung-kann-man-nicht-lehren-lernen-sie-inbetriebnahme-spezialist-christian-thorup-kennen\/#primaryimage"},"image":{"@id":"https:\/\/plant-supervision.com\/de\/erfahrung-kann-man-nicht-lehren-lernen-sie-inbetriebnahme-spezialist-christian-thorup-kennen\/#primaryimage"},"thumbnailUrl":"https:\/\/plant-supervision.com\/wp-content\/uploads\/2025\/12\/coverbilleder-1.png","datePublished":"2025-12-22T14:08:07+00:00","dateModified":"2026-01-12T13:53:56+00:00","breadcrumb":{"@id":"https:\/\/plant-supervision.com\/de\/erfahrung-kann-man-nicht-lehren-lernen-sie-inbetriebnahme-spezialist-christian-thorup-kennen\/#breadcrumb"},"inLanguage":"de","potentialAction":[{"@type":"ReadAction","target":["https:\/\/plant-supervision.com\/de\/erfahrung-kann-man-nicht-lehren-lernen-sie-inbetriebnahme-spezialist-christian-thorup-kennen\/"]}]},{"@type":"ImageObject","inLanguage":"de","@id":"https:\/\/plant-supervision.com\/de\/erfahrung-kann-man-nicht-lehren-lernen-sie-inbetriebnahme-spezialist-christian-thorup-kennen\/#primaryimage","url":"https:\/\/plant-supervision.com\/wp-content\/uploads\/2025\/12\/coverbilleder-1.png","contentUrl":"https:\/\/plant-supervision.com\/wp-content\/uploads\/2025\/12\/coverbilleder-1.png","width":1350,"height":560},{"@type":"BreadcrumbList","@id":"https:\/\/plant-supervision.com\/de\/erfahrung-kann-man-nicht-lehren-lernen-sie-inbetriebnahme-spezialist-christian-thorup-kennen\/#breadcrumb","itemListElement":[{"@type":"ListItem","position":1,"name":"Home","item":"https:\/\/plant-supervision.com\/de\/"},{"@type":"ListItem","position":2,"name":"\u201eErfahrung kann man nicht lehren\u201c \u2013 Lernen Sie Inbetriebnahme-Spezialist Christian Thorup kennen"}]},{"@type":"WebSite","@id":"https:\/\/plantsupervision.web07.tigermedia.eu\/#website","url":"https:\/\/plantsupervision.web07.tigermedia.eu\/","name":"Plant Supervision","description":"","publisher":{"@id":"https:\/\/plantsupervision.web07.tigermedia.eu\/#organization"},"potentialAction":[{"@type":"SearchAction","target":{"@type":"EntryPoint","urlTemplate":"https:\/\/plantsupervision.web07.tigermedia.eu\/?s={search_term_string}"},"query-input":{"@type":"PropertyValueSpecification","valueRequired":true,"valueName":"search_term_string"}}],"inLanguage":"de"},{"@type":"Organization","@id":"https:\/\/plantsupervision.web07.tigermedia.eu\/#organization","name":"Plant Supervision","url":"https:\/\/plantsupervision.web07.tigermedia.eu\/","logo":{"@type":"ImageObject","inLanguage":"de","@id":"https:\/\/plantsupervision.web07.tigermedia.eu\/#\/schema\/logo\/image\/","url":"https:\/\/plant-supervision.com\/wp-content\/uploads\/2023\/11\/ps_logo_blue.svg","contentUrl":"https:\/\/plant-supervision.com\/wp-content\/uploads\/2023\/11\/ps_logo_blue.svg","width":549,"height":121,"caption":"Plant Supervision"},"image":{"@id":"https:\/\/plantsupervision.web07.tigermedia.eu\/#\/schema\/logo\/image\/"},"sameAs":["https:\/\/www.linkedin.com\/company\/plant-supervision\/"]}]}},"_links":{"self":[{"href":"https:\/\/plant-supervision.com\/de\/wp-json\/wp\/v2\/pages\/16008","targetHints":{"allow":["GET"]}}],"collection":[{"href":"https:\/\/plant-supervision.com\/de\/wp-json\/wp\/v2\/pages"}],"about":[{"href":"https:\/\/plant-supervision.com\/de\/wp-json\/wp\/v2\/types\/page"}],"author":[{"embeddable":true,"href":"https:\/\/plant-supervision.com\/de\/wp-json\/wp\/v2\/users\/17"}],"replies":[{"embeddable":true,"href":"https:\/\/plant-supervision.com\/de\/wp-json\/wp\/v2\/comments?post=16008"}],"version-history":[{"count":1,"href":"https:\/\/plant-supervision.com\/de\/wp-json\/wp\/v2\/pages\/16008\/revisions"}],"predecessor-version":[{"id":16009,"href":"https:\/\/plant-supervision.com\/de\/wp-json\/wp\/v2\/pages\/16008\/revisions\/16009"}],"wp:featuredmedia":[{"embeddable":true,"href":"https:\/\/plant-supervision.com\/de\/wp-json\/wp\/v2\/media\/15954"}],"wp:attachment":[{"href":"https:\/\/plant-supervision.com\/de\/wp-json\/wp\/v2\/media?parent=16008"}],"curies":[{"name":"wp","href":"https:\/\/api.w.org\/{rel}","templated":true}]}}