{"id":11556,"date":"2024-01-25T08:42:24","date_gmt":"2024-01-25T08:42:24","guid":{"rendered":"https:\/\/plant-supervision.com\/referenzen\/pulp-paper\/"},"modified":"2025-06-19T12:22:49","modified_gmt":"2025-06-19T12:22:49","slug":"pulp-paper","status":"publish","type":"page","link":"https:\/\/plant-supervision.com\/de\/referenzen\/pulp-paper\/","title":{"rendered":"Pulp &amp; Paper"},"content":{"rendered":"\t\t<div data-elementor-type=\"wp-page\" data-elementor-id=\"11556\" class=\"elementor elementor-11556 elementor-1063\" data-elementor-post-type=\"page\">\n\t\t\t\t<div class=\"elementor-element elementor-element-47adee9e e-flex e-con-boxed e-con e-parent\" data-id=\"47adee9e\" data-element_type=\"container\" data-e-type=\"container\" data-settings=\"{&quot;jet_parallax_layout_list&quot;:[]}\">\n\t\t\t\t\t<div class=\"e-con-inner\">\n\t\t\t\t<div class=\"elementor-element elementor-element-16d3e7ea elementor-widget elementor-widget-text-editor\" data-id=\"16d3e7ea\" data-element_type=\"widget\" data-e-type=\"widget\" data-widget_type=\"text-editor.default\">\n\t\t\t\t<div class=\"elementor-widget-container\">\n\t\t\t\t\t\t\t\t\t<h2 style=\"font-family: Roboto, sans-serif; color: #000000;\">Hervorgehobene Projekte 2025<\/h2>\n<p><span style=\"font-weight: bolder;\">Land:<\/span>&nbsp;Brasilien<br><span style=\"font-family: inherit; font-weight: bolder;\">Um:<\/span><span style=\"font-family: inherit;\">&nbsp;QA\/QC in der mechanischen Werkstatt. \u00dcberwachung des Baus von Ofenh\u00fcllen <\/span><\/p><p><span style=\"font-weight: bolder;\">Land: <\/span>China<br><span style=\"color: var( --e-global-color-text ); font-family: inherit; text-align: var(--text-align); font-weight: bolder;\">Projekt: <\/span><span style=\"color: var( --e-global-color-text ); font-family: inherit; text-align: var(--text-align);\">Montage neuer Rauchgasreinigungssysteme<\/span><\/p>\n<p><span style=\"font-weight: bolder;\">Land:&nbsp;<\/span>Finland<br><span style=\"color: var( --e-global-color-text ); font-family: inherit; text-align: var(--text-align); font-weight: bolder;\">Projekt:&nbsp;<\/span>Leistungstest einer neuen Pyro-Linie \u2013 inklusive Vorw\u00e4rmer, Ofen und K\u00fchler<span style=\"color: var( --e-global-color-text ); font-family: inherit; text-align: var(--text-align);\"><\/span><\/p>\n<p><span style=\"font-weight: bolder;\">Land:<\/span>&nbsp;Finnland<br><span style=\"font-family: inherit; font-weight: bolder;\">Projekt:<\/span><span style=\"font-family: inherit;\">&nbsp;Mechanische Fehlersuche an einem Elektrofilter (ESP)<\/span><\/p><p><span style=\"font-weight: bolder;\">Land:<\/span>&nbsp;Finnland<br><span style=\"font-family: inherit; font-weight: bolder;\">Projekt: <\/span><span style=\"font-family: inherit;\">Mechanische Fehlersuche und Austausch der Einlassdichtung an einem Zementklinkerofen<\/span><\/p><p><span style=\"font-weight: bolder;\">Land:<\/span>&nbsp;Finnland<br><span style=\"font-family: inherit; font-weight: bolder;\">Projekt:<\/span><span style=\"font-family: inherit;\">&nbsp;Leistungs- und Garantietest einer neuen Pyro-Linie<\/span><span style=\"font-family: inherit;\"><\/span><\/p><p><span style=\"font-weight: bolder;\">Land:<\/span>&nbsp;Frankreich<br><span style=\"font-family: inherit; font-weight: bolder;\">Projekt:<\/span><span style=\"font-family: inherit;\">&nbsp;Elektro- und Automatisierungssupervision sowie Inbetriebnahme eines neuen Biomassekraftwerks<\/span><span style=\"font-family: inherit;\"><\/span><\/p>\n<p><span style=\"font-weight: bolder;\">Land:&nbsp;<\/span>Indonesien<br><span style=\"color: var( --e-global-color-text ); font-family: inherit; text-align: var(--text-align); font-weight: bolder;\">Projekt:&nbsp;<\/span>Installation eines ESP-Filters (Elektrofilter).<\/p>\n<p><span style=\"font-weight: bolder;\">Land:<\/span>&nbsp;Indonesien<br><span style=\"font-family: inherit; font-weight: bolder;\">Projekt:<\/span><span style=\"font-family: inherit;\">&nbsp;Fehlersuche am Elektrofilter (ESP)<\/span><br><span style=\"color: var( --e-global-color-text ); font-family: inherit; text-align: var(--text-align);\"><br><\/span><span style=\"font-weight: bolder;\">Land:&nbsp;<\/span>Polen<br><span style=\"color: var( --e-global-color-text ); font-family: inherit; text-align: var(--text-align); font-weight: bolder;\">Projekt:&nbsp;<\/span>Leitender Mechaniker f\u00fcr eine Greenfield-Tonkalzinierungsanlage<span style=\"color: var( --e-global-color-text ); font-family: inherit; text-align: var(--text-align);\"><\/span><\/p>\n<p><span style=\"font-weight: bolder;\">Land:&nbsp;<\/span>Portugal<br><span style=\"color: var( --e-global-color-text ); font-family: inherit; text-align: var(--text-align); font-weight: bolder;\">Projekt:&nbsp;<\/span><span style=\"color: var( --e-global-color-text ); text-align: var(--text-align);\">Leitender Mechaniker f\u00fcr eine Greenfield-Pyroanlage \u2013 inklusive Vorw\u00e4rmer, Ofen, K\u00fchler und Nebensystemen<\/span><\/p><p><span style=\"font-weight: bolder;\">Land:<\/span>&nbsp;Portugal<br><span style=\"font-family: inherit; font-weight: bolder;\">Projekt:<\/span><span style=\"font-family: inherit;\">&nbsp;Mechanische, elektrische und automatisierungstechnische Supervision bei Aufbau und Inbetriebnahme einer Holzpulverbefeuerung f\u00fcr einen Kalkofen<\/span><\/p><p><span style=\"font-weight: bolder;\">Land:<\/span>&nbsp;Portugal<br><span style=\"font-family: inherit; font-weight: bolder;\">Projekt:<\/span><span style=\"font-family: inherit;\">&nbsp;Mechanik-, Elektro-, Automatisierungs- und Prozessteam f\u00fcr die Supervision beim Aufbau und der Inbetriebnahme einer neuen Pyro-Linie mit Flash-Turm, Kalkofen und K\u00fchler<\/span><\/p><p><span style=\"font-weight: bolder;\">Land:<\/span>&nbsp;Taiwan<br><span style=\"font-family: inherit; font-weight: bolder;\">Projekt:<\/span><span style=\"font-family: inherit;\">&nbsp;Umfassendes Pyro-Audit f\u00fcr Vorw\u00e4rmer, Ofen und K\u00fchler<\/span><span style=\"color: var( --e-global-color-text ); text-align: var(--text-align);\"><\/span><\/p>\n<p><span style=\"font-weight: bolder;\">Land:&nbsp;<\/span>USA<br><span style=\"color: var( --e-global-color-text ); font-family: inherit; text-align: var(--text-align); font-weight: bolder;\">Projekt: <\/span><span style=\"color: var( --e-global-color-text ); font-family: inherit; text-align: var(--text-align);\">Modernisierung eines bestehenden Ofens<\/span><\/p>\n<div>\n<p><span style=\"color: inherit; font-family: inherit; font-size: 2rem; text-align: var(--text-align);\">Hervorgehobene Projekte 2024<\/span><\/p>\n<p><strong>Land:<\/strong>&nbsp;Brasilien&nbsp;<br><strong>Projekt:&nbsp;<\/strong>Inbetriebnahme, Anfahren und Betrieb einer neuen Pyro-Linie \u2013 inklusive Leistungstest (PGT). Umfasst Flash-Trockner, Ofen, K\u00fchler und zugeh\u00f6rige Ausr\u00fcstung <\/p>\n<p><strong>Land:<\/strong>&nbsp;China<br><strong>Projekt: &nbsp;<\/strong>Inbetriebnahme, Anfahren und Betrieb einer neuen Pyro-Linie \u2013 inklusive Leistungstest (PGT). Umfasst Flash-Trockner, Ofen, K\u00fchler und zugeh\u00f6rige Ausr\u00fcstung <\/p>\n<p><strong>Land:<\/strong> D\u00e4nemark&nbsp;<br><strong>Projekt: <\/strong>Global-Mobility-Dienstleistungen f\u00fcr die lokale d\u00e4nische Lohnabrechnung von B\u00fcroangestellten.<\/p>\n<p><strong>Land:<\/strong>&nbsp;Finnland&nbsp;<br><strong>Projekt:&nbsp;<\/strong>Inbetriebnahme, Anfahren und Betrieb einer neuen Pyro-Linie \u2013 inklusive Leistungstest (PGT). Umfasst Flash-Trockner, Ofen, K\u00fchler und zugeh\u00f6rige Ausr\u00fcstung <\/p>\n<p><strong>Land:<\/strong>&nbsp;Deutschland&nbsp;<br><strong>Projekt:&nbsp;<\/strong>Installation eines neuen Elektrofilters (ESP) auf einer Greenfield-Anlage.<\/p>\n<p><strong>Land:<\/strong> Indonesien&nbsp;<br><strong>Projekt: <\/strong>Site Manager. Zus\u00e4tzlich \u00fcbernahmen wir die Unterst\u00fctzung bei der lokalen Arbeitserlaubnis, der Lohnabrechnung sowie der Unterkunftsorganisation <\/p>\n<p><strong>Land:<\/strong> Indonesien&nbsp;<br><strong>Projekt: <\/strong>Automatisierungsingenieur. Dar\u00fcber hinaus unterst\u00fctzten wir bei der Beantragung der lokalen Arbeitserlaubnis, der Lohnabrechnung sowie der Organisation der Unterkunft <\/p>\n<p><strong>Land:<\/strong> USA<br><strong>Projekt: <\/strong>Site Manager f\u00fcr die Installation einer komplett neuen Pyro-Linie \u2013 inklusive Flash-Trockner, Ofen und K\u00fchler<\/p>\n<p><span style=\"font-weight: bolder;\">Land:<\/span>&nbsp;USA<br><span style=\"font-weight: bolder;\">Projekt:&nbsp;<\/span>Prozessinbetriebnahme einer neuen Pyro-Linie<\/p>\n<h2>Ausgew\u00e4hlte Projekte 2023<\/h2>\n<p><strong>Land:<\/strong>&nbsp;Brasilien<br><strong>Projekt:<\/strong>&nbsp;Installation und Inbetriebnahme eines neuen Brenners f\u00fcr einen Ofen<\/p>\n<p><strong>Land:<\/strong>&nbsp;Brasilien<br><strong>Projekt:<\/strong>&nbsp;Installation und Inbetriebnahme einer neuen Pyro-Linie<\/p>\n<p><strong>Land:<\/strong>&nbsp;Brasilien<br><strong>Projekt:<\/strong>&nbsp;Installation und Inbetriebnahme eines neuen Elektrofilters (ESP)<\/p>\n<p><strong>Land:<\/strong>&nbsp;Brasilien<br><strong>Projekt:<\/strong>&nbsp;Mechanischer Supervisor f\u00fcr einen neuen Elektrofilter (ESP).<\/p>\n<p><strong>Land:<\/strong>&nbsp;Brasilien<br><strong>Projekt:<\/strong>&nbsp;Verschiedene Ma\u00dfnahmen zur Prozessoptimierung und Fehlersuche<\/p>\n<p><strong>Land:<\/strong>&nbsp;China<br><strong>Projekt:<\/strong>&nbsp;Kundenvertreter bei der Fehlersuche an Scrubbern<\/p>\n<p><strong>Land:<\/strong>&nbsp;D\u00e4nemark<br><strong>Projekt:<\/strong>&nbsp;Koordinator f\u00fcr Logistik und Versand<\/p>\n<p><strong>Land:<\/strong>&nbsp;Finnland<br><strong>Projekt:<\/strong>&nbsp;Area Manager f\u00fcr eine neue Pyro-Linie<\/p>\n<p><strong>Land:&nbsp;<\/strong>Finnland<br><strong>Projekt:&nbsp;<\/strong>Leitender Ingenieur f\u00fcr mechanische und prozesstechnische Inbetriebnahme einer neuen Greenfield-Pyro-Linie&nbsp;&nbsp;<\/p>\n<p><strong>Land:<\/strong>&nbsp;Finnland<br><strong>Projekt:<\/strong>&nbsp;Projekt: Prozess-Inbetriebnahme einer neuen Pyro-Linie<\/p>\n<p><strong>Land:<\/strong>&nbsp;Finnland<br><strong>Project:<\/strong>&nbsp;Qualit\u00e4tssicherung und Qualit\u00e4tskontrolle (QA\/QC)<\/p>\n<p><strong>Land:<\/strong>&nbsp;Finnland<br><strong>Projekt:<\/strong>&nbsp;Leiter der Inbetriebnahme f\u00fcr eine neue Pyro-Linie<\/p>\n<p><strong>Land:<\/strong>&nbsp;Polen<br><strong>Projekt:<\/strong>&nbsp;Technisches Audit verschiedener Pyro-Linien<\/p>\n<p><strong>Land:<\/strong>&nbsp;Polen<br><strong>Projekt:<\/strong>&nbsp;Bedienerschulung f\u00fcr Pyro-Linie<\/p>\n<p><strong>Land:<\/strong>&nbsp;Portugal<br><strong>Projekt:&nbsp;<\/strong>Mechanische Installation einer neuen Pyro-Linie<\/p>\n<p><strong>Land:<\/strong>&nbsp;Portugal<br><strong>Projekt:&nbsp;<\/strong>Prozess-Inbetriebnahme einer neuen Pyro-Linie<\/p>\n<p><strong>Land:<\/strong>&nbsp;Spanien<br><strong>Projekt:<\/strong>&nbsp;Mechanischer Bereichsleiter f\u00fcr neue Pyro-Linie<\/p>\n<p><strong>Land<\/strong>: Spanien<br><strong>Projekt:<\/strong>&nbsp;Leiter der Inbetriebnahme f\u00fcr neue Pyro-Linie<\/p>\n<p><strong>Land:<\/strong>&nbsp;Spanien<br><strong>Projekt:<\/strong>&nbsp;Inbetriebnahme und Anlauf einer neuen Pyro-Linie<br> <br> <br> <br><\/p>\n<h2>Ausgew\u00e4hlte Projekte 2022<\/h2>\n<p><strong>Land:&nbsp;<\/strong>Chile<strong><br><\/strong><strong>Projekt:&nbsp;<\/strong>Baustellenmanagement und Bauaufsicht (mechanische, elektrische, Automatisierungs- und Prozessinbetriebnahme einer kompletten Greenfield-Pyro-Linie).<\/p>\n<p><strong>Land:&nbsp;<\/strong>Indonesien<br><strong>Projekt:&nbsp;<\/strong>Baustellenmanagement und Bauaufsicht (mechanisch, elektrisch, Automatisierungs- und Prozessinbetriebnahme von zwei kompletten Greenfield-Pyro-Linien)<\/p>\n<p><strong>Land:&nbsp;<\/strong>Laos<br><strong>Projekt:&nbsp;<\/strong>Mechanischer Aufbau einer kompletten Greenfield-Pyro-Linie<\/p>\n<p><strong>Land:&nbsp;<\/strong>Vietnam<br><strong>Land:&nbsp;<\/strong>Einj\u00e4hriger Anlaufvertrag f\u00fcr eine neue Greenfield-Anlage. Plant Supervision stellte die Leitung und ein komplettes Prozessteam. <\/p>\n<h2>Ausgew\u00e4hlte Projekte 2021<\/h2>\n<p><strong>Land:&nbsp;<\/strong>Pakistan<br><strong>Projekt:&nbsp;<\/strong>Mechanische und elektrische \u00dcberwachung sowie Inbetriebnahme einer neuen Verpackungsanlage&nbsp;&nbsp;<\/p>\n<p><strong>Kontaktieren Sie uns gerne f\u00fcr detailliertere Referenzen aus der Zellstoff- und Papierindustrie. &nbsp;<\/strong><\/p>\n<\/div>\t\t\t\t\t\t\t\t<\/div>\n\t\t\t\t<\/div>\n\t\t\t\t\t<\/div>\n\t\t\t\t<\/div>\n\t\t\t\t<\/div>\n\t\t","protected":false},"excerpt":{"rendered":"<p>Hervorgehobene Projekte 2025 Land:&nbsp;BrasilienUm:&nbsp;QA\/QC in der mechanischen Werkstatt. \u00dcberwachung des Baus von Ofenh\u00fcllen Land: ChinaProjekt: Montage neuer Rauchgasreinigungssysteme Land:&nbsp;FinlandProjekt:&nbsp;Leistungstest einer neuen Pyro-Linie \u2013 inklusive Vorw\u00e4rmer, Ofen und K\u00fchler Land:&nbsp;FinnlandProjekt:&nbsp;Mechanische Fehlersuche an einem Elektrofilter (ESP) Land:&nbsp;FinnlandProjekt: Mechanische Fehlersuche und Austausch der Einlassdichtung an einem Zementklinkerofen Land:&nbsp;FinnlandProjekt:&nbsp;Leistungs- und Garantietest einer neuen Pyro-Linie Land:&nbsp;FrankreichProjekt:&nbsp;Elektro- und Automatisierungssupervision sowie Inbetriebnahme [&hellip;]<\/p>\n","protected":false},"author":2,"featured_media":8190,"parent":11492,"menu_order":0,"comment_status":"closed","ping_status":"closed","template":"","meta":{"content-type":"","footnotes":""},"class_list":["post-11556","page","type-page","status-publish","has-post-thumbnail","hentry"],"yoast_head":"<!-- This site is optimized with the Yoast SEO plugin v27.5 - https:\/\/yoast.com\/product\/yoast-seo-wordpress\/ -->\n<title>Referenzen: Ausgew\u00e4hlte Projekte in der Zellstoff- und Papierindustrie<\/title>\n<meta name=\"description\" content=\"Entdecken Sie ausgew\u00e4hlte Projekte, bei denen wir weltweit unsere Kunden in der Zellstoff- und Papierindustrie unterst\u00fctzt haben \u2192\" \/>\n<meta name=\"robots\" content=\"index, follow, max-snippet:-1, max-image-preview:large, max-video-preview:-1\" \/>\n<link rel=\"canonical\" href=\"https:\/\/plant-supervision.com\/de\/referenzen\/pulp-paper\/\" \/>\n<meta property=\"og:locale\" content=\"de_DE\" \/>\n<meta property=\"og:type\" content=\"article\" \/>\n<meta property=\"og:title\" content=\"Referenzen: Ausgew\u00e4hlte Projekte in der Zellstoff- und Papierindustrie\" \/>\n<meta property=\"og:description\" content=\"Entdecken Sie ausgew\u00e4hlte Projekte, bei denen wir weltweit unsere Kunden in der Zellstoff- und Papierindustrie unterst\u00fctzt haben \u2192\" \/>\n<meta property=\"og:url\" content=\"https:\/\/plant-supervision.com\/de\/referenzen\/pulp-paper\/\" \/>\n<meta property=\"og:site_name\" content=\"Plant Supervision\" \/>\n<meta property=\"article:modified_time\" content=\"2025-06-19T12:22:49+00:00\" \/>\n<meta property=\"og:image\" content=\"https:\/\/plant-supervision.com\/wp-content\/uploads\/2024\/01\/pulp-and-paper.jpg\" \/>\n\t<meta property=\"og:image:width\" content=\"750\" \/>\n\t<meta property=\"og:image:height\" content=\"750\" \/>\n\t<meta property=\"og:image:type\" content=\"image\/jpeg\" \/>\n<meta name=\"twitter:card\" content=\"summary_large_image\" \/>\n<meta name=\"twitter:label1\" content=\"Gesch\u00e4tzte Lesezeit\" \/>\n\t<meta name=\"twitter:data1\" content=\"3\u00a0Minuten\" \/>\n<script type=\"application\/ld+json\" class=\"yoast-schema-graph\">{\"@context\":\"https:\\\/\\\/schema.org\",\"@graph\":[{\"@type\":\"WebPage\",\"@id\":\"https:\\\/\\\/plant-supervision.com\\\/de\\\/referenzen\\\/pulp-paper\\\/\",\"url\":\"https:\\\/\\\/plant-supervision.com\\\/de\\\/referenzen\\\/pulp-paper\\\/\",\"name\":\"Referenzen: Ausgew\u00e4hlte Projekte in der Zellstoff- und Papierindustrie\",\"isPartOf\":{\"@id\":\"https:\\\/\\\/plantsupervision.web07.tigermedia.eu\\\/#website\"},\"primaryImageOfPage\":{\"@id\":\"https:\\\/\\\/plant-supervision.com\\\/de\\\/referenzen\\\/pulp-paper\\\/#primaryimage\"},\"image\":{\"@id\":\"https:\\\/\\\/plant-supervision.com\\\/de\\\/referenzen\\\/pulp-paper\\\/#primaryimage\"},\"thumbnailUrl\":\"https:\\\/\\\/plant-supervision.com\\\/wp-content\\\/uploads\\\/2024\\\/01\\\/pulp-and-paper.jpg\",\"datePublished\":\"2024-01-25T08:42:24+00:00\",\"dateModified\":\"2025-06-19T12:22:49+00:00\",\"description\":\"Entdecken Sie ausgew\u00e4hlte Projekte, bei denen wir weltweit unsere Kunden in der Zellstoff- und Papierindustrie unterst\u00fctzt haben \u2192\",\"breadcrumb\":{\"@id\":\"https:\\\/\\\/plant-supervision.com\\\/de\\\/referenzen\\\/pulp-paper\\\/#breadcrumb\"},\"inLanguage\":\"de\",\"potentialAction\":[{\"@type\":\"ReadAction\",\"target\":[\"https:\\\/\\\/plant-supervision.com\\\/de\\\/referenzen\\\/pulp-paper\\\/\"]}]},{\"@type\":\"ImageObject\",\"inLanguage\":\"de\",\"@id\":\"https:\\\/\\\/plant-supervision.com\\\/de\\\/referenzen\\\/pulp-paper\\\/#primaryimage\",\"url\":\"https:\\\/\\\/plant-supervision.com\\\/wp-content\\\/uploads\\\/2024\\\/01\\\/pulp-and-paper.jpg\",\"contentUrl\":\"https:\\\/\\\/plant-supervision.com\\\/wp-content\\\/uploads\\\/2024\\\/01\\\/pulp-and-paper.jpg\",\"width\":750,\"height\":750},{\"@type\":\"BreadcrumbList\",\"@id\":\"https:\\\/\\\/plant-supervision.com\\\/de\\\/referenzen\\\/pulp-paper\\\/#breadcrumb\",\"itemListElement\":[{\"@type\":\"ListItem\",\"position\":1,\"name\":\"Home\",\"item\":\"https:\\\/\\\/plant-supervision.com\\\/de\\\/\"},{\"@type\":\"ListItem\",\"position\":2,\"name\":\"Referenzen\",\"item\":\"https:\\\/\\\/plant-supervision.com\\\/de\\\/referenzen\\\/\"},{\"@type\":\"ListItem\",\"position\":3,\"name\":\"Pulp &amp; Paper\"}]},{\"@type\":\"WebSite\",\"@id\":\"https:\\\/\\\/plantsupervision.web07.tigermedia.eu\\\/#website\",\"url\":\"https:\\\/\\\/plantsupervision.web07.tigermedia.eu\\\/\",\"name\":\"Plant Supervision\",\"description\":\"\",\"publisher\":{\"@id\":\"https:\\\/\\\/plantsupervision.web07.tigermedia.eu\\\/#organization\"},\"potentialAction\":[{\"@type\":\"SearchAction\",\"target\":{\"@type\":\"EntryPoint\",\"urlTemplate\":\"https:\\\/\\\/plantsupervision.web07.tigermedia.eu\\\/?s={search_term_string}\"},\"query-input\":{\"@type\":\"PropertyValueSpecification\",\"valueRequired\":true,\"valueName\":\"search_term_string\"}}],\"inLanguage\":\"de\"},{\"@type\":\"Organization\",\"@id\":\"https:\\\/\\\/plantsupervision.web07.tigermedia.eu\\\/#organization\",\"name\":\"Plant Supervision\",\"url\":\"https:\\\/\\\/plantsupervision.web07.tigermedia.eu\\\/\",\"logo\":{\"@type\":\"ImageObject\",\"inLanguage\":\"de\",\"@id\":\"https:\\\/\\\/plantsupervision.web07.tigermedia.eu\\\/#\\\/schema\\\/logo\\\/image\\\/\",\"url\":\"https:\\\/\\\/plant-supervision.com\\\/wp-content\\\/uploads\\\/2023\\\/11\\\/ps_logo_blue.svg\",\"contentUrl\":\"https:\\\/\\\/plant-supervision.com\\\/wp-content\\\/uploads\\\/2023\\\/11\\\/ps_logo_blue.svg\",\"width\":549,\"height\":121,\"caption\":\"Plant Supervision\"},\"image\":{\"@id\":\"https:\\\/\\\/plantsupervision.web07.tigermedia.eu\\\/#\\\/schema\\\/logo\\\/image\\\/\"},\"sameAs\":[\"https:\\\/\\\/www.linkedin.com\\\/company\\\/plant-supervision\\\/\"]}]}<\/script>\n<!-- \/ Yoast SEO plugin. -->","yoast_head_json":{"title":"Referenzen: Ausgew\u00e4hlte Projekte in der Zellstoff- und Papierindustrie","description":"Entdecken Sie ausgew\u00e4hlte Projekte, bei denen wir weltweit unsere Kunden in der Zellstoff- und Papierindustrie unterst\u00fctzt haben \u2192","robots":{"index":"index","follow":"follow","max-snippet":"max-snippet:-1","max-image-preview":"max-image-preview:large","max-video-preview":"max-video-preview:-1"},"canonical":"https:\/\/plant-supervision.com\/de\/referenzen\/pulp-paper\/","og_locale":"de_DE","og_type":"article","og_title":"Referenzen: Ausgew\u00e4hlte Projekte in der Zellstoff- und Papierindustrie","og_description":"Entdecken Sie ausgew\u00e4hlte Projekte, bei denen wir weltweit unsere Kunden in der Zellstoff- und Papierindustrie unterst\u00fctzt haben \u2192","og_url":"https:\/\/plant-supervision.com\/de\/referenzen\/pulp-paper\/","og_site_name":"Plant Supervision","article_modified_time":"2025-06-19T12:22:49+00:00","og_image":[{"width":750,"height":750,"url":"https:\/\/plant-supervision.com\/wp-content\/uploads\/2024\/01\/pulp-and-paper.jpg","type":"image\/jpeg"}],"twitter_card":"summary_large_image","twitter_misc":{"Gesch\u00e4tzte Lesezeit":"3\u00a0Minuten"},"schema":{"@context":"https:\/\/schema.org","@graph":[{"@type":"WebPage","@id":"https:\/\/plant-supervision.com\/de\/referenzen\/pulp-paper\/","url":"https:\/\/plant-supervision.com\/de\/referenzen\/pulp-paper\/","name":"Referenzen: Ausgew\u00e4hlte Projekte in der Zellstoff- und Papierindustrie","isPartOf":{"@id":"https:\/\/plantsupervision.web07.tigermedia.eu\/#website"},"primaryImageOfPage":{"@id":"https:\/\/plant-supervision.com\/de\/referenzen\/pulp-paper\/#primaryimage"},"image":{"@id":"https:\/\/plant-supervision.com\/de\/referenzen\/pulp-paper\/#primaryimage"},"thumbnailUrl":"https:\/\/plant-supervision.com\/wp-content\/uploads\/2024\/01\/pulp-and-paper.jpg","datePublished":"2024-01-25T08:42:24+00:00","dateModified":"2025-06-19T12:22:49+00:00","description":"Entdecken Sie ausgew\u00e4hlte Projekte, bei denen wir weltweit unsere Kunden in der Zellstoff- und Papierindustrie unterst\u00fctzt haben \u2192","breadcrumb":{"@id":"https:\/\/plant-supervision.com\/de\/referenzen\/pulp-paper\/#breadcrumb"},"inLanguage":"de","potentialAction":[{"@type":"ReadAction","target":["https:\/\/plant-supervision.com\/de\/referenzen\/pulp-paper\/"]}]},{"@type":"ImageObject","inLanguage":"de","@id":"https:\/\/plant-supervision.com\/de\/referenzen\/pulp-paper\/#primaryimage","url":"https:\/\/plant-supervision.com\/wp-content\/uploads\/2024\/01\/pulp-and-paper.jpg","contentUrl":"https:\/\/plant-supervision.com\/wp-content\/uploads\/2024\/01\/pulp-and-paper.jpg","width":750,"height":750},{"@type":"BreadcrumbList","@id":"https:\/\/plant-supervision.com\/de\/referenzen\/pulp-paper\/#breadcrumb","itemListElement":[{"@type":"ListItem","position":1,"name":"Home","item":"https:\/\/plant-supervision.com\/de\/"},{"@type":"ListItem","position":2,"name":"Referenzen","item":"https:\/\/plant-supervision.com\/de\/referenzen\/"},{"@type":"ListItem","position":3,"name":"Pulp &amp; Paper"}]},{"@type":"WebSite","@id":"https:\/\/plantsupervision.web07.tigermedia.eu\/#website","url":"https:\/\/plantsupervision.web07.tigermedia.eu\/","name":"Plant Supervision","description":"","publisher":{"@id":"https:\/\/plantsupervision.web07.tigermedia.eu\/#organization"},"potentialAction":[{"@type":"SearchAction","target":{"@type":"EntryPoint","urlTemplate":"https:\/\/plantsupervision.web07.tigermedia.eu\/?s={search_term_string}"},"query-input":{"@type":"PropertyValueSpecification","valueRequired":true,"valueName":"search_term_string"}}],"inLanguage":"de"},{"@type":"Organization","@id":"https:\/\/plantsupervision.web07.tigermedia.eu\/#organization","name":"Plant Supervision","url":"https:\/\/plantsupervision.web07.tigermedia.eu\/","logo":{"@type":"ImageObject","inLanguage":"de","@id":"https:\/\/plantsupervision.web07.tigermedia.eu\/#\/schema\/logo\/image\/","url":"https:\/\/plant-supervision.com\/wp-content\/uploads\/2023\/11\/ps_logo_blue.svg","contentUrl":"https:\/\/plant-supervision.com\/wp-content\/uploads\/2023\/11\/ps_logo_blue.svg","width":549,"height":121,"caption":"Plant Supervision"},"image":{"@id":"https:\/\/plantsupervision.web07.tigermedia.eu\/#\/schema\/logo\/image\/"},"sameAs":["https:\/\/www.linkedin.com\/company\/plant-supervision\/"]}]}},"_links":{"self":[{"href":"https:\/\/plant-supervision.com\/de\/wp-json\/wp\/v2\/pages\/11556","targetHints":{"allow":["GET"]}}],"collection":[{"href":"https:\/\/plant-supervision.com\/de\/wp-json\/wp\/v2\/pages"}],"about":[{"href":"https:\/\/plant-supervision.com\/de\/wp-json\/wp\/v2\/types\/page"}],"author":[{"embeddable":true,"href":"https:\/\/plant-supervision.com\/de\/wp-json\/wp\/v2\/users\/2"}],"replies":[{"embeddable":true,"href":"https:\/\/plant-supervision.com\/de\/wp-json\/wp\/v2\/comments?post=11556"}],"version-history":[{"count":1,"href":"https:\/\/plant-supervision.com\/de\/wp-json\/wp\/v2\/pages\/11556\/revisions"}],"predecessor-version":[{"id":11557,"href":"https:\/\/plant-supervision.com\/de\/wp-json\/wp\/v2\/pages\/11556\/revisions\/11557"}],"up":[{"embeddable":true,"href":"https:\/\/plant-supervision.com\/de\/wp-json\/wp\/v2\/pages\/11492"}],"wp:featuredmedia":[{"embeddable":true,"href":"https:\/\/plant-supervision.com\/de\/wp-json\/wp\/v2\/media\/8190"}],"wp:attachment":[{"href":"https:\/\/plant-supervision.com\/de\/wp-json\/wp\/v2\/media?parent=11556"}],"curies":[{"name":"wp","href":"https:\/\/api.w.org\/{rel}","templated":true}]}}