{"id":11545,"date":"2024-01-25T08:42:08","date_gmt":"2024-01-25T08:42:08","guid":{"rendered":"https:\/\/plant-supervision.com\/referenzen\/windturbinen\/"},"modified":"2025-06-19T11:34:06","modified_gmt":"2025-06-19T11:34:06","slug":"windturbinen","status":"publish","type":"page","link":"https:\/\/plant-supervision.com\/de\/referenzen\/windturbinen\/","title":{"rendered":"Windturbinen"},"content":{"rendered":"\t\t<div data-elementor-type=\"wp-page\" data-elementor-id=\"11545\" class=\"elementor elementor-11545 elementor-1061\" data-elementor-post-type=\"page\">\n\t\t\t\t<div class=\"elementor-element elementor-element-6399074d e-flex e-con-boxed e-con e-parent\" data-id=\"6399074d\" data-element_type=\"container\" data-e-type=\"container\" data-settings=\"{&quot;jet_parallax_layout_list&quot;:[]}\">\n\t\t\t\t\t<div class=\"e-con-inner\">\n\t\t\t\t<div class=\"elementor-element elementor-element-23062ef elementor-widget elementor-widget-text-editor\" data-id=\"23062ef\" data-element_type=\"widget\" data-e-type=\"widget\" data-widget_type=\"text-editor.default\">\n\t\t\t\t<div class=\"elementor-widget-container\">\n\t\t\t\t\t\t\t\t\t<h2 style=\"font-family: Roboto, sans-serif; color: #000000;\">\n<div style=\"box-sizing: border-box; color: rgb(0, 0, 0); font-family: Roboto, sans-serif; font-size: 18px; font-style: normal; font-variant-ligatures: normal; font-variant-caps: normal; font-weight: 400; letter-spacing: normal; orphans: 2; text-align: start; text-indent: 0px; text-transform: none; widows: 2; word-spacing: 0px; -webkit-text-stroke-width: 0px; white-space: normal; background-color: rgb(255, 255, 255); text-decoration-thickness: initial; text-decoration-style: initial; text-decoration-color: initial;\"><\/div>\n<\/h2>\n<h2 style=\"box-sizing: border-box; margin-block: 0.5rem 1rem; font-family: Roboto, sans-serif; font-weight: 500; line-height: 1.2; color: rgb(0, 0, 0); font-size: 2rem; font-style: normal; font-variant-ligatures: normal; font-variant-caps: normal; letter-spacing: normal; orphans: 2; text-align: start; text-indent: 0px; text-transform: none; widows: 2; word-spacing: 0px; -webkit-text-stroke-width: 0px; white-space: normal; background-color: rgb(255, 255, 255); text-decoration-thickness: initial; text-decoration-style: initial; text-decoration-color: initial;\">Hervorgehobene Projekte 2025<\/h2>\n<div><span style=\"font-weight: bolder;\">Land:<\/span>&nbsp;D\u00e4nemark<br><span style=\"font-weight: bolder;\">Projekt:<\/span>&nbsp;QA\/QC-Schwei\u00dfinspektor f\u00fcr die Fundamentierung von Offshore-Windkraftanlagen<br><br><\/div>\n<p><span style=\"font-weight: bolder;\">Land:<\/span>&nbsp;D\u00e4nenmark<br><span style=\"font-weight: bolder;\">Projekt:<\/span>&nbsp;Elektrische \u00dcberwachung und Inbetriebnahme von Hochspannungstransformatorstationen und Hilfsausr\u00fcstung f\u00fcr Offshore-Windkraftanlagen<\/p>\n<h2 style=\"font-family: Roboto, sans-serif; color: #000000;\">Hervorgehobene Projekte 2025<\/h2>\n<div>\n<p><span style=\"font-weight: bolder;\">Land:<\/span>&nbsp;Australien<br><span style=\"color: var( --e-global-color-text ); text-align: var(--text-align); font-weight: bolder;\">Projekt:<\/span><span style=\"color: var( --e-global-color-text ); text-align: var(--text-align);\">&nbsp;Inbetriebnahme eines neuen Windparks<\/span><\/p>\n<p><strong>Land:<\/strong>&nbsp;Canada&nbsp;<br><strong>Projekt:<\/strong>&nbsp;Baukoordinator \u2013 Hochspannung (HV)<\/p>\n<p><strong>Land:<\/strong> Vietnam<br><strong>Projekt:<\/strong> Elektrische \u00dcberwachung und Pr\u00fcfung von 2 Hochspannungstransformatoren (HV) f\u00fcr Offshore-Anlagen<\/p>\n<\/div>\n<h2>Ausgew\u00e4hlte Projekte 2023<\/h2>\n<p><strong>Land:<\/strong>&nbsp;Canada&nbsp;<br><strong>Projekt:<\/strong>&nbsp;Baukoordinator \u2013 Hochspannung (HV)<\/p>\n<h2>Ausgew\u00e4hlte Projekte 2022<\/h2>\n<p><strong>Land:<\/strong>&nbsp;Gro\u00dfbritannien<br><strong>Projekt:<\/strong>&nbsp;Kundenvertreter beim Austausch von Hochspannungs-Sammelschienen in 33\/150-kV-Umspannwerken (Offshore-Windpark mit 175 Windturbinen)&nbsp;<\/p>\n<p><strong>Kontaktieren Sie uns gerne f\u00fcr detailliertere Referenzen aus der Windbranche.&nbsp;<\/strong><\/p>\n<p>Mehr erfahren, hier klicken&nbsp;<a href=\"http:\/\/www.dw-supervision.com\/\" target=\"_blank\" rel=\"noreferrer noopener\">here<\/a>.<\/p>\t\t\t\t\t\t\t\t<\/div>\n\t\t\t\t<\/div>\n\t\t\t\t\t<\/div>\n\t\t\t\t<\/div>\n\t\t\t\t<\/div>\n\t\t","protected":false},"excerpt":{"rendered":"<p>Hervorgehobene Projekte 2025 Land:&nbsp;D\u00e4nemarkProjekt:&nbsp;QA\/QC-Schwei\u00dfinspektor f\u00fcr die Fundamentierung von Offshore-Windkraftanlagen Land:&nbsp;D\u00e4nenmarkProjekt:&nbsp;Elektrische \u00dcberwachung und Inbetriebnahme von Hochspannungstransformatorstationen und Hilfsausr\u00fcstung f\u00fcr Offshore-Windkraftanlagen Hervorgehobene Projekte 2025 Land:&nbsp;AustralienProjekt:&nbsp;Inbetriebnahme eines neuen Windparks Land:&nbsp;Canada&nbsp;Projekt:&nbsp;Baukoordinator \u2013 Hochspannung (HV) Land: VietnamProjekt: Elektrische \u00dcberwachung und Pr\u00fcfung von 2 Hochspannungstransformatoren (HV) f\u00fcr Offshore-Anlagen Ausgew\u00e4hlte Projekte 2023 Land:&nbsp;Canada&nbsp;Projekt:&nbsp;Baukoordinator \u2013 Hochspannung (HV) Ausgew\u00e4hlte Projekte 2022 Land:&nbsp;Gro\u00dfbritannienProjekt:&nbsp;Kundenvertreter beim Austausch [&hellip;]<\/p>\n","protected":false},"author":2,"featured_media":11546,"parent":11492,"menu_order":0,"comment_status":"closed","ping_status":"closed","template":"","meta":{"content-type":"","footnotes":""},"class_list":["post-11545","page","type-page","status-publish","has-post-thumbnail","hentry"],"yoast_head":"<!-- This site is optimized with the Yoast SEO plugin v27.5 - https:\/\/yoast.com\/product\/yoast-seo-wordpress\/ -->\n<title>Windturbinen -<\/title>\n<meta name=\"description\" content=\"Entdecken Sie unsere umfangreichen Referenzen im Bereich Windenergie und \u00fcberzeugen Sie sich von unserer Expertise in elektrischer \u00dcberwachung, Pr\u00fcfung und Koordination von Hochbauprojekten.\" \/>\n<meta name=\"robots\" content=\"index, follow, max-snippet:-1, max-image-preview:large, max-video-preview:-1\" \/>\n<link rel=\"canonical\" href=\"https:\/\/plant-supervision.com\/de\/referenzen\/windturbinen\/\" \/>\n<meta property=\"og:locale\" content=\"de_DE\" \/>\n<meta property=\"og:type\" content=\"article\" \/>\n<meta property=\"og:title\" content=\"Windturbinen -\" \/>\n<meta property=\"og:description\" content=\"Entdecken Sie unsere umfangreichen Referenzen im Bereich Windenergie und \u00fcberzeugen Sie sich von unserer Expertise in elektrischer \u00dcberwachung, Pr\u00fcfung und Koordination von Hochbauprojekten.\" \/>\n<meta property=\"og:url\" content=\"https:\/\/plant-supervision.com\/de\/referenzen\/windturbinen\/\" \/>\n<meta property=\"og:site_name\" content=\"Plant Supervision\" \/>\n<meta property=\"article:modified_time\" content=\"2025-06-19T11:34:06+00:00\" \/>\n<meta property=\"og:image\" content=\"https:\/\/plant-supervision.com\/wp-content\/uploads\/2024\/01\/arteum-ro-zyu6p9-glic-unsplash.jpg\" \/>\n\t<meta property=\"og:image:width\" content=\"750\" \/>\n\t<meta property=\"og:image:height\" content=\"750\" \/>\n\t<meta property=\"og:image:type\" content=\"image\/jpeg\" \/>\n<meta name=\"twitter:card\" content=\"summary_large_image\" \/>\n<meta name=\"twitter:label1\" content=\"Gesch\u00e4tzte Lesezeit\" \/>\n\t<meta name=\"twitter:data1\" content=\"1\u00a0Minute\" \/>\n<script type=\"application\/ld+json\" class=\"yoast-schema-graph\">{\"@context\":\"https:\\\/\\\/schema.org\",\"@graph\":[{\"@type\":\"WebPage\",\"@id\":\"https:\\\/\\\/plant-supervision.com\\\/de\\\/referenzen\\\/windturbinen\\\/\",\"url\":\"https:\\\/\\\/plant-supervision.com\\\/de\\\/referenzen\\\/windturbinen\\\/\",\"name\":\"Windturbinen -\",\"isPartOf\":{\"@id\":\"https:\\\/\\\/plantsupervision.web07.tigermedia.eu\\\/#website\"},\"primaryImageOfPage\":{\"@id\":\"https:\\\/\\\/plant-supervision.com\\\/de\\\/referenzen\\\/windturbinen\\\/#primaryimage\"},\"image\":{\"@id\":\"https:\\\/\\\/plant-supervision.com\\\/de\\\/referenzen\\\/windturbinen\\\/#primaryimage\"},\"thumbnailUrl\":\"https:\\\/\\\/plant-supervision.com\\\/wp-content\\\/uploads\\\/2024\\\/01\\\/arteum-ro-zyu6p9-glic-unsplash.jpg\",\"datePublished\":\"2024-01-25T08:42:08+00:00\",\"dateModified\":\"2025-06-19T11:34:06+00:00\",\"description\":\"Entdecken Sie unsere umfangreichen Referenzen im Bereich Windenergie und \u00fcberzeugen Sie sich von unserer Expertise in elektrischer \u00dcberwachung, Pr\u00fcfung und Koordination von Hochbauprojekten.\",\"breadcrumb\":{\"@id\":\"https:\\\/\\\/plant-supervision.com\\\/de\\\/referenzen\\\/windturbinen\\\/#breadcrumb\"},\"inLanguage\":\"de\",\"potentialAction\":[{\"@type\":\"ReadAction\",\"target\":[\"https:\\\/\\\/plant-supervision.com\\\/de\\\/referenzen\\\/windturbinen\\\/\"]}]},{\"@type\":\"ImageObject\",\"inLanguage\":\"de\",\"@id\":\"https:\\\/\\\/plant-supervision.com\\\/de\\\/referenzen\\\/windturbinen\\\/#primaryimage\",\"url\":\"https:\\\/\\\/plant-supervision.com\\\/wp-content\\\/uploads\\\/2024\\\/01\\\/arteum-ro-zyu6p9-glic-unsplash.jpg\",\"contentUrl\":\"https:\\\/\\\/plant-supervision.com\\\/wp-content\\\/uploads\\\/2024\\\/01\\\/arteum-ro-zyu6p9-glic-unsplash.jpg\",\"width\":750,\"height\":750},{\"@type\":\"BreadcrumbList\",\"@id\":\"https:\\\/\\\/plant-supervision.com\\\/de\\\/referenzen\\\/windturbinen\\\/#breadcrumb\",\"itemListElement\":[{\"@type\":\"ListItem\",\"position\":1,\"name\":\"Home\",\"item\":\"https:\\\/\\\/plant-supervision.com\\\/de\\\/\"},{\"@type\":\"ListItem\",\"position\":2,\"name\":\"Referenzen\",\"item\":\"https:\\\/\\\/plant-supervision.com\\\/de\\\/referenzen\\\/\"},{\"@type\":\"ListItem\",\"position\":3,\"name\":\"Windturbinen\"}]},{\"@type\":\"WebSite\",\"@id\":\"https:\\\/\\\/plantsupervision.web07.tigermedia.eu\\\/#website\",\"url\":\"https:\\\/\\\/plantsupervision.web07.tigermedia.eu\\\/\",\"name\":\"Plant Supervision\",\"description\":\"\",\"publisher\":{\"@id\":\"https:\\\/\\\/plantsupervision.web07.tigermedia.eu\\\/#organization\"},\"potentialAction\":[{\"@type\":\"SearchAction\",\"target\":{\"@type\":\"EntryPoint\",\"urlTemplate\":\"https:\\\/\\\/plantsupervision.web07.tigermedia.eu\\\/?s={search_term_string}\"},\"query-input\":{\"@type\":\"PropertyValueSpecification\",\"valueRequired\":true,\"valueName\":\"search_term_string\"}}],\"inLanguage\":\"de\"},{\"@type\":\"Organization\",\"@id\":\"https:\\\/\\\/plantsupervision.web07.tigermedia.eu\\\/#organization\",\"name\":\"Plant Supervision\",\"url\":\"https:\\\/\\\/plantsupervision.web07.tigermedia.eu\\\/\",\"logo\":{\"@type\":\"ImageObject\",\"inLanguage\":\"de\",\"@id\":\"https:\\\/\\\/plantsupervision.web07.tigermedia.eu\\\/#\\\/schema\\\/logo\\\/image\\\/\",\"url\":\"https:\\\/\\\/plant-supervision.com\\\/wp-content\\\/uploads\\\/2023\\\/11\\\/ps_logo_blue.svg\",\"contentUrl\":\"https:\\\/\\\/plant-supervision.com\\\/wp-content\\\/uploads\\\/2023\\\/11\\\/ps_logo_blue.svg\",\"width\":549,\"height\":121,\"caption\":\"Plant Supervision\"},\"image\":{\"@id\":\"https:\\\/\\\/plantsupervision.web07.tigermedia.eu\\\/#\\\/schema\\\/logo\\\/image\\\/\"},\"sameAs\":[\"https:\\\/\\\/www.linkedin.com\\\/company\\\/plant-supervision\\\/\"]}]}<\/script>\n<!-- \/ Yoast SEO plugin. -->","yoast_head_json":{"title":"Windturbinen -","description":"Entdecken Sie unsere umfangreichen Referenzen im Bereich Windenergie und \u00fcberzeugen Sie sich von unserer Expertise in elektrischer \u00dcberwachung, Pr\u00fcfung und Koordination von Hochbauprojekten.","robots":{"index":"index","follow":"follow","max-snippet":"max-snippet:-1","max-image-preview":"max-image-preview:large","max-video-preview":"max-video-preview:-1"},"canonical":"https:\/\/plant-supervision.com\/de\/referenzen\/windturbinen\/","og_locale":"de_DE","og_type":"article","og_title":"Windturbinen -","og_description":"Entdecken Sie unsere umfangreichen Referenzen im Bereich Windenergie und \u00fcberzeugen Sie sich von unserer Expertise in elektrischer \u00dcberwachung, Pr\u00fcfung und Koordination von Hochbauprojekten.","og_url":"https:\/\/plant-supervision.com\/de\/referenzen\/windturbinen\/","og_site_name":"Plant Supervision","article_modified_time":"2025-06-19T11:34:06+00:00","og_image":[{"width":750,"height":750,"url":"https:\/\/plant-supervision.com\/wp-content\/uploads\/2024\/01\/arteum-ro-zyu6p9-glic-unsplash.jpg","type":"image\/jpeg"}],"twitter_card":"summary_large_image","twitter_misc":{"Gesch\u00e4tzte Lesezeit":"1\u00a0Minute"},"schema":{"@context":"https:\/\/schema.org","@graph":[{"@type":"WebPage","@id":"https:\/\/plant-supervision.com\/de\/referenzen\/windturbinen\/","url":"https:\/\/plant-supervision.com\/de\/referenzen\/windturbinen\/","name":"Windturbinen -","isPartOf":{"@id":"https:\/\/plantsupervision.web07.tigermedia.eu\/#website"},"primaryImageOfPage":{"@id":"https:\/\/plant-supervision.com\/de\/referenzen\/windturbinen\/#primaryimage"},"image":{"@id":"https:\/\/plant-supervision.com\/de\/referenzen\/windturbinen\/#primaryimage"},"thumbnailUrl":"https:\/\/plant-supervision.com\/wp-content\/uploads\/2024\/01\/arteum-ro-zyu6p9-glic-unsplash.jpg","datePublished":"2024-01-25T08:42:08+00:00","dateModified":"2025-06-19T11:34:06+00:00","description":"Entdecken Sie unsere umfangreichen Referenzen im Bereich Windenergie und \u00fcberzeugen Sie sich von unserer Expertise in elektrischer \u00dcberwachung, Pr\u00fcfung und Koordination von Hochbauprojekten.","breadcrumb":{"@id":"https:\/\/plant-supervision.com\/de\/referenzen\/windturbinen\/#breadcrumb"},"inLanguage":"de","potentialAction":[{"@type":"ReadAction","target":["https:\/\/plant-supervision.com\/de\/referenzen\/windturbinen\/"]}]},{"@type":"ImageObject","inLanguage":"de","@id":"https:\/\/plant-supervision.com\/de\/referenzen\/windturbinen\/#primaryimage","url":"https:\/\/plant-supervision.com\/wp-content\/uploads\/2024\/01\/arteum-ro-zyu6p9-glic-unsplash.jpg","contentUrl":"https:\/\/plant-supervision.com\/wp-content\/uploads\/2024\/01\/arteum-ro-zyu6p9-glic-unsplash.jpg","width":750,"height":750},{"@type":"BreadcrumbList","@id":"https:\/\/plant-supervision.com\/de\/referenzen\/windturbinen\/#breadcrumb","itemListElement":[{"@type":"ListItem","position":1,"name":"Home","item":"https:\/\/plant-supervision.com\/de\/"},{"@type":"ListItem","position":2,"name":"Referenzen","item":"https:\/\/plant-supervision.com\/de\/referenzen\/"},{"@type":"ListItem","position":3,"name":"Windturbinen"}]},{"@type":"WebSite","@id":"https:\/\/plantsupervision.web07.tigermedia.eu\/#website","url":"https:\/\/plantsupervision.web07.tigermedia.eu\/","name":"Plant Supervision","description":"","publisher":{"@id":"https:\/\/plantsupervision.web07.tigermedia.eu\/#organization"},"potentialAction":[{"@type":"SearchAction","target":{"@type":"EntryPoint","urlTemplate":"https:\/\/plantsupervision.web07.tigermedia.eu\/?s={search_term_string}"},"query-input":{"@type":"PropertyValueSpecification","valueRequired":true,"valueName":"search_term_string"}}],"inLanguage":"de"},{"@type":"Organization","@id":"https:\/\/plantsupervision.web07.tigermedia.eu\/#organization","name":"Plant Supervision","url":"https:\/\/plantsupervision.web07.tigermedia.eu\/","logo":{"@type":"ImageObject","inLanguage":"de","@id":"https:\/\/plantsupervision.web07.tigermedia.eu\/#\/schema\/logo\/image\/","url":"https:\/\/plant-supervision.com\/wp-content\/uploads\/2023\/11\/ps_logo_blue.svg","contentUrl":"https:\/\/plant-supervision.com\/wp-content\/uploads\/2023\/11\/ps_logo_blue.svg","width":549,"height":121,"caption":"Plant Supervision"},"image":{"@id":"https:\/\/plantsupervision.web07.tigermedia.eu\/#\/schema\/logo\/image\/"},"sameAs":["https:\/\/www.linkedin.com\/company\/plant-supervision\/"]}]}},"_links":{"self":[{"href":"https:\/\/plant-supervision.com\/de\/wp-json\/wp\/v2\/pages\/11545","targetHints":{"allow":["GET"]}}],"collection":[{"href":"https:\/\/plant-supervision.com\/de\/wp-json\/wp\/v2\/pages"}],"about":[{"href":"https:\/\/plant-supervision.com\/de\/wp-json\/wp\/v2\/types\/page"}],"author":[{"embeddable":true,"href":"https:\/\/plant-supervision.com\/de\/wp-json\/wp\/v2\/users\/2"}],"replies":[{"embeddable":true,"href":"https:\/\/plant-supervision.com\/de\/wp-json\/wp\/v2\/comments?post=11545"}],"version-history":[{"count":1,"href":"https:\/\/plant-supervision.com\/de\/wp-json\/wp\/v2\/pages\/11545\/revisions"}],"predecessor-version":[{"id":11547,"href":"https:\/\/plant-supervision.com\/de\/wp-json\/wp\/v2\/pages\/11545\/revisions\/11547"}],"up":[{"embeddable":true,"href":"https:\/\/plant-supervision.com\/de\/wp-json\/wp\/v2\/pages\/11492"}],"wp:featuredmedia":[{"embeddable":true,"href":"https:\/\/plant-supervision.com\/de\/wp-json\/wp\/v2\/media\/11546"}],"wp:attachment":[{"href":"https:\/\/plant-supervision.com\/de\/wp-json\/wp\/v2\/media?parent=11545"}],"curies":[{"name":"wp","href":"https:\/\/api.w.org\/{rel}","templated":true}]}}