{"id":11532,"date":"2024-01-25T08:43:41","date_gmt":"2024-01-25T08:43:41","guid":{"rendered":"https:\/\/plant-supervision.com\/referenzen\/andere\/"},"modified":"2025-06-19T10:05:03","modified_gmt":"2025-06-19T10:05:03","slug":"andere","status":"publish","type":"page","link":"https:\/\/plant-supervision.com\/de\/referenzen\/andere\/","title":{"rendered":"Andere"},"content":{"rendered":"\t\t<div data-elementor-type=\"wp-page\" data-elementor-id=\"11532\" class=\"elementor elementor-11532 elementor-1071\" data-elementor-post-type=\"page\">\n\t\t\t\t<div class=\"elementor-element elementor-element-70e5948f e-con-full e-flex e-con e-parent\" data-id=\"70e5948f\" data-element_type=\"container\" data-e-type=\"container\" data-settings=\"{&quot;jet_parallax_layout_list&quot;:[]}\">\n\t\t\t\t<div class=\"elementor-element elementor-element-75e1ad94 elementor-widget elementor-widget-text-editor\" data-id=\"75e1ad94\" data-element_type=\"widget\" data-e-type=\"widget\" data-widget_type=\"text-editor.default\">\n\t\t\t\t<div class=\"elementor-widget-container\">\n\t\t\t\t\t\t\t\t\t<h2 style=\"font-family: Roboto, sans-serif; color: #000000;\">Hervorgehobene Projekte 2025<\/h2><div><span style=\"font-weight: bolder;\">Land:<\/span> D\u00e4nemark<\/div><p><span style=\"font-weight: bold;\">Branche<\/span>: Kraftwerk<br><span style=\"font-weight: bolder;\">Projekt<\/span>: HSE-Manager f\u00fcr Installation und Betrieb von Biogas-Kraftwerken<\/p><div><span style=\"font-weight: bolder;\">Land: <\/span>Schweden<span style=\"color: var( --e-global-color-text ); text-align: var(--text-align);\"><br><\/span><span style=\"color: var( --e-global-color-text ); text-align: var(--text-align);\"><span style=\"font-weight: bold;\">Branche:<\/span> Datacenter<br><\/span><span style=\"font-weight: bolder; color: var( --e-global-color-text ); text-align: var(--text-align);\">Projekt: <\/span><span style=\"color: var( --e-global-color-text ); text-align: var(--text-align);\">Inbetriebnahmeingenieur f\u00fcr das Backup-Generatorsystem eines Rechenzentrums<br><\/span><br><span style=\"font-weight: bolder;\">Land: <\/span>Schweden<span style=\"color: var( --e-global-color-text ); text-align: var(--text-align);\"><br><\/span><span style=\"color: var( --e-global-color-text ); text-align: var(--text-align);\"><span style=\"font-weight: bold;\">Branche:<\/span> <\/span>Rechenzentrum<span style=\"color: var( --e-global-color-text ); text-align: var(--text-align);\"><br><\/span><span style=\"color: var( --e-global-color-text ); text-align: var(--text-align); font-weight: bolder;\">Projekt: <\/span><span style=\"color: var( --e-global-color-text ); text-align: var(--text-align);\">Elektrischer Pr\u00fcfer f\u00fcr Kabelinstallation am Generatorsystem eines Rechenzentrums<\/span><br><span style=\"color: var( --e-global-color-text ); text-align: var(--text-align);\"><br><\/span><\/div><p><span style=\"font-weight: bolder;\">Land: <\/span>Schweden<br><span style=\"font-weight: bold;\">Branche:<\/span> Rechenzentrum<br><span style=\"font-weight: bolder;\">About: Elektrisches Baustellenteam f\u00fcr die Installation eines Backup-Systems (Notstrom) in einem Rechenzentrum<\/span><\/p><h2>Hervorgehobene Projekte 2024<\/h2><p><strong>Land: <\/strong>Schweden<span style=\"color: var( --e-global-color-text ); text-align: var(--text-align);\"> <br><\/span><span style=\"color: var( --e-global-color-text ); text-align: var(--text-align);\"><b>Branche:<\/b> Kran- und Hebetechnik<br><\/span><strong style=\"color: var( --e-global-color-text ); text-align: var(--text-align);\">Projekt: <\/strong><span style=\"color: var( --e-global-color-text ); text-align: var(--text-align);\">Hydraulikmonteur f\u00fcr Marinekrandienste<\/span><\/p><p><strong>Country: <\/strong>Schweden<br><span style=\"font-weight: bold;\">Branche: <\/span>Batterie<strong><br><\/strong><strong>Projekt<\/strong>: Bauleiter f\u00fcr eine Batteriefabrik<\/p><h2>Ausgew\u00e4hlte Projekte 2023<\/h2><p><strong>Land: <\/strong>D\u00e4nemark<br><span style=\"font-weight: bold;\">Branche:<\/span> Behindertenbereich (Rollst\u00fchle)<strong><br><\/strong><strong>Projekt<\/strong>: Aluminiumschwei\u00dfer f\u00fcr einen Rollstuhlhersteller<\/p><h2>Ausgew\u00e4hlte Projekte 2022<\/h2><p><strong>Land: <\/strong>D\u00e4nenmark<br><span style=\"font-weight: bold;\">Industry: \u00d6l und Gas<\/span><strong><br><\/strong><strong>Projekt<\/strong>: Qualit\u00e4tsleiter beim Baltic Pipe Projekt<\/p><p><strong>ProjektLand: <\/strong>Kuwait<br><span style=\"font-weight: bold;\">Branche: <\/span>Wasseraufbereitung<strong><br><\/strong><strong>About: <\/strong>Inbetriebnahme einer Abwasserbehandlungsanlage f\u00fcr Produktionswasser aus der \u00d6l- und Gasf\u00f6rderung<\/p><p><strong>Audits:<\/strong> Plant Supervision hat ausf\u00fchrliche unabh\u00e4ngige mechanische und prozesstechnische Pyro-Linien-Audits in Schweden, Brasilien, Indonesien, Polen und Indien durchgef\u00fchrt.<\/p><p>Die genannten Beispiele sind nur ein Ausschnitt unserer gr\u00f6\u00dferen Projekte. Dar\u00fcber hinaus waren wir bei zahlreichen Eins\u00e4tzen zur Prozess- und Mechanik-Fehlerbehebung sowie Reparaturen beteiligt. Dazu z\u00e4hlen unter anderem der Wechsel der Ofenh\u00fclle, Hei\u00df- oder Kaltjustierung des Drehofens, Rissreparaturen an der M\u00fchle, Austausch von Lagern und Walzen sowie die Bearbeitung von Lagerschalen. Grunds\u00e4tzlich \u00fcbernehmen wir alle mechanischen, prozesstechnischen und elektrischen Arbeiten, die in einer Zementanlage anfallen.   <\/p><p><strong>Wenn Sie ein Projekt in einer Branche haben, die noch nicht in unserem Portfolio vertreten ist, z\u00f6gern Sie nicht, uns zu kontaktieren. Wir finden eine L\u00f6sung, die genau zu Ihrem Unternehmen und den Anforderungen Ihres Projekts passt. <\/strong><\/p>\t\t\t\t\t\t\t\t<\/div>\n\t\t\t\t<\/div>\n\t\t\t\t<div class=\"elementor-element elementor-element-32bda7b elementor-widget elementor-widget-text-editor\" data-id=\"32bda7b\" data-element_type=\"widget\" data-e-type=\"widget\" data-widget_type=\"text-editor.default\">\n\t\t\t\t<div class=\"elementor-widget-container\">\n\t\t\t\t\t\t\t\t\t<h2 style=\"font-family: Roboto, sans-serif; color: #000000;\"><strong><span style=\"color: inherit; font-family: inherit; font-size: 2rem; text-align: var(--text-align);\">Hervorgehobene Projekte 2024<\/span><\/strong><\/h2><div><div><span style=\"font-weight: bolder;\">Land: <\/span>Frankreich<\/div><div><span style=\"color: var( --e-global-color-text ); text-align: var(--text-align); font-weight: bolder;\">Projekt: <\/span>Mechanischer Supervisor f\u00fcr Verpackungsmaschinen im Bereich Isolierung<\/div><div> <\/div><\/div><div><span style=\"font-weight: bolder;\">Country: <\/span>USA<\/div><div><span style=\"color: var( --e-global-color-text ); text-align: var(--text-align); font-weight: bolder;\">Projekt: <\/span><span style=\"text-align: var(--text-align);\">Elektrosupervisor f\u00fcr ein automatisiertes Lager<\/span><\/div><div> <\/div><div><div><span style=\"font-weight: bolder;\">Land: Gro\u00dfbritannien<\/span><\/div><div><span style=\"color: var( --e-global-color-text ); text-align: var(--text-align); font-weight: bolder;\">Projekt: <\/span>Mechanischer Supervisor f\u00fcr Verpackungsmaschinen im Bereich Isolierung<\/div><\/div><div> <\/div><div><strong><span style=\"color: inherit; font-family: inherit; font-size: 2rem; text-align: var(--text-align);\">Ausgew\u00e4hlte Projekte 2023<\/span><\/strong><\/div><p><strong>Land: <\/strong>D\u00e4nenmark<strong><br><\/strong><strong>Projekt<\/strong>: Mechanischer Supervisor f\u00fcr ein automatisiertes Isolations-Handling-System<\/p><p><strong>Land:<\/strong> Frankreich<br><strong>Projekt:<\/strong> Mechanischer Supervisor f\u00fcr ein automatisiertes Isolations-Handling-System<\/p><p><span style=\"color: inherit; font-family: inherit; text-align: var(--text-align);\"><span style=\"font-size: 2rem; font-weight: bolder;\">Ausgew\u00e4hlte Projekte 2022<\/span><\/span><\/p><p><span style=\"color: var( --e-global-color-text ); text-align: var(--text-align); font-weight: bolder;\">Land: <\/span><span style=\"color: var( --e-global-color-text ); text-align: var(--text-align);\">Schweden &amp; USA<\/span><br><span style=\"color: var( --e-global-color-text ); text-align: var(--text-align); font-weight: bolder;\">Projekt: <\/span><span style=\"color: var( --e-global-color-text ); text-align: var(--text-align);\">Optimierung eines automatisierten Lagers und Verpackungszentrums mit elektrischer \u00dcberwachung<\/span><\/p><p><strong>Kontaktieren Sie uns gerne f\u00fcr konkrete Referenzen.<\/strong><\/p>\t\t\t\t\t\t\t\t<\/div>\n\t\t\t\t<\/div>\n\t\t\t\t<\/div>\n\t\t\t\t<\/div>\n\t\t","protected":false},"excerpt":{"rendered":"<p>Hervorgehobene Projekte 2025 Land: D\u00e4nemark Branche: KraftwerkProjekt: HSE-Manager f\u00fcr Installation und Betrieb von Biogas-Kraftwerken Land: SchwedenBranche: DatacenterProjekt: Inbetriebnahmeingenieur f\u00fcr das Backup-Generatorsystem eines Rechenzentrums Land: SchwedenBranche: RechenzentrumProjekt: Elektrischer Pr\u00fcfer f\u00fcr Kabelinstallation am Generatorsystem eines Rechenzentrums Land: SchwedenBranche: RechenzentrumAbout: Elektrisches Baustellenteam f\u00fcr die Installation eines Backup-Systems (Notstrom) in einem Rechenzentrum Hervorgehobene Projekte 2024 Land: Schweden Branche: Kran- [&hellip;]<\/p>\n","protected":false},"author":2,"featured_media":11294,"parent":11492,"menu_order":0,"comment_status":"closed","ping_status":"closed","template":"","meta":{"content-type":"","footnotes":""},"class_list":["post-11532","page","type-page","status-publish","has-post-thumbnail","hentry"],"yoast_head":"<!-- This site is optimized with the Yoast SEO plugin v27.5 - https:\/\/yoast.com\/product\/yoast-seo-wordpress\/ -->\n<title>Entdecken Sie weitere Referenzen unserer Projekte weltweit.<\/title>\n<meta name=\"description\" content=\"Entdecken Sie die vielf\u00e4ltigen Projektreferenzen von Plant Supervision aus unterschiedlichen Branchen \u2013 ein Beleg f\u00fcr unsere Expertise in mechanischer, prozesstechnischer und elektrischer Fehlerbehebung sowie Reparaturarbeiten.\" \/>\n<meta name=\"robots\" content=\"index, follow, max-snippet:-1, max-image-preview:large, max-video-preview:-1\" \/>\n<link rel=\"canonical\" href=\"https:\/\/plant-supervision.com\/de\/referenzen\/andere\/\" \/>\n<meta property=\"og:locale\" content=\"de_DE\" \/>\n<meta property=\"og:type\" content=\"article\" \/>\n<meta property=\"og:title\" content=\"Entdecken Sie weitere Referenzen unserer Projekte weltweit.\" \/>\n<meta property=\"og:description\" content=\"Entdecken Sie die vielf\u00e4ltigen Projektreferenzen von Plant Supervision aus unterschiedlichen Branchen \u2013 ein Beleg f\u00fcr unsere Expertise in mechanischer, prozesstechnischer und elektrischer Fehlerbehebung sowie Reparaturarbeiten.\" \/>\n<meta property=\"og:url\" content=\"https:\/\/plant-supervision.com\/de\/referenzen\/andere\/\" \/>\n<meta property=\"og:site_name\" content=\"Plant Supervision\" \/>\n<meta property=\"article:modified_time\" content=\"2025-06-19T10:05:03+00:00\" \/>\n<meta property=\"og:image\" content=\"https:\/\/plant-supervision.com\/wp-content\/uploads\/2024\/01\/supervisor-pa-arbejde.jpg\" \/>\n\t<meta property=\"og:image:width\" content=\"1920\" \/>\n\t<meta property=\"og:image:height\" content=\"1280\" \/>\n\t<meta property=\"og:image:type\" content=\"image\/jpeg\" \/>\n<meta name=\"twitter:card\" content=\"summary_large_image\" \/>\n<meta name=\"twitter:label1\" content=\"Gesch\u00e4tzte Lesezeit\" \/>\n\t<meta name=\"twitter:data1\" content=\"2\u00a0Minuten\" \/>\n<script type=\"application\/ld+json\" class=\"yoast-schema-graph\">{\"@context\":\"https:\\\/\\\/schema.org\",\"@graph\":[{\"@type\":\"WebPage\",\"@id\":\"https:\\\/\\\/plant-supervision.com\\\/de\\\/referenzen\\\/andere\\\/\",\"url\":\"https:\\\/\\\/plant-supervision.com\\\/de\\\/referenzen\\\/andere\\\/\",\"name\":\"Entdecken Sie weitere Referenzen unserer Projekte weltweit.\",\"isPartOf\":{\"@id\":\"https:\\\/\\\/plantsupervision.web07.tigermedia.eu\\\/#website\"},\"primaryImageOfPage\":{\"@id\":\"https:\\\/\\\/plant-supervision.com\\\/de\\\/referenzen\\\/andere\\\/#primaryimage\"},\"image\":{\"@id\":\"https:\\\/\\\/plant-supervision.com\\\/de\\\/referenzen\\\/andere\\\/#primaryimage\"},\"thumbnailUrl\":\"https:\\\/\\\/plant-supervision.com\\\/wp-content\\\/uploads\\\/2024\\\/01\\\/supervisor-pa-arbejde.jpg\",\"datePublished\":\"2024-01-25T08:43:41+00:00\",\"dateModified\":\"2025-06-19T10:05:03+00:00\",\"description\":\"Entdecken Sie die vielf\u00e4ltigen Projektreferenzen von Plant Supervision aus unterschiedlichen Branchen \u2013 ein Beleg f\u00fcr unsere Expertise in mechanischer, prozesstechnischer und elektrischer Fehlerbehebung sowie Reparaturarbeiten.\",\"breadcrumb\":{\"@id\":\"https:\\\/\\\/plant-supervision.com\\\/de\\\/referenzen\\\/andere\\\/#breadcrumb\"},\"inLanguage\":\"de\",\"potentialAction\":[{\"@type\":\"ReadAction\",\"target\":[\"https:\\\/\\\/plant-supervision.com\\\/de\\\/referenzen\\\/andere\\\/\"]}]},{\"@type\":\"ImageObject\",\"inLanguage\":\"de\",\"@id\":\"https:\\\/\\\/plant-supervision.com\\\/de\\\/referenzen\\\/andere\\\/#primaryimage\",\"url\":\"https:\\\/\\\/plant-supervision.com\\\/wp-content\\\/uploads\\\/2024\\\/01\\\/supervisor-pa-arbejde.jpg\",\"contentUrl\":\"https:\\\/\\\/plant-supervision.com\\\/wp-content\\\/uploads\\\/2024\\\/01\\\/supervisor-pa-arbejde.jpg\",\"width\":1920,\"height\":1280},{\"@type\":\"BreadcrumbList\",\"@id\":\"https:\\\/\\\/plant-supervision.com\\\/de\\\/referenzen\\\/andere\\\/#breadcrumb\",\"itemListElement\":[{\"@type\":\"ListItem\",\"position\":1,\"name\":\"Home\",\"item\":\"https:\\\/\\\/plant-supervision.com\\\/de\\\/\"},{\"@type\":\"ListItem\",\"position\":2,\"name\":\"Referenzen\",\"item\":\"https:\\\/\\\/plant-supervision.com\\\/de\\\/referenzen\\\/\"},{\"@type\":\"ListItem\",\"position\":3,\"name\":\"Andere\"}]},{\"@type\":\"WebSite\",\"@id\":\"https:\\\/\\\/plantsupervision.web07.tigermedia.eu\\\/#website\",\"url\":\"https:\\\/\\\/plantsupervision.web07.tigermedia.eu\\\/\",\"name\":\"Plant Supervision\",\"description\":\"\",\"publisher\":{\"@id\":\"https:\\\/\\\/plantsupervision.web07.tigermedia.eu\\\/#organization\"},\"potentialAction\":[{\"@type\":\"SearchAction\",\"target\":{\"@type\":\"EntryPoint\",\"urlTemplate\":\"https:\\\/\\\/plantsupervision.web07.tigermedia.eu\\\/?s={search_term_string}\"},\"query-input\":{\"@type\":\"PropertyValueSpecification\",\"valueRequired\":true,\"valueName\":\"search_term_string\"}}],\"inLanguage\":\"de\"},{\"@type\":\"Organization\",\"@id\":\"https:\\\/\\\/plantsupervision.web07.tigermedia.eu\\\/#organization\",\"name\":\"Plant Supervision\",\"url\":\"https:\\\/\\\/plantsupervision.web07.tigermedia.eu\\\/\",\"logo\":{\"@type\":\"ImageObject\",\"inLanguage\":\"de\",\"@id\":\"https:\\\/\\\/plantsupervision.web07.tigermedia.eu\\\/#\\\/schema\\\/logo\\\/image\\\/\",\"url\":\"https:\\\/\\\/plant-supervision.com\\\/wp-content\\\/uploads\\\/2023\\\/11\\\/ps_logo_blue.svg\",\"contentUrl\":\"https:\\\/\\\/plant-supervision.com\\\/wp-content\\\/uploads\\\/2023\\\/11\\\/ps_logo_blue.svg\",\"width\":549,\"height\":121,\"caption\":\"Plant Supervision\"},\"image\":{\"@id\":\"https:\\\/\\\/plantsupervision.web07.tigermedia.eu\\\/#\\\/schema\\\/logo\\\/image\\\/\"},\"sameAs\":[\"https:\\\/\\\/www.linkedin.com\\\/company\\\/plant-supervision\\\/\"]}]}<\/script>\n<!-- \/ Yoast SEO plugin. -->","yoast_head_json":{"title":"Entdecken Sie weitere Referenzen unserer Projekte weltweit.","description":"Entdecken Sie die vielf\u00e4ltigen Projektreferenzen von Plant Supervision aus unterschiedlichen Branchen \u2013 ein Beleg f\u00fcr unsere Expertise in mechanischer, prozesstechnischer und elektrischer Fehlerbehebung sowie Reparaturarbeiten.","robots":{"index":"index","follow":"follow","max-snippet":"max-snippet:-1","max-image-preview":"max-image-preview:large","max-video-preview":"max-video-preview:-1"},"canonical":"https:\/\/plant-supervision.com\/de\/referenzen\/andere\/","og_locale":"de_DE","og_type":"article","og_title":"Entdecken Sie weitere Referenzen unserer Projekte weltweit.","og_description":"Entdecken Sie die vielf\u00e4ltigen Projektreferenzen von Plant Supervision aus unterschiedlichen Branchen \u2013 ein Beleg f\u00fcr unsere Expertise in mechanischer, prozesstechnischer und elektrischer Fehlerbehebung sowie Reparaturarbeiten.","og_url":"https:\/\/plant-supervision.com\/de\/referenzen\/andere\/","og_site_name":"Plant Supervision","article_modified_time":"2025-06-19T10:05:03+00:00","og_image":[{"width":1920,"height":1280,"url":"https:\/\/plant-supervision.com\/wp-content\/uploads\/2024\/01\/supervisor-pa-arbejde.jpg","type":"image\/jpeg"}],"twitter_card":"summary_large_image","twitter_misc":{"Gesch\u00e4tzte Lesezeit":"2\u00a0Minuten"},"schema":{"@context":"https:\/\/schema.org","@graph":[{"@type":"WebPage","@id":"https:\/\/plant-supervision.com\/de\/referenzen\/andere\/","url":"https:\/\/plant-supervision.com\/de\/referenzen\/andere\/","name":"Entdecken Sie weitere Referenzen unserer Projekte weltweit.","isPartOf":{"@id":"https:\/\/plantsupervision.web07.tigermedia.eu\/#website"},"primaryImageOfPage":{"@id":"https:\/\/plant-supervision.com\/de\/referenzen\/andere\/#primaryimage"},"image":{"@id":"https:\/\/plant-supervision.com\/de\/referenzen\/andere\/#primaryimage"},"thumbnailUrl":"https:\/\/plant-supervision.com\/wp-content\/uploads\/2024\/01\/supervisor-pa-arbejde.jpg","datePublished":"2024-01-25T08:43:41+00:00","dateModified":"2025-06-19T10:05:03+00:00","description":"Entdecken Sie die vielf\u00e4ltigen Projektreferenzen von Plant Supervision aus unterschiedlichen Branchen \u2013 ein Beleg f\u00fcr unsere Expertise in mechanischer, prozesstechnischer und elektrischer Fehlerbehebung sowie Reparaturarbeiten.","breadcrumb":{"@id":"https:\/\/plant-supervision.com\/de\/referenzen\/andere\/#breadcrumb"},"inLanguage":"de","potentialAction":[{"@type":"ReadAction","target":["https:\/\/plant-supervision.com\/de\/referenzen\/andere\/"]}]},{"@type":"ImageObject","inLanguage":"de","@id":"https:\/\/plant-supervision.com\/de\/referenzen\/andere\/#primaryimage","url":"https:\/\/plant-supervision.com\/wp-content\/uploads\/2024\/01\/supervisor-pa-arbejde.jpg","contentUrl":"https:\/\/plant-supervision.com\/wp-content\/uploads\/2024\/01\/supervisor-pa-arbejde.jpg","width":1920,"height":1280},{"@type":"BreadcrumbList","@id":"https:\/\/plant-supervision.com\/de\/referenzen\/andere\/#breadcrumb","itemListElement":[{"@type":"ListItem","position":1,"name":"Home","item":"https:\/\/plant-supervision.com\/de\/"},{"@type":"ListItem","position":2,"name":"Referenzen","item":"https:\/\/plant-supervision.com\/de\/referenzen\/"},{"@type":"ListItem","position":3,"name":"Andere"}]},{"@type":"WebSite","@id":"https:\/\/plantsupervision.web07.tigermedia.eu\/#website","url":"https:\/\/plantsupervision.web07.tigermedia.eu\/","name":"Plant Supervision","description":"","publisher":{"@id":"https:\/\/plantsupervision.web07.tigermedia.eu\/#organization"},"potentialAction":[{"@type":"SearchAction","target":{"@type":"EntryPoint","urlTemplate":"https:\/\/plantsupervision.web07.tigermedia.eu\/?s={search_term_string}"},"query-input":{"@type":"PropertyValueSpecification","valueRequired":true,"valueName":"search_term_string"}}],"inLanguage":"de"},{"@type":"Organization","@id":"https:\/\/plantsupervision.web07.tigermedia.eu\/#organization","name":"Plant Supervision","url":"https:\/\/plantsupervision.web07.tigermedia.eu\/","logo":{"@type":"ImageObject","inLanguage":"de","@id":"https:\/\/plantsupervision.web07.tigermedia.eu\/#\/schema\/logo\/image\/","url":"https:\/\/plant-supervision.com\/wp-content\/uploads\/2023\/11\/ps_logo_blue.svg","contentUrl":"https:\/\/plant-supervision.com\/wp-content\/uploads\/2023\/11\/ps_logo_blue.svg","width":549,"height":121,"caption":"Plant Supervision"},"image":{"@id":"https:\/\/plantsupervision.web07.tigermedia.eu\/#\/schema\/logo\/image\/"},"sameAs":["https:\/\/www.linkedin.com\/company\/plant-supervision\/"]}]}},"_links":{"self":[{"href":"https:\/\/plant-supervision.com\/de\/wp-json\/wp\/v2\/pages\/11532","targetHints":{"allow":["GET"]}}],"collection":[{"href":"https:\/\/plant-supervision.com\/de\/wp-json\/wp\/v2\/pages"}],"about":[{"href":"https:\/\/plant-supervision.com\/de\/wp-json\/wp\/v2\/types\/page"}],"author":[{"embeddable":true,"href":"https:\/\/plant-supervision.com\/de\/wp-json\/wp\/v2\/users\/2"}],"replies":[{"embeddable":true,"href":"https:\/\/plant-supervision.com\/de\/wp-json\/wp\/v2\/comments?post=11532"}],"version-history":[{"count":1,"href":"https:\/\/plant-supervision.com\/de\/wp-json\/wp\/v2\/pages\/11532\/revisions"}],"predecessor-version":[{"id":11533,"href":"https:\/\/plant-supervision.com\/de\/wp-json\/wp\/v2\/pages\/11532\/revisions\/11533"}],"up":[{"embeddable":true,"href":"https:\/\/plant-supervision.com\/de\/wp-json\/wp\/v2\/pages\/11492"}],"wp:featuredmedia":[{"embeddable":true,"href":"https:\/\/plant-supervision.com\/de\/wp-json\/wp\/v2\/media\/11294"}],"wp:attachment":[{"href":"https:\/\/plant-supervision.com\/de\/wp-json\/wp\/v2\/media?parent=11532"}],"curies":[{"name":"wp","href":"https:\/\/api.w.org\/{rel}","templated":true}]}}