{"id":11523,"date":"2024-01-25T08:41:12","date_gmt":"2024-01-25T08:41:12","guid":{"rendered":"https:\/\/plant-supervision.com\/referenzen\/mining\/"},"modified":"2025-06-19T08:59:10","modified_gmt":"2025-06-19T08:59:10","slug":"mining","status":"publish","type":"page","link":"https:\/\/plant-supervision.com\/de\/referenzen\/mining\/","title":{"rendered":"Mining"},"content":{"rendered":"\t\t<div data-elementor-type=\"wp-page\" data-elementor-id=\"11523\" class=\"elementor elementor-11523 elementor-1055\" data-elementor-post-type=\"page\">\n\t\t\t\t<div class=\"elementor-element elementor-element-672818bd e-flex e-con-boxed e-con e-parent\" data-id=\"672818bd\" data-element_type=\"container\" data-e-type=\"container\" data-settings=\"{&quot;jet_parallax_layout_list&quot;:[]}\">\n\t\t\t\t\t<div class=\"e-con-inner\">\n\t\t\t\t<div class=\"elementor-element elementor-element-3d7be5ea elementor-widget elementor-widget-text-editor\" data-id=\"3d7be5ea\" data-element_type=\"widget\" data-e-type=\"widget\" data-widget_type=\"text-editor.default\">\n\t\t\t\t<div class=\"elementor-widget-container\">\n\t\t\t\t\t\t\t\t\t<h2>Hervorgehobene Projekte 2024<\/h2>\n<p><strong>Land:&nbsp;<\/strong>\u00d6sterreich<br><strong>Projekt:&nbsp;<\/strong>Installation von Bergbauausr\u00fcstung<\/p>\n<p><strong>Land:&nbsp;<\/strong>\u00d6sterreich<br><strong>Um:&nbsp;<\/strong><span style=\"text-align: var(--text-align);\">Projekt: Projektmanagement f\u00fcr ein Bergbauvorhaben. Zudem Unterst\u00fctzung bei der lokalen Lohnabrechnung in \u00d6sterreich. <\/span><\/p>\n<p><strong>Land:&nbsp;<\/strong>Kasachstan<strong><br><\/strong><strong>Projekt:<\/strong> Mechanische Beratung f\u00fcr ein Bergbauprojekt. Zus\u00e4tzlich erfolgte die Unterst\u00fctzung bei globalen Payroll-Services im Auftrag unseres Kunden. <\/p>\n<p><span style=\"font-weight: bolder;\">Land:&nbsp;<\/span>USA<span style=\"font-weight: bolder;\"><br><\/span><span style=\"font-weight: bolder;\">Projekt:<\/span>&nbsp;Unterst\u00fctzung beim Aufbau einer M\u00fchle in einer Bergbauanlage.<\/p>\n<h2>Ausgew\u00e4hlte Projekte 2023<\/h2>\n<p><strong>Land:&nbsp;<\/strong>Brasilien<strong><br>Projekt:<\/strong>Prozessoptimierung in einer bestehenden Zementanlage und Inbetriebnahme eines neuen Brennersystems<\/p>\n<p><strong>Land:&nbsp;<\/strong>Kasachstan<strong><br><\/strong><strong>Projekt:<\/strong>&nbsp;Stillstandsarbeiten an einer SAG-M\u00fchle \u2013 Austausch der Hauptlagersicherungen in Kombination mit einer \u00dcberholung des Schmiersystems <\/p>\n<h2>Ausgew\u00e4hlte Projekte 2022<\/h2>\n<p><strong>Land:&nbsp;<\/strong>\u00c4gypten<br><strong>Projekt:&nbsp;<\/strong>\u00dcberwachung des Austauschs von Welle und Lageranordnung in einem Kegelbrecher&nbsp;<\/p>\n<p><strong>Land:&nbsp;<\/strong>Gro\u00dfbritannien<br><strong>Projekt:&nbsp;<\/strong>\u00dcberwachung der \u00dcberholung eines Eindickers \u2013 Antrieb und Wellenmontage.<\/p>\n<h2>Ausgew\u00e4hlte Projekte 2021<\/h2>\n<p><strong>Land:&nbsp;<\/strong>Europe<br><strong>Projekt:<\/strong>&nbsp;Projektmanagement eines F&amp;E-Vorhabens \u2013 Standortkomponente sowie Einhaltung von EU-Richtlinien und -Vorschriften<\/p>\n<p><strong>Kontaktieren Sie uns gerne f\u00fcr konkrete Referenzen aus der Bergbauindustrie&nbsp;<\/strong><\/p>\t\t\t\t\t\t\t\t<\/div>\n\t\t\t\t<\/div>\n\t\t\t\t\t<\/div>\n\t\t\t\t<\/div>\n\t\t\t\t<\/div>\n\t\t","protected":false},"excerpt":{"rendered":"<p>Hervorgehobene Projekte 2024 Land:&nbsp;\u00d6sterreichProjekt:&nbsp;Installation von Bergbauausr\u00fcstung Land:&nbsp;\u00d6sterreichUm:&nbsp;Projekt: Projektmanagement f\u00fcr ein Bergbauvorhaben. Zudem Unterst\u00fctzung bei der lokalen Lohnabrechnung in \u00d6sterreich. Land:&nbsp;KasachstanProjekt: Mechanische Beratung f\u00fcr ein Bergbauprojekt. Zus\u00e4tzlich erfolgte die Unterst\u00fctzung bei globalen Payroll-Services im Auftrag unseres Kunden. Land:&nbsp;USAProjekt:&nbsp;Unterst\u00fctzung beim Aufbau einer M\u00fchle in einer Bergbauanlage. Ausgew\u00e4hlte Projekte 2023 Land:&nbsp;BrasilienProjekt:Prozessoptimierung in einer bestehenden Zementanlage und Inbetriebnahme eines [&hellip;]<\/p>\n","protected":false},"author":2,"featured_media":11524,"parent":11492,"menu_order":0,"comment_status":"closed","ping_status":"closed","template":"","meta":{"content-type":"","footnotes":""},"class_list":["post-11523","page","type-page","status-publish","has-post-thumbnail","hentry"],"yoast_head":"<!-- This site is optimized with the Yoast SEO plugin v27.5 - https:\/\/yoast.com\/product\/yoast-seo-wordpress\/ -->\n<title>Referenzen: Ausgew\u00e4hlte Projekte in der Bergbauindustrie<\/title>\n<meta name=\"description\" content=\"Entdecken Sie die zahlreichen Projekte, die wir weltweit f\u00fcr unsere Kunden in der Bergbauindustrie begleitet haben \u2192\" \/>\n<meta name=\"robots\" content=\"index, follow, max-snippet:-1, max-image-preview:large, max-video-preview:-1\" \/>\n<link rel=\"canonical\" href=\"https:\/\/plant-supervision.com\/de\/referenzen\/mining\/\" \/>\n<meta property=\"og:locale\" content=\"de_DE\" \/>\n<meta property=\"og:type\" content=\"article\" \/>\n<meta property=\"og:title\" content=\"Referenzen: Ausgew\u00e4hlte Projekte in der Bergbauindustrie\" \/>\n<meta property=\"og:description\" content=\"Entdecken Sie die zahlreichen Projekte, die wir weltweit f\u00fcr unsere Kunden in der Bergbauindustrie begleitet haben \u2192\" \/>\n<meta property=\"og:url\" content=\"https:\/\/plant-supervision.com\/de\/referenzen\/mining\/\" \/>\n<meta property=\"og:site_name\" content=\"Plant Supervision\" \/>\n<meta property=\"article:modified_time\" content=\"2025-06-19T08:59:10+00:00\" \/>\n<meta property=\"og:image\" content=\"https:\/\/plant-supervision.com\/wp-content\/uploads\/2024\/01\/mining.jpeg\" \/>\n\t<meta property=\"og:image:width\" content=\"750\" \/>\n\t<meta property=\"og:image:height\" content=\"750\" \/>\n\t<meta property=\"og:image:type\" content=\"image\/jpeg\" \/>\n<meta name=\"twitter:card\" content=\"summary_large_image\" \/>\n<meta name=\"twitter:label1\" content=\"Gesch\u00e4tzte Lesezeit\" \/>\n\t<meta name=\"twitter:data1\" content=\"1\u00a0Minute\" \/>\n<script type=\"application\/ld+json\" class=\"yoast-schema-graph\">{\"@context\":\"https:\\\/\\\/schema.org\",\"@graph\":[{\"@type\":\"WebPage\",\"@id\":\"https:\\\/\\\/plant-supervision.com\\\/de\\\/referenzen\\\/mining\\\/\",\"url\":\"https:\\\/\\\/plant-supervision.com\\\/de\\\/referenzen\\\/mining\\\/\",\"name\":\"Referenzen: Ausgew\u00e4hlte Projekte in der Bergbauindustrie\",\"isPartOf\":{\"@id\":\"https:\\\/\\\/plantsupervision.web07.tigermedia.eu\\\/#website\"},\"primaryImageOfPage\":{\"@id\":\"https:\\\/\\\/plant-supervision.com\\\/de\\\/referenzen\\\/mining\\\/#primaryimage\"},\"image\":{\"@id\":\"https:\\\/\\\/plant-supervision.com\\\/de\\\/referenzen\\\/mining\\\/#primaryimage\"},\"thumbnailUrl\":\"https:\\\/\\\/plant-supervision.com\\\/wp-content\\\/uploads\\\/2024\\\/01\\\/mining.jpeg\",\"datePublished\":\"2024-01-25T08:41:12+00:00\",\"dateModified\":\"2025-06-19T08:59:10+00:00\",\"description\":\"Entdecken Sie die zahlreichen Projekte, die wir weltweit f\u00fcr unsere Kunden in der Bergbauindustrie begleitet haben \u2192\",\"breadcrumb\":{\"@id\":\"https:\\\/\\\/plant-supervision.com\\\/de\\\/referenzen\\\/mining\\\/#breadcrumb\"},\"inLanguage\":\"de\",\"potentialAction\":[{\"@type\":\"ReadAction\",\"target\":[\"https:\\\/\\\/plant-supervision.com\\\/de\\\/referenzen\\\/mining\\\/\"]}]},{\"@type\":\"ImageObject\",\"inLanguage\":\"de\",\"@id\":\"https:\\\/\\\/plant-supervision.com\\\/de\\\/referenzen\\\/mining\\\/#primaryimage\",\"url\":\"https:\\\/\\\/plant-supervision.com\\\/wp-content\\\/uploads\\\/2024\\\/01\\\/mining.jpeg\",\"contentUrl\":\"https:\\\/\\\/plant-supervision.com\\\/wp-content\\\/uploads\\\/2024\\\/01\\\/mining.jpeg\",\"width\":750,\"height\":750},{\"@type\":\"BreadcrumbList\",\"@id\":\"https:\\\/\\\/plant-supervision.com\\\/de\\\/referenzen\\\/mining\\\/#breadcrumb\",\"itemListElement\":[{\"@type\":\"ListItem\",\"position\":1,\"name\":\"Home\",\"item\":\"https:\\\/\\\/plant-supervision.com\\\/de\\\/\"},{\"@type\":\"ListItem\",\"position\":2,\"name\":\"Referenzen\",\"item\":\"https:\\\/\\\/plant-supervision.com\\\/de\\\/referenzen\\\/\"},{\"@type\":\"ListItem\",\"position\":3,\"name\":\"Mining\"}]},{\"@type\":\"WebSite\",\"@id\":\"https:\\\/\\\/plantsupervision.web07.tigermedia.eu\\\/#website\",\"url\":\"https:\\\/\\\/plantsupervision.web07.tigermedia.eu\\\/\",\"name\":\"Plant Supervision\",\"description\":\"\",\"publisher\":{\"@id\":\"https:\\\/\\\/plantsupervision.web07.tigermedia.eu\\\/#organization\"},\"potentialAction\":[{\"@type\":\"SearchAction\",\"target\":{\"@type\":\"EntryPoint\",\"urlTemplate\":\"https:\\\/\\\/plantsupervision.web07.tigermedia.eu\\\/?s={search_term_string}\"},\"query-input\":{\"@type\":\"PropertyValueSpecification\",\"valueRequired\":true,\"valueName\":\"search_term_string\"}}],\"inLanguage\":\"de\"},{\"@type\":\"Organization\",\"@id\":\"https:\\\/\\\/plantsupervision.web07.tigermedia.eu\\\/#organization\",\"name\":\"Plant Supervision\",\"url\":\"https:\\\/\\\/plantsupervision.web07.tigermedia.eu\\\/\",\"logo\":{\"@type\":\"ImageObject\",\"inLanguage\":\"de\",\"@id\":\"https:\\\/\\\/plantsupervision.web07.tigermedia.eu\\\/#\\\/schema\\\/logo\\\/image\\\/\",\"url\":\"https:\\\/\\\/plant-supervision.com\\\/wp-content\\\/uploads\\\/2023\\\/11\\\/ps_logo_blue.svg\",\"contentUrl\":\"https:\\\/\\\/plant-supervision.com\\\/wp-content\\\/uploads\\\/2023\\\/11\\\/ps_logo_blue.svg\",\"width\":549,\"height\":121,\"caption\":\"Plant Supervision\"},\"image\":{\"@id\":\"https:\\\/\\\/plantsupervision.web07.tigermedia.eu\\\/#\\\/schema\\\/logo\\\/image\\\/\"},\"sameAs\":[\"https:\\\/\\\/www.linkedin.com\\\/company\\\/plant-supervision\\\/\"]}]}<\/script>\n<!-- \/ Yoast SEO plugin. -->","yoast_head_json":{"title":"Referenzen: Ausgew\u00e4hlte Projekte in der Bergbauindustrie","description":"Entdecken Sie die zahlreichen Projekte, die wir weltweit f\u00fcr unsere Kunden in der Bergbauindustrie begleitet haben \u2192","robots":{"index":"index","follow":"follow","max-snippet":"max-snippet:-1","max-image-preview":"max-image-preview:large","max-video-preview":"max-video-preview:-1"},"canonical":"https:\/\/plant-supervision.com\/de\/referenzen\/mining\/","og_locale":"de_DE","og_type":"article","og_title":"Referenzen: Ausgew\u00e4hlte Projekte in der Bergbauindustrie","og_description":"Entdecken Sie die zahlreichen Projekte, die wir weltweit f\u00fcr unsere Kunden in der Bergbauindustrie begleitet haben \u2192","og_url":"https:\/\/plant-supervision.com\/de\/referenzen\/mining\/","og_site_name":"Plant Supervision","article_modified_time":"2025-06-19T08:59:10+00:00","og_image":[{"width":750,"height":750,"url":"https:\/\/plant-supervision.com\/wp-content\/uploads\/2024\/01\/mining.jpeg","type":"image\/jpeg"}],"twitter_card":"summary_large_image","twitter_misc":{"Gesch\u00e4tzte Lesezeit":"1\u00a0Minute"},"schema":{"@context":"https:\/\/schema.org","@graph":[{"@type":"WebPage","@id":"https:\/\/plant-supervision.com\/de\/referenzen\/mining\/","url":"https:\/\/plant-supervision.com\/de\/referenzen\/mining\/","name":"Referenzen: Ausgew\u00e4hlte Projekte in der Bergbauindustrie","isPartOf":{"@id":"https:\/\/plantsupervision.web07.tigermedia.eu\/#website"},"primaryImageOfPage":{"@id":"https:\/\/plant-supervision.com\/de\/referenzen\/mining\/#primaryimage"},"image":{"@id":"https:\/\/plant-supervision.com\/de\/referenzen\/mining\/#primaryimage"},"thumbnailUrl":"https:\/\/plant-supervision.com\/wp-content\/uploads\/2024\/01\/mining.jpeg","datePublished":"2024-01-25T08:41:12+00:00","dateModified":"2025-06-19T08:59:10+00:00","description":"Entdecken Sie die zahlreichen Projekte, die wir weltweit f\u00fcr unsere Kunden in der Bergbauindustrie begleitet haben \u2192","breadcrumb":{"@id":"https:\/\/plant-supervision.com\/de\/referenzen\/mining\/#breadcrumb"},"inLanguage":"de","potentialAction":[{"@type":"ReadAction","target":["https:\/\/plant-supervision.com\/de\/referenzen\/mining\/"]}]},{"@type":"ImageObject","inLanguage":"de","@id":"https:\/\/plant-supervision.com\/de\/referenzen\/mining\/#primaryimage","url":"https:\/\/plant-supervision.com\/wp-content\/uploads\/2024\/01\/mining.jpeg","contentUrl":"https:\/\/plant-supervision.com\/wp-content\/uploads\/2024\/01\/mining.jpeg","width":750,"height":750},{"@type":"BreadcrumbList","@id":"https:\/\/plant-supervision.com\/de\/referenzen\/mining\/#breadcrumb","itemListElement":[{"@type":"ListItem","position":1,"name":"Home","item":"https:\/\/plant-supervision.com\/de\/"},{"@type":"ListItem","position":2,"name":"Referenzen","item":"https:\/\/plant-supervision.com\/de\/referenzen\/"},{"@type":"ListItem","position":3,"name":"Mining"}]},{"@type":"WebSite","@id":"https:\/\/plantsupervision.web07.tigermedia.eu\/#website","url":"https:\/\/plantsupervision.web07.tigermedia.eu\/","name":"Plant Supervision","description":"","publisher":{"@id":"https:\/\/plantsupervision.web07.tigermedia.eu\/#organization"},"potentialAction":[{"@type":"SearchAction","target":{"@type":"EntryPoint","urlTemplate":"https:\/\/plantsupervision.web07.tigermedia.eu\/?s={search_term_string}"},"query-input":{"@type":"PropertyValueSpecification","valueRequired":true,"valueName":"search_term_string"}}],"inLanguage":"de"},{"@type":"Organization","@id":"https:\/\/plantsupervision.web07.tigermedia.eu\/#organization","name":"Plant Supervision","url":"https:\/\/plantsupervision.web07.tigermedia.eu\/","logo":{"@type":"ImageObject","inLanguage":"de","@id":"https:\/\/plantsupervision.web07.tigermedia.eu\/#\/schema\/logo\/image\/","url":"https:\/\/plant-supervision.com\/wp-content\/uploads\/2023\/11\/ps_logo_blue.svg","contentUrl":"https:\/\/plant-supervision.com\/wp-content\/uploads\/2023\/11\/ps_logo_blue.svg","width":549,"height":121,"caption":"Plant Supervision"},"image":{"@id":"https:\/\/plantsupervision.web07.tigermedia.eu\/#\/schema\/logo\/image\/"},"sameAs":["https:\/\/www.linkedin.com\/company\/plant-supervision\/"]}]}},"_links":{"self":[{"href":"https:\/\/plant-supervision.com\/de\/wp-json\/wp\/v2\/pages\/11523","targetHints":{"allow":["GET"]}}],"collection":[{"href":"https:\/\/plant-supervision.com\/de\/wp-json\/wp\/v2\/pages"}],"about":[{"href":"https:\/\/plant-supervision.com\/de\/wp-json\/wp\/v2\/types\/page"}],"author":[{"embeddable":true,"href":"https:\/\/plant-supervision.com\/de\/wp-json\/wp\/v2\/users\/2"}],"replies":[{"embeddable":true,"href":"https:\/\/plant-supervision.com\/de\/wp-json\/wp\/v2\/comments?post=11523"}],"version-history":[{"count":1,"href":"https:\/\/plant-supervision.com\/de\/wp-json\/wp\/v2\/pages\/11523\/revisions"}],"predecessor-version":[{"id":11525,"href":"https:\/\/plant-supervision.com\/de\/wp-json\/wp\/v2\/pages\/11523\/revisions\/11525"}],"up":[{"embeddable":true,"href":"https:\/\/plant-supervision.com\/de\/wp-json\/wp\/v2\/pages\/11492"}],"wp:featuredmedia":[{"embeddable":true,"href":"https:\/\/plant-supervision.com\/de\/wp-json\/wp\/v2\/media\/11524"}],"wp:attachment":[{"href":"https:\/\/plant-supervision.com\/de\/wp-json\/wp\/v2\/media?parent=11523"}],"curies":[{"name":"wp","href":"https:\/\/api.w.org\/{rel}","templated":true}]}}