{"id":11521,"date":"2024-01-25T08:41:52","date_gmt":"2024-01-25T08:41:52","guid":{"rendered":"https:\/\/plant-supervision.com\/referenzen\/marine\/"},"modified":"2025-06-19T08:50:03","modified_gmt":"2025-06-19T08:50:03","slug":"marine","status":"publish","type":"page","link":"https:\/\/plant-supervision.com\/de\/referenzen\/marine\/","title":{"rendered":"Marine"},"content":{"rendered":"\t\t<div data-elementor-type=\"wp-page\" data-elementor-id=\"11521\" class=\"elementor elementor-11521 elementor-1059\" data-elementor-post-type=\"page\">\n\t\t\t\t<div class=\"elementor-element elementor-element-4ab73f08 e-flex e-con-boxed e-con e-parent\" data-id=\"4ab73f08\" data-element_type=\"container\" data-e-type=\"container\" data-settings=\"{&quot;jet_parallax_layout_list&quot;:[]}\">\n\t\t\t\t\t<div class=\"e-con-inner\">\n\t\t\t\t<div class=\"elementor-element elementor-element-3d7dc81b elementor-widget elementor-widget-text-editor\" data-id=\"3d7dc81b\" data-element_type=\"widget\" data-e-type=\"widget\" data-widget_type=\"text-editor.default\">\n\t\t\t\t<div class=\"elementor-widget-container\">\n\t\t\t\t\t\t\t\t\t<h2>Hervorgehobene Projekte 2024<\/h2><p><strong>Land: <\/strong>China<br><strong>Projekt: <\/strong>Inbetriebnahme eines nachger\u00fcsteten Scrubbers \u2013 vor Ort und offshore <\/p><p><strong>Land: <\/strong>T\u00fcrkei<br><strong>Projekt: <\/strong>Site Manager f\u00fcr eine schwimmende Fischverarbeitungsfabrik<\/p><h2>Ausgew\u00e4hlte Projekte 2023<\/h2><p><strong>Land: <\/strong>China<br><strong>Projekt: <\/strong>Inbetriebnahme eines nachger\u00fcsteten Scrubbers \u2013 vor Ort und offshore <strong><br><\/strong><\/p><p><strong>Land: <\/strong>D\u00e4nemark<br><strong>Projekt: <\/strong>Site Supervisor<\/p><p><strong>Land: <\/strong>D\u00e4nemark<br><strong>Projekt: <\/strong><strong>S<\/strong>upervisor f\u00fcr hydraulisch-mechanische Rohrleitungssysteme.<\/p><p><strong>Land: <\/strong>D\u00e4nemark<br><strong>Projekt: <\/strong>Kesselschwei\u00dfer<\/p><p><strong>Land: <\/strong>Israel<strong><br><\/strong><strong>Projekt: <\/strong>Shiploader<\/p><p><strong>Land: <\/strong>Niederlande<br><strong>Projekt: <\/strong>Elektrische Nacharbeiten und Aufr\u00fcstungen<\/p><h2>Ausgew\u00e4hlte Projekte 2022<\/h2><p><strong>Land: <\/strong>China<br><strong>Projekt: <\/strong>Inbetriebnahme eines nachger\u00fcsteten Scrubbers \u2013 vor Ort und offshore <strong><br><\/strong><\/p><p><strong>Land: <\/strong>Kongo<strong><br><\/strong><strong>Projekt: <\/strong>Projektmanager f\u00fcr den Austausch der Kurbelwellen in zwei Hauptdieselmotoren<\/p><p><strong>Land: <\/strong>Worldwide<br><strong>Projekt: <\/strong>Inbetriebnahme von Ballastwasseranlagen an Bord von Schiffen weltweit<\/p><h2>Ausgew\u00e4hlte Projekte 2021<\/h2><p><strong>Land: <\/strong>China<br><strong>Projekt: <\/strong>Inbetriebnahme eines nachger\u00fcsteten Scrubbers \u2013 vor Ort und offshore <\/p><p><strong>Kontaktieren Sie uns gerne f\u00fcr konkrete Referenzen aus der Schifffahrtsindustrie. <\/strong><\/p>\t\t\t\t\t\t\t\t<\/div>\n\t\t\t\t<\/div>\n\t\t\t\t\t<\/div>\n\t\t\t\t<\/div>\n\t\t\t\t<\/div>\n\t\t","protected":false},"excerpt":{"rendered":"<p>Hervorgehobene Projekte 2024 Land: ChinaProjekt: Inbetriebnahme eines nachger\u00fcsteten Scrubbers \u2013 vor Ort und offshore Land: T\u00fcrkeiProjekt: Site Manager f\u00fcr eine schwimmende Fischverarbeitungsfabrik Ausgew\u00e4hlte Projekte 2023 Land: ChinaProjekt: Inbetriebnahme eines nachger\u00fcsteten Scrubbers \u2013 vor Ort und offshore Land: D\u00e4nemarkProjekt: Site Supervisor Land: D\u00e4nemarkProjekt: Supervisor f\u00fcr hydraulisch-mechanische Rohrleitungssysteme. Land: D\u00e4nemarkProjekt: Kesselschwei\u00dfer Land: IsraelProjekt: Shiploader Land: NiederlandeProjekt: Elektrische [&hellip;]<\/p>\n","protected":false},"author":2,"featured_media":8189,"parent":11492,"menu_order":0,"comment_status":"closed","ping_status":"closed","template":"","meta":{"content-type":"","footnotes":""},"class_list":["post-11521","page","type-page","status-publish","has-post-thumbnail","hentry"],"yoast_head":"<!-- This site is optimized with the Yoast SEO plugin v27.5 - https:\/\/yoast.com\/product\/yoast-seo-wordpress\/ -->\n<title>Referenzen: Ausgew\u00e4hlte Projekte in der Schifffahrtsindustrie<\/title>\n<meta name=\"description\" content=\"Entdecken Sie die zahlreichen Projekte, die wir weltweit f\u00fcr unsere Kunden in der Schifffahrtsindustrie begleitet haben \u2192\" \/>\n<meta name=\"robots\" content=\"index, follow, max-snippet:-1, max-image-preview:large, max-video-preview:-1\" \/>\n<link rel=\"canonical\" href=\"https:\/\/plant-supervision.com\/de\/referenzen\/marine\/\" \/>\n<meta property=\"og:locale\" content=\"de_DE\" \/>\n<meta property=\"og:type\" content=\"article\" \/>\n<meta property=\"og:title\" content=\"Referenzen: Ausgew\u00e4hlte Projekte in der Schifffahrtsindustrie\" \/>\n<meta property=\"og:description\" content=\"Entdecken Sie die zahlreichen Projekte, die wir weltweit f\u00fcr unsere Kunden in der Schifffahrtsindustrie begleitet haben \u2192\" \/>\n<meta property=\"og:url\" content=\"https:\/\/plant-supervision.com\/de\/referenzen\/marine\/\" \/>\n<meta property=\"og:site_name\" content=\"Plant Supervision\" \/>\n<meta property=\"article:modified_time\" content=\"2025-06-19T08:50:03+00:00\" \/>\n<meta property=\"og:image\" content=\"https:\/\/plant-supervision.com\/wp-content\/uploads\/2024\/01\/marine.jpg\" \/>\n\t<meta property=\"og:image:width\" content=\"750\" \/>\n\t<meta property=\"og:image:height\" content=\"750\" \/>\n\t<meta property=\"og:image:type\" content=\"image\/jpeg\" \/>\n<meta name=\"twitter:card\" content=\"summary_large_image\" \/>\n<meta name=\"twitter:label1\" content=\"Gesch\u00e4tzte Lesezeit\" \/>\n\t<meta name=\"twitter:data1\" content=\"1\u00a0Minute\" \/>\n<script type=\"application\/ld+json\" class=\"yoast-schema-graph\">{\"@context\":\"https:\\\/\\\/schema.org\",\"@graph\":[{\"@type\":\"WebPage\",\"@id\":\"https:\\\/\\\/plant-supervision.com\\\/de\\\/referenzen\\\/marine\\\/\",\"url\":\"https:\\\/\\\/plant-supervision.com\\\/de\\\/referenzen\\\/marine\\\/\",\"name\":\"Referenzen: Ausgew\u00e4hlte Projekte in der Schifffahrtsindustrie\",\"isPartOf\":{\"@id\":\"https:\\\/\\\/plantsupervision.web07.tigermedia.eu\\\/#website\"},\"primaryImageOfPage\":{\"@id\":\"https:\\\/\\\/plant-supervision.com\\\/de\\\/referenzen\\\/marine\\\/#primaryimage\"},\"image\":{\"@id\":\"https:\\\/\\\/plant-supervision.com\\\/de\\\/referenzen\\\/marine\\\/#primaryimage\"},\"thumbnailUrl\":\"https:\\\/\\\/plant-supervision.com\\\/wp-content\\\/uploads\\\/2024\\\/01\\\/marine.jpg\",\"datePublished\":\"2024-01-25T08:41:52+00:00\",\"dateModified\":\"2025-06-19T08:50:03+00:00\",\"description\":\"Entdecken Sie die zahlreichen Projekte, die wir weltweit f\u00fcr unsere Kunden in der Schifffahrtsindustrie begleitet haben \u2192\",\"breadcrumb\":{\"@id\":\"https:\\\/\\\/plant-supervision.com\\\/de\\\/referenzen\\\/marine\\\/#breadcrumb\"},\"inLanguage\":\"de\",\"potentialAction\":[{\"@type\":\"ReadAction\",\"target\":[\"https:\\\/\\\/plant-supervision.com\\\/de\\\/referenzen\\\/marine\\\/\"]}]},{\"@type\":\"ImageObject\",\"inLanguage\":\"de\",\"@id\":\"https:\\\/\\\/plant-supervision.com\\\/de\\\/referenzen\\\/marine\\\/#primaryimage\",\"url\":\"https:\\\/\\\/plant-supervision.com\\\/wp-content\\\/uploads\\\/2024\\\/01\\\/marine.jpg\",\"contentUrl\":\"https:\\\/\\\/plant-supervision.com\\\/wp-content\\\/uploads\\\/2024\\\/01\\\/marine.jpg\",\"width\":750,\"height\":750},{\"@type\":\"BreadcrumbList\",\"@id\":\"https:\\\/\\\/plant-supervision.com\\\/de\\\/referenzen\\\/marine\\\/#breadcrumb\",\"itemListElement\":[{\"@type\":\"ListItem\",\"position\":1,\"name\":\"Home\",\"item\":\"https:\\\/\\\/plant-supervision.com\\\/de\\\/\"},{\"@type\":\"ListItem\",\"position\":2,\"name\":\"Referenzen\",\"item\":\"https:\\\/\\\/plant-supervision.com\\\/de\\\/referenzen\\\/\"},{\"@type\":\"ListItem\",\"position\":3,\"name\":\"Marine\"}]},{\"@type\":\"WebSite\",\"@id\":\"https:\\\/\\\/plantsupervision.web07.tigermedia.eu\\\/#website\",\"url\":\"https:\\\/\\\/plantsupervision.web07.tigermedia.eu\\\/\",\"name\":\"Plant Supervision\",\"description\":\"\",\"publisher\":{\"@id\":\"https:\\\/\\\/plantsupervision.web07.tigermedia.eu\\\/#organization\"},\"potentialAction\":[{\"@type\":\"SearchAction\",\"target\":{\"@type\":\"EntryPoint\",\"urlTemplate\":\"https:\\\/\\\/plantsupervision.web07.tigermedia.eu\\\/?s={search_term_string}\"},\"query-input\":{\"@type\":\"PropertyValueSpecification\",\"valueRequired\":true,\"valueName\":\"search_term_string\"}}],\"inLanguage\":\"de\"},{\"@type\":\"Organization\",\"@id\":\"https:\\\/\\\/plantsupervision.web07.tigermedia.eu\\\/#organization\",\"name\":\"Plant Supervision\",\"url\":\"https:\\\/\\\/plantsupervision.web07.tigermedia.eu\\\/\",\"logo\":{\"@type\":\"ImageObject\",\"inLanguage\":\"de\",\"@id\":\"https:\\\/\\\/plantsupervision.web07.tigermedia.eu\\\/#\\\/schema\\\/logo\\\/image\\\/\",\"url\":\"https:\\\/\\\/plant-supervision.com\\\/wp-content\\\/uploads\\\/2023\\\/11\\\/ps_logo_blue.svg\",\"contentUrl\":\"https:\\\/\\\/plant-supervision.com\\\/wp-content\\\/uploads\\\/2023\\\/11\\\/ps_logo_blue.svg\",\"width\":549,\"height\":121,\"caption\":\"Plant Supervision\"},\"image\":{\"@id\":\"https:\\\/\\\/plantsupervision.web07.tigermedia.eu\\\/#\\\/schema\\\/logo\\\/image\\\/\"},\"sameAs\":[\"https:\\\/\\\/www.linkedin.com\\\/company\\\/plant-supervision\\\/\"]}]}<\/script>\n<!-- \/ Yoast SEO plugin. -->","yoast_head_json":{"title":"Referenzen: Ausgew\u00e4hlte Projekte in der Schifffahrtsindustrie","description":"Entdecken Sie die zahlreichen Projekte, die wir weltweit f\u00fcr unsere Kunden in der Schifffahrtsindustrie begleitet haben \u2192","robots":{"index":"index","follow":"follow","max-snippet":"max-snippet:-1","max-image-preview":"max-image-preview:large","max-video-preview":"max-video-preview:-1"},"canonical":"https:\/\/plant-supervision.com\/de\/referenzen\/marine\/","og_locale":"de_DE","og_type":"article","og_title":"Referenzen: Ausgew\u00e4hlte Projekte in der Schifffahrtsindustrie","og_description":"Entdecken Sie die zahlreichen Projekte, die wir weltweit f\u00fcr unsere Kunden in der Schifffahrtsindustrie begleitet haben \u2192","og_url":"https:\/\/plant-supervision.com\/de\/referenzen\/marine\/","og_site_name":"Plant Supervision","article_modified_time":"2025-06-19T08:50:03+00:00","og_image":[{"width":750,"height":750,"url":"https:\/\/plant-supervision.com\/wp-content\/uploads\/2024\/01\/marine.jpg","type":"image\/jpeg"}],"twitter_card":"summary_large_image","twitter_misc":{"Gesch\u00e4tzte Lesezeit":"1\u00a0Minute"},"schema":{"@context":"https:\/\/schema.org","@graph":[{"@type":"WebPage","@id":"https:\/\/plant-supervision.com\/de\/referenzen\/marine\/","url":"https:\/\/plant-supervision.com\/de\/referenzen\/marine\/","name":"Referenzen: Ausgew\u00e4hlte Projekte in der Schifffahrtsindustrie","isPartOf":{"@id":"https:\/\/plantsupervision.web07.tigermedia.eu\/#website"},"primaryImageOfPage":{"@id":"https:\/\/plant-supervision.com\/de\/referenzen\/marine\/#primaryimage"},"image":{"@id":"https:\/\/plant-supervision.com\/de\/referenzen\/marine\/#primaryimage"},"thumbnailUrl":"https:\/\/plant-supervision.com\/wp-content\/uploads\/2024\/01\/marine.jpg","datePublished":"2024-01-25T08:41:52+00:00","dateModified":"2025-06-19T08:50:03+00:00","description":"Entdecken Sie die zahlreichen Projekte, die wir weltweit f\u00fcr unsere Kunden in der Schifffahrtsindustrie begleitet haben \u2192","breadcrumb":{"@id":"https:\/\/plant-supervision.com\/de\/referenzen\/marine\/#breadcrumb"},"inLanguage":"de","potentialAction":[{"@type":"ReadAction","target":["https:\/\/plant-supervision.com\/de\/referenzen\/marine\/"]}]},{"@type":"ImageObject","inLanguage":"de","@id":"https:\/\/plant-supervision.com\/de\/referenzen\/marine\/#primaryimage","url":"https:\/\/plant-supervision.com\/wp-content\/uploads\/2024\/01\/marine.jpg","contentUrl":"https:\/\/plant-supervision.com\/wp-content\/uploads\/2024\/01\/marine.jpg","width":750,"height":750},{"@type":"BreadcrumbList","@id":"https:\/\/plant-supervision.com\/de\/referenzen\/marine\/#breadcrumb","itemListElement":[{"@type":"ListItem","position":1,"name":"Home","item":"https:\/\/plant-supervision.com\/de\/"},{"@type":"ListItem","position":2,"name":"Referenzen","item":"https:\/\/plant-supervision.com\/de\/referenzen\/"},{"@type":"ListItem","position":3,"name":"Marine"}]},{"@type":"WebSite","@id":"https:\/\/plantsupervision.web07.tigermedia.eu\/#website","url":"https:\/\/plantsupervision.web07.tigermedia.eu\/","name":"Plant Supervision","description":"","publisher":{"@id":"https:\/\/plantsupervision.web07.tigermedia.eu\/#organization"},"potentialAction":[{"@type":"SearchAction","target":{"@type":"EntryPoint","urlTemplate":"https:\/\/plantsupervision.web07.tigermedia.eu\/?s={search_term_string}"},"query-input":{"@type":"PropertyValueSpecification","valueRequired":true,"valueName":"search_term_string"}}],"inLanguage":"de"},{"@type":"Organization","@id":"https:\/\/plantsupervision.web07.tigermedia.eu\/#organization","name":"Plant Supervision","url":"https:\/\/plantsupervision.web07.tigermedia.eu\/","logo":{"@type":"ImageObject","inLanguage":"de","@id":"https:\/\/plantsupervision.web07.tigermedia.eu\/#\/schema\/logo\/image\/","url":"https:\/\/plant-supervision.com\/wp-content\/uploads\/2023\/11\/ps_logo_blue.svg","contentUrl":"https:\/\/plant-supervision.com\/wp-content\/uploads\/2023\/11\/ps_logo_blue.svg","width":549,"height":121,"caption":"Plant Supervision"},"image":{"@id":"https:\/\/plantsupervision.web07.tigermedia.eu\/#\/schema\/logo\/image\/"},"sameAs":["https:\/\/www.linkedin.com\/company\/plant-supervision\/"]}]}},"_links":{"self":[{"href":"https:\/\/plant-supervision.com\/de\/wp-json\/wp\/v2\/pages\/11521","targetHints":{"allow":["GET"]}}],"collection":[{"href":"https:\/\/plant-supervision.com\/de\/wp-json\/wp\/v2\/pages"}],"about":[{"href":"https:\/\/plant-supervision.com\/de\/wp-json\/wp\/v2\/types\/page"}],"author":[{"embeddable":true,"href":"https:\/\/plant-supervision.com\/de\/wp-json\/wp\/v2\/users\/2"}],"replies":[{"embeddable":true,"href":"https:\/\/plant-supervision.com\/de\/wp-json\/wp\/v2\/comments?post=11521"}],"version-history":[{"count":1,"href":"https:\/\/plant-supervision.com\/de\/wp-json\/wp\/v2\/pages\/11521\/revisions"}],"predecessor-version":[{"id":11522,"href":"https:\/\/plant-supervision.com\/de\/wp-json\/wp\/v2\/pages\/11521\/revisions\/11522"}],"up":[{"embeddable":true,"href":"https:\/\/plant-supervision.com\/de\/wp-json\/wp\/v2\/pages\/11492"}],"wp:featuredmedia":[{"embeddable":true,"href":"https:\/\/plant-supervision.com\/de\/wp-json\/wp\/v2\/media\/8189"}],"wp:attachment":[{"href":"https:\/\/plant-supervision.com\/de\/wp-json\/wp\/v2\/media?parent=11521"}],"curies":[{"name":"wp","href":"https:\/\/api.w.org\/{rel}","templated":true}]}}