{"id":11518,"date":"2024-01-25T08:40:12","date_gmt":"2024-01-25T08:40:12","guid":{"rendered":"https:\/\/plant-supervision.com\/referenzen\/logistiksysteme\/"},"modified":"2025-06-19T08:27:36","modified_gmt":"2025-06-19T08:27:36","slug":"logistiksysteme","status":"publish","type":"page","link":"https:\/\/plant-supervision.com\/de\/referenzen\/logistiksysteme\/","title":{"rendered":"Logistiksysteme"},"content":{"rendered":"\t\t<div data-elementor-type=\"wp-page\" data-elementor-id=\"11518\" class=\"elementor elementor-11518 elementor-1051\" data-elementor-post-type=\"page\">\n\t\t\t\t<div class=\"elementor-element elementor-element-1e4b81b4 e-con-full e-flex e-con e-parent\" data-id=\"1e4b81b4\" data-element_type=\"container\" data-e-type=\"container\" data-settings=\"{&quot;jet_parallax_layout_list&quot;:[]}\">\n\t\t\t\t<div class=\"elementor-element elementor-element-59b2d5a1 elementor-widget elementor-widget-text-editor\" data-id=\"59b2d5a1\" data-element_type=\"widget\" data-e-type=\"widget\" data-widget_type=\"text-editor.default\">\n\t\t\t\t<div class=\"elementor-widget-container\">\n\t\t\t\t\t\t\t\t\t<h2 style=\"font-family: Roboto, sans-serif; color: rgb(0, 0, 0);\">\n<div style=\"box-sizing: border-box; color: rgb(0, 0, 0); font-family: Roboto, sans-serif; font-size: 18px; font-style: normal; font-variant-ligatures: normal; font-variant-caps: normal; font-weight: 400; letter-spacing: normal; orphans: 2; text-align: start; text-indent: 0px; text-transform: none; widows: 2; word-spacing: 0px; -webkit-text-stroke-width: 0px; white-space: normal; background-color: rgb(255, 255, 255); text-decoration-thickness: initial; text-decoration-style: initial; text-decoration-color: initial;\"><\/div>\n<\/h2>\n<h2 style=\"box-sizing: border-box; margin-block: 0.5rem 1rem; font-family: Roboto, sans-serif; font-weight: 500; line-height: 1.2; color: rgb(0, 0, 0); font-size: 2rem; font-style: normal; font-variant-ligatures: normal; font-variant-caps: normal; letter-spacing: normal; orphans: 2; text-align: start; text-indent: 0px; text-transform: none; widows: 2; word-spacing: 0px; -webkit-text-stroke-width: 0px; white-space: normal; background-color: rgb(255, 255, 255); text-decoration-thickness: initial; text-decoration-style: initial; text-decoration-color: initial;\"><strong style=\"box-sizing: border-box; font-weight: bolder;\"><span style=\"box-sizing: border-box; color: inherit; font-family: inherit; font-size: 2rem; text-align: start;\">Hervorgehobene Projekte 2025<\/span><\/strong><\/h2>\n<div>\n<p><span style=\"box-sizing: border-box;\"><span style=\"box-sizing: border-box; color: inherit; font-family: inherit; font-size: 2rem; text-align: start;\"><\/span><\/span><\/p>\n<div style=\"font-size: 18px;\"><span style=\"font-weight: bolder;\">Land:<\/span>&nbsp;D\u00e4nemark<\/div>\n<div style=\"font-size: 18px;\"><span style=\"font-weight: bolder;\">Projekt:<\/span>&nbsp;Elektromontageteam f\u00fcr eine Automatisierungslinie<\/div>\n<div style=\"font-size: 18px;\">\n<p><span style=\"color: inherit; font-family: inherit; font-size: 2rem;\"><\/span><\/p>\n<div style=\"font-size: 18px;\"><span style=\"font-weight: bolder;\">Land:<\/span>&nbsp;D\u00e4nemark<\/div>\n<div style=\"font-size: 18px;\"><span style=\"font-weight: bolder;\">Projekt:<\/span>&nbsp;Site Manager f\u00fcr Demontage im Werk, anschlie\u00dfende Installation und Inbetriebnahme einer automatisierten Verpackungslinie f\u00fcr die Pharmaindustrie<\/div>\n<\/div>\n<div style=\"font-size: 18px;\">\n<p><span style=\"color: inherit; font-family: inherit; font-size: 2rem;\"><\/span><\/p>\n<div style=\"font-size: 18px;\"><span style=\"font-weight: bolder;\">Land:<\/span>&nbsp;Deutschland<\/div>\n<div style=\"font-size: 18px;\"><span style=\"font-weight: bolder;\">Projekt:<\/span>&nbsp;Supervisor f\u00fcr mechanische Installationen<\/div>\n<div style=\"font-size: 18px;\"><br><\/div>\n<div style=\"font-size: 18px;\"><p><span style=\"color: inherit; font-family: inherit; font-size: 2rem;\"><\/span><\/p>\n<div style=\"font-size: 18px;\"><span style=\"font-weight: bolder;\">Land:<\/span>&nbsp;USA<\/div>\n<div style=\"font-size: 18px;\"><span style=\"font-weight: bolder;\">Projekt:<\/span>&nbsp;Inbetriebnahmeassistent w\u00e4hrend des FAT und Produktionsstarts eines automatisierten Lagersystems<\/div>\n<p><\/p><\/div>\n<p><\/p>\n<\/div>\n<\/div>\n<h2 style=\"font-family: Roboto, sans-serif; color: #000000;\"><strong><span style=\"color: inherit; font-family: inherit; font-size: 2rem; text-align: var(--text-align);\">Hervorgehobene Projekte 2024<\/span><\/strong><\/h2>\n<div>\n<div><span style=\"font-weight: bolder;\">Land:&nbsp;<\/span>Frankreich<\/div>\n<div><span style=\"color: var( --e-global-color-text ); text-align: var(--text-align); font-weight: bolder;\">Projekt: <\/span>Mechanischer Supervisor f\u00fcr Verpackungsmaschinen im Bereich Isolierung<\/div>\n<div>&nbsp;<\/div>\n<\/div>\n<div><span style=\"font-weight: bolder;\">Land:&nbsp;<\/span>USA<\/div>\n<div><span style=\"color: var( --e-global-color-text ); text-align: var(--text-align); font-weight: bolder;\">Projekt:&nbsp;<\/span><span style=\"text-align: var(--text-align);\">Elektrosupervisor f\u00fcr ein automatisiertes Lager<\/span><\/div>\n<div>&nbsp;<\/div>\n<div>\n<div><span style=\"font-weight: bolder;\">Land:&nbsp;<\/span>Gro\u00dfbritannien<\/div>\n<div><span style=\"color: var( --e-global-color-text ); text-align: var(--text-align); font-weight: bolder;\">Projekt: <\/span>Mechanischer Supervisor f\u00fcr Verpackungsmaschinen im Bereich Isolierung<\/div>\n<\/div>\n<div>&nbsp;<\/div>\n<div><strong><span style=\"color: inherit; font-family: inherit; font-size: 2rem; text-align: var(--text-align);\">Ausgew\u00e4hlte Projekte 2023<\/span><\/strong><\/div>\n<p><strong>Land:&nbsp;<\/strong>D\u00e4nemark<strong><br><\/strong><strong>Projekt: <\/strong>Mechanischer Supervisor f\u00fcr ein automatisiertes Isolierhandhabungssystem<\/p>\n<p><strong>Land:<\/strong>&nbsp;Frankreich&nbsp;<br><strong>About:&nbsp;<\/strong> Mechanischer Supervisor f\u00fcr ein automatisiertes Isolierhandhabungssystem<\/p>\n<p><span style=\"color: inherit; font-family: inherit; text-align: var(--text-align);\"><span style=\"font-size: 2rem; font-weight: bolder;\">Ausgew\u00e4hlte Projekte 2022<\/span><\/span><\/p>\n<p><span style=\"color: var( --e-global-color-text ); text-align: var(--text-align); font-weight: bolder;\">Land:&nbsp;<\/span><span style=\"color: var( --e-global-color-text ); text-align: var(--text-align);\"> Schweden &amp; USA<\/span><br><span style=\"color: var( --e-global-color-text ); text-align: var(--text-align); font-weight: bolder;\">Projekt:&nbsp;<\/span><span style=\"color: var( --e-global-color-text ); text-align: var(--text-align);\">Optimierung eines automatisierten Lagers und Verpackungszentrums mit elektrischer Fachaufsicht<\/span><\/p>\n<p><strong>Kontaktieren Sie uns gerne f\u00fcr konkrete Referenzen.<\/strong><\/p>\t\t\t\t\t\t\t\t<\/div>\n\t\t\t\t<\/div>\n\t\t\t\t<\/div>\n\t\t\t\t<\/div>\n\t\t","protected":false},"excerpt":{"rendered":"<p>Hervorgehobene Projekte 2025 Land:&nbsp;D\u00e4nemark Projekt:&nbsp;Elektromontageteam f\u00fcr eine Automatisierungslinie Land:&nbsp;D\u00e4nemark Projekt:&nbsp;Site Manager f\u00fcr Demontage im Werk, anschlie\u00dfende Installation und Inbetriebnahme einer automatisierten Verpackungslinie f\u00fcr die Pharmaindustrie Land:&nbsp;Deutschland Projekt:&nbsp;Supervisor f\u00fcr mechanische Installationen Land:&nbsp;USA Projekt:&nbsp;Inbetriebnahmeassistent w\u00e4hrend des FAT und Produktionsstarts eines automatisierten Lagersystems Hervorgehobene Projekte 2024 Land:&nbsp;Frankreich Projekt: Mechanischer Supervisor f\u00fcr Verpackungsmaschinen im Bereich Isolierung &nbsp; Land:&nbsp;USA Projekt:&nbsp;Elektrosupervisor [&hellip;]<\/p>\n","protected":false},"author":2,"featured_media":11519,"parent":11492,"menu_order":0,"comment_status":"closed","ping_status":"closed","template":"","meta":{"content-type":"","footnotes":""},"class_list":["post-11518","page","type-page","status-publish","has-post-thumbnail","hentry"],"yoast_head":"<!-- This site is optimized with the Yoast SEO plugin v27.5 - https:\/\/yoast.com\/product\/yoast-seo-wordpress\/ -->\n<title>Referenzen: Ausgew\u00e4hlte Projekte in der Intralogistik-Branche<\/title>\n<meta name=\"description\" content=\"Entdecken Sie einige der vielf\u00e4ltigen Projekte, die wir weltweit f\u00fcr unsere Kunden im Bereich Intralogistik begleitet haben \u2192\" \/>\n<meta name=\"robots\" content=\"index, follow, max-snippet:-1, max-image-preview:large, max-video-preview:-1\" \/>\n<link rel=\"canonical\" href=\"https:\/\/plant-supervision.com\/de\/referenzen\/logistiksysteme\/\" \/>\n<meta property=\"og:locale\" content=\"de_DE\" \/>\n<meta property=\"og:type\" content=\"article\" \/>\n<meta property=\"og:title\" content=\"Referenzen: Ausgew\u00e4hlte Projekte in der Intralogistik-Branche\" \/>\n<meta property=\"og:description\" content=\"Entdecken Sie einige der vielf\u00e4ltigen Projekte, die wir weltweit f\u00fcr unsere Kunden im Bereich Intralogistik begleitet haben \u2192\" \/>\n<meta property=\"og:url\" content=\"https:\/\/plant-supervision.com\/de\/referenzen\/logistiksysteme\/\" \/>\n<meta property=\"og:site_name\" content=\"Plant Supervision\" \/>\n<meta property=\"article:modified_time\" content=\"2025-06-19T08:27:36+00:00\" \/>\n<meta property=\"og:image\" content=\"https:\/\/plant-supervision.com\/wp-content\/uploads\/2024\/01\/carton-packing-machinexa.jpg\" \/>\n\t<meta property=\"og:image:width\" content=\"750\" \/>\n\t<meta property=\"og:image:height\" content=\"750\" \/>\n\t<meta property=\"og:image:type\" content=\"image\/jpeg\" \/>\n<meta name=\"twitter:card\" content=\"summary_large_image\" \/>\n<meta name=\"twitter:label1\" content=\"Gesch\u00e4tzte Lesezeit\" \/>\n\t<meta name=\"twitter:data1\" content=\"1\u00a0Minute\" \/>\n<script type=\"application\/ld+json\" class=\"yoast-schema-graph\">{\"@context\":\"https:\\\/\\\/schema.org\",\"@graph\":[{\"@type\":\"WebPage\",\"@id\":\"https:\\\/\\\/plant-supervision.com\\\/de\\\/referenzen\\\/logistiksysteme\\\/\",\"url\":\"https:\\\/\\\/plant-supervision.com\\\/de\\\/referenzen\\\/logistiksysteme\\\/\",\"name\":\"Referenzen: Ausgew\u00e4hlte Projekte in der Intralogistik-Branche\",\"isPartOf\":{\"@id\":\"https:\\\/\\\/plantsupervision.web07.tigermedia.eu\\\/#website\"},\"primaryImageOfPage\":{\"@id\":\"https:\\\/\\\/plant-supervision.com\\\/de\\\/referenzen\\\/logistiksysteme\\\/#primaryimage\"},\"image\":{\"@id\":\"https:\\\/\\\/plant-supervision.com\\\/de\\\/referenzen\\\/logistiksysteme\\\/#primaryimage\"},\"thumbnailUrl\":\"https:\\\/\\\/plant-supervision.com\\\/wp-content\\\/uploads\\\/2024\\\/01\\\/carton-packing-machinexa.jpg\",\"datePublished\":\"2024-01-25T08:40:12+00:00\",\"dateModified\":\"2025-06-19T08:27:36+00:00\",\"description\":\"Entdecken Sie einige der vielf\u00e4ltigen Projekte, die wir weltweit f\u00fcr unsere Kunden im Bereich Intralogistik begleitet haben \u2192\",\"breadcrumb\":{\"@id\":\"https:\\\/\\\/plant-supervision.com\\\/de\\\/referenzen\\\/logistiksysteme\\\/#breadcrumb\"},\"inLanguage\":\"de\",\"potentialAction\":[{\"@type\":\"ReadAction\",\"target\":[\"https:\\\/\\\/plant-supervision.com\\\/de\\\/referenzen\\\/logistiksysteme\\\/\"]}]},{\"@type\":\"ImageObject\",\"inLanguage\":\"de\",\"@id\":\"https:\\\/\\\/plant-supervision.com\\\/de\\\/referenzen\\\/logistiksysteme\\\/#primaryimage\",\"url\":\"https:\\\/\\\/plant-supervision.com\\\/wp-content\\\/uploads\\\/2024\\\/01\\\/carton-packing-machinexa.jpg\",\"contentUrl\":\"https:\\\/\\\/plant-supervision.com\\\/wp-content\\\/uploads\\\/2024\\\/01\\\/carton-packing-machinexa.jpg\",\"width\":750,\"height\":750},{\"@type\":\"BreadcrumbList\",\"@id\":\"https:\\\/\\\/plant-supervision.com\\\/de\\\/referenzen\\\/logistiksysteme\\\/#breadcrumb\",\"itemListElement\":[{\"@type\":\"ListItem\",\"position\":1,\"name\":\"Home\",\"item\":\"https:\\\/\\\/plant-supervision.com\\\/de\\\/\"},{\"@type\":\"ListItem\",\"position\":2,\"name\":\"Referenzen\",\"item\":\"https:\\\/\\\/plant-supervision.com\\\/de\\\/referenzen\\\/\"},{\"@type\":\"ListItem\",\"position\":3,\"name\":\"Logistiksysteme\"}]},{\"@type\":\"WebSite\",\"@id\":\"https:\\\/\\\/plantsupervision.web07.tigermedia.eu\\\/#website\",\"url\":\"https:\\\/\\\/plantsupervision.web07.tigermedia.eu\\\/\",\"name\":\"Plant Supervision\",\"description\":\"\",\"publisher\":{\"@id\":\"https:\\\/\\\/plantsupervision.web07.tigermedia.eu\\\/#organization\"},\"potentialAction\":[{\"@type\":\"SearchAction\",\"target\":{\"@type\":\"EntryPoint\",\"urlTemplate\":\"https:\\\/\\\/plantsupervision.web07.tigermedia.eu\\\/?s={search_term_string}\"},\"query-input\":{\"@type\":\"PropertyValueSpecification\",\"valueRequired\":true,\"valueName\":\"search_term_string\"}}],\"inLanguage\":\"de\"},{\"@type\":\"Organization\",\"@id\":\"https:\\\/\\\/plantsupervision.web07.tigermedia.eu\\\/#organization\",\"name\":\"Plant Supervision\",\"url\":\"https:\\\/\\\/plantsupervision.web07.tigermedia.eu\\\/\",\"logo\":{\"@type\":\"ImageObject\",\"inLanguage\":\"de\",\"@id\":\"https:\\\/\\\/plantsupervision.web07.tigermedia.eu\\\/#\\\/schema\\\/logo\\\/image\\\/\",\"url\":\"https:\\\/\\\/plant-supervision.com\\\/wp-content\\\/uploads\\\/2023\\\/11\\\/ps_logo_blue.svg\",\"contentUrl\":\"https:\\\/\\\/plant-supervision.com\\\/wp-content\\\/uploads\\\/2023\\\/11\\\/ps_logo_blue.svg\",\"width\":549,\"height\":121,\"caption\":\"Plant Supervision\"},\"image\":{\"@id\":\"https:\\\/\\\/plantsupervision.web07.tigermedia.eu\\\/#\\\/schema\\\/logo\\\/image\\\/\"},\"sameAs\":[\"https:\\\/\\\/www.linkedin.com\\\/company\\\/plant-supervision\\\/\"]}]}<\/script>\n<!-- \/ Yoast SEO plugin. -->","yoast_head_json":{"title":"Referenzen: Ausgew\u00e4hlte Projekte in der Intralogistik-Branche","description":"Entdecken Sie einige der vielf\u00e4ltigen Projekte, die wir weltweit f\u00fcr unsere Kunden im Bereich Intralogistik begleitet haben \u2192","robots":{"index":"index","follow":"follow","max-snippet":"max-snippet:-1","max-image-preview":"max-image-preview:large","max-video-preview":"max-video-preview:-1"},"canonical":"https:\/\/plant-supervision.com\/de\/referenzen\/logistiksysteme\/","og_locale":"de_DE","og_type":"article","og_title":"Referenzen: Ausgew\u00e4hlte Projekte in der Intralogistik-Branche","og_description":"Entdecken Sie einige der vielf\u00e4ltigen Projekte, die wir weltweit f\u00fcr unsere Kunden im Bereich Intralogistik begleitet haben \u2192","og_url":"https:\/\/plant-supervision.com\/de\/referenzen\/logistiksysteme\/","og_site_name":"Plant Supervision","article_modified_time":"2025-06-19T08:27:36+00:00","og_image":[{"width":750,"height":750,"url":"https:\/\/plant-supervision.com\/wp-content\/uploads\/2024\/01\/carton-packing-machinexa.jpg","type":"image\/jpeg"}],"twitter_card":"summary_large_image","twitter_misc":{"Gesch\u00e4tzte Lesezeit":"1\u00a0Minute"},"schema":{"@context":"https:\/\/schema.org","@graph":[{"@type":"WebPage","@id":"https:\/\/plant-supervision.com\/de\/referenzen\/logistiksysteme\/","url":"https:\/\/plant-supervision.com\/de\/referenzen\/logistiksysteme\/","name":"Referenzen: Ausgew\u00e4hlte Projekte in der Intralogistik-Branche","isPartOf":{"@id":"https:\/\/plantsupervision.web07.tigermedia.eu\/#website"},"primaryImageOfPage":{"@id":"https:\/\/plant-supervision.com\/de\/referenzen\/logistiksysteme\/#primaryimage"},"image":{"@id":"https:\/\/plant-supervision.com\/de\/referenzen\/logistiksysteme\/#primaryimage"},"thumbnailUrl":"https:\/\/plant-supervision.com\/wp-content\/uploads\/2024\/01\/carton-packing-machinexa.jpg","datePublished":"2024-01-25T08:40:12+00:00","dateModified":"2025-06-19T08:27:36+00:00","description":"Entdecken Sie einige der vielf\u00e4ltigen Projekte, die wir weltweit f\u00fcr unsere Kunden im Bereich Intralogistik begleitet haben \u2192","breadcrumb":{"@id":"https:\/\/plant-supervision.com\/de\/referenzen\/logistiksysteme\/#breadcrumb"},"inLanguage":"de","potentialAction":[{"@type":"ReadAction","target":["https:\/\/plant-supervision.com\/de\/referenzen\/logistiksysteme\/"]}]},{"@type":"ImageObject","inLanguage":"de","@id":"https:\/\/plant-supervision.com\/de\/referenzen\/logistiksysteme\/#primaryimage","url":"https:\/\/plant-supervision.com\/wp-content\/uploads\/2024\/01\/carton-packing-machinexa.jpg","contentUrl":"https:\/\/plant-supervision.com\/wp-content\/uploads\/2024\/01\/carton-packing-machinexa.jpg","width":750,"height":750},{"@type":"BreadcrumbList","@id":"https:\/\/plant-supervision.com\/de\/referenzen\/logistiksysteme\/#breadcrumb","itemListElement":[{"@type":"ListItem","position":1,"name":"Home","item":"https:\/\/plant-supervision.com\/de\/"},{"@type":"ListItem","position":2,"name":"Referenzen","item":"https:\/\/plant-supervision.com\/de\/referenzen\/"},{"@type":"ListItem","position":3,"name":"Logistiksysteme"}]},{"@type":"WebSite","@id":"https:\/\/plantsupervision.web07.tigermedia.eu\/#website","url":"https:\/\/plantsupervision.web07.tigermedia.eu\/","name":"Plant Supervision","description":"","publisher":{"@id":"https:\/\/plantsupervision.web07.tigermedia.eu\/#organization"},"potentialAction":[{"@type":"SearchAction","target":{"@type":"EntryPoint","urlTemplate":"https:\/\/plantsupervision.web07.tigermedia.eu\/?s={search_term_string}"},"query-input":{"@type":"PropertyValueSpecification","valueRequired":true,"valueName":"search_term_string"}}],"inLanguage":"de"},{"@type":"Organization","@id":"https:\/\/plantsupervision.web07.tigermedia.eu\/#organization","name":"Plant Supervision","url":"https:\/\/plantsupervision.web07.tigermedia.eu\/","logo":{"@type":"ImageObject","inLanguage":"de","@id":"https:\/\/plantsupervision.web07.tigermedia.eu\/#\/schema\/logo\/image\/","url":"https:\/\/plant-supervision.com\/wp-content\/uploads\/2023\/11\/ps_logo_blue.svg","contentUrl":"https:\/\/plant-supervision.com\/wp-content\/uploads\/2023\/11\/ps_logo_blue.svg","width":549,"height":121,"caption":"Plant Supervision"},"image":{"@id":"https:\/\/plantsupervision.web07.tigermedia.eu\/#\/schema\/logo\/image\/"},"sameAs":["https:\/\/www.linkedin.com\/company\/plant-supervision\/"]}]}},"_links":{"self":[{"href":"https:\/\/plant-supervision.com\/de\/wp-json\/wp\/v2\/pages\/11518","targetHints":{"allow":["GET"]}}],"collection":[{"href":"https:\/\/plant-supervision.com\/de\/wp-json\/wp\/v2\/pages"}],"about":[{"href":"https:\/\/plant-supervision.com\/de\/wp-json\/wp\/v2\/types\/page"}],"author":[{"embeddable":true,"href":"https:\/\/plant-supervision.com\/de\/wp-json\/wp\/v2\/users\/2"}],"replies":[{"embeddable":true,"href":"https:\/\/plant-supervision.com\/de\/wp-json\/wp\/v2\/comments?post=11518"}],"version-history":[{"count":1,"href":"https:\/\/plant-supervision.com\/de\/wp-json\/wp\/v2\/pages\/11518\/revisions"}],"predecessor-version":[{"id":11520,"href":"https:\/\/plant-supervision.com\/de\/wp-json\/wp\/v2\/pages\/11518\/revisions\/11520"}],"up":[{"embeddable":true,"href":"https:\/\/plant-supervision.com\/de\/wp-json\/wp\/v2\/pages\/11492"}],"wp:featuredmedia":[{"embeddable":true,"href":"https:\/\/plant-supervision.com\/de\/wp-json\/wp\/v2\/media\/11519"}],"wp:attachment":[{"href":"https:\/\/plant-supervision.com\/de\/wp-json\/wp\/v2\/media?parent=11518"}],"curies":[{"name":"wp","href":"https:\/\/api.w.org\/{rel}","templated":true}]}}