{"id":11516,"date":"2024-01-25T08:43:18","date_gmt":"2024-01-25T08:43:18","guid":{"rendered":"https:\/\/plant-supervision.com\/referenzen\/food-pharma\/"},"modified":"2025-06-19T08:19:31","modified_gmt":"2025-06-19T08:19:31","slug":"food-pharma","status":"publish","type":"page","link":"https:\/\/plant-supervision.com\/de\/referenzen\/food-pharma\/","title":{"rendered":"Food &amp; Pharma"},"content":{"rendered":"\t\t<div data-elementor-type=\"wp-page\" data-elementor-id=\"11516\" class=\"elementor elementor-11516 elementor-1069\" data-elementor-post-type=\"page\">\n\t\t\t\t<div class=\"elementor-element elementor-element-42e55d79 e-flex e-con-boxed e-con e-parent\" data-id=\"42e55d79\" data-element_type=\"container\" data-e-type=\"container\" data-settings=\"{&quot;jet_parallax_layout_list&quot;:[]}\">\n\t\t\t\t\t<div class=\"e-con-inner\">\n\t\t\t\t<div class=\"elementor-element elementor-element-5bf97302 elementor-widget elementor-widget-text-editor\" data-id=\"5bf97302\" data-element_type=\"widget\" data-e-type=\"widget\" data-widget_type=\"text-editor.default\">\n\t\t\t\t<div class=\"elementor-widget-container\">\n\t\t\t\t\t\t\t\t\t<h2 style=\"font-family: Roboto, sans-serif; color: #000000;\">Hervorgehobene Projekte 2025<\/h2>\n<div><span style=\"font-weight: bolder;\">Land:<\/span>&nbsp;D\u00e4nemark<\/div><span style=\"font-weight: bolder;\">Projekt:<\/span>&nbsp;Supervisor f\u00fcr mechanische Rohrleitungsarbeiten an Edelstahlrohren und -tanks.<h2>Hervorgehobene Projekte 2024<\/h2>\n<p><strong>Land:&nbsp;<\/strong>D\u00e4nemark<br><strong>Projekt:&nbsp;<\/strong>Mechanischer Supervisor in einer Pharmaproduktion<\/p>\n<p><strong>Land:&nbsp;<\/strong>D\u00e4nemark<br><strong>Projekt:<\/strong>Supervisor f\u00fcr Edelstahlrohrleitungen bei der Installation von Tanks und Rohrsystemen<\/p>\n<p><strong>Land:&nbsp;<\/strong>D\u00e4nemark<br><strong>Projekt:&nbsp;<\/strong>HSE-Supervisor zur Sicherstellung der sicheren Arbeitsausf\u00fchrung bei der Installation von Edelstahltanks und -rohrleitungen<\/p>\n<p><span style=\"font-weight: bolder;\">Land:&nbsp;<\/span>Deutschland<br><span style=\"font-weight: bolder;\">Projekt:&nbsp;<\/span>Mechanischer Supervisor f\u00fcr den Bau einer Speise\u00f6l-Raffinerieanlage<\/p>\n<p><span style=\"font-weight: bolder;\">Land:&nbsp;<\/span>Deutschland<br><span style=\"font-weight: bolder;\">Projekt:&nbsp;<\/span>Site Manager f\u00fcr den Bau einer Speise\u00f6l-Raffinerieanlage mit einem Volumen von \u00fcber 250 Mio. EUR<\/p>\n<p><strong>Land:&nbsp;<\/strong>T\u00fcrkei&nbsp;<br><strong>Projekt: <\/strong>Site Manager f\u00fcr eine schwimmende Fischverarbeitungsfabrik<\/p>\n<h2>Ausgew\u00e4hlte Projekte 2023<\/h2>\n<p><strong>Land:&nbsp;<\/strong>Brasilien<strong><br><\/strong><strong>Projekt:&nbsp;<\/strong>Inbetriebnahmeingenieur mit Spezialisierung auf Automatisierung f\u00fcr Produktionslinien von trinkfertigem Kaffee<\/p>\n<p><strong>Land:&nbsp;<\/strong>Brasilien&nbsp;<strong><br><\/strong><strong>Projekt:&nbsp;<\/strong> Inbetriebnahmeingenieur f\u00fcr Elektrotechnik in der Produktion von gefrier- und spr\u00fchgetrocknetem Instantkaffee<\/p>\n<p><strong>Land:&nbsp;<\/strong>D\u00e4nemark<br><strong>Projekt:&nbsp;<\/strong>Elektrokonstruktion und Dokumentation im Bereich Lebensmittel und Pharma<\/p>\n<p><strong>Land:&nbsp;<\/strong>Italien<br><strong>Projekt:&nbsp;<\/strong>Mechanischer\/Schlosser-Supervisor mit Verantwortung f\u00fcr die Qualit\u00e4tskontrolle beim Rohrschwei\u00dfen<\/p>\n<p><strong>Land:&nbsp;<\/strong>Schottland<br><strong>Projekt:&nbsp;<\/strong>Projektleitung f\u00fcr eine Verpackungslinie f\u00fcr Vitaminkapselpulverr&nbsp; in der Pharmaindustrie.<\/p>\n<p><strong>Land:&nbsp;<\/strong>Vietnam<br><strong>Projekt:<\/strong>&nbsp;Inbetriebnahmeingenieur f\u00fcr Elektrotechnik bei der Installation und Inbetriebnahme einer Kaffeetiefk\u00fchlanlage<\/p>\n<h2>Ausgew\u00e4hlte Projekte 2022<\/h2>\n<p><strong>Land:&nbsp;<\/strong>Schottland<br><strong>Projekt:&nbsp;<\/strong>Projektleitung f\u00fcr eine Verpackungslinie f\u00fcr Vitaminkapselpulverr&nbsp; in der Pharmaindustrie.<\/p>\n<p><strong>Kontaktieren Sie uns gerne f\u00fcr konkrete Referenzen aus der Lebensmittel- und Pharmaindustrie.<\/strong><\/p>\t\t\t\t\t\t\t\t<\/div>\n\t\t\t\t<\/div>\n\t\t\t\t\t<\/div>\n\t\t\t\t<\/div>\n\t\t\t\t<\/div>\n\t\t","protected":false},"excerpt":{"rendered":"<p>Hervorgehobene Projekte 2025 Land:&nbsp;D\u00e4nemarkProjekt:&nbsp;Supervisor f\u00fcr mechanische Rohrleitungsarbeiten an Edelstahlrohren und -tanks. Hervorgehobene Projekte 2024 Land:&nbsp;D\u00e4nemarkProjekt:&nbsp;Mechanischer Supervisor in einer Pharmaproduktion Land:&nbsp;D\u00e4nemarkProjekt:Supervisor f\u00fcr Edelstahlrohrleitungen bei der Installation von Tanks und Rohrsystemen Land:&nbsp;D\u00e4nemarkProjekt:&nbsp;HSE-Supervisor zur Sicherstellung der sicheren Arbeitsausf\u00fchrung bei der Installation von Edelstahltanks und -rohrleitungen Land:&nbsp;DeutschlandProjekt:&nbsp;Mechanischer Supervisor f\u00fcr den Bau einer Speise\u00f6l-Raffinerieanlage Land:&nbsp;DeutschlandProjekt:&nbsp;Site Manager f\u00fcr den Bau einer [&hellip;]<\/p>\n","protected":false},"author":2,"featured_media":8193,"parent":11492,"menu_order":0,"comment_status":"closed","ping_status":"closed","template":"","meta":{"content-type":"","footnotes":""},"class_list":["post-11516","page","type-page","status-publish","has-post-thumbnail","hentry"],"yoast_head":"<!-- This site is optimized with the Yoast SEO plugin v27.5 - https:\/\/yoast.com\/product\/yoast-seo-wordpress\/ -->\n<title>Referenzen: Ausgew\u00e4hlte Projekte in der Lebensmittel- und Pharmaindustrie<\/title>\n<meta name=\"description\" content=\"Entdecken Sie die vielf\u00e4ltigen Projekte, die wir weltweit f\u00fcr unsere Kunden in der Lebensmittel- und Pharmaindustrie begleitet haben \u2192\" \/>\n<meta name=\"robots\" content=\"index, follow, max-snippet:-1, max-image-preview:large, max-video-preview:-1\" \/>\n<link rel=\"canonical\" href=\"https:\/\/plant-supervision.com\/de\/referenzen\/food-pharma\/\" \/>\n<meta property=\"og:locale\" content=\"de_DE\" \/>\n<meta property=\"og:type\" content=\"article\" \/>\n<meta property=\"og:title\" content=\"Referenzen: Ausgew\u00e4hlte Projekte in der Lebensmittel- und Pharmaindustrie\" \/>\n<meta property=\"og:description\" content=\"Entdecken Sie die vielf\u00e4ltigen Projekte, die wir weltweit f\u00fcr unsere Kunden in der Lebensmittel- und Pharmaindustrie begleitet haben \u2192\" \/>\n<meta property=\"og:url\" content=\"https:\/\/plant-supervision.com\/de\/referenzen\/food-pharma\/\" \/>\n<meta property=\"og:site_name\" content=\"Plant Supervision\" \/>\n<meta property=\"article:modified_time\" content=\"2025-06-19T08:19:31+00:00\" \/>\n<meta property=\"og:image\" content=\"https:\/\/plant-supervision.com\/wp-content\/uploads\/2024\/01\/food-pharma.jpg\" \/>\n\t<meta property=\"og:image:width\" content=\"750\" \/>\n\t<meta property=\"og:image:height\" content=\"750\" \/>\n\t<meta property=\"og:image:type\" content=\"image\/jpeg\" \/>\n<meta name=\"twitter:card\" content=\"summary_large_image\" \/>\n<meta name=\"twitter:label1\" content=\"Gesch\u00e4tzte Lesezeit\" \/>\n\t<meta name=\"twitter:data1\" content=\"1\u00a0Minute\" \/>\n<script type=\"application\/ld+json\" class=\"yoast-schema-graph\">{\"@context\":\"https:\\\/\\\/schema.org\",\"@graph\":[{\"@type\":\"WebPage\",\"@id\":\"https:\\\/\\\/plant-supervision.com\\\/de\\\/referenzen\\\/food-pharma\\\/\",\"url\":\"https:\\\/\\\/plant-supervision.com\\\/de\\\/referenzen\\\/food-pharma\\\/\",\"name\":\"Referenzen: Ausgew\u00e4hlte Projekte in der Lebensmittel- und Pharmaindustrie\",\"isPartOf\":{\"@id\":\"https:\\\/\\\/plantsupervision.web07.tigermedia.eu\\\/#website\"},\"primaryImageOfPage\":{\"@id\":\"https:\\\/\\\/plant-supervision.com\\\/de\\\/referenzen\\\/food-pharma\\\/#primaryimage\"},\"image\":{\"@id\":\"https:\\\/\\\/plant-supervision.com\\\/de\\\/referenzen\\\/food-pharma\\\/#primaryimage\"},\"thumbnailUrl\":\"https:\\\/\\\/plant-supervision.com\\\/wp-content\\\/uploads\\\/2024\\\/01\\\/food-pharma.jpg\",\"datePublished\":\"2024-01-25T08:43:18+00:00\",\"dateModified\":\"2025-06-19T08:19:31+00:00\",\"description\":\"Entdecken Sie die vielf\u00e4ltigen Projekte, die wir weltweit f\u00fcr unsere Kunden in der Lebensmittel- und Pharmaindustrie begleitet haben \u2192\",\"breadcrumb\":{\"@id\":\"https:\\\/\\\/plant-supervision.com\\\/de\\\/referenzen\\\/food-pharma\\\/#breadcrumb\"},\"inLanguage\":\"de\",\"potentialAction\":[{\"@type\":\"ReadAction\",\"target\":[\"https:\\\/\\\/plant-supervision.com\\\/de\\\/referenzen\\\/food-pharma\\\/\"]}]},{\"@type\":\"ImageObject\",\"inLanguage\":\"de\",\"@id\":\"https:\\\/\\\/plant-supervision.com\\\/de\\\/referenzen\\\/food-pharma\\\/#primaryimage\",\"url\":\"https:\\\/\\\/plant-supervision.com\\\/wp-content\\\/uploads\\\/2024\\\/01\\\/food-pharma.jpg\",\"contentUrl\":\"https:\\\/\\\/plant-supervision.com\\\/wp-content\\\/uploads\\\/2024\\\/01\\\/food-pharma.jpg\",\"width\":750,\"height\":750},{\"@type\":\"BreadcrumbList\",\"@id\":\"https:\\\/\\\/plant-supervision.com\\\/de\\\/referenzen\\\/food-pharma\\\/#breadcrumb\",\"itemListElement\":[{\"@type\":\"ListItem\",\"position\":1,\"name\":\"Home\",\"item\":\"https:\\\/\\\/plant-supervision.com\\\/de\\\/\"},{\"@type\":\"ListItem\",\"position\":2,\"name\":\"Referenzen\",\"item\":\"https:\\\/\\\/plant-supervision.com\\\/de\\\/referenzen\\\/\"},{\"@type\":\"ListItem\",\"position\":3,\"name\":\"Food &amp; Pharma\"}]},{\"@type\":\"WebSite\",\"@id\":\"https:\\\/\\\/plantsupervision.web07.tigermedia.eu\\\/#website\",\"url\":\"https:\\\/\\\/plantsupervision.web07.tigermedia.eu\\\/\",\"name\":\"Plant Supervision\",\"description\":\"\",\"publisher\":{\"@id\":\"https:\\\/\\\/plantsupervision.web07.tigermedia.eu\\\/#organization\"},\"potentialAction\":[{\"@type\":\"SearchAction\",\"target\":{\"@type\":\"EntryPoint\",\"urlTemplate\":\"https:\\\/\\\/plantsupervision.web07.tigermedia.eu\\\/?s={search_term_string}\"},\"query-input\":{\"@type\":\"PropertyValueSpecification\",\"valueRequired\":true,\"valueName\":\"search_term_string\"}}],\"inLanguage\":\"de\"},{\"@type\":\"Organization\",\"@id\":\"https:\\\/\\\/plantsupervision.web07.tigermedia.eu\\\/#organization\",\"name\":\"Plant Supervision\",\"url\":\"https:\\\/\\\/plantsupervision.web07.tigermedia.eu\\\/\",\"logo\":{\"@type\":\"ImageObject\",\"inLanguage\":\"de\",\"@id\":\"https:\\\/\\\/plantsupervision.web07.tigermedia.eu\\\/#\\\/schema\\\/logo\\\/image\\\/\",\"url\":\"https:\\\/\\\/plant-supervision.com\\\/wp-content\\\/uploads\\\/2023\\\/11\\\/ps_logo_blue.svg\",\"contentUrl\":\"https:\\\/\\\/plant-supervision.com\\\/wp-content\\\/uploads\\\/2023\\\/11\\\/ps_logo_blue.svg\",\"width\":549,\"height\":121,\"caption\":\"Plant Supervision\"},\"image\":{\"@id\":\"https:\\\/\\\/plantsupervision.web07.tigermedia.eu\\\/#\\\/schema\\\/logo\\\/image\\\/\"},\"sameAs\":[\"https:\\\/\\\/www.linkedin.com\\\/company\\\/plant-supervision\\\/\"]}]}<\/script>\n<!-- \/ Yoast SEO plugin. -->","yoast_head_json":{"title":"Referenzen: Ausgew\u00e4hlte Projekte in der Lebensmittel- und Pharmaindustrie","description":"Entdecken Sie die vielf\u00e4ltigen Projekte, die wir weltweit f\u00fcr unsere Kunden in der Lebensmittel- und Pharmaindustrie begleitet haben \u2192","robots":{"index":"index","follow":"follow","max-snippet":"max-snippet:-1","max-image-preview":"max-image-preview:large","max-video-preview":"max-video-preview:-1"},"canonical":"https:\/\/plant-supervision.com\/de\/referenzen\/food-pharma\/","og_locale":"de_DE","og_type":"article","og_title":"Referenzen: Ausgew\u00e4hlte Projekte in der Lebensmittel- und Pharmaindustrie","og_description":"Entdecken Sie die vielf\u00e4ltigen Projekte, die wir weltweit f\u00fcr unsere Kunden in der Lebensmittel- und Pharmaindustrie begleitet haben \u2192","og_url":"https:\/\/plant-supervision.com\/de\/referenzen\/food-pharma\/","og_site_name":"Plant Supervision","article_modified_time":"2025-06-19T08:19:31+00:00","og_image":[{"width":750,"height":750,"url":"https:\/\/plant-supervision.com\/wp-content\/uploads\/2024\/01\/food-pharma.jpg","type":"image\/jpeg"}],"twitter_card":"summary_large_image","twitter_misc":{"Gesch\u00e4tzte Lesezeit":"1\u00a0Minute"},"schema":{"@context":"https:\/\/schema.org","@graph":[{"@type":"WebPage","@id":"https:\/\/plant-supervision.com\/de\/referenzen\/food-pharma\/","url":"https:\/\/plant-supervision.com\/de\/referenzen\/food-pharma\/","name":"Referenzen: Ausgew\u00e4hlte Projekte in der Lebensmittel- und Pharmaindustrie","isPartOf":{"@id":"https:\/\/plantsupervision.web07.tigermedia.eu\/#website"},"primaryImageOfPage":{"@id":"https:\/\/plant-supervision.com\/de\/referenzen\/food-pharma\/#primaryimage"},"image":{"@id":"https:\/\/plant-supervision.com\/de\/referenzen\/food-pharma\/#primaryimage"},"thumbnailUrl":"https:\/\/plant-supervision.com\/wp-content\/uploads\/2024\/01\/food-pharma.jpg","datePublished":"2024-01-25T08:43:18+00:00","dateModified":"2025-06-19T08:19:31+00:00","description":"Entdecken Sie die vielf\u00e4ltigen Projekte, die wir weltweit f\u00fcr unsere Kunden in der Lebensmittel- und Pharmaindustrie begleitet haben \u2192","breadcrumb":{"@id":"https:\/\/plant-supervision.com\/de\/referenzen\/food-pharma\/#breadcrumb"},"inLanguage":"de","potentialAction":[{"@type":"ReadAction","target":["https:\/\/plant-supervision.com\/de\/referenzen\/food-pharma\/"]}]},{"@type":"ImageObject","inLanguage":"de","@id":"https:\/\/plant-supervision.com\/de\/referenzen\/food-pharma\/#primaryimage","url":"https:\/\/plant-supervision.com\/wp-content\/uploads\/2024\/01\/food-pharma.jpg","contentUrl":"https:\/\/plant-supervision.com\/wp-content\/uploads\/2024\/01\/food-pharma.jpg","width":750,"height":750},{"@type":"BreadcrumbList","@id":"https:\/\/plant-supervision.com\/de\/referenzen\/food-pharma\/#breadcrumb","itemListElement":[{"@type":"ListItem","position":1,"name":"Home","item":"https:\/\/plant-supervision.com\/de\/"},{"@type":"ListItem","position":2,"name":"Referenzen","item":"https:\/\/plant-supervision.com\/de\/referenzen\/"},{"@type":"ListItem","position":3,"name":"Food &amp; Pharma"}]},{"@type":"WebSite","@id":"https:\/\/plantsupervision.web07.tigermedia.eu\/#website","url":"https:\/\/plantsupervision.web07.tigermedia.eu\/","name":"Plant Supervision","description":"","publisher":{"@id":"https:\/\/plantsupervision.web07.tigermedia.eu\/#organization"},"potentialAction":[{"@type":"SearchAction","target":{"@type":"EntryPoint","urlTemplate":"https:\/\/plantsupervision.web07.tigermedia.eu\/?s={search_term_string}"},"query-input":{"@type":"PropertyValueSpecification","valueRequired":true,"valueName":"search_term_string"}}],"inLanguage":"de"},{"@type":"Organization","@id":"https:\/\/plantsupervision.web07.tigermedia.eu\/#organization","name":"Plant Supervision","url":"https:\/\/plantsupervision.web07.tigermedia.eu\/","logo":{"@type":"ImageObject","inLanguage":"de","@id":"https:\/\/plantsupervision.web07.tigermedia.eu\/#\/schema\/logo\/image\/","url":"https:\/\/plant-supervision.com\/wp-content\/uploads\/2023\/11\/ps_logo_blue.svg","contentUrl":"https:\/\/plant-supervision.com\/wp-content\/uploads\/2023\/11\/ps_logo_blue.svg","width":549,"height":121,"caption":"Plant Supervision"},"image":{"@id":"https:\/\/plantsupervision.web07.tigermedia.eu\/#\/schema\/logo\/image\/"},"sameAs":["https:\/\/www.linkedin.com\/company\/plant-supervision\/"]}]}},"_links":{"self":[{"href":"https:\/\/plant-supervision.com\/de\/wp-json\/wp\/v2\/pages\/11516","targetHints":{"allow":["GET"]}}],"collection":[{"href":"https:\/\/plant-supervision.com\/de\/wp-json\/wp\/v2\/pages"}],"about":[{"href":"https:\/\/plant-supervision.com\/de\/wp-json\/wp\/v2\/types\/page"}],"author":[{"embeddable":true,"href":"https:\/\/plant-supervision.com\/de\/wp-json\/wp\/v2\/users\/2"}],"replies":[{"embeddable":true,"href":"https:\/\/plant-supervision.com\/de\/wp-json\/wp\/v2\/comments?post=11516"}],"version-history":[{"count":1,"href":"https:\/\/plant-supervision.com\/de\/wp-json\/wp\/v2\/pages\/11516\/revisions"}],"predecessor-version":[{"id":11517,"href":"https:\/\/plant-supervision.com\/de\/wp-json\/wp\/v2\/pages\/11516\/revisions\/11517"}],"up":[{"embeddable":true,"href":"https:\/\/plant-supervision.com\/de\/wp-json\/wp\/v2\/pages\/11492"}],"wp:featuredmedia":[{"embeddable":true,"href":"https:\/\/plant-supervision.com\/de\/wp-json\/wp\/v2\/media\/8193"}],"wp:attachment":[{"href":"https:\/\/plant-supervision.com\/de\/wp-json\/wp\/v2\/media?parent=11516"}],"curies":[{"name":"wp","href":"https:\/\/api.w.org\/{rel}","templated":true}]}}