{"id":11513,"date":"2024-11-11T13:16:03","date_gmt":"2024-11-11T13:16:03","guid":{"rendered":"https:\/\/plant-supervision.com\/referenzen\/rechenzentren\/"},"modified":"2025-06-19T08:07:45","modified_gmt":"2025-06-19T08:07:45","slug":"rechenzentren","status":"publish","type":"page","link":"https:\/\/plant-supervision.com\/de\/referenzen\/rechenzentren\/","title":{"rendered":"Rechenzentren"},"content":{"rendered":"\t\t<div data-elementor-type=\"wp-page\" data-elementor-id=\"11513\" class=\"elementor elementor-11513 elementor-7722\" data-elementor-post-type=\"page\">\n\t\t\t\t<div class=\"elementor-element elementor-element-ff5afb6 e-flex e-con-boxed e-con e-parent\" data-id=\"ff5afb6\" data-element_type=\"container\" data-e-type=\"container\" data-settings=\"{&quot;jet_parallax_layout_list&quot;:[]}\">\n\t\t\t\t\t<div class=\"e-con-inner\">\n\t\t\t\t<div class=\"elementor-element elementor-element-7d64c45 elementor-widget elementor-widget-text-editor\" data-id=\"7d64c45\" data-element_type=\"widget\" data-e-type=\"widget\" data-widget_type=\"text-editor.default\">\n\t\t\t\t<div class=\"elementor-widget-container\">\n\t\t\t\t\t\t\t\t\t<h2 style=\"font-family: Roboto, sans-serif; color: rgb(0, 0, 0);\">Hervorgehobene Projekte 2025<\/h2>\n<div><span style=\"font-weight: bolder; font-size: 18px;\">Land:&nbsp;<\/span><span style=\"font-size: 18px;\">D\u00e4nemark<\/span><br style=\"font-size: 18px;\"><span style=\"font-weight: bolder; font-size: 18px;\">Projekt:&nbsp;<\/span><span style=\"font-size: 18px;\">HSE-Manager f\u00fcr den Bau einer Umspannanlage f\u00fcr ein Rechenzentrum.<\/span><\/div>\n<h2 style=\"font-family: Roboto, sans-serif; color: rgb(0, 0, 0);\"><span style=\"font-size: 2rem; text-align: var(--text-align);\">Hervorgehobene Projekte 2024<\/span><\/h2>\n<div><span style=\"font-weight: bolder; font-size: 18px;\">Land:&nbsp;<\/span><span style=\"font-size: 18px;\">D\u00e4nemark<\/span><br style=\"font-size: 18px;\"><span style=\"font-weight: bolder; font-size: 18px;\">Projekt:&nbsp;<\/span><span style=\"font-size: 18px;\">HSE-Manager f\u00fcr ein Umspannwerksprojekt in einem Rechenzentrum<\/span><\/div>\n<div><span style=\"font-size: 18px;\">&nbsp;<\/span><br><span style=\"font-weight: bolder; font-size: 18px;\">Land:&nbsp;<\/span><span style=\"font-size: 18px;\">D\u00e4nemark<\/span><br style=\"font-size: 18px;\"><span style=\"font-weight: bolder; font-size: 18px;\">About:<\/span><span style=\"font-size: 18px;\">HSE-Manager f\u00fcr ein Projekt im Bereich Strom\u00fcbertragungs- und -verteilungsinfrastruktur<\/span><\/div>\n<div><span style=\"font-size: 18px;\">&nbsp;<\/span><\/div>\n<p><span style=\"font-weight: bolder; font-size: 18px;\">Land:&nbsp;<\/span><span style=\"font-size: 18px;\">D\u00e4nemark<\/span><br style=\"font-size: 18px;\"><span style=\"font-weight: bolder; font-size: 18px;\">Projekt:&nbsp;<\/span><span style=\"font-size: 18px;\">Site Lead f\u00fcr das Backup-System eines Rechenzentrums<\/span><\/p>\n<p><span style=\"font-weight: bolder; font-size: 18px;\">Land:&nbsp;<\/span><span style=\"font-size: 18px;\">Schweden<\/span><br style=\"font-size: 18px;\"><span style=\"font-weight: bolder; font-size: 18px;\">Projekt:&nbsp;<\/span><span style=\"font-size: 18px;\">Inbetriebnahmeingenieur f\u00fcr Elektrotechnik im Backup-System eines Rechenzentrums<\/span><\/p>\n<h2 style=\"font-family: Roboto, sans-serif; color: #000000;\">Ausgew\u00e4hlte Projekte 2023<\/h2>\n<div><span style=\"font-weight: bolder; font-size: 18px;\">Land:&nbsp;<\/span><span style=\"font-size: 18px;\">D\u00e4nemark<\/span><br style=\"font-size: 18px;\"><span style=\"font-weight: bolder; font-size: 18px;\">Projekt: <\/span><span style=\"font-size: 18px;\">Spezialist f\u00fcr mechanische Inbetriebnahme im Bereich HVAC<\/span><\/div>\t\t\t\t\t\t\t\t<\/div>\n\t\t\t\t<\/div>\n\t\t\t\t\t<\/div>\n\t\t\t\t<\/div>\n\t\t\t\t<\/div>\n\t\t","protected":false},"excerpt":{"rendered":"<p>Hervorgehobene Projekte 2025 Land:&nbsp;D\u00e4nemarkProjekt:&nbsp;HSE-Manager f\u00fcr den Bau einer Umspannanlage f\u00fcr ein Rechenzentrum. Hervorgehobene Projekte 2024 Land:&nbsp;D\u00e4nemarkProjekt:&nbsp;HSE-Manager f\u00fcr ein Umspannwerksprojekt in einem Rechenzentrum &nbsp;Land:&nbsp;D\u00e4nemarkAbout:HSE-Manager f\u00fcr ein Projekt im Bereich Strom\u00fcbertragungs- und -verteilungsinfrastruktur &nbsp; Land:&nbsp;D\u00e4nemarkProjekt:&nbsp;Site Lead f\u00fcr das Backup-System eines Rechenzentrums Land:&nbsp;SchwedenProjekt:&nbsp;Inbetriebnahmeingenieur f\u00fcr Elektrotechnik im Backup-System eines Rechenzentrums Ausgew\u00e4hlte Projekte 2023 Land:&nbsp;D\u00e4nemarkProjekt: Spezialist f\u00fcr mechanische Inbetriebnahme im [&hellip;]<\/p>\n","protected":false},"author":1,"featured_media":11514,"parent":11492,"menu_order":0,"comment_status":"closed","ping_status":"closed","template":"","meta":{"content-type":"","footnotes":""},"class_list":["post-11513","page","type-page","status-publish","has-post-thumbnail","hentry"],"yoast_head":"<!-- This site is optimized with the Yoast SEO plugin v27.5 - https:\/\/yoast.com\/product\/yoast-seo-wordpress\/ -->\n<title>Referenzen: Ausgew\u00e4hlte Projekte in der Rechenzentrumsindustrie<\/title>\n<meta name=\"description\" content=\"Entdecken Sie ausgew\u00e4hlte Projekte, die wir weltweit f\u00fcr unsere Kunden in der Rechenzentrumsindustrie begleitet haben \u2192\" \/>\n<meta name=\"robots\" content=\"index, follow, max-snippet:-1, max-image-preview:large, max-video-preview:-1\" \/>\n<link rel=\"canonical\" href=\"https:\/\/plant-supervision.com\/de\/referenzen\/rechenzentren\/\" \/>\n<meta property=\"og:locale\" content=\"de_DE\" \/>\n<meta property=\"og:type\" content=\"article\" \/>\n<meta property=\"og:title\" content=\"Referenzen: Ausgew\u00e4hlte Projekte in der Rechenzentrumsindustrie\" \/>\n<meta property=\"og:description\" content=\"Entdecken Sie ausgew\u00e4hlte Projekte, die wir weltweit f\u00fcr unsere Kunden in der Rechenzentrumsindustrie begleitet haben \u2192\" \/>\n<meta property=\"og:url\" content=\"https:\/\/plant-supervision.com\/de\/referenzen\/rechenzentren\/\" \/>\n<meta property=\"og:site_name\" content=\"Plant Supervision\" \/>\n<meta property=\"article:modified_time\" content=\"2025-06-19T08:07:45+00:00\" \/>\n<meta property=\"og:image\" content=\"https:\/\/plant-supervision.com\/wp-content\/uploads\/2024\/11\/Header.jpg\" \/>\n\t<meta property=\"og:image:width\" content=\"1350\" \/>\n\t<meta property=\"og:image:height\" content=\"560\" \/>\n\t<meta property=\"og:image:type\" content=\"image\/jpeg\" \/>\n<meta name=\"twitter:card\" content=\"summary_large_image\" \/>\n<script type=\"application\/ld+json\" class=\"yoast-schema-graph\">{\"@context\":\"https:\\\/\\\/schema.org\",\"@graph\":[{\"@type\":\"WebPage\",\"@id\":\"https:\\\/\\\/plant-supervision.com\\\/de\\\/referenzen\\\/rechenzentren\\\/\",\"url\":\"https:\\\/\\\/plant-supervision.com\\\/de\\\/referenzen\\\/rechenzentren\\\/\",\"name\":\"Referenzen: Ausgew\u00e4hlte Projekte in der Rechenzentrumsindustrie\",\"isPartOf\":{\"@id\":\"https:\\\/\\\/plantsupervision.web07.tigermedia.eu\\\/#website\"},\"primaryImageOfPage\":{\"@id\":\"https:\\\/\\\/plant-supervision.com\\\/de\\\/referenzen\\\/rechenzentren\\\/#primaryimage\"},\"image\":{\"@id\":\"https:\\\/\\\/plant-supervision.com\\\/de\\\/referenzen\\\/rechenzentren\\\/#primaryimage\"},\"thumbnailUrl\":\"https:\\\/\\\/plant-supervision.com\\\/wp-content\\\/uploads\\\/2024\\\/11\\\/Header.jpg\",\"datePublished\":\"2024-11-11T13:16:03+00:00\",\"dateModified\":\"2025-06-19T08:07:45+00:00\",\"description\":\"Entdecken Sie ausgew\u00e4hlte Projekte, die wir weltweit f\u00fcr unsere Kunden in der Rechenzentrumsindustrie begleitet haben \u2192\",\"breadcrumb\":{\"@id\":\"https:\\\/\\\/plant-supervision.com\\\/de\\\/referenzen\\\/rechenzentren\\\/#breadcrumb\"},\"inLanguage\":\"de\",\"potentialAction\":[{\"@type\":\"ReadAction\",\"target\":[\"https:\\\/\\\/plant-supervision.com\\\/de\\\/referenzen\\\/rechenzentren\\\/\"]}]},{\"@type\":\"ImageObject\",\"inLanguage\":\"de\",\"@id\":\"https:\\\/\\\/plant-supervision.com\\\/de\\\/referenzen\\\/rechenzentren\\\/#primaryimage\",\"url\":\"https:\\\/\\\/plant-supervision.com\\\/wp-content\\\/uploads\\\/2024\\\/11\\\/Header.jpg\",\"contentUrl\":\"https:\\\/\\\/plant-supervision.com\\\/wp-content\\\/uploads\\\/2024\\\/11\\\/Header.jpg\",\"width\":1350,\"height\":560,\"caption\":\"Supervisor at data center\"},{\"@type\":\"BreadcrumbList\",\"@id\":\"https:\\\/\\\/plant-supervision.com\\\/de\\\/referenzen\\\/rechenzentren\\\/#breadcrumb\",\"itemListElement\":[{\"@type\":\"ListItem\",\"position\":1,\"name\":\"Home\",\"item\":\"https:\\\/\\\/plant-supervision.com\\\/de\\\/\"},{\"@type\":\"ListItem\",\"position\":2,\"name\":\"Referenzen\",\"item\":\"https:\\\/\\\/plant-supervision.com\\\/de\\\/referenzen\\\/\"},{\"@type\":\"ListItem\",\"position\":3,\"name\":\"Rechenzentren\"}]},{\"@type\":\"WebSite\",\"@id\":\"https:\\\/\\\/plantsupervision.web07.tigermedia.eu\\\/#website\",\"url\":\"https:\\\/\\\/plantsupervision.web07.tigermedia.eu\\\/\",\"name\":\"Plant Supervision\",\"description\":\"\",\"publisher\":{\"@id\":\"https:\\\/\\\/plantsupervision.web07.tigermedia.eu\\\/#organization\"},\"potentialAction\":[{\"@type\":\"SearchAction\",\"target\":{\"@type\":\"EntryPoint\",\"urlTemplate\":\"https:\\\/\\\/plantsupervision.web07.tigermedia.eu\\\/?s={search_term_string}\"},\"query-input\":{\"@type\":\"PropertyValueSpecification\",\"valueRequired\":true,\"valueName\":\"search_term_string\"}}],\"inLanguage\":\"de\"},{\"@type\":\"Organization\",\"@id\":\"https:\\\/\\\/plantsupervision.web07.tigermedia.eu\\\/#organization\",\"name\":\"Plant Supervision\",\"url\":\"https:\\\/\\\/plantsupervision.web07.tigermedia.eu\\\/\",\"logo\":{\"@type\":\"ImageObject\",\"inLanguage\":\"de\",\"@id\":\"https:\\\/\\\/plantsupervision.web07.tigermedia.eu\\\/#\\\/schema\\\/logo\\\/image\\\/\",\"url\":\"https:\\\/\\\/plant-supervision.com\\\/wp-content\\\/uploads\\\/2023\\\/11\\\/ps_logo_blue.svg\",\"contentUrl\":\"https:\\\/\\\/plant-supervision.com\\\/wp-content\\\/uploads\\\/2023\\\/11\\\/ps_logo_blue.svg\",\"width\":549,\"height\":121,\"caption\":\"Plant Supervision\"},\"image\":{\"@id\":\"https:\\\/\\\/plantsupervision.web07.tigermedia.eu\\\/#\\\/schema\\\/logo\\\/image\\\/\"},\"sameAs\":[\"https:\\\/\\\/www.linkedin.com\\\/company\\\/plant-supervision\\\/\"]}]}<\/script>\n<!-- \/ Yoast SEO plugin. -->","yoast_head_json":{"title":"Referenzen: Ausgew\u00e4hlte Projekte in der Rechenzentrumsindustrie","description":"Entdecken Sie ausgew\u00e4hlte Projekte, die wir weltweit f\u00fcr unsere Kunden in der Rechenzentrumsindustrie begleitet haben \u2192","robots":{"index":"index","follow":"follow","max-snippet":"max-snippet:-1","max-image-preview":"max-image-preview:large","max-video-preview":"max-video-preview:-1"},"canonical":"https:\/\/plant-supervision.com\/de\/referenzen\/rechenzentren\/","og_locale":"de_DE","og_type":"article","og_title":"Referenzen: Ausgew\u00e4hlte Projekte in der Rechenzentrumsindustrie","og_description":"Entdecken Sie ausgew\u00e4hlte Projekte, die wir weltweit f\u00fcr unsere Kunden in der Rechenzentrumsindustrie begleitet haben \u2192","og_url":"https:\/\/plant-supervision.com\/de\/referenzen\/rechenzentren\/","og_site_name":"Plant Supervision","article_modified_time":"2025-06-19T08:07:45+00:00","og_image":[{"width":1350,"height":560,"url":"https:\/\/plant-supervision.com\/wp-content\/uploads\/2024\/11\/Header.jpg","type":"image\/jpeg"}],"twitter_card":"summary_large_image","schema":{"@context":"https:\/\/schema.org","@graph":[{"@type":"WebPage","@id":"https:\/\/plant-supervision.com\/de\/referenzen\/rechenzentren\/","url":"https:\/\/plant-supervision.com\/de\/referenzen\/rechenzentren\/","name":"Referenzen: Ausgew\u00e4hlte Projekte in der Rechenzentrumsindustrie","isPartOf":{"@id":"https:\/\/plantsupervision.web07.tigermedia.eu\/#website"},"primaryImageOfPage":{"@id":"https:\/\/plant-supervision.com\/de\/referenzen\/rechenzentren\/#primaryimage"},"image":{"@id":"https:\/\/plant-supervision.com\/de\/referenzen\/rechenzentren\/#primaryimage"},"thumbnailUrl":"https:\/\/plant-supervision.com\/wp-content\/uploads\/2024\/11\/Header.jpg","datePublished":"2024-11-11T13:16:03+00:00","dateModified":"2025-06-19T08:07:45+00:00","description":"Entdecken Sie ausgew\u00e4hlte Projekte, die wir weltweit f\u00fcr unsere Kunden in der Rechenzentrumsindustrie begleitet haben \u2192","breadcrumb":{"@id":"https:\/\/plant-supervision.com\/de\/referenzen\/rechenzentren\/#breadcrumb"},"inLanguage":"de","potentialAction":[{"@type":"ReadAction","target":["https:\/\/plant-supervision.com\/de\/referenzen\/rechenzentren\/"]}]},{"@type":"ImageObject","inLanguage":"de","@id":"https:\/\/plant-supervision.com\/de\/referenzen\/rechenzentren\/#primaryimage","url":"https:\/\/plant-supervision.com\/wp-content\/uploads\/2024\/11\/Header.jpg","contentUrl":"https:\/\/plant-supervision.com\/wp-content\/uploads\/2024\/11\/Header.jpg","width":1350,"height":560,"caption":"Supervisor at data center"},{"@type":"BreadcrumbList","@id":"https:\/\/plant-supervision.com\/de\/referenzen\/rechenzentren\/#breadcrumb","itemListElement":[{"@type":"ListItem","position":1,"name":"Home","item":"https:\/\/plant-supervision.com\/de\/"},{"@type":"ListItem","position":2,"name":"Referenzen","item":"https:\/\/plant-supervision.com\/de\/referenzen\/"},{"@type":"ListItem","position":3,"name":"Rechenzentren"}]},{"@type":"WebSite","@id":"https:\/\/plantsupervision.web07.tigermedia.eu\/#website","url":"https:\/\/plantsupervision.web07.tigermedia.eu\/","name":"Plant Supervision","description":"","publisher":{"@id":"https:\/\/plantsupervision.web07.tigermedia.eu\/#organization"},"potentialAction":[{"@type":"SearchAction","target":{"@type":"EntryPoint","urlTemplate":"https:\/\/plantsupervision.web07.tigermedia.eu\/?s={search_term_string}"},"query-input":{"@type":"PropertyValueSpecification","valueRequired":true,"valueName":"search_term_string"}}],"inLanguage":"de"},{"@type":"Organization","@id":"https:\/\/plantsupervision.web07.tigermedia.eu\/#organization","name":"Plant Supervision","url":"https:\/\/plantsupervision.web07.tigermedia.eu\/","logo":{"@type":"ImageObject","inLanguage":"de","@id":"https:\/\/plantsupervision.web07.tigermedia.eu\/#\/schema\/logo\/image\/","url":"https:\/\/plant-supervision.com\/wp-content\/uploads\/2023\/11\/ps_logo_blue.svg","contentUrl":"https:\/\/plant-supervision.com\/wp-content\/uploads\/2023\/11\/ps_logo_blue.svg","width":549,"height":121,"caption":"Plant Supervision"},"image":{"@id":"https:\/\/plantsupervision.web07.tigermedia.eu\/#\/schema\/logo\/image\/"},"sameAs":["https:\/\/www.linkedin.com\/company\/plant-supervision\/"]}]}},"_links":{"self":[{"href":"https:\/\/plant-supervision.com\/de\/wp-json\/wp\/v2\/pages\/11513","targetHints":{"allow":["GET"]}}],"collection":[{"href":"https:\/\/plant-supervision.com\/de\/wp-json\/wp\/v2\/pages"}],"about":[{"href":"https:\/\/plant-supervision.com\/de\/wp-json\/wp\/v2\/types\/page"}],"author":[{"embeddable":true,"href":"https:\/\/plant-supervision.com\/de\/wp-json\/wp\/v2\/users\/1"}],"replies":[{"embeddable":true,"href":"https:\/\/plant-supervision.com\/de\/wp-json\/wp\/v2\/comments?post=11513"}],"version-history":[{"count":1,"href":"https:\/\/plant-supervision.com\/de\/wp-json\/wp\/v2\/pages\/11513\/revisions"}],"predecessor-version":[{"id":11515,"href":"https:\/\/plant-supervision.com\/de\/wp-json\/wp\/v2\/pages\/11513\/revisions\/11515"}],"up":[{"embeddable":true,"href":"https:\/\/plant-supervision.com\/de\/wp-json\/wp\/v2\/pages\/11492"}],"wp:featuredmedia":[{"embeddable":true,"href":"https:\/\/plant-supervision.com\/de\/wp-json\/wp\/v2\/media\/11514"}],"wp:attachment":[{"href":"https:\/\/plant-supervision.com\/de\/wp-json\/wp\/v2\/media?parent=11513"}],"curies":[{"name":"wp","href":"https:\/\/api.w.org\/{rel}","templated":true}]}}