{"id":11507,"date":"2024-01-25T08:43:02","date_gmt":"2024-01-25T08:43:02","guid":{"rendered":"https:\/\/plant-supervision.com\/referenzen\/power-plant\/"},"modified":"2025-06-19T08:00:11","modified_gmt":"2025-06-19T08:00:11","slug":"power-plant","status":"publish","type":"page","link":"https:\/\/plant-supervision.com\/de\/referenzen\/power-plant\/","title":{"rendered":"Power Plant"},"content":{"rendered":"\t\t<div data-elementor-type=\"wp-page\" data-elementor-id=\"11507\" class=\"elementor elementor-11507 elementor-1067\" data-elementor-post-type=\"page\">\n\t\t\t\t<div class=\"elementor-element elementor-element-136e55f1 e-flex e-con-boxed e-con e-parent\" data-id=\"136e55f1\" data-element_type=\"container\" data-e-type=\"container\" data-settings=\"{&quot;jet_parallax_layout_list&quot;:[]}\">\n\t\t\t\t\t<div class=\"e-con-inner\">\n\t\t\t\t<div class=\"elementor-element elementor-element-3bd22b0f elementor-widget elementor-widget-text-editor\" data-id=\"3bd22b0f\" data-element_type=\"widget\" data-e-type=\"widget\" data-widget_type=\"text-editor.default\">\n\t\t\t\t<div class=\"elementor-widget-container\">\n\t\t\t\t\t\t\t\t\t<h2 style=\"font-family: Roboto, sans-serif; color: #000000;\">Hervorgehobene Projekte 2025<\/h2>\n<div>\n<p><span style=\"font-weight: bolder;\">Land:&nbsp;<\/span>\u00c4gypten<br><span style=\"font-weight: bolder;\">About:&nbsp;<\/span>Prozessingenieur f\u00fcr den Betrieb einer Wasserstoffanlage<\/p>\n<\/div>\n<div><span style=\"font-weight: bolder;\">Land: <\/span>Netherland<br><span style=\"font-weight: bolder;\">\u00dcber:<\/span> Rechenzentrum und Notstromgenerator<\/div>\n<h2 style=\"font-family: Roboto, sans-serif; color: #000000;\">Hervorgehobene Projekte 2024<\/h2>\n<div><strong>Land:&nbsp;<\/strong>D\u00e4nemark<br><strong>\u00dcber: <\/strong>Mechanische Bauaufsicht bei der Pr\u00fcfung eines biomassebefeuerten Kessels.<\/div>\n<div>&nbsp;<\/div>\n<div><span style=\"font-weight: bolder;\">Land: <\/span>D\u00e4nemark<\/div>\n<div><span style=\"font-weight: bolder;\">\u00dcber:&nbsp;<\/span>Mechanische Bauaufsicht bei der Pr\u00fcfung des Rosts in einem biomassebefeuerten Kessel.<\/div>\n<div>&nbsp;<\/div>\n<div><strong>Land:&nbsp;<\/strong>Frankreich<br><strong>\u00dcber:&nbsp;<\/strong>Elektroingenieur f\u00fcr QA\/QC bei der Errichtung eines biomassebefeuerten Kraftwerks.<\/div>\n<div>&nbsp;<\/div>\n<div><strong>Country:&nbsp;<\/strong>France<br><strong>About: <\/strong>Electrical supervisor for QA\/QC of cable work on biomass-fired boiler.<\/div>\n<div>&nbsp;<\/div>\n<div><strong>Land:&nbsp;<\/strong>Frankreich<\/div>\n<div><strong>Projekt:<\/strong> Inbetriebnahmeingenieur f\u00fcr elektrische QA\/QC, Dokumentenmanagement, As-Built-Dokumentation und Cold Commissioning in einem Biomassekraftwerk.<\/div>\n<div>&nbsp;<\/div>\n<div><strong>Land:&nbsp;<\/strong>Norway<br><strong>Projekt: <\/strong>Site Manager f\u00fcr den Bau einer Green-Energy-Anlage<\/div>\n<div>&nbsp;<\/div>\n<div><strong>Land:&nbsp;<\/strong>Ukraine<br><strong>Projekt: <\/strong>Supervisor und Inbetriebnahmeingenieur f\u00fcr eine Dekarbonisierungsanlage in einer Biogasanlage.<\/div>\n<h2>Ausgew\u00e4hlte Projekte 2023<\/h2>\n<p><strong>Land:&nbsp;<\/strong>D\u00e4nemark<br><strong>Projekt:&nbsp;<\/strong>Leitender Installationsingenieur f\u00fcr den Bau einer LGB-Anlage<\/p>\n<p><strong>Land:&nbsp;<\/strong>D\u00e4nemark<br><strong>Projekt:&nbsp;<\/strong>Rohrschwei\u00dfer f\u00fcr die Pr\u00fcfung eines Biomassekessels.<\/p>\n<p><strong>Land:&nbsp;<\/strong>D\u00e4nemark<br><strong>Projekt: <\/strong>Inbetriebnahmeingenieur f\u00fcr Carbon-Capture-Technologien, spezialisiert auf Erweiterungen von Biogasanlagen zur Dekarbonisierung von Biogas.&nbsp;<\/p>\n<p><strong>Land:&nbsp;<\/strong>D\u00e4nemark<br><strong>Projekt:&nbsp;<\/strong>Site Supervisor f\u00fcr die Installation s\u00e4mtlicher Rohrleitungen bei einer Dekarbonisierungs-Erweiterung einer Biogasanlage.<\/p>\n<p><strong>Land:&nbsp;<\/strong>D\u00e4nemark<br><strong>Projekt:&nbsp;<\/strong>Mechanische \u00dcberwachung der Pr\u00fcfung eines Biomassekraftwerks<\/p>\n<p><strong>Land:&nbsp;<\/strong>Schweden<br><strong>Projekt:&nbsp;<\/strong>Mechanischer Supervisor f\u00fcr die Installation von Einzugssystem und Rost in einem Rostfeuerungskessel<\/p>\n<p><strong>Land:&nbsp;<\/strong>Schweden<br><strong>Projekt:&nbsp;<\/strong>TIG-Schwei\u00dfer f\u00fcr die Pr\u00fcfung eines Biomassekraftwerks.&nbsp;<\/p>\n<p><strong>Land:&nbsp;<\/strong>Gro\u00dfbritannien<br><strong>Projekt: <\/strong>O&amp;M-Manager und Anlagenleiter f\u00fcr den Betrieb eines neu errichteten Biomassekraftwerks.<\/p>\n<h1>Ausgew\u00e4hlte Projekte 2022<\/h1>\n<p><strong>Land:&nbsp;<\/strong>Frankreich<br><strong>Projekt:&nbsp;<\/strong>Elektrosupervisor f\u00fcr die Installation eines Biomassekraftwerks<\/p>\n<p><strong>Land:&nbsp;<\/strong>T\u00fcrkei<br><strong>Projekt: <\/strong>Inbetriebnahmeingenieur f\u00fcr das Hot Commissioning eines Biomassekraftwerks.<\/p>\n<p><strong>Kontaktieren Sie uns gerne f\u00fcr konkrete Referenzen aus der Kraftwerksindustrie. <\/strong><\/p>\t\t\t\t\t\t\t\t<\/div>\n\t\t\t\t<\/div>\n\t\t\t\t\t<\/div>\n\t\t\t\t<\/div>\n\t\t\t\t<\/div>\n\t\t","protected":false},"excerpt":{"rendered":"<p>Hervorgehobene Projekte 2025 Land:&nbsp;\u00c4gyptenAbout:&nbsp;Prozessingenieur f\u00fcr den Betrieb einer Wasserstoffanlage Land: Netherland\u00dcber: Rechenzentrum und Notstromgenerator Hervorgehobene Projekte 2024 Land:&nbsp;D\u00e4nemark\u00dcber: Mechanische Bauaufsicht bei der Pr\u00fcfung eines biomassebefeuerten Kessels. &nbsp; Land: D\u00e4nemark \u00dcber:&nbsp;Mechanische Bauaufsicht bei der Pr\u00fcfung des Rosts in einem biomassebefeuerten Kessel. &nbsp; Land:&nbsp;Frankreich\u00dcber:&nbsp;Elektroingenieur f\u00fcr QA\/QC bei der Errichtung eines biomassebefeuerten Kraftwerks. &nbsp; Country:&nbsp;FranceAbout: Electrical supervisor for [&hellip;]<\/p>\n","protected":false},"author":2,"featured_media":8192,"parent":11492,"menu_order":0,"comment_status":"closed","ping_status":"closed","template":"","meta":{"content-type":"","footnotes":""},"class_list":["post-11507","page","type-page","status-publish","has-post-thumbnail","hentry"],"yoast_head":"<!-- This site is optimized with the Yoast SEO plugin v27.5 - https:\/\/yoast.com\/product\/yoast-seo-wordpress\/ -->\n<title>Referenzen: Ausgew\u00e4hlte Projekte in der Kraftwerksindustrie<\/title>\n<meta name=\"description\" content=\"Entdecken Sie ausgew\u00e4hlte Projekte, die wir weltweit f\u00fcr unsere Kunden in der Kraftwerksindustrie begleitet haben \u2192\" \/>\n<meta name=\"robots\" content=\"index, follow, max-snippet:-1, max-image-preview:large, max-video-preview:-1\" \/>\n<link rel=\"canonical\" href=\"https:\/\/plant-supervision.com\/de\/referenzen\/power-plant\/\" \/>\n<meta property=\"og:locale\" content=\"de_DE\" \/>\n<meta property=\"og:type\" content=\"article\" \/>\n<meta property=\"og:title\" content=\"Referenzen: Ausgew\u00e4hlte Projekte in der Kraftwerksindustrie\" \/>\n<meta property=\"og:description\" content=\"Entdecken Sie ausgew\u00e4hlte Projekte, die wir weltweit f\u00fcr unsere Kunden in der Kraftwerksindustrie begleitet haben \u2192\" \/>\n<meta property=\"og:url\" content=\"https:\/\/plant-supervision.com\/de\/referenzen\/power-plant\/\" \/>\n<meta property=\"og:site_name\" content=\"Plant Supervision\" \/>\n<meta property=\"article:modified_time\" content=\"2025-06-19T08:00:11+00:00\" \/>\n<meta property=\"og:image\" content=\"https:\/\/plant-supervision.com\/wp-content\/uploads\/2024\/01\/power-plant.jpg\" \/>\n\t<meta property=\"og:image:width\" content=\"750\" \/>\n\t<meta property=\"og:image:height\" content=\"750\" \/>\n\t<meta property=\"og:image:type\" content=\"image\/jpeg\" \/>\n<meta name=\"twitter:card\" content=\"summary_large_image\" \/>\n<meta name=\"twitter:label1\" content=\"Gesch\u00e4tzte Lesezeit\" \/>\n\t<meta name=\"twitter:data1\" content=\"1\u00a0Minute\" \/>\n<script type=\"application\/ld+json\" class=\"yoast-schema-graph\">{\"@context\":\"https:\\\/\\\/schema.org\",\"@graph\":[{\"@type\":\"WebPage\",\"@id\":\"https:\\\/\\\/plant-supervision.com\\\/de\\\/referenzen\\\/power-plant\\\/\",\"url\":\"https:\\\/\\\/plant-supervision.com\\\/de\\\/referenzen\\\/power-plant\\\/\",\"name\":\"Referenzen: Ausgew\u00e4hlte Projekte in der Kraftwerksindustrie\",\"isPartOf\":{\"@id\":\"https:\\\/\\\/plantsupervision.web07.tigermedia.eu\\\/#website\"},\"primaryImageOfPage\":{\"@id\":\"https:\\\/\\\/plant-supervision.com\\\/de\\\/referenzen\\\/power-plant\\\/#primaryimage\"},\"image\":{\"@id\":\"https:\\\/\\\/plant-supervision.com\\\/de\\\/referenzen\\\/power-plant\\\/#primaryimage\"},\"thumbnailUrl\":\"https:\\\/\\\/plant-supervision.com\\\/wp-content\\\/uploads\\\/2024\\\/01\\\/power-plant.jpg\",\"datePublished\":\"2024-01-25T08:43:02+00:00\",\"dateModified\":\"2025-06-19T08:00:11+00:00\",\"description\":\"Entdecken Sie ausgew\u00e4hlte Projekte, die wir weltweit f\u00fcr unsere Kunden in der Kraftwerksindustrie begleitet haben \u2192\",\"breadcrumb\":{\"@id\":\"https:\\\/\\\/plant-supervision.com\\\/de\\\/referenzen\\\/power-plant\\\/#breadcrumb\"},\"inLanguage\":\"de\",\"potentialAction\":[{\"@type\":\"ReadAction\",\"target\":[\"https:\\\/\\\/plant-supervision.com\\\/de\\\/referenzen\\\/power-plant\\\/\"]}]},{\"@type\":\"ImageObject\",\"inLanguage\":\"de\",\"@id\":\"https:\\\/\\\/plant-supervision.com\\\/de\\\/referenzen\\\/power-plant\\\/#primaryimage\",\"url\":\"https:\\\/\\\/plant-supervision.com\\\/wp-content\\\/uploads\\\/2024\\\/01\\\/power-plant.jpg\",\"contentUrl\":\"https:\\\/\\\/plant-supervision.com\\\/wp-content\\\/uploads\\\/2024\\\/01\\\/power-plant.jpg\",\"width\":750,\"height\":750},{\"@type\":\"BreadcrumbList\",\"@id\":\"https:\\\/\\\/plant-supervision.com\\\/de\\\/referenzen\\\/power-plant\\\/#breadcrumb\",\"itemListElement\":[{\"@type\":\"ListItem\",\"position\":1,\"name\":\"Home\",\"item\":\"https:\\\/\\\/plant-supervision.com\\\/de\\\/\"},{\"@type\":\"ListItem\",\"position\":2,\"name\":\"Referenzen\",\"item\":\"https:\\\/\\\/plant-supervision.com\\\/de\\\/referenzen\\\/\"},{\"@type\":\"ListItem\",\"position\":3,\"name\":\"Power Plant\"}]},{\"@type\":\"WebSite\",\"@id\":\"https:\\\/\\\/plantsupervision.web07.tigermedia.eu\\\/#website\",\"url\":\"https:\\\/\\\/plantsupervision.web07.tigermedia.eu\\\/\",\"name\":\"Plant Supervision\",\"description\":\"\",\"publisher\":{\"@id\":\"https:\\\/\\\/plantsupervision.web07.tigermedia.eu\\\/#organization\"},\"potentialAction\":[{\"@type\":\"SearchAction\",\"target\":{\"@type\":\"EntryPoint\",\"urlTemplate\":\"https:\\\/\\\/plantsupervision.web07.tigermedia.eu\\\/?s={search_term_string}\"},\"query-input\":{\"@type\":\"PropertyValueSpecification\",\"valueRequired\":true,\"valueName\":\"search_term_string\"}}],\"inLanguage\":\"de\"},{\"@type\":\"Organization\",\"@id\":\"https:\\\/\\\/plantsupervision.web07.tigermedia.eu\\\/#organization\",\"name\":\"Plant Supervision\",\"url\":\"https:\\\/\\\/plantsupervision.web07.tigermedia.eu\\\/\",\"logo\":{\"@type\":\"ImageObject\",\"inLanguage\":\"de\",\"@id\":\"https:\\\/\\\/plantsupervision.web07.tigermedia.eu\\\/#\\\/schema\\\/logo\\\/image\\\/\",\"url\":\"https:\\\/\\\/plant-supervision.com\\\/wp-content\\\/uploads\\\/2023\\\/11\\\/ps_logo_blue.svg\",\"contentUrl\":\"https:\\\/\\\/plant-supervision.com\\\/wp-content\\\/uploads\\\/2023\\\/11\\\/ps_logo_blue.svg\",\"width\":549,\"height\":121,\"caption\":\"Plant Supervision\"},\"image\":{\"@id\":\"https:\\\/\\\/plantsupervision.web07.tigermedia.eu\\\/#\\\/schema\\\/logo\\\/image\\\/\"},\"sameAs\":[\"https:\\\/\\\/www.linkedin.com\\\/company\\\/plant-supervision\\\/\"]}]}<\/script>\n<!-- \/ Yoast SEO plugin. -->","yoast_head_json":{"title":"Referenzen: Ausgew\u00e4hlte Projekte in der Kraftwerksindustrie","description":"Entdecken Sie ausgew\u00e4hlte Projekte, die wir weltweit f\u00fcr unsere Kunden in der Kraftwerksindustrie begleitet haben \u2192","robots":{"index":"index","follow":"follow","max-snippet":"max-snippet:-1","max-image-preview":"max-image-preview:large","max-video-preview":"max-video-preview:-1"},"canonical":"https:\/\/plant-supervision.com\/de\/referenzen\/power-plant\/","og_locale":"de_DE","og_type":"article","og_title":"Referenzen: Ausgew\u00e4hlte Projekte in der Kraftwerksindustrie","og_description":"Entdecken Sie ausgew\u00e4hlte Projekte, die wir weltweit f\u00fcr unsere Kunden in der Kraftwerksindustrie begleitet haben \u2192","og_url":"https:\/\/plant-supervision.com\/de\/referenzen\/power-plant\/","og_site_name":"Plant Supervision","article_modified_time":"2025-06-19T08:00:11+00:00","og_image":[{"width":750,"height":750,"url":"https:\/\/plant-supervision.com\/wp-content\/uploads\/2024\/01\/power-plant.jpg","type":"image\/jpeg"}],"twitter_card":"summary_large_image","twitter_misc":{"Gesch\u00e4tzte Lesezeit":"1\u00a0Minute"},"schema":{"@context":"https:\/\/schema.org","@graph":[{"@type":"WebPage","@id":"https:\/\/plant-supervision.com\/de\/referenzen\/power-plant\/","url":"https:\/\/plant-supervision.com\/de\/referenzen\/power-plant\/","name":"Referenzen: Ausgew\u00e4hlte Projekte in der Kraftwerksindustrie","isPartOf":{"@id":"https:\/\/plantsupervision.web07.tigermedia.eu\/#website"},"primaryImageOfPage":{"@id":"https:\/\/plant-supervision.com\/de\/referenzen\/power-plant\/#primaryimage"},"image":{"@id":"https:\/\/plant-supervision.com\/de\/referenzen\/power-plant\/#primaryimage"},"thumbnailUrl":"https:\/\/plant-supervision.com\/wp-content\/uploads\/2024\/01\/power-plant.jpg","datePublished":"2024-01-25T08:43:02+00:00","dateModified":"2025-06-19T08:00:11+00:00","description":"Entdecken Sie ausgew\u00e4hlte Projekte, die wir weltweit f\u00fcr unsere Kunden in der Kraftwerksindustrie begleitet haben \u2192","breadcrumb":{"@id":"https:\/\/plant-supervision.com\/de\/referenzen\/power-plant\/#breadcrumb"},"inLanguage":"de","potentialAction":[{"@type":"ReadAction","target":["https:\/\/plant-supervision.com\/de\/referenzen\/power-plant\/"]}]},{"@type":"ImageObject","inLanguage":"de","@id":"https:\/\/plant-supervision.com\/de\/referenzen\/power-plant\/#primaryimage","url":"https:\/\/plant-supervision.com\/wp-content\/uploads\/2024\/01\/power-plant.jpg","contentUrl":"https:\/\/plant-supervision.com\/wp-content\/uploads\/2024\/01\/power-plant.jpg","width":750,"height":750},{"@type":"BreadcrumbList","@id":"https:\/\/plant-supervision.com\/de\/referenzen\/power-plant\/#breadcrumb","itemListElement":[{"@type":"ListItem","position":1,"name":"Home","item":"https:\/\/plant-supervision.com\/de\/"},{"@type":"ListItem","position":2,"name":"Referenzen","item":"https:\/\/plant-supervision.com\/de\/referenzen\/"},{"@type":"ListItem","position":3,"name":"Power Plant"}]},{"@type":"WebSite","@id":"https:\/\/plantsupervision.web07.tigermedia.eu\/#website","url":"https:\/\/plantsupervision.web07.tigermedia.eu\/","name":"Plant Supervision","description":"","publisher":{"@id":"https:\/\/plantsupervision.web07.tigermedia.eu\/#organization"},"potentialAction":[{"@type":"SearchAction","target":{"@type":"EntryPoint","urlTemplate":"https:\/\/plantsupervision.web07.tigermedia.eu\/?s={search_term_string}"},"query-input":{"@type":"PropertyValueSpecification","valueRequired":true,"valueName":"search_term_string"}}],"inLanguage":"de"},{"@type":"Organization","@id":"https:\/\/plantsupervision.web07.tigermedia.eu\/#organization","name":"Plant Supervision","url":"https:\/\/plantsupervision.web07.tigermedia.eu\/","logo":{"@type":"ImageObject","inLanguage":"de","@id":"https:\/\/plantsupervision.web07.tigermedia.eu\/#\/schema\/logo\/image\/","url":"https:\/\/plant-supervision.com\/wp-content\/uploads\/2023\/11\/ps_logo_blue.svg","contentUrl":"https:\/\/plant-supervision.com\/wp-content\/uploads\/2023\/11\/ps_logo_blue.svg","width":549,"height":121,"caption":"Plant Supervision"},"image":{"@id":"https:\/\/plantsupervision.web07.tigermedia.eu\/#\/schema\/logo\/image\/"},"sameAs":["https:\/\/www.linkedin.com\/company\/plant-supervision\/"]}]}},"_links":{"self":[{"href":"https:\/\/plant-supervision.com\/de\/wp-json\/wp\/v2\/pages\/11507","targetHints":{"allow":["GET"]}}],"collection":[{"href":"https:\/\/plant-supervision.com\/de\/wp-json\/wp\/v2\/pages"}],"about":[{"href":"https:\/\/plant-supervision.com\/de\/wp-json\/wp\/v2\/types\/page"}],"author":[{"embeddable":true,"href":"https:\/\/plant-supervision.com\/de\/wp-json\/wp\/v2\/users\/2"}],"replies":[{"embeddable":true,"href":"https:\/\/plant-supervision.com\/de\/wp-json\/wp\/v2\/comments?post=11507"}],"version-history":[{"count":1,"href":"https:\/\/plant-supervision.com\/de\/wp-json\/wp\/v2\/pages\/11507\/revisions"}],"predecessor-version":[{"id":11508,"href":"https:\/\/plant-supervision.com\/de\/wp-json\/wp\/v2\/pages\/11507\/revisions\/11508"}],"up":[{"embeddable":true,"href":"https:\/\/plant-supervision.com\/de\/wp-json\/wp\/v2\/pages\/11492"}],"wp:featuredmedia":[{"embeddable":true,"href":"https:\/\/plant-supervision.com\/de\/wp-json\/wp\/v2\/media\/8192"}],"wp:attachment":[{"href":"https:\/\/plant-supervision.com\/de\/wp-json\/wp\/v2\/media?parent=11507"}],"curies":[{"name":"wp","href":"https:\/\/api.w.org\/{rel}","templated":true}]}}