{"id":11464,"date":"2024-01-25T08:40:55","date_gmt":"2024-01-25T08:40:55","guid":{"rendered":"https:\/\/plant-supervision.com\/power-to-x\/"},"modified":"2025-06-19T07:19:54","modified_gmt":"2025-06-19T07:19:54","slug":"power-to-x","status":"publish","type":"page","link":"https:\/\/plant-supervision.com\/de\/referenzen\/power-to-x\/","title":{"rendered":"Power-to-x"},"content":{"rendered":"\t\t<div data-elementor-type=\"wp-page\" data-elementor-id=\"11464\" class=\"elementor elementor-11464 elementor-1053\" data-elementor-post-type=\"page\">\n\t\t\t\t<div class=\"elementor-element elementor-element-1a47b2b0 e-flex e-con-boxed e-con e-parent\" data-id=\"1a47b2b0\" data-element_type=\"container\" data-e-type=\"container\" data-settings=\"{&quot;jet_parallax_layout_list&quot;:[]}\">\n\t\t\t\t\t<div class=\"e-con-inner\">\n\t\t\t\t<div class=\"elementor-element elementor-element-486178ac elementor-widget elementor-widget-text-editor\" data-id=\"486178ac\" data-element_type=\"widget\" data-e-type=\"widget\" data-widget_type=\"text-editor.default\">\n\t\t\t\t<div class=\"elementor-widget-container\">\n\t\t\t\t\t\t\t\t\t<h2>Ausgew\u00e4hlte Projekte 2024<\/h2><p><strong>Land: <\/strong>D\u00e4nemark<br><strong>Projekt:<\/strong> Ein Team aus leitenden Inbetriebnahmeingenieuren und Elektrosupervisoren f\u00fcr den Bau einer gro\u00dftechnischen E-Methanol-Anlage.<\/p><p><strong>Land:<\/strong> D\u00e4nemark<br><strong>Projekt:<\/strong> Bedienpersonal f\u00fcr eine Testanlage zur Elektrolyse.<\/p><p><strong>Land: <\/strong>D\u00e4nemark<br><strong>Projekt: <\/strong>Elektrosupervisor f\u00fcr die Kabelinstallation in einer E-Methanol-Anlage.<\/p><p><span style=\"font-weight: bolder;\">Land:<\/span> D\u00e4nemark<br><span style=\"font-weight: bolder;\">Projekt:<\/span> Elektroingenieur, Field Supervisor und HSE-Manager f\u00fcr die Qualit\u00e4tskontrolle beim Bau einer Wasserstoffanlage.<\/p><h2>Ausgew\u00e4hlte Projekte 2023<\/h2><p><strong>Land: <\/strong>D\u00e4nemark<br><strong>Projekt: <\/strong>Inbetriebnahmeingenieur f\u00fcr die Installation von Elektrolyseuren \u2013 inklusive FAT-Tests, Fernbetrieb und praktischer Instandsetzung. <\/p><p><strong>Land: <\/strong>Niederlande<br><strong>Projekt:<\/strong> Supervisor f\u00fcr die mechanische Aufr\u00fcstung modularer Elektrolyseure.<\/p><p><strong>Land: <\/strong>Norwegen<br><strong>Projekt: <\/strong>Inbetriebnahmeingenieur f\u00fcr modulare Elektrolyseure \u2013 inklusive SAT (Site Acceptance Test).<\/p><p><strong>Land: <\/strong>Norwegen<br><strong>Projekt:<\/strong> Supervisor f\u00fcr den Service modularer Elektrolyseure.<\/p><p><strong>Land: <\/strong>Gro\u00dfbritannien<br><strong>Projekt: <\/strong>Inbetriebnahmeingenieur f\u00fcr modulare Elektrolyseure \u2013 inklusive SAT (Site Acceptance Test).<\/p><p><strong>Kontaktieren Sie uns gerne f\u00fcr konkrete Referenzen aus der Power-to-X-Industrie. <\/strong><\/p>\t\t\t\t\t\t\t\t<\/div>\n\t\t\t\t<\/div>\n\t\t\t\t\t<\/div>\n\t\t\t\t<\/div>\n\t\t\t\t<\/div>\n\t\t","protected":false},"excerpt":{"rendered":"<p>Ausgew\u00e4hlte Projekte 2024 Land: D\u00e4nemarkProjekt: Ein Team aus leitenden Inbetriebnahmeingenieuren und Elektrosupervisoren f\u00fcr den Bau einer gro\u00dftechnischen E-Methanol-Anlage. Land: D\u00e4nemarkProjekt: Bedienpersonal f\u00fcr eine Testanlage zur Elektrolyse. Land: D\u00e4nemarkProjekt: Elektrosupervisor f\u00fcr die Kabelinstallation in einer E-Methanol-Anlage. Land: D\u00e4nemarkProjekt: Elektroingenieur, Field Supervisor und HSE-Manager f\u00fcr die Qualit\u00e4tskontrolle beim Bau einer Wasserstoffanlage. Ausgew\u00e4hlte Projekte 2023 Land: D\u00e4nemarkProjekt: Inbetriebnahmeingenieur [&hellip;]<\/p>\n","protected":false},"author":2,"featured_media":11465,"parent":11492,"menu_order":0,"comment_status":"closed","ping_status":"closed","template":"","meta":{"content-type":"","footnotes":""},"class_list":["post-11464","page","type-page","status-publish","has-post-thumbnail","hentry"],"yoast_head":"<!-- This site is optimized with the Yoast SEO plugin v27.5 - https:\/\/yoast.com\/product\/yoast-seo-wordpress\/ -->\n<title>Referenzen: Ausgew\u00e4hlte Projekte in der Power-to-X-Industrie<\/title>\n<meta name=\"description\" content=\"Entdecken Sie ausgew\u00e4hlte Projekte, die wir weltweit f\u00fcr unsere Kunden in der Power-to-X-Industrie begleitet haben \u2192\" \/>\n<meta name=\"robots\" content=\"index, follow, max-snippet:-1, max-image-preview:large, max-video-preview:-1\" \/>\n<link rel=\"canonical\" href=\"https:\/\/plant-supervision.com\/de\/referenzen\/power-to-x\/\" \/>\n<meta property=\"og:locale\" content=\"de_DE\" \/>\n<meta property=\"og:type\" content=\"article\" \/>\n<meta property=\"og:title\" content=\"Referenzen: Ausgew\u00e4hlte Projekte in der Power-to-X-Industrie\" \/>\n<meta property=\"og:description\" content=\"Entdecken Sie ausgew\u00e4hlte Projekte, die wir weltweit f\u00fcr unsere Kunden in der Power-to-X-Industrie begleitet haben \u2192\" \/>\n<meta property=\"og:url\" content=\"https:\/\/plant-supervision.com\/de\/referenzen\/power-to-x\/\" \/>\n<meta property=\"og:site_name\" content=\"Plant Supervision\" \/>\n<meta property=\"article:modified_time\" content=\"2025-06-19T07:19:54+00:00\" \/>\n<meta property=\"og:image\" content=\"https:\/\/plant-supervision.com\/wp-content\/uploads\/2024\/01\/power-to-x-1.jpg\" \/>\n\t<meta property=\"og:image:width\" content=\"750\" \/>\n\t<meta property=\"og:image:height\" content=\"750\" \/>\n\t<meta property=\"og:image:type\" content=\"image\/jpeg\" \/>\n<meta name=\"twitter:card\" content=\"summary_large_image\" \/>\n<meta name=\"twitter:label1\" content=\"Gesch\u00e4tzte Lesezeit\" \/>\n\t<meta name=\"twitter:data1\" content=\"1\u00a0Minute\" \/>\n<script type=\"application\/ld+json\" class=\"yoast-schema-graph\">{\"@context\":\"https:\\\/\\\/schema.org\",\"@graph\":[{\"@type\":\"WebPage\",\"@id\":\"https:\\\/\\\/plant-supervision.com\\\/de\\\/referenzen\\\/power-to-x\\\/\",\"url\":\"https:\\\/\\\/plant-supervision.com\\\/de\\\/referenzen\\\/power-to-x\\\/\",\"name\":\"Referenzen: Ausgew\u00e4hlte Projekte in der Power-to-X-Industrie\",\"isPartOf\":{\"@id\":\"https:\\\/\\\/plantsupervision.web07.tigermedia.eu\\\/#website\"},\"primaryImageOfPage\":{\"@id\":\"https:\\\/\\\/plant-supervision.com\\\/de\\\/referenzen\\\/power-to-x\\\/#primaryimage\"},\"image\":{\"@id\":\"https:\\\/\\\/plant-supervision.com\\\/de\\\/referenzen\\\/power-to-x\\\/#primaryimage\"},\"thumbnailUrl\":\"https:\\\/\\\/plant-supervision.com\\\/wp-content\\\/uploads\\\/2024\\\/01\\\/power-to-x-1.jpg\",\"datePublished\":\"2024-01-25T08:40:55+00:00\",\"dateModified\":\"2025-06-19T07:19:54+00:00\",\"description\":\"Entdecken Sie ausgew\u00e4hlte Projekte, die wir weltweit f\u00fcr unsere Kunden in der Power-to-X-Industrie begleitet haben \u2192\",\"breadcrumb\":{\"@id\":\"https:\\\/\\\/plant-supervision.com\\\/de\\\/referenzen\\\/power-to-x\\\/#breadcrumb\"},\"inLanguage\":\"de\",\"potentialAction\":[{\"@type\":\"ReadAction\",\"target\":[\"https:\\\/\\\/plant-supervision.com\\\/de\\\/referenzen\\\/power-to-x\\\/\"]}]},{\"@type\":\"ImageObject\",\"inLanguage\":\"de\",\"@id\":\"https:\\\/\\\/plant-supervision.com\\\/de\\\/referenzen\\\/power-to-x\\\/#primaryimage\",\"url\":\"https:\\\/\\\/plant-supervision.com\\\/wp-content\\\/uploads\\\/2024\\\/01\\\/power-to-x-1.jpg\",\"contentUrl\":\"https:\\\/\\\/plant-supervision.com\\\/wp-content\\\/uploads\\\/2024\\\/01\\\/power-to-x-1.jpg\",\"width\":750,\"height\":750},{\"@type\":\"BreadcrumbList\",\"@id\":\"https:\\\/\\\/plant-supervision.com\\\/de\\\/referenzen\\\/power-to-x\\\/#breadcrumb\",\"itemListElement\":[{\"@type\":\"ListItem\",\"position\":1,\"name\":\"Home\",\"item\":\"https:\\\/\\\/plant-supervision.com\\\/de\\\/\"},{\"@type\":\"ListItem\",\"position\":2,\"name\":\"Referenzen\",\"item\":\"https:\\\/\\\/plant-supervision.com\\\/de\\\/referenzen\\\/\"},{\"@type\":\"ListItem\",\"position\":3,\"name\":\"Power-to-x\"}]},{\"@type\":\"WebSite\",\"@id\":\"https:\\\/\\\/plantsupervision.web07.tigermedia.eu\\\/#website\",\"url\":\"https:\\\/\\\/plantsupervision.web07.tigermedia.eu\\\/\",\"name\":\"Plant Supervision\",\"description\":\"\",\"publisher\":{\"@id\":\"https:\\\/\\\/plantsupervision.web07.tigermedia.eu\\\/#organization\"},\"potentialAction\":[{\"@type\":\"SearchAction\",\"target\":{\"@type\":\"EntryPoint\",\"urlTemplate\":\"https:\\\/\\\/plantsupervision.web07.tigermedia.eu\\\/?s={search_term_string}\"},\"query-input\":{\"@type\":\"PropertyValueSpecification\",\"valueRequired\":true,\"valueName\":\"search_term_string\"}}],\"inLanguage\":\"de\"},{\"@type\":\"Organization\",\"@id\":\"https:\\\/\\\/plantsupervision.web07.tigermedia.eu\\\/#organization\",\"name\":\"Plant Supervision\",\"url\":\"https:\\\/\\\/plantsupervision.web07.tigermedia.eu\\\/\",\"logo\":{\"@type\":\"ImageObject\",\"inLanguage\":\"de\",\"@id\":\"https:\\\/\\\/plantsupervision.web07.tigermedia.eu\\\/#\\\/schema\\\/logo\\\/image\\\/\",\"url\":\"https:\\\/\\\/plant-supervision.com\\\/wp-content\\\/uploads\\\/2023\\\/11\\\/ps_logo_blue.svg\",\"contentUrl\":\"https:\\\/\\\/plant-supervision.com\\\/wp-content\\\/uploads\\\/2023\\\/11\\\/ps_logo_blue.svg\",\"width\":549,\"height\":121,\"caption\":\"Plant Supervision\"},\"image\":{\"@id\":\"https:\\\/\\\/plantsupervision.web07.tigermedia.eu\\\/#\\\/schema\\\/logo\\\/image\\\/\"},\"sameAs\":[\"https:\\\/\\\/www.linkedin.com\\\/company\\\/plant-supervision\\\/\"]}]}<\/script>\n<!-- \/ Yoast SEO plugin. -->","yoast_head_json":{"title":"Referenzen: Ausgew\u00e4hlte Projekte in der Power-to-X-Industrie","description":"Entdecken Sie ausgew\u00e4hlte Projekte, die wir weltweit f\u00fcr unsere Kunden in der Power-to-X-Industrie begleitet haben \u2192","robots":{"index":"index","follow":"follow","max-snippet":"max-snippet:-1","max-image-preview":"max-image-preview:large","max-video-preview":"max-video-preview:-1"},"canonical":"https:\/\/plant-supervision.com\/de\/referenzen\/power-to-x\/","og_locale":"de_DE","og_type":"article","og_title":"Referenzen: Ausgew\u00e4hlte Projekte in der Power-to-X-Industrie","og_description":"Entdecken Sie ausgew\u00e4hlte Projekte, die wir weltweit f\u00fcr unsere Kunden in der Power-to-X-Industrie begleitet haben \u2192","og_url":"https:\/\/plant-supervision.com\/de\/referenzen\/power-to-x\/","og_site_name":"Plant Supervision","article_modified_time":"2025-06-19T07:19:54+00:00","og_image":[{"width":750,"height":750,"url":"https:\/\/plant-supervision.com\/wp-content\/uploads\/2024\/01\/power-to-x-1.jpg","type":"image\/jpeg"}],"twitter_card":"summary_large_image","twitter_misc":{"Gesch\u00e4tzte Lesezeit":"1\u00a0Minute"},"schema":{"@context":"https:\/\/schema.org","@graph":[{"@type":"WebPage","@id":"https:\/\/plant-supervision.com\/de\/referenzen\/power-to-x\/","url":"https:\/\/plant-supervision.com\/de\/referenzen\/power-to-x\/","name":"Referenzen: Ausgew\u00e4hlte Projekte in der Power-to-X-Industrie","isPartOf":{"@id":"https:\/\/plantsupervision.web07.tigermedia.eu\/#website"},"primaryImageOfPage":{"@id":"https:\/\/plant-supervision.com\/de\/referenzen\/power-to-x\/#primaryimage"},"image":{"@id":"https:\/\/plant-supervision.com\/de\/referenzen\/power-to-x\/#primaryimage"},"thumbnailUrl":"https:\/\/plant-supervision.com\/wp-content\/uploads\/2024\/01\/power-to-x-1.jpg","datePublished":"2024-01-25T08:40:55+00:00","dateModified":"2025-06-19T07:19:54+00:00","description":"Entdecken Sie ausgew\u00e4hlte Projekte, die wir weltweit f\u00fcr unsere Kunden in der Power-to-X-Industrie begleitet haben \u2192","breadcrumb":{"@id":"https:\/\/plant-supervision.com\/de\/referenzen\/power-to-x\/#breadcrumb"},"inLanguage":"de","potentialAction":[{"@type":"ReadAction","target":["https:\/\/plant-supervision.com\/de\/referenzen\/power-to-x\/"]}]},{"@type":"ImageObject","inLanguage":"de","@id":"https:\/\/plant-supervision.com\/de\/referenzen\/power-to-x\/#primaryimage","url":"https:\/\/plant-supervision.com\/wp-content\/uploads\/2024\/01\/power-to-x-1.jpg","contentUrl":"https:\/\/plant-supervision.com\/wp-content\/uploads\/2024\/01\/power-to-x-1.jpg","width":750,"height":750},{"@type":"BreadcrumbList","@id":"https:\/\/plant-supervision.com\/de\/referenzen\/power-to-x\/#breadcrumb","itemListElement":[{"@type":"ListItem","position":1,"name":"Home","item":"https:\/\/plant-supervision.com\/de\/"},{"@type":"ListItem","position":2,"name":"Referenzen","item":"https:\/\/plant-supervision.com\/de\/referenzen\/"},{"@type":"ListItem","position":3,"name":"Power-to-x"}]},{"@type":"WebSite","@id":"https:\/\/plantsupervision.web07.tigermedia.eu\/#website","url":"https:\/\/plantsupervision.web07.tigermedia.eu\/","name":"Plant Supervision","description":"","publisher":{"@id":"https:\/\/plantsupervision.web07.tigermedia.eu\/#organization"},"potentialAction":[{"@type":"SearchAction","target":{"@type":"EntryPoint","urlTemplate":"https:\/\/plantsupervision.web07.tigermedia.eu\/?s={search_term_string}"},"query-input":{"@type":"PropertyValueSpecification","valueRequired":true,"valueName":"search_term_string"}}],"inLanguage":"de"},{"@type":"Organization","@id":"https:\/\/plantsupervision.web07.tigermedia.eu\/#organization","name":"Plant Supervision","url":"https:\/\/plantsupervision.web07.tigermedia.eu\/","logo":{"@type":"ImageObject","inLanguage":"de","@id":"https:\/\/plantsupervision.web07.tigermedia.eu\/#\/schema\/logo\/image\/","url":"https:\/\/plant-supervision.com\/wp-content\/uploads\/2023\/11\/ps_logo_blue.svg","contentUrl":"https:\/\/plant-supervision.com\/wp-content\/uploads\/2023\/11\/ps_logo_blue.svg","width":549,"height":121,"caption":"Plant Supervision"},"image":{"@id":"https:\/\/plantsupervision.web07.tigermedia.eu\/#\/schema\/logo\/image\/"},"sameAs":["https:\/\/www.linkedin.com\/company\/plant-supervision\/"]}]}},"_links":{"self":[{"href":"https:\/\/plant-supervision.com\/de\/wp-json\/wp\/v2\/pages\/11464","targetHints":{"allow":["GET"]}}],"collection":[{"href":"https:\/\/plant-supervision.com\/de\/wp-json\/wp\/v2\/pages"}],"about":[{"href":"https:\/\/plant-supervision.com\/de\/wp-json\/wp\/v2\/types\/page"}],"author":[{"embeddable":true,"href":"https:\/\/plant-supervision.com\/de\/wp-json\/wp\/v2\/users\/2"}],"replies":[{"embeddable":true,"href":"https:\/\/plant-supervision.com\/de\/wp-json\/wp\/v2\/comments?post=11464"}],"version-history":[{"count":1,"href":"https:\/\/plant-supervision.com\/de\/wp-json\/wp\/v2\/pages\/11464\/revisions"}],"predecessor-version":[{"id":11466,"href":"https:\/\/plant-supervision.com\/de\/wp-json\/wp\/v2\/pages\/11464\/revisions\/11466"}],"up":[{"embeddable":true,"href":"https:\/\/plant-supervision.com\/de\/wp-json\/wp\/v2\/pages\/11492"}],"wp:featuredmedia":[{"embeddable":true,"href":"https:\/\/plant-supervision.com\/de\/wp-json\/wp\/v2\/media\/11465"}],"wp:attachment":[{"href":"https:\/\/plant-supervision.com\/de\/wp-json\/wp\/v2\/media?parent=11464"}],"curies":[{"name":"wp","href":"https:\/\/api.w.org\/{rel}","templated":true}]}}