{"id":11291,"date":"2023-11-23T10:51:21","date_gmt":"2023-11-23T10:51:21","guid":{"rendered":"https:\/\/plant-supervision.com\/datenschutzerklaerung\/"},"modified":"2025-06-18T07:48:56","modified_gmt":"2025-06-18T07:48:56","slug":"datenschutzerklaerung","status":"publish","type":"page","link":"https:\/\/plant-supervision.com\/de\/datenschutzerklaerung\/","title":{"rendered":"Datenschutzerkl\u00e4rung"},"content":{"rendered":"\t\t<div data-elementor-type=\"wp-page\" data-elementor-id=\"11291\" class=\"elementor elementor-11291 elementor-3\" data-elementor-post-type=\"page\">\n\t\t\t\t<div class=\"elementor-element elementor-element-674d941e e-flex e-con-boxed e-con e-parent\" data-id=\"674d941e\" data-element_type=\"container\" data-e-type=\"container\" data-settings=\"{&quot;jet_parallax_layout_list&quot;:[]}\">\n\t\t\t\t\t<div class=\"e-con-inner\">\n\t\t\t\t<div class=\"elementor-element elementor-element-4f814778 elementor-widget elementor-widget-text-editor\" data-id=\"4f814778\" data-element_type=\"widget\" data-e-type=\"widget\" data-widget_type=\"text-editor.default\">\n\t\t\t\t<div class=\"elementor-widget-container\">\n\t\t\t\t\t\t\t\t\t<h2>Wer sind wir?<\/h2><p>Wir sind:<\/p><p>Plant Supervision ApS<\/p><p>Ved Stranden 9B<br>9000 Aalborg<\/p><p>Att: Thomas Kristensen and John Andersen<\/p><p>Wir sind nicht verpflichtet, einen Datenschutzbeauftragten zu benennen. Daher richten Sie bitte alle Anfragen zu unserer Verwendung Ihrer personenbezogenen Daten an die oben genannten Kontaktdaten.<\/p><h2>Wie wir Ihre Daten verwenden<\/h2><h3>Wenn Sie unsere Website nutzen<\/h3><p>Wenn Sie unsere Website besuchen, werden \u201eCookies\u201c verwendet, um Informationen \u00fcber Sie zu erfassen. Dadurch k\u00f6nnen wir unsere Inhalte anpassen und verbessern. Bei der Erhebung dieser Informationen agieren wir als Verantwortlicher im Sinne des Datenschutzes. Unsere Cookie-Richtlinie finden Sie hier.  <\/p><h3>Wenn Sie \u00fcber unsere Website eine Anfrage stellen<\/h3><p>Wenn Sie \u00fcber unsere Website eine Anfrage stellen, fragen wir Sie nach Ihrem Namen, Firmennamen und Ihrer E-Mail-Adresse. Diese Informationen nutzen wir, um Ihre Anfrage zu beantworten \u2013 einschlie\u00dflich der Bereitstellung angeforderter Informationen zu unseren Produkten und Dienstleistungen. M\u00f6glicherweise kontaktieren wir Sie nach Ihrer Anfrage mehrfach, um Ihr Interesse weiter zu verfolgen und sicherzustellen, dass wir Ihre Fragen zu Ihrer Zufriedenheit beantwortet haben. Dies geschieht auf Grundlage unseres berechtigten Interesses, vor einem m\u00f6glichen Vertragsabschluss korrekte Informationen bereitzustellen.   <\/p><p>Ihre Anfrage wird per E-Mail an die zust\u00e4ndigen Mitarbeitenden in unserem Unternehmen weitergeleitet.<\/p><p>Die von Ihnen bereitgestellten Informationen verwenden wir nicht f\u00fcr automatisierte Entscheidungen, die Sie betreffen k\u00f6nnten. Wir speichern Ihre Anfrage f\u00fcr 6 Monate und l\u00f6schen sie anschlie\u00dfend. <\/p><p>Wenn Sie Ihrer Anfrage Ihren Lebenslauf beif\u00fcgen und damit Interesse an einer T\u00e4tigkeit als Supervisor bekunden, speichern wir Ihre Daten f\u00fcr das laufende Jahr plus weitere drei Jahre. Ihre Daten werden auf einem sicheren internen Server bei uns gespeichert, und nur relevante Mitarbeitende haben Zugriff darauf.<br>Gleichzeitig erteilen Sie uns Ihre Einwilligung, Ihre Informationen an externe Kunden oder Partner weiterzugeben \u2013 im Rahmen unserer Bem\u00fchungen, Vereinbarungen zu einem Supervisor-Projekt zu treffen oder ein solches Projekt zu verwalten.  <\/p><h3>Ihre Rechte als betroffene Person<\/h3><ul><li>Sie haben jederzeit das Recht zu erfahren, welche personenbezogenen Daten wir \u00fcber Sie gespeichert haben, und k\u00f6nnen verlangen, dass unrichtige Daten berichtigt werden.<br>Wenn wir Sie um Ihre Einwilligung zur Verarbeitung Ihrer personenbezogenen Daten gebeten haben, k\u00f6nnen Sie diese Einwilligung jederzeit widerrufen. <\/li><li>Wenn wir Ihre personenbezogenen Daten auf Grundlage Ihrer Einwilligung oder zur Erf\u00fcllung eines Vertrags verarbeiten, k\u00f6nnen Sie von uns verlangen, dass wir Ihnen eine Kopie dieser Daten in einem maschinenlesbaren Format zur Verf\u00fcgung stellen \u2013 damit Sie sie an einen anderen Anbieter \u00fcbertragen k\u00f6nnen.<\/li><li>Wenn wir Ihre personenbezogenen Daten auf Grundlage Ihrer Einwilligung oder eines berechtigten Interesses verarbeiten, k\u00f6nnen Sie die L\u00f6schung Ihrer Daten verlangen.<\/li><\/ul><p>Sie haben das Recht, von uns zu verlangen, die Nutzung Ihrer Daten vor\u00fcbergehend auszusetzen, wenn Sie der Meinung sind, dass wir diese nicht rechtm\u00e4\u00dfig verarbeiten.<\/p><p>Schlie\u00dflich k\u00f6nnen Sie in bestimmten F\u00e4llen verlangen, dass keine Entscheidungen, die Sie betreffen, ausschlie\u00dflich auf automatisierter Verarbeitung oder Profiling beruhen.<\/p><p>Um eine Anfrage zu Ihren personenbezogenen Daten per E-Mail, Post oder Telefon zu stellen, nutzen Sie bitte die im Abschnitt \u201eWer sind wir?\u201c dieser Datenschutzerkl\u00e4rung angegebenen Kontaktdaten.<\/p><h3>Ihr Beschwerderecht<\/h3><p>Wenn Sie eine Beschwerde \u00fcber unseren Umgang mit Ihren Daten haben, w\u00fcrden wir es bevorzugen, wenn Sie sich zun\u00e4chst direkt an uns wenden, damit wir Ihr Anliegen kl\u00e4ren k\u00f6nnen.<br>Sie k\u00f6nnen sich jedoch auch an die d\u00e4nische Aufsichtsbeh\u00f6rde \u201eDatatilsynet\u201c wenden \u2013 \u00fcber deren Website unter www.datatilsynet.dk. <\/p><h2>Aktualisierungen dieser Datenschutzerkl\u00e4rung<\/h2><p>Wir \u00fcberpr\u00fcfen diese Datenschutzerkl\u00e4rung regelm\u00e4\u00dfig und aktualisieren sie bei Bedarf, wenn sich unsere Dienstleistungen oder der Umgang mit personenbezogenen Daten \u00e4ndern.<br>Sollten wir Ihre personenbezogenen Daten in einer Weise verwenden wollen, die bisher nicht vorgesehen war, werden wir Sie dar\u00fcber informieren und \u2013 falls erforderlich \u2013 um Ihre Einwilligung bitten. <\/p><p>Bei jeder \u00c4nderung dieses Dokuments aktualisieren wir die Versionsnummer und das Datum.<\/p><h2>Cookies<\/h2><p><script type=\"text\/javascript\" charset=\"UTF-8\" data-cookiescriptreport=\"report\" src=\"\/\/report.cookie-script.com\/r\/ed48f2d18516005e99fd3e19017c1318.js\"><\/script><br><br><\/p>\t\t\t\t\t\t\t\t<\/div>\n\t\t\t\t<\/div>\n\t\t\t\t\t<\/div>\n\t\t\t\t<\/div>\n\t\t\t\t<\/div>\n\t\t","protected":false},"excerpt":{"rendered":"<p>Wer sind wir? Wir sind: Plant Supervision ApS Ved Stranden 9B9000 Aalborg Att: Thomas Kristensen and John Andersen Wir sind nicht verpflichtet, einen Datenschutzbeauftragten zu benennen. Daher richten Sie bitte alle Anfragen zu unserer Verwendung Ihrer personenbezogenen Daten an die oben genannten Kontaktdaten. Wie wir Ihre Daten verwenden Wenn Sie unsere Website nutzen Wenn Sie [&hellip;]<\/p>\n","protected":false},"author":1,"featured_media":0,"parent":0,"menu_order":0,"comment_status":"closed","ping_status":"closed","template":"","meta":{"content-type":"","footnotes":""},"class_list":["post-11291","page","type-page","status-publish","hentry"],"yoast_head":"<!-- This site is optimized with the Yoast SEO plugin v27.5 - https:\/\/yoast.com\/product\/yoast-seo-wordpress\/ -->\n<title>Datenschutzerkl\u00e4rung -<\/title>\n<meta name=\"description\" content=\"Verstehen Sie die Datenschutzpraktiken von Plant Supervision \u2013 einschlie\u00dflich Datenerhebung, -verwendung und Ihrer Rechte. Erfahren Sie, wie wir Ihre personenbezogenen Daten sch\u00fctzen.\" \/>\n<meta name=\"robots\" content=\"index, follow, max-snippet:-1, max-image-preview:large, max-video-preview:-1\" \/>\n<link rel=\"canonical\" href=\"https:\/\/plant-supervision.com\/de\/datenschutzerklaerung\/\" \/>\n<meta property=\"og:locale\" content=\"de_DE\" \/>\n<meta property=\"og:type\" content=\"article\" \/>\n<meta property=\"og:title\" content=\"Datenschutzerkl\u00e4rung -\" \/>\n<meta property=\"og:description\" content=\"Verstehen Sie die Datenschutzpraktiken von Plant Supervision \u2013 einschlie\u00dflich Datenerhebung, -verwendung und Ihrer Rechte. Erfahren Sie, wie wir Ihre personenbezogenen Daten sch\u00fctzen.\" \/>\n<meta property=\"og:url\" content=\"https:\/\/plant-supervision.com\/de\/datenschutzerklaerung\/\" \/>\n<meta property=\"og:site_name\" content=\"Plant Supervision\" \/>\n<meta property=\"article:modified_time\" content=\"2025-06-18T07:48:56+00:00\" \/>\n<meta name=\"twitter:card\" content=\"summary_large_image\" \/>\n<meta name=\"twitter:label1\" content=\"Gesch\u00e4tzte Lesezeit\" \/>\n\t<meta name=\"twitter:data1\" content=\"3\u00a0Minuten\" \/>\n<script type=\"application\/ld+json\" class=\"yoast-schema-graph\">{\"@context\":\"https:\\\/\\\/schema.org\",\"@graph\":[{\"@type\":\"WebPage\",\"@id\":\"https:\\\/\\\/plant-supervision.com\\\/de\\\/datenschutzerklaerung\\\/\",\"url\":\"https:\\\/\\\/plant-supervision.com\\\/de\\\/datenschutzerklaerung\\\/\",\"name\":\"Datenschutzerkl\u00e4rung -\",\"isPartOf\":{\"@id\":\"https:\\\/\\\/plantsupervision.web07.tigermedia.eu\\\/#website\"},\"datePublished\":\"2023-11-23T10:51:21+00:00\",\"dateModified\":\"2025-06-18T07:48:56+00:00\",\"description\":\"Verstehen Sie die Datenschutzpraktiken von Plant Supervision \u2013 einschlie\u00dflich Datenerhebung, -verwendung und Ihrer Rechte. Erfahren Sie, wie wir Ihre personenbezogenen Daten sch\u00fctzen.\",\"breadcrumb\":{\"@id\":\"https:\\\/\\\/plant-supervision.com\\\/de\\\/datenschutzerklaerung\\\/#breadcrumb\"},\"inLanguage\":\"de\",\"potentialAction\":[{\"@type\":\"ReadAction\",\"target\":[\"https:\\\/\\\/plant-supervision.com\\\/de\\\/datenschutzerklaerung\\\/\"]}]},{\"@type\":\"BreadcrumbList\",\"@id\":\"https:\\\/\\\/plant-supervision.com\\\/de\\\/datenschutzerklaerung\\\/#breadcrumb\",\"itemListElement\":[{\"@type\":\"ListItem\",\"position\":1,\"name\":\"Home\",\"item\":\"https:\\\/\\\/plant-supervision.com\\\/de\\\/\"},{\"@type\":\"ListItem\",\"position\":2,\"name\":\"Datenschutzerkl\u00e4rung\"}]},{\"@type\":\"WebSite\",\"@id\":\"https:\\\/\\\/plantsupervision.web07.tigermedia.eu\\\/#website\",\"url\":\"https:\\\/\\\/plantsupervision.web07.tigermedia.eu\\\/\",\"name\":\"Plant Supervision\",\"description\":\"\",\"publisher\":{\"@id\":\"https:\\\/\\\/plantsupervision.web07.tigermedia.eu\\\/#organization\"},\"potentialAction\":[{\"@type\":\"SearchAction\",\"target\":{\"@type\":\"EntryPoint\",\"urlTemplate\":\"https:\\\/\\\/plantsupervision.web07.tigermedia.eu\\\/?s={search_term_string}\"},\"query-input\":{\"@type\":\"PropertyValueSpecification\",\"valueRequired\":true,\"valueName\":\"search_term_string\"}}],\"inLanguage\":\"de\"},{\"@type\":\"Organization\",\"@id\":\"https:\\\/\\\/plantsupervision.web07.tigermedia.eu\\\/#organization\",\"name\":\"Plant Supervision\",\"url\":\"https:\\\/\\\/plantsupervision.web07.tigermedia.eu\\\/\",\"logo\":{\"@type\":\"ImageObject\",\"inLanguage\":\"de\",\"@id\":\"https:\\\/\\\/plantsupervision.web07.tigermedia.eu\\\/#\\\/schema\\\/logo\\\/image\\\/\",\"url\":\"https:\\\/\\\/plant-supervision.com\\\/wp-content\\\/uploads\\\/2023\\\/11\\\/ps_logo_blue.svg\",\"contentUrl\":\"https:\\\/\\\/plant-supervision.com\\\/wp-content\\\/uploads\\\/2023\\\/11\\\/ps_logo_blue.svg\",\"width\":549,\"height\":121,\"caption\":\"Plant Supervision\"},\"image\":{\"@id\":\"https:\\\/\\\/plantsupervision.web07.tigermedia.eu\\\/#\\\/schema\\\/logo\\\/image\\\/\"},\"sameAs\":[\"https:\\\/\\\/www.linkedin.com\\\/company\\\/plant-supervision\\\/\"]}]}<\/script>\n<!-- \/ Yoast SEO plugin. -->","yoast_head_json":{"title":"Datenschutzerkl\u00e4rung -","description":"Verstehen Sie die Datenschutzpraktiken von Plant Supervision \u2013 einschlie\u00dflich Datenerhebung, -verwendung und Ihrer Rechte. Erfahren Sie, wie wir Ihre personenbezogenen Daten sch\u00fctzen.","robots":{"index":"index","follow":"follow","max-snippet":"max-snippet:-1","max-image-preview":"max-image-preview:large","max-video-preview":"max-video-preview:-1"},"canonical":"https:\/\/plant-supervision.com\/de\/datenschutzerklaerung\/","og_locale":"de_DE","og_type":"article","og_title":"Datenschutzerkl\u00e4rung -","og_description":"Verstehen Sie die Datenschutzpraktiken von Plant Supervision \u2013 einschlie\u00dflich Datenerhebung, -verwendung und Ihrer Rechte. Erfahren Sie, wie wir Ihre personenbezogenen Daten sch\u00fctzen.","og_url":"https:\/\/plant-supervision.com\/de\/datenschutzerklaerung\/","og_site_name":"Plant Supervision","article_modified_time":"2025-06-18T07:48:56+00:00","twitter_card":"summary_large_image","twitter_misc":{"Gesch\u00e4tzte Lesezeit":"3\u00a0Minuten"},"schema":{"@context":"https:\/\/schema.org","@graph":[{"@type":"WebPage","@id":"https:\/\/plant-supervision.com\/de\/datenschutzerklaerung\/","url":"https:\/\/plant-supervision.com\/de\/datenschutzerklaerung\/","name":"Datenschutzerkl\u00e4rung -","isPartOf":{"@id":"https:\/\/plantsupervision.web07.tigermedia.eu\/#website"},"datePublished":"2023-11-23T10:51:21+00:00","dateModified":"2025-06-18T07:48:56+00:00","description":"Verstehen Sie die Datenschutzpraktiken von Plant Supervision \u2013 einschlie\u00dflich Datenerhebung, -verwendung und Ihrer Rechte. Erfahren Sie, wie wir Ihre personenbezogenen Daten sch\u00fctzen.","breadcrumb":{"@id":"https:\/\/plant-supervision.com\/de\/datenschutzerklaerung\/#breadcrumb"},"inLanguage":"de","potentialAction":[{"@type":"ReadAction","target":["https:\/\/plant-supervision.com\/de\/datenschutzerklaerung\/"]}]},{"@type":"BreadcrumbList","@id":"https:\/\/plant-supervision.com\/de\/datenschutzerklaerung\/#breadcrumb","itemListElement":[{"@type":"ListItem","position":1,"name":"Home","item":"https:\/\/plant-supervision.com\/de\/"},{"@type":"ListItem","position":2,"name":"Datenschutzerkl\u00e4rung"}]},{"@type":"WebSite","@id":"https:\/\/plantsupervision.web07.tigermedia.eu\/#website","url":"https:\/\/plantsupervision.web07.tigermedia.eu\/","name":"Plant Supervision","description":"","publisher":{"@id":"https:\/\/plantsupervision.web07.tigermedia.eu\/#organization"},"potentialAction":[{"@type":"SearchAction","target":{"@type":"EntryPoint","urlTemplate":"https:\/\/plantsupervision.web07.tigermedia.eu\/?s={search_term_string}"},"query-input":{"@type":"PropertyValueSpecification","valueRequired":true,"valueName":"search_term_string"}}],"inLanguage":"de"},{"@type":"Organization","@id":"https:\/\/plantsupervision.web07.tigermedia.eu\/#organization","name":"Plant Supervision","url":"https:\/\/plantsupervision.web07.tigermedia.eu\/","logo":{"@type":"ImageObject","inLanguage":"de","@id":"https:\/\/plantsupervision.web07.tigermedia.eu\/#\/schema\/logo\/image\/","url":"https:\/\/plant-supervision.com\/wp-content\/uploads\/2023\/11\/ps_logo_blue.svg","contentUrl":"https:\/\/plant-supervision.com\/wp-content\/uploads\/2023\/11\/ps_logo_blue.svg","width":549,"height":121,"caption":"Plant Supervision"},"image":{"@id":"https:\/\/plantsupervision.web07.tigermedia.eu\/#\/schema\/logo\/image\/"},"sameAs":["https:\/\/www.linkedin.com\/company\/plant-supervision\/"]}]}},"_links":{"self":[{"href":"https:\/\/plant-supervision.com\/de\/wp-json\/wp\/v2\/pages\/11291","targetHints":{"allow":["GET"]}}],"collection":[{"href":"https:\/\/plant-supervision.com\/de\/wp-json\/wp\/v2\/pages"}],"about":[{"href":"https:\/\/plant-supervision.com\/de\/wp-json\/wp\/v2\/types\/page"}],"author":[{"embeddable":true,"href":"https:\/\/plant-supervision.com\/de\/wp-json\/wp\/v2\/users\/1"}],"replies":[{"embeddable":true,"href":"https:\/\/plant-supervision.com\/de\/wp-json\/wp\/v2\/comments?post=11291"}],"version-history":[{"count":1,"href":"https:\/\/plant-supervision.com\/de\/wp-json\/wp\/v2\/pages\/11291\/revisions"}],"predecessor-version":[{"id":11292,"href":"https:\/\/plant-supervision.com\/de\/wp-json\/wp\/v2\/pages\/11291\/revisions\/11292"}],"wp:attachment":[{"href":"https:\/\/plant-supervision.com\/de\/wp-json\/wp\/v2\/media?parent=11291"}],"curies":[{"name":"wp","href":"https:\/\/api.w.org\/{rel}","templated":true}]}}