{"id":11221,"date":"2025-01-30T09:11:20","date_gmt":"2025-01-30T09:11:20","guid":{"rendered":"https:\/\/plant-supervision.com\/vielen-dank-fuer-ihre-anmeldung-zu-unserem-newsletter\/"},"modified":"2025-06-17T09:19:31","modified_gmt":"2025-06-17T09:19:31","slug":"vielen-dank-fuer-ihre-anmeldung-zu-unserem-newsletter","status":"publish","type":"page","link":"https:\/\/plant-supervision.com\/de\/vielen-dank-fuer-ihre-anmeldung-zu-unserem-newsletter\/","title":{"rendered":"Vielen Dank f\u00fcr Ihre Anmeldung zu unserem Newsletter"},"content":{"rendered":"\t\t<div data-elementor-type=\"wp-page\" data-elementor-id=\"11221\" class=\"elementor elementor-11221 elementor-8691\" data-elementor-post-type=\"page\">\n\t\t\t\t<div class=\"elementor-element elementor-element-a0de4a5 e-flex e-con-boxed e-con e-parent\" data-id=\"a0de4a5\" data-element_type=\"container\" data-e-type=\"container\" data-settings=\"{&quot;jet_parallax_layout_list&quot;:[]}\">\n\t\t\t\t\t<div class=\"e-con-inner\">\n\t\t\t\t<div class=\"elementor-element elementor-element-19334c3 elementor-widget elementor-widget-spacer\" data-id=\"19334c3\" data-element_type=\"widget\" data-e-type=\"widget\" data-widget_type=\"spacer.default\">\n\t\t\t\t<div class=\"elementor-widget-container\">\n\t\t\t\t\t\t\t<div class=\"elementor-spacer\">\n\t\t\t<div class=\"elementor-spacer-inner\"><\/div>\n\t\t<\/div>\n\t\t\t\t\t\t<\/div>\n\t\t\t\t<\/div>\n\t\t\t\t<div class=\"elementor-element elementor-element-b0b0341 elementor-widget elementor-widget-heading\" data-id=\"b0b0341\" data-element_type=\"widget\" data-e-type=\"widget\" data-widget_type=\"heading.default\">\n\t\t\t\t<div class=\"elementor-widget-container\">\n\t\t\t\t\t<p class=\"elementor-heading-title elementor-size-default\">Sie werden in K\u00fcrze einige interessante Willkommens-E-Mails von uns erhalten. <\/p>\t\t\t\t<\/div>\n\t\t\t\t<\/div>\n\t\t\t\t<div class=\"elementor-element elementor-element-b9cc0b5 elementor-widget elementor-widget-heading\" data-id=\"b9cc0b5\" data-element_type=\"widget\" data-e-type=\"widget\" data-widget_type=\"heading.default\">\n\t\t\t\t<div class=\"elementor-widget-container\">\n\t\t\t\t\t<p class=\"elementor-heading-title elementor-size-default\">In der Zwischenzeit k\u00f6nnen Sie gerne mehr \u00fcber Plant Supervision erfahren:<\/p>\t\t\t\t<\/div>\n\t\t\t\t<\/div>\n\t\t\t\t<div class=\"elementor-element elementor-element-b823b42 elementor-widget elementor-widget-spacer\" data-id=\"b823b42\" data-element_type=\"widget\" data-e-type=\"widget\" data-widget_type=\"spacer.default\">\n\t\t\t\t<div class=\"elementor-widget-container\">\n\t\t\t\t\t\t\t<div class=\"elementor-spacer\">\n\t\t\t<div class=\"elementor-spacer-inner\"><\/div>\n\t\t<\/div>\n\t\t\t\t\t\t<\/div>\n\t\t\t\t<\/div>\n\t\t\t\t\t<\/div>\n\t\t\t\t<\/div>\n\t\t<div class=\"elementor-element elementor-element-619c2e9 e-con-full elementor-hidden-mobile e-flex e-con e-parent\" data-id=\"619c2e9\" data-element_type=\"container\" data-e-type=\"container\" data-settings=\"{&quot;jet_parallax_layout_list&quot;:[]}\">\n\t\t<div class=\"elementor-element elementor-element-84ea14e e-con-full e-flex e-con e-child\" data-id=\"84ea14e\" data-element_type=\"container\" data-e-type=\"container\" data-settings=\"{&quot;jet_parallax_layout_list&quot;:[],&quot;background_background&quot;:&quot;slideshow&quot;,&quot;background_slideshow_gallery&quot;:[{&quot;id&quot;:7605,&quot;url&quot;:&quot;https:\\\/\\\/plant-supervision.com\\\/wp-content\\\/uploads\\\/2024\\\/10\\\/Til-blogindlaeg-1.jpg&quot;}],&quot;background_slideshow_loop&quot;:&quot;yes&quot;,&quot;background_slideshow_slide_duration&quot;:5000,&quot;background_slideshow_slide_transition&quot;:&quot;fade&quot;,&quot;background_slideshow_transition_duration&quot;:500}\">\n\t\t\t\t<div class=\"elementor-element elementor-element-b8a7beb elementor-widget elementor-widget-text-editor\" data-id=\"b8a7beb\" data-element_type=\"widget\" data-e-type=\"widget\" data-widget_type=\"text-editor.default\">\n\t\t\t\t<div class=\"elementor-widget-container\">\n\t\t\t\t\t\t\t\t\t<p><a href=\"https:\/\/plant-supervision.com\/blog\/\">Blog<\/a><\/p>\t\t\t\t\t\t\t\t<\/div>\n\t\t\t\t<\/div>\n\t\t\t\t<\/div>\n\t\t<div class=\"elementor-element elementor-element-2fd7702 e-con-full e-flex e-con e-child\" data-id=\"2fd7702\" data-element_type=\"container\" data-e-type=\"container\" data-settings=\"{&quot;jet_parallax_layout_list&quot;:[],&quot;background_background&quot;:&quot;slideshow&quot;,&quot;background_slideshow_gallery&quot;:[{&quot;id&quot;:7608,&quot;url&quot;:&quot;https:\\\/\\\/plant-supervision.com\\\/wp-content\\\/uploads\\\/2024\\\/10\\\/Til-blogindlaeg-2.jpg&quot;}],&quot;background_slideshow_loop&quot;:&quot;yes&quot;,&quot;background_slideshow_slide_duration&quot;:5000,&quot;background_slideshow_slide_transition&quot;:&quot;fade&quot;,&quot;background_slideshow_transition_duration&quot;:500}\">\n\t\t\t\t<div class=\"elementor-element elementor-element-f3e992c elementor-widget elementor-widget-text-editor\" data-id=\"f3e992c\" data-element_type=\"widget\" data-e-type=\"widget\" data-widget_type=\"text-editor.default\">\n\t\t\t\t<div class=\"elementor-widget-container\">\n\t\t\t\t\t\t\t\t\t<p><a href=\"https:\/\/plant-supervision.com\/de\/fallstudien\/\">F\u00e4lle<\/a><\/p>\t\t\t\t\t\t\t\t<\/div>\n\t\t\t\t<\/div>\n\t\t\t\t<\/div>\n\t\t<div class=\"elementor-element elementor-element-eb451e6 e-con-full e-flex e-con e-child\" data-id=\"eb451e6\" data-element_type=\"container\" data-e-type=\"container\" data-settings=\"{&quot;jet_parallax_layout_list&quot;:[],&quot;background_background&quot;:&quot;slideshow&quot;,&quot;background_slideshow_gallery&quot;:[{&quot;id&quot;:7667,&quot;url&quot;:&quot;https:\\\/\\\/plant-supervision.com\\\/wp-content\\\/uploads\\\/2024\\\/10\\\/Team-1.jpg&quot;}],&quot;background_slideshow_loop&quot;:&quot;yes&quot;,&quot;background_slideshow_slide_duration&quot;:5000,&quot;background_slideshow_slide_transition&quot;:&quot;fade&quot;,&quot;background_slideshow_transition_duration&quot;:500}\">\n\t\t\t\t<div class=\"elementor-element elementor-element-53c3149 elementor-widget elementor-widget-text-editor\" data-id=\"53c3149\" data-element_type=\"widget\" data-e-type=\"widget\" data-widget_type=\"text-editor.default\">\n\t\t\t\t<div class=\"elementor-widget-container\">\n\t\t\t\t\t\t\t\t\t<p><a href=\"https:\/\/plant-supervision.com\/de\/uber-uns\/\">\u00dcber uns<\/a><\/p>\t\t\t\t\t\t\t\t<\/div>\n\t\t\t\t<\/div>\n\t\t\t\t<\/div>\n\t\t\t\t<\/div>\n\t\t<div class=\"elementor-element elementor-element-f457970 e-con-full elementor-hidden-desktop elementor-hidden-tablet_extra elementor-hidden-tablet e-flex e-con e-parent\" data-id=\"f457970\" data-element_type=\"container\" data-e-type=\"container\" data-settings=\"{&quot;jet_parallax_layout_list&quot;:[]}\">\n\t\t<div class=\"elementor-element elementor-element-e376506 e-con-full e-flex e-con e-child\" data-id=\"e376506\" data-element_type=\"container\" data-e-type=\"container\" data-settings=\"{&quot;jet_parallax_layout_list&quot;:[],&quot;background_background&quot;:&quot;slideshow&quot;,&quot;background_slideshow_gallery&quot;:[{&quot;id&quot;:7605,&quot;url&quot;:&quot;https:\\\/\\\/plant-supervision.com\\\/wp-content\\\/uploads\\\/2024\\\/10\\\/Til-blogindlaeg-1.jpg&quot;}],&quot;background_slideshow_loop&quot;:&quot;yes&quot;,&quot;background_slideshow_slide_duration&quot;:5000,&quot;background_slideshow_slide_transition&quot;:&quot;fade&quot;,&quot;background_slideshow_transition_duration&quot;:500}\">\n\t\t\t\t<div class=\"elementor-element elementor-element-dba4639 elementor-widget elementor-widget-text-editor\" data-id=\"dba4639\" data-element_type=\"widget\" data-e-type=\"widget\" data-widget_type=\"text-editor.default\">\n\t\t\t\t<div class=\"elementor-widget-container\">\n\t\t\t\t\t\t\t\t\t<p><a href=\"https:\/\/plant-supervision.com\/blog\/\">Blog<\/a><\/p>\t\t\t\t\t\t\t\t<\/div>\n\t\t\t\t<\/div>\n\t\t\t\t<\/div>\n\t\t<div class=\"elementor-element elementor-element-48ab92e e-con-full e-flex e-con e-child\" data-id=\"48ab92e\" data-element_type=\"container\" data-e-type=\"container\" data-settings=\"{&quot;jet_parallax_layout_list&quot;:[],&quot;background_background&quot;:&quot;slideshow&quot;,&quot;background_slideshow_gallery&quot;:[{&quot;id&quot;:7608,&quot;url&quot;:&quot;https:\\\/\\\/plant-supervision.com\\\/wp-content\\\/uploads\\\/2024\\\/10\\\/Til-blogindlaeg-2.jpg&quot;}],&quot;background_slideshow_loop&quot;:&quot;yes&quot;,&quot;background_slideshow_slide_duration&quot;:5000,&quot;background_slideshow_slide_transition&quot;:&quot;fade&quot;,&quot;background_slideshow_transition_duration&quot;:500}\">\n\t\t\t\t<div class=\"elementor-element elementor-element-41dce3a elementor-widget elementor-widget-text-editor\" data-id=\"41dce3a\" data-element_type=\"widget\" data-e-type=\"widget\" data-widget_type=\"text-editor.default\">\n\t\t\t\t<div class=\"elementor-widget-container\">\n\t\t\t\t\t\t\t\t\t<p><a href=\"https:\/\/plant-supervision.com\/de\/fallstudien\/\">F\u00e4lle<\/a><\/p>\t\t\t\t\t\t\t\t<\/div>\n\t\t\t\t<\/div>\n\t\t\t\t<\/div>\n\t\t<div class=\"elementor-element elementor-element-1095f43 e-con-full e-flex e-con e-child\" data-id=\"1095f43\" data-element_type=\"container\" data-e-type=\"container\" data-settings=\"{&quot;jet_parallax_layout_list&quot;:[],&quot;background_background&quot;:&quot;slideshow&quot;,&quot;background_slideshow_gallery&quot;:[{&quot;id&quot;:7667,&quot;url&quot;:&quot;https:\\\/\\\/plant-supervision.com\\\/wp-content\\\/uploads\\\/2024\\\/10\\\/Team-1.jpg&quot;}],&quot;background_slideshow_loop&quot;:&quot;yes&quot;,&quot;background_slideshow_slide_duration&quot;:5000,&quot;background_slideshow_slide_transition&quot;:&quot;fade&quot;,&quot;background_slideshow_transition_duration&quot;:500}\">\n\t\t\t\t<div class=\"elementor-element elementor-element-1849169 elementor-widget elementor-widget-text-editor\" data-id=\"1849169\" data-element_type=\"widget\" data-e-type=\"widget\" data-widget_type=\"text-editor.default\">\n\t\t\t\t<div class=\"elementor-widget-container\">\n\t\t\t\t\t\t\t\t\t<p><a href=\"https:\/\/plant-supervision.com\/de\/uber-uns\/\">\u00dcber uns<\/a><\/p>\t\t\t\t\t\t\t\t<\/div>\n\t\t\t\t<\/div>\n\t\t\t\t<\/div>\n\t\t\t\t<\/div>\n\t\t\t\t<\/div>\n\t\t","protected":false},"excerpt":{"rendered":"<p>Sie werden in K\u00fcrze einige interessante Willkommens-E-Mails von uns erhalten. In der Zwischenzeit k\u00f6nnen Sie gerne mehr \u00fcber Plant Supervision erfahren: Blog F\u00e4lle \u00dcber uns Blog F\u00e4lle \u00dcber uns<\/p>\n","protected":false},"author":1,"featured_media":8378,"parent":0,"menu_order":0,"comment_status":"closed","ping_status":"closed","template":"","meta":{"content-type":"","footnotes":""},"class_list":["post-11221","page","type-page","status-publish","has-post-thumbnail","hentry"],"yoast_head":"<!-- This site is optimized with the Yoast SEO plugin v27.5 - https:\/\/yoast.com\/product\/yoast-seo-wordpress\/ -->\n<title>Vielen Dank f\u00fcr Ihre Anmeldung zu unserem Newsletter -<\/title>\n<meta name=\"robots\" content=\"index, follow, max-snippet:-1, max-image-preview:large, max-video-preview:-1\" \/>\n<link rel=\"canonical\" href=\"https:\/\/plant-supervision.com\/de\/vielen-dank-fuer-ihre-anmeldung-zu-unserem-newsletter\/\" \/>\n<meta property=\"og:locale\" content=\"de_DE\" \/>\n<meta property=\"og:type\" content=\"article\" \/>\n<meta property=\"og:title\" content=\"Vielen Dank f\u00fcr Ihre Anmeldung zu unserem Newsletter -\" \/>\n<meta property=\"og:description\" content=\"Sie werden in K\u00fcrze einige interessante Willkommens-E-Mails von uns erhalten. In der Zwischenzeit k\u00f6nnen Sie gerne mehr \u00fcber Plant Supervision erfahren: Blog F\u00e4lle \u00dcber uns Blog F\u00e4lle \u00dcber uns\" \/>\n<meta property=\"og:url\" content=\"https:\/\/plant-supervision.com\/de\/vielen-dank-fuer-ihre-anmeldung-zu-unserem-newsletter\/\" \/>\n<meta property=\"og:site_name\" content=\"Plant Supervision\" \/>\n<meta property=\"article:modified_time\" content=\"2025-06-17T09:19:31+00:00\" \/>\n<meta property=\"og:image\" content=\"https:\/\/plant-supervision.com\/wp-content\/uploads\/2024\/10\/Header-7.jpg\" \/>\n\t<meta property=\"og:image:width\" content=\"1906\" \/>\n\t<meta property=\"og:image:height\" content=\"611\" \/>\n\t<meta property=\"og:image:type\" content=\"image\/jpeg\" \/>\n<meta name=\"twitter:card\" content=\"summary_large_image\" \/>\n<script type=\"application\/ld+json\" class=\"yoast-schema-graph\">{\"@context\":\"https:\\\/\\\/schema.org\",\"@graph\":[{\"@type\":\"WebPage\",\"@id\":\"https:\\\/\\\/plant-supervision.com\\\/de\\\/vielen-dank-fuer-ihre-anmeldung-zu-unserem-newsletter\\\/\",\"url\":\"https:\\\/\\\/plant-supervision.com\\\/de\\\/vielen-dank-fuer-ihre-anmeldung-zu-unserem-newsletter\\\/\",\"name\":\"Vielen Dank f\u00fcr Ihre Anmeldung zu unserem Newsletter -\",\"isPartOf\":{\"@id\":\"https:\\\/\\\/plantsupervision.web07.tigermedia.eu\\\/#website\"},\"primaryImageOfPage\":{\"@id\":\"https:\\\/\\\/plant-supervision.com\\\/de\\\/vielen-dank-fuer-ihre-anmeldung-zu-unserem-newsletter\\\/#primaryimage\"},\"image\":{\"@id\":\"https:\\\/\\\/plant-supervision.com\\\/de\\\/vielen-dank-fuer-ihre-anmeldung-zu-unserem-newsletter\\\/#primaryimage\"},\"thumbnailUrl\":\"https:\\\/\\\/plant-supervision.com\\\/wp-content\\\/uploads\\\/2024\\\/10\\\/Header-7.jpg\",\"datePublished\":\"2025-01-30T09:11:20+00:00\",\"dateModified\":\"2025-06-17T09:19:31+00:00\",\"breadcrumb\":{\"@id\":\"https:\\\/\\\/plant-supervision.com\\\/de\\\/vielen-dank-fuer-ihre-anmeldung-zu-unserem-newsletter\\\/#breadcrumb\"},\"inLanguage\":\"de\",\"potentialAction\":[{\"@type\":\"ReadAction\",\"target\":[\"https:\\\/\\\/plant-supervision.com\\\/de\\\/vielen-dank-fuer-ihre-anmeldung-zu-unserem-newsletter\\\/\"]}]},{\"@type\":\"ImageObject\",\"inLanguage\":\"de\",\"@id\":\"https:\\\/\\\/plant-supervision.com\\\/de\\\/vielen-dank-fuer-ihre-anmeldung-zu-unserem-newsletter\\\/#primaryimage\",\"url\":\"https:\\\/\\\/plant-supervision.com\\\/wp-content\\\/uploads\\\/2024\\\/10\\\/Header-7.jpg\",\"contentUrl\":\"https:\\\/\\\/plant-supervision.com\\\/wp-content\\\/uploads\\\/2024\\\/10\\\/Header-7.jpg\",\"width\":1906,\"height\":611,\"caption\":\"Engineer at airport\"},{\"@type\":\"BreadcrumbList\",\"@id\":\"https:\\\/\\\/plant-supervision.com\\\/de\\\/vielen-dank-fuer-ihre-anmeldung-zu-unserem-newsletter\\\/#breadcrumb\",\"itemListElement\":[{\"@type\":\"ListItem\",\"position\":1,\"name\":\"Home\",\"item\":\"https:\\\/\\\/plant-supervision.com\\\/de\\\/startseite\\\/\"},{\"@type\":\"ListItem\",\"position\":2,\"name\":\"Vielen Dank f\u00fcr Ihre Anmeldung zu unserem Newsletter\"}]},{\"@type\":\"WebSite\",\"@id\":\"https:\\\/\\\/plantsupervision.web07.tigermedia.eu\\\/#website\",\"url\":\"https:\\\/\\\/plantsupervision.web07.tigermedia.eu\\\/\",\"name\":\"Plant Supervision\",\"description\":\"\",\"publisher\":{\"@id\":\"https:\\\/\\\/plantsupervision.web07.tigermedia.eu\\\/#organization\"},\"potentialAction\":[{\"@type\":\"SearchAction\",\"target\":{\"@type\":\"EntryPoint\",\"urlTemplate\":\"https:\\\/\\\/plantsupervision.web07.tigermedia.eu\\\/?s={search_term_string}\"},\"query-input\":{\"@type\":\"PropertyValueSpecification\",\"valueRequired\":true,\"valueName\":\"search_term_string\"}}],\"inLanguage\":\"de\"},{\"@type\":\"Organization\",\"@id\":\"https:\\\/\\\/plantsupervision.web07.tigermedia.eu\\\/#organization\",\"name\":\"Plant Supervision\",\"url\":\"https:\\\/\\\/plantsupervision.web07.tigermedia.eu\\\/\",\"logo\":{\"@type\":\"ImageObject\",\"inLanguage\":\"de\",\"@id\":\"https:\\\/\\\/plantsupervision.web07.tigermedia.eu\\\/#\\\/schema\\\/logo\\\/image\\\/\",\"url\":\"https:\\\/\\\/plant-supervision.com\\\/wp-content\\\/uploads\\\/2023\\\/11\\\/ps_logo_blue.svg\",\"contentUrl\":\"https:\\\/\\\/plant-supervision.com\\\/wp-content\\\/uploads\\\/2023\\\/11\\\/ps_logo_blue.svg\",\"width\":549,\"height\":121,\"caption\":\"Plant Supervision\"},\"image\":{\"@id\":\"https:\\\/\\\/plantsupervision.web07.tigermedia.eu\\\/#\\\/schema\\\/logo\\\/image\\\/\"},\"sameAs\":[\"https:\\\/\\\/www.linkedin.com\\\/company\\\/plant-supervision\\\/\"]}]}<\/script>\n<!-- \/ Yoast SEO plugin. -->","yoast_head_json":{"title":"Vielen Dank f\u00fcr Ihre Anmeldung zu unserem Newsletter -","robots":{"index":"index","follow":"follow","max-snippet":"max-snippet:-1","max-image-preview":"max-image-preview:large","max-video-preview":"max-video-preview:-1"},"canonical":"https:\/\/plant-supervision.com\/de\/vielen-dank-fuer-ihre-anmeldung-zu-unserem-newsletter\/","og_locale":"de_DE","og_type":"article","og_title":"Vielen Dank f\u00fcr Ihre Anmeldung zu unserem Newsletter -","og_description":"Sie werden in K\u00fcrze einige interessante Willkommens-E-Mails von uns erhalten. In der Zwischenzeit k\u00f6nnen Sie gerne mehr \u00fcber Plant Supervision erfahren: Blog F\u00e4lle \u00dcber uns Blog F\u00e4lle \u00dcber uns","og_url":"https:\/\/plant-supervision.com\/de\/vielen-dank-fuer-ihre-anmeldung-zu-unserem-newsletter\/","og_site_name":"Plant Supervision","article_modified_time":"2025-06-17T09:19:31+00:00","og_image":[{"width":1906,"height":611,"url":"https:\/\/plant-supervision.com\/wp-content\/uploads\/2024\/10\/Header-7.jpg","type":"image\/jpeg"}],"twitter_card":"summary_large_image","schema":{"@context":"https:\/\/schema.org","@graph":[{"@type":"WebPage","@id":"https:\/\/plant-supervision.com\/de\/vielen-dank-fuer-ihre-anmeldung-zu-unserem-newsletter\/","url":"https:\/\/plant-supervision.com\/de\/vielen-dank-fuer-ihre-anmeldung-zu-unserem-newsletter\/","name":"Vielen Dank f\u00fcr Ihre Anmeldung zu unserem Newsletter -","isPartOf":{"@id":"https:\/\/plantsupervision.web07.tigermedia.eu\/#website"},"primaryImageOfPage":{"@id":"https:\/\/plant-supervision.com\/de\/vielen-dank-fuer-ihre-anmeldung-zu-unserem-newsletter\/#primaryimage"},"image":{"@id":"https:\/\/plant-supervision.com\/de\/vielen-dank-fuer-ihre-anmeldung-zu-unserem-newsletter\/#primaryimage"},"thumbnailUrl":"https:\/\/plant-supervision.com\/wp-content\/uploads\/2024\/10\/Header-7.jpg","datePublished":"2025-01-30T09:11:20+00:00","dateModified":"2025-06-17T09:19:31+00:00","breadcrumb":{"@id":"https:\/\/plant-supervision.com\/de\/vielen-dank-fuer-ihre-anmeldung-zu-unserem-newsletter\/#breadcrumb"},"inLanguage":"de","potentialAction":[{"@type":"ReadAction","target":["https:\/\/plant-supervision.com\/de\/vielen-dank-fuer-ihre-anmeldung-zu-unserem-newsletter\/"]}]},{"@type":"ImageObject","inLanguage":"de","@id":"https:\/\/plant-supervision.com\/de\/vielen-dank-fuer-ihre-anmeldung-zu-unserem-newsletter\/#primaryimage","url":"https:\/\/plant-supervision.com\/wp-content\/uploads\/2024\/10\/Header-7.jpg","contentUrl":"https:\/\/plant-supervision.com\/wp-content\/uploads\/2024\/10\/Header-7.jpg","width":1906,"height":611,"caption":"Engineer at airport"},{"@type":"BreadcrumbList","@id":"https:\/\/plant-supervision.com\/de\/vielen-dank-fuer-ihre-anmeldung-zu-unserem-newsletter\/#breadcrumb","itemListElement":[{"@type":"ListItem","position":1,"name":"Home","item":"https:\/\/plant-supervision.com\/de\/startseite\/"},{"@type":"ListItem","position":2,"name":"Vielen Dank f\u00fcr Ihre Anmeldung zu unserem Newsletter"}]},{"@type":"WebSite","@id":"https:\/\/plantsupervision.web07.tigermedia.eu\/#website","url":"https:\/\/plantsupervision.web07.tigermedia.eu\/","name":"Plant Supervision","description":"","publisher":{"@id":"https:\/\/plantsupervision.web07.tigermedia.eu\/#organization"},"potentialAction":[{"@type":"SearchAction","target":{"@type":"EntryPoint","urlTemplate":"https:\/\/plantsupervision.web07.tigermedia.eu\/?s={search_term_string}"},"query-input":{"@type":"PropertyValueSpecification","valueRequired":true,"valueName":"search_term_string"}}],"inLanguage":"de"},{"@type":"Organization","@id":"https:\/\/plantsupervision.web07.tigermedia.eu\/#organization","name":"Plant Supervision","url":"https:\/\/plantsupervision.web07.tigermedia.eu\/","logo":{"@type":"ImageObject","inLanguage":"de","@id":"https:\/\/plantsupervision.web07.tigermedia.eu\/#\/schema\/logo\/image\/","url":"https:\/\/plant-supervision.com\/wp-content\/uploads\/2023\/11\/ps_logo_blue.svg","contentUrl":"https:\/\/plant-supervision.com\/wp-content\/uploads\/2023\/11\/ps_logo_blue.svg","width":549,"height":121,"caption":"Plant Supervision"},"image":{"@id":"https:\/\/plantsupervision.web07.tigermedia.eu\/#\/schema\/logo\/image\/"},"sameAs":["https:\/\/www.linkedin.com\/company\/plant-supervision\/"]}]}},"_links":{"self":[{"href":"https:\/\/plant-supervision.com\/de\/wp-json\/wp\/v2\/pages\/11221","targetHints":{"allow":["GET"]}}],"collection":[{"href":"https:\/\/plant-supervision.com\/de\/wp-json\/wp\/v2\/pages"}],"about":[{"href":"https:\/\/plant-supervision.com\/de\/wp-json\/wp\/v2\/types\/page"}],"author":[{"embeddable":true,"href":"https:\/\/plant-supervision.com\/de\/wp-json\/wp\/v2\/users\/1"}],"replies":[{"embeddable":true,"href":"https:\/\/plant-supervision.com\/de\/wp-json\/wp\/v2\/comments?post=11221"}],"version-history":[{"count":1,"href":"https:\/\/plant-supervision.com\/de\/wp-json\/wp\/v2\/pages\/11221\/revisions"}],"predecessor-version":[{"id":11222,"href":"https:\/\/plant-supervision.com\/de\/wp-json\/wp\/v2\/pages\/11221\/revisions\/11222"}],"wp:featuredmedia":[{"embeddable":true,"href":"https:\/\/plant-supervision.com\/de\/wp-json\/wp\/v2\/media\/8378"}],"wp:attachment":[{"href":"https:\/\/plant-supervision.com\/de\/wp-json\/wp\/v2\/media?parent=11221"}],"curies":[{"name":"wp","href":"https:\/\/api.w.org\/{rel}","templated":true}]}}