{"id":9312,"date":"2024-01-25T08:42:08","date_gmt":"2024-01-25T08:42:08","guid":{"rendered":"https:\/\/plant-supervision.com\/referencer\/wind-turbines\/"},"modified":"2025-06-19T11:21:49","modified_gmt":"2025-06-19T11:21:49","slug":"wind-turbines","status":"publish","type":"page","link":"https:\/\/plant-supervision.com\/da\/referencer\/wind-turbines\/","title":{"rendered":"Vind"},"content":{"rendered":"\t\t<div data-elementor-type=\"wp-page\" data-elementor-id=\"9312\" class=\"elementor elementor-9312 elementor-1061\" data-elementor-post-type=\"page\">\n\t\t\t\t<div class=\"elementor-element elementor-element-6399074d e-flex e-con-boxed e-con e-parent\" data-id=\"6399074d\" data-element_type=\"container\" data-e-type=\"container\" data-settings=\"{&quot;jet_parallax_layout_list&quot;:[]}\">\n\t\t\t\t\t<div class=\"e-con-inner\">\n\t\t\t\t<div class=\"elementor-element elementor-element-23062ef elementor-widget elementor-widget-text-editor\" data-id=\"23062ef\" data-element_type=\"widget\" data-e-type=\"widget\" data-widget_type=\"text-editor.default\">\n\t\t\t\t<div class=\"elementor-widget-container\">\n\t\t\t\t\t\t\t\t\t<h2 style=\"font-family: Roboto, sans-serif; color: #000000;\">\n<div style=\"box-sizing: border-box; color: rgb(0, 0, 0); font-family: Roboto, sans-serif; font-size: 18px; font-style: normal; font-variant-ligatures: normal; font-variant-caps: normal; font-weight: 400; letter-spacing: normal; orphans: 2; text-align: start; text-indent: 0px; text-transform: none; widows: 2; word-spacing: 0px; -webkit-text-stroke-width: 0px; white-space: normal; background-color: rgb(255, 255, 255); text-decoration-thickness: initial; text-decoration-style: initial; text-decoration-color: initial;\"><\/div>\n<\/h2>\n<h2 style=\"box-sizing: border-box; margin-block: 0.5rem 1rem; font-family: Roboto, sans-serif; font-weight: 500; line-height: 1.2; color: rgb(0, 0, 0); font-size: 2rem; font-style: normal; font-variant-ligatures: normal; font-variant-caps: normal; letter-spacing: normal; orphans: 2; text-align: start; text-indent: 0px; text-transform: none; widows: 2; word-spacing: 0px; -webkit-text-stroke-width: 0px; white-space: normal; background-color: rgb(255, 255, 255); text-decoration-thickness: initial; text-decoration-style: initial; text-decoration-color: initial;\">Udvalgte projekter 2025<\/h2>\n<div><span style=\"font-weight: bolder;\">Land:<\/span>&nbsp;Danmark<br><span style=\"font-weight: bolder;\">Om:<\/span>&nbsp;QA\/QC-svejseinspekt\u00f8r for st\u00f8bning af fundamenter til offshore vindm\u00f8ller<br><br><\/div>\n<p><span style=\"font-weight: bolder;\">LandCountry:<\/span>&nbsp;Danmark<br><span style=\"font-weight: bolder;\">Om:<\/span>&nbsp;Elektrisk overv\u00e5gning og idrifts\u00e6ttelse af h\u00f8jsp\u00e6ndingstransformatorstationer og hj\u00e6lpeudstyr til offshore vindm\u00f8ller<\/p>\n<h2 style=\"font-family: Roboto, sans-serif; color: #000000;\">Udvalgte projekter 2024<\/h2>\n<div>\n<p><span style=\"font-weight: bolder;\">Land:<\/span>&nbsp;Australien<br><span style=\"color: var( --e-global-color-text ); text-align: var(--text-align); font-weight: bolder;\">Om:<\/span><span style=\"color: var( --e-global-color-text ); text-align: var(--text-align);\">&nbsp;Clectrical supervision and commissioning of high voltage transformer stations and auxiliaries for offshore wind turbines<\/span><\/p>\n<p><strong>Land:<\/strong>&nbsp;Canada&nbsp;<br><strong>Om:<\/strong>&nbsp;Konstruktionskoordinator \u2013 H\u00f8jsp\u00e6nding (HV)<\/p>\n<p><strong>Land:<\/strong> Vietnam<br><strong>Om:<\/strong> Elektrisk supervision og test af to offshore h\u00f8jsp\u00e6ndingstransformatorer<\/p>\n<\/div>\n<h2>Udvalgte projekter 2023<\/h2>\n<p><strong>Land:<\/strong>&nbsp;Canada&nbsp;<br><strong>Om:<\/strong>&nbsp;Konstruktionskoordinator \u2013 H\u00f8jsp\u00e6nding (HV)<\/p>\n<h2>Udvalgte projekter 2022<\/h2>\n<p><strong>Land:<\/strong>&nbsp;Storbritannien<br><strong>About:<\/strong>&nbsp;Kunderepr\u00e6sentant ved udskiftning af h\u00f8jsp\u00e6ndingssamleskinner p\u00e5 33\/150\u202fkV transformerstationer (offshore vindm\u00f8llepark med 175 vindm\u00f8ller)&nbsp;<\/p>\n<p><strong>Kontakt os for mere specifikke referencer fra vindindustrien.&nbsp;<\/strong><\/p>\n<p>L\u00e6s mere her &nbsp;<a href=\"http:\/\/www.dw-supervision.com\/\" target=\"_blank\" rel=\"noreferrer noopener\">here<\/a>.<\/p>\t\t\t\t\t\t\t\t<\/div>\n\t\t\t\t<\/div>\n\t\t\t\t\t<\/div>\n\t\t\t\t<\/div>\n\t\t\t\t<\/div>\n\t\t","protected":false},"excerpt":{"rendered":"<p>Udvalgte projekter 2025 Land:&nbsp;DanmarkOm:&nbsp;QA\/QC-svejseinspekt\u00f8r for st\u00f8bning af fundamenter til offshore vindm\u00f8ller LandCountry:&nbsp;DanmarkOm:&nbsp;Elektrisk overv\u00e5gning og idrifts\u00e6ttelse af h\u00f8jsp\u00e6ndingstransformatorstationer og hj\u00e6lpeudstyr til offshore vindm\u00f8ller Udvalgte projekter 2024 Land:&nbsp;AustralienOm:&nbsp;Clectrical supervision and commissioning of high voltage transformer stations and auxiliaries for offshore wind turbines Land:&nbsp;Canada&nbsp;Om:&nbsp;Konstruktionskoordinator \u2013 H\u00f8jsp\u00e6nding (HV) Land: VietnamOm: Elektrisk supervision og test af to offshore h\u00f8jsp\u00e6ndingstransformatorer Udvalgte [&hellip;]<\/p>\n","protected":false},"author":2,"featured_media":1153,"parent":9227,"menu_order":0,"comment_status":"closed","ping_status":"closed","template":"","meta":{"content-type":"","footnotes":""},"class_list":["post-9312","page","type-page","status-publish","has-post-thumbnail","hentry"],"yoast_head":"<!-- This site is optimized with the Yoast SEO plugin v27.5 - https:\/\/yoast.com\/product\/yoast-seo-wordpress\/ -->\n<title>Vind -<\/title>\n<meta name=\"description\" content=\"Udforsk vores omfattende referencer inden for vindm\u00f8lleprojekter, hvor vi har leveret ekspertise i elektrisk supervision, test og koordinering af h\u00f8jsp\u00e6ndingskonstruktioner.\" \/>\n<meta name=\"robots\" content=\"index, follow, max-snippet:-1, max-image-preview:large, max-video-preview:-1\" \/>\n<link rel=\"canonical\" href=\"https:\/\/plant-supervision.com\/da\/referencer\/wind-turbines\/\" \/>\n<meta property=\"og:locale\" content=\"da_DK\" \/>\n<meta property=\"og:type\" content=\"article\" \/>\n<meta property=\"og:title\" content=\"Vind -\" \/>\n<meta property=\"og:description\" content=\"Udforsk vores omfattende referencer inden for vindm\u00f8lleprojekter, hvor vi har leveret ekspertise i elektrisk supervision, test og koordinering af h\u00f8jsp\u00e6ndingskonstruktioner.\" \/>\n<meta property=\"og:url\" content=\"https:\/\/plant-supervision.com\/da\/referencer\/wind-turbines\/\" \/>\n<meta property=\"og:site_name\" content=\"Plant Supervision\" \/>\n<meta property=\"article:modified_time\" content=\"2025-06-19T11:21:49+00:00\" \/>\n<meta property=\"og:image\" content=\"https:\/\/plant-supervision.com\/wp-content\/uploads\/2024\/01\/arteum-ro-zyu6p9-glic-unsplash.jpg\" \/>\n\t<meta property=\"og:image:width\" content=\"750\" \/>\n\t<meta property=\"og:image:height\" content=\"750\" \/>\n\t<meta property=\"og:image:type\" content=\"image\/jpeg\" \/>\n<meta name=\"twitter:card\" content=\"summary_large_image\" \/>\n<meta name=\"twitter:label1\" content=\"Estimeret l\u00e6setid\" \/>\n\t<meta name=\"twitter:data1\" content=\"1 minut\" \/>\n<script type=\"application\/ld+json\" class=\"yoast-schema-graph\">{\"@context\":\"https:\\\/\\\/schema.org\",\"@graph\":[{\"@type\":\"WebPage\",\"@id\":\"https:\\\/\\\/plant-supervision.com\\\/da\\\/referencer\\\/wind-turbines\\\/\",\"url\":\"https:\\\/\\\/plant-supervision.com\\\/da\\\/referencer\\\/wind-turbines\\\/\",\"name\":\"Vind -\",\"isPartOf\":{\"@id\":\"https:\\\/\\\/plantsupervision.web07.tigermedia.eu\\\/#website\"},\"primaryImageOfPage\":{\"@id\":\"https:\\\/\\\/plant-supervision.com\\\/da\\\/referencer\\\/wind-turbines\\\/#primaryimage\"},\"image\":{\"@id\":\"https:\\\/\\\/plant-supervision.com\\\/da\\\/referencer\\\/wind-turbines\\\/#primaryimage\"},\"thumbnailUrl\":\"https:\\\/\\\/plant-supervision.com\\\/wp-content\\\/uploads\\\/2024\\\/01\\\/arteum-ro-zyu6p9-glic-unsplash.jpg\",\"datePublished\":\"2024-01-25T08:42:08+00:00\",\"dateModified\":\"2025-06-19T11:21:49+00:00\",\"description\":\"Udforsk vores omfattende referencer inden for vindm\u00f8lleprojekter, hvor vi har leveret ekspertise i elektrisk supervision, test og koordinering af h\u00f8jsp\u00e6ndingskonstruktioner.\",\"breadcrumb\":{\"@id\":\"https:\\\/\\\/plant-supervision.com\\\/da\\\/referencer\\\/wind-turbines\\\/#breadcrumb\"},\"inLanguage\":\"da-DK\",\"potentialAction\":[{\"@type\":\"ReadAction\",\"target\":[\"https:\\\/\\\/plant-supervision.com\\\/da\\\/referencer\\\/wind-turbines\\\/\"]}]},{\"@type\":\"ImageObject\",\"inLanguage\":\"da-DK\",\"@id\":\"https:\\\/\\\/plant-supervision.com\\\/da\\\/referencer\\\/wind-turbines\\\/#primaryimage\",\"url\":\"https:\\\/\\\/plant-supervision.com\\\/wp-content\\\/uploads\\\/2024\\\/01\\\/arteum-ro-zyu6p9-glic-unsplash.jpg\",\"contentUrl\":\"https:\\\/\\\/plant-supervision.com\\\/wp-content\\\/uploads\\\/2024\\\/01\\\/arteum-ro-zyu6p9-glic-unsplash.jpg\",\"width\":750,\"height\":750},{\"@type\":\"BreadcrumbList\",\"@id\":\"https:\\\/\\\/plant-supervision.com\\\/da\\\/referencer\\\/wind-turbines\\\/#breadcrumb\",\"itemListElement\":[{\"@type\":\"ListItem\",\"position\":1,\"name\":\"Home\",\"item\":\"https:\\\/\\\/plant-supervision.com\\\/da\\\/forside\\\/\"},{\"@type\":\"ListItem\",\"position\":2,\"name\":\"Referencer\",\"item\":\"https:\\\/\\\/plant-supervision.com\\\/da\\\/referencer\\\/\"},{\"@type\":\"ListItem\",\"position\":3,\"name\":\"Vind\"}]},{\"@type\":\"WebSite\",\"@id\":\"https:\\\/\\\/plantsupervision.web07.tigermedia.eu\\\/#website\",\"url\":\"https:\\\/\\\/plantsupervision.web07.tigermedia.eu\\\/\",\"name\":\"Plant Supervision\",\"description\":\"\",\"publisher\":{\"@id\":\"https:\\\/\\\/plantsupervision.web07.tigermedia.eu\\\/#organization\"},\"potentialAction\":[{\"@type\":\"SearchAction\",\"target\":{\"@type\":\"EntryPoint\",\"urlTemplate\":\"https:\\\/\\\/plantsupervision.web07.tigermedia.eu\\\/?s={search_term_string}\"},\"query-input\":{\"@type\":\"PropertyValueSpecification\",\"valueRequired\":true,\"valueName\":\"search_term_string\"}}],\"inLanguage\":\"da-DK\"},{\"@type\":\"Organization\",\"@id\":\"https:\\\/\\\/plantsupervision.web07.tigermedia.eu\\\/#organization\",\"name\":\"Plant Supervision\",\"url\":\"https:\\\/\\\/plantsupervision.web07.tigermedia.eu\\\/\",\"logo\":{\"@type\":\"ImageObject\",\"inLanguage\":\"da-DK\",\"@id\":\"https:\\\/\\\/plantsupervision.web07.tigermedia.eu\\\/#\\\/schema\\\/logo\\\/image\\\/\",\"url\":\"https:\\\/\\\/plant-supervision.com\\\/wp-content\\\/uploads\\\/2023\\\/11\\\/ps_logo_blue.svg\",\"contentUrl\":\"https:\\\/\\\/plant-supervision.com\\\/wp-content\\\/uploads\\\/2023\\\/11\\\/ps_logo_blue.svg\",\"width\":549,\"height\":121,\"caption\":\"Plant Supervision\"},\"image\":{\"@id\":\"https:\\\/\\\/plantsupervision.web07.tigermedia.eu\\\/#\\\/schema\\\/logo\\\/image\\\/\"},\"sameAs\":[\"https:\\\/\\\/www.linkedin.com\\\/company\\\/plant-supervision\\\/\"]}]}<\/script>\n<!-- \/ Yoast SEO plugin. -->","yoast_head_json":{"title":"Vind -","description":"Udforsk vores omfattende referencer inden for vindm\u00f8lleprojekter, hvor vi har leveret ekspertise i elektrisk supervision, test og koordinering af h\u00f8jsp\u00e6ndingskonstruktioner.","robots":{"index":"index","follow":"follow","max-snippet":"max-snippet:-1","max-image-preview":"max-image-preview:large","max-video-preview":"max-video-preview:-1"},"canonical":"https:\/\/plant-supervision.com\/da\/referencer\/wind-turbines\/","og_locale":"da_DK","og_type":"article","og_title":"Vind -","og_description":"Udforsk vores omfattende referencer inden for vindm\u00f8lleprojekter, hvor vi har leveret ekspertise i elektrisk supervision, test og koordinering af h\u00f8jsp\u00e6ndingskonstruktioner.","og_url":"https:\/\/plant-supervision.com\/da\/referencer\/wind-turbines\/","og_site_name":"Plant Supervision","article_modified_time":"2025-06-19T11:21:49+00:00","og_image":[{"width":750,"height":750,"url":"https:\/\/plant-supervision.com\/wp-content\/uploads\/2024\/01\/arteum-ro-zyu6p9-glic-unsplash.jpg","type":"image\/jpeg"}],"twitter_card":"summary_large_image","twitter_misc":{"Estimeret l\u00e6setid":"1 minut"},"schema":{"@context":"https:\/\/schema.org","@graph":[{"@type":"WebPage","@id":"https:\/\/plant-supervision.com\/da\/referencer\/wind-turbines\/","url":"https:\/\/plant-supervision.com\/da\/referencer\/wind-turbines\/","name":"Vind -","isPartOf":{"@id":"https:\/\/plantsupervision.web07.tigermedia.eu\/#website"},"primaryImageOfPage":{"@id":"https:\/\/plant-supervision.com\/da\/referencer\/wind-turbines\/#primaryimage"},"image":{"@id":"https:\/\/plant-supervision.com\/da\/referencer\/wind-turbines\/#primaryimage"},"thumbnailUrl":"https:\/\/plant-supervision.com\/wp-content\/uploads\/2024\/01\/arteum-ro-zyu6p9-glic-unsplash.jpg","datePublished":"2024-01-25T08:42:08+00:00","dateModified":"2025-06-19T11:21:49+00:00","description":"Udforsk vores omfattende referencer inden for vindm\u00f8lleprojekter, hvor vi har leveret ekspertise i elektrisk supervision, test og koordinering af h\u00f8jsp\u00e6ndingskonstruktioner.","breadcrumb":{"@id":"https:\/\/plant-supervision.com\/da\/referencer\/wind-turbines\/#breadcrumb"},"inLanguage":"da-DK","potentialAction":[{"@type":"ReadAction","target":["https:\/\/plant-supervision.com\/da\/referencer\/wind-turbines\/"]}]},{"@type":"ImageObject","inLanguage":"da-DK","@id":"https:\/\/plant-supervision.com\/da\/referencer\/wind-turbines\/#primaryimage","url":"https:\/\/plant-supervision.com\/wp-content\/uploads\/2024\/01\/arteum-ro-zyu6p9-glic-unsplash.jpg","contentUrl":"https:\/\/plant-supervision.com\/wp-content\/uploads\/2024\/01\/arteum-ro-zyu6p9-glic-unsplash.jpg","width":750,"height":750},{"@type":"BreadcrumbList","@id":"https:\/\/plant-supervision.com\/da\/referencer\/wind-turbines\/#breadcrumb","itemListElement":[{"@type":"ListItem","position":1,"name":"Home","item":"https:\/\/plant-supervision.com\/da\/forside\/"},{"@type":"ListItem","position":2,"name":"Referencer","item":"https:\/\/plant-supervision.com\/da\/referencer\/"},{"@type":"ListItem","position":3,"name":"Vind"}]},{"@type":"WebSite","@id":"https:\/\/plantsupervision.web07.tigermedia.eu\/#website","url":"https:\/\/plantsupervision.web07.tigermedia.eu\/","name":"Plant Supervision","description":"","publisher":{"@id":"https:\/\/plantsupervision.web07.tigermedia.eu\/#organization"},"potentialAction":[{"@type":"SearchAction","target":{"@type":"EntryPoint","urlTemplate":"https:\/\/plantsupervision.web07.tigermedia.eu\/?s={search_term_string}"},"query-input":{"@type":"PropertyValueSpecification","valueRequired":true,"valueName":"search_term_string"}}],"inLanguage":"da-DK"},{"@type":"Organization","@id":"https:\/\/plantsupervision.web07.tigermedia.eu\/#organization","name":"Plant Supervision","url":"https:\/\/plantsupervision.web07.tigermedia.eu\/","logo":{"@type":"ImageObject","inLanguage":"da-DK","@id":"https:\/\/plantsupervision.web07.tigermedia.eu\/#\/schema\/logo\/image\/","url":"https:\/\/plant-supervision.com\/wp-content\/uploads\/2023\/11\/ps_logo_blue.svg","contentUrl":"https:\/\/plant-supervision.com\/wp-content\/uploads\/2023\/11\/ps_logo_blue.svg","width":549,"height":121,"caption":"Plant Supervision"},"image":{"@id":"https:\/\/plantsupervision.web07.tigermedia.eu\/#\/schema\/logo\/image\/"},"sameAs":["https:\/\/www.linkedin.com\/company\/plant-supervision\/"]}]}},"_links":{"self":[{"href":"https:\/\/plant-supervision.com\/da\/wp-json\/wp\/v2\/pages\/9312","targetHints":{"allow":["GET"]}}],"collection":[{"href":"https:\/\/plant-supervision.com\/da\/wp-json\/wp\/v2\/pages"}],"about":[{"href":"https:\/\/plant-supervision.com\/da\/wp-json\/wp\/v2\/types\/page"}],"author":[{"embeddable":true,"href":"https:\/\/plant-supervision.com\/da\/wp-json\/wp\/v2\/users\/2"}],"replies":[{"embeddable":true,"href":"https:\/\/plant-supervision.com\/da\/wp-json\/wp\/v2\/comments?post=9312"}],"version-history":[{"count":3,"href":"https:\/\/plant-supervision.com\/da\/wp-json\/wp\/v2\/pages\/9312\/revisions"}],"predecessor-version":[{"id":11544,"href":"https:\/\/plant-supervision.com\/da\/wp-json\/wp\/v2\/pages\/9312\/revisions\/11544"}],"up":[{"embeddable":true,"href":"https:\/\/plant-supervision.com\/da\/wp-json\/wp\/v2\/pages\/9227"}],"wp:featuredmedia":[{"embeddable":true,"href":"https:\/\/plant-supervision.com\/da\/wp-json\/wp\/v2\/media\/1153"}],"wp:attachment":[{"href":"https:\/\/plant-supervision.com\/da\/wp-json\/wp\/v2\/media?parent=9312"}],"curies":[{"name":"wp","href":"https:\/\/api.w.org\/{rel}","templated":true}]}}