{"id":9310,"date":"2024-01-25T08:42:24","date_gmt":"2024-01-25T08:42:24","guid":{"rendered":"https:\/\/plant-supervision.com\/referencer\/pulp-paper\/"},"modified":"2025-06-19T11:09:45","modified_gmt":"2025-06-19T11:09:45","slug":"pulp-paper","status":"publish","type":"page","link":"https:\/\/plant-supervision.com\/da\/referencer\/pulp-paper\/","title":{"rendered":"Pulp &amp; Paper"},"content":{"rendered":"\t\t<div data-elementor-type=\"wp-page\" data-elementor-id=\"9310\" class=\"elementor elementor-9310 elementor-1063\" data-elementor-post-type=\"page\">\n\t\t\t\t<div class=\"elementor-element elementor-element-47adee9e e-flex e-con-boxed e-con e-parent\" data-id=\"47adee9e\" data-element_type=\"container\" data-e-type=\"container\" data-settings=\"{&quot;jet_parallax_layout_list&quot;:[]}\">\n\t\t\t\t\t<div class=\"e-con-inner\">\n\t\t\t\t<div class=\"elementor-element elementor-element-16d3e7ea elementor-widget elementor-widget-text-editor\" data-id=\"16d3e7ea\" data-element_type=\"widget\" data-e-type=\"widget\" data-widget_type=\"text-editor.default\">\n\t\t\t\t<div class=\"elementor-widget-container\">\n\t\t\t\t\t\t\t\t\t<h2 style=\"font-family: Roboto, sans-serif; color: #000000;\">Udvalgte projekter 2025<\/h2>\n<p><span style=\"font-weight: bolder;\">Land:<\/span>&nbsp;Brasilien<br><span style=\"font-family: inherit; font-weight: bolder;\">Om:<\/span><span style=\"font-family: inherit;\">&nbsp;QA\/QC p\u00e5 mekanisk v\u00e6rksted. Overv\u00e5gning af konstruktion af ovnskaller <\/span><\/p><p><span style=\"font-weight: bolder;\">Land: <\/span>Kina<br><span style=\"color: var( --e-global-color-text ); font-family: inherit; text-align: var(--text-align); font-weight: bolder;\">Om: <\/span><span style=\"color: var( --e-global-color-text ); font-family: inherit; text-align: var(--text-align);\">Opf\u00f8relse af nye scrubbersystemer<\/span><\/p>\n<p><span style=\"font-weight: bolder;\">Land:&nbsp;<\/span>Finland<br><span style=\"color: var( --e-global-color-text ); font-family: inherit; text-align: var(--text-align); font-weight: bolder;\">Om:&nbsp;<\/span>Ydelsestest af ny pyro-linje, inklusive forvarmer, ovn og k\u00f8ler<span style=\"color: var( --e-global-color-text ); font-family: inherit; text-align: var(--text-align);\"><\/span><\/p>\n<p><span style=\"font-weight: bolder;\">Land:<\/span>&nbsp;Finland<br><span style=\"font-family: inherit; font-weight: bolder;\">Om:<\/span><span style=\"font-family: inherit;\">&nbsp;Mekanisk fejlfinding p\u00e5 elektrostatisk filter (ESP)<\/span><\/p><p><span style=\"font-weight: bolder;\">Land:<\/span>&nbsp;Finland<br><span style=\"font-family: inherit; font-weight: bolder;\">Om: <\/span><span style=\"font-family: inherit;\">Mekanisk fejlfinding og udskiftning af indl\u00f8bst\u00e6tning p\u00e5 klinker-cementovn<\/span><\/p><p><span style=\"font-weight: bolder;\">Land:<\/span>&nbsp;Finland<br><span style=\"font-family: inherit; font-weight: bolder;\">Om:<\/span><span style=\"font-family: inherit;\">&nbsp;Ydelses- og garantitest af ny pyro-linje<\/span><span style=\"font-family: inherit;\"><\/span><\/p><p><span style=\"font-weight: bolder;\">Land:<\/span>&nbsp;Frankrig<br><span style=\"font-family: inherit; font-weight: bolder;\">Om:<\/span><span style=\"font-family: inherit;\">&nbsp;Elektrisk og automatiseringsm\u00e6ssig overv\u00e5gning samt idrifts\u00e6ttelse af nyt biomassefyret kraftv\u00e6rk<br><\/span><span style=\"font-family: inherit;\"><\/span><\/p>\n<p><span style=\"font-weight: bolder;\">Land:&nbsp;<\/span>Indonesien<br><span style=\"color: var( --e-global-color-text ); font-family: inherit; text-align: var(--text-align); font-weight: bolder;\">Om:&nbsp;<\/span>Installation af ESP-filter (elektrostatisk st\u00f8vfilter)<\/p>\n<p><span style=\"font-weight: bolder;\">Land:<\/span>&nbsp;Indonesien<br><span style=\"font-family: inherit; font-weight: bolder;\">Om:<\/span><span style=\"font-family: inherit;\">&nbsp;Troubleshooting p\u00e5 ESP<\/span><br><span style=\"color: var( --e-global-color-text ); font-family: inherit; text-align: var(--text-align);\"><br><\/span><span style=\"font-weight: bolder;\">Land:&nbsp;<\/span>Polen<br><span style=\"color: var( --e-global-color-text ); font-family: inherit; text-align: var(--text-align); font-weight: bolder;\">Om:&nbsp;<\/span>Mekanisk chef for Greenfield ler-kalcineringanl\u00e6g<span style=\"color: var( --e-global-color-text ); font-family: inherit; text-align: var(--text-align);\"><\/span><\/p>\n<p><span style=\"font-weight: bolder;\">dCountry:&nbsp;<\/span>Portugal<br><span style=\"color: var( --e-global-color-text ); font-family: inherit; text-align: var(--text-align); font-weight: bolder;\">Om:&nbsp;<\/span><span style=\"color: var( --e-global-color-text ); text-align: var(--text-align);\">Mekanisk chef for Greenfield pyro-anl\u00e6g, inklusive forvarmer, ovn, k\u00f8ler og hj\u00e6lpeudstyr<\/span><\/p><p><span style=\"font-weight: bolder;\">Land:<\/span>&nbsp;Portugal<br><span style=\"font-family: inherit; font-weight: bolder;\">Om:<\/span><span style=\"font-family: inherit;\">&nbsp;Mekanisk, elektrisk og automatiseringsm\u00e6ssig overv\u00e5gning ved opf\u00f8relse og idrifts\u00e6ttelse af tr\u00e6pulverfyring til kalkovn<\/span><\/p><p><span style=\"font-weight: bolder;\">Land:<\/span>&nbsp;Portugal<br><span style=\"font-family: inherit; font-weight: bolder;\">Om:<\/span><span style=\"font-family: inherit;\">&nbsp;Mekanisk, elektrisk, automatiserings- og procesteam til overv\u00e5gning af opf\u00f8relse og idrifts\u00e6ttelse af ny pyro-linje med flasht\u00e5rn, kalkovn og k\u00f8ler<\/span><\/p><p><span style=\"font-weight: bolder;\">Land:<\/span>&nbsp;Taiwan<br><span style=\"font-family: inherit; font-weight: bolder;\">Om:<\/span><span style=\"font-family: inherit;\">&nbsp;Komplet pyro-audit af forvarmer, ovn og k\u00f8ler<br><\/span><span style=\"color: var( --e-global-color-text ); text-align: var(--text-align);\"><\/span><\/p>\n<p><span style=\"font-weight: bolder;\">Land:&nbsp;<\/span>USA<br><span style=\"color: var( --e-global-color-text ); font-family: inherit; text-align: var(--text-align); font-weight: bolder;\">Om: <\/span><span style=\"color: var( --e-global-color-text ); font-family: inherit; text-align: var(--text-align);\">Opgradering af eksisterende ovn<br><\/span><\/p>\n<div>\n<p><span style=\"color: inherit; font-family: inherit; font-size: 2rem; text-align: var(--text-align);\">Udvalgte projekter 2024<\/span><\/p>\n<p><strong>Land:<\/strong>&nbsp;Brasilien&nbsp;<br><strong>Om:&nbsp;<\/strong>Commissioning, opstart og drift, inkl. ydelsestest (PGT) af ny pyroline \u2013 inkl. flash-t\u00f8rrer, ovn, k\u00f8ler og tilh\u00f8rende udstyr <\/p>\n<p><strong>Land:<\/strong>&nbsp;Kina<br><strong>Om: &nbsp;<\/strong>Commissioning, opstart og drift, inkl. ydelsestest (PGT) af ny pyroline \u2013 inkl. flash-t\u00f8rrer, ovn, k\u00f8ler og tilh\u00f8rende udstyr <\/p>\n<p><strong>Land:<\/strong> Danmark&nbsp;<br><strong>Om: <\/strong>Global mobility-services til lokal dansk l\u00f8nadministration af kontorpersonale<\/p>\n<p><strong>Land:<\/strong>&nbsp;Finland&nbsp;<br><strong>Om:&nbsp;<\/strong>Commissioning, opstart og drift, inkl. ydelsestest (PGT) af ny pyroline \u2013 inkl. flash-t\u00f8rrer, ovn, k\u00f8ler og tilh\u00f8rende udstyr <\/p>\n<p><strong>Land:<\/strong>&nbsp;Tyskland&nbsp;<br><strong>Om:&nbsp;<\/strong>Installation af greenfield elektrostatisk filter (ESP)<\/p>\n<p><strong>Land:<\/strong> Indonesien&nbsp;<br><strong>Om: <\/strong>Site manager \u2013 inkl. bistand med lokal arbejdstilladelse, l\u00f8nadministration og boligarrangementer <\/p>\n<p><strong>Land:<\/strong> Indonesien&nbsp;<br><strong>Om: <\/strong>Automationsingeni\u00f8r \u2013 inkl. bistand med lokal arbejdstilladelse, l\u00f8nadministration og boligarrangementer <\/p>\n<p><strong>Land:<\/strong> USA<br><strong>Om: <\/strong>Site manager til installation af komplet ny powerline \u2013 inkl. flash, ovn og k\u00f8ler<\/p>\n<p><span style=\"font-weight: bolder;\">Land:<\/span>&nbsp;USA<br><span style=\"font-weight: bolder;\">Om:&nbsp;<\/span>Proces-idrifts\u00e6ttelse af ny pyroline<\/p>\n<h2>Udvalgte projekter 2023<\/h2>\n<p><strong>Land:<\/strong>&nbsp;Brasilien<br><strong>Om:<\/strong>&nbsp;Installation og idrifts\u00e6ttelse af ny br\u00e6nder til ovn<\/p>\n<p><strong>Land:<\/strong>&nbsp;Brasilien<br><strong>Om:<\/strong>&nbsp;Installation og idrifts\u00e6ttelse af ny pyroline<\/p>\n<p><strong>Land:<\/strong>&nbsp;Brasilien<br><strong>Om:<\/strong>&nbsp;Installation og idrifts\u00e6ttelse af nyt elektrostatisk filter (ESP)<\/p>\n<p><strong>Land:<\/strong>&nbsp;Brasilien<br><strong>Om:<\/strong>&nbsp;Mekanisk supervisor for nyt elektrostatisk filter (ESP)<\/p>\n<p><strong>Land:<\/strong>&nbsp;Brasilien<br><strong>Om:<\/strong>&nbsp;Forskellige opgaver inden for procesfejlfinding og optimering<\/p>\n<p><strong>Land:<\/strong>&nbsp;Kina<br><strong>Om:<\/strong>&nbsp;Kunderepr\u00e6sentant ved fejlfinding p\u00e5 scrubbere<\/p>\n<p><strong>Land:<\/strong>&nbsp;Danmark<br><strong>Om:<\/strong>&nbsp;Logistik- og shippingkoordinator<\/p>\n<p><strong>Land:<\/strong>&nbsp;Finland<br><strong>Om:<\/strong>&nbsp;Omr\u00e5deleder for ny pyroline<\/p>\n<p><strong>Land:&nbsp;<\/strong>Finland<br><strong>Om:&nbsp;<\/strong>Mekanisk og procesm\u00e6ssig idrifts\u00e6ttelsesleder for ny greenfield pyroline&nbsp;&nbsp;<\/p>\n<p><strong>Land:<\/strong>&nbsp;Finland<br><strong>Om:<\/strong>&nbsp;Proces-idrifts\u00e6ttelse af ny pyroline<\/p>\n<p><strong>Land:<\/strong>&nbsp;Finland<br><strong>Om:<\/strong>&nbsp;Kvalitetssikring og kvalitetskontrol (QA\/QC)<\/p>\n<p><strong>Land:<\/strong>&nbsp;Finland<br><strong>Om:<\/strong>&nbsp;Hovedansvarlig for idrifts\u00e6ttelse af ny pyroline<\/p>\n<p><strong>Land:<\/strong>&nbsp;Polen<br><strong>Om:<\/strong>&nbsp;Teknisk audit af forskellige pyro-linjer<\/p>\n<p><strong>Land:<\/strong>&nbsp;Polen<br><strong>Om:<\/strong>&nbsp;Operat\u00f8rtr\u00e6ning i forbindelse med pyroline<\/p>\n<p><strong>Land:<\/strong>&nbsp;Portugal<br><strong>Om:&nbsp;<\/strong>Mekanisk installation af ny pyroline<\/p>\n<p><strong>Land:<\/strong>&nbsp;Portugal<br><strong>Om:&nbsp;<\/strong>Proces-idrifts\u00e6ttelse af ny pyroline<\/p>\n<p><strong>Land:<\/strong>&nbsp;Spanien<br><strong>Om:<\/strong>&nbsp;Mekanisk omr\u00e5deleder for ny pyroline<\/p>\n<p><strong>Land<\/strong>: Spanien<br><strong>Om:<\/strong>&nbsp;Idrifts\u00e6ttelsesleder for ny pyroline<\/p>\n<p><strong>Land:<\/strong>&nbsp;Spanien<br><strong>Om:<\/strong>&nbsp;Idrifts\u00e6ttelse og opstart af ny pyroline<\/p>\n<h2>Udvalgte projekter 2022<\/h2>\n<p><strong>Land:&nbsp;<\/strong>Chile<strong><br><\/strong><strong>Om:&nbsp;<\/strong>Site management og konstruktionssupervision (mekanisk, elektrisk, automation og proces-idrifts\u00e6ttelse) af komplet greenfield pyroline<\/p>\n<p><strong>Land:&nbsp;<\/strong>Indonesien<br><strong>Om:&nbsp;<\/strong>Site management og konstruktionssupervision (mekanisk, elektrisk, automation og proces-idrifts\u00e6ttelse) af to komplette greenfield pyroliner<\/p>\n<p><strong>Land:&nbsp;<\/strong>Laos<br><strong>Om:&nbsp;<\/strong>Mekanisk opf\u00f8relse af \u00e9n komplet greenfield pyroline<\/p>\n<p><strong>Land:&nbsp;<\/strong>Vietnam<br><strong>Om:&nbsp;<\/strong>Et\u00e5rig opstartskontrakt for nyt Greenfield-anl\u00e6g. Plant Supervision leverede b\u00e5de ledelse og et komplet procesteam <\/p>\n<h2>Udvalgte projekter 2021<\/h2>\n<p><strong>Land:&nbsp;<\/strong>Pakistan<br><strong>Om:&nbsp;<\/strong>Mekanisk og elektrisk supervision samt idrifts\u00e6ttelse af nyt pakkesystem&nbsp;&nbsp;<\/p>\n<p><strong>Kontakt os for mere specifikke referencer fra papir- og papirmasseindustrien.<br> <br> <br> <br> &nbsp;<\/strong><\/p>\n<\/div>\t\t\t\t\t\t\t\t<\/div>\n\t\t\t\t<\/div>\n\t\t\t\t\t<\/div>\n\t\t\t\t<\/div>\n\t\t\t\t<\/div>\n\t\t","protected":false},"excerpt":{"rendered":"<p>Udvalgte projekter 2025 Land:&nbsp;BrasilienOm:&nbsp;QA\/QC p\u00e5 mekanisk v\u00e6rksted. Overv\u00e5gning af konstruktion af ovnskaller Land: KinaOm: Opf\u00f8relse af nye scrubbersystemer Land:&nbsp;FinlandOm:&nbsp;Ydelsestest af ny pyro-linje, inklusive forvarmer, ovn og k\u00f8ler Land:&nbsp;FinlandOm:&nbsp;Mekanisk fejlfinding p\u00e5 elektrostatisk filter (ESP) Land:&nbsp;FinlandOm: Mekanisk fejlfinding og udskiftning af indl\u00f8bst\u00e6tning p\u00e5 klinker-cementovn Land:&nbsp;FinlandOm:&nbsp;Ydelses- og garantitest af ny pyro-linje Land:&nbsp;FrankrigOm:&nbsp;Elektrisk og automatiseringsm\u00e6ssig overv\u00e5gning samt idrifts\u00e6ttelse af [&hellip;]<\/p>\n","protected":false},"author":2,"featured_media":866,"parent":9227,"menu_order":0,"comment_status":"closed","ping_status":"closed","template":"","meta":{"content-type":"","footnotes":""},"class_list":["post-9310","page","type-page","status-publish","has-post-thumbnail","hentry"],"yoast_head":"<!-- This site is optimized with the Yoast SEO plugin v27.5 - https:\/\/yoast.com\/product\/yoast-seo-wordpress\/ -->\n<title>Referencer: Udvalgte projekter i papir- og papirmasse industrien<\/title>\n<meta name=\"description\" content=\"Udforsk udvalgte projekter, som vi har assisteret med over hele verden for vores kunder i papir- og papirmasse industrien \u2192\" \/>\n<meta name=\"robots\" content=\"index, follow, max-snippet:-1, max-image-preview:large, max-video-preview:-1\" \/>\n<link rel=\"canonical\" href=\"https:\/\/plant-supervision.com\/da\/referencer\/pulp-paper\/\" \/>\n<meta property=\"og:locale\" content=\"da_DK\" \/>\n<meta property=\"og:type\" content=\"article\" \/>\n<meta property=\"og:title\" content=\"Referencer: Udvalgte projekter i papir- og papirmasse industrien\" \/>\n<meta property=\"og:description\" content=\"Udforsk udvalgte projekter, som vi har assisteret med over hele verden for vores kunder i papir- og papirmasse industrien \u2192\" \/>\n<meta property=\"og:url\" content=\"https:\/\/plant-supervision.com\/da\/referencer\/pulp-paper\/\" \/>\n<meta property=\"og:site_name\" content=\"Plant Supervision\" \/>\n<meta property=\"article:modified_time\" content=\"2025-06-19T11:09:45+00:00\" \/>\n<meta property=\"og:image\" content=\"https:\/\/plant-supervision.com\/wp-content\/uploads\/2024\/01\/pulp-and-paper.jpg\" \/>\n\t<meta property=\"og:image:width\" content=\"750\" \/>\n\t<meta property=\"og:image:height\" content=\"750\" \/>\n\t<meta property=\"og:image:type\" content=\"image\/jpeg\" \/>\n<meta name=\"twitter:card\" content=\"summary_large_image\" \/>\n<meta name=\"twitter:label1\" content=\"Estimeret l\u00e6setid\" \/>\n\t<meta name=\"twitter:data1\" content=\"3 minutter\" \/>\n<script type=\"application\/ld+json\" class=\"yoast-schema-graph\">{\"@context\":\"https:\\\/\\\/schema.org\",\"@graph\":[{\"@type\":\"WebPage\",\"@id\":\"https:\\\/\\\/plant-supervision.com\\\/da\\\/referencer\\\/pulp-paper\\\/\",\"url\":\"https:\\\/\\\/plant-supervision.com\\\/da\\\/referencer\\\/pulp-paper\\\/\",\"name\":\"Referencer: Udvalgte projekter i papir- og papirmasse industrien\",\"isPartOf\":{\"@id\":\"https:\\\/\\\/plantsupervision.web07.tigermedia.eu\\\/#website\"},\"primaryImageOfPage\":{\"@id\":\"https:\\\/\\\/plant-supervision.com\\\/da\\\/referencer\\\/pulp-paper\\\/#primaryimage\"},\"image\":{\"@id\":\"https:\\\/\\\/plant-supervision.com\\\/da\\\/referencer\\\/pulp-paper\\\/#primaryimage\"},\"thumbnailUrl\":\"https:\\\/\\\/plant-supervision.com\\\/wp-content\\\/uploads\\\/2024\\\/01\\\/pulp-and-paper.jpg\",\"datePublished\":\"2024-01-25T08:42:24+00:00\",\"dateModified\":\"2025-06-19T11:09:45+00:00\",\"description\":\"Udforsk udvalgte projekter, som vi har assisteret med over hele verden for vores kunder i papir- og papirmasse industrien \u2192\",\"breadcrumb\":{\"@id\":\"https:\\\/\\\/plant-supervision.com\\\/da\\\/referencer\\\/pulp-paper\\\/#breadcrumb\"},\"inLanguage\":\"da-DK\",\"potentialAction\":[{\"@type\":\"ReadAction\",\"target\":[\"https:\\\/\\\/plant-supervision.com\\\/da\\\/referencer\\\/pulp-paper\\\/\"]}]},{\"@type\":\"ImageObject\",\"inLanguage\":\"da-DK\",\"@id\":\"https:\\\/\\\/plant-supervision.com\\\/da\\\/referencer\\\/pulp-paper\\\/#primaryimage\",\"url\":\"https:\\\/\\\/plant-supervision.com\\\/wp-content\\\/uploads\\\/2024\\\/01\\\/pulp-and-paper.jpg\",\"contentUrl\":\"https:\\\/\\\/plant-supervision.com\\\/wp-content\\\/uploads\\\/2024\\\/01\\\/pulp-and-paper.jpg\",\"width\":750,\"height\":750},{\"@type\":\"BreadcrumbList\",\"@id\":\"https:\\\/\\\/plant-supervision.com\\\/da\\\/referencer\\\/pulp-paper\\\/#breadcrumb\",\"itemListElement\":[{\"@type\":\"ListItem\",\"position\":1,\"name\":\"Home\",\"item\":\"https:\\\/\\\/plant-supervision.com\\\/da\\\/forside\\\/\"},{\"@type\":\"ListItem\",\"position\":2,\"name\":\"Referencer\",\"item\":\"https:\\\/\\\/plant-supervision.com\\\/da\\\/referencer\\\/\"},{\"@type\":\"ListItem\",\"position\":3,\"name\":\"Pulp &amp; Paper\"}]},{\"@type\":\"WebSite\",\"@id\":\"https:\\\/\\\/plantsupervision.web07.tigermedia.eu\\\/#website\",\"url\":\"https:\\\/\\\/plantsupervision.web07.tigermedia.eu\\\/\",\"name\":\"Plant Supervision\",\"description\":\"\",\"publisher\":{\"@id\":\"https:\\\/\\\/plantsupervision.web07.tigermedia.eu\\\/#organization\"},\"potentialAction\":[{\"@type\":\"SearchAction\",\"target\":{\"@type\":\"EntryPoint\",\"urlTemplate\":\"https:\\\/\\\/plantsupervision.web07.tigermedia.eu\\\/?s={search_term_string}\"},\"query-input\":{\"@type\":\"PropertyValueSpecification\",\"valueRequired\":true,\"valueName\":\"search_term_string\"}}],\"inLanguage\":\"da-DK\"},{\"@type\":\"Organization\",\"@id\":\"https:\\\/\\\/plantsupervision.web07.tigermedia.eu\\\/#organization\",\"name\":\"Plant Supervision\",\"url\":\"https:\\\/\\\/plantsupervision.web07.tigermedia.eu\\\/\",\"logo\":{\"@type\":\"ImageObject\",\"inLanguage\":\"da-DK\",\"@id\":\"https:\\\/\\\/plantsupervision.web07.tigermedia.eu\\\/#\\\/schema\\\/logo\\\/image\\\/\",\"url\":\"https:\\\/\\\/plant-supervision.com\\\/wp-content\\\/uploads\\\/2023\\\/11\\\/ps_logo_blue.svg\",\"contentUrl\":\"https:\\\/\\\/plant-supervision.com\\\/wp-content\\\/uploads\\\/2023\\\/11\\\/ps_logo_blue.svg\",\"width\":549,\"height\":121,\"caption\":\"Plant Supervision\"},\"image\":{\"@id\":\"https:\\\/\\\/plantsupervision.web07.tigermedia.eu\\\/#\\\/schema\\\/logo\\\/image\\\/\"},\"sameAs\":[\"https:\\\/\\\/www.linkedin.com\\\/company\\\/plant-supervision\\\/\"]}]}<\/script>\n<!-- \/ Yoast SEO plugin. -->","yoast_head_json":{"title":"Referencer: Udvalgte projekter i papir- og papirmasse industrien","description":"Udforsk udvalgte projekter, som vi har assisteret med over hele verden for vores kunder i papir- og papirmasse industrien \u2192","robots":{"index":"index","follow":"follow","max-snippet":"max-snippet:-1","max-image-preview":"max-image-preview:large","max-video-preview":"max-video-preview:-1"},"canonical":"https:\/\/plant-supervision.com\/da\/referencer\/pulp-paper\/","og_locale":"da_DK","og_type":"article","og_title":"Referencer: Udvalgte projekter i papir- og papirmasse industrien","og_description":"Udforsk udvalgte projekter, som vi har assisteret med over hele verden for vores kunder i papir- og papirmasse industrien \u2192","og_url":"https:\/\/plant-supervision.com\/da\/referencer\/pulp-paper\/","og_site_name":"Plant Supervision","article_modified_time":"2025-06-19T11:09:45+00:00","og_image":[{"width":750,"height":750,"url":"https:\/\/plant-supervision.com\/wp-content\/uploads\/2024\/01\/pulp-and-paper.jpg","type":"image\/jpeg"}],"twitter_card":"summary_large_image","twitter_misc":{"Estimeret l\u00e6setid":"3 minutter"},"schema":{"@context":"https:\/\/schema.org","@graph":[{"@type":"WebPage","@id":"https:\/\/plant-supervision.com\/da\/referencer\/pulp-paper\/","url":"https:\/\/plant-supervision.com\/da\/referencer\/pulp-paper\/","name":"Referencer: Udvalgte projekter i papir- og papirmasse industrien","isPartOf":{"@id":"https:\/\/plantsupervision.web07.tigermedia.eu\/#website"},"primaryImageOfPage":{"@id":"https:\/\/plant-supervision.com\/da\/referencer\/pulp-paper\/#primaryimage"},"image":{"@id":"https:\/\/plant-supervision.com\/da\/referencer\/pulp-paper\/#primaryimage"},"thumbnailUrl":"https:\/\/plant-supervision.com\/wp-content\/uploads\/2024\/01\/pulp-and-paper.jpg","datePublished":"2024-01-25T08:42:24+00:00","dateModified":"2025-06-19T11:09:45+00:00","description":"Udforsk udvalgte projekter, som vi har assisteret med over hele verden for vores kunder i papir- og papirmasse industrien \u2192","breadcrumb":{"@id":"https:\/\/plant-supervision.com\/da\/referencer\/pulp-paper\/#breadcrumb"},"inLanguage":"da-DK","potentialAction":[{"@type":"ReadAction","target":["https:\/\/plant-supervision.com\/da\/referencer\/pulp-paper\/"]}]},{"@type":"ImageObject","inLanguage":"da-DK","@id":"https:\/\/plant-supervision.com\/da\/referencer\/pulp-paper\/#primaryimage","url":"https:\/\/plant-supervision.com\/wp-content\/uploads\/2024\/01\/pulp-and-paper.jpg","contentUrl":"https:\/\/plant-supervision.com\/wp-content\/uploads\/2024\/01\/pulp-and-paper.jpg","width":750,"height":750},{"@type":"BreadcrumbList","@id":"https:\/\/plant-supervision.com\/da\/referencer\/pulp-paper\/#breadcrumb","itemListElement":[{"@type":"ListItem","position":1,"name":"Home","item":"https:\/\/plant-supervision.com\/da\/forside\/"},{"@type":"ListItem","position":2,"name":"Referencer","item":"https:\/\/plant-supervision.com\/da\/referencer\/"},{"@type":"ListItem","position":3,"name":"Pulp &amp; Paper"}]},{"@type":"WebSite","@id":"https:\/\/plantsupervision.web07.tigermedia.eu\/#website","url":"https:\/\/plantsupervision.web07.tigermedia.eu\/","name":"Plant Supervision","description":"","publisher":{"@id":"https:\/\/plantsupervision.web07.tigermedia.eu\/#organization"},"potentialAction":[{"@type":"SearchAction","target":{"@type":"EntryPoint","urlTemplate":"https:\/\/plantsupervision.web07.tigermedia.eu\/?s={search_term_string}"},"query-input":{"@type":"PropertyValueSpecification","valueRequired":true,"valueName":"search_term_string"}}],"inLanguage":"da-DK"},{"@type":"Organization","@id":"https:\/\/plantsupervision.web07.tigermedia.eu\/#organization","name":"Plant Supervision","url":"https:\/\/plantsupervision.web07.tigermedia.eu\/","logo":{"@type":"ImageObject","inLanguage":"da-DK","@id":"https:\/\/plantsupervision.web07.tigermedia.eu\/#\/schema\/logo\/image\/","url":"https:\/\/plant-supervision.com\/wp-content\/uploads\/2023\/11\/ps_logo_blue.svg","contentUrl":"https:\/\/plant-supervision.com\/wp-content\/uploads\/2023\/11\/ps_logo_blue.svg","width":549,"height":121,"caption":"Plant Supervision"},"image":{"@id":"https:\/\/plantsupervision.web07.tigermedia.eu\/#\/schema\/logo\/image\/"},"sameAs":["https:\/\/www.linkedin.com\/company\/plant-supervision\/"]}]}},"_links":{"self":[{"href":"https:\/\/plant-supervision.com\/da\/wp-json\/wp\/v2\/pages\/9310","targetHints":{"allow":["GET"]}}],"collection":[{"href":"https:\/\/plant-supervision.com\/da\/wp-json\/wp\/v2\/pages"}],"about":[{"href":"https:\/\/plant-supervision.com\/da\/wp-json\/wp\/v2\/types\/page"}],"author":[{"embeddable":true,"href":"https:\/\/plant-supervision.com\/da\/wp-json\/wp\/v2\/users\/2"}],"replies":[{"embeddable":true,"href":"https:\/\/plant-supervision.com\/da\/wp-json\/wp\/v2\/comments?post=9310"}],"version-history":[{"count":2,"href":"https:\/\/plant-supervision.com\/da\/wp-json\/wp\/v2\/pages\/9310\/revisions"}],"predecessor-version":[{"id":11536,"href":"https:\/\/plant-supervision.com\/da\/wp-json\/wp\/v2\/pages\/9310\/revisions\/11536"}],"up":[{"embeddable":true,"href":"https:\/\/plant-supervision.com\/da\/wp-json\/wp\/v2\/pages\/9227"}],"wp:featuredmedia":[{"embeddable":true,"href":"https:\/\/plant-supervision.com\/da\/wp-json\/wp\/v2\/media\/866"}],"wp:attachment":[{"href":"https:\/\/plant-supervision.com\/da\/wp-json\/wp\/v2\/media?parent=9310"}],"curies":[{"name":"wp","href":"https:\/\/api.w.org\/{rel}","templated":true}]}}