{"id":9308,"date":"2024-01-25T08:40:55","date_gmt":"2024-01-25T08:40:55","guid":{"rendered":"https:\/\/plant-supervision.com\/referencer\/power-to-x\/"},"modified":"2025-06-19T10:52:30","modified_gmt":"2025-06-19T10:52:30","slug":"power-to-x","status":"publish","type":"page","link":"https:\/\/plant-supervision.com\/da\/referencer\/power-to-x\/","title":{"rendered":"Power-to-x"},"content":{"rendered":"\t\t<div data-elementor-type=\"wp-page\" data-elementor-id=\"9308\" class=\"elementor elementor-9308 elementor-1053\" data-elementor-post-type=\"page\">\n\t\t\t\t<div class=\"elementor-element elementor-element-1a47b2b0 e-flex e-con-boxed e-con e-parent\" data-id=\"1a47b2b0\" data-element_type=\"container\" data-e-type=\"container\" data-settings=\"{&quot;jet_parallax_layout_list&quot;:[]}\">\n\t\t\t\t\t<div class=\"e-con-inner\">\n\t\t\t\t<div class=\"elementor-element elementor-element-486178ac elementor-widget elementor-widget-text-editor\" data-id=\"486178ac\" data-element_type=\"widget\" data-e-type=\"widget\" data-widget_type=\"text-editor.default\">\n\t\t\t\t<div class=\"elementor-widget-container\">\n\t\t\t\t\t\t\t\t\t<h2>Udvalgte projekter 2024<\/h2><p><strong>Land: <\/strong>Danmark<br><strong>Om: <\/strong>Et team af commissioning og elektriske supervisors til opf\u00f8relsen af et storskala e-metanolanl\u00e6g<\/p><p><strong>Land: <\/strong>Danmark<br><strong>Om: <\/strong>Operat\u00f8rer til elektrolyse-testanl\u00e6g<\/p><p><strong>Land: <\/strong>Danmark<br><strong>Om: <\/strong>Elektrisk supervisor til installation af kabler p\u00e5 e-metanolanl\u00e6g<\/p><p><span style=\"font-weight: bolder;\">Land: <\/span>Danmark<br><span style=\"font-weight: bolder;\">Om: <\/span>El-ingeni\u00f8r, field supervisor og HSE-manager til kvalitetskontrol ved opf\u00f8relse af brintanl\u00e6g<\/p><h2>Udvalgte projekter 2023<\/h2><p><strong>Land: <\/strong>Danmark<br><strong>Om: <\/strong>Commissioning engineer til installation af elektrolysatorer, inkl. FAT-test, fjernbetjening og praktiske reparationer <\/p><p><strong>Land: <\/strong>Holland<br><strong>Om:<\/strong> Supervisor for mekanisk opgradering af modul\u00e6re elektrolysatorer<\/p><p><strong>Land:<\/strong> Norge<br><strong>Om:<\/strong> Commissioning engineer for modul\u00e6re elektrolysatorer inkl. SAT<\/p><p><strong>Land:<\/strong> Norge<br><strong>Om: <\/strong>Supervisor til service af modul\u00e6re elektrolysatorer<\/p><p><strong>Land: <\/strong>Storbritannien<br><strong>Om: <\/strong>Commissioning engineer for modul\u00e6re elektrolysatorer inkl. SAT<\/p><p><strong>Kontakt os for mere specifikke referencer fra Power-to-X industrien. <\/strong><\/p>\t\t\t\t\t\t\t\t<\/div>\n\t\t\t\t<\/div>\n\t\t\t\t\t<\/div>\n\t\t\t\t<\/div>\n\t\t\t\t<\/div>\n\t\t","protected":false},"excerpt":{"rendered":"<p>Udvalgte projekter 2024 Land: DanmarkOm: Et team af commissioning og elektriske supervisors til opf\u00f8relsen af et storskala e-metanolanl\u00e6g Land: DanmarkOm: Operat\u00f8rer til elektrolyse-testanl\u00e6g Land: DanmarkOm: Elektrisk supervisor til installation af kabler p\u00e5 e-metanolanl\u00e6g Land: DanmarkOm: El-ingeni\u00f8r, field supervisor og HSE-manager til kvalitetskontrol ved opf\u00f8relse af brintanl\u00e6g Udvalgte projekter 2023 Land: DanmarkOm: Commissioning engineer til installation [&hellip;]<\/p>\n","protected":false},"author":2,"featured_media":1148,"parent":9227,"menu_order":0,"comment_status":"closed","ping_status":"closed","template":"","meta":{"content-type":"","footnotes":""},"class_list":["post-9308","page","type-page","status-publish","has-post-thumbnail","hentry"],"yoast_head":"<!-- This site is optimized with the Yoast SEO plugin v27.5 - https:\/\/yoast.com\/product\/yoast-seo-wordpress\/ -->\n<title>Referencer: Udvalgte projekter i Power-to-X industrien<\/title>\n<meta name=\"description\" content=\"Udforsk udvalgte projekter, som vi har assisteret med over hele verden for vores kunder i Power-to-X-industrien \u2192\" \/>\n<meta name=\"robots\" content=\"index, follow, max-snippet:-1, max-image-preview:large, max-video-preview:-1\" \/>\n<link rel=\"canonical\" href=\"https:\/\/plant-supervision.com\/da\/referencer\/power-to-x\/\" \/>\n<meta property=\"og:locale\" content=\"da_DK\" \/>\n<meta property=\"og:type\" content=\"article\" \/>\n<meta property=\"og:title\" content=\"Referencer: Udvalgte projekter i Power-to-X industrien\" \/>\n<meta property=\"og:description\" content=\"Udforsk udvalgte projekter, som vi har assisteret med over hele verden for vores kunder i Power-to-X-industrien \u2192\" \/>\n<meta property=\"og:url\" content=\"https:\/\/plant-supervision.com\/da\/referencer\/power-to-x\/\" \/>\n<meta property=\"og:site_name\" content=\"Plant Supervision\" \/>\n<meta property=\"article:modified_time\" content=\"2025-06-19T10:52:30+00:00\" \/>\n<meta property=\"og:image\" content=\"https:\/\/plant-supervision.com\/wp-content\/uploads\/2024\/01\/power-to-x-1.jpg\" \/>\n\t<meta property=\"og:image:width\" content=\"750\" \/>\n\t<meta property=\"og:image:height\" content=\"750\" \/>\n\t<meta property=\"og:image:type\" content=\"image\/jpeg\" \/>\n<meta name=\"twitter:card\" content=\"summary_large_image\" \/>\n<meta name=\"twitter:label1\" content=\"Estimeret l\u00e6setid\" \/>\n\t<meta name=\"twitter:data1\" content=\"1 minut\" \/>\n<script type=\"application\/ld+json\" class=\"yoast-schema-graph\">{\"@context\":\"https:\\\/\\\/schema.org\",\"@graph\":[{\"@type\":\"WebPage\",\"@id\":\"https:\\\/\\\/plant-supervision.com\\\/da\\\/referencer\\\/power-to-x\\\/\",\"url\":\"https:\\\/\\\/plant-supervision.com\\\/da\\\/referencer\\\/power-to-x\\\/\",\"name\":\"Referencer: Udvalgte projekter i Power-to-X industrien\",\"isPartOf\":{\"@id\":\"https:\\\/\\\/plantsupervision.web07.tigermedia.eu\\\/#website\"},\"primaryImageOfPage\":{\"@id\":\"https:\\\/\\\/plant-supervision.com\\\/da\\\/referencer\\\/power-to-x\\\/#primaryimage\"},\"image\":{\"@id\":\"https:\\\/\\\/plant-supervision.com\\\/da\\\/referencer\\\/power-to-x\\\/#primaryimage\"},\"thumbnailUrl\":\"https:\\\/\\\/plant-supervision.com\\\/wp-content\\\/uploads\\\/2024\\\/01\\\/power-to-x-1.jpg\",\"datePublished\":\"2024-01-25T08:40:55+00:00\",\"dateModified\":\"2025-06-19T10:52:30+00:00\",\"description\":\"Udforsk udvalgte projekter, som vi har assisteret med over hele verden for vores kunder i Power-to-X-industrien \u2192\",\"breadcrumb\":{\"@id\":\"https:\\\/\\\/plant-supervision.com\\\/da\\\/referencer\\\/power-to-x\\\/#breadcrumb\"},\"inLanguage\":\"da-DK\",\"potentialAction\":[{\"@type\":\"ReadAction\",\"target\":[\"https:\\\/\\\/plant-supervision.com\\\/da\\\/referencer\\\/power-to-x\\\/\"]}]},{\"@type\":\"ImageObject\",\"inLanguage\":\"da-DK\",\"@id\":\"https:\\\/\\\/plant-supervision.com\\\/da\\\/referencer\\\/power-to-x\\\/#primaryimage\",\"url\":\"https:\\\/\\\/plant-supervision.com\\\/wp-content\\\/uploads\\\/2024\\\/01\\\/power-to-x-1.jpg\",\"contentUrl\":\"https:\\\/\\\/plant-supervision.com\\\/wp-content\\\/uploads\\\/2024\\\/01\\\/power-to-x-1.jpg\",\"width\":750,\"height\":750},{\"@type\":\"BreadcrumbList\",\"@id\":\"https:\\\/\\\/plant-supervision.com\\\/da\\\/referencer\\\/power-to-x\\\/#breadcrumb\",\"itemListElement\":[{\"@type\":\"ListItem\",\"position\":1,\"name\":\"Home\",\"item\":\"https:\\\/\\\/plant-supervision.com\\\/da\\\/forside\\\/\"},{\"@type\":\"ListItem\",\"position\":2,\"name\":\"Referencer\",\"item\":\"https:\\\/\\\/plant-supervision.com\\\/da\\\/referencer\\\/\"},{\"@type\":\"ListItem\",\"position\":3,\"name\":\"Power-to-x\"}]},{\"@type\":\"WebSite\",\"@id\":\"https:\\\/\\\/plantsupervision.web07.tigermedia.eu\\\/#website\",\"url\":\"https:\\\/\\\/plantsupervision.web07.tigermedia.eu\\\/\",\"name\":\"Plant Supervision\",\"description\":\"\",\"publisher\":{\"@id\":\"https:\\\/\\\/plantsupervision.web07.tigermedia.eu\\\/#organization\"},\"potentialAction\":[{\"@type\":\"SearchAction\",\"target\":{\"@type\":\"EntryPoint\",\"urlTemplate\":\"https:\\\/\\\/plantsupervision.web07.tigermedia.eu\\\/?s={search_term_string}\"},\"query-input\":{\"@type\":\"PropertyValueSpecification\",\"valueRequired\":true,\"valueName\":\"search_term_string\"}}],\"inLanguage\":\"da-DK\"},{\"@type\":\"Organization\",\"@id\":\"https:\\\/\\\/plantsupervision.web07.tigermedia.eu\\\/#organization\",\"name\":\"Plant Supervision\",\"url\":\"https:\\\/\\\/plantsupervision.web07.tigermedia.eu\\\/\",\"logo\":{\"@type\":\"ImageObject\",\"inLanguage\":\"da-DK\",\"@id\":\"https:\\\/\\\/plantsupervision.web07.tigermedia.eu\\\/#\\\/schema\\\/logo\\\/image\\\/\",\"url\":\"https:\\\/\\\/plant-supervision.com\\\/wp-content\\\/uploads\\\/2023\\\/11\\\/ps_logo_blue.svg\",\"contentUrl\":\"https:\\\/\\\/plant-supervision.com\\\/wp-content\\\/uploads\\\/2023\\\/11\\\/ps_logo_blue.svg\",\"width\":549,\"height\":121,\"caption\":\"Plant Supervision\"},\"image\":{\"@id\":\"https:\\\/\\\/plantsupervision.web07.tigermedia.eu\\\/#\\\/schema\\\/logo\\\/image\\\/\"},\"sameAs\":[\"https:\\\/\\\/www.linkedin.com\\\/company\\\/plant-supervision\\\/\"]}]}<\/script>\n<!-- \/ Yoast SEO plugin. -->","yoast_head_json":{"title":"Referencer: Udvalgte projekter i Power-to-X industrien","description":"Udforsk udvalgte projekter, som vi har assisteret med over hele verden for vores kunder i Power-to-X-industrien \u2192","robots":{"index":"index","follow":"follow","max-snippet":"max-snippet:-1","max-image-preview":"max-image-preview:large","max-video-preview":"max-video-preview:-1"},"canonical":"https:\/\/plant-supervision.com\/da\/referencer\/power-to-x\/","og_locale":"da_DK","og_type":"article","og_title":"Referencer: Udvalgte projekter i Power-to-X industrien","og_description":"Udforsk udvalgte projekter, som vi har assisteret med over hele verden for vores kunder i Power-to-X-industrien \u2192","og_url":"https:\/\/plant-supervision.com\/da\/referencer\/power-to-x\/","og_site_name":"Plant Supervision","article_modified_time":"2025-06-19T10:52:30+00:00","og_image":[{"width":750,"height":750,"url":"https:\/\/plant-supervision.com\/wp-content\/uploads\/2024\/01\/power-to-x-1.jpg","type":"image\/jpeg"}],"twitter_card":"summary_large_image","twitter_misc":{"Estimeret l\u00e6setid":"1 minut"},"schema":{"@context":"https:\/\/schema.org","@graph":[{"@type":"WebPage","@id":"https:\/\/plant-supervision.com\/da\/referencer\/power-to-x\/","url":"https:\/\/plant-supervision.com\/da\/referencer\/power-to-x\/","name":"Referencer: Udvalgte projekter i Power-to-X industrien","isPartOf":{"@id":"https:\/\/plantsupervision.web07.tigermedia.eu\/#website"},"primaryImageOfPage":{"@id":"https:\/\/plant-supervision.com\/da\/referencer\/power-to-x\/#primaryimage"},"image":{"@id":"https:\/\/plant-supervision.com\/da\/referencer\/power-to-x\/#primaryimage"},"thumbnailUrl":"https:\/\/plant-supervision.com\/wp-content\/uploads\/2024\/01\/power-to-x-1.jpg","datePublished":"2024-01-25T08:40:55+00:00","dateModified":"2025-06-19T10:52:30+00:00","description":"Udforsk udvalgte projekter, som vi har assisteret med over hele verden for vores kunder i Power-to-X-industrien \u2192","breadcrumb":{"@id":"https:\/\/plant-supervision.com\/da\/referencer\/power-to-x\/#breadcrumb"},"inLanguage":"da-DK","potentialAction":[{"@type":"ReadAction","target":["https:\/\/plant-supervision.com\/da\/referencer\/power-to-x\/"]}]},{"@type":"ImageObject","inLanguage":"da-DK","@id":"https:\/\/plant-supervision.com\/da\/referencer\/power-to-x\/#primaryimage","url":"https:\/\/plant-supervision.com\/wp-content\/uploads\/2024\/01\/power-to-x-1.jpg","contentUrl":"https:\/\/plant-supervision.com\/wp-content\/uploads\/2024\/01\/power-to-x-1.jpg","width":750,"height":750},{"@type":"BreadcrumbList","@id":"https:\/\/plant-supervision.com\/da\/referencer\/power-to-x\/#breadcrumb","itemListElement":[{"@type":"ListItem","position":1,"name":"Home","item":"https:\/\/plant-supervision.com\/da\/forside\/"},{"@type":"ListItem","position":2,"name":"Referencer","item":"https:\/\/plant-supervision.com\/da\/referencer\/"},{"@type":"ListItem","position":3,"name":"Power-to-x"}]},{"@type":"WebSite","@id":"https:\/\/plantsupervision.web07.tigermedia.eu\/#website","url":"https:\/\/plantsupervision.web07.tigermedia.eu\/","name":"Plant Supervision","description":"","publisher":{"@id":"https:\/\/plantsupervision.web07.tigermedia.eu\/#organization"},"potentialAction":[{"@type":"SearchAction","target":{"@type":"EntryPoint","urlTemplate":"https:\/\/plantsupervision.web07.tigermedia.eu\/?s={search_term_string}"},"query-input":{"@type":"PropertyValueSpecification","valueRequired":true,"valueName":"search_term_string"}}],"inLanguage":"da-DK"},{"@type":"Organization","@id":"https:\/\/plantsupervision.web07.tigermedia.eu\/#organization","name":"Plant Supervision","url":"https:\/\/plantsupervision.web07.tigermedia.eu\/","logo":{"@type":"ImageObject","inLanguage":"da-DK","@id":"https:\/\/plantsupervision.web07.tigermedia.eu\/#\/schema\/logo\/image\/","url":"https:\/\/plant-supervision.com\/wp-content\/uploads\/2023\/11\/ps_logo_blue.svg","contentUrl":"https:\/\/plant-supervision.com\/wp-content\/uploads\/2023\/11\/ps_logo_blue.svg","width":549,"height":121,"caption":"Plant Supervision"},"image":{"@id":"https:\/\/plantsupervision.web07.tigermedia.eu\/#\/schema\/logo\/image\/"},"sameAs":["https:\/\/www.linkedin.com\/company\/plant-supervision\/"]}]}},"_links":{"self":[{"href":"https:\/\/plant-supervision.com\/da\/wp-json\/wp\/v2\/pages\/9308","targetHints":{"allow":["GET"]}}],"collection":[{"href":"https:\/\/plant-supervision.com\/da\/wp-json\/wp\/v2\/pages"}],"about":[{"href":"https:\/\/plant-supervision.com\/da\/wp-json\/wp\/v2\/types\/page"}],"author":[{"embeddable":true,"href":"https:\/\/plant-supervision.com\/da\/wp-json\/wp\/v2\/users\/2"}],"replies":[{"embeddable":true,"href":"https:\/\/plant-supervision.com\/da\/wp-json\/wp\/v2\/comments?post=9308"}],"version-history":[{"count":2,"href":"https:\/\/plant-supervision.com\/da\/wp-json\/wp\/v2\/pages\/9308\/revisions"}],"predecessor-version":[{"id":11535,"href":"https:\/\/plant-supervision.com\/da\/wp-json\/wp\/v2\/pages\/9308\/revisions\/11535"}],"up":[{"embeddable":true,"href":"https:\/\/plant-supervision.com\/da\/wp-json\/wp\/v2\/pages\/9227"}],"wp:featuredmedia":[{"embeddable":true,"href":"https:\/\/plant-supervision.com\/da\/wp-json\/wp\/v2\/media\/1148"}],"wp:attachment":[{"href":"https:\/\/plant-supervision.com\/da\/wp-json\/wp\/v2\/media?parent=9308"}],"curies":[{"name":"wp","href":"https:\/\/api.w.org\/{rel}","templated":true}]}}