{"id":9306,"date":"2024-01-25T08:43:02","date_gmt":"2024-01-25T08:43:02","guid":{"rendered":"https:\/\/plant-supervision.com\/referencer\/power-plant\/"},"modified":"2025-06-19T10:52:17","modified_gmt":"2025-06-19T10:52:17","slug":"power-plant","status":"publish","type":"page","link":"https:\/\/plant-supervision.com\/da\/referencer\/power-plant\/","title":{"rendered":"Power Plant"},"content":{"rendered":"\t\t<div data-elementor-type=\"wp-page\" data-elementor-id=\"9306\" class=\"elementor elementor-9306 elementor-1067\" data-elementor-post-type=\"page\">\n\t\t\t\t<div class=\"elementor-element elementor-element-136e55f1 e-flex e-con-boxed e-con e-parent\" data-id=\"136e55f1\" data-element_type=\"container\" data-e-type=\"container\" data-settings=\"{&quot;jet_parallax_layout_list&quot;:[]}\">\n\t\t\t\t\t<div class=\"e-con-inner\">\n\t\t\t\t<div class=\"elementor-element elementor-element-3bd22b0f elementor-widget elementor-widget-text-editor\" data-id=\"3bd22b0f\" data-element_type=\"widget\" data-e-type=\"widget\" data-widget_type=\"text-editor.default\">\n\t\t\t\t<div class=\"elementor-widget-container\">\n\t\t\t\t\t\t\t\t\t<h2 style=\"font-family: Roboto, sans-serif; color: #000000;\">Udvalgte projekter 2025<\/h2>\n<div>\n<p><span style=\"font-weight: bolder;\">Land:&nbsp;<\/span>Egypten<br><span style=\"font-weight: bolder;\">Om:&nbsp;<\/span>Procesingeni\u00f8r til drift af brintanl\u00e6g<\/p>\n<\/div>\n<div><span style=\"font-weight: bolder;\">Land: <\/span>Holland<br><span style=\"font-weight: bolder;\">Om: <\/span>Datacenter og backup-generator<\/div>\n<h2 style=\"font-family: Roboto, sans-serif; color: #000000;\">Udvalgte projekter 2024<\/h2>\n<div><strong>Land:&nbsp;<\/strong>Danmark<br><strong>Om: <\/strong>Mekanisk supervisor ved audit af biomassefyret kedel<\/div>\n<div>&nbsp;<\/div>\n<div><span style=\"font-weight: bolder;\">Land: <\/span>Danmark<\/div>\n<div><span style=\"font-weight: bolder;\">Om:&nbsp;<\/span>Mekanisk supervisor ved audit af risten i en biomassefyret kedel<\/div>\n<div>&nbsp;<\/div>\n<div><strong>Land:&nbsp;<\/strong>Frankrig<br><strong>Om:&nbsp;<\/strong>El-ingeni\u00f8r til QA\/QC p\u00e5 opf\u00f8relsen af et biomassekraftv\u00e6rk<\/div>\n<div>&nbsp;<\/div>\n<div><strong>Land:&nbsp;<\/strong>Frankrig<br><strong>Om: <\/strong>Elektrisk supervisor til QA\/QC af kabelarbejde p\u00e5 biomassefyret kedel<\/div>\n<div>&nbsp;<\/div>\n<div><strong>Land:&nbsp;<\/strong>Frankrig<\/div>\n<div><strong>Om: <\/strong>Commissioning engineer med ansvar for elektrisk QA\/QC, dokumenth\u00e5ndtering, as-built dokumentation og kold idrifts\u00e6ttelse p\u00e5 biomassekraftv\u00e6rk<\/div>\n<div>&nbsp;<\/div>\n<div><strong>Land:&nbsp;<\/strong>Norge<br><strong>Om: <\/strong>Site manager for opf\u00f8relse af Green Energy-anl\u00e6g<\/div>\n<div>&nbsp;<\/div>\n<div><strong>Land:&nbsp;<\/strong>Ukraine<br><strong>Om: <\/strong>Supervisor og commssioning engineer for afkarboniseringsanl\u00e6g ved et biogasanl\u00e6g<\/div>\n<h2>Udvalgte projekter 2023<\/h2>\n<p><strong>Country:&nbsp;<\/strong>Danmark<br><strong>About:&nbsp;<\/strong>Ledende installationsingeni\u00f8r for opf\u00f8relsen af et LGB-anl\u00e6g (Liquefied Biogas)<\/p>\n<p><strong>Land:&nbsp;<\/strong>Denmark<br><strong>Om:&nbsp;<\/strong>R\u00f8rsvejser i forbindelse med audit af biomassefyret kedel<\/p>\n<p><strong>Land:&nbsp;<\/strong>Danmark<br><strong>Om: <\/strong>Commissioning engineer med speciale i biogasanl\u00e6g og add-ons til afkarbonisering&nbsp;<\/p>\n<p><strong>Land:&nbsp;<\/strong>Danmark<br><strong>Om:&nbsp;<\/strong>Site supervisor for installation af alt r\u00f8rsystem i forbindelse med afkarbonisering tilf\u00f8jelse til biogasanl\u00e6g<\/p>\n<p><strong>Land:&nbsp;<\/strong>Danmark<br><strong>Om:&nbsp;<\/strong>Mekanisk tilsyn med auditering af biomassekraftv\u00e6rk<\/p>\n<p><strong>Land:&nbsp;<\/strong>Sverige<br><strong>Om:&nbsp;<\/strong>ekanisk supervision af f\u00f8der og rist installation p\u00e5 ristfyret kedel<\/p>\n<p><strong>Land:&nbsp;<\/strong>Sverige<br><strong>Om:&nbsp;<\/strong>TIG-svejser i forbindelse med audit p\u00e5 biomassefyret kraftv\u00e6rk&nbsp;<\/p>\n<p><strong>Land:&nbsp;<\/strong>Storbritannien<br><strong>Om: <\/strong>O&amp;M-manager og anl\u00e6gsleder for driften af et nyopf\u00f8rt biomassekraftv\u00e6rk<\/p>\n<h1>Udvalgte projekter 2022<\/h1>\n<p><strong>Land:&nbsp;<\/strong>Frankrig<br><strong>About:&nbsp;<\/strong>Elektrisk supervisor ved installation af biomassekraftv\u00e6rk<\/p>\n<p><strong>Land:&nbsp;<\/strong>Tyrkiet<br><strong>Om: <\/strong>Commissioning engineer til varm idrifts\u00e6ttelse af biomassefyret kraftv\u00e6rk<\/p>\n<p><strong>Kontakt os for mere specifikke referencer fra kraftv\u00e6rksindustrien. <\/strong><\/p>\t\t\t\t\t\t\t\t<\/div>\n\t\t\t\t<\/div>\n\t\t\t\t\t<\/div>\n\t\t\t\t<\/div>\n\t\t\t\t<\/div>\n\t\t","protected":false},"excerpt":{"rendered":"<p>Udvalgte projekter 2025 Land:&nbsp;EgyptenOm:&nbsp;Procesingeni\u00f8r til drift af brintanl\u00e6g Land: HollandOm: Datacenter og backup-generator Udvalgte projekter 2024 Land:&nbsp;DanmarkOm: Mekanisk supervisor ved audit af biomassefyret kedel &nbsp; Land: Danmark Om:&nbsp;Mekanisk supervisor ved audit af risten i en biomassefyret kedel &nbsp; Land:&nbsp;FrankrigOm:&nbsp;El-ingeni\u00f8r til QA\/QC p\u00e5 opf\u00f8relsen af et biomassekraftv\u00e6rk &nbsp; Land:&nbsp;FrankrigOm: Elektrisk supervisor til QA\/QC af kabelarbejde p\u00e5 [&hellip;]<\/p>\n","protected":false},"author":2,"featured_media":876,"parent":9227,"menu_order":0,"comment_status":"closed","ping_status":"closed","template":"","meta":{"content-type":"","footnotes":""},"class_list":["post-9306","page","type-page","status-publish","has-post-thumbnail","hentry"],"yoast_head":"<!-- This site is optimized with the Yoast SEO plugin v27.4 - https:\/\/yoast.com\/product\/yoast-seo-wordpress\/ -->\n<title>Referencer: Udvalgte projekter i kraftv\u00e6rksindustrien<\/title>\n<meta name=\"description\" content=\"Udforsk udvalgte projekter, som vi har assisteret med over hele verden for vores kunder i kraftv\u00e6rksindustrien \u2192\" \/>\n<meta name=\"robots\" content=\"index, follow, max-snippet:-1, max-image-preview:large, max-video-preview:-1\" \/>\n<link rel=\"canonical\" href=\"https:\/\/plant-supervision.com\/da\/referencer\/power-plant\/\" \/>\n<meta property=\"og:locale\" content=\"da_DK\" \/>\n<meta property=\"og:type\" content=\"article\" \/>\n<meta property=\"og:title\" content=\"Referencer: Udvalgte projekter i kraftv\u00e6rksindustrien\" \/>\n<meta property=\"og:description\" content=\"Udforsk udvalgte projekter, som vi har assisteret med over hele verden for vores kunder i kraftv\u00e6rksindustrien \u2192\" \/>\n<meta property=\"og:url\" content=\"https:\/\/plant-supervision.com\/da\/referencer\/power-plant\/\" \/>\n<meta property=\"og:site_name\" content=\"Plant Supervision\" \/>\n<meta property=\"article:modified_time\" content=\"2025-06-19T10:52:17+00:00\" \/>\n<meta property=\"og:image\" content=\"https:\/\/plant-supervision.com\/wp-content\/uploads\/2024\/01\/power-plant.jpg\" \/>\n\t<meta property=\"og:image:width\" content=\"750\" \/>\n\t<meta property=\"og:image:height\" content=\"750\" \/>\n\t<meta property=\"og:image:type\" content=\"image\/jpeg\" \/>\n<meta name=\"twitter:card\" content=\"summary_large_image\" \/>\n<meta name=\"twitter:label1\" content=\"Estimeret l\u00e6setid\" \/>\n\t<meta name=\"twitter:data1\" content=\"1 minut\" \/>\n<script type=\"application\/ld+json\" class=\"yoast-schema-graph\">{\"@context\":\"https:\\\/\\\/schema.org\",\"@graph\":[{\"@type\":\"WebPage\",\"@id\":\"https:\\\/\\\/plant-supervision.com\\\/da\\\/referencer\\\/power-plant\\\/\",\"url\":\"https:\\\/\\\/plant-supervision.com\\\/da\\\/referencer\\\/power-plant\\\/\",\"name\":\"Referencer: Udvalgte projekter i kraftv\u00e6rksindustrien\",\"isPartOf\":{\"@id\":\"https:\\\/\\\/plantsupervision.web07.tigermedia.eu\\\/#website\"},\"primaryImageOfPage\":{\"@id\":\"https:\\\/\\\/plant-supervision.com\\\/da\\\/referencer\\\/power-plant\\\/#primaryimage\"},\"image\":{\"@id\":\"https:\\\/\\\/plant-supervision.com\\\/da\\\/referencer\\\/power-plant\\\/#primaryimage\"},\"thumbnailUrl\":\"https:\\\/\\\/plant-supervision.com\\\/wp-content\\\/uploads\\\/2024\\\/01\\\/power-plant.jpg\",\"datePublished\":\"2024-01-25T08:43:02+00:00\",\"dateModified\":\"2025-06-19T10:52:17+00:00\",\"description\":\"Udforsk udvalgte projekter, som vi har assisteret med over hele verden for vores kunder i kraftv\u00e6rksindustrien \u2192\",\"breadcrumb\":{\"@id\":\"https:\\\/\\\/plant-supervision.com\\\/da\\\/referencer\\\/power-plant\\\/#breadcrumb\"},\"inLanguage\":\"da-DK\",\"potentialAction\":[{\"@type\":\"ReadAction\",\"target\":[\"https:\\\/\\\/plant-supervision.com\\\/da\\\/referencer\\\/power-plant\\\/\"]}]},{\"@type\":\"ImageObject\",\"inLanguage\":\"da-DK\",\"@id\":\"https:\\\/\\\/plant-supervision.com\\\/da\\\/referencer\\\/power-plant\\\/#primaryimage\",\"url\":\"https:\\\/\\\/plant-supervision.com\\\/wp-content\\\/uploads\\\/2024\\\/01\\\/power-plant.jpg\",\"contentUrl\":\"https:\\\/\\\/plant-supervision.com\\\/wp-content\\\/uploads\\\/2024\\\/01\\\/power-plant.jpg\",\"width\":750,\"height\":750},{\"@type\":\"BreadcrumbList\",\"@id\":\"https:\\\/\\\/plant-supervision.com\\\/da\\\/referencer\\\/power-plant\\\/#breadcrumb\",\"itemListElement\":[{\"@type\":\"ListItem\",\"position\":1,\"name\":\"Home\",\"item\":\"https:\\\/\\\/plant-supervision.com\\\/da\\\/forside\\\/\"},{\"@type\":\"ListItem\",\"position\":2,\"name\":\"Referencer\",\"item\":\"https:\\\/\\\/plant-supervision.com\\\/da\\\/referencer\\\/\"},{\"@type\":\"ListItem\",\"position\":3,\"name\":\"Power Plant\"}]},{\"@type\":\"WebSite\",\"@id\":\"https:\\\/\\\/plantsupervision.web07.tigermedia.eu\\\/#website\",\"url\":\"https:\\\/\\\/plantsupervision.web07.tigermedia.eu\\\/\",\"name\":\"Plant Supervision\",\"description\":\"\",\"publisher\":{\"@id\":\"https:\\\/\\\/plantsupervision.web07.tigermedia.eu\\\/#organization\"},\"potentialAction\":[{\"@type\":\"SearchAction\",\"target\":{\"@type\":\"EntryPoint\",\"urlTemplate\":\"https:\\\/\\\/plantsupervision.web07.tigermedia.eu\\\/?s={search_term_string}\"},\"query-input\":{\"@type\":\"PropertyValueSpecification\",\"valueRequired\":true,\"valueName\":\"search_term_string\"}}],\"inLanguage\":\"da-DK\"},{\"@type\":\"Organization\",\"@id\":\"https:\\\/\\\/plantsupervision.web07.tigermedia.eu\\\/#organization\",\"name\":\"Plant Supervision\",\"url\":\"https:\\\/\\\/plantsupervision.web07.tigermedia.eu\\\/\",\"logo\":{\"@type\":\"ImageObject\",\"inLanguage\":\"da-DK\",\"@id\":\"https:\\\/\\\/plantsupervision.web07.tigermedia.eu\\\/#\\\/schema\\\/logo\\\/image\\\/\",\"url\":\"https:\\\/\\\/plant-supervision.com\\\/wp-content\\\/uploads\\\/2023\\\/11\\\/ps_logo_blue.svg\",\"contentUrl\":\"https:\\\/\\\/plant-supervision.com\\\/wp-content\\\/uploads\\\/2023\\\/11\\\/ps_logo_blue.svg\",\"width\":549,\"height\":121,\"caption\":\"Plant Supervision\"},\"image\":{\"@id\":\"https:\\\/\\\/plantsupervision.web07.tigermedia.eu\\\/#\\\/schema\\\/logo\\\/image\\\/\"},\"sameAs\":[\"https:\\\/\\\/www.linkedin.com\\\/company\\\/plant-supervision\\\/\"]}]}<\/script>\n<!-- \/ Yoast SEO plugin. -->","yoast_head_json":{"title":"Referencer: Udvalgte projekter i kraftv\u00e6rksindustrien","description":"Udforsk udvalgte projekter, som vi har assisteret med over hele verden for vores kunder i kraftv\u00e6rksindustrien \u2192","robots":{"index":"index","follow":"follow","max-snippet":"max-snippet:-1","max-image-preview":"max-image-preview:large","max-video-preview":"max-video-preview:-1"},"canonical":"https:\/\/plant-supervision.com\/da\/referencer\/power-plant\/","og_locale":"da_DK","og_type":"article","og_title":"Referencer: Udvalgte projekter i kraftv\u00e6rksindustrien","og_description":"Udforsk udvalgte projekter, som vi har assisteret med over hele verden for vores kunder i kraftv\u00e6rksindustrien \u2192","og_url":"https:\/\/plant-supervision.com\/da\/referencer\/power-plant\/","og_site_name":"Plant Supervision","article_modified_time":"2025-06-19T10:52:17+00:00","og_image":[{"width":750,"height":750,"url":"https:\/\/plant-supervision.com\/wp-content\/uploads\/2024\/01\/power-plant.jpg","type":"image\/jpeg"}],"twitter_card":"summary_large_image","twitter_misc":{"Estimeret l\u00e6setid":"1 minut"},"schema":{"@context":"https:\/\/schema.org","@graph":[{"@type":"WebPage","@id":"https:\/\/plant-supervision.com\/da\/referencer\/power-plant\/","url":"https:\/\/plant-supervision.com\/da\/referencer\/power-plant\/","name":"Referencer: Udvalgte projekter i kraftv\u00e6rksindustrien","isPartOf":{"@id":"https:\/\/plantsupervision.web07.tigermedia.eu\/#website"},"primaryImageOfPage":{"@id":"https:\/\/plant-supervision.com\/da\/referencer\/power-plant\/#primaryimage"},"image":{"@id":"https:\/\/plant-supervision.com\/da\/referencer\/power-plant\/#primaryimage"},"thumbnailUrl":"https:\/\/plant-supervision.com\/wp-content\/uploads\/2024\/01\/power-plant.jpg","datePublished":"2024-01-25T08:43:02+00:00","dateModified":"2025-06-19T10:52:17+00:00","description":"Udforsk udvalgte projekter, som vi har assisteret med over hele verden for vores kunder i kraftv\u00e6rksindustrien \u2192","breadcrumb":{"@id":"https:\/\/plant-supervision.com\/da\/referencer\/power-plant\/#breadcrumb"},"inLanguage":"da-DK","potentialAction":[{"@type":"ReadAction","target":["https:\/\/plant-supervision.com\/da\/referencer\/power-plant\/"]}]},{"@type":"ImageObject","inLanguage":"da-DK","@id":"https:\/\/plant-supervision.com\/da\/referencer\/power-plant\/#primaryimage","url":"https:\/\/plant-supervision.com\/wp-content\/uploads\/2024\/01\/power-plant.jpg","contentUrl":"https:\/\/plant-supervision.com\/wp-content\/uploads\/2024\/01\/power-plant.jpg","width":750,"height":750},{"@type":"BreadcrumbList","@id":"https:\/\/plant-supervision.com\/da\/referencer\/power-plant\/#breadcrumb","itemListElement":[{"@type":"ListItem","position":1,"name":"Home","item":"https:\/\/plant-supervision.com\/da\/forside\/"},{"@type":"ListItem","position":2,"name":"Referencer","item":"https:\/\/plant-supervision.com\/da\/referencer\/"},{"@type":"ListItem","position":3,"name":"Power Plant"}]},{"@type":"WebSite","@id":"https:\/\/plantsupervision.web07.tigermedia.eu\/#website","url":"https:\/\/plantsupervision.web07.tigermedia.eu\/","name":"Plant Supervision","description":"","publisher":{"@id":"https:\/\/plantsupervision.web07.tigermedia.eu\/#organization"},"potentialAction":[{"@type":"SearchAction","target":{"@type":"EntryPoint","urlTemplate":"https:\/\/plantsupervision.web07.tigermedia.eu\/?s={search_term_string}"},"query-input":{"@type":"PropertyValueSpecification","valueRequired":true,"valueName":"search_term_string"}}],"inLanguage":"da-DK"},{"@type":"Organization","@id":"https:\/\/plantsupervision.web07.tigermedia.eu\/#organization","name":"Plant Supervision","url":"https:\/\/plantsupervision.web07.tigermedia.eu\/","logo":{"@type":"ImageObject","inLanguage":"da-DK","@id":"https:\/\/plantsupervision.web07.tigermedia.eu\/#\/schema\/logo\/image\/","url":"https:\/\/plant-supervision.com\/wp-content\/uploads\/2023\/11\/ps_logo_blue.svg","contentUrl":"https:\/\/plant-supervision.com\/wp-content\/uploads\/2023\/11\/ps_logo_blue.svg","width":549,"height":121,"caption":"Plant Supervision"},"image":{"@id":"https:\/\/plantsupervision.web07.tigermedia.eu\/#\/schema\/logo\/image\/"},"sameAs":["https:\/\/www.linkedin.com\/company\/plant-supervision\/"]}]}},"_links":{"self":[{"href":"https:\/\/plant-supervision.com\/da\/wp-json\/wp\/v2\/pages\/9306","targetHints":{"allow":["GET"]}}],"collection":[{"href":"https:\/\/plant-supervision.com\/da\/wp-json\/wp\/v2\/pages"}],"about":[{"href":"https:\/\/plant-supervision.com\/da\/wp-json\/wp\/v2\/types\/page"}],"author":[{"embeddable":true,"href":"https:\/\/plant-supervision.com\/da\/wp-json\/wp\/v2\/users\/2"}],"replies":[{"embeddable":true,"href":"https:\/\/plant-supervision.com\/da\/wp-json\/wp\/v2\/comments?post=9306"}],"version-history":[{"count":2,"href":"https:\/\/plant-supervision.com\/da\/wp-json\/wp\/v2\/pages\/9306\/revisions"}],"predecessor-version":[{"id":9644,"href":"https:\/\/plant-supervision.com\/da\/wp-json\/wp\/v2\/pages\/9306\/revisions\/9644"}],"up":[{"embeddable":true,"href":"https:\/\/plant-supervision.com\/da\/wp-json\/wp\/v2\/pages\/9227"}],"wp:featuredmedia":[{"embeddable":true,"href":"https:\/\/plant-supervision.com\/da\/wp-json\/wp\/v2\/media\/876"}],"wp:attachment":[{"href":"https:\/\/plant-supervision.com\/da\/wp-json\/wp\/v2\/media?parent=9306"}],"curies":[{"name":"wp","href":"https:\/\/api.w.org\/{rel}","templated":true}]}}