{"id":9304,"date":"2024-01-25T08:43:41","date_gmt":"2024-01-25T08:43:41","guid":{"rendered":"https:\/\/plant-supervision.com\/referencer\/others\/"},"modified":"2025-06-19T10:51:46","modified_gmt":"2025-06-19T10:51:46","slug":"others","status":"publish","type":"page","link":"https:\/\/plant-supervision.com\/da\/referencer\/others\/","title":{"rendered":"Andre industrier"},"content":{"rendered":"\t\t<div data-elementor-type=\"wp-page\" data-elementor-id=\"9304\" class=\"elementor elementor-9304 elementor-1071\" data-elementor-post-type=\"page\">\n\t\t\t\t<div class=\"elementor-element elementor-element-70e5948f e-con-full e-flex e-con e-parent\" data-id=\"70e5948f\" data-element_type=\"container\" data-e-type=\"container\" data-settings=\"{&quot;jet_parallax_layout_list&quot;:[]}\">\n\t\t\t\t<div class=\"elementor-element elementor-element-75e1ad94 elementor-widget elementor-widget-text-editor\" data-id=\"75e1ad94\" data-element_type=\"widget\" data-e-type=\"widget\" data-widget_type=\"text-editor.default\">\n\t\t\t\t<div class=\"elementor-widget-container\">\n\t\t\t\t\t\t\t\t\t<h2 style=\"font-family: Roboto, sans-serif; color: #000000;\">Udvalgte projekter 2025<\/h2><div><span style=\"font-weight: bolder;\">Land<\/span>: Danmark<\/div><p><span style=\"font-weight: bold;\">Industri:<\/span> Power plant<br><span style=\"font-weight: bolder;\">Om:<\/span> HSE manager til installation og drift af biogas power plants<\/p><div><span style=\"font-weight: bolder;\">Land: <\/span>Sverige<span style=\"color: var( --e-global-color-text ); text-align: var(--text-align);\"><br><\/span><span style=\"color: var( --e-global-color-text ); text-align: var(--text-align);\"><span style=\"font-weight: bold;\">Industri:<\/span> Datacenter<br><\/span><span style=\"font-weight: bolder; color: var( --e-global-color-text ); text-align: var(--text-align);\">Om: <\/span><span style=\"color: var( --e-global-color-text ); text-align: var(--text-align);\">Commissioning engineer for backup-generatoranl\u00e6g til datacenter<br><\/span><br><span style=\"font-weight: bolder;\">Land: <\/span>Sverige<span style=\"color: var( --e-global-color-text ); text-align: var(--text-align);\"><br><\/span><span style=\"color: var( --e-global-color-text ); text-align: var(--text-align);\"><span style=\"font-weight: bold;\">Industri:<\/span> <\/span>Datacenter<span style=\"color: var( --e-global-color-text ); text-align: var(--text-align);\"><br><\/span><span style=\"color: var( --e-global-color-text ); text-align: var(--text-align); font-weight: bolder;\">Om: <\/span><span style=\"color: var( --e-global-color-text ); text-align: var(--text-align);\">Elektrisk tester ved kabelinstallation p\u00e5 generatorsystem til datacenter<br><\/span><br><span style=\"color: var( --e-global-color-text ); text-align: var(--text-align);\"><br><\/span><\/div><p><span style=\"font-weight: bolder;\">Land: <\/span>Danmark<br><span style=\"font-weight: bold;\">Industri:<\/span> Datacenter<br><span style=\"font-weight: bolder;\">Om: <\/span>Elektrisk site-team til installation af backupsystem til datacenter (n\u00f8dstr\u00f8m)<\/p><h2>Udvalgte projekter 2024<\/h2><p><strong>Land: <\/strong>Sverige<span style=\"color: var( --e-global-color-text ); text-align: var(--text-align);\"><br><\/span><span style=\"color: var( --e-global-color-text ); text-align: var(--text-align);\"><b>Industri:<\/b> Krane og l\u00f8ft<br><\/span><strong style=\"color: var( --e-global-color-text ); text-align: var(--text-align);\">Om: <\/strong><span style=\"color: var( --e-global-color-text ); text-align: var(--text-align);\">Hydraulikmont\u00f8r til marinekranservice<\/span><\/p><p><strong>Land: <\/strong>Sverige<br><span style=\"font-weight: bold;\">Industri: <\/span>Batteri<strong><br><\/strong><strong>Om: <\/strong>Civil site manager for en fabrik til batteriproduktion<\/p><h2>Udvalgte projekter 2023<\/h2><p><strong>Land: <\/strong>Danmark<br><span style=\"font-weight: bold;\">Industri:<\/span> Handikapsektoren (rullestol)<strong><br><\/strong><strong>Om: <\/strong>Aluminiumsvejser til en k\u00f8restolsproducent<\/p><h2>Udvalgte projekter 2022<\/h2><p><strong>Land: <\/strong>Danmark<br><span style=\"font-weight: bold;\">Industri: <\/span>Oile ogGas<strong><br><\/strong><strong>Om: <\/strong>Kvalitetsansvarlig p\u00e5 Baltic Pipe-projektet<\/p><p><strong>Land: <\/strong>Kuwait<br><span style=\"font-weight: bold;\">Industri: <\/span>Vandbehandling<strong><br><\/strong><strong>Om: <\/strong>Commissioning af spildevandsanl\u00e6g til opsamling af produceret vand fra olie- og gasudvinding<\/p><p><strong>Audits<\/strong>: Plant Supervision har gennemf\u00f8rt detaljerede og uafh\u00e6ngige mekaniske og procesaudits af pyro-linjer i f\u00f8lgende lande: Sverige, Brasilien, Indonesien, Polen og Indien<\/p><p>Ovenst\u00e5ende er blot et udpluk af vores st\u00f8rre projekter. Derudover har vi v\u00e6ret involveret i en lang r\u00e6kke opgaver inden for proces- og mekanisk fejlfinding og reparationer \u2013 herunder: Udskiftning af ovnskaller, justering af ovne (varm\/kold), reparation af revner i m\u00f8ller, udskiftning af lejer og valser og bearbejdring af ringe. Kort sagt \u2013 alle mekaniske, proces- og elektriske opgaver, der kan opst\u00e5 p\u00e5 et cementanl\u00e6g.   <\/p><p><strong>Har du et projekt i en branche, vi endnu ikke har i vores portef\u00f8lje?<br>T\u00f8v ikke med at kontakte os \u2013 vi finder en l\u00f8sning, der passer til jeres behov og projekt <\/strong><\/p>\t\t\t\t\t\t\t\t<\/div>\n\t\t\t\t<\/div>\n\t\t\t\t<div class=\"elementor-element elementor-element-32bda7b elementor-widget elementor-widget-text-editor\" data-id=\"32bda7b\" data-element_type=\"widget\" data-e-type=\"widget\" data-widget_type=\"text-editor.default\">\n\t\t\t\t<div class=\"elementor-widget-container\">\n\t\t\t\t\t\t\t\t\t<h2 style=\"font-family: Roboto, sans-serif; color: #000000;\"><strong><span style=\"color: inherit; font-family: inherit; font-size: 2rem; text-align: var(--text-align);\">Udvalgte projekter 2024<\/span><\/strong><\/h2><div><div><span style=\"font-weight: bolder;\">Land: <\/span>Frankrig<\/div><div><span style=\"color: var( --e-global-color-text ); text-align: var(--text-align); font-weight: bolder;\">Om: <\/span>Mekanisk supervisor, pakkemaskine til isolering<\/div><div> <\/div><\/div><div><span style=\"font-weight: bolder;\">Land: <\/span>USA<\/div><div><span style=\"color: var( --e-global-color-text ); text-align: var(--text-align); font-weight: bolder;\">Om: <\/span><span style=\"text-align: var(--text-align);\">Elektrisk supervisor, automatiseret lager<\/span><\/div><div> <\/div><div><div><span style=\"font-weight: bolder;\">Land: <\/span>Storbritannien<\/div><div><span style=\"color: var( --e-global-color-text ); text-align: var(--text-align); font-weight: bolder;\">Om: <\/span>Mekanisk supervisor, pakkemaskine til isolering<\/div><\/div><div> <\/div><div><strong><span style=\"color: inherit; font-family: inherit; font-size: 2rem; text-align: var(--text-align);\">Udvalgte projekter 2023<\/span><\/strong><\/div><p><strong>Country: <\/strong>Danmark<strong><br><\/strong><strong>Om: <\/strong>Mekanisk supervisor for automatiseret isoleringsh\u00e5ndteringssystem<\/p><p><strong>Land:<\/strong> Frankrig<br><strong>Om: <\/strong>Mekanisk supervisor for automatiseret isoleringsh\u00e5ndteringssystem<\/p><p><span style=\"color: inherit; font-family: inherit; text-align: var(--text-align);\"><span style=\"font-size: 2rem; font-weight: bolder;\">Udvalgte projekter 2022<\/span><\/span><\/p><p><span style=\"color: var( --e-global-color-text ); text-align: var(--text-align); font-weight: bolder;\">Land: <\/span><span style=\"color: var( --e-global-color-text ); text-align: var(--text-align);\">Sverige &amp; USA<br><\/span><span style=\"color: var( --e-global-color-text ); text-align: var(--text-align); font-weight: bolder;\">Om: <\/span><span style=\"color: var( --e-global-color-text ); text-align: var(--text-align);\">Optimering af automatiseret lager- og pakkecenter med elektrisk supervision<\/span><\/p><p><strong>Kontakt os for mere specifikke referencer<\/strong><\/p>\t\t\t\t\t\t\t\t<\/div>\n\t\t\t\t<\/div>\n\t\t\t\t<\/div>\n\t\t\t\t<\/div>\n\t\t","protected":false},"excerpt":{"rendered":"<p>Udvalgte projekter 2025 Land: Danmark Industri: Power plantOm: HSE manager til installation og drift af biogas power plants Land: SverigeIndustri: DatacenterOm: Commissioning engineer for backup-generatoranl\u00e6g til datacenter Land: SverigeIndustri: DatacenterOm: Elektrisk tester ved kabelinstallation p\u00e5 generatorsystem til datacenter Land: DanmarkIndustri: DatacenterOm: Elektrisk site-team til installation af backupsystem til datacenter (n\u00f8dstr\u00f8m) Udvalgte projekter 2024 Land: SverigeIndustri: [&hellip;]<\/p>\n","protected":false},"author":2,"featured_media":617,"parent":9227,"menu_order":0,"comment_status":"closed","ping_status":"closed","template":"","meta":{"content-type":"","footnotes":""},"class_list":["post-9304","page","type-page","status-publish","has-post-thumbnail","hentry"],"yoast_head":"<!-- This site is optimized with the Yoast SEO plugin v27.5 - https:\/\/yoast.com\/product\/yoast-seo-wordpress\/ -->\n<title>Udforsk flere referencer fra vores projekter over hele verden<\/title>\n<meta name=\"description\" content=\"Plant Supervision\u2019s brede portef\u00f8lje viser vores ekspertise inden for mekanisk, proces- og elektrisk fejlfinding og reparationer i forskellige brancher\" \/>\n<meta name=\"robots\" content=\"index, follow, max-snippet:-1, max-image-preview:large, max-video-preview:-1\" \/>\n<link rel=\"canonical\" href=\"https:\/\/plant-supervision.com\/da\/referencer\/others\/\" \/>\n<meta property=\"og:locale\" content=\"da_DK\" \/>\n<meta property=\"og:type\" content=\"article\" \/>\n<meta property=\"og:title\" content=\"Udforsk flere referencer fra vores projekter over hele verden\" \/>\n<meta property=\"og:description\" content=\"Plant Supervision\u2019s brede portef\u00f8lje viser vores ekspertise inden for mekanisk, proces- og elektrisk fejlfinding og reparationer i forskellige brancher\" \/>\n<meta property=\"og:url\" content=\"https:\/\/plant-supervision.com\/da\/referencer\/others\/\" \/>\n<meta property=\"og:site_name\" content=\"Plant Supervision\" \/>\n<meta property=\"article:modified_time\" content=\"2025-06-19T10:51:46+00:00\" \/>\n<meta property=\"og:image\" content=\"https:\/\/plant-supervision.com\/wp-content\/uploads\/2024\/01\/supervisor-pa-arbejde.jpg\" \/>\n\t<meta property=\"og:image:width\" content=\"1920\" \/>\n\t<meta property=\"og:image:height\" content=\"1280\" \/>\n\t<meta property=\"og:image:type\" content=\"image\/jpeg\" \/>\n<meta name=\"twitter:card\" content=\"summary_large_image\" \/>\n<meta name=\"twitter:label1\" content=\"Estimeret l\u00e6setid\" \/>\n\t<meta name=\"twitter:data1\" content=\"1 minut\" \/>\n<script type=\"application\/ld+json\" class=\"yoast-schema-graph\">{\"@context\":\"https:\\\/\\\/schema.org\",\"@graph\":[{\"@type\":\"WebPage\",\"@id\":\"https:\\\/\\\/plant-supervision.com\\\/da\\\/referencer\\\/others\\\/\",\"url\":\"https:\\\/\\\/plant-supervision.com\\\/da\\\/referencer\\\/others\\\/\",\"name\":\"Udforsk flere referencer fra vores projekter over hele verden\",\"isPartOf\":{\"@id\":\"https:\\\/\\\/plantsupervision.web07.tigermedia.eu\\\/#website\"},\"primaryImageOfPage\":{\"@id\":\"https:\\\/\\\/plant-supervision.com\\\/da\\\/referencer\\\/others\\\/#primaryimage\"},\"image\":{\"@id\":\"https:\\\/\\\/plant-supervision.com\\\/da\\\/referencer\\\/others\\\/#primaryimage\"},\"thumbnailUrl\":\"https:\\\/\\\/plant-supervision.com\\\/wp-content\\\/uploads\\\/2024\\\/01\\\/supervisor-pa-arbejde.jpg\",\"datePublished\":\"2024-01-25T08:43:41+00:00\",\"dateModified\":\"2025-06-19T10:51:46+00:00\",\"description\":\"Plant Supervision\u2019s brede portef\u00f8lje viser vores ekspertise inden for mekanisk, proces- og elektrisk fejlfinding og reparationer i forskellige brancher\",\"breadcrumb\":{\"@id\":\"https:\\\/\\\/plant-supervision.com\\\/da\\\/referencer\\\/others\\\/#breadcrumb\"},\"inLanguage\":\"da-DK\",\"potentialAction\":[{\"@type\":\"ReadAction\",\"target\":[\"https:\\\/\\\/plant-supervision.com\\\/da\\\/referencer\\\/others\\\/\"]}]},{\"@type\":\"ImageObject\",\"inLanguage\":\"da-DK\",\"@id\":\"https:\\\/\\\/plant-supervision.com\\\/da\\\/referencer\\\/others\\\/#primaryimage\",\"url\":\"https:\\\/\\\/plant-supervision.com\\\/wp-content\\\/uploads\\\/2024\\\/01\\\/supervisor-pa-arbejde.jpg\",\"contentUrl\":\"https:\\\/\\\/plant-supervision.com\\\/wp-content\\\/uploads\\\/2024\\\/01\\\/supervisor-pa-arbejde.jpg\",\"width\":1920,\"height\":1280},{\"@type\":\"BreadcrumbList\",\"@id\":\"https:\\\/\\\/plant-supervision.com\\\/da\\\/referencer\\\/others\\\/#breadcrumb\",\"itemListElement\":[{\"@type\":\"ListItem\",\"position\":1,\"name\":\"Home\",\"item\":\"https:\\\/\\\/plant-supervision.com\\\/da\\\/forside\\\/\"},{\"@type\":\"ListItem\",\"position\":2,\"name\":\"Referencer\",\"item\":\"https:\\\/\\\/plant-supervision.com\\\/da\\\/referencer\\\/\"},{\"@type\":\"ListItem\",\"position\":3,\"name\":\"Andre industrier\"}]},{\"@type\":\"WebSite\",\"@id\":\"https:\\\/\\\/plantsupervision.web07.tigermedia.eu\\\/#website\",\"url\":\"https:\\\/\\\/plantsupervision.web07.tigermedia.eu\\\/\",\"name\":\"Plant Supervision\",\"description\":\"\",\"publisher\":{\"@id\":\"https:\\\/\\\/plantsupervision.web07.tigermedia.eu\\\/#organization\"},\"potentialAction\":[{\"@type\":\"SearchAction\",\"target\":{\"@type\":\"EntryPoint\",\"urlTemplate\":\"https:\\\/\\\/plantsupervision.web07.tigermedia.eu\\\/?s={search_term_string}\"},\"query-input\":{\"@type\":\"PropertyValueSpecification\",\"valueRequired\":true,\"valueName\":\"search_term_string\"}}],\"inLanguage\":\"da-DK\"},{\"@type\":\"Organization\",\"@id\":\"https:\\\/\\\/plantsupervision.web07.tigermedia.eu\\\/#organization\",\"name\":\"Plant Supervision\",\"url\":\"https:\\\/\\\/plantsupervision.web07.tigermedia.eu\\\/\",\"logo\":{\"@type\":\"ImageObject\",\"inLanguage\":\"da-DK\",\"@id\":\"https:\\\/\\\/plantsupervision.web07.tigermedia.eu\\\/#\\\/schema\\\/logo\\\/image\\\/\",\"url\":\"https:\\\/\\\/plant-supervision.com\\\/wp-content\\\/uploads\\\/2023\\\/11\\\/ps_logo_blue.svg\",\"contentUrl\":\"https:\\\/\\\/plant-supervision.com\\\/wp-content\\\/uploads\\\/2023\\\/11\\\/ps_logo_blue.svg\",\"width\":549,\"height\":121,\"caption\":\"Plant Supervision\"},\"image\":{\"@id\":\"https:\\\/\\\/plantsupervision.web07.tigermedia.eu\\\/#\\\/schema\\\/logo\\\/image\\\/\"},\"sameAs\":[\"https:\\\/\\\/www.linkedin.com\\\/company\\\/plant-supervision\\\/\"]}]}<\/script>\n<!-- \/ Yoast SEO plugin. -->","yoast_head_json":{"title":"Udforsk flere referencer fra vores projekter over hele verden","description":"Plant Supervision\u2019s brede portef\u00f8lje viser vores ekspertise inden for mekanisk, proces- og elektrisk fejlfinding og reparationer i forskellige brancher","robots":{"index":"index","follow":"follow","max-snippet":"max-snippet:-1","max-image-preview":"max-image-preview:large","max-video-preview":"max-video-preview:-1"},"canonical":"https:\/\/plant-supervision.com\/da\/referencer\/others\/","og_locale":"da_DK","og_type":"article","og_title":"Udforsk flere referencer fra vores projekter over hele verden","og_description":"Plant Supervision\u2019s brede portef\u00f8lje viser vores ekspertise inden for mekanisk, proces- og elektrisk fejlfinding og reparationer i forskellige brancher","og_url":"https:\/\/plant-supervision.com\/da\/referencer\/others\/","og_site_name":"Plant Supervision","article_modified_time":"2025-06-19T10:51:46+00:00","og_image":[{"width":1920,"height":1280,"url":"https:\/\/plant-supervision.com\/wp-content\/uploads\/2024\/01\/supervisor-pa-arbejde.jpg","type":"image\/jpeg"}],"twitter_card":"summary_large_image","twitter_misc":{"Estimeret l\u00e6setid":"1 minut"},"schema":{"@context":"https:\/\/schema.org","@graph":[{"@type":"WebPage","@id":"https:\/\/plant-supervision.com\/da\/referencer\/others\/","url":"https:\/\/plant-supervision.com\/da\/referencer\/others\/","name":"Udforsk flere referencer fra vores projekter over hele verden","isPartOf":{"@id":"https:\/\/plantsupervision.web07.tigermedia.eu\/#website"},"primaryImageOfPage":{"@id":"https:\/\/plant-supervision.com\/da\/referencer\/others\/#primaryimage"},"image":{"@id":"https:\/\/plant-supervision.com\/da\/referencer\/others\/#primaryimage"},"thumbnailUrl":"https:\/\/plant-supervision.com\/wp-content\/uploads\/2024\/01\/supervisor-pa-arbejde.jpg","datePublished":"2024-01-25T08:43:41+00:00","dateModified":"2025-06-19T10:51:46+00:00","description":"Plant Supervision\u2019s brede portef\u00f8lje viser vores ekspertise inden for mekanisk, proces- og elektrisk fejlfinding og reparationer i forskellige brancher","breadcrumb":{"@id":"https:\/\/plant-supervision.com\/da\/referencer\/others\/#breadcrumb"},"inLanguage":"da-DK","potentialAction":[{"@type":"ReadAction","target":["https:\/\/plant-supervision.com\/da\/referencer\/others\/"]}]},{"@type":"ImageObject","inLanguage":"da-DK","@id":"https:\/\/plant-supervision.com\/da\/referencer\/others\/#primaryimage","url":"https:\/\/plant-supervision.com\/wp-content\/uploads\/2024\/01\/supervisor-pa-arbejde.jpg","contentUrl":"https:\/\/plant-supervision.com\/wp-content\/uploads\/2024\/01\/supervisor-pa-arbejde.jpg","width":1920,"height":1280},{"@type":"BreadcrumbList","@id":"https:\/\/plant-supervision.com\/da\/referencer\/others\/#breadcrumb","itemListElement":[{"@type":"ListItem","position":1,"name":"Home","item":"https:\/\/plant-supervision.com\/da\/forside\/"},{"@type":"ListItem","position":2,"name":"Referencer","item":"https:\/\/plant-supervision.com\/da\/referencer\/"},{"@type":"ListItem","position":3,"name":"Andre industrier"}]},{"@type":"WebSite","@id":"https:\/\/plantsupervision.web07.tigermedia.eu\/#website","url":"https:\/\/plantsupervision.web07.tigermedia.eu\/","name":"Plant Supervision","description":"","publisher":{"@id":"https:\/\/plantsupervision.web07.tigermedia.eu\/#organization"},"potentialAction":[{"@type":"SearchAction","target":{"@type":"EntryPoint","urlTemplate":"https:\/\/plantsupervision.web07.tigermedia.eu\/?s={search_term_string}"},"query-input":{"@type":"PropertyValueSpecification","valueRequired":true,"valueName":"search_term_string"}}],"inLanguage":"da-DK"},{"@type":"Organization","@id":"https:\/\/plantsupervision.web07.tigermedia.eu\/#organization","name":"Plant Supervision","url":"https:\/\/plantsupervision.web07.tigermedia.eu\/","logo":{"@type":"ImageObject","inLanguage":"da-DK","@id":"https:\/\/plantsupervision.web07.tigermedia.eu\/#\/schema\/logo\/image\/","url":"https:\/\/plant-supervision.com\/wp-content\/uploads\/2023\/11\/ps_logo_blue.svg","contentUrl":"https:\/\/plant-supervision.com\/wp-content\/uploads\/2023\/11\/ps_logo_blue.svg","width":549,"height":121,"caption":"Plant Supervision"},"image":{"@id":"https:\/\/plantsupervision.web07.tigermedia.eu\/#\/schema\/logo\/image\/"},"sameAs":["https:\/\/www.linkedin.com\/company\/plant-supervision\/"]}]}},"_links":{"self":[{"href":"https:\/\/plant-supervision.com\/da\/wp-json\/wp\/v2\/pages\/9304","targetHints":{"allow":["GET"]}}],"collection":[{"href":"https:\/\/plant-supervision.com\/da\/wp-json\/wp\/v2\/pages"}],"about":[{"href":"https:\/\/plant-supervision.com\/da\/wp-json\/wp\/v2\/types\/page"}],"author":[{"embeddable":true,"href":"https:\/\/plant-supervision.com\/da\/wp-json\/wp\/v2\/users\/2"}],"replies":[{"embeddable":true,"href":"https:\/\/plant-supervision.com\/da\/wp-json\/wp\/v2\/comments?post=9304"}],"version-history":[{"count":4,"href":"https:\/\/plant-supervision.com\/da\/wp-json\/wp\/v2\/pages\/9304\/revisions"}],"predecessor-version":[{"id":11534,"href":"https:\/\/plant-supervision.com\/da\/wp-json\/wp\/v2\/pages\/9304\/revisions\/11534"}],"up":[{"embeddable":true,"href":"https:\/\/plant-supervision.com\/da\/wp-json\/wp\/v2\/pages\/9227"}],"wp:featuredmedia":[{"embeddable":true,"href":"https:\/\/plant-supervision.com\/da\/wp-json\/wp\/v2\/media\/617"}],"wp:attachment":[{"href":"https:\/\/plant-supervision.com\/da\/wp-json\/wp\/v2\/media?parent=9304"}],"curies":[{"name":"wp","href":"https:\/\/api.w.org\/{rel}","templated":true}]}}