{"id":9281,"date":"2024-01-25T08:43:18","date_gmt":"2024-01-25T08:43:18","guid":{"rendered":"https:\/\/plant-supervision.com\/referencer\/food-pharma\/"},"modified":"2025-06-19T09:10:41","modified_gmt":"2025-06-19T09:10:41","slug":"food-pharma","status":"publish","type":"page","link":"https:\/\/plant-supervision.com\/da\/referencer\/food-pharma\/","title":{"rendered":"Food &amp; Pharma"},"content":{"rendered":"\t\t<div data-elementor-type=\"wp-page\" data-elementor-id=\"9281\" class=\"elementor elementor-9281 elementor-1069\" data-elementor-post-type=\"page\">\n\t\t\t\t<div class=\"elementor-element elementor-element-42e55d79 e-flex e-con-boxed e-con e-parent\" data-id=\"42e55d79\" data-element_type=\"container\" data-e-type=\"container\" data-settings=\"{&quot;jet_parallax_layout_list&quot;:[]}\">\n\t\t\t\t\t<div class=\"e-con-inner\">\n\t\t\t\t<div class=\"elementor-element elementor-element-5bf97302 elementor-widget elementor-widget-text-editor\" data-id=\"5bf97302\" data-element_type=\"widget\" data-e-type=\"widget\" data-widget_type=\"text-editor.default\">\n\t\t\t\t<div class=\"elementor-widget-container\">\n\t\t\t\t\t\t\t\t\t<h2 style=\"font-family: Roboto, sans-serif; color: #000000;\">Udvalgte projekter 2025<\/h2>\n<div><span style=\"font-weight: bolder;\">Land:<\/span>&nbsp;Danmark<\/div><span style=\"font-weight: bolder;\">About:<\/span>&nbsp;Mekanisk r\u00f8rsupervisor for rustfri r\u00f8r og tanke<h2>Udvalgte projekter 2024<\/h2>\n<p><strong>Land:&nbsp;<\/strong>Danmark<br><strong>Om:&nbsp;<\/strong>Mechancial supervisor i en farmaceutisk fabrik<\/p>\n<p><strong>Land:&nbsp;<\/strong>Danmark<br><strong>Om: <\/strong>Tilsynsf\u00f8rende for rustfri st\u00e5lr\u00f8rsinstallation ved montering af tanke og r\u00f8r<\/p>\n<p><strong>Land:&nbsp;<\/strong>Danmark<br><strong>Om: &nbsp;<\/strong>HSE-tilsynsf\u00f8rende med ansvar for sikker udf\u00f8relse af arbejdet under installation af rustfri st\u00e5ltanke og r\u00f8r<\/p>\n<p><span style=\"font-weight: bolder;\">Land:&nbsp;<\/span>Tyskland<br><span style=\"font-weight: bolder;\">Om:&nbsp;<\/span>Mekanisk supervisor for opf\u00f8relsen af et raffinaderianl\u00e6g til spiselige olier.<\/p>\n<p><span style=\"font-weight: bolder;\">Land:&nbsp;<\/span>Tyskland<br><span style=\"font-weight: bolder;\">Om:&nbsp;<\/span>Site manager for opf\u00f8relsen af et raffinaderianl\u00e6g til spiselige olier +250 mio. EUR<\/p>\n<p><strong>Land:&nbsp;<\/strong>Tyrkiet&nbsp;<br><strong>Om: <\/strong>Site manager for ombordv\u00e6rende fiskeforarbejdning fabrik<\/p>\n<h2>Udvalgte projekter 2023<\/h2>\n<p><strong>Land:&nbsp;<\/strong>Brasilien<strong><br><\/strong><strong>Om:&nbsp;<\/strong>Commissioning engineer specialiseret i automatisering af produktionslinjer til f\u00e6rdigbrygget kaffe<\/p>\n<p><strong>Land:&nbsp;<\/strong>Brasilien&nbsp;<strong><br><\/strong><strong>Om:&nbsp;<\/strong>Elektrisk idrifts\u00e6ttelsesingeni\u00f8r for fryset\u00f8rret og sprayt\u00f8rret instantkaffe<\/p>\n<p><strong>Land:&nbsp;<\/strong>Danmark<br><strong>Om:&nbsp;<\/strong>Elektrisk design og elektrisk dokumentation inden for f\u00f8devare- og pharmaindustrien<\/p>\n<p><strong>Land:&nbsp;<\/strong>Italien<br><strong>Om:&nbsp;<\/strong>Mekanisk\/klejnsmed-supervisor med ansvar for kvalitetskontrol af r\u00f8rsvejsning<\/p>\n<p><strong>Land:&nbsp;<\/strong>Skotland<br><strong>Om:&nbsp;<\/strong>Site management for en vitaminpulver-pakkelinjer&nbsp;i pharmaindustrien<\/p>\n<p><strong>Land:&nbsp;<\/strong>Vietnam<br><strong>Om:<\/strong>&nbsp;El-commissioning ingeni\u00f8r p\u00e5 installation og idrifts\u00e6ttelse af et fryseanl\u00e6g til kaffe.<\/p>\n<h2>Udvalgte projekter 2022<\/h2>\n<p><strong>Land:&nbsp;<\/strong>Skotland<br><strong>Om:&nbsp;<\/strong>Site management for en vitaminpulver-pakkelinjer&nbsp;i pharmaindustrien<\/p>\n<p><strong>Kontakt os for mere specifikke referencer fra f\u00f8devare- og pharmaindustrien.<\/strong><\/p>\t\t\t\t\t\t\t\t<\/div>\n\t\t\t\t<\/div>\n\t\t\t\t\t<\/div>\n\t\t\t\t<\/div>\n\t\t\t\t<\/div>\n\t\t","protected":false},"excerpt":{"rendered":"<p>Udvalgte projekter 2025 Land:&nbsp;DanmarkAbout:&nbsp;Mekanisk r\u00f8rsupervisor for rustfri r\u00f8r og tanke Udvalgte projekter 2024 Land:&nbsp;DanmarkOm:&nbsp;Mechancial supervisor i en farmaceutisk fabrik Land:&nbsp;DanmarkOm: Tilsynsf\u00f8rende for rustfri st\u00e5lr\u00f8rsinstallation ved montering af tanke og r\u00f8r Land:&nbsp;DanmarkOm: &nbsp;HSE-tilsynsf\u00f8rende med ansvar for sikker udf\u00f8relse af arbejdet under installation af rustfri st\u00e5ltanke og r\u00f8r Land:&nbsp;TysklandOm:&nbsp;Mekanisk supervisor for opf\u00f8relsen af et raffinaderianl\u00e6g til spiselige [&hellip;]<\/p>\n","protected":false},"author":2,"featured_media":881,"parent":9227,"menu_order":0,"comment_status":"closed","ping_status":"closed","template":"","meta":{"content-type":"","footnotes":""},"class_list":["post-9281","page","type-page","status-publish","has-post-thumbnail","hentry"],"yoast_head":"<!-- This site is optimized with the Yoast SEO plugin v27.5 - https:\/\/yoast.com\/product\/yoast-seo-wordpress\/ -->\n<title>Referencer: Udvalgte projekter i f\u00f8devare- og pharmaindustrien<\/title>\n<meta name=\"description\" content=\"Udforsk de mange forskellige projekter, vi har assisteret med over hele verden for vores kunder i f\u00f8devare- og pharmaindustrien \u2192\" \/>\n<meta name=\"robots\" content=\"index, follow, max-snippet:-1, max-image-preview:large, max-video-preview:-1\" \/>\n<link rel=\"canonical\" href=\"https:\/\/plant-supervision.com\/da\/referencer\/food-pharma\/\" \/>\n<meta property=\"og:locale\" content=\"da_DK\" \/>\n<meta property=\"og:type\" content=\"article\" \/>\n<meta property=\"og:title\" content=\"Referencer: Udvalgte projekter i f\u00f8devare- og pharmaindustrien\" \/>\n<meta property=\"og:description\" content=\"Udforsk de mange forskellige projekter, vi har assisteret med over hele verden for vores kunder i f\u00f8devare- og pharmaindustrien \u2192\" \/>\n<meta property=\"og:url\" content=\"https:\/\/plant-supervision.com\/da\/referencer\/food-pharma\/\" \/>\n<meta property=\"og:site_name\" content=\"Plant Supervision\" \/>\n<meta property=\"article:modified_time\" content=\"2025-06-19T09:10:41+00:00\" \/>\n<meta property=\"og:image\" content=\"https:\/\/plant-supervision.com\/wp-content\/uploads\/2024\/01\/food-pharma.jpg\" \/>\n\t<meta property=\"og:image:width\" content=\"750\" \/>\n\t<meta property=\"og:image:height\" content=\"750\" \/>\n\t<meta property=\"og:image:type\" content=\"image\/jpeg\" \/>\n<meta name=\"twitter:card\" content=\"summary_large_image\" \/>\n<meta name=\"twitter:label1\" content=\"Estimeret l\u00e6setid\" \/>\n\t<meta name=\"twitter:data1\" content=\"1 minut\" \/>\n<script type=\"application\/ld+json\" class=\"yoast-schema-graph\">{\"@context\":\"https:\\\/\\\/schema.org\",\"@graph\":[{\"@type\":\"WebPage\",\"@id\":\"https:\\\/\\\/plant-supervision.com\\\/da\\\/referencer\\\/food-pharma\\\/\",\"url\":\"https:\\\/\\\/plant-supervision.com\\\/da\\\/referencer\\\/food-pharma\\\/\",\"name\":\"Referencer: Udvalgte projekter i f\u00f8devare- og pharmaindustrien\",\"isPartOf\":{\"@id\":\"https:\\\/\\\/plantsupervision.web07.tigermedia.eu\\\/#website\"},\"primaryImageOfPage\":{\"@id\":\"https:\\\/\\\/plant-supervision.com\\\/da\\\/referencer\\\/food-pharma\\\/#primaryimage\"},\"image\":{\"@id\":\"https:\\\/\\\/plant-supervision.com\\\/da\\\/referencer\\\/food-pharma\\\/#primaryimage\"},\"thumbnailUrl\":\"https:\\\/\\\/plant-supervision.com\\\/wp-content\\\/uploads\\\/2024\\\/01\\\/food-pharma.jpg\",\"datePublished\":\"2024-01-25T08:43:18+00:00\",\"dateModified\":\"2025-06-19T09:10:41+00:00\",\"description\":\"Udforsk de mange forskellige projekter, vi har assisteret med over hele verden for vores kunder i f\u00f8devare- og pharmaindustrien \u2192\",\"breadcrumb\":{\"@id\":\"https:\\\/\\\/plant-supervision.com\\\/da\\\/referencer\\\/food-pharma\\\/#breadcrumb\"},\"inLanguage\":\"da-DK\",\"potentialAction\":[{\"@type\":\"ReadAction\",\"target\":[\"https:\\\/\\\/plant-supervision.com\\\/da\\\/referencer\\\/food-pharma\\\/\"]}]},{\"@type\":\"ImageObject\",\"inLanguage\":\"da-DK\",\"@id\":\"https:\\\/\\\/plant-supervision.com\\\/da\\\/referencer\\\/food-pharma\\\/#primaryimage\",\"url\":\"https:\\\/\\\/plant-supervision.com\\\/wp-content\\\/uploads\\\/2024\\\/01\\\/food-pharma.jpg\",\"contentUrl\":\"https:\\\/\\\/plant-supervision.com\\\/wp-content\\\/uploads\\\/2024\\\/01\\\/food-pharma.jpg\",\"width\":750,\"height\":750},{\"@type\":\"BreadcrumbList\",\"@id\":\"https:\\\/\\\/plant-supervision.com\\\/da\\\/referencer\\\/food-pharma\\\/#breadcrumb\",\"itemListElement\":[{\"@type\":\"ListItem\",\"position\":1,\"name\":\"Home\",\"item\":\"https:\\\/\\\/plant-supervision.com\\\/da\\\/forside\\\/\"},{\"@type\":\"ListItem\",\"position\":2,\"name\":\"Referencer\",\"item\":\"https:\\\/\\\/plant-supervision.com\\\/da\\\/referencer\\\/\"},{\"@type\":\"ListItem\",\"position\":3,\"name\":\"Food &amp; Pharma\"}]},{\"@type\":\"WebSite\",\"@id\":\"https:\\\/\\\/plantsupervision.web07.tigermedia.eu\\\/#website\",\"url\":\"https:\\\/\\\/plantsupervision.web07.tigermedia.eu\\\/\",\"name\":\"Plant Supervision\",\"description\":\"\",\"publisher\":{\"@id\":\"https:\\\/\\\/plantsupervision.web07.tigermedia.eu\\\/#organization\"},\"potentialAction\":[{\"@type\":\"SearchAction\",\"target\":{\"@type\":\"EntryPoint\",\"urlTemplate\":\"https:\\\/\\\/plantsupervision.web07.tigermedia.eu\\\/?s={search_term_string}\"},\"query-input\":{\"@type\":\"PropertyValueSpecification\",\"valueRequired\":true,\"valueName\":\"search_term_string\"}}],\"inLanguage\":\"da-DK\"},{\"@type\":\"Organization\",\"@id\":\"https:\\\/\\\/plantsupervision.web07.tigermedia.eu\\\/#organization\",\"name\":\"Plant Supervision\",\"url\":\"https:\\\/\\\/plantsupervision.web07.tigermedia.eu\\\/\",\"logo\":{\"@type\":\"ImageObject\",\"inLanguage\":\"da-DK\",\"@id\":\"https:\\\/\\\/plantsupervision.web07.tigermedia.eu\\\/#\\\/schema\\\/logo\\\/image\\\/\",\"url\":\"https:\\\/\\\/plant-supervision.com\\\/wp-content\\\/uploads\\\/2023\\\/11\\\/ps_logo_blue.svg\",\"contentUrl\":\"https:\\\/\\\/plant-supervision.com\\\/wp-content\\\/uploads\\\/2023\\\/11\\\/ps_logo_blue.svg\",\"width\":549,\"height\":121,\"caption\":\"Plant Supervision\"},\"image\":{\"@id\":\"https:\\\/\\\/plantsupervision.web07.tigermedia.eu\\\/#\\\/schema\\\/logo\\\/image\\\/\"},\"sameAs\":[\"https:\\\/\\\/www.linkedin.com\\\/company\\\/plant-supervision\\\/\"]}]}<\/script>\n<!-- \/ Yoast SEO plugin. -->","yoast_head_json":{"title":"Referencer: Udvalgte projekter i f\u00f8devare- og pharmaindustrien","description":"Udforsk de mange forskellige projekter, vi har assisteret med over hele verden for vores kunder i f\u00f8devare- og pharmaindustrien \u2192","robots":{"index":"index","follow":"follow","max-snippet":"max-snippet:-1","max-image-preview":"max-image-preview:large","max-video-preview":"max-video-preview:-1"},"canonical":"https:\/\/plant-supervision.com\/da\/referencer\/food-pharma\/","og_locale":"da_DK","og_type":"article","og_title":"Referencer: Udvalgte projekter i f\u00f8devare- og pharmaindustrien","og_description":"Udforsk de mange forskellige projekter, vi har assisteret med over hele verden for vores kunder i f\u00f8devare- og pharmaindustrien \u2192","og_url":"https:\/\/plant-supervision.com\/da\/referencer\/food-pharma\/","og_site_name":"Plant Supervision","article_modified_time":"2025-06-19T09:10:41+00:00","og_image":[{"width":750,"height":750,"url":"https:\/\/plant-supervision.com\/wp-content\/uploads\/2024\/01\/food-pharma.jpg","type":"image\/jpeg"}],"twitter_card":"summary_large_image","twitter_misc":{"Estimeret l\u00e6setid":"1 minut"},"schema":{"@context":"https:\/\/schema.org","@graph":[{"@type":"WebPage","@id":"https:\/\/plant-supervision.com\/da\/referencer\/food-pharma\/","url":"https:\/\/plant-supervision.com\/da\/referencer\/food-pharma\/","name":"Referencer: Udvalgte projekter i f\u00f8devare- og pharmaindustrien","isPartOf":{"@id":"https:\/\/plantsupervision.web07.tigermedia.eu\/#website"},"primaryImageOfPage":{"@id":"https:\/\/plant-supervision.com\/da\/referencer\/food-pharma\/#primaryimage"},"image":{"@id":"https:\/\/plant-supervision.com\/da\/referencer\/food-pharma\/#primaryimage"},"thumbnailUrl":"https:\/\/plant-supervision.com\/wp-content\/uploads\/2024\/01\/food-pharma.jpg","datePublished":"2024-01-25T08:43:18+00:00","dateModified":"2025-06-19T09:10:41+00:00","description":"Udforsk de mange forskellige projekter, vi har assisteret med over hele verden for vores kunder i f\u00f8devare- og pharmaindustrien \u2192","breadcrumb":{"@id":"https:\/\/plant-supervision.com\/da\/referencer\/food-pharma\/#breadcrumb"},"inLanguage":"da-DK","potentialAction":[{"@type":"ReadAction","target":["https:\/\/plant-supervision.com\/da\/referencer\/food-pharma\/"]}]},{"@type":"ImageObject","inLanguage":"da-DK","@id":"https:\/\/plant-supervision.com\/da\/referencer\/food-pharma\/#primaryimage","url":"https:\/\/plant-supervision.com\/wp-content\/uploads\/2024\/01\/food-pharma.jpg","contentUrl":"https:\/\/plant-supervision.com\/wp-content\/uploads\/2024\/01\/food-pharma.jpg","width":750,"height":750},{"@type":"BreadcrumbList","@id":"https:\/\/plant-supervision.com\/da\/referencer\/food-pharma\/#breadcrumb","itemListElement":[{"@type":"ListItem","position":1,"name":"Home","item":"https:\/\/plant-supervision.com\/da\/forside\/"},{"@type":"ListItem","position":2,"name":"Referencer","item":"https:\/\/plant-supervision.com\/da\/referencer\/"},{"@type":"ListItem","position":3,"name":"Food &amp; Pharma"}]},{"@type":"WebSite","@id":"https:\/\/plantsupervision.web07.tigermedia.eu\/#website","url":"https:\/\/plantsupervision.web07.tigermedia.eu\/","name":"Plant Supervision","description":"","publisher":{"@id":"https:\/\/plantsupervision.web07.tigermedia.eu\/#organization"},"potentialAction":[{"@type":"SearchAction","target":{"@type":"EntryPoint","urlTemplate":"https:\/\/plantsupervision.web07.tigermedia.eu\/?s={search_term_string}"},"query-input":{"@type":"PropertyValueSpecification","valueRequired":true,"valueName":"search_term_string"}}],"inLanguage":"da-DK"},{"@type":"Organization","@id":"https:\/\/plantsupervision.web07.tigermedia.eu\/#organization","name":"Plant Supervision","url":"https:\/\/plantsupervision.web07.tigermedia.eu\/","logo":{"@type":"ImageObject","inLanguage":"da-DK","@id":"https:\/\/plantsupervision.web07.tigermedia.eu\/#\/schema\/logo\/image\/","url":"https:\/\/plant-supervision.com\/wp-content\/uploads\/2023\/11\/ps_logo_blue.svg","contentUrl":"https:\/\/plant-supervision.com\/wp-content\/uploads\/2023\/11\/ps_logo_blue.svg","width":549,"height":121,"caption":"Plant Supervision"},"image":{"@id":"https:\/\/plantsupervision.web07.tigermedia.eu\/#\/schema\/logo\/image\/"},"sameAs":["https:\/\/www.linkedin.com\/company\/plant-supervision\/"]}]}},"_links":{"self":[{"href":"https:\/\/plant-supervision.com\/da\/wp-json\/wp\/v2\/pages\/9281","targetHints":{"allow":["GET"]}}],"collection":[{"href":"https:\/\/plant-supervision.com\/da\/wp-json\/wp\/v2\/pages"}],"about":[{"href":"https:\/\/plant-supervision.com\/da\/wp-json\/wp\/v2\/types\/page"}],"author":[{"embeddable":true,"href":"https:\/\/plant-supervision.com\/da\/wp-json\/wp\/v2\/users\/2"}],"replies":[{"embeddable":true,"href":"https:\/\/plant-supervision.com\/da\/wp-json\/wp\/v2\/comments?post=9281"}],"version-history":[{"count":7,"href":"https:\/\/plant-supervision.com\/da\/wp-json\/wp\/v2\/pages\/9281\/revisions"}],"predecessor-version":[{"id":11527,"href":"https:\/\/plant-supervision.com\/da\/wp-json\/wp\/v2\/pages\/9281\/revisions\/11527"}],"up":[{"embeddable":true,"href":"https:\/\/plant-supervision.com\/da\/wp-json\/wp\/v2\/pages\/9227"}],"wp:featuredmedia":[{"embeddable":true,"href":"https:\/\/plant-supervision.com\/da\/wp-json\/wp\/v2\/media\/881"}],"wp:attachment":[{"href":"https:\/\/plant-supervision.com\/da\/wp-json\/wp\/v2\/media?parent=9281"}],"curies":[{"name":"wp","href":"https:\/\/api.w.org\/{rel}","templated":true}]}}