{"id":9277,"date":"2024-01-25T08:42:42","date_gmt":"2024-01-25T08:42:42","guid":{"rendered":"https:\/\/plant-supervision.com\/referencer\/akvakultur\/"},"modified":"2025-06-19T07:20:38","modified_gmt":"2025-06-19T07:20:38","slug":"akvakultur","status":"publish","type":"page","link":"https:\/\/plant-supervision.com\/da\/referencer\/akvakultur\/","title":{"rendered":"Akvakultur"},"content":{"rendered":"\t\t<div data-elementor-type=\"wp-page\" data-elementor-id=\"9277\" class=\"elementor elementor-9277 elementor-1065\" data-elementor-post-type=\"page\">\n\t\t\t\t<div class=\"elementor-element elementor-element-599e4a74 e-flex e-con-boxed e-con e-parent\" data-id=\"599e4a74\" data-element_type=\"container\" data-e-type=\"container\" data-settings=\"{&quot;jet_parallax_layout_list&quot;:[]}\">\n\t\t\t\t\t<div class=\"e-con-inner\">\n\t\t\t\t<div class=\"elementor-element elementor-element-258b4876 elementor-widget elementor-widget-text-editor\" data-id=\"258b4876\" data-element_type=\"widget\" data-e-type=\"widget\" data-widget_type=\"text-editor.default\">\n\t\t\t\t<div class=\"elementor-widget-container\">\n\t\t\t\t\t\t\t\t\t<h2 class=\"wp-block-heading\">Udvalgte projekter 2024<\/h2>\n<p><strong>Land:<\/strong>&nbsp;Kina<br><strong>About<\/strong>: Byggepladsleder for opf\u00f8relsen af et landbaseret laksefarm<\/p>\n<h2 class=\"wp-block-heading\">Udvalgte projekter 2023<\/h2>\n<p><strong>Land:<\/strong>&nbsp;Kina<br><strong>Om:<\/strong>&nbsp;Elektrisk supervisor til opf\u00f8relsen af et landbaseret lakseopdr\u00e6t<\/p>\n<p><span style=\"color: inherit; font-family: inherit; font-size: 2rem;\">Udvalgte projekter 2022<\/span><br><\/p>\n<p><span style=\"font-weight: bolder;\">Land:&nbsp;<\/span>Chile<br><span style=\"font-weight: bolder; color: var( --e-global-color-text ); text-align: var(--text-align);\">Om:&nbsp;<\/span><span style=\"color: var( --e-global-color-text ); text-align: var(--text-align);\">Service og vedligeholdelse af nitrogen- og oxygengeneratorer<\/span><\/p>\n<p><strong>Country:&nbsp;<\/strong>Norge<br><strong>About:&nbsp;<\/strong>Elektrisk installation og test af RAS-system (Recirculating Aquaculture System) til en landbaseret laksefarm<\/p>\n<p><strong>Land:&nbsp;<\/strong>Norge<br><strong>Om:&nbsp;<\/strong>Elektrisk leder\/supervision inden for akvakultur (landbaseret lakseopdr\u00e6t)<\/p>\n<p><span style=\"font-weight: bolder;\">Country:&nbsp;<\/span>Norway<span style=\"font-weight: bolder;\"><br><\/span><span style=\"font-weight: bolder;\">About:&nbsp;<\/span>Commissioning af nitrogen- og oxygengeneratorer prim\u00e6rt til lakseindustrien<\/p>\n<h2 class=\"wp-block-heading\">Udvalgte projekter 2021<\/h2>\n<p><strong>Country:&nbsp;<\/strong>China<strong><br><\/strong><strong>About:&nbsp;<\/strong>Site management og elektrisk supervision inden for akvakultur (landbaseret lakseopdr\u00e6t)<\/p>\n<p><strong>Kontakt os for mere specifikke referencer fra akvakulturindustrien.&nbsp;<\/strong><\/p>\t\t\t\t\t\t\t\t<\/div>\n\t\t\t\t<\/div>\n\t\t\t\t\t<\/div>\n\t\t\t\t<\/div>\n\t\t\t\t<\/div>\n\t\t","protected":false},"excerpt":{"rendered":"<p>Udvalgte projekter 2024 Land:&nbsp;KinaAbout: Byggepladsleder for opf\u00f8relsen af et landbaseret laksefarm Udvalgte projekter 2023 Land:&nbsp;KinaOm:&nbsp;Elektrisk supervisor til opf\u00f8relsen af et landbaseret lakseopdr\u00e6t Udvalgte projekter 2022 Land:&nbsp;ChileOm:&nbsp;Service og vedligeholdelse af nitrogen- og oxygengeneratorer Country:&nbsp;NorgeAbout:&nbsp;Elektrisk installation og test af RAS-system (Recirculating Aquaculture System) til en landbaseret laksefarm Land:&nbsp;NorgeOm:&nbsp;Elektrisk leder\/supervision inden for akvakultur (landbaseret lakseopdr\u00e6t) Country:&nbsp;NorwayAbout:&nbsp;Commissioning af nitrogen- [&hellip;]<\/p>\n","protected":false},"author":2,"featured_media":871,"parent":9227,"menu_order":0,"comment_status":"closed","ping_status":"closed","template":"","meta":{"content-type":"","footnotes":""},"class_list":["post-9277","page","type-page","status-publish","has-post-thumbnail","hentry"],"yoast_head":"<!-- This site is optimized with the Yoast SEO plugin v27.5 - https:\/\/yoast.com\/product\/yoast-seo-wordpress\/ -->\n<title>Referencer: Udvalgte projekter i akvakulturindustrien<\/title>\n<meta name=\"description\" content=\"Udforsk de mange forskellige projekter, vi har assisteret med over hele verden for vores kunder i akvakulturindustrien \u2192\" \/>\n<meta name=\"robots\" content=\"index, follow, max-snippet:-1, max-image-preview:large, max-video-preview:-1\" \/>\n<link rel=\"canonical\" href=\"https:\/\/plant-supervision.com\/da\/referencer\/akvakultur\/\" \/>\n<meta property=\"og:locale\" content=\"da_DK\" \/>\n<meta property=\"og:type\" content=\"article\" \/>\n<meta property=\"og:title\" content=\"Referencer: Udvalgte projekter i akvakulturindustrien\" \/>\n<meta property=\"og:description\" content=\"Udforsk de mange forskellige projekter, vi har assisteret med over hele verden for vores kunder i akvakulturindustrien \u2192\" \/>\n<meta property=\"og:url\" content=\"https:\/\/plant-supervision.com\/da\/referencer\/akvakultur\/\" \/>\n<meta property=\"og:site_name\" content=\"Plant Supervision\" \/>\n<meta property=\"article:modified_time\" content=\"2025-06-19T07:20:38+00:00\" \/>\n<meta property=\"og:image\" content=\"https:\/\/plant-supervision.com\/wp-content\/uploads\/2024\/01\/aquaculture.jpg\" \/>\n\t<meta property=\"og:image:width\" content=\"750\" \/>\n\t<meta property=\"og:image:height\" content=\"750\" \/>\n\t<meta property=\"og:image:type\" content=\"image\/jpeg\" \/>\n<meta name=\"twitter:card\" content=\"summary_large_image\" \/>\n<meta name=\"twitter:label1\" content=\"Estimeret l\u00e6setid\" \/>\n\t<meta name=\"twitter:data1\" content=\"1 minut\" \/>\n<script type=\"application\/ld+json\" class=\"yoast-schema-graph\">{\"@context\":\"https:\\\/\\\/schema.org\",\"@graph\":[{\"@type\":\"WebPage\",\"@id\":\"https:\\\/\\\/plant-supervision.com\\\/da\\\/referencer\\\/akvakultur\\\/\",\"url\":\"https:\\\/\\\/plant-supervision.com\\\/da\\\/referencer\\\/akvakultur\\\/\",\"name\":\"Referencer: Udvalgte projekter i akvakulturindustrien\",\"isPartOf\":{\"@id\":\"https:\\\/\\\/plantsupervision.web07.tigermedia.eu\\\/#website\"},\"primaryImageOfPage\":{\"@id\":\"https:\\\/\\\/plant-supervision.com\\\/da\\\/referencer\\\/akvakultur\\\/#primaryimage\"},\"image\":{\"@id\":\"https:\\\/\\\/plant-supervision.com\\\/da\\\/referencer\\\/akvakultur\\\/#primaryimage\"},\"thumbnailUrl\":\"https:\\\/\\\/plant-supervision.com\\\/wp-content\\\/uploads\\\/2024\\\/01\\\/aquaculture.jpg\",\"datePublished\":\"2024-01-25T08:42:42+00:00\",\"dateModified\":\"2025-06-19T07:20:38+00:00\",\"description\":\"Udforsk de mange forskellige projekter, vi har assisteret med over hele verden for vores kunder i akvakulturindustrien \u2192\",\"breadcrumb\":{\"@id\":\"https:\\\/\\\/plant-supervision.com\\\/da\\\/referencer\\\/akvakultur\\\/#breadcrumb\"},\"inLanguage\":\"da-DK\",\"potentialAction\":[{\"@type\":\"ReadAction\",\"target\":[\"https:\\\/\\\/plant-supervision.com\\\/da\\\/referencer\\\/akvakultur\\\/\"]}]},{\"@type\":\"ImageObject\",\"inLanguage\":\"da-DK\",\"@id\":\"https:\\\/\\\/plant-supervision.com\\\/da\\\/referencer\\\/akvakultur\\\/#primaryimage\",\"url\":\"https:\\\/\\\/plant-supervision.com\\\/wp-content\\\/uploads\\\/2024\\\/01\\\/aquaculture.jpg\",\"contentUrl\":\"https:\\\/\\\/plant-supervision.com\\\/wp-content\\\/uploads\\\/2024\\\/01\\\/aquaculture.jpg\",\"width\":750,\"height\":750},{\"@type\":\"BreadcrumbList\",\"@id\":\"https:\\\/\\\/plant-supervision.com\\\/da\\\/referencer\\\/akvakultur\\\/#breadcrumb\",\"itemListElement\":[{\"@type\":\"ListItem\",\"position\":1,\"name\":\"Home\",\"item\":\"https:\\\/\\\/plant-supervision.com\\\/da\\\/forside\\\/\"},{\"@type\":\"ListItem\",\"position\":2,\"name\":\"Referencer\",\"item\":\"https:\\\/\\\/plant-supervision.com\\\/da\\\/referencer\\\/\"},{\"@type\":\"ListItem\",\"position\":3,\"name\":\"Akvakultur\"}]},{\"@type\":\"WebSite\",\"@id\":\"https:\\\/\\\/plantsupervision.web07.tigermedia.eu\\\/#website\",\"url\":\"https:\\\/\\\/plantsupervision.web07.tigermedia.eu\\\/\",\"name\":\"Plant Supervision\",\"description\":\"\",\"publisher\":{\"@id\":\"https:\\\/\\\/plantsupervision.web07.tigermedia.eu\\\/#organization\"},\"potentialAction\":[{\"@type\":\"SearchAction\",\"target\":{\"@type\":\"EntryPoint\",\"urlTemplate\":\"https:\\\/\\\/plantsupervision.web07.tigermedia.eu\\\/?s={search_term_string}\"},\"query-input\":{\"@type\":\"PropertyValueSpecification\",\"valueRequired\":true,\"valueName\":\"search_term_string\"}}],\"inLanguage\":\"da-DK\"},{\"@type\":\"Organization\",\"@id\":\"https:\\\/\\\/plantsupervision.web07.tigermedia.eu\\\/#organization\",\"name\":\"Plant Supervision\",\"url\":\"https:\\\/\\\/plantsupervision.web07.tigermedia.eu\\\/\",\"logo\":{\"@type\":\"ImageObject\",\"inLanguage\":\"da-DK\",\"@id\":\"https:\\\/\\\/plantsupervision.web07.tigermedia.eu\\\/#\\\/schema\\\/logo\\\/image\\\/\",\"url\":\"https:\\\/\\\/plant-supervision.com\\\/wp-content\\\/uploads\\\/2023\\\/11\\\/ps_logo_blue.svg\",\"contentUrl\":\"https:\\\/\\\/plant-supervision.com\\\/wp-content\\\/uploads\\\/2023\\\/11\\\/ps_logo_blue.svg\",\"width\":549,\"height\":121,\"caption\":\"Plant Supervision\"},\"image\":{\"@id\":\"https:\\\/\\\/plantsupervision.web07.tigermedia.eu\\\/#\\\/schema\\\/logo\\\/image\\\/\"},\"sameAs\":[\"https:\\\/\\\/www.linkedin.com\\\/company\\\/plant-supervision\\\/\"]}]}<\/script>\n<!-- \/ Yoast SEO plugin. -->","yoast_head_json":{"title":"Referencer: Udvalgte projekter i akvakulturindustrien","description":"Udforsk de mange forskellige projekter, vi har assisteret med over hele verden for vores kunder i akvakulturindustrien \u2192","robots":{"index":"index","follow":"follow","max-snippet":"max-snippet:-1","max-image-preview":"max-image-preview:large","max-video-preview":"max-video-preview:-1"},"canonical":"https:\/\/plant-supervision.com\/da\/referencer\/akvakultur\/","og_locale":"da_DK","og_type":"article","og_title":"Referencer: Udvalgte projekter i akvakulturindustrien","og_description":"Udforsk de mange forskellige projekter, vi har assisteret med over hele verden for vores kunder i akvakulturindustrien \u2192","og_url":"https:\/\/plant-supervision.com\/da\/referencer\/akvakultur\/","og_site_name":"Plant Supervision","article_modified_time":"2025-06-19T07:20:38+00:00","og_image":[{"width":750,"height":750,"url":"https:\/\/plant-supervision.com\/wp-content\/uploads\/2024\/01\/aquaculture.jpg","type":"image\/jpeg"}],"twitter_card":"summary_large_image","twitter_misc":{"Estimeret l\u00e6setid":"1 minut"},"schema":{"@context":"https:\/\/schema.org","@graph":[{"@type":"WebPage","@id":"https:\/\/plant-supervision.com\/da\/referencer\/akvakultur\/","url":"https:\/\/plant-supervision.com\/da\/referencer\/akvakultur\/","name":"Referencer: Udvalgte projekter i akvakulturindustrien","isPartOf":{"@id":"https:\/\/plantsupervision.web07.tigermedia.eu\/#website"},"primaryImageOfPage":{"@id":"https:\/\/plant-supervision.com\/da\/referencer\/akvakultur\/#primaryimage"},"image":{"@id":"https:\/\/plant-supervision.com\/da\/referencer\/akvakultur\/#primaryimage"},"thumbnailUrl":"https:\/\/plant-supervision.com\/wp-content\/uploads\/2024\/01\/aquaculture.jpg","datePublished":"2024-01-25T08:42:42+00:00","dateModified":"2025-06-19T07:20:38+00:00","description":"Udforsk de mange forskellige projekter, vi har assisteret med over hele verden for vores kunder i akvakulturindustrien \u2192","breadcrumb":{"@id":"https:\/\/plant-supervision.com\/da\/referencer\/akvakultur\/#breadcrumb"},"inLanguage":"da-DK","potentialAction":[{"@type":"ReadAction","target":["https:\/\/plant-supervision.com\/da\/referencer\/akvakultur\/"]}]},{"@type":"ImageObject","inLanguage":"da-DK","@id":"https:\/\/plant-supervision.com\/da\/referencer\/akvakultur\/#primaryimage","url":"https:\/\/plant-supervision.com\/wp-content\/uploads\/2024\/01\/aquaculture.jpg","contentUrl":"https:\/\/plant-supervision.com\/wp-content\/uploads\/2024\/01\/aquaculture.jpg","width":750,"height":750},{"@type":"BreadcrumbList","@id":"https:\/\/plant-supervision.com\/da\/referencer\/akvakultur\/#breadcrumb","itemListElement":[{"@type":"ListItem","position":1,"name":"Home","item":"https:\/\/plant-supervision.com\/da\/forside\/"},{"@type":"ListItem","position":2,"name":"Referencer","item":"https:\/\/plant-supervision.com\/da\/referencer\/"},{"@type":"ListItem","position":3,"name":"Akvakultur"}]},{"@type":"WebSite","@id":"https:\/\/plantsupervision.web07.tigermedia.eu\/#website","url":"https:\/\/plantsupervision.web07.tigermedia.eu\/","name":"Plant Supervision","description":"","publisher":{"@id":"https:\/\/plantsupervision.web07.tigermedia.eu\/#organization"},"potentialAction":[{"@type":"SearchAction","target":{"@type":"EntryPoint","urlTemplate":"https:\/\/plantsupervision.web07.tigermedia.eu\/?s={search_term_string}"},"query-input":{"@type":"PropertyValueSpecification","valueRequired":true,"valueName":"search_term_string"}}],"inLanguage":"da-DK"},{"@type":"Organization","@id":"https:\/\/plantsupervision.web07.tigermedia.eu\/#organization","name":"Plant Supervision","url":"https:\/\/plantsupervision.web07.tigermedia.eu\/","logo":{"@type":"ImageObject","inLanguage":"da-DK","@id":"https:\/\/plantsupervision.web07.tigermedia.eu\/#\/schema\/logo\/image\/","url":"https:\/\/plant-supervision.com\/wp-content\/uploads\/2023\/11\/ps_logo_blue.svg","contentUrl":"https:\/\/plant-supervision.com\/wp-content\/uploads\/2023\/11\/ps_logo_blue.svg","width":549,"height":121,"caption":"Plant Supervision"},"image":{"@id":"https:\/\/plantsupervision.web07.tigermedia.eu\/#\/schema\/logo\/image\/"},"sameAs":["https:\/\/www.linkedin.com\/company\/plant-supervision\/"]}]}},"_links":{"self":[{"href":"https:\/\/plant-supervision.com\/da\/wp-json\/wp\/v2\/pages\/9277","targetHints":{"allow":["GET"]}}],"collection":[{"href":"https:\/\/plant-supervision.com\/da\/wp-json\/wp\/v2\/pages"}],"about":[{"href":"https:\/\/plant-supervision.com\/da\/wp-json\/wp\/v2\/types\/page"}],"author":[{"embeddable":true,"href":"https:\/\/plant-supervision.com\/da\/wp-json\/wp\/v2\/users\/2"}],"replies":[{"embeddable":true,"href":"https:\/\/plant-supervision.com\/da\/wp-json\/wp\/v2\/comments?post=9277"}],"version-history":[{"count":10,"href":"https:\/\/plant-supervision.com\/da\/wp-json\/wp\/v2\/pages\/9277\/revisions"}],"predecessor-version":[{"id":11494,"href":"https:\/\/plant-supervision.com\/da\/wp-json\/wp\/v2\/pages\/9277\/revisions\/11494"}],"up":[{"embeddable":true,"href":"https:\/\/plant-supervision.com\/da\/wp-json\/wp\/v2\/pages\/9227"}],"wp:featuredmedia":[{"embeddable":true,"href":"https:\/\/plant-supervision.com\/da\/wp-json\/wp\/v2\/media\/871"}],"wp:attachment":[{"href":"https:\/\/plant-supervision.com\/da\/wp-json\/wp\/v2\/media?parent=9277"}],"curies":[{"name":"wp","href":"https:\/\/api.w.org\/{rel}","templated":true}]}}