{"id":9225,"date":"2023-11-23T10:51:21","date_gmt":"2023-11-23T10:51:21","guid":{"rendered":"https:\/\/plant-supervision.com\/privatlivspolitik\/"},"modified":"2025-06-19T07:16:37","modified_gmt":"2025-06-19T07:16:37","slug":"privatlivspolitik","status":"publish","type":"page","link":"https:\/\/plant-supervision.com\/da\/privatlivspolitik\/","title":{"rendered":"Privatlivspolitik"},"content":{"rendered":"\t\t<div data-elementor-type=\"wp-page\" data-elementor-id=\"9225\" class=\"elementor elementor-9225 elementor-3\" data-elementor-post-type=\"page\">\n\t\t\t\t<div class=\"elementor-element elementor-element-674d941e e-flex e-con-boxed e-con e-parent\" data-id=\"674d941e\" data-element_type=\"container\" data-e-type=\"container\" data-settings=\"{&quot;jet_parallax_layout_list&quot;:[]}\">\n\t\t\t\t\t<div class=\"e-con-inner\">\n\t\t\t\t<div class=\"elementor-element elementor-element-4f814778 elementor-widget elementor-widget-text-editor\" data-id=\"4f814778\" data-element_type=\"widget\" data-e-type=\"widget\" data-widget_type=\"text-editor.default\">\n\t\t\t\t<div class=\"elementor-widget-container\">\n\t\t\t\t\t\t\t\t\t<h2>Hvem er vi?<\/h2><p>Vi er:<\/p><p>Plant Supervision ApS<\/p><p>Ved Stranden 9B<br>9000 Aalborg<\/p><p>Att: Thomas Kristensen og John Andersen<\/p><p>Vi er ikke forpligtet til at have en databeskyttelsesr\u00e5dgiver, s\u00e5 eventuelle henvendelser vedr\u00f8rende vores brug af dine personlige data skal rettes til ovenst\u00e5ende kontaktoplysninger.<\/p><h2>Hvordan vi bruger dine oplysninger<\/h2><h3>N\u00e5r du bruger vores hjemmeside<\/h3><p>N\u00e5r du bes\u00f8ger vores hjemmeside, anvender vi cookies til at indsamle oplysninger om dig. Dette g\u00f8r det muligt for os at tilpasse og forbedre vores indhold. N\u00e5r vi indsamler disse oplysninger, fungerer vi som dataansvarlige. Se vores cookiepolitik her.  <\/p><h3>N\u00e5r du sender en foresp\u00f8rgsel via vores hjemmeside<\/h3><p>N\u00e5r du sender en foresp\u00f8rgsel via vores hjemmeside, beder vi om dit navn, firmanavn og e-mailadresse. Vi bruger disse oplysninger til at besvare din henvendelse, herunder at give dig eventuel \u00f8nsket information om vores produkter og tjenester. Vi kan kontakte dig flere gange efter din henvendelse for at f\u00f8lge op p\u00e5 din interesse og sikre, at vi har besvaret dine sp\u00f8rgsm\u00e5l tilfredsstillende. Dette g\u00f8r vi baseret p\u00e5 vores legitime interesse i at levere pr\u00e6cis information inden et salg.   <\/p><p>Din foresp\u00f8rgsel sendes via e-mail til vores relevante medarbejdere.<\/p><p>Vi anvender ikke dine oplysninger til automatiserede beslutninger, der kan p\u00e5virke dig. Vi gemmer din foresp\u00f8rgsel i 6 m\u00e5neder, hvorefter den slettes. <\/p><p>Hvis du sender dit CV som en del af din henvendelse. Hvis du vedh\u00e6fter dit CV og dermed anmoder om at blive supervisor, opbevarer vi dine oplysninger i det aktuelle \u00e5r + 3 \u00e5r. Dine oplysninger lagres p\u00e5 en sikker intern server, og kun relevante medarbejdere har adgang. Samtidig giver du samtykke til, at vi kan videregive dine oplysninger til eksterne kunder eller partnere i forbindelse med: Indg\u00e5else af aftaler om et supervisor-projekt og Administration af et igangv\u00e6rende supervisor-projekt  <\/p><h3>Dine rettigheder som registreret<\/h3><ul><li>Du har til enhver tid ret til at vide, hvilke personoplysninger vi har om dig, og du kan anmode os om at rette dem, hvis de er forkerte. Hvis vi har anmodet om dit samtykke til at behandle dine personoplysninger, kan du til enhver tid tilbagekalde dit samtykke. <\/li><li>Hvis vi behandler dine personoplysninger baseret p\u00e5 samtykke eller en kontrakt, kan du anmode om en kopi af dine data i et maskinl\u00e6sbart format, s\u00e5 du kan overf\u00f8re dem til en anden udbyder.<\/li><li>Hvis vi behandler dine personoplysninger baseret p\u00e5 samtykke eller legitim interesse, kan du anmode om, at dine data bliver slettet.<\/li><\/ul><p>Du har ret til at anmode os om at stoppe brugen af dine oplysninger midlertidigt, hvis du mener, at vi ikke behandler dem lovligt.<\/p><p>Endelig kan du i visse tilf\u00e6lde anmode os om ikke at tr\u00e6ffe beslutninger, der p\u00e5virker dig, ved brug af automatiseret behandling eller profilering.<\/p><p>For at indsende en anmodning om adgang til dine personoplysninger via e-mail, post eller telefon, bedes du bruge kontaktoplysningerne angivet i afsnittet &#8220;Hvem er vi&#8221; i denne politik.<\/p><h3>Din ret til at klage<\/h3><p>Hvis du har en klage over vores behandling af dine oplysninger, foretr\u00e6kker vi, at du kontakter os direkte f\u00f8rst, s\u00e5 vi har mulighed for at h\u00e5ndtere din klage. Du har dog ogs\u00e5 mulighed for at kontakte Datatilsynet, den danske tilsynsmyndighed, via deres hjemmeside: www.datatilsynet.dk. <\/p><h2>Opdateringer af denne privatlivspolitik<\/h2><p>Vi gennemg\u00e5r og opdaterer l\u00f8bende denne privatlivspolitik, s\u00e5 den afspejler eventuelle \u00e6ndringer i vores tjenester og brug af personoplysninger. Hvis vi \u00f8nsker at anvende dine personoplysninger p\u00e5 en m\u00e5de, vi ikke tidligere har gjort, vil vi kontakte dig for at informere dig om dette og, hvis n\u00f8dvendigt, anmode om dit samtykke. <\/p><p>Vi opdaterer versionsnummeret og datoen p\u00e5 dette dokument, hver gang der sker \u00e6ndringer.<\/p><h2>Cookies<\/h2><p><script type=\"text\/javascript\" charset=\"UTF-8\" data-cookiescriptreport=\"report\" src=\"\/\/report.cookie-script.com\/r\/ed48f2d18516005e99fd3e19017c1318.js\"><\/script><br><br><\/p>\t\t\t\t\t\t\t\t<\/div>\n\t\t\t\t<\/div>\n\t\t\t\t\t<\/div>\n\t\t\t\t<\/div>\n\t\t\t\t<\/div>\n\t\t","protected":false},"excerpt":{"rendered":"<p>Hvem er vi? Vi er: Plant Supervision ApS Ved Stranden 9B9000 Aalborg Att: Thomas Kristensen og John Andersen Vi er ikke forpligtet til at have en databeskyttelsesr\u00e5dgiver, s\u00e5 eventuelle henvendelser vedr\u00f8rende vores brug af dine personlige data skal rettes til ovenst\u00e5ende kontaktoplysninger. Hvordan vi bruger dine oplysninger N\u00e5r du bruger vores hjemmeside N\u00e5r du bes\u00f8ger [&hellip;]<\/p>\n","protected":false},"author":1,"featured_media":0,"parent":0,"menu_order":0,"comment_status":"closed","ping_status":"closed","template":"","meta":{"content-type":"","footnotes":""},"class_list":["post-9225","page","type-page","status-publish","hentry"],"yoast_head":"<!-- This site is optimized with the Yoast SEO plugin v27.5 - https:\/\/yoast.com\/product\/yoast-seo-wordpress\/ -->\n<title>Privatlivspolitik -<\/title>\n<meta name=\"description\" content=\"Forst\u00e5 Plant Supervisions privatlivspraksis, herunder dataindsamling, brug og dine rettigheder. L\u00e6r, hvordan vi beskytter dine personlige oplysninger.\" \/>\n<meta name=\"robots\" content=\"index, follow, max-snippet:-1, max-image-preview:large, max-video-preview:-1\" \/>\n<link rel=\"canonical\" href=\"https:\/\/plant-supervision.com\/da\/privatlivspolitik\/\" \/>\n<meta property=\"og:locale\" content=\"da_DK\" \/>\n<meta property=\"og:type\" content=\"article\" \/>\n<meta property=\"og:title\" content=\"Privatlivspolitik -\" \/>\n<meta property=\"og:description\" content=\"Forst\u00e5 Plant Supervisions privatlivspraksis, herunder dataindsamling, brug og dine rettigheder. L\u00e6r, hvordan vi beskytter dine personlige oplysninger.\" \/>\n<meta property=\"og:url\" content=\"https:\/\/plant-supervision.com\/da\/privatlivspolitik\/\" \/>\n<meta property=\"og:site_name\" content=\"Plant Supervision\" \/>\n<meta property=\"article:modified_time\" content=\"2025-06-19T07:16:37+00:00\" \/>\n<meta name=\"twitter:card\" content=\"summary_large_image\" \/>\n<meta name=\"twitter:label1\" content=\"Estimeret l\u00e6setid\" \/>\n\t<meta name=\"twitter:data1\" content=\"3 minutter\" \/>\n<script type=\"application\/ld+json\" class=\"yoast-schema-graph\">{\"@context\":\"https:\\\/\\\/schema.org\",\"@graph\":[{\"@type\":\"WebPage\",\"@id\":\"https:\\\/\\\/plant-supervision.com\\\/da\\\/privatlivspolitik\\\/\",\"url\":\"https:\\\/\\\/plant-supervision.com\\\/da\\\/privatlivspolitik\\\/\",\"name\":\"Privatlivspolitik -\",\"isPartOf\":{\"@id\":\"https:\\\/\\\/plantsupervision.web07.tigermedia.eu\\\/#website\"},\"datePublished\":\"2023-11-23T10:51:21+00:00\",\"dateModified\":\"2025-06-19T07:16:37+00:00\",\"description\":\"Forst\u00e5 Plant Supervisions privatlivspraksis, herunder dataindsamling, brug og dine rettigheder. L\u00e6r, hvordan vi beskytter dine personlige oplysninger.\",\"breadcrumb\":{\"@id\":\"https:\\\/\\\/plant-supervision.com\\\/da\\\/privatlivspolitik\\\/#breadcrumb\"},\"inLanguage\":\"da-DK\",\"potentialAction\":[{\"@type\":\"ReadAction\",\"target\":[\"https:\\\/\\\/plant-supervision.com\\\/da\\\/privatlivspolitik\\\/\"]}]},{\"@type\":\"BreadcrumbList\",\"@id\":\"https:\\\/\\\/plant-supervision.com\\\/da\\\/privatlivspolitik\\\/#breadcrumb\",\"itemListElement\":[{\"@type\":\"ListItem\",\"position\":1,\"name\":\"Home\",\"item\":\"https:\\\/\\\/plant-supervision.com\\\/da\\\/forside\\\/\"},{\"@type\":\"ListItem\",\"position\":2,\"name\":\"Privatlivspolitik\"}]},{\"@type\":\"WebSite\",\"@id\":\"https:\\\/\\\/plantsupervision.web07.tigermedia.eu\\\/#website\",\"url\":\"https:\\\/\\\/plantsupervision.web07.tigermedia.eu\\\/\",\"name\":\"Plant Supervision\",\"description\":\"\",\"publisher\":{\"@id\":\"https:\\\/\\\/plantsupervision.web07.tigermedia.eu\\\/#organization\"},\"potentialAction\":[{\"@type\":\"SearchAction\",\"target\":{\"@type\":\"EntryPoint\",\"urlTemplate\":\"https:\\\/\\\/plantsupervision.web07.tigermedia.eu\\\/?s={search_term_string}\"},\"query-input\":{\"@type\":\"PropertyValueSpecification\",\"valueRequired\":true,\"valueName\":\"search_term_string\"}}],\"inLanguage\":\"da-DK\"},{\"@type\":\"Organization\",\"@id\":\"https:\\\/\\\/plantsupervision.web07.tigermedia.eu\\\/#organization\",\"name\":\"Plant Supervision\",\"url\":\"https:\\\/\\\/plantsupervision.web07.tigermedia.eu\\\/\",\"logo\":{\"@type\":\"ImageObject\",\"inLanguage\":\"da-DK\",\"@id\":\"https:\\\/\\\/plantsupervision.web07.tigermedia.eu\\\/#\\\/schema\\\/logo\\\/image\\\/\",\"url\":\"https:\\\/\\\/plant-supervision.com\\\/wp-content\\\/uploads\\\/2023\\\/11\\\/ps_logo_blue.svg\",\"contentUrl\":\"https:\\\/\\\/plant-supervision.com\\\/wp-content\\\/uploads\\\/2023\\\/11\\\/ps_logo_blue.svg\",\"width\":549,\"height\":121,\"caption\":\"Plant Supervision\"},\"image\":{\"@id\":\"https:\\\/\\\/plantsupervision.web07.tigermedia.eu\\\/#\\\/schema\\\/logo\\\/image\\\/\"},\"sameAs\":[\"https:\\\/\\\/www.linkedin.com\\\/company\\\/plant-supervision\\\/\"]}]}<\/script>\n<!-- \/ Yoast SEO plugin. -->","yoast_head_json":{"title":"Privatlivspolitik -","description":"Forst\u00e5 Plant Supervisions privatlivspraksis, herunder dataindsamling, brug og dine rettigheder. L\u00e6r, hvordan vi beskytter dine personlige oplysninger.","robots":{"index":"index","follow":"follow","max-snippet":"max-snippet:-1","max-image-preview":"max-image-preview:large","max-video-preview":"max-video-preview:-1"},"canonical":"https:\/\/plant-supervision.com\/da\/privatlivspolitik\/","og_locale":"da_DK","og_type":"article","og_title":"Privatlivspolitik -","og_description":"Forst\u00e5 Plant Supervisions privatlivspraksis, herunder dataindsamling, brug og dine rettigheder. L\u00e6r, hvordan vi beskytter dine personlige oplysninger.","og_url":"https:\/\/plant-supervision.com\/da\/privatlivspolitik\/","og_site_name":"Plant Supervision","article_modified_time":"2025-06-19T07:16:37+00:00","twitter_card":"summary_large_image","twitter_misc":{"Estimeret l\u00e6setid":"3 minutter"},"schema":{"@context":"https:\/\/schema.org","@graph":[{"@type":"WebPage","@id":"https:\/\/plant-supervision.com\/da\/privatlivspolitik\/","url":"https:\/\/plant-supervision.com\/da\/privatlivspolitik\/","name":"Privatlivspolitik -","isPartOf":{"@id":"https:\/\/plantsupervision.web07.tigermedia.eu\/#website"},"datePublished":"2023-11-23T10:51:21+00:00","dateModified":"2025-06-19T07:16:37+00:00","description":"Forst\u00e5 Plant Supervisions privatlivspraksis, herunder dataindsamling, brug og dine rettigheder. L\u00e6r, hvordan vi beskytter dine personlige oplysninger.","breadcrumb":{"@id":"https:\/\/plant-supervision.com\/da\/privatlivspolitik\/#breadcrumb"},"inLanguage":"da-DK","potentialAction":[{"@type":"ReadAction","target":["https:\/\/plant-supervision.com\/da\/privatlivspolitik\/"]}]},{"@type":"BreadcrumbList","@id":"https:\/\/plant-supervision.com\/da\/privatlivspolitik\/#breadcrumb","itemListElement":[{"@type":"ListItem","position":1,"name":"Home","item":"https:\/\/plant-supervision.com\/da\/forside\/"},{"@type":"ListItem","position":2,"name":"Privatlivspolitik"}]},{"@type":"WebSite","@id":"https:\/\/plantsupervision.web07.tigermedia.eu\/#website","url":"https:\/\/plantsupervision.web07.tigermedia.eu\/","name":"Plant Supervision","description":"","publisher":{"@id":"https:\/\/plantsupervision.web07.tigermedia.eu\/#organization"},"potentialAction":[{"@type":"SearchAction","target":{"@type":"EntryPoint","urlTemplate":"https:\/\/plantsupervision.web07.tigermedia.eu\/?s={search_term_string}"},"query-input":{"@type":"PropertyValueSpecification","valueRequired":true,"valueName":"search_term_string"}}],"inLanguage":"da-DK"},{"@type":"Organization","@id":"https:\/\/plantsupervision.web07.tigermedia.eu\/#organization","name":"Plant Supervision","url":"https:\/\/plantsupervision.web07.tigermedia.eu\/","logo":{"@type":"ImageObject","inLanguage":"da-DK","@id":"https:\/\/plantsupervision.web07.tigermedia.eu\/#\/schema\/logo\/image\/","url":"https:\/\/plant-supervision.com\/wp-content\/uploads\/2023\/11\/ps_logo_blue.svg","contentUrl":"https:\/\/plant-supervision.com\/wp-content\/uploads\/2023\/11\/ps_logo_blue.svg","width":549,"height":121,"caption":"Plant Supervision"},"image":{"@id":"https:\/\/plantsupervision.web07.tigermedia.eu\/#\/schema\/logo\/image\/"},"sameAs":["https:\/\/www.linkedin.com\/company\/plant-supervision\/"]}]}},"_links":{"self":[{"href":"https:\/\/plant-supervision.com\/da\/wp-json\/wp\/v2\/pages\/9225","targetHints":{"allow":["GET"]}}],"collection":[{"href":"https:\/\/plant-supervision.com\/da\/wp-json\/wp\/v2\/pages"}],"about":[{"href":"https:\/\/plant-supervision.com\/da\/wp-json\/wp\/v2\/types\/page"}],"author":[{"embeddable":true,"href":"https:\/\/plant-supervision.com\/da\/wp-json\/wp\/v2\/users\/1"}],"replies":[{"embeddable":true,"href":"https:\/\/plant-supervision.com\/da\/wp-json\/wp\/v2\/comments?post=9225"}],"version-history":[{"count":2,"href":"https:\/\/plant-supervision.com\/da\/wp-json\/wp\/v2\/pages\/9225\/revisions"}],"predecessor-version":[{"id":11489,"href":"https:\/\/plant-supervision.com\/da\/wp-json\/wp\/v2\/pages\/9225\/revisions\/11489"}],"wp:attachment":[{"href":"https:\/\/plant-supervision.com\/da\/wp-json\/wp\/v2\/media?parent=9225"}],"curies":[{"name":"wp","href":"https:\/\/api.w.org\/{rel}","templated":true}]}}