{"id":9183,"date":"2024-03-14T09:18:24","date_gmt":"2024-03-14T09:18:24","guid":{"rendered":"https:\/\/plant-supervision.com\/fra-hav-til-byggeplads-lars-liv-som-global-ingenioer\/"},"modified":"2025-06-19T12:26:37","modified_gmt":"2025-06-19T12:26:37","slug":"fra-hav-til-byggeplads-lars-liv-som-global-ingenioer","status":"publish","type":"page","link":"https:\/\/plant-supervision.com\/da\/fra-hav-til-byggeplads-lars-liv-som-global-ingenioer\/","title":{"rendered":"Fra s\u00f8 til site: Lars\u2019 liv som rejsende site manager"},"content":{"rendered":"\t\t<div data-elementor-type=\"wp-page\" data-elementor-id=\"9183\" class=\"elementor elementor-9183 elementor-3412\" data-elementor-post-type=\"page\">\n\t\t\t\t<div class=\"elementor-element elementor-element-d1096b9 e-flex e-con-boxed e-con e-parent\" data-id=\"d1096b9\" data-element_type=\"container\" data-e-type=\"container\" data-settings=\"{&quot;jet_parallax_layout_list&quot;:[]}\">\n\t\t\t\t\t<div class=\"e-con-inner\">\n\t\t\t\t<div class=\"elementor-element elementor-element-5b106615 elementor-widget elementor-widget-heading\" data-id=\"5b106615\" data-element_type=\"widget\" data-e-type=\"widget\" data-widget_type=\"heading.default\">\n\t\t\t\t<div class=\"elementor-widget-container\">\n\t\t\t\t\t<h2 class=\"elementor-heading-title elementor-size-default\">Lars\u2019 liv som rejsende site manager<\/h2>\t\t\t\t<\/div>\n\t\t\t\t<\/div>\n\t\t\t\t<div class=\"elementor-element elementor-element-285d2d66 elementor-widget elementor-widget-image\" data-id=\"285d2d66\" data-element_type=\"widget\" data-e-type=\"widget\" data-widget_type=\"image.default\">\n\t\t\t\t<div class=\"elementor-widget-container\">\n\t\t\t\t\t\t\t\t\t\t\t\t\t\t\t<img fetchpriority=\"high\" decoding=\"async\" width=\"800\" height=\"300\" src=\"https:\/\/plant-supervision.com\/wp-content\/uploads\/2024\/03\/Potpourri-1.jpg\" class=\"attachment-large size-large wp-image-3420\" alt=\"Potpurri of images of site manager Lars Justesen\" srcset=\"https:\/\/plant-supervision.com\/wp-content\/uploads\/2024\/03\/Potpourri-1.jpg 1000w, https:\/\/plant-supervision.com\/wp-content\/uploads\/2024\/03\/Potpourri-1-300x113.jpg 300w, https:\/\/plant-supervision.com\/wp-content\/uploads\/2024\/03\/Potpourri-1-768x288.jpg 768w\" sizes=\"(max-width: 800px) 100vw, 800px\" \/>\t\t\t\t\t\t\t\t\t\t\t\t\t\t\t<\/div>\n\t\t\t\t<\/div>\n\t\t\t\t<div class=\"elementor-element elementor-element-73a86833 elementor-widget elementor-widget-text-editor\" data-id=\"73a86833\" data-element_type=\"widget\" data-e-type=\"widget\" data-widget_type=\"text-editor.default\">\n\t\t\t\t<div class=\"elementor-widget-container\">\n\t\t\t\t\t\t\t\t\t<p><strong>L\u00e6s om Lars&#8217; ekstraordin\u00e6re rejse fra skibselektriker til erfaren site manager, og hvordan et liv p\u00e5 farten har formet hans karriere og liv.<\/strong><\/p><p>I en alder af 50 \u00e5r har Lars tilbragt halvdelen af sit liv p\u00e5 farten og har rejst gennem n\u00e6sten alle lande og kontinenter.<\/p><p>&#8220;<em>Jeg har v\u00e6ret over hele verden og mistede n\u00e6rmest tal p\u00e5 det efter de f\u00f8rste 100 lande.<\/em>&#8220;<\/p><p>Lars startede sin karriere som skibselektriker, hvor hans rejseliv begyndte. I 2016 blev han commissioning ingeni\u00f8r i den tunge industri, og i 2019 blev han en del af Plant Supervision. <\/p><p>Typisk sp\u00e6nder vores projekter fra \u00e9n til seks m\u00e5neder, men bem\u00e6rkelsesv\u00e6rdigt nok har Lars v\u00e6ret p\u00e5 det samme projekt i fire \u00e5r \u2013 et bevis p\u00e5 kundens tilfredshed med hans arbejde. <\/p><p>&#8220;<em>Jeg startede som commissioning engieer p\u00e5 projektet og blev derefter forfremmet til site manager, s\u00e5 jeg m\u00e5 have gjort noget rigtigt.<\/em>&#8220;<\/p><p><a title=\"Cases\" href=\"https:\/\/plant-supervision.com\/da\/casestudier\/\"><strong>Se eksempler p\u00e5, hvordan vi har st\u00f8ttet projekter over hele verden \u2013 klik her for at l\u00e6se vores case studier.<\/strong><\/a><\/p>\t\t\t\t\t\t\t\t<\/div>\n\t\t\t\t<\/div>\n\t\t\t\t<div class=\"elementor-element elementor-element-1d66ade9 elementor-widget elementor-widget-image\" data-id=\"1d66ade9\" data-element_type=\"widget\" data-e-type=\"widget\" data-widget_type=\"image.default\">\n\t\t\t\t<div class=\"elementor-widget-container\">\n\t\t\t\t\t\t\t\t\t\t\t\t\t\t\t<img decoding=\"async\" width=\"800\" height=\"300\" src=\"https:\/\/plant-supervision.com\/wp-content\/uploads\/2024\/03\/Ikke-navngivet-2-2.jpg\" class=\"attachment-large size-large wp-image-3418\" alt=\"A pack of dolphins swimming\" srcset=\"https:\/\/plant-supervision.com\/wp-content\/uploads\/2024\/03\/Ikke-navngivet-2-2.jpg 1000w, https:\/\/plant-supervision.com\/wp-content\/uploads\/2024\/03\/Ikke-navngivet-2-2-300x113.jpg 300w, https:\/\/plant-supervision.com\/wp-content\/uploads\/2024\/03\/Ikke-navngivet-2-2-768x288.jpg 768w\" sizes=\"(max-width: 800px) 100vw, 800px\" \/>\t\t\t\t\t\t\t\t\t\t\t\t\t\t\t<\/div>\n\t\t\t\t<\/div>\n\t\t\t\t<div class=\"elementor-element elementor-element-3314ad22 elementor-widget elementor-widget-text-editor\" data-id=\"3314ad22\" data-element_type=\"widget\" data-e-type=\"widget\" data-widget_type=\"text-editor.default\">\n\t\t\t\t<div class=\"elementor-widget-container\">\n\t\t\t\t\t\t\t\t\t<p><strong>Site manager eventyr: Lars\u2019 globale rejse<\/strong><\/p><p>P\u00e5 sp\u00f8rgsm\u00e5let om, hvorfor han valgte denne karriere, fremh\u00e6ver Lars variationen i opgaver, m\u00f8det med nye mennesker og forskellige kulturer som de drivende faktorer.<\/p><p>&#8220;<em>Der er altid nye udfordringer at l\u00f8se og nye kolleger at m\u00f8de. Man skal v\u00e6re eventyrlysten og klar til at h\u00e5ndtere b\u00e5de udfordringer og samarbejde med mennesker fra vidt forskellige baggrunde. <\/em>&#8220;<\/p><p>Lars har altid \u00f8nsket at rejse, og det at kombinere det med sin professionelle karriere har betydet, at han ikke kan forestille sig at lave noget andet. Det har samtidig skubbet ham professionelt langt ud over hans egne forventninger. <\/p><p>&#8220;<em>Jeg kunne aldrig have dr\u00f8mt om at blive site manager med ansvar for 70 personer. Jeg ville aldrig have n\u00e5et det niveau med et almindeligt 8-til-16-job. Med mit ansvar og projektets skala f\u00f8les det som at v\u00e6re en del af noget st\u00f8rre.  <\/em>&#8220;<\/p><p><strong><a href=\"https:\/\/plant-supervision.com\/da\/om-os\/\">L\u00e6r mere om Plant Supervision og hvordan vi arbejder.<\/a><\/strong><\/p><p><strong>At v\u00e6re medarbejder hos Plant Supervision<\/strong><\/p><p>Hos Plant Supervision er vores vigtigste opgave at forberede vores mandskab p\u00e5 nye projekter, s\u00e5 de f\u00f8ler sig helt trygge, inden de ankommer p\u00e5 arbejdsstedet. Dette indeb\u00e6rer ogs\u00e5 at hj\u00e6lpe dem med alle n\u00f8dvendige opgaver f\u00f8r, under og efter et projekt. <\/p><p>&#8220;<em>Hvis du har problemer, finder Plant Supervision altid en l\u00f8sning, og deres erfaring betyder, at der ikke er noget, de ikke har h\u00e5ndteret f\u00f8r.<\/em>&#8220;<\/p><p>For en rejsende ingeni\u00f8r er det afg\u00f8rende at have den rette st\u00f8tte under et projekt:<\/p><p>&#8220;<em>Der er altid nogen p\u00e5 kontoret, der er klar til at hj\u00e6lpe. Det betyder virkelig meget, for selvom du befinder dig p\u00e5 den anden side af verden, f\u00f8ler du dig aldrig overladt til dig selv. <\/em>&#8220;<\/p><p><strong>Hans bedste oplevelser og dr\u00f8mme for fremtiden<\/strong><\/p><p>Efter at have oplevet mange lande er der nogle steder, der skiller sig s\u00e6rligt ud for Lars, som samtidig har blikket rettet mod nye eventyr i fremtiden.<\/p><p>&#8220;<em>Min bedste oplevelse indtil videre har nok v\u00e6ret min tid i Brasilien. Det er et s\u00e5 livligt sted, og jeg fik mulighed for at kombinere det med en ferie, hvilket selvf\u00f8lgelig altid hj\u00e6lper. <\/em>&#8220;<\/p><p>N\u00e5r det kommer til hans dr\u00f8mmedestination, \u00f8nsker Lars at blive i Asien og tage del i den hurtige industrielle udvikling.<\/p><p>&#8220;<em>Der sker s\u00e5 meget her, og et land som Vietnam ville v\u00e6re en fantastisk oplevelse.<\/em>&#8220;<\/p><p><strong>Lars\u2019 r\u00e5d til andre ingeni\u00f8rer, der \u00f8nsker at rejse<\/strong><\/p><p>&#8220;Tag enhver oplevelse \u2013 god eller d\u00e5rlig \u2013 med et positivt mindset, og du vil f\u00e5 en fantastisk rejse. Og pas p\u00e5, for n\u00e5r du f\u00f8rst bliver grebet af det, er der ingen vej tilbage.&#8221;<\/p>\t\t\t\t\t\t\t\t<\/div>\n\t\t\t\t<\/div>\n\t\t\t\t\t<\/div>\n\t\t\t\t<\/div>\n\t\t<div class=\"elementor-element elementor-element-55e1ac2 e-flex e-con-boxed e-con e-parent\" data-id=\"55e1ac2\" data-element_type=\"container\" data-e-type=\"container\" data-settings=\"{&quot;background_background&quot;:&quot;classic&quot;,&quot;jet_parallax_layout_list&quot;:[]}\">\n\t\t\t\t\t<div class=\"e-con-inner\">\n\t\t\t\t<div class=\"elementor-element elementor-element-1b555e7 elementor-widget elementor-widget-heading\" data-id=\"1b555e7\" data-element_type=\"widget\" data-e-type=\"widget\" data-widget_type=\"heading.default\">\n\t\t\t\t<div class=\"elementor-widget-container\">\n\t\t\t\t\t<h2 class=\"elementor-heading-title elementor-size-default\">Upload dit CV<\/h2>\t\t\t\t<\/div>\n\t\t\t\t<\/div>\n\t\t\t\t<div class=\"elementor-element elementor-element-a389dbd elementor-widget elementor-widget-text-editor\" data-id=\"a389dbd\" data-element_type=\"widget\" data-e-type=\"widget\" data-widget_type=\"text-editor.default\">\n\t\t\t\t<div class=\"elementor-widget-container\">\n\t\t\t\t\t\t\t\t\t<p>Vi s\u00f8ger altid motiverede og talentfulde medarbejdere, der er klar til at tage del i sp\u00e6ndende projekter i Danmark og verden over. Hvis du har lyst til at v\u00e6re en del af et team, hvor faglighed og stolthed g\u00e5r h\u00e5nd i h\u00e5nd, vil vi meget gerne h\u00f8re fra dig. <\/p>\t\t\t\t\t\t\t\t<\/div>\n\t\t\t\t<\/div>\n\t\t\t\t<div class=\"elementor-element elementor-element-528023d elementor-widget elementor-widget-button\" data-id=\"528023d\" data-element_type=\"widget\" data-e-type=\"widget\" data-widget_type=\"button.default\">\n\t\t\t\t<div class=\"elementor-widget-container\">\n\t\t\t\t\t\t\t\t\t<div class=\"elementor-button-wrapper\">\n\t\t\t\t\t<a class=\"elementor-button elementor-button-link elementor-size-sm\" href=\"https:\/\/plant-supervision.com\/da\/bliv-en-del-af-plant-supervision\/upload-cv\/\">\n\t\t\t\t\t\t<span class=\"elementor-button-content-wrapper\">\n\t\t\t\t\t\t\t\t\t<span class=\"elementor-button-text\">Ans\u00f8g her<\/span>\n\t\t\t\t\t<\/span>\n\t\t\t\t\t<\/a>\n\t\t\t\t<\/div>\n\t\t\t\t\t\t\t\t<\/div>\n\t\t\t\t<\/div>\n\t\t\t\t\t<\/div>\n\t\t\t\t<\/div>\n\t\t\t\t<\/div>\n\t\t","protected":false},"excerpt":{"rendered":"<p>Lars\u2019 liv som rejsende site manager L\u00e6s om Lars&#8217; ekstraordin\u00e6re rejse fra skibselektriker til erfaren site manager, og hvordan et liv p\u00e5 farten har formet hans karriere og liv. I en alder af 50 \u00e5r har Lars tilbragt halvdelen af sit liv p\u00e5 farten og har rejst gennem n\u00e6sten alle lande og kontinenter. &#8220;Jeg har [&hellip;]<\/p>\n","protected":false},"author":1,"featured_media":3414,"parent":0,"menu_order":0,"comment_status":"closed","ping_status":"closed","template":"","meta":{"content-type":"","footnotes":""},"class_list":["post-9183","page","type-page","status-publish","has-post-thumbnail","hentry"],"yoast_head":"<!-- This site is optimized with the Yoast SEO plugin v27.5 - https:\/\/yoast.com\/product\/yoast-seo-wordpress\/ -->\n<title>Fra hav til byggeplads: L\u00e6s Lars&#039; fascinerende historie<\/title>\n<meta name=\"description\" content=\"Oplev Lars&#039; ekstraordin\u00e6re rejse fra skibselektriker til erfaren site manager, og hvordan et liv p\u00e5 farten har formet hans karriere og liv.\" \/>\n<meta name=\"robots\" content=\"index, follow, max-snippet:-1, max-image-preview:large, max-video-preview:-1\" \/>\n<link rel=\"canonical\" href=\"https:\/\/plant-supervision.com\/da\/fra-hav-til-byggeplads-lars-liv-som-global-ingenioer\/\" \/>\n<meta property=\"og:locale\" content=\"da_DK\" \/>\n<meta property=\"og:type\" content=\"article\" \/>\n<meta property=\"og:title\" content=\"Fra hav til byggeplads: L\u00e6s Lars&#039; fascinerende historie\" \/>\n<meta property=\"og:description\" content=\"Oplev Lars&#039; ekstraordin\u00e6re rejse fra skibselektriker til erfaren site manager, og hvordan et liv p\u00e5 farten har formet hans karriere og liv.\" \/>\n<meta property=\"og:url\" content=\"https:\/\/plant-supervision.com\/da\/fra-hav-til-byggeplads-lars-liv-som-global-ingenioer\/\" \/>\n<meta property=\"og:site_name\" content=\"Plant Supervision\" \/>\n<meta property=\"article:modified_time\" content=\"2025-06-19T12:26:37+00:00\" \/>\n<meta property=\"og:image\" content=\"https:\/\/plant-supervision.com\/wp-content\/uploads\/2024\/03\/Header-13.jpg\" \/>\n\t<meta property=\"og:image:width\" content=\"1350\" \/>\n\t<meta property=\"og:image:height\" content=\"560\" \/>\n\t<meta property=\"og:image:type\" content=\"image\/jpeg\" \/>\n<meta name=\"twitter:card\" content=\"summary_large_image\" \/>\n<meta name=\"twitter:label1\" content=\"Estimeret l\u00e6setid\" \/>\n\t<meta name=\"twitter:data1\" content=\"3 minutter\" \/>\n<script type=\"application\/ld+json\" class=\"yoast-schema-graph\">{\"@context\":\"https:\\\/\\\/schema.org\",\"@graph\":[{\"@type\":\"WebPage\",\"@id\":\"https:\\\/\\\/plant-supervision.com\\\/da\\\/fra-hav-til-byggeplads-lars-liv-som-global-ingenioer\\\/\",\"url\":\"https:\\\/\\\/plant-supervision.com\\\/da\\\/fra-hav-til-byggeplads-lars-liv-som-global-ingenioer\\\/\",\"name\":\"Fra hav til byggeplads: L\u00e6s Lars' fascinerende historie\",\"isPartOf\":{\"@id\":\"https:\\\/\\\/plantsupervision.web07.tigermedia.eu\\\/#website\"},\"primaryImageOfPage\":{\"@id\":\"https:\\\/\\\/plant-supervision.com\\\/da\\\/fra-hav-til-byggeplads-lars-liv-som-global-ingenioer\\\/#primaryimage\"},\"image\":{\"@id\":\"https:\\\/\\\/plant-supervision.com\\\/da\\\/fra-hav-til-byggeplads-lars-liv-som-global-ingenioer\\\/#primaryimage\"},\"thumbnailUrl\":\"https:\\\/\\\/plant-supervision.com\\\/wp-content\\\/uploads\\\/2024\\\/03\\\/Header-13.jpg\",\"datePublished\":\"2024-03-14T09:18:24+00:00\",\"dateModified\":\"2025-06-19T12:26:37+00:00\",\"description\":\"Oplev Lars' ekstraordin\u00e6re rejse fra skibselektriker til erfaren site manager, og hvordan et liv p\u00e5 farten har formet hans karriere og liv.\",\"breadcrumb\":{\"@id\":\"https:\\\/\\\/plant-supervision.com\\\/da\\\/fra-hav-til-byggeplads-lars-liv-som-global-ingenioer\\\/#breadcrumb\"},\"inLanguage\":\"da-DK\",\"potentialAction\":[{\"@type\":\"ReadAction\",\"target\":[\"https:\\\/\\\/plant-supervision.com\\\/da\\\/fra-hav-til-byggeplads-lars-liv-som-global-ingenioer\\\/\"]}]},{\"@type\":\"ImageObject\",\"inLanguage\":\"da-DK\",\"@id\":\"https:\\\/\\\/plant-supervision.com\\\/da\\\/fra-hav-til-byggeplads-lars-liv-som-global-ingenioer\\\/#primaryimage\",\"url\":\"https:\\\/\\\/plant-supervision.com\\\/wp-content\\\/uploads\\\/2024\\\/03\\\/Header-13.jpg\",\"contentUrl\":\"https:\\\/\\\/plant-supervision.com\\\/wp-content\\\/uploads\\\/2024\\\/03\\\/Header-13.jpg\",\"width\":1350,\"height\":560,\"caption\":\"A pack of dolphins swimming\"},{\"@type\":\"BreadcrumbList\",\"@id\":\"https:\\\/\\\/plant-supervision.com\\\/da\\\/fra-hav-til-byggeplads-lars-liv-som-global-ingenioer\\\/#breadcrumb\",\"itemListElement\":[{\"@type\":\"ListItem\",\"position\":1,\"name\":\"Home\",\"item\":\"https:\\\/\\\/plant-supervision.com\\\/da\\\/forside\\\/\"},{\"@type\":\"ListItem\",\"position\":2,\"name\":\"Fra s\u00f8 til site: Lars\u2019 liv som rejsende site manager\"}]},{\"@type\":\"WebSite\",\"@id\":\"https:\\\/\\\/plantsupervision.web07.tigermedia.eu\\\/#website\",\"url\":\"https:\\\/\\\/plantsupervision.web07.tigermedia.eu\\\/\",\"name\":\"Plant Supervision\",\"description\":\"\",\"publisher\":{\"@id\":\"https:\\\/\\\/plantsupervision.web07.tigermedia.eu\\\/#organization\"},\"potentialAction\":[{\"@type\":\"SearchAction\",\"target\":{\"@type\":\"EntryPoint\",\"urlTemplate\":\"https:\\\/\\\/plantsupervision.web07.tigermedia.eu\\\/?s={search_term_string}\"},\"query-input\":{\"@type\":\"PropertyValueSpecification\",\"valueRequired\":true,\"valueName\":\"search_term_string\"}}],\"inLanguage\":\"da-DK\"},{\"@type\":\"Organization\",\"@id\":\"https:\\\/\\\/plantsupervision.web07.tigermedia.eu\\\/#organization\",\"name\":\"Plant Supervision\",\"url\":\"https:\\\/\\\/plantsupervision.web07.tigermedia.eu\\\/\",\"logo\":{\"@type\":\"ImageObject\",\"inLanguage\":\"da-DK\",\"@id\":\"https:\\\/\\\/plantsupervision.web07.tigermedia.eu\\\/#\\\/schema\\\/logo\\\/image\\\/\",\"url\":\"https:\\\/\\\/plant-supervision.com\\\/wp-content\\\/uploads\\\/2023\\\/11\\\/ps_logo_blue.svg\",\"contentUrl\":\"https:\\\/\\\/plant-supervision.com\\\/wp-content\\\/uploads\\\/2023\\\/11\\\/ps_logo_blue.svg\",\"width\":549,\"height\":121,\"caption\":\"Plant Supervision\"},\"image\":{\"@id\":\"https:\\\/\\\/plantsupervision.web07.tigermedia.eu\\\/#\\\/schema\\\/logo\\\/image\\\/\"},\"sameAs\":[\"https:\\\/\\\/www.linkedin.com\\\/company\\\/plant-supervision\\\/\"]}]}<\/script>\n<!-- \/ Yoast SEO plugin. -->","yoast_head_json":{"title":"Fra hav til byggeplads: L\u00e6s Lars' fascinerende historie","description":"Oplev Lars' ekstraordin\u00e6re rejse fra skibselektriker til erfaren site manager, og hvordan et liv p\u00e5 farten har formet hans karriere og liv.","robots":{"index":"index","follow":"follow","max-snippet":"max-snippet:-1","max-image-preview":"max-image-preview:large","max-video-preview":"max-video-preview:-1"},"canonical":"https:\/\/plant-supervision.com\/da\/fra-hav-til-byggeplads-lars-liv-som-global-ingenioer\/","og_locale":"da_DK","og_type":"article","og_title":"Fra hav til byggeplads: L\u00e6s Lars' fascinerende historie","og_description":"Oplev Lars' ekstraordin\u00e6re rejse fra skibselektriker til erfaren site manager, og hvordan et liv p\u00e5 farten har formet hans karriere og liv.","og_url":"https:\/\/plant-supervision.com\/da\/fra-hav-til-byggeplads-lars-liv-som-global-ingenioer\/","og_site_name":"Plant Supervision","article_modified_time":"2025-06-19T12:26:37+00:00","og_image":[{"width":1350,"height":560,"url":"https:\/\/plant-supervision.com\/wp-content\/uploads\/2024\/03\/Header-13.jpg","type":"image\/jpeg"}],"twitter_card":"summary_large_image","twitter_misc":{"Estimeret l\u00e6setid":"3 minutter"},"schema":{"@context":"https:\/\/schema.org","@graph":[{"@type":"WebPage","@id":"https:\/\/plant-supervision.com\/da\/fra-hav-til-byggeplads-lars-liv-som-global-ingenioer\/","url":"https:\/\/plant-supervision.com\/da\/fra-hav-til-byggeplads-lars-liv-som-global-ingenioer\/","name":"Fra hav til byggeplads: L\u00e6s Lars' fascinerende historie","isPartOf":{"@id":"https:\/\/plantsupervision.web07.tigermedia.eu\/#website"},"primaryImageOfPage":{"@id":"https:\/\/plant-supervision.com\/da\/fra-hav-til-byggeplads-lars-liv-som-global-ingenioer\/#primaryimage"},"image":{"@id":"https:\/\/plant-supervision.com\/da\/fra-hav-til-byggeplads-lars-liv-som-global-ingenioer\/#primaryimage"},"thumbnailUrl":"https:\/\/plant-supervision.com\/wp-content\/uploads\/2024\/03\/Header-13.jpg","datePublished":"2024-03-14T09:18:24+00:00","dateModified":"2025-06-19T12:26:37+00:00","description":"Oplev Lars' ekstraordin\u00e6re rejse fra skibselektriker til erfaren site manager, og hvordan et liv p\u00e5 farten har formet hans karriere og liv.","breadcrumb":{"@id":"https:\/\/plant-supervision.com\/da\/fra-hav-til-byggeplads-lars-liv-som-global-ingenioer\/#breadcrumb"},"inLanguage":"da-DK","potentialAction":[{"@type":"ReadAction","target":["https:\/\/plant-supervision.com\/da\/fra-hav-til-byggeplads-lars-liv-som-global-ingenioer\/"]}]},{"@type":"ImageObject","inLanguage":"da-DK","@id":"https:\/\/plant-supervision.com\/da\/fra-hav-til-byggeplads-lars-liv-som-global-ingenioer\/#primaryimage","url":"https:\/\/plant-supervision.com\/wp-content\/uploads\/2024\/03\/Header-13.jpg","contentUrl":"https:\/\/plant-supervision.com\/wp-content\/uploads\/2024\/03\/Header-13.jpg","width":1350,"height":560,"caption":"A pack of dolphins swimming"},{"@type":"BreadcrumbList","@id":"https:\/\/plant-supervision.com\/da\/fra-hav-til-byggeplads-lars-liv-som-global-ingenioer\/#breadcrumb","itemListElement":[{"@type":"ListItem","position":1,"name":"Home","item":"https:\/\/plant-supervision.com\/da\/forside\/"},{"@type":"ListItem","position":2,"name":"Fra s\u00f8 til site: Lars\u2019 liv som rejsende site manager"}]},{"@type":"WebSite","@id":"https:\/\/plantsupervision.web07.tigermedia.eu\/#website","url":"https:\/\/plantsupervision.web07.tigermedia.eu\/","name":"Plant Supervision","description":"","publisher":{"@id":"https:\/\/plantsupervision.web07.tigermedia.eu\/#organization"},"potentialAction":[{"@type":"SearchAction","target":{"@type":"EntryPoint","urlTemplate":"https:\/\/plantsupervision.web07.tigermedia.eu\/?s={search_term_string}"},"query-input":{"@type":"PropertyValueSpecification","valueRequired":true,"valueName":"search_term_string"}}],"inLanguage":"da-DK"},{"@type":"Organization","@id":"https:\/\/plantsupervision.web07.tigermedia.eu\/#organization","name":"Plant Supervision","url":"https:\/\/plantsupervision.web07.tigermedia.eu\/","logo":{"@type":"ImageObject","inLanguage":"da-DK","@id":"https:\/\/plantsupervision.web07.tigermedia.eu\/#\/schema\/logo\/image\/","url":"https:\/\/plant-supervision.com\/wp-content\/uploads\/2023\/11\/ps_logo_blue.svg","contentUrl":"https:\/\/plant-supervision.com\/wp-content\/uploads\/2023\/11\/ps_logo_blue.svg","width":549,"height":121,"caption":"Plant Supervision"},"image":{"@id":"https:\/\/plantsupervision.web07.tigermedia.eu\/#\/schema\/logo\/image\/"},"sameAs":["https:\/\/www.linkedin.com\/company\/plant-supervision\/"]}]}},"_links":{"self":[{"href":"https:\/\/plant-supervision.com\/da\/wp-json\/wp\/v2\/pages\/9183","targetHints":{"allow":["GET"]}}],"collection":[{"href":"https:\/\/plant-supervision.com\/da\/wp-json\/wp\/v2\/pages"}],"about":[{"href":"https:\/\/plant-supervision.com\/da\/wp-json\/wp\/v2\/types\/page"}],"author":[{"embeddable":true,"href":"https:\/\/plant-supervision.com\/da\/wp-json\/wp\/v2\/users\/1"}],"replies":[{"embeddable":true,"href":"https:\/\/plant-supervision.com\/da\/wp-json\/wp\/v2\/comments?post=9183"}],"version-history":[{"count":6,"href":"https:\/\/plant-supervision.com\/da\/wp-json\/wp\/v2\/pages\/9183\/revisions"}],"predecessor-version":[{"id":11566,"href":"https:\/\/plant-supervision.com\/da\/wp-json\/wp\/v2\/pages\/9183\/revisions\/11566"}],"wp:featuredmedia":[{"embeddable":true,"href":"https:\/\/plant-supervision.com\/da\/wp-json\/wp\/v2\/media\/3414"}],"wp:attachment":[{"href":"https:\/\/plant-supervision.com\/da\/wp-json\/wp\/v2\/media?parent=9183"}],"curies":[{"name":"wp","href":"https:\/\/api.w.org\/{rel}","templated":true}]}}