{"id":9167,"date":"2024-01-25T09:23:35","date_gmt":"2024-01-25T09:23:35","guid":{"rendered":"https:\/\/plant-supervision.com\/bliv-en-del-af-plant-supervision\/upload-cv\/"},"modified":"2026-04-08T14:04:16","modified_gmt":"2026-04-08T14:04:16","slug":"upload-cv","status":"publish","type":"page","link":"https:\/\/plant-supervision.com\/da\/bliv-en-del-af-plant-supervision\/upload-cv\/","title":{"rendered":"Upload CV"},"content":{"rendered":"\t\t<div data-elementor-type=\"wp-page\" data-elementor-id=\"9167\" class=\"elementor elementor-9167 elementor-1172\" data-elementor-post-type=\"page\">\n\t\t\t\t<div class=\"elementor-element elementor-element-90ffeaf e-flex e-con-boxed e-con e-parent\" data-id=\"90ffeaf\" data-element_type=\"container\" data-e-type=\"container\" data-settings=\"{&quot;jet_parallax_layout_list&quot;:[]}\">\n\t\t\t\t\t<div class=\"e-con-inner\">\n\t\t<div class=\"elementor-element elementor-element-bb7624a e-con-full e-flex e-con e-child\" data-id=\"bb7624a\" data-element_type=\"container\" data-e-type=\"container\" data-settings=\"{&quot;background_background&quot;:&quot;classic&quot;,&quot;jet_parallax_layout_list&quot;:[]}\">\n\t\t\t\t<div class=\"elementor-element elementor-element-8698072 elementor-widget-divider--view-line elementor-widget elementor-widget-divider\" data-id=\"8698072\" data-element_type=\"widget\" data-e-type=\"widget\" data-widget_type=\"divider.default\">\n\t\t\t\t<div class=\"elementor-widget-container\">\n\t\t\t\t\t\t\t<div class=\"elementor-divider\">\n\t\t\t<span class=\"elementor-divider-separator\">\n\t\t\t\t\t\t<\/span>\n\t\t<\/div>\n\t\t\t\t\t\t<\/div>\n\t\t\t\t<\/div>\n\t\t\t\t<div class=\"elementor-element elementor-element-0e0926d elementor-widget elementor-widget-heading\" data-id=\"0e0926d\" data-element_type=\"widget\" data-e-type=\"widget\" data-widget_type=\"heading.default\">\n\t\t\t\t<div class=\"elementor-widget-container\">\n\t\t\t\t\t<h2 class=\"elementor-heading-title elementor-size-default\">Kontakt os\n<\/h2>\t\t\t\t<\/div>\n\t\t\t\t<\/div>\n\t\t\t\t<div class=\"elementor-element elementor-element-a16aa98 elementor-widget elementor-widget-text-editor\" data-id=\"a16aa98\" data-element_type=\"widget\" data-e-type=\"widget\" data-widget_type=\"text-editor.default\">\n\t\t\t\t<div class=\"elementor-widget-container\">\n\t\t\t\t\t\t\t\t\t<h3>Plant Supervision<\/h3>\n<p>Ved Stranden 10, 1.<br>9000 Aalborg<\/p>\t\t\t\t\t\t\t\t<\/div>\n\t\t\t\t<\/div>\n\t\t\t\t<\/div>\n\t\t<div class=\"elementor-element elementor-element-00bd2a5 e-con-full e-flex e-con e-child\" data-id=\"00bd2a5\" data-element_type=\"container\" data-e-type=\"container\" data-settings=\"{&quot;jet_parallax_layout_list&quot;:[]}\">\n\t\t\t\t<div class=\"elementor-element elementor-element-9d2ef51 elementor-button-align-start elementor-widget elementor-widget-form\" data-id=\"9d2ef51\" data-element_type=\"widget\" data-e-type=\"widget\" data-settings=\"{&quot;step_next_label&quot;:&quot;N\\u00e6ste&quot;,&quot;step_previous_label&quot;:&quot;Forrige&quot;,&quot;button_width&quot;:&quot;100&quot;,&quot;step_type&quot;:&quot;number_text&quot;,&quot;step_icon_shape&quot;:&quot;circle&quot;}\" data-widget_type=\"form.default\">\n\t\t\t\t<div class=\"elementor-widget-container\">\n\t\t\t\t\t\t\t<form class=\"elementor-form\" method=\"post\" name=\"Ny formular\" aria-label=\"Ny formular\">\n\t\t\t<input type=\"hidden\" name=\"post_id\" value=\"9167\"\/>\n\t\t\t<input type=\"hidden\" name=\"form_id\" value=\"9d2ef51\"\/>\n\t\t\t<input type=\"hidden\" name=\"referer_title\" value=\"Upload dit CV for at komme i betragtning til en stilling\" \/>\n\n\t\t\t\t\t\t\t<input type=\"hidden\" name=\"queried_id\" value=\"9167\"\/>\n\t\t\t\n\t\t\t<div class=\"elementor-form-fields-wrapper elementor-labels-\">\n\t\t\t\t\t\t\t\t<div class=\"elementor-field-type-text elementor-field-group elementor-column elementor-field-group-name elementor-col-100 elementor-field-required\">\n\t\t\t\t\t\t\t\t\t\t\t\t<label for=\"form-field-name\" class=\"elementor-field-label elementor-screen-only\">\n\t\t\t\t\t\t\t\tNavn\t\t\t\t\t\t\t<\/label>\n\t\t\t\t\t\t\t\t\t\t\t\t\t\t<input size=\"1\" type=\"text\" name=\"form_fields[name]\" id=\"form-field-name\" class=\"elementor-field elementor-size-sm  elementor-field-textual\" placeholder=\"Navn*\" required=\"required\">\n\t\t\t\t\t\t\t\t\t\t\t<\/div>\n\t\t\t\t\t\t\t\t<div class=\"elementor-field-type-text elementor-field-group elementor-column elementor-field-group-field_a485ef9 elementor-col-100 elementor-field-required\">\n\t\t\t\t\t\t\t\t\t\t\t\t<label for=\"form-field-field_a485ef9\" class=\"elementor-field-label elementor-screen-only\">\n\t\t\t\t\t\t\t\tOprindelsesland\t\t\t\t\t\t\t<\/label>\n\t\t\t\t\t\t\t\t\t\t\t\t\t\t<input size=\"1\" type=\"text\" name=\"form_fields[field_a485ef9]\" id=\"form-field-field_a485ef9\" class=\"elementor-field elementor-size-sm  elementor-field-textual\" placeholder=\"Oprindelsesland*\" required=\"required\">\n\t\t\t\t\t\t\t\t\t\t\t<\/div>\n\t\t\t\t\t\t\t\t<div class=\"elementor-field-type-email elementor-field-group elementor-column elementor-field-group-email elementor-col-100 elementor-field-required\">\n\t\t\t\t\t\t\t\t\t\t\t\t<label for=\"form-field-email\" class=\"elementor-field-label elementor-screen-only\">\n\t\t\t\t\t\t\t\tEmail\t\t\t\t\t\t\t<\/label>\n\t\t\t\t\t\t\t\t\t\t\t\t\t\t<input size=\"1\" type=\"email\" name=\"form_fields[email]\" id=\"form-field-email\" class=\"elementor-field elementor-size-sm  elementor-field-textual\" placeholder=\"Email*\" required=\"required\">\n\t\t\t\t\t\t\t\t\t\t\t<\/div>\n\t\t\t\t\t\t\t\t<div class=\"elementor-field-type-textarea elementor-field-group elementor-column elementor-field-group-field_774fbc8 elementor-col-100\">\n\t\t\t\t\t\t\t\t\t\t\t\t<label for=\"form-field-field_774fbc8\" class=\"elementor-field-label elementor-screen-only\">\n\t\t\t\t\t\t\t\tBesked\t\t\t\t\t\t\t<\/label>\n\t\t\t\t\t\t<textarea class=\"elementor-field-textual elementor-field  elementor-size-sm\" name=\"form_fields[field_774fbc8]\" id=\"form-field-field_774fbc8\" rows=\"4\" placeholder=\"Eventuel besked\"><\/textarea>\t\t\t\t<\/div>\n\t\t\t\t\t\t\t\t<div class=\"elementor-field-type-upload elementor-field-group elementor-column elementor-field-group-field_8eea9cb elementor-col-100\">\n\t\t\t\t\t\t\t\t\t\t\t\t<label for=\"form-field-field_8eea9cb\" class=\"elementor-field-label elementor-screen-only\">\n\t\t\t\t\t\t\t\tUpload dit CV\t\t\t\t\t\t\t<\/label>\n\t\t\t\t\t\t\t\t<input type=\"file\" name=\"form_fields[field_8eea9cb]\" id=\"form-field-field_8eea9cb\" class=\"elementor-field elementor-size-sm  elementor-upload-field\" data-maxsize=\"10\" data-maxsize-message=\"Denne fil overskrider den maksimalt tilladte st\u00f8rrelse.\">\n\n\t\t\t\t\t\t<\/div>\n\t\t\t\t\t\t\t\t<div class=\"elementor-field-type-acceptance elementor-field-group elementor-column elementor-field-group-field_89e04f7 elementor-col-100\">\n\t\t\t\t\t\t\t<div class=\"elementor-field-subgroup\">\n\t\t\t<span class=\"elementor-field-option\">\n\t\t\t\t<input type=\"checkbox\" name=\"form_fields[field_89e04f7]\" id=\"form-field-field_89e04f7\" class=\"elementor-field elementor-size-sm  elementor-acceptance-field\">\n\t\t\t\t<label for=\"form-field-field_89e04f7\">Jeg giver Plant Supervision tilladelse til at opbevare disse oplysninger i op til 24 m\u00e5neder.<\/label>\t\t\t<\/span>\n\t\t<\/div>\n\t\t\t\t\t\t<\/div>\n\t\t\t\t\t\t\t\t<div class=\"elementor-field-group elementor-column elementor-field-type-submit elementor-col-100 e-form__buttons\">\n\t\t\t\t\t<button class=\"elementor-button elementor-size-lg\" type=\"submit\">\n\t\t\t\t\t\t<span class=\"elementor-button-content-wrapper\">\n\t\t\t\t\t\t\t\t\t\t\t\t\t\t\t\t\t\t\t\t\t\t<span class=\"elementor-button-text\">Indsend<\/span>\n\t\t\t\t\t\t\t\t\t\t\t\t\t<\/span>\n\t\t\t\t\t<\/button>\n\t\t\t\t<\/div>\n\t\t\t<\/div>\n\t\t<\/form>\n\t\t\t\t\t\t<\/div>\n\t\t\t\t<\/div>\n\t\t\t\t<\/div>\n\t\t\t\t\t<\/div>\n\t\t\t\t<\/div>\n\t\t<div class=\"elementor-element elementor-element-0ae02d5 e-flex e-con-boxed e-con e-parent\" data-id=\"0ae02d5\" data-element_type=\"container\" data-e-type=\"container\" data-settings=\"{&quot;background_background&quot;:&quot;classic&quot;,&quot;jet_parallax_layout_list&quot;:[]}\">\n\t\t\t\t\t<div class=\"e-con-inner\">\n\t\t<div class=\"elementor-element elementor-element-ba02233 e-con-full e-flex e-con e-child\" data-id=\"ba02233\" data-element_type=\"container\" data-e-type=\"container\" data-settings=\"{&quot;jet_parallax_layout_list&quot;:[]}\">\n\t\t\t\t<div class=\"elementor-element elementor-element-a1241aa elementor-widget elementor-widget-menu-anchor\" data-id=\"a1241aa\" data-element_type=\"widget\" data-e-type=\"widget\" data-widget_type=\"menu-anchor.default\">\n\t\t\t\t<div class=\"elementor-widget-container\">\n\t\t\t\t\t\t\t<div class=\"elementor-menu-anchor\" id=\"datacentercontact\"><\/div>\n\t\t\t\t\t\t<\/div>\n\t\t\t\t<\/div>\n\t\t\t\t<div class=\"elementor-element elementor-element-971d531 elementor-widget-divider--view-line elementor-widget elementor-widget-divider\" data-id=\"971d531\" data-element_type=\"widget\" data-e-type=\"widget\" data-widget_type=\"divider.default\">\n\t\t\t\t<div class=\"elementor-widget-container\">\n\t\t\t\t\t\t\t<div class=\"elementor-divider\">\n\t\t\t<span class=\"elementor-divider-separator\">\n\t\t\t\t\t\t<\/span>\n\t\t<\/div>\n\t\t\t\t\t\t<\/div>\n\t\t\t\t<\/div>\n\t\t\t\t<div class=\"elementor-element elementor-element-8fc2b57 elementor-widget elementor-widget-heading\" data-id=\"8fc2b57\" data-element_type=\"widget\" data-e-type=\"widget\" data-widget_type=\"heading.default\">\n\t\t\t\t<div class=\"elementor-widget-container\">\n\t\t\t\t\t<h2 class=\"elementor-heading-title elementor-size-default\">Kontakt os i dag<\/h2>\t\t\t\t<\/div>\n\t\t\t\t<\/div>\n\t\t\t\t<div class=\"elementor-element elementor-element-cb40b5a elementor-hidden-desktop elementor-hidden-tablet_extra elementor-hidden-tablet elementor-widget elementor-widget-image\" data-id=\"cb40b5a\" data-element_type=\"widget\" data-e-type=\"widget\" data-widget_type=\"image.default\">\n\t\t\t\t<div class=\"elementor-widget-container\">\n\t\t\t\t\t\t\t\t\t\t\t\t<figure class=\"wp-caption\">\n\t\t\t\t\t\t\t\t\t\t<img fetchpriority=\"high\" decoding=\"async\" width=\"768\" height=\"516\" src=\"https:\/\/plant-supervision.com\/wp-content\/uploads\/2025\/11\/Niels-Moller-Staffing-and-Recruitment-Consultant-768x516.png\" class=\"attachment-medium_large size-medium_large wp-image-15594\" alt=\"\" srcset=\"https:\/\/plant-supervision.com\/wp-content\/uploads\/2025\/11\/Niels-Moller-Staffing-and-Recruitment-Consultant-768x516.png 768w, https:\/\/plant-supervision.com\/wp-content\/uploads\/2025\/11\/Niels-Moller-Staffing-and-Recruitment-Consultant-300x201.png 300w, https:\/\/plant-supervision.com\/wp-content\/uploads\/2025\/11\/Niels-Moller-Staffing-and-Recruitment-Consultant-1024x688.png 1024w, https:\/\/plant-supervision.com\/wp-content\/uploads\/2025\/11\/Niels-Moller-Staffing-and-Recruitment-Consultant.png 1236w\" sizes=\"(max-width: 768px) 100vw, 768px\" \/>\t\t\t\t\t\t\t\t\t\t\t<figcaption class=\"widget-image-caption wp-caption-text\">Niels M\u00f8ller, Staffing &amp; Recruitment Consultant<\/figcaption>\n\t\t\t\t\t\t\t\t\t\t<\/figure>\n\t\t\t\t\t\t\t\t\t<\/div>\n\t\t\t\t<\/div>\n\t\t\t\t<div class=\"elementor-element elementor-element-95f865a elementor-widget elementor-widget-text-editor\" data-id=\"95f865a\" data-element_type=\"widget\" data-e-type=\"widget\" data-widget_type=\"text-editor.default\">\n\t\t\t\t<div class=\"elementor-widget-container\">\n\t\t\t\t\t\t\t\t\t<p class=\"p1\">Kom i kontakt ved at udfylde formularen eller via vores <a href=\"https:\/\/plant-supervision.com\/da\/kontakt-vores-team\/\">kontaktside<\/a>.<\/p>\t\t\t\t\t\t\t\t<\/div>\n\t\t\t\t<\/div>\n\t\t\t\t<div class=\"elementor-element elementor-element-6123f47 elementor-widget elementor-widget-hubspot-form\" data-id=\"6123f47\" data-element_type=\"widget\" data-e-type=\"widget\" data-widget_type=\"hubspot-form.default\">\n\t\t\t\t<div class=\"elementor-widget-container\">\n\t\t\t\t\t\n\t\t\t\t\t\t<script>\n\t\t\t\t\t\t\twindow.hsFormsOnReady = window.hsFormsOnReady || [];\n\t\t\t\t\t\t\twindow.hsFormsOnReady.push(()=>{\n\t\t\t\t\t\t\t\thbspt.forms.create({\n\t\t\t\t\t\t\t\t\tportalId: 6991592,\n\t\t\t\t\t\t\t\t\tformId: \"51e44db1-3899-4613-96e7-6faee5efc105\",\n\t\t\t\t\t\t\t\t\ttarget: \"#hbspt-form-1777657363000-3237368706\",\n\t\t\t\t\t\t\t\t\tregion: \"na1\",\n\t\t\t\t\t\t\t\t\t\n\t\t\t\t\t\t\t})});\n\t\t\t\t\t\t<\/script>\n\t\t\t\t\t\t<div class=\"hbspt-form\" id=\"hbspt-form-1777657363000-3237368706\"><\/div>\t\t\t\t<\/div>\n\t\t\t\t<\/div>\n\t\t\t\t<\/div>\n\t\t<div class=\"elementor-element elementor-element-108caa4 e-con-full elementor-hidden-mobile e-flex e-con e-child\" data-id=\"108caa4\" data-element_type=\"container\" data-e-type=\"container\" data-settings=\"{&quot;jet_parallax_layout_list&quot;:[]}\">\n\t\t\t\t<div class=\"elementor-element elementor-element-e9eff33 elementor-widget elementor-widget-image\" data-id=\"e9eff33\" data-element_type=\"widget\" data-e-type=\"widget\" data-widget_type=\"image.default\">\n\t\t\t\t<div class=\"elementor-widget-container\">\n\t\t\t\t\t\t\t\t\t\t\t\t<figure class=\"wp-caption\">\n\t\t\t\t\t\t\t\t\t\t<img decoding=\"async\" width=\"800\" height=\"538\" src=\"https:\/\/plant-supervision.com\/wp-content\/uploads\/2025\/11\/Niels-Moller-Staffing-and-Recruitment-Consultant-1024x688.png\" class=\"attachment-large size-large wp-image-15594\" alt=\"\" srcset=\"https:\/\/plant-supervision.com\/wp-content\/uploads\/2025\/11\/Niels-Moller-Staffing-and-Recruitment-Consultant-1024x688.png 1024w, https:\/\/plant-supervision.com\/wp-content\/uploads\/2025\/11\/Niels-Moller-Staffing-and-Recruitment-Consultant-300x201.png 300w, https:\/\/plant-supervision.com\/wp-content\/uploads\/2025\/11\/Niels-Moller-Staffing-and-Recruitment-Consultant-768x516.png 768w, https:\/\/plant-supervision.com\/wp-content\/uploads\/2025\/11\/Niels-Moller-Staffing-and-Recruitment-Consultant.png 1236w\" sizes=\"(max-width: 800px) 100vw, 800px\" \/>\t\t\t\t\t\t\t\t\t\t\t<figcaption class=\"widget-image-caption wp-caption-text\">Niels M\u00f8ller, Staffing &amp; Recruitment Consultant<\/figcaption>\n\t\t\t\t\t\t\t\t\t\t<\/figure>\n\t\t\t\t\t\t\t\t\t<\/div>\n\t\t\t\t<\/div>\n\t\t\t\t<\/div>\n\t\t\t\t\t<\/div>\n\t\t\t\t<\/div>\n\t\t\t\t<\/div>\n\t\t","protected":false},"excerpt":{"rendered":"<p>Kontakt os Plant Supervision Ved Stranden 10, 1.9000 Aalborg Kontakt os i dag Niels M\u00f8ller, Staffing &amp; Recruitment Consultant Kom i kontakt ved at udfylde formularen eller via vores kontaktside. Niels M\u00f8ller, Staffing &amp; Recruitment Consultant<\/p>\n","protected":false},"author":2,"featured_media":0,"parent":9155,"menu_order":0,"comment_status":"closed","ping_status":"closed","template":"","meta":{"content-type":"","footnotes":""},"class_list":["post-9167","page","type-page","status-publish","hentry"],"yoast_head":"<!-- This site is optimized with the Yoast SEO plugin v27.5 - https:\/\/yoast.com\/product\/yoast-seo-wordpress\/ -->\n<title>Upload dit CV for at komme i betragtning til en stilling<\/title>\n<meta name=\"description\" content=\"Vi er altid p\u00e5 udkig efter nye kandidater til sp\u00e6ndende projekter hos f\u00f8rende virksomheder p\u00e5 tv\u00e6rs af forskellige industrier. Upload dit CV her \u2192\" \/>\n<meta name=\"robots\" content=\"index, follow, max-snippet:-1, max-image-preview:large, max-video-preview:-1\" \/>\n<link rel=\"canonical\" href=\"https:\/\/plant-supervision.com\/da\/bliv-en-del-af-plant-supervision\/upload-cv\/\" \/>\n<meta property=\"og:locale\" content=\"da_DK\" \/>\n<meta property=\"og:type\" content=\"article\" \/>\n<meta property=\"og:title\" content=\"Upload dit CV for at komme i betragtning til en stilling\" \/>\n<meta property=\"og:description\" content=\"Vi er altid p\u00e5 udkig efter nye kandidater til sp\u00e6ndende projekter hos f\u00f8rende virksomheder p\u00e5 tv\u00e6rs af forskellige industrier. Upload dit CV her \u2192\" \/>\n<meta property=\"og:url\" content=\"https:\/\/plant-supervision.com\/da\/bliv-en-del-af-plant-supervision\/upload-cv\/\" \/>\n<meta property=\"og:site_name\" content=\"Plant Supervision\" \/>\n<meta property=\"article:modified_time\" content=\"2026-04-08T14:04:16+00:00\" \/>\n<meta property=\"og:image\" content=\"https:\/\/plant-supervision.com\/wp-content\/uploads\/2025\/11\/Niels-Moller-Staffing-and-Recruitment-Consultant.png\" \/>\n\t<meta property=\"og:image:width\" content=\"1236\" \/>\n\t<meta property=\"og:image:height\" content=\"830\" \/>\n\t<meta property=\"og:image:type\" content=\"image\/png\" \/>\n<meta name=\"twitter:card\" content=\"summary_large_image\" \/>\n<script type=\"application\/ld+json\" class=\"yoast-schema-graph\">{\"@context\":\"https:\\\/\\\/schema.org\",\"@graph\":[{\"@type\":\"WebPage\",\"@id\":\"https:\\\/\\\/plant-supervision.com\\\/da\\\/bliv-en-del-af-plant-supervision\\\/upload-cv\\\/\",\"url\":\"https:\\\/\\\/plant-supervision.com\\\/da\\\/bliv-en-del-af-plant-supervision\\\/upload-cv\\\/\",\"name\":\"Upload dit CV for at komme i betragtning til en stilling\",\"isPartOf\":{\"@id\":\"https:\\\/\\\/plantsupervision.web07.tigermedia.eu\\\/#website\"},\"primaryImageOfPage\":{\"@id\":\"https:\\\/\\\/plant-supervision.com\\\/da\\\/bliv-en-del-af-plant-supervision\\\/upload-cv\\\/#primaryimage\"},\"image\":{\"@id\":\"https:\\\/\\\/plant-supervision.com\\\/da\\\/bliv-en-del-af-plant-supervision\\\/upload-cv\\\/#primaryimage\"},\"thumbnailUrl\":\"https:\\\/\\\/plant-supervision.com\\\/wp-content\\\/uploads\\\/2025\\\/11\\\/Niels-Moller-Staffing-and-Recruitment-Consultant-768x516.png\",\"datePublished\":\"2024-01-25T09:23:35+00:00\",\"dateModified\":\"2026-04-08T14:04:16+00:00\",\"description\":\"Vi er altid p\u00e5 udkig efter nye kandidater til sp\u00e6ndende projekter hos f\u00f8rende virksomheder p\u00e5 tv\u00e6rs af forskellige industrier. Upload dit CV her \u2192\",\"breadcrumb\":{\"@id\":\"https:\\\/\\\/plant-supervision.com\\\/da\\\/bliv-en-del-af-plant-supervision\\\/upload-cv\\\/#breadcrumb\"},\"inLanguage\":\"da-DK\",\"potentialAction\":[{\"@type\":\"ReadAction\",\"target\":[\"https:\\\/\\\/plant-supervision.com\\\/da\\\/bliv-en-del-af-plant-supervision\\\/upload-cv\\\/\"]}]},{\"@type\":\"ImageObject\",\"inLanguage\":\"da-DK\",\"@id\":\"https:\\\/\\\/plant-supervision.com\\\/da\\\/bliv-en-del-af-plant-supervision\\\/upload-cv\\\/#primaryimage\",\"url\":\"https:\\\/\\\/plant-supervision.com\\\/wp-content\\\/uploads\\\/2025\\\/11\\\/Niels-Moller-Staffing-and-Recruitment-Consultant-768x516.png\",\"contentUrl\":\"https:\\\/\\\/plant-supervision.com\\\/wp-content\\\/uploads\\\/2025\\\/11\\\/Niels-Moller-Staffing-and-Recruitment-Consultant-768x516.png\"},{\"@type\":\"BreadcrumbList\",\"@id\":\"https:\\\/\\\/plant-supervision.com\\\/da\\\/bliv-en-del-af-plant-supervision\\\/upload-cv\\\/#breadcrumb\",\"itemListElement\":[{\"@type\":\"ListItem\",\"position\":1,\"name\":\"Home\",\"item\":\"https:\\\/\\\/plant-supervision.com\\\/da\\\/forside\\\/\"},{\"@type\":\"ListItem\",\"position\":2,\"name\":\"Karriere\",\"item\":\"https:\\\/\\\/plant-supervision.com\\\/da\\\/bliv-en-del-af-plant-supervision\\\/\"},{\"@type\":\"ListItem\",\"position\":3,\"name\":\"Upload CV\"}]},{\"@type\":\"WebSite\",\"@id\":\"https:\\\/\\\/plantsupervision.web07.tigermedia.eu\\\/#website\",\"url\":\"https:\\\/\\\/plantsupervision.web07.tigermedia.eu\\\/\",\"name\":\"Plant Supervision\",\"description\":\"\",\"publisher\":{\"@id\":\"https:\\\/\\\/plantsupervision.web07.tigermedia.eu\\\/#organization\"},\"potentialAction\":[{\"@type\":\"SearchAction\",\"target\":{\"@type\":\"EntryPoint\",\"urlTemplate\":\"https:\\\/\\\/plantsupervision.web07.tigermedia.eu\\\/?s={search_term_string}\"},\"query-input\":{\"@type\":\"PropertyValueSpecification\",\"valueRequired\":true,\"valueName\":\"search_term_string\"}}],\"inLanguage\":\"da-DK\"},{\"@type\":\"Organization\",\"@id\":\"https:\\\/\\\/plantsupervision.web07.tigermedia.eu\\\/#organization\",\"name\":\"Plant Supervision\",\"url\":\"https:\\\/\\\/plantsupervision.web07.tigermedia.eu\\\/\",\"logo\":{\"@type\":\"ImageObject\",\"inLanguage\":\"da-DK\",\"@id\":\"https:\\\/\\\/plantsupervision.web07.tigermedia.eu\\\/#\\\/schema\\\/logo\\\/image\\\/\",\"url\":\"https:\\\/\\\/plant-supervision.com\\\/wp-content\\\/uploads\\\/2023\\\/11\\\/ps_logo_blue.svg\",\"contentUrl\":\"https:\\\/\\\/plant-supervision.com\\\/wp-content\\\/uploads\\\/2023\\\/11\\\/ps_logo_blue.svg\",\"width\":549,\"height\":121,\"caption\":\"Plant Supervision\"},\"image\":{\"@id\":\"https:\\\/\\\/plantsupervision.web07.tigermedia.eu\\\/#\\\/schema\\\/logo\\\/image\\\/\"},\"sameAs\":[\"https:\\\/\\\/www.linkedin.com\\\/company\\\/plant-supervision\\\/\"]}]}<\/script>\n<!-- \/ Yoast SEO plugin. -->","yoast_head_json":{"title":"Upload dit CV for at komme i betragtning til en stilling","description":"Vi er altid p\u00e5 udkig efter nye kandidater til sp\u00e6ndende projekter hos f\u00f8rende virksomheder p\u00e5 tv\u00e6rs af forskellige industrier. Upload dit CV her \u2192","robots":{"index":"index","follow":"follow","max-snippet":"max-snippet:-1","max-image-preview":"max-image-preview:large","max-video-preview":"max-video-preview:-1"},"canonical":"https:\/\/plant-supervision.com\/da\/bliv-en-del-af-plant-supervision\/upload-cv\/","og_locale":"da_DK","og_type":"article","og_title":"Upload dit CV for at komme i betragtning til en stilling","og_description":"Vi er altid p\u00e5 udkig efter nye kandidater til sp\u00e6ndende projekter hos f\u00f8rende virksomheder p\u00e5 tv\u00e6rs af forskellige industrier. Upload dit CV her \u2192","og_url":"https:\/\/plant-supervision.com\/da\/bliv-en-del-af-plant-supervision\/upload-cv\/","og_site_name":"Plant Supervision","article_modified_time":"2026-04-08T14:04:16+00:00","og_image":[{"width":1236,"height":830,"url":"https:\/\/plant-supervision.com\/wp-content\/uploads\/2025\/11\/Niels-Moller-Staffing-and-Recruitment-Consultant.png","type":"image\/png"}],"twitter_card":"summary_large_image","schema":{"@context":"https:\/\/schema.org","@graph":[{"@type":"WebPage","@id":"https:\/\/plant-supervision.com\/da\/bliv-en-del-af-plant-supervision\/upload-cv\/","url":"https:\/\/plant-supervision.com\/da\/bliv-en-del-af-plant-supervision\/upload-cv\/","name":"Upload dit CV for at komme i betragtning til en stilling","isPartOf":{"@id":"https:\/\/plantsupervision.web07.tigermedia.eu\/#website"},"primaryImageOfPage":{"@id":"https:\/\/plant-supervision.com\/da\/bliv-en-del-af-plant-supervision\/upload-cv\/#primaryimage"},"image":{"@id":"https:\/\/plant-supervision.com\/da\/bliv-en-del-af-plant-supervision\/upload-cv\/#primaryimage"},"thumbnailUrl":"https:\/\/plant-supervision.com\/wp-content\/uploads\/2025\/11\/Niels-Moller-Staffing-and-Recruitment-Consultant-768x516.png","datePublished":"2024-01-25T09:23:35+00:00","dateModified":"2026-04-08T14:04:16+00:00","description":"Vi er altid p\u00e5 udkig efter nye kandidater til sp\u00e6ndende projekter hos f\u00f8rende virksomheder p\u00e5 tv\u00e6rs af forskellige industrier. Upload dit CV her \u2192","breadcrumb":{"@id":"https:\/\/plant-supervision.com\/da\/bliv-en-del-af-plant-supervision\/upload-cv\/#breadcrumb"},"inLanguage":"da-DK","potentialAction":[{"@type":"ReadAction","target":["https:\/\/plant-supervision.com\/da\/bliv-en-del-af-plant-supervision\/upload-cv\/"]}]},{"@type":"ImageObject","inLanguage":"da-DK","@id":"https:\/\/plant-supervision.com\/da\/bliv-en-del-af-plant-supervision\/upload-cv\/#primaryimage","url":"https:\/\/plant-supervision.com\/wp-content\/uploads\/2025\/11\/Niels-Moller-Staffing-and-Recruitment-Consultant-768x516.png","contentUrl":"https:\/\/plant-supervision.com\/wp-content\/uploads\/2025\/11\/Niels-Moller-Staffing-and-Recruitment-Consultant-768x516.png"},{"@type":"BreadcrumbList","@id":"https:\/\/plant-supervision.com\/da\/bliv-en-del-af-plant-supervision\/upload-cv\/#breadcrumb","itemListElement":[{"@type":"ListItem","position":1,"name":"Home","item":"https:\/\/plant-supervision.com\/da\/forside\/"},{"@type":"ListItem","position":2,"name":"Karriere","item":"https:\/\/plant-supervision.com\/da\/bliv-en-del-af-plant-supervision\/"},{"@type":"ListItem","position":3,"name":"Upload CV"}]},{"@type":"WebSite","@id":"https:\/\/plantsupervision.web07.tigermedia.eu\/#website","url":"https:\/\/plantsupervision.web07.tigermedia.eu\/","name":"Plant Supervision","description":"","publisher":{"@id":"https:\/\/plantsupervision.web07.tigermedia.eu\/#organization"},"potentialAction":[{"@type":"SearchAction","target":{"@type":"EntryPoint","urlTemplate":"https:\/\/plantsupervision.web07.tigermedia.eu\/?s={search_term_string}"},"query-input":{"@type":"PropertyValueSpecification","valueRequired":true,"valueName":"search_term_string"}}],"inLanguage":"da-DK"},{"@type":"Organization","@id":"https:\/\/plantsupervision.web07.tigermedia.eu\/#organization","name":"Plant Supervision","url":"https:\/\/plantsupervision.web07.tigermedia.eu\/","logo":{"@type":"ImageObject","inLanguage":"da-DK","@id":"https:\/\/plantsupervision.web07.tigermedia.eu\/#\/schema\/logo\/image\/","url":"https:\/\/plant-supervision.com\/wp-content\/uploads\/2023\/11\/ps_logo_blue.svg","contentUrl":"https:\/\/plant-supervision.com\/wp-content\/uploads\/2023\/11\/ps_logo_blue.svg","width":549,"height":121,"caption":"Plant Supervision"},"image":{"@id":"https:\/\/plantsupervision.web07.tigermedia.eu\/#\/schema\/logo\/image\/"},"sameAs":["https:\/\/www.linkedin.com\/company\/plant-supervision\/"]}]}},"_links":{"self":[{"href":"https:\/\/plant-supervision.com\/da\/wp-json\/wp\/v2\/pages\/9167","targetHints":{"allow":["GET"]}}],"collection":[{"href":"https:\/\/plant-supervision.com\/da\/wp-json\/wp\/v2\/pages"}],"about":[{"href":"https:\/\/plant-supervision.com\/da\/wp-json\/wp\/v2\/types\/page"}],"author":[{"embeddable":true,"href":"https:\/\/plant-supervision.com\/da\/wp-json\/wp\/v2\/users\/2"}],"replies":[{"embeddable":true,"href":"https:\/\/plant-supervision.com\/da\/wp-json\/wp\/v2\/comments?post=9167"}],"version-history":[{"count":4,"href":"https:\/\/plant-supervision.com\/da\/wp-json\/wp\/v2\/pages\/9167\/revisions"}],"predecessor-version":[{"id":16828,"href":"https:\/\/plant-supervision.com\/da\/wp-json\/wp\/v2\/pages\/9167\/revisions\/16828"}],"up":[{"embeddable":true,"href":"https:\/\/plant-supervision.com\/da\/wp-json\/wp\/v2\/pages\/9155"}],"wp:attachment":[{"href":"https:\/\/plant-supervision.com\/da\/wp-json\/wp\/v2\/media?parent=9167"}],"curies":[{"name":"wp","href":"https:\/\/api.w.org\/{rel}","templated":true}]}}