{"id":9161,"date":"2024-01-25T10:33:03","date_gmt":"2024-01-25T10:33:03","guid":{"rendered":"https:\/\/plant-supervision.com\/bliv-en-del-af-plant-supervision\/medarbejderhistorier\/globetrottende-ingenioer-petrs-soegen-efter-et-hjem-i-udlandet\/"},"modified":"2025-06-19T08:01:08","modified_gmt":"2025-06-19T08:01:08","slug":"globetrottende-ingenioer-petrs-soegen-efter-et-hjem-i-udlandet","status":"publish","type":"page","link":"https:\/\/plant-supervision.com\/da\/bliv-en-del-af-plant-supervision\/medarbejderhistorier\/globetrottende-ingenioer-petrs-soegen-efter-et-hjem-i-udlandet\/","title":{"rendered":"Globetrottende ingeni\u00f8r: Petrs s\u00f8gen efter et hjem i udlandet"},"content":{"rendered":"\t\t<div data-elementor-type=\"wp-page\" data-elementor-id=\"9161\" class=\"elementor elementor-9161 elementor-1267\" data-elementor-post-type=\"page\">\n\t\t\t\t<div class=\"elementor-element elementor-element-4e7db0f7 e-flex e-con-boxed e-con e-parent\" data-id=\"4e7db0f7\" data-element_type=\"container\" data-e-type=\"container\" data-settings=\"{&quot;jet_parallax_layout_list&quot;:[]}\">\n\t\t\t\t\t<div class=\"e-con-inner\">\n\t\t\t\t<div class=\"elementor-element elementor-element-a8b5973 elementor-widget elementor-widget-heading\" data-id=\"a8b5973\" data-element_type=\"widget\" data-e-type=\"widget\" data-widget_type=\"heading.default\">\n\t\t\t\t<div class=\"elementor-widget-container\">\n\t\t\t\t\t<h2 class=\"elementor-heading-title elementor-size-default\">Fra Tjekkiet til verdensomsp\u00e6ndende projekter<\/h2>\t\t\t\t<\/div>\n\t\t\t\t<\/div>\n\t\t\t\t<div class=\"elementor-element elementor-element-a90da8a elementor-widget elementor-widget-image\" data-id=\"a90da8a\" data-element_type=\"widget\" data-e-type=\"widget\" data-widget_type=\"image.default\">\n\t\t\t\t<div class=\"elementor-widget-container\">\n\t\t\t\t\t\t\t\t\t\t\t\t\t\t\t<img fetchpriority=\"high\" decoding=\"async\" width=\"700\" height=\"700\" src=\"https:\/\/plant-supervision.com\/wp-content\/uploads\/2024\/01\/petr.jpg\" class=\"attachment-large size-large wp-image-1256\" alt=\"\" srcset=\"https:\/\/plant-supervision.com\/wp-content\/uploads\/2024\/01\/petr.jpg 700w, https:\/\/plant-supervision.com\/wp-content\/uploads\/2024\/01\/petr-300x300.jpg 300w, https:\/\/plant-supervision.com\/wp-content\/uploads\/2024\/01\/petr-150x150.jpg 150w\" sizes=\"(max-width: 700px) 100vw, 700px\" \/>\t\t\t\t\t\t\t\t\t\t\t\t\t\t\t<\/div>\n\t\t\t\t<\/div>\n\t\t\t\t<div class=\"elementor-element elementor-element-e5a58c6 elementor-widget elementor-widget-text-editor\" data-id=\"e5a58c6\" data-element_type=\"widget\" data-e-type=\"widget\" data-widget_type=\"text-editor.default\">\n\t\t\t\t<div class=\"elementor-widget-container\">\n\t\t\t\t\t\t\t\t\t<p><strong>Petr er ikke en gennemsnitlig 30-\u00e5rig. Med en klar vision for sin fremtid og velovervejede planer for at n\u00e5 sine m\u00e5l er han p\u00e5 en unik rejse, der tager ham verden rundt, hvor han opn\u00e5r v\u00e6rdifuld erfaring, b\u00e5de professionelt og personligt. Petrs eventyr bliver gjort muligt for ham gennem hans virke somcommissioning ingeni\u00f8r hos Plant Supervision, der st\u00f8tter hans ambitioner med sp\u00e6ndende projekter og 24\/7 support.  <\/strong><\/p><p>Petr er oprindeligt fra Tjekkiet og er en af vores yngste ingeni\u00f8rer. P\u00e5 trods af sin relativt korte karriere har han allerede arbejdet p\u00e5 forskellige projekter i lande som Brasilien, Etiopien, Egypten, Letland og Danmark. At rejse til forskellige lande spiller en afg\u00f8rende rolle i Petrs dr\u00f8mme, da han s\u00f8ger et sted, han kan kalde sit fremtidige hjem.  <\/p><p>\u201c<em>En af mine prim\u00e6re grunde til at rejse er, at jeg ikke planl\u00e6gger at bo i Tjekkiet igen. Jeg leder efter et land, der passer til mig, og som jeg kan kalde mit fremtidige hjem<\/em>,&#8221; forklarer Petr.<\/p><p><a title=\"Cases\" href=\"https:\/\/plant-supervision.com\/da\/casestudier\/\"><strong>Se eksempler p\u00e5, hvordan vi har st\u00f8ttet projekter over hele verden \u2013 klik her for at l\u00e6se vores case studier.<\/strong><\/a><\/p>\t\t\t\t\t\t\t\t<\/div>\n\t\t\t\t<\/div>\n\t\t\t\t<div class=\"elementor-element elementor-element-3fb9dd7 elementor-widget elementor-widget-image\" data-id=\"3fb9dd7\" data-element_type=\"widget\" data-e-type=\"widget\" data-widget_type=\"image.default\">\n\t\t\t\t<div class=\"elementor-widget-container\">\n\t\t\t\t\t\t\t\t\t\t\t\t\t\t\t<img decoding=\"async\" width=\"800\" height=\"265\" src=\"https:\/\/plant-supervision.com\/wp-content\/uploads\/2024\/01\/potpourri.jpg\" class=\"attachment-large size-large wp-image-1293\" alt=\"\" srcset=\"https:\/\/plant-supervision.com\/wp-content\/uploads\/2024\/01\/potpourri.jpg 960w, https:\/\/plant-supervision.com\/wp-content\/uploads\/2024\/01\/potpourri-300x99.jpg 300w, https:\/\/plant-supervision.com\/wp-content\/uploads\/2024\/01\/potpourri-768x254.jpg 768w\" sizes=\"(max-width: 800px) 100vw, 800px\" \/>\t\t\t\t\t\t\t\t\t\t\t\t\t\t\t<\/div>\n\t\t\t\t<\/div>\n\t\t\t\t<div class=\"elementor-element elementor-element-0a037d3 elementor-widget elementor-widget-text-editor\" data-id=\"0a037d3\" data-element_type=\"widget\" data-e-type=\"widget\" data-widget_type=\"text-editor.default\">\n\t\t\t\t<div class=\"elementor-widget-container\">\n\t\t\t\t\t\t\t\t\t<p><strong>Et karrierel\u00f8ft<\/strong><\/p><p>Ud over jagten p\u00e5 et nyt hjem giver arbejdet p\u00e5 forskellige projekter Petr en lang r\u00e6kke professionelle udviklingsmuligheder. Hvert projekt bringer unikke oplevelser, forbedrede tv\u00e6rkulturelle f\u00e6rdigheder, sproglig dygtighed og en bredere forst\u00e5else af forskellige teknologier og projektmetoder. <\/p><p>&#8220;<em>Aspekter som skiftende arbejdstempo, forskellige teams, nye teknologier og den generelle tilgang til projekter har helt sikkert hjulpet mig med at udvikle mig meget som ingeni\u00f8r.<\/em>&#8220;<\/p><p><strong>Succes i udlandet: Plant Supervisions dedikerede st\u00f8tte<\/strong><\/p><p>Plant Supervision identificerer de projekter, der passer til Petrs faglige profil, samtidig med at de im\u00f8dekommer kundernes behov.<\/p><p>Derudover h\u00e5ndterer Plant Supervision alle administrative opgaver s\u00e5som visumans\u00f8gninger, rejseplanl\u00e6gning og indkvartering, s\u00e5 Petr kan fokusere fuldt ud p\u00e5 projektet og forberede sig p\u00e5 nye oplevelser. Under hvert projekt f\u00e5r han en dedikeret kontaktperson, der sikrer, at han trives b\u00e5de p\u00e5 og uden for site. <\/p><p>\u201c<em>Det er den perfekte ops\u00e6tning, fordi Plant Supervision fuldt ud st\u00f8tter mig og h\u00e5ndterer alle de kedelige opgaver. Hvis jeg nogensinde har en s\u00e6rlig foresp\u00f8rgsel, eller hvis jeg for eksempel misser et fly, s\u00e5 er de altid der for mig. <\/em>\u201d<\/p><p><strong><a title=\"Om os\" href=\"https:\/\/plant-supervision.com\/da\/om-os\/\">L\u00e6r mere om Plant Supervision og hvordan vi arbejder.<\/a><\/strong><\/p>\t\t\t\t\t\t\t\t<\/div>\n\t\t\t\t<\/div>\n\t\t\t\t<div class=\"elementor-element elementor-element-cd9a649 elementor-widget elementor-widget-image\" data-id=\"cd9a649\" data-element_type=\"widget\" data-e-type=\"widget\" data-widget_type=\"image.default\">\n\t\t\t\t<div class=\"elementor-widget-container\">\n\t\t\t\t\t\t\t\t\t\t\t\t\t\t\t<img decoding=\"async\" width=\"800\" height=\"250\" src=\"https:\/\/plant-supervision.com\/wp-content\/uploads\/2024\/01\/billede-3.jpg\" class=\"attachment-large size-large wp-image-1295\" alt=\"\" srcset=\"https:\/\/plant-supervision.com\/wp-content\/uploads\/2024\/01\/billede-3.jpg 960w, https:\/\/plant-supervision.com\/wp-content\/uploads\/2024\/01\/billede-3-300x94.jpg 300w, https:\/\/plant-supervision.com\/wp-content\/uploads\/2024\/01\/billede-3-768x240.jpg 768w\" sizes=\"(max-width: 800px) 100vw, 800px\" \/>\t\t\t\t\t\t\t\t\t\t\t\t\t\t\t<\/div>\n\t\t\t\t<\/div>\n\t\t\t\t<div class=\"elementor-element elementor-element-dc7717e elementor-widget elementor-widget-text-editor\" data-id=\"dc7717e\" data-element_type=\"widget\" data-e-type=\"widget\" data-widget_type=\"text-editor.default\">\n\t\t\t\t<div class=\"elementor-widget-container\">\n\t\t\t\t\t\t\t\t\t<p><strong>V\u00e6r ikke bange for forandring: Petrs opfordring til handling<\/strong><\/p><p>At blive en del af Plant Supervisions arbejdsstyrke giver en unik frihed til at v\u00e6lge projekter og arbejdsdestinationer. Selvom det kan virke som en stor omv\u00e6ltning i forhold til et traditionelt 8-til-16-job, opfordrer Petr andre til ikke at lade tvivl eller bekymringer st\u00e5 i vejen for unikke oplevelser. <\/p><p>\u201c<em>Uanset hvor sv\u00e6rt det virker, b\u00f8r du bare springe ud i det og forbedre dig undervejs. Det ville v\u00e6re en skam at g\u00e5 glip af muligheden bare p\u00e5 grund af tvivl. Det er s\u00e5dan, jeg er kommet dertil, hvor jeg er i dag.  <\/em>\u201d<\/p><p>Petrs historie er et levende eksempel p\u00e5 de muligheder, der f\u00f8lger med at omfavne forandring og s\u00f8ge nye oplevelser uden for ens komfortzone. Mens han forts\u00e6tter med at rejse verden rundt, opbygge sin ekspertise og forme sin egen fremtid, beviser han, at med den rette st\u00f8tte og indstilling kan det meste lade sig g\u00f8re. <\/p>\t\t\t\t\t\t\t\t<\/div>\n\t\t\t\t<\/div>\n\t\t\t\t\t<\/div>\n\t\t\t\t<\/div>\n\t\t<div class=\"elementor-element elementor-element-180d356 e-flex e-con-boxed e-con e-parent\" data-id=\"180d356\" data-element_type=\"container\" data-e-type=\"container\" data-settings=\"{&quot;background_background&quot;:&quot;classic&quot;,&quot;jet_parallax_layout_list&quot;:[]}\">\n\t\t\t\t\t<div class=\"e-con-inner\">\n\t\t\t\t<div class=\"elementor-element elementor-element-cac5312 elementor-widget elementor-widget-heading\" data-id=\"cac5312\" data-element_type=\"widget\" data-e-type=\"widget\" data-widget_type=\"heading.default\">\n\t\t\t\t<div class=\"elementor-widget-container\">\n\t\t\t\t\t<h2 class=\"elementor-heading-title elementor-size-default\">Upload dit CV<\/h2>\t\t\t\t<\/div>\n\t\t\t\t<\/div>\n\t\t\t\t<div class=\"elementor-element elementor-element-599f0f1 elementor-widget elementor-widget-text-editor\" data-id=\"599f0f1\" data-element_type=\"widget\" data-e-type=\"widget\" data-widget_type=\"text-editor.default\">\n\t\t\t\t<div class=\"elementor-widget-container\">\n\t\t\t\t\t\t\t\t\t<p>Vi s\u00f8ger altid motiverede og talentfulde medarbejdere, der er klar til at tage del i sp\u00e6ndende projekter i Danmark og verden over. Hvis du har lyst til at v\u00e6re en del af et team, hvor faglighed og stolthed g\u00e5r h\u00e5nd i h\u00e5nd, vil vi meget gerne h\u00f8re fra dig. <\/p>\t\t\t\t\t\t\t\t<\/div>\n\t\t\t\t<\/div>\n\t\t\t\t<div class=\"elementor-element elementor-element-68dff5f elementor-widget elementor-widget-button\" data-id=\"68dff5f\" data-element_type=\"widget\" data-e-type=\"widget\" data-widget_type=\"button.default\">\n\t\t\t\t<div class=\"elementor-widget-container\">\n\t\t\t\t\t\t\t\t\t<div class=\"elementor-button-wrapper\">\n\t\t\t\t\t<a class=\"elementor-button elementor-button-link elementor-size-sm\" href=\"https:\/\/plant-supervision.com\/da\/bliv-en-del-af-plant-supervision\/upload-cv\/\">\n\t\t\t\t\t\t<span class=\"elementor-button-content-wrapper\">\n\t\t\t\t\t\t\t\t\t<span class=\"elementor-button-text\">Ans\u00f8g her<\/span>\n\t\t\t\t\t<\/span>\n\t\t\t\t\t<\/a>\n\t\t\t\t<\/div>\n\t\t\t\t\t\t\t\t<\/div>\n\t\t\t\t<\/div>\n\t\t\t\t\t<\/div>\n\t\t\t\t<\/div>\n\t\t\t\t<\/div>\n\t\t","protected":false},"excerpt":{"rendered":"<p>Fra Tjekkiet til verdensomsp\u00e6ndende projekter Petr er ikke en gennemsnitlig 30-\u00e5rig. Med en klar vision for sin fremtid og velovervejede planer for at n\u00e5 sine m\u00e5l er han p\u00e5 en unik rejse, der tager ham verden rundt, hvor han opn\u00e5r v\u00e6rdifuld erfaring, b\u00e5de professionelt og personligt. Petrs eventyr bliver gjort muligt for ham gennem hans [&hellip;]<\/p>\n","protected":false},"author":2,"featured_media":1269,"parent":9157,"menu_order":0,"comment_status":"closed","ping_status":"closed","template":"","meta":{"content-type":"","footnotes":""},"class_list":["post-9161","page","type-page","status-publish","has-post-thumbnail","hentry"],"yoast_head":"<!-- This site is optimized with the Yoast SEO plugin v27.5 - https:\/\/yoast.com\/product\/yoast-seo-wordpress\/ -->\n<title>Globetrottende ingeni\u00f8r: Petrs s\u00f8gen efter et hjem i udlandet -<\/title>\n<meta name=\"description\" content=\"L\u00e6s om Petr, en ingeni\u00f8r hos Plant Supervision, der rejser verden rundt, opn\u00e5r professionel erfaring og leder efter sit fremtidige hjem. Oplev hans inspirerende rejse.\" \/>\n<meta name=\"robots\" content=\"index, follow, max-snippet:-1, max-image-preview:large, max-video-preview:-1\" \/>\n<link rel=\"canonical\" href=\"https:\/\/plant-supervision.com\/da\/bliv-en-del-af-plant-supervision\/medarbejderhistorier\/globetrottende-ingenioer-petrs-soegen-efter-et-hjem-i-udlandet\/\" \/>\n<meta property=\"og:locale\" content=\"da_DK\" \/>\n<meta property=\"og:type\" content=\"article\" \/>\n<meta property=\"og:title\" content=\"Globetrottende ingeni\u00f8r: Petrs s\u00f8gen efter et hjem i udlandet -\" \/>\n<meta property=\"og:description\" content=\"L\u00e6s om Petr, en ingeni\u00f8r hos Plant Supervision, der rejser verden rundt, opn\u00e5r professionel erfaring og leder efter sit fremtidige hjem. Oplev hans inspirerende rejse.\" \/>\n<meta property=\"og:url\" content=\"https:\/\/plant-supervision.com\/da\/bliv-en-del-af-plant-supervision\/medarbejderhistorier\/globetrottende-ingenioer-petrs-soegen-efter-et-hjem-i-udlandet\/\" \/>\n<meta property=\"og:site_name\" content=\"Plant Supervision\" \/>\n<meta property=\"article:modified_time\" content=\"2025-06-19T08:01:08+00:00\" \/>\n<meta property=\"og:image\" content=\"https:\/\/plant-supervision.com\/wp-content\/uploads\/2024\/01\/header.jpg\" \/>\n\t<meta property=\"og:image:width\" content=\"1920\" \/>\n\t<meta property=\"og:image:height\" content=\"780\" \/>\n\t<meta property=\"og:image:type\" content=\"image\/jpeg\" \/>\n<meta name=\"twitter:card\" content=\"summary_large_image\" \/>\n<meta name=\"twitter:label1\" content=\"Estimeret l\u00e6setid\" \/>\n\t<meta name=\"twitter:data1\" content=\"3 minutter\" \/>\n<script type=\"application\/ld+json\" class=\"yoast-schema-graph\">{\"@context\":\"https:\\\/\\\/schema.org\",\"@graph\":[{\"@type\":\"WebPage\",\"@id\":\"https:\\\/\\\/plant-supervision.com\\\/da\\\/bliv-en-del-af-plant-supervision\\\/medarbejderhistorier\\\/globetrottende-ingenioer-petrs-soegen-efter-et-hjem-i-udlandet\\\/\",\"url\":\"https:\\\/\\\/plant-supervision.com\\\/da\\\/bliv-en-del-af-plant-supervision\\\/medarbejderhistorier\\\/globetrottende-ingenioer-petrs-soegen-efter-et-hjem-i-udlandet\\\/\",\"name\":\"Globetrottende ingeni\u00f8r: Petrs s\u00f8gen efter et hjem i udlandet -\",\"isPartOf\":{\"@id\":\"https:\\\/\\\/plantsupervision.web07.tigermedia.eu\\\/#website\"},\"primaryImageOfPage\":{\"@id\":\"https:\\\/\\\/plant-supervision.com\\\/da\\\/bliv-en-del-af-plant-supervision\\\/medarbejderhistorier\\\/globetrottende-ingenioer-petrs-soegen-efter-et-hjem-i-udlandet\\\/#primaryimage\"},\"image\":{\"@id\":\"https:\\\/\\\/plant-supervision.com\\\/da\\\/bliv-en-del-af-plant-supervision\\\/medarbejderhistorier\\\/globetrottende-ingenioer-petrs-soegen-efter-et-hjem-i-udlandet\\\/#primaryimage\"},\"thumbnailUrl\":\"https:\\\/\\\/plant-supervision.com\\\/wp-content\\\/uploads\\\/2024\\\/01\\\/header.jpg\",\"datePublished\":\"2024-01-25T10:33:03+00:00\",\"dateModified\":\"2025-06-19T08:01:08+00:00\",\"description\":\"L\u00e6s om Petr, en ingeni\u00f8r hos Plant Supervision, der rejser verden rundt, opn\u00e5r professionel erfaring og leder efter sit fremtidige hjem. Oplev hans inspirerende rejse.\",\"breadcrumb\":{\"@id\":\"https:\\\/\\\/plant-supervision.com\\\/da\\\/bliv-en-del-af-plant-supervision\\\/medarbejderhistorier\\\/globetrottende-ingenioer-petrs-soegen-efter-et-hjem-i-udlandet\\\/#breadcrumb\"},\"inLanguage\":\"da-DK\",\"potentialAction\":[{\"@type\":\"ReadAction\",\"target\":[\"https:\\\/\\\/plant-supervision.com\\\/da\\\/bliv-en-del-af-plant-supervision\\\/medarbejderhistorier\\\/globetrottende-ingenioer-petrs-soegen-efter-et-hjem-i-udlandet\\\/\"]}]},{\"@type\":\"ImageObject\",\"inLanguage\":\"da-DK\",\"@id\":\"https:\\\/\\\/plant-supervision.com\\\/da\\\/bliv-en-del-af-plant-supervision\\\/medarbejderhistorier\\\/globetrottende-ingenioer-petrs-soegen-efter-et-hjem-i-udlandet\\\/#primaryimage\",\"url\":\"https:\\\/\\\/plant-supervision.com\\\/wp-content\\\/uploads\\\/2024\\\/01\\\/header.jpg\",\"contentUrl\":\"https:\\\/\\\/plant-supervision.com\\\/wp-content\\\/uploads\\\/2024\\\/01\\\/header.jpg\",\"width\":1920,\"height\":780},{\"@type\":\"BreadcrumbList\",\"@id\":\"https:\\\/\\\/plant-supervision.com\\\/da\\\/bliv-en-del-af-plant-supervision\\\/medarbejderhistorier\\\/globetrottende-ingenioer-petrs-soegen-efter-et-hjem-i-udlandet\\\/#breadcrumb\",\"itemListElement\":[{\"@type\":\"ListItem\",\"position\":1,\"name\":\"Home\",\"item\":\"https:\\\/\\\/plant-supervision.com\\\/da\\\/forside\\\/\"},{\"@type\":\"ListItem\",\"position\":2,\"name\":\"Karriere\",\"item\":\"https:\\\/\\\/plant-supervision.com\\\/da\\\/bliv-en-del-af-plant-supervision\\\/\"},{\"@type\":\"ListItem\",\"position\":3,\"name\":\"Medarbejderhistorier\",\"item\":\"https:\\\/\\\/plant-supervision.com\\\/da\\\/bliv-en-del-af-plant-supervision\\\/medarbejderhistorier\\\/\"},{\"@type\":\"ListItem\",\"position\":4,\"name\":\"Globetrottende ingeni\u00f8r: Petrs s\u00f8gen efter et hjem i udlandet\"}]},{\"@type\":\"WebSite\",\"@id\":\"https:\\\/\\\/plantsupervision.web07.tigermedia.eu\\\/#website\",\"url\":\"https:\\\/\\\/plantsupervision.web07.tigermedia.eu\\\/\",\"name\":\"Plant Supervision\",\"description\":\"\",\"publisher\":{\"@id\":\"https:\\\/\\\/plantsupervision.web07.tigermedia.eu\\\/#organization\"},\"potentialAction\":[{\"@type\":\"SearchAction\",\"target\":{\"@type\":\"EntryPoint\",\"urlTemplate\":\"https:\\\/\\\/plantsupervision.web07.tigermedia.eu\\\/?s={search_term_string}\"},\"query-input\":{\"@type\":\"PropertyValueSpecification\",\"valueRequired\":true,\"valueName\":\"search_term_string\"}}],\"inLanguage\":\"da-DK\"},{\"@type\":\"Organization\",\"@id\":\"https:\\\/\\\/plantsupervision.web07.tigermedia.eu\\\/#organization\",\"name\":\"Plant Supervision\",\"url\":\"https:\\\/\\\/plantsupervision.web07.tigermedia.eu\\\/\",\"logo\":{\"@type\":\"ImageObject\",\"inLanguage\":\"da-DK\",\"@id\":\"https:\\\/\\\/plantsupervision.web07.tigermedia.eu\\\/#\\\/schema\\\/logo\\\/image\\\/\",\"url\":\"https:\\\/\\\/plant-supervision.com\\\/wp-content\\\/uploads\\\/2023\\\/11\\\/ps_logo_blue.svg\",\"contentUrl\":\"https:\\\/\\\/plant-supervision.com\\\/wp-content\\\/uploads\\\/2023\\\/11\\\/ps_logo_blue.svg\",\"width\":549,\"height\":121,\"caption\":\"Plant Supervision\"},\"image\":{\"@id\":\"https:\\\/\\\/plantsupervision.web07.tigermedia.eu\\\/#\\\/schema\\\/logo\\\/image\\\/\"},\"sameAs\":[\"https:\\\/\\\/www.linkedin.com\\\/company\\\/plant-supervision\\\/\"]}]}<\/script>\n<!-- \/ Yoast SEO plugin. -->","yoast_head_json":{"title":"Globetrottende ingeni\u00f8r: Petrs s\u00f8gen efter et hjem i udlandet -","description":"L\u00e6s om Petr, en ingeni\u00f8r hos Plant Supervision, der rejser verden rundt, opn\u00e5r professionel erfaring og leder efter sit fremtidige hjem. Oplev hans inspirerende rejse.","robots":{"index":"index","follow":"follow","max-snippet":"max-snippet:-1","max-image-preview":"max-image-preview:large","max-video-preview":"max-video-preview:-1"},"canonical":"https:\/\/plant-supervision.com\/da\/bliv-en-del-af-plant-supervision\/medarbejderhistorier\/globetrottende-ingenioer-petrs-soegen-efter-et-hjem-i-udlandet\/","og_locale":"da_DK","og_type":"article","og_title":"Globetrottende ingeni\u00f8r: Petrs s\u00f8gen efter et hjem i udlandet -","og_description":"L\u00e6s om Petr, en ingeni\u00f8r hos Plant Supervision, der rejser verden rundt, opn\u00e5r professionel erfaring og leder efter sit fremtidige hjem. Oplev hans inspirerende rejse.","og_url":"https:\/\/plant-supervision.com\/da\/bliv-en-del-af-plant-supervision\/medarbejderhistorier\/globetrottende-ingenioer-petrs-soegen-efter-et-hjem-i-udlandet\/","og_site_name":"Plant Supervision","article_modified_time":"2025-06-19T08:01:08+00:00","og_image":[{"width":1920,"height":780,"url":"https:\/\/plant-supervision.com\/wp-content\/uploads\/2024\/01\/header.jpg","type":"image\/jpeg"}],"twitter_card":"summary_large_image","twitter_misc":{"Estimeret l\u00e6setid":"3 minutter"},"schema":{"@context":"https:\/\/schema.org","@graph":[{"@type":"WebPage","@id":"https:\/\/plant-supervision.com\/da\/bliv-en-del-af-plant-supervision\/medarbejderhistorier\/globetrottende-ingenioer-petrs-soegen-efter-et-hjem-i-udlandet\/","url":"https:\/\/plant-supervision.com\/da\/bliv-en-del-af-plant-supervision\/medarbejderhistorier\/globetrottende-ingenioer-petrs-soegen-efter-et-hjem-i-udlandet\/","name":"Globetrottende ingeni\u00f8r: Petrs s\u00f8gen efter et hjem i udlandet -","isPartOf":{"@id":"https:\/\/plantsupervision.web07.tigermedia.eu\/#website"},"primaryImageOfPage":{"@id":"https:\/\/plant-supervision.com\/da\/bliv-en-del-af-plant-supervision\/medarbejderhistorier\/globetrottende-ingenioer-petrs-soegen-efter-et-hjem-i-udlandet\/#primaryimage"},"image":{"@id":"https:\/\/plant-supervision.com\/da\/bliv-en-del-af-plant-supervision\/medarbejderhistorier\/globetrottende-ingenioer-petrs-soegen-efter-et-hjem-i-udlandet\/#primaryimage"},"thumbnailUrl":"https:\/\/plant-supervision.com\/wp-content\/uploads\/2024\/01\/header.jpg","datePublished":"2024-01-25T10:33:03+00:00","dateModified":"2025-06-19T08:01:08+00:00","description":"L\u00e6s om Petr, en ingeni\u00f8r hos Plant Supervision, der rejser verden rundt, opn\u00e5r professionel erfaring og leder efter sit fremtidige hjem. Oplev hans inspirerende rejse.","breadcrumb":{"@id":"https:\/\/plant-supervision.com\/da\/bliv-en-del-af-plant-supervision\/medarbejderhistorier\/globetrottende-ingenioer-petrs-soegen-efter-et-hjem-i-udlandet\/#breadcrumb"},"inLanguage":"da-DK","potentialAction":[{"@type":"ReadAction","target":["https:\/\/plant-supervision.com\/da\/bliv-en-del-af-plant-supervision\/medarbejderhistorier\/globetrottende-ingenioer-petrs-soegen-efter-et-hjem-i-udlandet\/"]}]},{"@type":"ImageObject","inLanguage":"da-DK","@id":"https:\/\/plant-supervision.com\/da\/bliv-en-del-af-plant-supervision\/medarbejderhistorier\/globetrottende-ingenioer-petrs-soegen-efter-et-hjem-i-udlandet\/#primaryimage","url":"https:\/\/plant-supervision.com\/wp-content\/uploads\/2024\/01\/header.jpg","contentUrl":"https:\/\/plant-supervision.com\/wp-content\/uploads\/2024\/01\/header.jpg","width":1920,"height":780},{"@type":"BreadcrumbList","@id":"https:\/\/plant-supervision.com\/da\/bliv-en-del-af-plant-supervision\/medarbejderhistorier\/globetrottende-ingenioer-petrs-soegen-efter-et-hjem-i-udlandet\/#breadcrumb","itemListElement":[{"@type":"ListItem","position":1,"name":"Home","item":"https:\/\/plant-supervision.com\/da\/forside\/"},{"@type":"ListItem","position":2,"name":"Karriere","item":"https:\/\/plant-supervision.com\/da\/bliv-en-del-af-plant-supervision\/"},{"@type":"ListItem","position":3,"name":"Medarbejderhistorier","item":"https:\/\/plant-supervision.com\/da\/bliv-en-del-af-plant-supervision\/medarbejderhistorier\/"},{"@type":"ListItem","position":4,"name":"Globetrottende ingeni\u00f8r: Petrs s\u00f8gen efter et hjem i udlandet"}]},{"@type":"WebSite","@id":"https:\/\/plantsupervision.web07.tigermedia.eu\/#website","url":"https:\/\/plantsupervision.web07.tigermedia.eu\/","name":"Plant Supervision","description":"","publisher":{"@id":"https:\/\/plantsupervision.web07.tigermedia.eu\/#organization"},"potentialAction":[{"@type":"SearchAction","target":{"@type":"EntryPoint","urlTemplate":"https:\/\/plantsupervision.web07.tigermedia.eu\/?s={search_term_string}"},"query-input":{"@type":"PropertyValueSpecification","valueRequired":true,"valueName":"search_term_string"}}],"inLanguage":"da-DK"},{"@type":"Organization","@id":"https:\/\/plantsupervision.web07.tigermedia.eu\/#organization","name":"Plant Supervision","url":"https:\/\/plantsupervision.web07.tigermedia.eu\/","logo":{"@type":"ImageObject","inLanguage":"da-DK","@id":"https:\/\/plantsupervision.web07.tigermedia.eu\/#\/schema\/logo\/image\/","url":"https:\/\/plant-supervision.com\/wp-content\/uploads\/2023\/11\/ps_logo_blue.svg","contentUrl":"https:\/\/plant-supervision.com\/wp-content\/uploads\/2023\/11\/ps_logo_blue.svg","width":549,"height":121,"caption":"Plant Supervision"},"image":{"@id":"https:\/\/plantsupervision.web07.tigermedia.eu\/#\/schema\/logo\/image\/"},"sameAs":["https:\/\/www.linkedin.com\/company\/plant-supervision\/"]}]}},"_links":{"self":[{"href":"https:\/\/plant-supervision.com\/da\/wp-json\/wp\/v2\/pages\/9161","targetHints":{"allow":["GET"]}}],"collection":[{"href":"https:\/\/plant-supervision.com\/da\/wp-json\/wp\/v2\/pages"}],"about":[{"href":"https:\/\/plant-supervision.com\/da\/wp-json\/wp\/v2\/types\/page"}],"author":[{"embeddable":true,"href":"https:\/\/plant-supervision.com\/da\/wp-json\/wp\/v2\/users\/2"}],"replies":[{"embeddable":true,"href":"https:\/\/plant-supervision.com\/da\/wp-json\/wp\/v2\/comments?post=9161"}],"version-history":[{"count":4,"href":"https:\/\/plant-supervision.com\/da\/wp-json\/wp\/v2\/pages\/9161\/revisions"}],"predecessor-version":[{"id":11510,"href":"https:\/\/plant-supervision.com\/da\/wp-json\/wp\/v2\/pages\/9161\/revisions\/11510"}],"up":[{"embeddable":true,"href":"https:\/\/plant-supervision.com\/da\/wp-json\/wp\/v2\/pages\/9157"}],"wp:featuredmedia":[{"embeddable":true,"href":"https:\/\/plant-supervision.com\/da\/wp-json\/wp\/v2\/media\/1269"}],"wp:attachment":[{"href":"https:\/\/plant-supervision.com\/da\/wp-json\/wp\/v2\/media?parent=9161"}],"curies":[{"name":"wp","href":"https:\/\/api.w.org\/{rel}","templated":true}]}}