{"id":9159,"date":"2024-03-13T13:34:12","date_gmt":"2024-03-13T13:34:12","guid":{"rendered":"https:\/\/plant-supervision.com\/bliv-en-del-af-plant-supervision\/medarbejderhistorier\/udforskning-af-verden-et-projekt-ad-gangen-henriks-spaendende-karriere-som-supervisor-hos-plant-supervision\/"},"modified":"2025-06-30T12:47:49","modified_gmt":"2025-06-30T12:47:49","slug":"udforskning-af-verden-et-projekt-ad-gangen-henriks-spaendende-karriere-som-supervisor-hos-plant-supervision","status":"publish","type":"page","link":"https:\/\/plant-supervision.com\/da\/bliv-en-del-af-plant-supervision\/medarbejderhistorier\/udforskning-af-verden-et-projekt-ad-gangen-henriks-spaendende-karriere-som-supervisor-hos-plant-supervision\/","title":{"rendered":"Udforsk af verden, \u00e9t projekt ad gangen: Henriks sp\u00e6ndende karriere som supervisor hos Plant Supervision"},"content":{"rendered":"\t\t<div data-elementor-type=\"wp-page\" data-elementor-id=\"9159\" class=\"elementor elementor-9159 elementor-3365\" data-elementor-post-type=\"page\">\n\t\t\t\t<div class=\"elementor-element elementor-element-69c2925c e-flex e-con-boxed e-con e-parent\" data-id=\"69c2925c\" data-element_type=\"container\" data-e-type=\"container\" data-settings=\"{&quot;jet_parallax_layout_list&quot;:[]}\">\n\t\t\t\t\t<div class=\"e-con-inner\">\n\t\t\t\t<div class=\"elementor-element elementor-element-5702dfd5 elementor-widget elementor-widget-heading\" data-id=\"5702dfd5\" data-element_type=\"widget\" data-e-type=\"widget\" data-widget_type=\"heading.default\">\n\t\t\t\t<div class=\"elementor-widget-container\">\n\t\t\t\t\t<h2 class=\"elementor-heading-title elementor-size-default\">Henriks sp\u00e6ndende karriere som supervisor hos Plant Supervision<\/h2>\t\t\t\t<\/div>\n\t\t\t\t<\/div>\n\t\t\t\t<div class=\"elementor-element elementor-element-443a3135 elementor-widget elementor-widget-image\" data-id=\"443a3135\" data-element_type=\"widget\" data-e-type=\"widget\" data-widget_type=\"image.default\">\n\t\t\t\t<div class=\"elementor-widget-container\">\n\t\t\t\t\t\t\t\t\t\t\t\t\t\t\t<img fetchpriority=\"high\" decoding=\"async\" width=\"800\" height=\"300\" src=\"https:\/\/plant-supervision.com\/wp-content\/uploads\/2024\/03\/Potpourri.jpg\" class=\"attachment-large size-large wp-image-3399\" alt=\"Potpurri of images of supervisor Henrik Overgaard\" srcset=\"https:\/\/plant-supervision.com\/wp-content\/uploads\/2024\/03\/Potpourri.jpg 1000w, https:\/\/plant-supervision.com\/wp-content\/uploads\/2024\/03\/Potpourri-300x113.jpg 300w, https:\/\/plant-supervision.com\/wp-content\/uploads\/2024\/03\/Potpourri-768x288.jpg 768w\" sizes=\"(max-width: 800px) 100vw, 800px\" \/>\t\t\t\t\t\t\t\t\t\t\t\t\t\t\t<\/div>\n\t\t\t\t<\/div>\n\t\t\t\t<div class=\"elementor-element elementor-element-365b4bdf elementor-widget elementor-widget-text-editor\" data-id=\"365b4bdf\" data-element_type=\"widget\" data-e-type=\"widget\" data-widget_type=\"text-editor.default\">\n\t\t\t\t<div class=\"elementor-widget-container\">\n\t\t\t\t\t\t\t\t\t<p><strong>Siden han sluttede sig til Plant Supervision i 2016, har Henrik begivet sig ud p\u00e5 en bem\u00e6rkelsesv\u00e6rdig rejse, hvor han har superviseret projekter i flere tunge industrier over hele verden.<\/strong><\/p><p>Henriks nomadiske livsstil begyndte f\u00f8rste gang i 1992, men blev sat p\u00e5 pause efter fire \u00e5r p\u00e5 grund af de udfordringer, der dengang var forbundet med at holde kontakten til sine n\u00e6rmeste.<\/p><p><em>&#8211; &#8220;Det var som at tage en spand over hovedet \u2013 man var fuldst\u00e6ndig afsk\u00e5ret fra alt derhjemme.&#8221;<\/em><\/p><p>Med fremkomsten af nye kommunikationsmuligheder som sociale medier, Skype og WhatsApp blev det lettere at holde kontakten til familie og venner, hvilket igen t\u00e6ndte Henriks passion for at rejse verden rundt.<\/p><p>&#8211; \u201c<em>Det, jeg elsker mest, er at ankomme til et nyt land, fordybe mig i forskellige kulturer og opbygge relationer med nye kolleger. Det f\u00f8les som at v\u00e6re teenager igen, fyldt med sp\u00e6nding. <\/em>\u201d<\/p>\t\t\t\t\t\t\t\t<\/div>\n\t\t\t\t<\/div>\n\t\t\t\t<div class=\"elementor-element elementor-element-aa47673 elementor-widget elementor-widget-image\" data-id=\"aa47673\" data-element_type=\"widget\" data-e-type=\"widget\" data-widget_type=\"image.default\">\n\t\t\t\t<div class=\"elementor-widget-container\">\n\t\t\t\t\t\t\t\t\t\t\t\t\t\t\t<img decoding=\"async\" width=\"800\" height=\"300\" src=\"https:\/\/plant-supervision.com\/wp-content\/uploads\/2024\/03\/Ikke-navngivet-2.jpg\" class=\"attachment-large size-large wp-image-3372\" alt=\"A group of supervisors from Plant Supervision\" srcset=\"https:\/\/plant-supervision.com\/wp-content\/uploads\/2024\/03\/Ikke-navngivet-2.jpg 1000w, https:\/\/plant-supervision.com\/wp-content\/uploads\/2024\/03\/Ikke-navngivet-2-300x113.jpg 300w, https:\/\/plant-supervision.com\/wp-content\/uploads\/2024\/03\/Ikke-navngivet-2-768x288.jpg 768w\" sizes=\"(max-width: 800px) 100vw, 800px\" \/>\t\t\t\t\t\t\t\t\t\t\t\t\t\t\t<\/div>\n\t\t\t\t<\/div>\n\t\t\t\t<div class=\"elementor-element elementor-element-6233328f elementor-widget elementor-widget-text-editor\" data-id=\"6233328f\" data-element_type=\"widget\" data-e-type=\"widget\" data-widget_type=\"text-editor.default\">\n\t\t\t\t<div class=\"elementor-widget-container\">\n\t\t\t\t\t\t\t\t\t<p>Fra et professionelt perspektiv finder Henrik stor tilfredsstillelse i at gennemf\u00f8re forskellige projekter frem for at v\u00e6re bundet til \u00e9n lokation i l\u00e6ngere tid.<\/p><p>&#8211; &#8220;<em>Jeg s\u00e6tter pris p\u00e5, at projekterne ikke er langsigtede forpligtelser. Det handler om at opleve og fuldf\u00f8re nye opgaver, uanset om de er i mit hjemland eller i udlandet. <\/em>.\u201d<\/p><p><strong>Friheden til at rejse<\/strong><\/p><p>Plant Supervision h\u00e5ndterer alle compliance- og administrative opgaver, n\u00e5r Henrik bliver udsendt til nye projekter, herunder arbejdsvisa, transport og indkvartering. Alt bliver taget h\u00e5nd om f\u00f8r, under og efter et projekt, hvilket g\u00f8r det nemmere for Henrik at rejse verden rundt og opn\u00e5 v\u00e6rdifuld erfaring fra forskellige arbejdspladser. <\/p><p>&#8211; \u201c<em>N\u00e5r man har Plant Supervision som st\u00f8tte, bliver det meget lettere at omfavne denne form for arbejdsliv, fordi de h\u00e5ndterer alle de kedelige opgaver.<\/em>&#8220;<\/p><p><strong><a title=\"Om os\" href=\"https:\/\/plant-supervision.com\/da\/om-os\/\">L\u00e6r mere om Plant Supervision og hvordan vi arbejder.<\/a><\/strong><\/p>\t\t\t\t\t\t\t\t<\/div>\n\t\t\t\t<\/div>\n\t\t\t\t<div class=\"elementor-element elementor-element-6fba7857 elementor-widget elementor-widget-image\" data-id=\"6fba7857\" data-element_type=\"widget\" data-e-type=\"widget\" data-widget_type=\"image.default\">\n\t\t\t\t<div class=\"elementor-widget-container\">\n\t\t\t\t\t\t\t\t\t\t\t\t\t\t\t<img decoding=\"async\" width=\"800\" height=\"300\" src=\"https:\/\/plant-supervision.com\/wp-content\/uploads\/2024\/03\/Ikke-navngivet-2-1.jpg\" class=\"attachment-large size-large wp-image-3402\" alt=\"Henrik Overgaard, Supervisor.\" srcset=\"https:\/\/plant-supervision.com\/wp-content\/uploads\/2024\/03\/Ikke-navngivet-2-1.jpg 1000w, https:\/\/plant-supervision.com\/wp-content\/uploads\/2024\/03\/Ikke-navngivet-2-1-300x113.jpg 300w, https:\/\/plant-supervision.com\/wp-content\/uploads\/2024\/03\/Ikke-navngivet-2-1-768x288.jpg 768w\" sizes=\"(max-width: 800px) 100vw, 800px\" \/>\t\t\t\t\t\t\t\t\t\t\t\t\t\t\t<\/div>\n\t\t\t\t<\/div>\n\t\t\t\t<div class=\"elementor-element elementor-element-72a08c9d elementor-widget elementor-widget-text-editor\" data-id=\"72a08c9d\" data-element_type=\"widget\" data-e-type=\"widget\" data-widget_type=\"text-editor.default\">\n\t\t\t\t<div class=\"elementor-widget-container\">\n\t\t\t\t\t\t\t\t\t<p><strong>Slip din indre opdagelsesrejsende l\u00f8s: Henriks eventyr<\/strong><\/p><p>Gennem sin karriere har Henrik arbejdet i 25 lande og oplevet mere, end de fleste nogensinde f\u00e5r mulighed for.<\/p><p>Han har arbejdet overalt \u2013 fra de afsides jungleomr\u00e5der i \u00f8st til de pulserende storbyer i vest og opfordrer andre til at pr\u00f8ve det samme. For ham betyder alder intet.<\/p><p>&#8211; \u201c<em>Det er ligegyldigt, om du er 25 eller 55. Du kan altid pr\u00f8ve det i en periode og se, om det er noget for dig. N\u00e5r Plant Supervision tager sig af de administrative opgaver, bliver det nemmere bare at tage springet <\/em>\u201d<\/p>\t\t\t\t\t\t\t\t<\/div>\n\t\t\t\t<\/div>\n\t\t\t\t\t<\/div>\n\t\t\t\t<\/div>\n\t\t<div class=\"elementor-element elementor-element-5f00545 e-flex e-con-boxed e-con e-parent\" data-id=\"5f00545\" data-element_type=\"container\" data-e-type=\"container\" data-settings=\"{&quot;background_background&quot;:&quot;classic&quot;,&quot;jet_parallax_layout_list&quot;:[]}\">\n\t\t\t\t\t<div class=\"e-con-inner\">\n\t\t\t\t<div class=\"elementor-element elementor-element-1300d00 elementor-widget elementor-widget-heading\" data-id=\"1300d00\" data-element_type=\"widget\" data-e-type=\"widget\" data-widget_type=\"heading.default\">\n\t\t\t\t<div class=\"elementor-widget-container\">\n\t\t\t\t\t<h2 class=\"elementor-heading-title elementor-size-default\">Upload dit CV<\/h2>\t\t\t\t<\/div>\n\t\t\t\t<\/div>\n\t\t\t\t<div class=\"elementor-element elementor-element-347c4ef elementor-widget elementor-widget-text-editor\" data-id=\"347c4ef\" data-element_type=\"widget\" data-e-type=\"widget\" data-widget_type=\"text-editor.default\">\n\t\t\t\t<div class=\"elementor-widget-container\">\n\t\t\t\t\t\t\t\t\t<p>Vi s\u00f8ger altid motiverede og talentfulde medarbejdere, der er klar til at tage del i sp\u00e6ndende projekter i Danmark og verden over. Hvis du har lyst til at v\u00e6re en del af et team, hvor faglighed og stolthed g\u00e5r h\u00e5nd i h\u00e5nd, vil vi meget gerne h\u00f8re fra dig. <\/p>\t\t\t\t\t\t\t\t<\/div>\n\t\t\t\t<\/div>\n\t\t\t\t<div class=\"elementor-element elementor-element-62d0508 elementor-widget elementor-widget-button\" data-id=\"62d0508\" data-element_type=\"widget\" data-e-type=\"widget\" data-widget_type=\"button.default\">\n\t\t\t\t<div class=\"elementor-widget-container\">\n\t\t\t\t\t\t\t\t\t<div class=\"elementor-button-wrapper\">\n\t\t\t\t\t<a class=\"elementor-button elementor-button-link elementor-size-sm\" href=\"https:\/\/plant-supervision.com\/da\/bliv-en-del-af-plant-supervision\/upload-cv\/\">\n\t\t\t\t\t\t<span class=\"elementor-button-content-wrapper\">\n\t\t\t\t\t\t\t\t\t<span class=\"elementor-button-text\">Ans\u00f8g her<\/span>\n\t\t\t\t\t<\/span>\n\t\t\t\t\t<\/a>\n\t\t\t\t<\/div>\n\t\t\t\t\t\t\t\t<\/div>\n\t\t\t\t<\/div>\n\t\t\t\t\t<\/div>\n\t\t\t\t<\/div>\n\t\t\t\t<\/div>\n\t\t","protected":false},"excerpt":{"rendered":"<p>Henriks sp\u00e6ndende karriere som supervisor hos Plant Supervision Siden han sluttede sig til Plant Supervision i 2016, har Henrik begivet sig ud p\u00e5 en bem\u00e6rkelsesv\u00e6rdig rejse, hvor han har superviseret projekter i flere tunge industrier over hele verden. Henriks nomadiske livsstil begyndte f\u00f8rste gang i 1992, men blev sat p\u00e5 pause efter fire \u00e5r p\u00e5 [&hellip;]<\/p>\n","protected":false},"author":1,"featured_media":3367,"parent":9157,"menu_order":0,"comment_status":"closed","ping_status":"closed","template":"","meta":{"content-type":"","footnotes":""},"class_list":["post-9159","page","type-page","status-publish","has-post-thumbnail","hentry"],"yoast_head":"<!-- This site is optimized with the Yoast SEO plugin v27.4 - https:\/\/yoast.com\/product\/yoast-seo-wordpress\/ -->\n<title>Henriks sp\u00e6ndende karriere hos Plant Supervision \u2013 L\u00e6s historien<\/title>\n<meta name=\"description\" content=\"L\u00e6s den f\u00e6ngslende historie om vores ingeni\u00f8r Henrik og hans rejse mod at udforske verden, \u00e9t projekt ad gangen.\" \/>\n<meta name=\"robots\" content=\"index, follow, max-snippet:-1, max-image-preview:large, max-video-preview:-1\" \/>\n<link rel=\"canonical\" href=\"https:\/\/plant-supervision.com\/da\/bliv-en-del-af-plant-supervision\/medarbejderhistorier\/udforskning-af-verden-et-projekt-ad-gangen-henriks-spaendende-karriere-som-supervisor-hos-plant-supervision\/\" \/>\n<meta property=\"og:locale\" content=\"da_DK\" \/>\n<meta property=\"og:type\" content=\"article\" \/>\n<meta property=\"og:title\" content=\"Henriks sp\u00e6ndende karriere hos Plant Supervision \u2013 L\u00e6s historien\" \/>\n<meta property=\"og:description\" content=\"L\u00e6s den f\u00e6ngslende historie om vores ingeni\u00f8r Henrik og hans rejse mod at udforske verden, \u00e9t projekt ad gangen.\" \/>\n<meta property=\"og:url\" content=\"https:\/\/plant-supervision.com\/da\/bliv-en-del-af-plant-supervision\/medarbejderhistorier\/udforskning-af-verden-et-projekt-ad-gangen-henriks-spaendende-karriere-som-supervisor-hos-plant-supervision\/\" \/>\n<meta property=\"og:site_name\" content=\"Plant Supervision\" \/>\n<meta property=\"article:modified_time\" content=\"2025-06-30T12:47:49+00:00\" \/>\n<meta property=\"og:image\" content=\"https:\/\/plant-supervision.com\/wp-content\/uploads\/2024\/03\/Header-12.jpg\" \/>\n\t<meta property=\"og:image:width\" content=\"1350\" \/>\n\t<meta property=\"og:image:height\" content=\"560\" \/>\n\t<meta property=\"og:image:type\" content=\"image\/jpeg\" \/>\n<meta name=\"twitter:card\" content=\"summary_large_image\" \/>\n<meta name=\"twitter:label1\" content=\"Estimeret l\u00e6setid\" \/>\n\t<meta name=\"twitter:data1\" content=\"2 minutter\" \/>\n<script type=\"application\/ld+json\" class=\"yoast-schema-graph\">{\"@context\":\"https:\\\/\\\/schema.org\",\"@graph\":[{\"@type\":\"WebPage\",\"@id\":\"https:\\\/\\\/plant-supervision.com\\\/da\\\/bliv-en-del-af-plant-supervision\\\/medarbejderhistorier\\\/udforskning-af-verden-et-projekt-ad-gangen-henriks-spaendende-karriere-som-supervisor-hos-plant-supervision\\\/\",\"url\":\"https:\\\/\\\/plant-supervision.com\\\/da\\\/bliv-en-del-af-plant-supervision\\\/medarbejderhistorier\\\/udforskning-af-verden-et-projekt-ad-gangen-henriks-spaendende-karriere-som-supervisor-hos-plant-supervision\\\/\",\"name\":\"Henriks sp\u00e6ndende karriere hos Plant Supervision \u2013 L\u00e6s historien\",\"isPartOf\":{\"@id\":\"https:\\\/\\\/plantsupervision.web07.tigermedia.eu\\\/#website\"},\"primaryImageOfPage\":{\"@id\":\"https:\\\/\\\/plant-supervision.com\\\/da\\\/bliv-en-del-af-plant-supervision\\\/medarbejderhistorier\\\/udforskning-af-verden-et-projekt-ad-gangen-henriks-spaendende-karriere-som-supervisor-hos-plant-supervision\\\/#primaryimage\"},\"image\":{\"@id\":\"https:\\\/\\\/plant-supervision.com\\\/da\\\/bliv-en-del-af-plant-supervision\\\/medarbejderhistorier\\\/udforskning-af-verden-et-projekt-ad-gangen-henriks-spaendende-karriere-som-supervisor-hos-plant-supervision\\\/#primaryimage\"},\"thumbnailUrl\":\"https:\\\/\\\/plant-supervision.com\\\/wp-content\\\/uploads\\\/2024\\\/03\\\/Header-12.jpg\",\"datePublished\":\"2024-03-13T13:34:12+00:00\",\"dateModified\":\"2025-06-30T12:47:49+00:00\",\"description\":\"L\u00e6s den f\u00e6ngslende historie om vores ingeni\u00f8r Henrik og hans rejse mod at udforske verden, \u00e9t projekt ad gangen.\",\"breadcrumb\":{\"@id\":\"https:\\\/\\\/plant-supervision.com\\\/da\\\/bliv-en-del-af-plant-supervision\\\/medarbejderhistorier\\\/udforskning-af-verden-et-projekt-ad-gangen-henriks-spaendende-karriere-som-supervisor-hos-plant-supervision\\\/#breadcrumb\"},\"inLanguage\":\"da-DK\",\"potentialAction\":[{\"@type\":\"ReadAction\",\"target\":[\"https:\\\/\\\/plant-supervision.com\\\/da\\\/bliv-en-del-af-plant-supervision\\\/medarbejderhistorier\\\/udforskning-af-verden-et-projekt-ad-gangen-henriks-spaendende-karriere-som-supervisor-hos-plant-supervision\\\/\"]}]},{\"@type\":\"ImageObject\",\"inLanguage\":\"da-DK\",\"@id\":\"https:\\\/\\\/plant-supervision.com\\\/da\\\/bliv-en-del-af-plant-supervision\\\/medarbejderhistorier\\\/udforskning-af-verden-et-projekt-ad-gangen-henriks-spaendende-karriere-som-supervisor-hos-plant-supervision\\\/#primaryimage\",\"url\":\"https:\\\/\\\/plant-supervision.com\\\/wp-content\\\/uploads\\\/2024\\\/03\\\/Header-12.jpg\",\"contentUrl\":\"https:\\\/\\\/plant-supervision.com\\\/wp-content\\\/uploads\\\/2024\\\/03\\\/Header-12.jpg\",\"width\":1350,\"height\":560,\"caption\":\"Henrik Overgaard, Supervisor.\"},{\"@type\":\"BreadcrumbList\",\"@id\":\"https:\\\/\\\/plant-supervision.com\\\/da\\\/bliv-en-del-af-plant-supervision\\\/medarbejderhistorier\\\/udforskning-af-verden-et-projekt-ad-gangen-henriks-spaendende-karriere-som-supervisor-hos-plant-supervision\\\/#breadcrumb\",\"itemListElement\":[{\"@type\":\"ListItem\",\"position\":1,\"name\":\"Home\",\"item\":\"https:\\\/\\\/plant-supervision.com\\\/da\\\/forside\\\/\"},{\"@type\":\"ListItem\",\"position\":2,\"name\":\"Karriere\",\"item\":\"https:\\\/\\\/plant-supervision.com\\\/da\\\/bliv-en-del-af-plant-supervision\\\/\"},{\"@type\":\"ListItem\",\"position\":3,\"name\":\"Medarbejderhistorier\",\"item\":\"https:\\\/\\\/plant-supervision.com\\\/da\\\/bliv-en-del-af-plant-supervision\\\/medarbejderhistorier\\\/\"},{\"@type\":\"ListItem\",\"position\":4,\"name\":\"Udforsk af verden, \u00e9t projekt ad gangen: Henriks sp\u00e6ndende karriere som supervisor hos Plant Supervision\"}]},{\"@type\":\"WebSite\",\"@id\":\"https:\\\/\\\/plantsupervision.web07.tigermedia.eu\\\/#website\",\"url\":\"https:\\\/\\\/plantsupervision.web07.tigermedia.eu\\\/\",\"name\":\"Plant Supervision\",\"description\":\"\",\"publisher\":{\"@id\":\"https:\\\/\\\/plantsupervision.web07.tigermedia.eu\\\/#organization\"},\"potentialAction\":[{\"@type\":\"SearchAction\",\"target\":{\"@type\":\"EntryPoint\",\"urlTemplate\":\"https:\\\/\\\/plantsupervision.web07.tigermedia.eu\\\/?s={search_term_string}\"},\"query-input\":{\"@type\":\"PropertyValueSpecification\",\"valueRequired\":true,\"valueName\":\"search_term_string\"}}],\"inLanguage\":\"da-DK\"},{\"@type\":\"Organization\",\"@id\":\"https:\\\/\\\/plantsupervision.web07.tigermedia.eu\\\/#organization\",\"name\":\"Plant Supervision\",\"url\":\"https:\\\/\\\/plantsupervision.web07.tigermedia.eu\\\/\",\"logo\":{\"@type\":\"ImageObject\",\"inLanguage\":\"da-DK\",\"@id\":\"https:\\\/\\\/plantsupervision.web07.tigermedia.eu\\\/#\\\/schema\\\/logo\\\/image\\\/\",\"url\":\"https:\\\/\\\/plant-supervision.com\\\/wp-content\\\/uploads\\\/2023\\\/11\\\/ps_logo_blue.svg\",\"contentUrl\":\"https:\\\/\\\/plant-supervision.com\\\/wp-content\\\/uploads\\\/2023\\\/11\\\/ps_logo_blue.svg\",\"width\":549,\"height\":121,\"caption\":\"Plant Supervision\"},\"image\":{\"@id\":\"https:\\\/\\\/plantsupervision.web07.tigermedia.eu\\\/#\\\/schema\\\/logo\\\/image\\\/\"},\"sameAs\":[\"https:\\\/\\\/www.linkedin.com\\\/company\\\/plant-supervision\\\/\"]}]}<\/script>\n<!-- \/ Yoast SEO plugin. -->","yoast_head_json":{"title":"Henriks sp\u00e6ndende karriere hos Plant Supervision \u2013 L\u00e6s historien","description":"L\u00e6s den f\u00e6ngslende historie om vores ingeni\u00f8r Henrik og hans rejse mod at udforske verden, \u00e9t projekt ad gangen.","robots":{"index":"index","follow":"follow","max-snippet":"max-snippet:-1","max-image-preview":"max-image-preview:large","max-video-preview":"max-video-preview:-1"},"canonical":"https:\/\/plant-supervision.com\/da\/bliv-en-del-af-plant-supervision\/medarbejderhistorier\/udforskning-af-verden-et-projekt-ad-gangen-henriks-spaendende-karriere-som-supervisor-hos-plant-supervision\/","og_locale":"da_DK","og_type":"article","og_title":"Henriks sp\u00e6ndende karriere hos Plant Supervision \u2013 L\u00e6s historien","og_description":"L\u00e6s den f\u00e6ngslende historie om vores ingeni\u00f8r Henrik og hans rejse mod at udforske verden, \u00e9t projekt ad gangen.","og_url":"https:\/\/plant-supervision.com\/da\/bliv-en-del-af-plant-supervision\/medarbejderhistorier\/udforskning-af-verden-et-projekt-ad-gangen-henriks-spaendende-karriere-som-supervisor-hos-plant-supervision\/","og_site_name":"Plant Supervision","article_modified_time":"2025-06-30T12:47:49+00:00","og_image":[{"width":1350,"height":560,"url":"https:\/\/plant-supervision.com\/wp-content\/uploads\/2024\/03\/Header-12.jpg","type":"image\/jpeg"}],"twitter_card":"summary_large_image","twitter_misc":{"Estimeret l\u00e6setid":"2 minutter"},"schema":{"@context":"https:\/\/schema.org","@graph":[{"@type":"WebPage","@id":"https:\/\/plant-supervision.com\/da\/bliv-en-del-af-plant-supervision\/medarbejderhistorier\/udforskning-af-verden-et-projekt-ad-gangen-henriks-spaendende-karriere-som-supervisor-hos-plant-supervision\/","url":"https:\/\/plant-supervision.com\/da\/bliv-en-del-af-plant-supervision\/medarbejderhistorier\/udforskning-af-verden-et-projekt-ad-gangen-henriks-spaendende-karriere-som-supervisor-hos-plant-supervision\/","name":"Henriks sp\u00e6ndende karriere hos Plant Supervision \u2013 L\u00e6s historien","isPartOf":{"@id":"https:\/\/plantsupervision.web07.tigermedia.eu\/#website"},"primaryImageOfPage":{"@id":"https:\/\/plant-supervision.com\/da\/bliv-en-del-af-plant-supervision\/medarbejderhistorier\/udforskning-af-verden-et-projekt-ad-gangen-henriks-spaendende-karriere-som-supervisor-hos-plant-supervision\/#primaryimage"},"image":{"@id":"https:\/\/plant-supervision.com\/da\/bliv-en-del-af-plant-supervision\/medarbejderhistorier\/udforskning-af-verden-et-projekt-ad-gangen-henriks-spaendende-karriere-som-supervisor-hos-plant-supervision\/#primaryimage"},"thumbnailUrl":"https:\/\/plant-supervision.com\/wp-content\/uploads\/2024\/03\/Header-12.jpg","datePublished":"2024-03-13T13:34:12+00:00","dateModified":"2025-06-30T12:47:49+00:00","description":"L\u00e6s den f\u00e6ngslende historie om vores ingeni\u00f8r Henrik og hans rejse mod at udforske verden, \u00e9t projekt ad gangen.","breadcrumb":{"@id":"https:\/\/plant-supervision.com\/da\/bliv-en-del-af-plant-supervision\/medarbejderhistorier\/udforskning-af-verden-et-projekt-ad-gangen-henriks-spaendende-karriere-som-supervisor-hos-plant-supervision\/#breadcrumb"},"inLanguage":"da-DK","potentialAction":[{"@type":"ReadAction","target":["https:\/\/plant-supervision.com\/da\/bliv-en-del-af-plant-supervision\/medarbejderhistorier\/udforskning-af-verden-et-projekt-ad-gangen-henriks-spaendende-karriere-som-supervisor-hos-plant-supervision\/"]}]},{"@type":"ImageObject","inLanguage":"da-DK","@id":"https:\/\/plant-supervision.com\/da\/bliv-en-del-af-plant-supervision\/medarbejderhistorier\/udforskning-af-verden-et-projekt-ad-gangen-henriks-spaendende-karriere-som-supervisor-hos-plant-supervision\/#primaryimage","url":"https:\/\/plant-supervision.com\/wp-content\/uploads\/2024\/03\/Header-12.jpg","contentUrl":"https:\/\/plant-supervision.com\/wp-content\/uploads\/2024\/03\/Header-12.jpg","width":1350,"height":560,"caption":"Henrik Overgaard, Supervisor."},{"@type":"BreadcrumbList","@id":"https:\/\/plant-supervision.com\/da\/bliv-en-del-af-plant-supervision\/medarbejderhistorier\/udforskning-af-verden-et-projekt-ad-gangen-henriks-spaendende-karriere-som-supervisor-hos-plant-supervision\/#breadcrumb","itemListElement":[{"@type":"ListItem","position":1,"name":"Home","item":"https:\/\/plant-supervision.com\/da\/forside\/"},{"@type":"ListItem","position":2,"name":"Karriere","item":"https:\/\/plant-supervision.com\/da\/bliv-en-del-af-plant-supervision\/"},{"@type":"ListItem","position":3,"name":"Medarbejderhistorier","item":"https:\/\/plant-supervision.com\/da\/bliv-en-del-af-plant-supervision\/medarbejderhistorier\/"},{"@type":"ListItem","position":4,"name":"Udforsk af verden, \u00e9t projekt ad gangen: Henriks sp\u00e6ndende karriere som supervisor hos Plant Supervision"}]},{"@type":"WebSite","@id":"https:\/\/plantsupervision.web07.tigermedia.eu\/#website","url":"https:\/\/plantsupervision.web07.tigermedia.eu\/","name":"Plant Supervision","description":"","publisher":{"@id":"https:\/\/plantsupervision.web07.tigermedia.eu\/#organization"},"potentialAction":[{"@type":"SearchAction","target":{"@type":"EntryPoint","urlTemplate":"https:\/\/plantsupervision.web07.tigermedia.eu\/?s={search_term_string}"},"query-input":{"@type":"PropertyValueSpecification","valueRequired":true,"valueName":"search_term_string"}}],"inLanguage":"da-DK"},{"@type":"Organization","@id":"https:\/\/plantsupervision.web07.tigermedia.eu\/#organization","name":"Plant Supervision","url":"https:\/\/plantsupervision.web07.tigermedia.eu\/","logo":{"@type":"ImageObject","inLanguage":"da-DK","@id":"https:\/\/plantsupervision.web07.tigermedia.eu\/#\/schema\/logo\/image\/","url":"https:\/\/plant-supervision.com\/wp-content\/uploads\/2023\/11\/ps_logo_blue.svg","contentUrl":"https:\/\/plant-supervision.com\/wp-content\/uploads\/2023\/11\/ps_logo_blue.svg","width":549,"height":121,"caption":"Plant Supervision"},"image":{"@id":"https:\/\/plantsupervision.web07.tigermedia.eu\/#\/schema\/logo\/image\/"},"sameAs":["https:\/\/www.linkedin.com\/company\/plant-supervision\/"]}]}},"_links":{"self":[{"href":"https:\/\/plant-supervision.com\/da\/wp-json\/wp\/v2\/pages\/9159","targetHints":{"allow":["GET"]}}],"collection":[{"href":"https:\/\/plant-supervision.com\/da\/wp-json\/wp\/v2\/pages"}],"about":[{"href":"https:\/\/plant-supervision.com\/da\/wp-json\/wp\/v2\/types\/page"}],"author":[{"embeddable":true,"href":"https:\/\/plant-supervision.com\/da\/wp-json\/wp\/v2\/users\/1"}],"replies":[{"embeddable":true,"href":"https:\/\/plant-supervision.com\/da\/wp-json\/wp\/v2\/comments?post=9159"}],"version-history":[{"count":4,"href":"https:\/\/plant-supervision.com\/da\/wp-json\/wp\/v2\/pages\/9159\/revisions"}],"predecessor-version":[{"id":11512,"href":"https:\/\/plant-supervision.com\/da\/wp-json\/wp\/v2\/pages\/9159\/revisions\/11512"}],"up":[{"embeddable":true,"href":"https:\/\/plant-supervision.com\/da\/wp-json\/wp\/v2\/pages\/9157"}],"wp:featuredmedia":[{"embeddable":true,"href":"https:\/\/plant-supervision.com\/da\/wp-json\/wp\/v2\/media\/3367"}],"wp:attachment":[{"href":"https:\/\/plant-supervision.com\/da\/wp-json\/wp\/v2\/media?parent=9159"}],"curies":[{"name":"wp","href":"https:\/\/api.w.org\/{rel}","templated":true}]}}