{"id":16348,"date":"2026-02-12T07:01:24","date_gmt":"2026-02-12T07:01:24","guid":{"rendered":"https:\/\/plant-supervision.com\/faa-et-kandidatforslag-inden-for-48-timer\/"},"modified":"2026-02-18T10:39:15","modified_gmt":"2026-02-18T10:39:15","slug":"faa-et-kandidatforslag-inden-for-48-timer","status":"publish","type":"page","link":"https:\/\/plant-supervision.com\/da\/faa-et-kandidatforslag-inden-for-48-timer\/","title":{"rendered":"F\u00e5 et kandidatforslag inden for 48 timer"},"content":{"rendered":"\t\t<div data-elementor-type=\"wp-page\" data-elementor-id=\"16348\" class=\"elementor elementor-16348 elementor-16305\" data-elementor-post-type=\"page\">\n\t\t\t\t<div class=\"elementor-element elementor-element-e7d0ca1 e-flex e-con-boxed e-con e-parent\" data-id=\"e7d0ca1\" data-element_type=\"container\" data-e-type=\"container\" data-settings=\"{&quot;jet_parallax_layout_list&quot;:[]}\">\n\t\t\t\t\t<div class=\"e-con-inner\">\n\t\t<div class=\"elementor-element elementor-element-626922b e-con-full e-flex e-con e-child\" data-id=\"626922b\" data-element_type=\"container\" data-e-type=\"container\" data-settings=\"{&quot;jet_parallax_layout_list&quot;:[]}\">\n\t\t\t\t<div class=\"elementor-element elementor-element-24a3585 elementor-widget-divider--view-line elementor-widget elementor-widget-divider\" data-id=\"24a3585\" data-element_type=\"widget\" data-e-type=\"widget\" data-widget_type=\"divider.default\">\n\t\t\t\t<div class=\"elementor-widget-container\">\n\t\t\t\t\t\t\t<div class=\"elementor-divider\">\n\t\t\t<span class=\"elementor-divider-separator\">\n\t\t\t\t\t\t<\/span>\n\t\t<\/div>\n\t\t\t\t\t\t<\/div>\n\t\t\t\t<\/div>\n\t\t\t\t<div class=\"elementor-element elementor-element-083bc09 elementor-widget__width-initial elementor-widget elementor-widget-heading\" data-id=\"083bc09\" data-element_type=\"widget\" data-e-type=\"widget\" data-widget_type=\"heading.default\">\n\t\t\t\t<div class=\"elementor-widget-container\">\n\t\t\t\t\t<h2 class=\"elementor-heading-title elementor-size-default\">Modtag kvalificerede kandidater p\u00e5 48 timer<br><\/h2>\t\t\t\t<\/div>\n\t\t\t\t<\/div>\n\t\t\t\t<div class=\"elementor-element elementor-element-2cd359f elementor-hidden-desktop elementor-hidden-tablet_extra elementor-hidden-tablet elementor-widget elementor-widget-text-editor\" data-id=\"2cd359f\" data-element_type=\"widget\" data-e-type=\"widget\" data-widget_type=\"text-editor.default\">\n\t\t\t\t<div class=\"elementor-widget-container\">\n\t\t\t\t\t\t\t\t\t<p><strong>Udfyld formularen, s\u00e5 kontakter vi jer for at f\u00e5 flere oplysninger, f\u00f8r vi sender vores foresl\u00e5ede kandidater.<\/strong><\/p>\t\t\t\t\t\t\t\t<\/div>\n\t\t\t\t<\/div>\n\t\t\t\t<div class=\"elementor-element elementor-element-f047ced elementor-hidden-desktop elementor-hidden-tablet_extra elementor-hidden-tablet elementor-widget elementor-widget-html\" data-id=\"f047ced\" data-element_type=\"widget\" data-e-type=\"widget\" data-widget_type=\"html.default\">\n\t\t\t\t<div class=\"elementor-widget-container\">\n\t\t\t\t\t<script src=\"https:\/\/js.hsforms.net\/forms\/embed\/6991592.js\" defer><\/script>\n<div class=\"hs-form-frame\" data-region=\"na1\" data-form-id=\"40b5b76c-92cc-473b-a166-a3fae30e3978\" data-portal-id=\"6991592\"><\/div>\t\t\t\t<\/div>\n\t\t\t\t<\/div>\n\t\t\t\t<div class=\"elementor-element elementor-element-f494cc0 elementor-widget elementor-widget-heading\" data-id=\"f494cc0\" data-element_type=\"widget\" data-e-type=\"widget\" data-widget_type=\"heading.default\">\n\t\t\t\t<div class=\"elementor-widget-container\">\n\t\t\t\t\t<h3 class=\"elementor-heading-title elementor-size-default\">Erfarent personale uden langvarig proces<\/h3>\t\t\t\t<\/div>\n\t\t\t\t<\/div>\n\t\t\t\t<div class=\"elementor-element elementor-element-424cbec elementor-widget elementor-widget-text-editor\" data-id=\"424cbec\" data-element_type=\"widget\" data-e-type=\"widget\" data-widget_type=\"text-editor.default\">\n\t\t\t\t<div class=\"elementor-widget-container\">\n\t\t\t\t\t\t\t\t\t<p>Efter I har sendt formularen, vil en af vores projektledere kontakte jer for en kort snak om jeres projekt og udfordringer. Derefter udarbejder vi et fokuseret kandidatforslag inden for 48 timer. <\/p><p>Ingen generiske CV&#8217;er, kun relevante profiler, der matcher jeres behov for arbejdskraft. <\/p>\t\t\t\t\t\t\t\t<\/div>\n\t\t\t\t<\/div>\n\t\t\t\t<div class=\"elementor-element elementor-element-57ec077 elementor-hidden-mobile elementor-widget elementor-widget-text-editor\" data-id=\"57ec077\" data-element_type=\"widget\" data-e-type=\"widget\" data-widget_type=\"text-editor.default\">\n\t\t\t\t<div class=\"elementor-widget-container\">\n\t\t\t\t\t\t\t\t\t<p><strong>Udfyld formularen, og s\u00e5 tager vi den derfra.<\/strong><\/p>\t\t\t\t\t\t\t\t<\/div>\n\t\t\t\t<\/div>\n\t\t\t\t<\/div>\n\t\t<div class=\"elementor-element elementor-element-affce7c e-con-full elementor-hidden-mobile e-flex e-con e-child\" data-id=\"affce7c\" data-element_type=\"container\" data-e-type=\"container\" data-settings=\"{&quot;jet_parallax_layout_list&quot;:[]}\">\n\t\t\t\t<div class=\"elementor-element elementor-element-72c7c0b elementor-widget elementor-widget-heading\" data-id=\"72c7c0b\" data-element_type=\"widget\" data-e-type=\"widget\" data-widget_type=\"heading.default\">\n\t\t\t\t<div class=\"elementor-widget-container\">\n\t\t\t\t\t<h2 class=\"elementor-heading-title elementor-size-default\">Anmod om profiler<\/h2>\t\t\t\t<\/div>\n\t\t\t\t<\/div>\n\t\t\t\t<div class=\"elementor-element elementor-element-ff7e88b elementor-widget elementor-widget-html\" data-id=\"ff7e88b\" data-element_type=\"widget\" data-e-type=\"widget\" data-widget_type=\"html.default\">\n\t\t\t\t<div class=\"elementor-widget-container\">\n\t\t\t\t\t<script src=\"https:\/\/js.hsforms.net\/forms\/embed\/6991592.js\" defer><\/script>\n<div class=\"hs-form-frame\" data-region=\"na1\" data-form-id=\"40b5b76c-92cc-473b-a166-a3fae30e3978\" data-portal-id=\"6991592\"><\/div>\t\t\t\t<\/div>\n\t\t\t\t<\/div>\n\t\t\t\t<\/div>\n\t\t\t\t\t<\/div>\n\t\t\t\t<\/div>\n\t\t\t\t<\/div>\n\t\t","protected":false},"excerpt":{"rendered":"<p>Modtag kvalificerede kandidater p\u00e5 48 timer Udfyld formularen, s\u00e5 kontakter vi jer for at f\u00e5 flere oplysninger, f\u00f8r vi sender vores foresl\u00e5ede kandidater. Erfarent personale uden langvarig proces Efter I har sendt formularen, vil en af vores projektledere kontakte jer for en kort snak om jeres projekt og udfordringer. Derefter udarbejder vi et fokuseret kandidatforslag [&hellip;]<\/p>\n","protected":false},"author":1,"featured_media":16307,"parent":0,"menu_order":0,"comment_status":"closed","ping_status":"closed","template":"","meta":{"content-type":"","footnotes":""},"class_list":["post-16348","page","type-page","status-publish","has-post-thumbnail","hentry"],"yoast_head":"<!-- This site is optimized with the Yoast SEO plugin v27.4 - https:\/\/yoast.com\/product\/yoast-seo-wordpress\/ -->\n<title>Kontakt os og f\u00e5 tilsendt et kandidatforslag inden for 48 timer<\/title>\n<meta name=\"description\" content=\"Efter en kort introduktion til jeres projekt, st\u00e5r vi klar til at introducere en kandidat eller et helt team, som passer til jeres behov. Kom i kontakt her.\" \/>\n<meta name=\"robots\" content=\"index, follow, max-snippet:-1, max-image-preview:large, max-video-preview:-1\" \/>\n<link rel=\"canonical\" href=\"https:\/\/plant-supervision.com\/da\/faa-et-kandidatforslag-inden-for-48-timer\/\" \/>\n<meta property=\"og:locale\" content=\"da_DK\" \/>\n<meta property=\"og:type\" content=\"article\" \/>\n<meta property=\"og:title\" content=\"Kontakt os og f\u00e5 tilsendt et kandidatforslag inden for 48 timer\" \/>\n<meta property=\"og:description\" content=\"Efter en kort introduktion til jeres projekt, st\u00e5r vi klar til at introducere en kandidat eller et helt team, som passer til jeres behov. Kom i kontakt her.\" \/>\n<meta property=\"og:url\" content=\"https:\/\/plant-supervision.com\/da\/faa-et-kandidatforslag-inden-for-48-timer\/\" \/>\n<meta property=\"og:site_name\" content=\"Plant Supervision\" \/>\n<meta property=\"article:modified_time\" content=\"2026-02-18T10:39:15+00:00\" \/>\n<meta property=\"og:image\" content=\"https:\/\/plant-supervision.com\/wp-content\/uploads\/2026\/02\/Header.jpg\" \/>\n\t<meta property=\"og:image:width\" content=\"1350\" \/>\n\t<meta property=\"og:image:height\" content=\"560\" \/>\n\t<meta property=\"og:image:type\" content=\"image\/jpeg\" \/>\n<meta name=\"twitter:card\" content=\"summary_large_image\" \/>\n<script type=\"application\/ld+json\" class=\"yoast-schema-graph\">{\"@context\":\"https:\\\/\\\/schema.org\",\"@graph\":[{\"@type\":\"WebPage\",\"@id\":\"https:\\\/\\\/plant-supervision.com\\\/da\\\/faa-et-kandidatforslag-inden-for-48-timer\\\/\",\"url\":\"https:\\\/\\\/plant-supervision.com\\\/da\\\/faa-et-kandidatforslag-inden-for-48-timer\\\/\",\"name\":\"Kontakt os og f\u00e5 tilsendt et kandidatforslag inden for 48 timer\",\"isPartOf\":{\"@id\":\"https:\\\/\\\/plantsupervision.web07.tigermedia.eu\\\/#website\"},\"primaryImageOfPage\":{\"@id\":\"https:\\\/\\\/plant-supervision.com\\\/da\\\/faa-et-kandidatforslag-inden-for-48-timer\\\/#primaryimage\"},\"image\":{\"@id\":\"https:\\\/\\\/plant-supervision.com\\\/da\\\/faa-et-kandidatforslag-inden-for-48-timer\\\/#primaryimage\"},\"thumbnailUrl\":\"https:\\\/\\\/plant-supervision.com\\\/wp-content\\\/uploads\\\/2026\\\/02\\\/Header.jpg\",\"datePublished\":\"2026-02-12T07:01:24+00:00\",\"dateModified\":\"2026-02-18T10:39:15+00:00\",\"description\":\"Efter en kort introduktion til jeres projekt, st\u00e5r vi klar til at introducere en kandidat eller et helt team, som passer til jeres behov. Kom i kontakt her.\",\"breadcrumb\":{\"@id\":\"https:\\\/\\\/plant-supervision.com\\\/da\\\/faa-et-kandidatforslag-inden-for-48-timer\\\/#breadcrumb\"},\"inLanguage\":\"da-DK\",\"potentialAction\":[{\"@type\":\"ReadAction\",\"target\":[\"https:\\\/\\\/plant-supervision.com\\\/da\\\/faa-et-kandidatforslag-inden-for-48-timer\\\/\"]}]},{\"@type\":\"ImageObject\",\"inLanguage\":\"da-DK\",\"@id\":\"https:\\\/\\\/plant-supervision.com\\\/da\\\/faa-et-kandidatforslag-inden-for-48-timer\\\/#primaryimage\",\"url\":\"https:\\\/\\\/plant-supervision.com\\\/wp-content\\\/uploads\\\/2026\\\/02\\\/Header.jpg\",\"contentUrl\":\"https:\\\/\\\/plant-supervision.com\\\/wp-content\\\/uploads\\\/2026\\\/02\\\/Header.jpg\",\"width\":1350,\"height\":560,\"caption\":\"To commissioning engineers p\u00e5 et data center\"},{\"@type\":\"BreadcrumbList\",\"@id\":\"https:\\\/\\\/plant-supervision.com\\\/da\\\/faa-et-kandidatforslag-inden-for-48-timer\\\/#breadcrumb\",\"itemListElement\":[{\"@type\":\"ListItem\",\"position\":1,\"name\":\"Home\",\"item\":\"https:\\\/\\\/plant-supervision.com\\\/da\\\/forside\\\/\"},{\"@type\":\"ListItem\",\"position\":2,\"name\":\"F\u00e5 et kandidatforslag inden for 48 timer\"}]},{\"@type\":\"WebSite\",\"@id\":\"https:\\\/\\\/plantsupervision.web07.tigermedia.eu\\\/#website\",\"url\":\"https:\\\/\\\/plantsupervision.web07.tigermedia.eu\\\/\",\"name\":\"Plant Supervision\",\"description\":\"\",\"publisher\":{\"@id\":\"https:\\\/\\\/plantsupervision.web07.tigermedia.eu\\\/#organization\"},\"potentialAction\":[{\"@type\":\"SearchAction\",\"target\":{\"@type\":\"EntryPoint\",\"urlTemplate\":\"https:\\\/\\\/plantsupervision.web07.tigermedia.eu\\\/?s={search_term_string}\"},\"query-input\":{\"@type\":\"PropertyValueSpecification\",\"valueRequired\":true,\"valueName\":\"search_term_string\"}}],\"inLanguage\":\"da-DK\"},{\"@type\":\"Organization\",\"@id\":\"https:\\\/\\\/plantsupervision.web07.tigermedia.eu\\\/#organization\",\"name\":\"Plant Supervision\",\"url\":\"https:\\\/\\\/plantsupervision.web07.tigermedia.eu\\\/\",\"logo\":{\"@type\":\"ImageObject\",\"inLanguage\":\"da-DK\",\"@id\":\"https:\\\/\\\/plantsupervision.web07.tigermedia.eu\\\/#\\\/schema\\\/logo\\\/image\\\/\",\"url\":\"https:\\\/\\\/plant-supervision.com\\\/wp-content\\\/uploads\\\/2023\\\/11\\\/ps_logo_blue.svg\",\"contentUrl\":\"https:\\\/\\\/plant-supervision.com\\\/wp-content\\\/uploads\\\/2023\\\/11\\\/ps_logo_blue.svg\",\"width\":549,\"height\":121,\"caption\":\"Plant Supervision\"},\"image\":{\"@id\":\"https:\\\/\\\/plantsupervision.web07.tigermedia.eu\\\/#\\\/schema\\\/logo\\\/image\\\/\"},\"sameAs\":[\"https:\\\/\\\/www.linkedin.com\\\/company\\\/plant-supervision\\\/\"]}]}<\/script>\n<!-- \/ Yoast SEO plugin. -->","yoast_head_json":{"title":"Kontakt os og f\u00e5 tilsendt et kandidatforslag inden for 48 timer","description":"Efter en kort introduktion til jeres projekt, st\u00e5r vi klar til at introducere en kandidat eller et helt team, som passer til jeres behov. Kom i kontakt her.","robots":{"index":"index","follow":"follow","max-snippet":"max-snippet:-1","max-image-preview":"max-image-preview:large","max-video-preview":"max-video-preview:-1"},"canonical":"https:\/\/plant-supervision.com\/da\/faa-et-kandidatforslag-inden-for-48-timer\/","og_locale":"da_DK","og_type":"article","og_title":"Kontakt os og f\u00e5 tilsendt et kandidatforslag inden for 48 timer","og_description":"Efter en kort introduktion til jeres projekt, st\u00e5r vi klar til at introducere en kandidat eller et helt team, som passer til jeres behov. Kom i kontakt her.","og_url":"https:\/\/plant-supervision.com\/da\/faa-et-kandidatforslag-inden-for-48-timer\/","og_site_name":"Plant Supervision","article_modified_time":"2026-02-18T10:39:15+00:00","og_image":[{"width":1350,"height":560,"url":"https:\/\/plant-supervision.com\/wp-content\/uploads\/2026\/02\/Header.jpg","type":"image\/jpeg"}],"twitter_card":"summary_large_image","schema":{"@context":"https:\/\/schema.org","@graph":[{"@type":"WebPage","@id":"https:\/\/plant-supervision.com\/da\/faa-et-kandidatforslag-inden-for-48-timer\/","url":"https:\/\/plant-supervision.com\/da\/faa-et-kandidatforslag-inden-for-48-timer\/","name":"Kontakt os og f\u00e5 tilsendt et kandidatforslag inden for 48 timer","isPartOf":{"@id":"https:\/\/plantsupervision.web07.tigermedia.eu\/#website"},"primaryImageOfPage":{"@id":"https:\/\/plant-supervision.com\/da\/faa-et-kandidatforslag-inden-for-48-timer\/#primaryimage"},"image":{"@id":"https:\/\/plant-supervision.com\/da\/faa-et-kandidatforslag-inden-for-48-timer\/#primaryimage"},"thumbnailUrl":"https:\/\/plant-supervision.com\/wp-content\/uploads\/2026\/02\/Header.jpg","datePublished":"2026-02-12T07:01:24+00:00","dateModified":"2026-02-18T10:39:15+00:00","description":"Efter en kort introduktion til jeres projekt, st\u00e5r vi klar til at introducere en kandidat eller et helt team, som passer til jeres behov. Kom i kontakt her.","breadcrumb":{"@id":"https:\/\/plant-supervision.com\/da\/faa-et-kandidatforslag-inden-for-48-timer\/#breadcrumb"},"inLanguage":"da-DK","potentialAction":[{"@type":"ReadAction","target":["https:\/\/plant-supervision.com\/da\/faa-et-kandidatforslag-inden-for-48-timer\/"]}]},{"@type":"ImageObject","inLanguage":"da-DK","@id":"https:\/\/plant-supervision.com\/da\/faa-et-kandidatforslag-inden-for-48-timer\/#primaryimage","url":"https:\/\/plant-supervision.com\/wp-content\/uploads\/2026\/02\/Header.jpg","contentUrl":"https:\/\/plant-supervision.com\/wp-content\/uploads\/2026\/02\/Header.jpg","width":1350,"height":560,"caption":"To commissioning engineers p\u00e5 et data center"},{"@type":"BreadcrumbList","@id":"https:\/\/plant-supervision.com\/da\/faa-et-kandidatforslag-inden-for-48-timer\/#breadcrumb","itemListElement":[{"@type":"ListItem","position":1,"name":"Home","item":"https:\/\/plant-supervision.com\/da\/forside\/"},{"@type":"ListItem","position":2,"name":"F\u00e5 et kandidatforslag inden for 48 timer"}]},{"@type":"WebSite","@id":"https:\/\/plantsupervision.web07.tigermedia.eu\/#website","url":"https:\/\/plantsupervision.web07.tigermedia.eu\/","name":"Plant Supervision","description":"","publisher":{"@id":"https:\/\/plantsupervision.web07.tigermedia.eu\/#organization"},"potentialAction":[{"@type":"SearchAction","target":{"@type":"EntryPoint","urlTemplate":"https:\/\/plantsupervision.web07.tigermedia.eu\/?s={search_term_string}"},"query-input":{"@type":"PropertyValueSpecification","valueRequired":true,"valueName":"search_term_string"}}],"inLanguage":"da-DK"},{"@type":"Organization","@id":"https:\/\/plantsupervision.web07.tigermedia.eu\/#organization","name":"Plant Supervision","url":"https:\/\/plantsupervision.web07.tigermedia.eu\/","logo":{"@type":"ImageObject","inLanguage":"da-DK","@id":"https:\/\/plantsupervision.web07.tigermedia.eu\/#\/schema\/logo\/image\/","url":"https:\/\/plant-supervision.com\/wp-content\/uploads\/2023\/11\/ps_logo_blue.svg","contentUrl":"https:\/\/plant-supervision.com\/wp-content\/uploads\/2023\/11\/ps_logo_blue.svg","width":549,"height":121,"caption":"Plant Supervision"},"image":{"@id":"https:\/\/plantsupervision.web07.tigermedia.eu\/#\/schema\/logo\/image\/"},"sameAs":["https:\/\/www.linkedin.com\/company\/plant-supervision\/"]}]}},"_links":{"self":[{"href":"https:\/\/plant-supervision.com\/da\/wp-json\/wp\/v2\/pages\/16348","targetHints":{"allow":["GET"]}}],"collection":[{"href":"https:\/\/plant-supervision.com\/da\/wp-json\/wp\/v2\/pages"}],"about":[{"href":"https:\/\/plant-supervision.com\/da\/wp-json\/wp\/v2\/types\/page"}],"author":[{"embeddable":true,"href":"https:\/\/plant-supervision.com\/da\/wp-json\/wp\/v2\/users\/1"}],"replies":[{"embeddable":true,"href":"https:\/\/plant-supervision.com\/da\/wp-json\/wp\/v2\/comments?post=16348"}],"version-history":[{"count":5,"href":"https:\/\/plant-supervision.com\/da\/wp-json\/wp\/v2\/pages\/16348\/revisions"}],"predecessor-version":[{"id":16353,"href":"https:\/\/plant-supervision.com\/da\/wp-json\/wp\/v2\/pages\/16348\/revisions\/16353"}],"wp:featuredmedia":[{"embeddable":true,"href":"https:\/\/plant-supervision.com\/da\/wp-json\/wp\/v2\/media\/16307"}],"wp:attachment":[{"href":"https:\/\/plant-supervision.com\/da\/wp-json\/wp\/v2\/media?parent=16348"}],"curies":[{"name":"wp","href":"https:\/\/api.w.org\/{rel}","templated":true}]}}