{"id":15989,"date":"2025-12-22T14:08:07","date_gmt":"2025-12-22T14:08:07","guid":{"rendered":"https:\/\/plant-supervision.com\/erfaring-kan-ikke-laeres-moed-commissioning-engineer-christian-thorup\/"},"modified":"2026-01-09T12:27:44","modified_gmt":"2026-01-09T12:27:44","slug":"erfaring-kan-ikke-laeres-moed-commissioning-engineer-christian-thorup","status":"publish","type":"page","link":"https:\/\/plant-supervision.com\/da\/erfaring-kan-ikke-laeres-moed-commissioning-engineer-christian-thorup\/","title":{"rendered":"&#8220;Erfaring kan ikke l\u00e6res&#8221; \u2013 M\u00f8d Commissioning Engineer Christian Thorup"},"content":{"rendered":"\t\t<div data-elementor-type=\"wp-page\" data-elementor-id=\"15989\" class=\"elementor elementor-15989 elementor-15927\" data-elementor-post-type=\"page\">\n\t\t\t\t<div class=\"elementor-element elementor-element-1826f7c7 e-flex e-con-boxed e-con e-parent\" data-id=\"1826f7c7\" data-element_type=\"container\" data-e-type=\"container\" data-settings=\"{&quot;jet_parallax_layout_list&quot;:[]}\">\n\t\t\t\t\t<div class=\"e-con-inner\">\n\t\t\t\t<div class=\"elementor-element elementor-element-3aa0d8ab elementor-widget elementor-widget-heading\" data-id=\"3aa0d8ab\" data-element_type=\"widget\" data-e-type=\"widget\" data-widget_type=\"heading.default\">\n\t\t\t\t<div class=\"elementor-widget-container\">\n\t\t\t\t\t<h2 class=\"elementor-heading-title elementor-size-default\">Christian Thorup: Erfaring kan ikke l\u00e6res<\/h2>\t\t\t\t<\/div>\n\t\t\t\t<\/div>\n\t\t\t\t<div class=\"elementor-element elementor-element-311f48b elementor-widget elementor-widget-image\" data-id=\"311f48b\" data-element_type=\"widget\" data-e-type=\"widget\" data-widget_type=\"image.default\">\n\t\t\t\t<div class=\"elementor-widget-container\">\n\t\t\t\t\t\t\t\t\t\t\t\t\t\t\t<img fetchpriority=\"high\" decoding=\"async\" width=\"800\" height=\"332\" src=\"https:\/\/plant-supervision.com\/wp-content\/uploads\/2025\/12\/coverbilleder-1-1024x425.png\" class=\"attachment-large size-large wp-image-15953\" alt=\"\" srcset=\"https:\/\/plant-supervision.com\/wp-content\/uploads\/2025\/12\/coverbilleder-1-1024x425.png 1024w, https:\/\/plant-supervision.com\/wp-content\/uploads\/2025\/12\/coverbilleder-1-300x124.png 300w, https:\/\/plant-supervision.com\/wp-content\/uploads\/2025\/12\/coverbilleder-1-768x319.png 768w, https:\/\/plant-supervision.com\/wp-content\/uploads\/2025\/12\/coverbilleder-1.png 1350w\" sizes=\"(max-width: 800px) 100vw, 800px\" \/>\t\t\t\t\t\t\t\t\t\t\t\t\t\t\t<\/div>\n\t\t\t\t<\/div>\n\t\t\t\t<div class=\"elementor-element elementor-element-23694450 elementor-widget elementor-widget-text-editor\" data-id=\"23694450\" data-element_type=\"widget\" data-e-type=\"widget\" data-widget_type=\"text-editor.default\">\n\t\t\t\t<div class=\"elementor-widget-container\">\n\t\t\t\t\t\t\t\t\t<p><em>N\u00e5r Christian Thorup tager telefonen og h\u00f8rer en velkendt stemme fra Plant Supervision i den anden ende, ved han godt, hvad der er i vente.<\/em><\/p><p><em>\u201dN\u00e5r de ringer og sp\u00f8rger, om jeg vil hj\u00e6lpe med et nyt projekt, kan jeg simpelthen ikke sige nej.\u201d<\/em><\/p><p><strong>Endte op det rette sted<\/strong><\/p><p>Efter n\u00e6sten 40 \u00e5r i den tekniske branche har Christian oplevet lidt af hvert \u2013 byggepladser, fabrikker og alle t\u00e6nkelige commissioning-udfordringer. <br>Karrieren begyndte hos Aalborg Portland i 1980\u2019erne, og senere gik turen til FLSmidth, hvor han arbejdede i over ti \u00e5r, f\u00f8r han sadlede helt om og blev b\u00e5dbygger.<br>Men i 2014, da Christian inds\u00e5, at b\u00e5dbyggeri alligevel ikke var hans kald, vendte han tilbage til sit oprindelige fag og blev en del af Plant Supervision. <\/p><p>\u201dJeg har altid godt kunnet lide at komme nye steder hen og v\u00e6re med til at starte nye anl\u00e6g op fra bunden. Hver fabrik er forskellig, og hver udfordring unik. Det kan man ikke l\u00e6se sig til \u2013 det l\u00e6rer man kun gennem erfaring. Og det er netop det, der g\u00f8r os garvede specialister s\u00e5 eftertragtede.\u201d<\/p><p>I dag arbejder Christian som Commissioning Engineer og var for nyligt en del af et firmands-hold, der d\u00e6kker d\u00f8gnvagter p\u00e5 et kalkv\u00e6rksprojekt i Portugal. Arbejdsrytmen er struktureret og rimelig: otte dage p\u00e5 vagt, to dage fri. Denne model er langt fra de udmattende 12-timers vagter, der engang var normen, fort\u00e6ller han. <\/p><p><strong>Anerkendelse g\u00f8r forskellen<\/strong><\/p><p>Men for Christian handler det ikke kun om arbejdet. Det handler ogs\u00e5 om, hvordan man bliver behandlet. <br>\u201dPlant Supervision passer godt p\u00e5 os. Da jeg var i Portugal, s\u00f8rgede de endda for, at min kone kunne komme ned og bes\u00f8ge mig, p\u00e5 deres regning. S\u00e5dan noget glemmer man ikke. Man f\u00f8ler sig v\u00e6rdsat.\u201d<\/p><p>Som erfaren supervisor s\u00e6tter han ogs\u00e5 pris p\u00e5 den frihed, jobbet giver.<br>\u201dDet gode ved at arbejde p\u00e5 kontrakt er, at man kan sige nej. Du v\u00e6lger selv destinationer, projektindhold og varighed. Men sandheden er, at jeg sj\u00e6ldent siger nej,\u201d griner han.<\/p><p>Opdag flere medarbejderhistorier <a href=\"https:\/\/plant-supervision.com\/da\/bliv-en-del-af-plant-supervision\/medarbejderhistorier\/\">her<\/a>. <\/p>\t\t\t\t\t\t\t\t<\/div>\n\t\t\t\t<\/div>\n\t\t\t\t<div class=\"elementor-element elementor-element-38e694f3 elementor-widget elementor-widget-image\" data-id=\"38e694f3\" data-element_type=\"widget\" data-e-type=\"widget\" data-widget_type=\"image.default\">\n\t\t\t\t<div class=\"elementor-widget-container\">\n\t\t\t\t\t\t\t\t\t\t\t\t\t\t\t<img decoding=\"async\" width=\"1920\" height=\"1920\" src=\"https:\/\/plant-supervision.com\/wp-content\/uploads\/2025\/12\/Christian-Thorup-1.jpg\" class=\"attachment-full size-full wp-image-15956\" alt=\"\" srcset=\"https:\/\/plant-supervision.com\/wp-content\/uploads\/2025\/12\/Christian-Thorup-1.jpg 1920w, https:\/\/plant-supervision.com\/wp-content\/uploads\/2025\/12\/Christian-Thorup-1-300x300.jpg 300w, https:\/\/plant-supervision.com\/wp-content\/uploads\/2025\/12\/Christian-Thorup-1-1024x1024.jpg 1024w, https:\/\/plant-supervision.com\/wp-content\/uploads\/2025\/12\/Christian-Thorup-1-150x150.jpg 150w, https:\/\/plant-supervision.com\/wp-content\/uploads\/2025\/12\/Christian-Thorup-1-768x768.jpg 768w, https:\/\/plant-supervision.com\/wp-content\/uploads\/2025\/12\/Christian-Thorup-1-1536x1536.jpg 1536w\" sizes=\"(max-width: 1920px) 100vw, 1920px\" \/>\t\t\t\t\t\t\t\t\t\t\t\t\t\t\t<\/div>\n\t\t\t\t<\/div>\n\t\t\t\t<div class=\"elementor-element elementor-element-70c8b0fa elementor-widget elementor-widget-text-editor\" data-id=\"70c8b0fa\" data-element_type=\"widget\" data-e-type=\"widget\" data-widget_type=\"text-editor.default\">\n\t\t\t\t<div class=\"elementor-widget-container\">\n\t\t\t\t\t\t\t\t\t<p><strong>Rejsefeber<\/strong><\/p><p>Mellem projekterne nyder Christian livet derhjemme i Danmark, indtil det n\u00e6ste opkald tikker ind. S\u00e5 g\u00e5r turen igen til lufthavnen, ud p\u00e5 pladsen og tilbage til det arbejde, han stadig elsker, selv efter alle disse \u00e5r.  <br>At holde kontakten med familien er nemmere end nogensinde. Han og konen taler sammen flere gange om ugen. Han husker dengang, hvor fax var den eneste kommunikationsmulighed, og afstanden f\u00f8ltes langt st\u00f8rre.  <\/p><p>Selvom han er fyldt 70, er entusiasmen intakt. I dag motiveres han ikke af pengene. N\u00e5r han bliver spurgt, hvad der s\u00e5 driver ham, svarer han, at det er sp\u00e6ndingen ved at opleve nye lande og s\u00e6tte nye anl\u00e6g i gang. L\u00f8nsedlen kommer i anden r\u00e6kke. Men n\u00e5r det er sagt, s\u00e5 er det i dag langt mere fordelagtigt at arbejde efter pensionsalderen, efter regeringen har \u00e6ndret pensionsreglerne, s\u00e5 l\u00f8nnen ikke l\u00e6ngere tr\u00e6kkes fra i folkepensionen p\u00e5 samme m\u00e5de.   <\/p><p>L\u00e6s mere om mulighederne for at arbejde hos Plant Supervision efter pensionsalderen <a href=\"https:\/\/plant-supervision.com\/da\/fortsaet-din-karriere-efter-pensionsalderen-paa-dine-egne-vilkaar\/\">her<\/a>. <\/p><p><strong>Bidt af livsstilen<\/strong><\/p><p>Christian husker engang, han stod i en malerbutik og skulle k\u00f8be maling til huset, da telefonen ringede. Det var hans kone med en besked fra chefen: \u201dDu skal til Thailand i aften.\u201d S\u00e5 penslerne m\u00e5tte blive liggende, og i stedet m\u00e5tte han finde sit pas frem.<br>En anden gang blev han sendt af sted p\u00e5 et treugers projekt i Italien, som endte med at vare 11 m\u00e5neder.    <\/p><p>S\u00e5dan er livet som interim commissioning engineer \u2013 fleksibelt og uforudsigeligt. Og det er netop det, der if\u00f8lge Christian g\u00f8r arbejdet sjovt. Han nyder is\u00e6r at v\u00e6re med i opstarten, hvor han kan g\u00f8re den st\u00f8rste forskel. <\/p><p>Han tilf\u00f8jer, at han altid har planlagt sit liv i fem\u00e5rige perioder. Efter fem \u00e5r er han ved at tr\u00e6nge til forandring. <\/p><p> <\/p>\t\t\t\t\t\t\t\t<\/div>\n\t\t\t\t<\/div>\n\t\t\t\t<div class=\"elementor-element elementor-element-8aea15c elementor-widget elementor-widget-image\" data-id=\"8aea15c\" data-element_type=\"widget\" data-e-type=\"widget\" data-widget_type=\"image.default\">\n\t\t\t\t<div class=\"elementor-widget-container\">\n\t\t\t\t\t\t\t\t\t\t\t\t\t\t\t<img decoding=\"async\" width=\"1920\" height=\"1080\" src=\"https:\/\/plant-supervision.com\/wp-content\/uploads\/2025\/12\/Thorup-hjelm.png\" class=\"attachment-full size-full wp-image-15962\" alt=\"\" srcset=\"https:\/\/plant-supervision.com\/wp-content\/uploads\/2025\/12\/Thorup-hjelm.png 1920w, https:\/\/plant-supervision.com\/wp-content\/uploads\/2025\/12\/Thorup-hjelm-300x169.png 300w, https:\/\/plant-supervision.com\/wp-content\/uploads\/2025\/12\/Thorup-hjelm-1024x576.png 1024w, https:\/\/plant-supervision.com\/wp-content\/uploads\/2025\/12\/Thorup-hjelm-768x432.png 768w, https:\/\/plant-supervision.com\/wp-content\/uploads\/2025\/12\/Thorup-hjelm-1536x864.png 1536w\" sizes=\"(max-width: 1920px) 100vw, 1920px\" \/>\t\t\t\t\t\t\t\t\t\t\t\t\t\t\t<\/div>\n\t\t\t\t<\/div>\n\t\t\t\t<div class=\"elementor-element elementor-element-058132b elementor-widget elementor-widget-text-editor\" data-id=\"058132b\" data-element_type=\"widget\" data-e-type=\"widget\" data-widget_type=\"text-editor.default\">\n\t\t\t\t<div class=\"elementor-widget-container\">\n\t\t\t\t\t\t\t\t\t<p><strong>Tryg med Plant Supervision i ryggen<\/strong><\/p><p>Selvom det tekniske arbejde foreg\u00e5r hos kunden, s\u00f8rger Plant Supervision for alt det praktiske: kontrakter, visa, adgangstilladelser, rejser, bolig og alt det l\u00f8se. Den tryghed betyder meget, n\u00e5r man er v\u00e6k hjemmefra. <\/p><p>Projektleder Thomas Kristensen har arbejdet sammen med Christian i flere \u00e5r og s\u00e6tter stor pris p\u00e5 b\u00e5de hans faglige indsats og gode hum\u00f8r:<\/p><p>\u201dChristian var faktisk g\u00e5et p\u00e5 pension, da vi overtalte ham til at starte hos os. Han rejser for os, n\u00e5r det passer ind i familielivet \u2013 og den fleksibilitet fungerer perfekt for begge parter. Han har en specialistviden, der er sv\u00e6r at finde, og han er en fantastisk kollega, vellidt af b\u00e5de kolleger og kunder.\u201d<\/p>\t\t\t\t\t\t\t\t<\/div>\n\t\t\t\t<\/div>\n\t\t\t\t<div class=\"elementor-element elementor-element-d011d69 elementor-widget elementor-widget-text-editor\" data-id=\"d011d69\" data-element_type=\"widget\" data-e-type=\"widget\" data-widget_type=\"text-editor.default\">\n\t\t\t\t<div class=\"elementor-widget-container\">\n\t\t\t\t\t\t\t\t\t<p><strong>Interesseret i at blive en del af vores team?<\/strong><\/p><p>Hvis du har sp\u00f8rgsm\u00e5l til at blive ansat som tekniker, ingeni\u00f8r eller supervisor hos Plant Supervision, er du velkommen til at <a href=\"https:\/\/plant-supervision.com\/da\/bliv-en-del-af-plant-supervision\/upload-cv\/\">uploade dit CV<\/a> eller kontakte:<\/p>\t\t\t\t\t\t\t\t<\/div>\n\t\t\t\t<\/div>\n\t\t<div class=\"elementor-element elementor-element-8edbe15 e-con-full e-flex e-con e-child\" data-id=\"8edbe15\" data-element_type=\"container\" data-e-type=\"container\" data-settings=\"{&quot;jet_parallax_layout_list&quot;:[]}\">\n\t\t\t\t<div class=\"elementor-element elementor-element-a7267bb elementor-widget elementor-widget-author-box\" data-id=\"a7267bb\" data-element_type=\"widget\" data-e-type=\"widget\" data-widget_type=\"author-box.default\">\n\t\t\t\t<div class=\"elementor-widget-container\">\n\t\t\t\t\t\t\t<div class=\"elementor-author-box\">\n\t\t\t\t\t\t\t<div  class=\"elementor-author-box__avatar\">\n\t\t\t\t\t<img decoding=\"async\" src=\"https:\/\/plant-supervision.com\/wp-content\/uploads\/2025\/06\/Niels-300x300.jpg\" alt=\"Author picture\" loading=\"lazy\">\n\t\t\t\t<\/div>\n\t\t\t\n\t\t\t<div class=\"elementor-author-box__text\">\n\t\t\t\t\n\t\t\t\t\n\t\t\t\t\t\t\t<\/div>\n\t\t<\/div>\n\t\t\t\t\t\t<\/div>\n\t\t\t\t<\/div>\n\t\t<div class=\"elementor-element elementor-element-8d7bcd4 e-con-full e-flex e-con e-child\" data-id=\"8d7bcd4\" data-element_type=\"container\" data-e-type=\"container\" data-settings=\"{&quot;jet_parallax_layout_list&quot;:[]}\">\n\t\t\t\t<div class=\"elementor-element elementor-element-e7f23d9 elementor-widget elementor-widget-text-editor\" data-id=\"e7f23d9\" data-element_type=\"widget\" data-e-type=\"widget\" data-widget_type=\"text-editor.default\">\n\t\t\t\t<div class=\"elementor-widget-container\">\n\t\t\t\t\t\t\t\t\t<p data-start=\"1749\" data-end=\"1894\"><strong data-start=\"1752\" data-end=\"1768\">Niels M\u00f8ller<\/strong><br data-start=\"1768\" data-end=\"1771\">Staffing &amp; Recruitment Consultant<br data-start=\"1806\" data-end=\"1809\"><a class=\"decorated-link cursor-pointer\" href=\"mailto:nmo@plantsupervision.com\" rel=\"noopener\" data-start=\"1812\" data-end=\"1871\">nmo@plant-supervision.com<\/a><br data-start=\"1871\" data-end=\"1874\">+45 3170 9862<\/p>\t\t\t\t\t\t\t\t<\/div>\n\t\t\t\t<\/div>\n\t\t\t\t<\/div>\n\t\t\t\t<\/div>\n\t\t\t\t\t<\/div>\n\t\t\t\t<\/div>\n\t\t\t\t<\/div>\n\t\t","protected":false},"excerpt":{"rendered":"<p>Christian Thorup: Erfaring kan ikke l\u00e6res N\u00e5r Christian Thorup tager telefonen og h\u00f8rer en velkendt stemme fra Plant Supervision i den anden ende, ved han godt, hvad der er i vente. \u201dN\u00e5r de ringer og sp\u00f8rger, om jeg vil hj\u00e6lpe med et nyt projekt, kan jeg simpelthen ikke sige nej.\u201d Endte op det rette sted [&hellip;]<\/p>\n","protected":false},"author":17,"featured_media":15953,"parent":0,"menu_order":0,"comment_status":"closed","ping_status":"closed","template":"","meta":{"content-type":"","footnotes":""},"class_list":["post-15989","page","type-page","status-publish","has-post-thumbnail","hentry"],"yoast_head":"<!-- This site is optimized with the Yoast SEO plugin v27.5 - https:\/\/yoast.com\/product\/yoast-seo-wordpress\/ -->\n<title>&quot;Erfaring kan ikke l\u00e6res&quot; \u2013 M\u00f8d Commissioning Engineer Christian Thorup -<\/title>\n<meta name=\"robots\" content=\"index, follow, max-snippet:-1, max-image-preview:large, max-video-preview:-1\" \/>\n<link rel=\"canonical\" href=\"https:\/\/plant-supervision.com\/da\/erfaring-kan-ikke-laeres-moed-commissioning-engineer-christian-thorup\/\" \/>\n<meta property=\"og:locale\" content=\"da_DK\" \/>\n<meta property=\"og:type\" content=\"article\" \/>\n<meta property=\"og:title\" content=\"&quot;Erfaring kan ikke l\u00e6res&quot; \u2013 M\u00f8d Commissioning Engineer Christian Thorup -\" \/>\n<meta property=\"og:description\" content=\"Christian Thorup: Erfaring kan ikke l\u00e6res N\u00e5r Christian Thorup tager telefonen og h\u00f8rer en velkendt stemme fra Plant Supervision i den anden ende, ved han godt, hvad der er i vente. \u201dN\u00e5r de ringer og sp\u00f8rger, om jeg vil hj\u00e6lpe med et nyt projekt, kan jeg simpelthen ikke sige nej.\u201d Endte op det rette sted [&hellip;]\" \/>\n<meta property=\"og:url\" content=\"https:\/\/plant-supervision.com\/da\/erfaring-kan-ikke-laeres-moed-commissioning-engineer-christian-thorup\/\" \/>\n<meta property=\"og:site_name\" content=\"Plant Supervision\" \/>\n<meta property=\"article:modified_time\" content=\"2026-01-09T12:27:44+00:00\" \/>\n<meta property=\"og:image\" content=\"https:\/\/plant-supervision.com\/wp-content\/uploads\/2025\/12\/coverbilleder-1.png\" \/>\n\t<meta property=\"og:image:width\" content=\"1350\" \/>\n\t<meta property=\"og:image:height\" content=\"560\" \/>\n\t<meta property=\"og:image:type\" content=\"image\/png\" \/>\n<meta name=\"twitter:card\" content=\"summary_large_image\" \/>\n<meta name=\"twitter:label1\" content=\"Estimeret l\u00e6setid\" \/>\n\t<meta name=\"twitter:data1\" content=\"4 minutter\" \/>\n<script type=\"application\/ld+json\" class=\"yoast-schema-graph\">{\"@context\":\"https:\\\/\\\/schema.org\",\"@graph\":[{\"@type\":\"WebPage\",\"@id\":\"https:\\\/\\\/plant-supervision.com\\\/da\\\/erfaring-kan-ikke-laeres-moed-commissioning-engineer-christian-thorup\\\/\",\"url\":\"https:\\\/\\\/plant-supervision.com\\\/da\\\/erfaring-kan-ikke-laeres-moed-commissioning-engineer-christian-thorup\\\/\",\"name\":\"\\\"Erfaring kan ikke l\u00e6res\\\" \u2013 M\u00f8d Commissioning Engineer Christian Thorup -\",\"isPartOf\":{\"@id\":\"https:\\\/\\\/plantsupervision.web07.tigermedia.eu\\\/#website\"},\"primaryImageOfPage\":{\"@id\":\"https:\\\/\\\/plant-supervision.com\\\/da\\\/erfaring-kan-ikke-laeres-moed-commissioning-engineer-christian-thorup\\\/#primaryimage\"},\"image\":{\"@id\":\"https:\\\/\\\/plant-supervision.com\\\/da\\\/erfaring-kan-ikke-laeres-moed-commissioning-engineer-christian-thorup\\\/#primaryimage\"},\"thumbnailUrl\":\"https:\\\/\\\/plant-supervision.com\\\/wp-content\\\/uploads\\\/2025\\\/12\\\/coverbilleder-1.png\",\"datePublished\":\"2025-12-22T14:08:07+00:00\",\"dateModified\":\"2026-01-09T12:27:44+00:00\",\"breadcrumb\":{\"@id\":\"https:\\\/\\\/plant-supervision.com\\\/da\\\/erfaring-kan-ikke-laeres-moed-commissioning-engineer-christian-thorup\\\/#breadcrumb\"},\"inLanguage\":\"da-DK\",\"potentialAction\":[{\"@type\":\"ReadAction\",\"target\":[\"https:\\\/\\\/plant-supervision.com\\\/da\\\/erfaring-kan-ikke-laeres-moed-commissioning-engineer-christian-thorup\\\/\"]}]},{\"@type\":\"ImageObject\",\"inLanguage\":\"da-DK\",\"@id\":\"https:\\\/\\\/plant-supervision.com\\\/da\\\/erfaring-kan-ikke-laeres-moed-commissioning-engineer-christian-thorup\\\/#primaryimage\",\"url\":\"https:\\\/\\\/plant-supervision.com\\\/wp-content\\\/uploads\\\/2025\\\/12\\\/coverbilleder-1.png\",\"contentUrl\":\"https:\\\/\\\/plant-supervision.com\\\/wp-content\\\/uploads\\\/2025\\\/12\\\/coverbilleder-1.png\",\"width\":1350,\"height\":560},{\"@type\":\"BreadcrumbList\",\"@id\":\"https:\\\/\\\/plant-supervision.com\\\/da\\\/erfaring-kan-ikke-laeres-moed-commissioning-engineer-christian-thorup\\\/#breadcrumb\",\"itemListElement\":[{\"@type\":\"ListItem\",\"position\":1,\"name\":\"Home\",\"item\":\"https:\\\/\\\/plant-supervision.com\\\/da\\\/forside\\\/\"},{\"@type\":\"ListItem\",\"position\":2,\"name\":\"&#8220;Erfaring kan ikke l\u00e6res&#8221; \u2013 M\u00f8d Commissioning Engineer Christian Thorup\"}]},{\"@type\":\"WebSite\",\"@id\":\"https:\\\/\\\/plantsupervision.web07.tigermedia.eu\\\/#website\",\"url\":\"https:\\\/\\\/plantsupervision.web07.tigermedia.eu\\\/\",\"name\":\"Plant Supervision\",\"description\":\"\",\"publisher\":{\"@id\":\"https:\\\/\\\/plantsupervision.web07.tigermedia.eu\\\/#organization\"},\"potentialAction\":[{\"@type\":\"SearchAction\",\"target\":{\"@type\":\"EntryPoint\",\"urlTemplate\":\"https:\\\/\\\/plantsupervision.web07.tigermedia.eu\\\/?s={search_term_string}\"},\"query-input\":{\"@type\":\"PropertyValueSpecification\",\"valueRequired\":true,\"valueName\":\"search_term_string\"}}],\"inLanguage\":\"da-DK\"},{\"@type\":\"Organization\",\"@id\":\"https:\\\/\\\/plantsupervision.web07.tigermedia.eu\\\/#organization\",\"name\":\"Plant Supervision\",\"url\":\"https:\\\/\\\/plantsupervision.web07.tigermedia.eu\\\/\",\"logo\":{\"@type\":\"ImageObject\",\"inLanguage\":\"da-DK\",\"@id\":\"https:\\\/\\\/plantsupervision.web07.tigermedia.eu\\\/#\\\/schema\\\/logo\\\/image\\\/\",\"url\":\"https:\\\/\\\/plant-supervision.com\\\/wp-content\\\/uploads\\\/2023\\\/11\\\/ps_logo_blue.svg\",\"contentUrl\":\"https:\\\/\\\/plant-supervision.com\\\/wp-content\\\/uploads\\\/2023\\\/11\\\/ps_logo_blue.svg\",\"width\":549,\"height\":121,\"caption\":\"Plant Supervision\"},\"image\":{\"@id\":\"https:\\\/\\\/plantsupervision.web07.tigermedia.eu\\\/#\\\/schema\\\/logo\\\/image\\\/\"},\"sameAs\":[\"https:\\\/\\\/www.linkedin.com\\\/company\\\/plant-supervision\\\/\"]}]}<\/script>\n<!-- \/ Yoast SEO plugin. -->","yoast_head_json":{"title":"\"Erfaring kan ikke l\u00e6res\" \u2013 M\u00f8d Commissioning Engineer Christian Thorup -","robots":{"index":"index","follow":"follow","max-snippet":"max-snippet:-1","max-image-preview":"max-image-preview:large","max-video-preview":"max-video-preview:-1"},"canonical":"https:\/\/plant-supervision.com\/da\/erfaring-kan-ikke-laeres-moed-commissioning-engineer-christian-thorup\/","og_locale":"da_DK","og_type":"article","og_title":"\"Erfaring kan ikke l\u00e6res\" \u2013 M\u00f8d Commissioning Engineer Christian Thorup -","og_description":"Christian Thorup: Erfaring kan ikke l\u00e6res N\u00e5r Christian Thorup tager telefonen og h\u00f8rer en velkendt stemme fra Plant Supervision i den anden ende, ved han godt, hvad der er i vente. \u201dN\u00e5r de ringer og sp\u00f8rger, om jeg vil hj\u00e6lpe med et nyt projekt, kan jeg simpelthen ikke sige nej.\u201d Endte op det rette sted [&hellip;]","og_url":"https:\/\/plant-supervision.com\/da\/erfaring-kan-ikke-laeres-moed-commissioning-engineer-christian-thorup\/","og_site_name":"Plant Supervision","article_modified_time":"2026-01-09T12:27:44+00:00","og_image":[{"width":1350,"height":560,"url":"https:\/\/plant-supervision.com\/wp-content\/uploads\/2025\/12\/coverbilleder-1.png","type":"image\/png"}],"twitter_card":"summary_large_image","twitter_misc":{"Estimeret l\u00e6setid":"4 minutter"},"schema":{"@context":"https:\/\/schema.org","@graph":[{"@type":"WebPage","@id":"https:\/\/plant-supervision.com\/da\/erfaring-kan-ikke-laeres-moed-commissioning-engineer-christian-thorup\/","url":"https:\/\/plant-supervision.com\/da\/erfaring-kan-ikke-laeres-moed-commissioning-engineer-christian-thorup\/","name":"\"Erfaring kan ikke l\u00e6res\" \u2013 M\u00f8d Commissioning Engineer Christian Thorup -","isPartOf":{"@id":"https:\/\/plantsupervision.web07.tigermedia.eu\/#website"},"primaryImageOfPage":{"@id":"https:\/\/plant-supervision.com\/da\/erfaring-kan-ikke-laeres-moed-commissioning-engineer-christian-thorup\/#primaryimage"},"image":{"@id":"https:\/\/plant-supervision.com\/da\/erfaring-kan-ikke-laeres-moed-commissioning-engineer-christian-thorup\/#primaryimage"},"thumbnailUrl":"https:\/\/plant-supervision.com\/wp-content\/uploads\/2025\/12\/coverbilleder-1.png","datePublished":"2025-12-22T14:08:07+00:00","dateModified":"2026-01-09T12:27:44+00:00","breadcrumb":{"@id":"https:\/\/plant-supervision.com\/da\/erfaring-kan-ikke-laeres-moed-commissioning-engineer-christian-thorup\/#breadcrumb"},"inLanguage":"da-DK","potentialAction":[{"@type":"ReadAction","target":["https:\/\/plant-supervision.com\/da\/erfaring-kan-ikke-laeres-moed-commissioning-engineer-christian-thorup\/"]}]},{"@type":"ImageObject","inLanguage":"da-DK","@id":"https:\/\/plant-supervision.com\/da\/erfaring-kan-ikke-laeres-moed-commissioning-engineer-christian-thorup\/#primaryimage","url":"https:\/\/plant-supervision.com\/wp-content\/uploads\/2025\/12\/coverbilleder-1.png","contentUrl":"https:\/\/plant-supervision.com\/wp-content\/uploads\/2025\/12\/coverbilleder-1.png","width":1350,"height":560},{"@type":"BreadcrumbList","@id":"https:\/\/plant-supervision.com\/da\/erfaring-kan-ikke-laeres-moed-commissioning-engineer-christian-thorup\/#breadcrumb","itemListElement":[{"@type":"ListItem","position":1,"name":"Home","item":"https:\/\/plant-supervision.com\/da\/forside\/"},{"@type":"ListItem","position":2,"name":"&#8220;Erfaring kan ikke l\u00e6res&#8221; \u2013 M\u00f8d Commissioning Engineer Christian Thorup"}]},{"@type":"WebSite","@id":"https:\/\/plantsupervision.web07.tigermedia.eu\/#website","url":"https:\/\/plantsupervision.web07.tigermedia.eu\/","name":"Plant Supervision","description":"","publisher":{"@id":"https:\/\/plantsupervision.web07.tigermedia.eu\/#organization"},"potentialAction":[{"@type":"SearchAction","target":{"@type":"EntryPoint","urlTemplate":"https:\/\/plantsupervision.web07.tigermedia.eu\/?s={search_term_string}"},"query-input":{"@type":"PropertyValueSpecification","valueRequired":true,"valueName":"search_term_string"}}],"inLanguage":"da-DK"},{"@type":"Organization","@id":"https:\/\/plantsupervision.web07.tigermedia.eu\/#organization","name":"Plant Supervision","url":"https:\/\/plantsupervision.web07.tigermedia.eu\/","logo":{"@type":"ImageObject","inLanguage":"da-DK","@id":"https:\/\/plantsupervision.web07.tigermedia.eu\/#\/schema\/logo\/image\/","url":"https:\/\/plant-supervision.com\/wp-content\/uploads\/2023\/11\/ps_logo_blue.svg","contentUrl":"https:\/\/plant-supervision.com\/wp-content\/uploads\/2023\/11\/ps_logo_blue.svg","width":549,"height":121,"caption":"Plant Supervision"},"image":{"@id":"https:\/\/plantsupervision.web07.tigermedia.eu\/#\/schema\/logo\/image\/"},"sameAs":["https:\/\/www.linkedin.com\/company\/plant-supervision\/"]}]}},"_links":{"self":[{"href":"https:\/\/plant-supervision.com\/da\/wp-json\/wp\/v2\/pages\/15989","targetHints":{"allow":["GET"]}}],"collection":[{"href":"https:\/\/plant-supervision.com\/da\/wp-json\/wp\/v2\/pages"}],"about":[{"href":"https:\/\/plant-supervision.com\/da\/wp-json\/wp\/v2\/types\/page"}],"author":[{"embeddable":true,"href":"https:\/\/plant-supervision.com\/da\/wp-json\/wp\/v2\/users\/17"}],"replies":[{"embeddable":true,"href":"https:\/\/plant-supervision.com\/da\/wp-json\/wp\/v2\/comments?post=15989"}],"version-history":[{"count":1,"href":"https:\/\/plant-supervision.com\/da\/wp-json\/wp\/v2\/pages\/15989\/revisions"}],"predecessor-version":[{"id":15990,"href":"https:\/\/plant-supervision.com\/da\/wp-json\/wp\/v2\/pages\/15989\/revisions\/15990"}],"wp:featuredmedia":[{"embeddable":true,"href":"https:\/\/plant-supervision.com\/da\/wp-json\/wp\/v2\/media\/15953"}],"wp:attachment":[{"href":"https:\/\/plant-supervision.com\/da\/wp-json\/wp\/v2\/media?parent=15989"}],"curies":[{"name":"wp","href":"https:\/\/api.w.org\/{rel}","templated":true}]}}