{"id":11529,"date":"2024-01-25T08:41:52","date_gmt":"2024-01-25T08:41:52","guid":{"rendered":"https:\/\/plant-supervision.com\/referencer\/marine\/"},"modified":"2025-06-19T09:19:18","modified_gmt":"2025-06-19T09:19:18","slug":"marine","status":"publish","type":"page","link":"https:\/\/plant-supervision.com\/da\/referencer\/marine\/","title":{"rendered":"Marine"},"content":{"rendered":"\t\t<div data-elementor-type=\"wp-page\" data-elementor-id=\"11529\" class=\"elementor elementor-11529 elementor-1059\" data-elementor-post-type=\"page\">\n\t\t\t\t<div class=\"elementor-element elementor-element-4ab73f08 e-flex e-con-boxed e-con e-parent\" data-id=\"4ab73f08\" data-element_type=\"container\" data-e-type=\"container\" data-settings=\"{&quot;jet_parallax_layout_list&quot;:[]}\">\n\t\t\t\t\t<div class=\"e-con-inner\">\n\t\t\t\t<div class=\"elementor-element elementor-element-3d7dc81b elementor-widget elementor-widget-text-editor\" data-id=\"3d7dc81b\" data-element_type=\"widget\" data-e-type=\"widget\" data-widget_type=\"text-editor.default\">\n\t\t\t\t<div class=\"elementor-widget-container\">\n\t\t\t\t\t\t\t\t\t<h2>Udvalgte projekter 2024<\/h2><p><strong>Land: <\/strong>Kina<br><strong>Om: Idrifts\u00e6ttelse af retrofit-scrubber p\u00e5 stedet\/offshore<\/strong> <\/p><p><strong>Country: <\/strong>Tyrkiet<br><strong>About:<\/strong> Byggepladsleder for ombordv\u00e6rende fiskeindustri (procesfabrik)<\/p><h2>Udvalgte projekter 2023<\/h2><p><strong>Land: <\/strong>Kina<br><strong>Om: Idrifts\u00e6ttelse af eftermonteret scrubber p\u00e5 stedet\/offshore<\/strong> <strong><br><\/strong><\/p><p><strong>Land: <\/strong>Danmark<br><strong>Om: <\/strong>Site supervisor<\/p><p><strong>Land: <\/strong>Danmark<br><strong>Om: <\/strong><strong> <\/strong>Hydraulic Mechanical Pipe Supervisor<\/p><p><strong>Land: <\/strong>Danmark<br><strong>Om: Kedelsvejser<\/strong><\/p><p><strong>Land: <\/strong>Israel<strong><br><\/strong><strong>Om: <\/strong>Shiploader<\/p><p><strong>Land: <\/strong>Nederlandene<br><strong>Om: Elektrisk ombygning og opgradering<\/strong><\/p><h2>Udvalgte projekter 2022<\/h2><p><strong>Land: <\/strong>Kina<br><strong>Om: Idrifts\u00e6ttelse af eftermonteret scrubber p\u00e5 stedet\/offshore<\/strong> <strong><br><\/strong><\/p><p><strong>Land: <\/strong>Congo<strong><br><\/strong><strong>Om: Projektleder til udskiftning af krumtapaksel i to diesel-hovedmotorer<\/strong><\/p><p><strong>Land: <\/strong>Hele verden<br><strong>Om: Idrifts\u00e6ttelse af ballastvandsystemer ombord p\u00e5 skibe globalt<\/strong><\/p><h2>Udvalgte projekter 2021<\/h2><p><strong>Land: <\/strong>Kina<br><strong>Om: Idrifts\u00e6ttelse af eftermonteret scrubber p\u00e5 stedet\/offshore<\/strong> <\/p><p><strong>Kontakt os venligst for yderligere specifikke referencer fra den maritime industri. <\/strong><\/p>\t\t\t\t\t\t\t\t<\/div>\n\t\t\t\t<\/div>\n\t\t\t\t\t<\/div>\n\t\t\t\t<\/div>\n\t\t\t\t<\/div>\n\t\t","protected":false},"excerpt":{"rendered":"<p>Udvalgte projekter 2024 Land: KinaOm: Idrifts\u00e6ttelse af retrofit-scrubber p\u00e5 stedet\/offshore Country: TyrkietAbout: Byggepladsleder for ombordv\u00e6rende fiskeindustri (procesfabrik) Udvalgte projekter 2023 Land: KinaOm: Idrifts\u00e6ttelse af eftermonteret scrubber p\u00e5 stedet\/offshore Land: DanmarkOm: Site supervisor Land: DanmarkOm: Hydraulic Mechanical Pipe Supervisor Land: DanmarkOm: Kedelsvejser Land: IsraelOm: Shiploader Land: NederlandeneOm: Elektrisk ombygning og opgradering Udvalgte projekter 2022 Land: KinaOm: [&hellip;]<\/p>\n","protected":false},"author":2,"featured_media":858,"parent":9227,"menu_order":0,"comment_status":"closed","ping_status":"closed","template":"","meta":{"content-type":"","footnotes":""},"class_list":["post-11529","page","type-page","status-publish","has-post-thumbnail","hentry"],"yoast_head":"<!-- This site is optimized with the Yoast SEO plugin v27.5 - https:\/\/yoast.com\/product\/yoast-seo-wordpress\/ -->\n<title>Referencer: Udvalgte projekter i den maritime industri<\/title>\n<meta name=\"description\" content=\"Opdag de mange forskellige projekter, som vi har assisteret med over hele verden for vores kunder i den maritime industri \u2192\" \/>\n<meta name=\"robots\" content=\"index, follow, max-snippet:-1, max-image-preview:large, max-video-preview:-1\" \/>\n<link rel=\"canonical\" href=\"https:\/\/plant-supervision.com\/da\/referencer\/marine\/\" \/>\n<meta property=\"og:locale\" content=\"da_DK\" \/>\n<meta property=\"og:type\" content=\"article\" \/>\n<meta property=\"og:title\" content=\"Referencer: Udvalgte projekter i den maritime industri\" \/>\n<meta property=\"og:description\" content=\"Opdag de mange forskellige projekter, som vi har assisteret med over hele verden for vores kunder i den maritime industri \u2192\" \/>\n<meta property=\"og:url\" content=\"https:\/\/plant-supervision.com\/da\/referencer\/marine\/\" \/>\n<meta property=\"og:site_name\" content=\"Plant Supervision\" \/>\n<meta property=\"article:modified_time\" content=\"2025-06-19T09:19:18+00:00\" \/>\n<meta property=\"og:image\" content=\"https:\/\/plant-supervision.com\/wp-content\/uploads\/2024\/01\/marine.jpg\" \/>\n\t<meta property=\"og:image:width\" content=\"750\" \/>\n\t<meta property=\"og:image:height\" content=\"750\" \/>\n\t<meta property=\"og:image:type\" content=\"image\/jpeg\" \/>\n<meta name=\"twitter:card\" content=\"summary_large_image\" \/>\n<meta name=\"twitter:label1\" content=\"Estimeret l\u00e6setid\" \/>\n\t<meta name=\"twitter:data1\" content=\"1 minut\" \/>\n<script type=\"application\/ld+json\" class=\"yoast-schema-graph\">{\"@context\":\"https:\\\/\\\/schema.org\",\"@graph\":[{\"@type\":\"WebPage\",\"@id\":\"https:\\\/\\\/plant-supervision.com\\\/da\\\/referencer\\\/marine\\\/\",\"url\":\"https:\\\/\\\/plant-supervision.com\\\/da\\\/referencer\\\/marine\\\/\",\"name\":\"Referencer: Udvalgte projekter i den maritime industri\",\"isPartOf\":{\"@id\":\"https:\\\/\\\/plantsupervision.web07.tigermedia.eu\\\/#website\"},\"primaryImageOfPage\":{\"@id\":\"https:\\\/\\\/plant-supervision.com\\\/da\\\/referencer\\\/marine\\\/#primaryimage\"},\"image\":{\"@id\":\"https:\\\/\\\/plant-supervision.com\\\/da\\\/referencer\\\/marine\\\/#primaryimage\"},\"thumbnailUrl\":\"https:\\\/\\\/plant-supervision.com\\\/wp-content\\\/uploads\\\/2024\\\/01\\\/marine.jpg\",\"datePublished\":\"2024-01-25T08:41:52+00:00\",\"dateModified\":\"2025-06-19T09:19:18+00:00\",\"description\":\"Opdag de mange forskellige projekter, som vi har assisteret med over hele verden for vores kunder i den maritime industri \u2192\",\"breadcrumb\":{\"@id\":\"https:\\\/\\\/plant-supervision.com\\\/da\\\/referencer\\\/marine\\\/#breadcrumb\"},\"inLanguage\":\"da-DK\",\"potentialAction\":[{\"@type\":\"ReadAction\",\"target\":[\"https:\\\/\\\/plant-supervision.com\\\/da\\\/referencer\\\/marine\\\/\"]}]},{\"@type\":\"ImageObject\",\"inLanguage\":\"da-DK\",\"@id\":\"https:\\\/\\\/plant-supervision.com\\\/da\\\/referencer\\\/marine\\\/#primaryimage\",\"url\":\"https:\\\/\\\/plant-supervision.com\\\/wp-content\\\/uploads\\\/2024\\\/01\\\/marine.jpg\",\"contentUrl\":\"https:\\\/\\\/plant-supervision.com\\\/wp-content\\\/uploads\\\/2024\\\/01\\\/marine.jpg\",\"width\":750,\"height\":750},{\"@type\":\"BreadcrumbList\",\"@id\":\"https:\\\/\\\/plant-supervision.com\\\/da\\\/referencer\\\/marine\\\/#breadcrumb\",\"itemListElement\":[{\"@type\":\"ListItem\",\"position\":1,\"name\":\"Home\",\"item\":\"https:\\\/\\\/plant-supervision.com\\\/da\\\/forside\\\/\"},{\"@type\":\"ListItem\",\"position\":2,\"name\":\"Referencer\",\"item\":\"https:\\\/\\\/plant-supervision.com\\\/da\\\/referencer\\\/\"},{\"@type\":\"ListItem\",\"position\":3,\"name\":\"Marine\"}]},{\"@type\":\"WebSite\",\"@id\":\"https:\\\/\\\/plantsupervision.web07.tigermedia.eu\\\/#website\",\"url\":\"https:\\\/\\\/plantsupervision.web07.tigermedia.eu\\\/\",\"name\":\"Plant Supervision\",\"description\":\"\",\"publisher\":{\"@id\":\"https:\\\/\\\/plantsupervision.web07.tigermedia.eu\\\/#organization\"},\"potentialAction\":[{\"@type\":\"SearchAction\",\"target\":{\"@type\":\"EntryPoint\",\"urlTemplate\":\"https:\\\/\\\/plantsupervision.web07.tigermedia.eu\\\/?s={search_term_string}\"},\"query-input\":{\"@type\":\"PropertyValueSpecification\",\"valueRequired\":true,\"valueName\":\"search_term_string\"}}],\"inLanguage\":\"da-DK\"},{\"@type\":\"Organization\",\"@id\":\"https:\\\/\\\/plantsupervision.web07.tigermedia.eu\\\/#organization\",\"name\":\"Plant Supervision\",\"url\":\"https:\\\/\\\/plantsupervision.web07.tigermedia.eu\\\/\",\"logo\":{\"@type\":\"ImageObject\",\"inLanguage\":\"da-DK\",\"@id\":\"https:\\\/\\\/plantsupervision.web07.tigermedia.eu\\\/#\\\/schema\\\/logo\\\/image\\\/\",\"url\":\"https:\\\/\\\/plant-supervision.com\\\/wp-content\\\/uploads\\\/2023\\\/11\\\/ps_logo_blue.svg\",\"contentUrl\":\"https:\\\/\\\/plant-supervision.com\\\/wp-content\\\/uploads\\\/2023\\\/11\\\/ps_logo_blue.svg\",\"width\":549,\"height\":121,\"caption\":\"Plant Supervision\"},\"image\":{\"@id\":\"https:\\\/\\\/plantsupervision.web07.tigermedia.eu\\\/#\\\/schema\\\/logo\\\/image\\\/\"},\"sameAs\":[\"https:\\\/\\\/www.linkedin.com\\\/company\\\/plant-supervision\\\/\"]}]}<\/script>\n<!-- \/ Yoast SEO plugin. -->","yoast_head_json":{"title":"Referencer: Udvalgte projekter i den maritime industri","description":"Opdag de mange forskellige projekter, som vi har assisteret med over hele verden for vores kunder i den maritime industri \u2192","robots":{"index":"index","follow":"follow","max-snippet":"max-snippet:-1","max-image-preview":"max-image-preview:large","max-video-preview":"max-video-preview:-1"},"canonical":"https:\/\/plant-supervision.com\/da\/referencer\/marine\/","og_locale":"da_DK","og_type":"article","og_title":"Referencer: Udvalgte projekter i den maritime industri","og_description":"Opdag de mange forskellige projekter, som vi har assisteret med over hele verden for vores kunder i den maritime industri \u2192","og_url":"https:\/\/plant-supervision.com\/da\/referencer\/marine\/","og_site_name":"Plant Supervision","article_modified_time":"2025-06-19T09:19:18+00:00","og_image":[{"width":750,"height":750,"url":"https:\/\/plant-supervision.com\/wp-content\/uploads\/2024\/01\/marine.jpg","type":"image\/jpeg"}],"twitter_card":"summary_large_image","twitter_misc":{"Estimeret l\u00e6setid":"1 minut"},"schema":{"@context":"https:\/\/schema.org","@graph":[{"@type":"WebPage","@id":"https:\/\/plant-supervision.com\/da\/referencer\/marine\/","url":"https:\/\/plant-supervision.com\/da\/referencer\/marine\/","name":"Referencer: Udvalgte projekter i den maritime industri","isPartOf":{"@id":"https:\/\/plantsupervision.web07.tigermedia.eu\/#website"},"primaryImageOfPage":{"@id":"https:\/\/plant-supervision.com\/da\/referencer\/marine\/#primaryimage"},"image":{"@id":"https:\/\/plant-supervision.com\/da\/referencer\/marine\/#primaryimage"},"thumbnailUrl":"https:\/\/plant-supervision.com\/wp-content\/uploads\/2024\/01\/marine.jpg","datePublished":"2024-01-25T08:41:52+00:00","dateModified":"2025-06-19T09:19:18+00:00","description":"Opdag de mange forskellige projekter, som vi har assisteret med over hele verden for vores kunder i den maritime industri \u2192","breadcrumb":{"@id":"https:\/\/plant-supervision.com\/da\/referencer\/marine\/#breadcrumb"},"inLanguage":"da-DK","potentialAction":[{"@type":"ReadAction","target":["https:\/\/plant-supervision.com\/da\/referencer\/marine\/"]}]},{"@type":"ImageObject","inLanguage":"da-DK","@id":"https:\/\/plant-supervision.com\/da\/referencer\/marine\/#primaryimage","url":"https:\/\/plant-supervision.com\/wp-content\/uploads\/2024\/01\/marine.jpg","contentUrl":"https:\/\/plant-supervision.com\/wp-content\/uploads\/2024\/01\/marine.jpg","width":750,"height":750},{"@type":"BreadcrumbList","@id":"https:\/\/plant-supervision.com\/da\/referencer\/marine\/#breadcrumb","itemListElement":[{"@type":"ListItem","position":1,"name":"Home","item":"https:\/\/plant-supervision.com\/da\/forside\/"},{"@type":"ListItem","position":2,"name":"Referencer","item":"https:\/\/plant-supervision.com\/da\/referencer\/"},{"@type":"ListItem","position":3,"name":"Marine"}]},{"@type":"WebSite","@id":"https:\/\/plantsupervision.web07.tigermedia.eu\/#website","url":"https:\/\/plantsupervision.web07.tigermedia.eu\/","name":"Plant Supervision","description":"","publisher":{"@id":"https:\/\/plantsupervision.web07.tigermedia.eu\/#organization"},"potentialAction":[{"@type":"SearchAction","target":{"@type":"EntryPoint","urlTemplate":"https:\/\/plantsupervision.web07.tigermedia.eu\/?s={search_term_string}"},"query-input":{"@type":"PropertyValueSpecification","valueRequired":true,"valueName":"search_term_string"}}],"inLanguage":"da-DK"},{"@type":"Organization","@id":"https:\/\/plantsupervision.web07.tigermedia.eu\/#organization","name":"Plant Supervision","url":"https:\/\/plantsupervision.web07.tigermedia.eu\/","logo":{"@type":"ImageObject","inLanguage":"da-DK","@id":"https:\/\/plantsupervision.web07.tigermedia.eu\/#\/schema\/logo\/image\/","url":"https:\/\/plant-supervision.com\/wp-content\/uploads\/2023\/11\/ps_logo_blue.svg","contentUrl":"https:\/\/plant-supervision.com\/wp-content\/uploads\/2023\/11\/ps_logo_blue.svg","width":549,"height":121,"caption":"Plant Supervision"},"image":{"@id":"https:\/\/plantsupervision.web07.tigermedia.eu\/#\/schema\/logo\/image\/"},"sameAs":["https:\/\/www.linkedin.com\/company\/plant-supervision\/"]}]}},"_links":{"self":[{"href":"https:\/\/plant-supervision.com\/da\/wp-json\/wp\/v2\/pages\/11529","targetHints":{"allow":["GET"]}}],"collection":[{"href":"https:\/\/plant-supervision.com\/da\/wp-json\/wp\/v2\/pages"}],"about":[{"href":"https:\/\/plant-supervision.com\/da\/wp-json\/wp\/v2\/types\/page"}],"author":[{"embeddable":true,"href":"https:\/\/plant-supervision.com\/da\/wp-json\/wp\/v2\/users\/2"}],"replies":[{"embeddable":true,"href":"https:\/\/plant-supervision.com\/da\/wp-json\/wp\/v2\/comments?post=11529"}],"version-history":[{"count":1,"href":"https:\/\/plant-supervision.com\/da\/wp-json\/wp\/v2\/pages\/11529\/revisions"}],"predecessor-version":[{"id":11530,"href":"https:\/\/plant-supervision.com\/da\/wp-json\/wp\/v2\/pages\/11529\/revisions\/11530"}],"up":[{"embeddable":true,"href":"https:\/\/plant-supervision.com\/da\/wp-json\/wp\/v2\/pages\/9227"}],"wp:featuredmedia":[{"embeddable":true,"href":"https:\/\/plant-supervision.com\/da\/wp-json\/wp\/v2\/media\/858"}],"wp:attachment":[{"href":"https:\/\/plant-supervision.com\/da\/wp-json\/wp\/v2\/media?parent=11529"}],"curies":[{"name":"wp","href":"https:\/\/api.w.org\/{rel}","templated":true}]}}